{"id":179,"date":"2019-07-02T11:12:45","date_gmt":"2019-07-02T09:12:45","guid":{"rendered":"https:\/\/labarraca1912.es\/?post_type=product&#038;p=179"},"modified":"2026-04-23T16:37:43","modified_gmt":"2026-04-23T14:37:43","slug":"sazonador-paella-con-azafran-bandeja-12-2","status":"publish","type":"product","link":"https:\/\/labarraca1912.es\/fr\/tienda\/azafran\/sazonador-paella-con-azafran-bandeja-12-2\/","title":{"rendered":"Assaisonnement Paella avec Safran"},"content":{"rendered":"<p>SAZONADOR PAELLA CON AZAFR\u00c1N &#8211; ESTUCHE 3 SOBRES: El Sazonador Paella con Azafr\u00e1n o tambi\u00e9n conocido como <em>paellero<\/em> est un produit magnifique pour donner la saveur id\u00e9ale \u00e0 une paella, gr\u00e2ce \u00e0 la combinaison de diff\u00e9rents types d'\u00e9pices, d'herbes et d'assaisonnements, qui, combin\u00e9s \u00e0 la saveur et \u00e0 l'ar\u00f4me du safran, rendent cet assaisonnement indispensable dans la pr\u00e9paration d'une paella. .<\/p>\n<p><strong>Assaisonnement Paella avec Safran:<\/strong>\u00a0Assaisonnement compos\u00e9 d'un m\u00e9lange d'\u00e9pices moulues et de safran, express\u00e9ment formul\u00e9 pour la pr\u00e9paration de paellas et de riz.<\/p>","protected":false},"excerpt":{"rendered":"<blockquote>\n<h2><strong>Assaisonnement Paella avec Safran<\/strong>\u00a0\u00c9tui 3 Sachets<\/h2>\n<\/blockquote>\n<p><img decoding=\"async\" class=\"alignnone wp-image-10937\" src=\"https:\/\/labarraca1912.es\/wp-content\/uploads\/glutenfree.jpg\" alt=\"\" width=\"203\" height=\"35\" \/><\/p>\n<p>L'Assaisonnement pour Paella avec Safran est un produit magnifique pour donner la saveur id\u00e9ale \u00e0 une paella, gr\u00e2ce \u00e0 la combinaison de diff\u00e9rents types d'\u00e9pices, d'herbes et d'assaisonnements, qui, combin\u00e9s \u00e0 la saveur et \u00e0 l'ar\u00f4me du safran, rendent cet assaisonnement indispensable dans la pr\u00e9paration d'une paella. .<\/p>\n<p>Au format \u00e9tui de 3 sachets, chaque sachet permet la pr\u00e9paration de 0,500g de riz.<\/p>\n<p><strong><em>Ingr\u00e9dients: <\/em><\/strong>Colorant alimentaire (farine de Ma\u00efs, sel et colorant: Tartrazine E-102), thym, romarin, poivre noir, piment doux sup\u00e9rieur, clous de girofle, noix de muscade et safran moulu (2%).<\/p>\n<p>Peut contenir des traces de <strong>SOJA<\/strong>. \u201c<strong>E-102<\/strong>: Peut avoir des effets n\u00e9gatifs sur l'activit\u00e9 et l'attention des enfants\".<\/p>\n<p><strong><em>D\u00e9claration nutritionnelle. Valeurs moyennes per 100g de produit: <\/em><\/strong>\u00c9nergie: 1112 kJ\/263 kcal. Graisses: 2g. Dont acides gras satur\u00e9s: 1g. Glucides: 45g. Dont sucres: 1g. Prot\u00e9ines: 12g. Sel: 15,5g.<\/p>","protected":false},"featured_media":12420,"comment_status":"open","ping_status":"closed","template":"","meta":{"_et_pb_use_builder":"","_et_pb_old_content":"","_et_gb_content_width":""},"product_brand":[],"product_cat":[22,17,122],"product_tag":[39,35,38,70,41,36,37],"class_list":{"0":"post-179","1":"product","2":"type-product","3":"status-publish","4":"has-post-thumbnail","6":"product_cat-sazonadores","7":"product_cat-azafran","8":"product_cat-productos-paella","9":"product_tag-arroz","10":"product_tag-azafran","11":"product_tag-colorante","12":"product_tag-conejo","13":"product_tag-gazpachos","14":"product_tag-paella","15":"product_tag-saffron","17":"first","18":"instock","19":"taxable","20":"shipping-taxable","21":"purchasable","22":"product-type-simple"},"yoast_head":"<!-- This site is optimized with the Yoast SEO plugin v27.5 - https:\/\/yoast.com\/product\/yoast-seo-wordpress\/ -->\n<title>Comprar sazonador paella con azafr\u00e1n sobres | La Barraca<\/title>\n<meta name=\"description\" content=\"Sazonador paella con azafr\u00e1n en estuche de 3 sobres. Ideal para dar sabor aut\u00e9ntico a tus paellas con especias seleccionadas. Calidad La Barraca.\" \/>\n<meta name=\"robots\" content=\"index, follow, max-snippet:-1, max-image-preview:large, max-video-preview:-1\" \/>\n<link rel=\"canonical\" href=\"https:\/\/labarraca1912.es\/fr\/tienda\/azafran\/sazonador-paella-con-azafran-bandeja-12-2\/\" \/>\n<meta property=\"og:locale\" content=\"fr_FR\" \/>\n<meta property=\"og:type\" content=\"article\" \/>\n<meta property=\"og:title\" content=\"Comprar sazonador paella con azafr\u00e1n sobres | La Barraca\" \/>\n<meta property=\"og:description\" content=\"Sazonador paella con azafr\u00e1n en estuche de 3 sobres. Ideal para dar sabor aut\u00e9ntico a tus paellas con especias seleccionadas. Calidad La Barraca.\" \/>\n<meta property=\"og:url\" content=\"https:\/\/labarraca1912.es\/fr\/tienda\/azafran\/sazonador-paella-con-azafran-bandeja-12-2\/\" \/>\n<meta property=\"og:site_name\" content=\"La Barraca\" \/>\n<meta property=\"article:modified_time\" content=\"2026-04-23T14:37:43+00:00\" \/>\n<meta property=\"og:image\" content=\"https:\/\/labarraca1912.es\/wp-content\/uploads\/paellero2025.jpg\" \/>\n\t<meta property=\"og:image:width\" content=\"800\" \/>\n\t<meta property=\"og:image:height\" content=\"800\" \/>\n\t<meta property=\"og:image:type\" content=\"image\/jpeg\" \/>\n<meta name=\"twitter:card\" content=\"summary_large_image\" \/>\n<meta name=\"twitter:label1\" content=\"Dur\u00e9e de lecture estim\u00e9e\" \/>\n\t<meta name=\"twitter:data1\" content=\"1 minute\" \/>\n<script type=\"application\/ld+json\" class=\"yoast-schema-graph\">{\"@context\":\"https:\\\/\\\/schema.org\",\"@graph\":[{\"@type\":\"WebPage\",\"@id\":\"https:\\\/\\\/labarraca1912.es\\\/tienda\\\/azafran\\\/sazonador-paella-con-azafran-bandeja-12-2\\\/\",\"url\":\"https:\\\/\\\/labarraca1912.es\\\/tienda\\\/azafran\\\/sazonador-paella-con-azafran-bandeja-12-2\\\/\",\"name\":\"Comprar sazonador paella con azafr\u00e1n sobres | La Barraca\",\"isPartOf\":{\"@id\":\"https:\\\/\\\/labarraca1912.es\\\/#website\"},\"primaryImageOfPage\":{\"@id\":\"https:\\\/\\\/labarraca1912.es\\\/tienda\\\/azafran\\\/sazonador-paella-con-azafran-bandeja-12-2\\\/#primaryimage\"},\"image\":{\"@id\":\"https:\\\/\\\/labarraca1912.es\\\/tienda\\\/azafran\\\/sazonador-paella-con-azafran-bandeja-12-2\\\/#primaryimage\"},\"thumbnailUrl\":\"https:\\\/\\\/labarraca1912.es\\\/wp-content\\\/uploads\\\/paellero2025.jpg\",\"datePublished\":\"2019-07-02T09:12:45+00:00\",\"dateModified\":\"2026-04-23T14:37:43+00:00\",\"description\":\"Sazonador paella con azafr\u00e1n en estuche de 3 sobres. Ideal para dar sabor aut\u00e9ntico a tus paellas con especias seleccionadas. Calidad La Barraca.\",\"breadcrumb\":{\"@id\":\"https:\\\/\\\/labarraca1912.es\\\/tienda\\\/azafran\\\/sazonador-paella-con-azafran-bandeja-12-2\\\/#breadcrumb\"},\"inLanguage\":\"fr-FR\",\"potentialAction\":[{\"@type\":\"ReadAction\",\"target\":[\"https:\\\/\\\/labarraca1912.es\\\/tienda\\\/azafran\\\/sazonador-paella-con-azafran-bandeja-12-2\\\/\"]}]},{\"@type\":\"ImageObject\",\"inLanguage\":\"fr-FR\",\"@id\":\"https:\\\/\\\/labarraca1912.es\\\/tienda\\\/azafran\\\/sazonador-paella-con-azafran-bandeja-12-2\\\/#primaryimage\",\"url\":\"https:\\\/\\\/labarraca1912.es\\\/wp-content\\\/uploads\\\/paellero2025.jpg\",\"contentUrl\":\"https:\\\/\\\/labarraca1912.es\\\/wp-content\\\/uploads\\\/paellero2025.jpg\",\"width\":800,\"height\":800},{\"@type\":\"BreadcrumbList\",\"@id\":\"https:\\\/\\\/labarraca1912.es\\\/tienda\\\/azafran\\\/sazonador-paella-con-azafran-bandeja-12-2\\\/#breadcrumb\",\"itemListElement\":[{\"@type\":\"ListItem\",\"position\":1,\"name\":\"La Barraca\",\"item\":\"https:\\\/\\\/labarraca1912.es\\\/\"},{\"@type\":\"ListItem\",\"position\":2,\"name\":\"Tienda\",\"item\":\"https:\\\/\\\/labarraca1912.es\\\/tienda\\\/\"},{\"@type\":\"ListItem\",\"position\":3,\"name\":\"Sazonador Paella con Azafr\u00e1n\"}]},{\"@type\":\"WebSite\",\"@id\":\"https:\\\/\\\/labarraca1912.es\\\/#website\",\"url\":\"https:\\\/\\\/labarraca1912.es\\\/\",\"name\":\"La Barraca\",\"description\":\"La Casa del Sabor\",\"publisher\":{\"@id\":\"https:\\\/\\\/labarraca1912.es\\\/#organization\"},\"potentialAction\":[{\"@type\":\"SearchAction\",\"target\":{\"@type\":\"EntryPoint\",\"urlTemplate\":\"https:\\\/\\\/labarraca1912.es\\\/?s={search_term_string}\"},\"query-input\":{\"@type\":\"PropertyValueSpecification\",\"valueRequired\":true,\"valueName\":\"search_term_string\"}}],\"inLanguage\":\"fr-FR\"},{\"@type\":\"Organization\",\"@id\":\"https:\\\/\\\/labarraca1912.es\\\/#organization\",\"name\":\"La Barraca 1912 Alimentacion\",\"url\":\"https:\\\/\\\/labarraca1912.es\\\/\",\"logo\":{\"@type\":\"ImageObject\",\"inLanguage\":\"fr-FR\",\"@id\":\"https:\\\/\\\/labarraca1912.es\\\/#\\\/schema\\\/logo\\\/image\\\/\",\"url\":\"https:\\\/\\\/labarraca1912.es\\\/wp-content\\\/uploads\\\/2019\\\/06\\\/logo-labarraca.png\",\"contentUrl\":\"https:\\\/\\\/labarraca1912.es\\\/wp-content\\\/uploads\\\/2019\\\/06\\\/logo-labarraca.png\",\"width\":2917,\"height\":1809,\"caption\":\"La Barraca 1912 Alimentacion\"},\"image\":{\"@id\":\"https:\\\/\\\/labarraca1912.es\\\/#\\\/schema\\\/logo\\\/image\\\/\"}}]}<\/script>\n<!-- \/ Yoast SEO plugin. -->","yoast_head_json":{"title":"Comprar sazonador paella con azafr\u00e1n sobres | La Barraca","description":"Sazonador paella con azafr\u00e1n en estuche de 3 sobres. Ideal para dar sabor aut\u00e9ntico a tus paellas con especias seleccionadas. Calidad La Barraca.","robots":{"index":"index","follow":"follow","max-snippet":"max-snippet:-1","max-image-preview":"max-image-preview:large","max-video-preview":"max-video-preview:-1"},"canonical":"https:\/\/labarraca1912.es\/fr\/tienda\/azafran\/sazonador-paella-con-azafran-bandeja-12-2\/","og_locale":"fr_FR","og_type":"article","og_title":"Comprar sazonador paella con azafr\u00e1n sobres | La Barraca","og_description":"Sazonador paella con azafr\u00e1n en estuche de 3 sobres. Ideal para dar sabor aut\u00e9ntico a tus paellas con especias seleccionadas. Calidad La Barraca.","og_url":"https:\/\/labarraca1912.es\/fr\/tienda\/azafran\/sazonador-paella-con-azafran-bandeja-12-2\/","og_site_name":"La Barraca","article_modified_time":"2026-04-23T14:37:43+00:00","og_image":[{"width":800,"height":800,"url":"https:\/\/labarraca1912.es\/wp-content\/uploads\/paellero2025.jpg","type":"image\/jpeg"}],"twitter_card":"summary_large_image","twitter_misc":{"Dur\u00e9e de lecture estim\u00e9e":"1 minute"},"schema":{"@context":"https:\/\/schema.org","@graph":[{"@type":"WebPage","@id":"https:\/\/labarraca1912.es\/tienda\/azafran\/sazonador-paella-con-azafran-bandeja-12-2\/","url":"https:\/\/labarraca1912.es\/tienda\/azafran\/sazonador-paella-con-azafran-bandeja-12-2\/","name":"Comprar sazonador paella con azafr\u00e1n sobres | La Barraca","isPartOf":{"@id":"https:\/\/labarraca1912.es\/#website"},"primaryImageOfPage":{"@id":"https:\/\/labarraca1912.es\/tienda\/azafran\/sazonador-paella-con-azafran-bandeja-12-2\/#primaryimage"},"image":{"@id":"https:\/\/labarraca1912.es\/tienda\/azafran\/sazonador-paella-con-azafran-bandeja-12-2\/#primaryimage"},"thumbnailUrl":"https:\/\/labarraca1912.es\/wp-content\/uploads\/paellero2025.jpg","datePublished":"2019-07-02T09:12:45+00:00","dateModified":"2026-04-23T14:37:43+00:00","description":"Sazonador paella con azafr\u00e1n en estuche de 3 sobres. Ideal para dar sabor aut\u00e9ntico a tus paellas con especias seleccionadas. Calidad La Barraca.","breadcrumb":{"@id":"https:\/\/labarraca1912.es\/tienda\/azafran\/sazonador-paella-con-azafran-bandeja-12-2\/#breadcrumb"},"inLanguage":"fr-FR","potentialAction":[{"@type":"ReadAction","target":["https:\/\/labarraca1912.es\/tienda\/azafran\/sazonador-paella-con-azafran-bandeja-12-2\/"]}]},{"@type":"ImageObject","inLanguage":"fr-FR","@id":"https:\/\/labarraca1912.es\/tienda\/azafran\/sazonador-paella-con-azafran-bandeja-12-2\/#primaryimage","url":"https:\/\/labarraca1912.es\/wp-content\/uploads\/paellero2025.jpg","contentUrl":"https:\/\/labarraca1912.es\/wp-content\/uploads\/paellero2025.jpg","width":800,"height":800},{"@type":"BreadcrumbList","@id":"https:\/\/labarraca1912.es\/tienda\/azafran\/sazonador-paella-con-azafran-bandeja-12-2\/#breadcrumb","itemListElement":[{"@type":"ListItem","position":1,"name":"La Barraca","item":"https:\/\/labarraca1912.es\/"},{"@type":"ListItem","position":2,"name":"Tienda","item":"https:\/\/labarraca1912.es\/tienda\/"},{"@type":"ListItem","position":3,"name":"Sazonador Paella con Azafr\u00e1n"}]},{"@type":"WebSite","@id":"https:\/\/labarraca1912.es\/#website","url":"https:\/\/labarraca1912.es\/","name":"La Barraca","description":"La Casa del Sabor","publisher":{"@id":"https:\/\/labarraca1912.es\/#organization"},"potentialAction":[{"@type":"SearchAction","target":{"@type":"EntryPoint","urlTemplate":"https:\/\/labarraca1912.es\/?s={search_term_string}"},"query-input":{"@type":"PropertyValueSpecification","valueRequired":true,"valueName":"search_term_string"}}],"inLanguage":"fr-FR"},{"@type":"Organization","@id":"https:\/\/labarraca1912.es\/#organization","name":"La Barraca 1912 Alimentacion","url":"https:\/\/labarraca1912.es\/","logo":{"@type":"ImageObject","inLanguage":"fr-FR","@id":"https:\/\/labarraca1912.es\/#\/schema\/logo\/image\/","url":"https:\/\/labarraca1912.es\/wp-content\/uploads\/2019\/06\/logo-labarraca.png","contentUrl":"https:\/\/labarraca1912.es\/wp-content\/uploads\/2019\/06\/logo-labarraca.png","width":2917,"height":1809,"caption":"La Barraca 1912 Alimentacion"},"image":{"@id":"https:\/\/labarraca1912.es\/#\/schema\/logo\/image\/"}}]}},"_links":{"self":[{"href":"https:\/\/labarraca1912.es\/fr\/wp-json\/wp\/v2\/product\/179","targetHints":{"allow":["GET"]}}],"collection":[{"href":"https:\/\/labarraca1912.es\/fr\/wp-json\/wp\/v2\/product"}],"about":[{"href":"https:\/\/labarraca1912.es\/fr\/wp-json\/wp\/v2\/types\/product"}],"replies":[{"embeddable":true,"href":"https:\/\/labarraca1912.es\/fr\/wp-json\/wp\/v2\/comments?post=179"}],"wp:featuredmedia":[{"embeddable":true,"href":"https:\/\/labarraca1912.es\/fr\/wp-json\/wp\/v2\/media\/12420"}],"wp:attachment":[{"href":"https:\/\/labarraca1912.es\/fr\/wp-json\/wp\/v2\/media?parent=179"}],"wp:term":[{"taxonomy":"product_brand","embeddable":true,"href":"https:\/\/labarraca1912.es\/fr\/wp-json\/wp\/v2\/product_brand?post=179"},{"taxonomy":"product_cat","embeddable":true,"href":"https:\/\/labarraca1912.es\/fr\/wp-json\/wp\/v2\/product_cat?post=179"},{"taxonomy":"product_tag","embeddable":true,"href":"https:\/\/labarraca1912.es\/fr\/wp-json\/wp\/v2\/product_tag?post=179"}],"curies":[{"name":"wp","href":"https:\/\/api.w.org\/{rel}","templated":true}]}}