{"id":181,"date":"2019-07-02T11:25:52","date_gmt":"2019-07-02T09:25:52","guid":{"rendered":"https:\/\/labarraca1912.es\/?post_type=product&#038;p=181"},"modified":"2026-03-15T19:27:50","modified_gmt":"2026-03-15T18:27:50","slug":"stevia-caja-60-sobres","status":"publish","type":"product","link":"https:\/\/labarraca1912.es\/fr\/tienda\/edulcorantes-y-cafes\/stevia-caja-60-sobres\/","title":{"rendered":"Stevia Bo\u00eete 60 Sachets"},"content":{"rendered":"<p>STEVIA &#8211; CAJA 60 SOBRES: La Stevia es un peque\u00f1o arbusto herb\u00e1ceo que no suele sobrepasar los 80 cent\u00edmetros de alto, de hoja perenne que normalmente crece en Sudam\u00e9rica, es m\u00e1s dulce que el az\u00facar pero mucho m\u00e1s beneficiosa. Tiene un sabor de duraci\u00f3n m\u00e1s largo compar\u00e1ndolo con el az\u00facar, aunque algunos extractos pueden tener un regusto amargo o a regaliz.<\/p>\n<p><strong>Stevia:<\/strong>\u00a0\u00c9dulcorant naturel granul\u00e9, apporte 0 calorie et convient aux diab\u00e9tiques. Il est utilis\u00e9 pour sucrer tous types d\u2019aliments et de boissons, chauds et froids.<\/p>","protected":false},"excerpt":{"rendered":"<blockquote>\n<h2><strong>Stevia<\/strong>\u00a0Bo\u00eete 60 Sachets<\/h2>\n<\/blockquote>\n<p>La Stevia est un petit arbuste herbac\u00e9 qui ne d\u00e9passe g\u00e9n\u00e9ralement pas 80 centim\u00e8tres de haut, \u00e0 feuilles persistantes qui pousse normalement en Am\u00e9rique du Sud, il est plus sucr\u00e9 que le sucre mais bien plus b\u00e9n\u00e9fique. Il a une saveur plus durable que celle du sucre, bien que certains extraits puissent avoir un arri\u00e8re-go\u00fbt amer ou de r\u00e9glisse.<\/p>\n<p><em><strong>Ingr\u00e9dients:<\/strong><\/em> \u00c9dulcorants: \u00c9rythritol E-968 et glycosides de st\u00e9viol de Stevia E-960a (2,4%).<\/p>\n<p>\u00c9dulcorant de table, granul\u00e9, \u00e0 base d'\u00e9rythritol et de glucoside de st\u00e9viol. 1g a environ le pouvoir sucrant de 8g de sucre. Une consommation excessive peut avoir des effets laxatifs.<\/p>","protected":false},"featured_media":12869,"comment_status":"open","ping_status":"closed","template":"","meta":{"_et_pb_use_builder":"","_et_pb_old_content":"","_et_gb_content_width":""},"product_brand":[],"product_cat":[18],"product_tag":[44,42,45,72,46,43,71],"class_list":{"0":"post-181","1":"product","2":"type-product","3":"status-publish","4":"has-post-thumbnail","6":"product_cat-edulcorantes-y-cafes","7":"product_tag-cafe","8":"product_tag-edulcorante","9":"product_tag-infusion","10":"product_tag-natural","11":"product_tag-pasteleria","12":"product_tag-sacarina","13":"product_tag-stevia","15":"first","16":"instock","17":"taxable","18":"shipping-taxable","19":"purchasable","20":"product-type-simple"},"yoast_head":"<!-- This site is optimized with the Yoast SEO plugin v27.5 - https:\/\/yoast.com\/product\/yoast-seo-wordpress\/ -->\n<title>Comprar Stevia en sobres (60 uds) | La Barraca<\/title>\n<meta name=\"description\" content=\"Endulza de forma natural con Stevia La Barraca en sobres. Edulcorante granulado sin calor\u00edas, ideal para bebidas y postres. Alternativa saludable al az\u00facar\" \/>\n<meta name=\"robots\" content=\"index, follow, max-snippet:-1, max-image-preview:large, max-video-preview:-1\" \/>\n<link rel=\"canonical\" href=\"https:\/\/labarraca1912.es\/fr\/tienda\/edulcorantes-y-cafes\/stevia-caja-60-sobres\/\" \/>\n<meta property=\"og:locale\" content=\"fr_FR\" \/>\n<meta property=\"og:type\" content=\"article\" \/>\n<meta property=\"og:title\" content=\"Comprar Stevia en sobres (60 uds) | La Barraca\" \/>\n<meta property=\"og:description\" content=\"Endulza de forma natural con Stevia La Barraca en sobres. Edulcorante granulado sin calor\u00edas, ideal para bebidas y postres. Alternativa saludable al az\u00facar\" \/>\n<meta property=\"og:url\" content=\"https:\/\/labarraca1912.es\/fr\/tienda\/edulcorantes-y-cafes\/stevia-caja-60-sobres\/\" \/>\n<meta property=\"og:site_name\" content=\"La Barraca\" \/>\n<meta property=\"article:modified_time\" content=\"2026-03-15T18:27:50+00:00\" \/>\n<meta property=\"og:image\" content=\"https:\/\/labarraca1912.es\/wp-content\/uploads\/stevia60-2025.jpg\" \/>\n\t<meta property=\"og:image:width\" content=\"800\" \/>\n\t<meta property=\"og:image:height\" content=\"800\" \/>\n\t<meta property=\"og:image:type\" content=\"image\/jpeg\" \/>\n<meta name=\"twitter:card\" content=\"summary_large_image\" \/>\n<meta name=\"twitter:label1\" content=\"Dur\u00e9e de lecture estim\u00e9e\" \/>\n\t<meta name=\"twitter:data1\" content=\"1 minute\" \/>\n<script type=\"application\/ld+json\" class=\"yoast-schema-graph\">{\"@context\":\"https:\\\/\\\/schema.org\",\"@graph\":[{\"@type\":\"WebPage\",\"@id\":\"https:\\\/\\\/labarraca1912.es\\\/tienda\\\/edulcorantes-y-cafes\\\/stevia-caja-60-sobres\\\/\",\"url\":\"https:\\\/\\\/labarraca1912.es\\\/tienda\\\/edulcorantes-y-cafes\\\/stevia-caja-60-sobres\\\/\",\"name\":\"Comprar Stevia en sobres (60 uds) | La Barraca\",\"isPartOf\":{\"@id\":\"https:\\\/\\\/labarraca1912.es\\\/#website\"},\"primaryImageOfPage\":{\"@id\":\"https:\\\/\\\/labarraca1912.es\\\/tienda\\\/edulcorantes-y-cafes\\\/stevia-caja-60-sobres\\\/#primaryimage\"},\"image\":{\"@id\":\"https:\\\/\\\/labarraca1912.es\\\/tienda\\\/edulcorantes-y-cafes\\\/stevia-caja-60-sobres\\\/#primaryimage\"},\"thumbnailUrl\":\"https:\\\/\\\/labarraca1912.es\\\/wp-content\\\/uploads\\\/stevia60-2025.jpg\",\"datePublished\":\"2019-07-02T09:25:52+00:00\",\"dateModified\":\"2026-03-15T18:27:50+00:00\",\"description\":\"Endulza de forma natural con Stevia La Barraca en sobres. Edulcorante granulado sin calor\u00edas, ideal para bebidas y postres. Alternativa saludable al az\u00facar\",\"breadcrumb\":{\"@id\":\"https:\\\/\\\/labarraca1912.es\\\/tienda\\\/edulcorantes-y-cafes\\\/stevia-caja-60-sobres\\\/#breadcrumb\"},\"inLanguage\":\"fr-FR\",\"potentialAction\":[{\"@type\":\"ReadAction\",\"target\":[\"https:\\\/\\\/labarraca1912.es\\\/tienda\\\/edulcorantes-y-cafes\\\/stevia-caja-60-sobres\\\/\"]}]},{\"@type\":\"ImageObject\",\"inLanguage\":\"fr-FR\",\"@id\":\"https:\\\/\\\/labarraca1912.es\\\/tienda\\\/edulcorantes-y-cafes\\\/stevia-caja-60-sobres\\\/#primaryimage\",\"url\":\"https:\\\/\\\/labarraca1912.es\\\/wp-content\\\/uploads\\\/stevia60-2025.jpg\",\"contentUrl\":\"https:\\\/\\\/labarraca1912.es\\\/wp-content\\\/uploads\\\/stevia60-2025.jpg\",\"width\":800,\"height\":800},{\"@type\":\"BreadcrumbList\",\"@id\":\"https:\\\/\\\/labarraca1912.es\\\/tienda\\\/edulcorantes-y-cafes\\\/stevia-caja-60-sobres\\\/#breadcrumb\",\"itemListElement\":[{\"@type\":\"ListItem\",\"position\":1,\"name\":\"La Barraca\",\"item\":\"https:\\\/\\\/labarraca1912.es\\\/\"},{\"@type\":\"ListItem\",\"position\":2,\"name\":\"Tienda\",\"item\":\"https:\\\/\\\/labarraca1912.es\\\/tienda\\\/\"},{\"@type\":\"ListItem\",\"position\":3,\"name\":\"Stevia Caja 60 Sobres\"}]},{\"@type\":\"WebSite\",\"@id\":\"https:\\\/\\\/labarraca1912.es\\\/#website\",\"url\":\"https:\\\/\\\/labarraca1912.es\\\/\",\"name\":\"La Barraca\",\"description\":\"La Casa del Sabor\",\"publisher\":{\"@id\":\"https:\\\/\\\/labarraca1912.es\\\/#organization\"},\"potentialAction\":[{\"@type\":\"SearchAction\",\"target\":{\"@type\":\"EntryPoint\",\"urlTemplate\":\"https:\\\/\\\/labarraca1912.es\\\/?s={search_term_string}\"},\"query-input\":{\"@type\":\"PropertyValueSpecification\",\"valueRequired\":true,\"valueName\":\"search_term_string\"}}],\"inLanguage\":\"fr-FR\"},{\"@type\":\"Organization\",\"@id\":\"https:\\\/\\\/labarraca1912.es\\\/#organization\",\"name\":\"La Barraca 1912 Alimentacion\",\"url\":\"https:\\\/\\\/labarraca1912.es\\\/\",\"logo\":{\"@type\":\"ImageObject\",\"inLanguage\":\"fr-FR\",\"@id\":\"https:\\\/\\\/labarraca1912.es\\\/#\\\/schema\\\/logo\\\/image\\\/\",\"url\":\"https:\\\/\\\/labarraca1912.es\\\/wp-content\\\/uploads\\\/2019\\\/06\\\/logo-labarraca.png\",\"contentUrl\":\"https:\\\/\\\/labarraca1912.es\\\/wp-content\\\/uploads\\\/2019\\\/06\\\/logo-labarraca.png\",\"width\":2917,\"height\":1809,\"caption\":\"La Barraca 1912 Alimentacion\"},\"image\":{\"@id\":\"https:\\\/\\\/labarraca1912.es\\\/#\\\/schema\\\/logo\\\/image\\\/\"}}]}<\/script>\n<!-- \/ Yoast SEO plugin. -->","yoast_head_json":{"title":"Comprar Stevia en sobres (60 uds) | La Barraca","description":"Endulza de forma natural con Stevia La Barraca en sobres. Edulcorante granulado sin calor\u00edas, ideal para bebidas y postres. Alternativa saludable al az\u00facar","robots":{"index":"index","follow":"follow","max-snippet":"max-snippet:-1","max-image-preview":"max-image-preview:large","max-video-preview":"max-video-preview:-1"},"canonical":"https:\/\/labarraca1912.es\/fr\/tienda\/edulcorantes-y-cafes\/stevia-caja-60-sobres\/","og_locale":"fr_FR","og_type":"article","og_title":"Comprar Stevia en sobres (60 uds) | La Barraca","og_description":"Endulza de forma natural con Stevia La Barraca en sobres. Edulcorante granulado sin calor\u00edas, ideal para bebidas y postres. Alternativa saludable al az\u00facar","og_url":"https:\/\/labarraca1912.es\/fr\/tienda\/edulcorantes-y-cafes\/stevia-caja-60-sobres\/","og_site_name":"La Barraca","article_modified_time":"2026-03-15T18:27:50+00:00","og_image":[{"width":800,"height":800,"url":"https:\/\/labarraca1912.es\/wp-content\/uploads\/stevia60-2025.jpg","type":"image\/jpeg"}],"twitter_card":"summary_large_image","twitter_misc":{"Dur\u00e9e de lecture estim\u00e9e":"1 minute"},"schema":{"@context":"https:\/\/schema.org","@graph":[{"@type":"WebPage","@id":"https:\/\/labarraca1912.es\/tienda\/edulcorantes-y-cafes\/stevia-caja-60-sobres\/","url":"https:\/\/labarraca1912.es\/tienda\/edulcorantes-y-cafes\/stevia-caja-60-sobres\/","name":"Comprar Stevia en sobres (60 uds) | La Barraca","isPartOf":{"@id":"https:\/\/labarraca1912.es\/#website"},"primaryImageOfPage":{"@id":"https:\/\/labarraca1912.es\/tienda\/edulcorantes-y-cafes\/stevia-caja-60-sobres\/#primaryimage"},"image":{"@id":"https:\/\/labarraca1912.es\/tienda\/edulcorantes-y-cafes\/stevia-caja-60-sobres\/#primaryimage"},"thumbnailUrl":"https:\/\/labarraca1912.es\/wp-content\/uploads\/stevia60-2025.jpg","datePublished":"2019-07-02T09:25:52+00:00","dateModified":"2026-03-15T18:27:50+00:00","description":"Endulza de forma natural con Stevia La Barraca en sobres. Edulcorante granulado sin calor\u00edas, ideal para bebidas y postres. Alternativa saludable al az\u00facar","breadcrumb":{"@id":"https:\/\/labarraca1912.es\/tienda\/edulcorantes-y-cafes\/stevia-caja-60-sobres\/#breadcrumb"},"inLanguage":"fr-FR","potentialAction":[{"@type":"ReadAction","target":["https:\/\/labarraca1912.es\/tienda\/edulcorantes-y-cafes\/stevia-caja-60-sobres\/"]}]},{"@type":"ImageObject","inLanguage":"fr-FR","@id":"https:\/\/labarraca1912.es\/tienda\/edulcorantes-y-cafes\/stevia-caja-60-sobres\/#primaryimage","url":"https:\/\/labarraca1912.es\/wp-content\/uploads\/stevia60-2025.jpg","contentUrl":"https:\/\/labarraca1912.es\/wp-content\/uploads\/stevia60-2025.jpg","width":800,"height":800},{"@type":"BreadcrumbList","@id":"https:\/\/labarraca1912.es\/tienda\/edulcorantes-y-cafes\/stevia-caja-60-sobres\/#breadcrumb","itemListElement":[{"@type":"ListItem","position":1,"name":"La Barraca","item":"https:\/\/labarraca1912.es\/"},{"@type":"ListItem","position":2,"name":"Tienda","item":"https:\/\/labarraca1912.es\/tienda\/"},{"@type":"ListItem","position":3,"name":"Stevia Caja 60 Sobres"}]},{"@type":"WebSite","@id":"https:\/\/labarraca1912.es\/#website","url":"https:\/\/labarraca1912.es\/","name":"La Barraca","description":"La Casa del Sabor","publisher":{"@id":"https:\/\/labarraca1912.es\/#organization"},"potentialAction":[{"@type":"SearchAction","target":{"@type":"EntryPoint","urlTemplate":"https:\/\/labarraca1912.es\/?s={search_term_string}"},"query-input":{"@type":"PropertyValueSpecification","valueRequired":true,"valueName":"search_term_string"}}],"inLanguage":"fr-FR"},{"@type":"Organization","@id":"https:\/\/labarraca1912.es\/#organization","name":"La Barraca 1912 Alimentacion","url":"https:\/\/labarraca1912.es\/","logo":{"@type":"ImageObject","inLanguage":"fr-FR","@id":"https:\/\/labarraca1912.es\/#\/schema\/logo\/image\/","url":"https:\/\/labarraca1912.es\/wp-content\/uploads\/2019\/06\/logo-labarraca.png","contentUrl":"https:\/\/labarraca1912.es\/wp-content\/uploads\/2019\/06\/logo-labarraca.png","width":2917,"height":1809,"caption":"La Barraca 1912 Alimentacion"},"image":{"@id":"https:\/\/labarraca1912.es\/#\/schema\/logo\/image\/"}}]}},"_links":{"self":[{"href":"https:\/\/labarraca1912.es\/fr\/wp-json\/wp\/v2\/product\/181","targetHints":{"allow":["GET"]}}],"collection":[{"href":"https:\/\/labarraca1912.es\/fr\/wp-json\/wp\/v2\/product"}],"about":[{"href":"https:\/\/labarraca1912.es\/fr\/wp-json\/wp\/v2\/types\/product"}],"replies":[{"embeddable":true,"href":"https:\/\/labarraca1912.es\/fr\/wp-json\/wp\/v2\/comments?post=181"}],"wp:featuredmedia":[{"embeddable":true,"href":"https:\/\/labarraca1912.es\/fr\/wp-json\/wp\/v2\/media\/12869"}],"wp:attachment":[{"href":"https:\/\/labarraca1912.es\/fr\/wp-json\/wp\/v2\/media?parent=181"}],"wp:term":[{"taxonomy":"product_brand","embeddable":true,"href":"https:\/\/labarraca1912.es\/fr\/wp-json\/wp\/v2\/product_brand?post=181"},{"taxonomy":"product_cat","embeddable":true,"href":"https:\/\/labarraca1912.es\/fr\/wp-json\/wp\/v2\/product_cat?post=181"},{"taxonomy":"product_tag","embeddable":true,"href":"https:\/\/labarraca1912.es\/fr\/wp-json\/wp\/v2\/product_tag?post=181"}],"curies":[{"name":"wp","href":"https:\/\/api.w.org\/{rel}","templated":true}]}}