{"id":188,"date":"2019-07-02T12:38:54","date_gmt":"2019-07-02T10:38:54","guid":{"rendered":"https:\/\/labarraca1912.es\/?post_type=product&#038;p=188"},"modified":"2026-03-09T11:01:37","modified_gmt":"2026-03-09T10:01:37","slug":"cafe-descafeinado-caja-10-sobres","status":"publish","type":"product","link":"https:\/\/labarraca1912.es\/fr\/tienda\/edulcorantes-y-cafes\/cafe-descafeinado-caja-10-sobres\/","title":{"rendered":"Caf\u00e9 D\u00e9caf\u00e9in\u00e9"},"content":{"rendered":"<p>CAF\u00c9 D\u00c9CAF\u00c9IN\u00c9: Le Caf\u00e9 D\u00e9caf\u00e9in\u00e9 est un produit solide \u00e0 diluer dans de l'eau ou du lait, \u00e0 remuer jusqu'\u00e0 dissolution et \u00e0 ajouter du sucre ou un \u00e9dulcorant au go\u00fbt. De cette fa\u00e7on, vous obtiendrez un magnifique caf\u00e9 d\u00e9caf\u00e9in\u00e9 avec toute sa saveur.<\/p>\n<p><strong>Caf\u00e9 D\u00e9caf\u00e9in\u00e9:<\/strong>\u00a0Fournit la saveur, l'ar\u00f4me et la couleur du caf\u00e9 \u00e0 l'eau ou au lait.<\/p>","protected":false},"excerpt":{"rendered":"<blockquote>\n<h2><strong><br \/>\nCaf\u00e9 D\u00e9caf\u00e9in\u00e9<\/strong><\/h2>\n<\/blockquote>\n<p>Le Caf\u00e9 D\u00e9caf\u00e9in\u00e9 est un produit solide \u00e0 diluer dans de l'eau ou du lait, \u00e0 remuer jusqu'\u00e0 dissolution et \u00e0 ajouter du sucre ou un \u00e9dulcorant au go\u00fbt. De cette fa\u00e7on, vous obtiendrez un magnifique caf\u00e9 d\u00e9caf\u00e9in\u00e9 avec toute sa saveur.<\/p>\n<p><em><strong>Ingr\u00e9dients:<\/strong><\/em> Produit de caf\u00e9 soluble 100 % d\u00e9caf\u00e9in\u00e9.<\/p>","protected":false},"featured_media":189,"comment_status":"open","ping_status":"closed","template":"","meta":{"_et_pb_use_builder":"","_et_pb_old_content":"","_et_gb_content_width":""},"product_brand":[],"product_cat":[18],"product_tag":[44,73,42,45,43,71],"class_list":{"0":"post-188","1":"product","2":"type-product","3":"status-publish","4":"has-post-thumbnail","6":"product_cat-edulcorantes-y-cafes","7":"product_tag-cafe","8":"product_tag-descafeinado","9":"product_tag-edulcorante","10":"product_tag-infusion","11":"product_tag-sacarina","12":"product_tag-stevia","14":"first","15":"instock","16":"taxable","17":"shipping-taxable","18":"purchasable","19":"product-type-variable"},"yoast_head":"<!-- This site is optimized with the Yoast SEO plugin v27.5 - https:\/\/yoast.com\/product\/yoast-seo-wordpress\/ -->\n<title>Comprar Caf\u00e9 Descafeinado Soluble | La Barraca<\/title>\n<meta name=\"description\" content=\"Disfruta del sabor del caf\u00e9 sin cafe\u00edna con el Caf\u00e9 Descafeinado soluble de La Barraca. Ideal para tomar con leche o agua, en cualquier momento del d\u00eda.\" \/>\n<meta name=\"robots\" content=\"index, follow, max-snippet:-1, max-image-preview:large, max-video-preview:-1\" \/>\n<link rel=\"canonical\" href=\"https:\/\/labarraca1912.es\/fr\/tienda\/edulcorantes-y-cafes\/cafe-descafeinado-caja-10-sobres\/\" \/>\n<meta property=\"og:locale\" content=\"fr_FR\" \/>\n<meta property=\"og:type\" content=\"article\" \/>\n<meta property=\"og:title\" content=\"Comprar Caf\u00e9 Descafeinado Soluble | La Barraca\" \/>\n<meta property=\"og:description\" content=\"Disfruta del sabor del caf\u00e9 sin cafe\u00edna con el Caf\u00e9 Descafeinado soluble de La Barraca. Ideal para tomar con leche o agua, en cualquier momento del d\u00eda.\" \/>\n<meta property=\"og:url\" content=\"https:\/\/labarraca1912.es\/fr\/tienda\/edulcorantes-y-cafes\/cafe-descafeinado-caja-10-sobres\/\" \/>\n<meta property=\"og:site_name\" content=\"La Barraca\" \/>\n<meta property=\"article:modified_time\" content=\"2026-03-09T10:01:37+00:00\" \/>\n<meta property=\"og:image\" content=\"https:\/\/labarraca1912.es\/wp-content\/uploads\/2019\/07\/descafeinado10.jpg\" \/>\n\t<meta property=\"og:image:width\" content=\"800\" \/>\n\t<meta property=\"og:image:height\" content=\"800\" \/>\n\t<meta property=\"og:image:type\" content=\"image\/jpeg\" \/>\n<meta name=\"twitter:card\" content=\"summary_large_image\" \/>\n<meta name=\"twitter:label1\" content=\"Dur\u00e9e de lecture estim\u00e9e\" \/>\n\t<meta name=\"twitter:data1\" content=\"1 minute\" \/>\n<script type=\"application\/ld+json\" class=\"yoast-schema-graph\">{\"@context\":\"https:\\\/\\\/schema.org\",\"@graph\":[{\"@type\":\"WebPage\",\"@id\":\"https:\\\/\\\/labarraca1912.es\\\/tienda\\\/edulcorantes-y-cafes\\\/cafe-descafeinado-caja-10-sobres\\\/\",\"url\":\"https:\\\/\\\/labarraca1912.es\\\/tienda\\\/edulcorantes-y-cafes\\\/cafe-descafeinado-caja-10-sobres\\\/\",\"name\":\"Comprar Caf\u00e9 Descafeinado Soluble | La Barraca\",\"isPartOf\":{\"@id\":\"https:\\\/\\\/labarraca1912.es\\\/#website\"},\"primaryImageOfPage\":{\"@id\":\"https:\\\/\\\/labarraca1912.es\\\/tienda\\\/edulcorantes-y-cafes\\\/cafe-descafeinado-caja-10-sobres\\\/#primaryimage\"},\"image\":{\"@id\":\"https:\\\/\\\/labarraca1912.es\\\/tienda\\\/edulcorantes-y-cafes\\\/cafe-descafeinado-caja-10-sobres\\\/#primaryimage\"},\"thumbnailUrl\":\"https:\\\/\\\/labarraca1912.es\\\/wp-content\\\/uploads\\\/2019\\\/07\\\/descafeinado10.jpg\",\"datePublished\":\"2019-07-02T10:38:54+00:00\",\"dateModified\":\"2026-03-09T10:01:37+00:00\",\"description\":\"Disfruta del sabor del caf\u00e9 sin cafe\u00edna con el Caf\u00e9 Descafeinado soluble de La Barraca. Ideal para tomar con leche o agua, en cualquier momento del d\u00eda.\",\"breadcrumb\":{\"@id\":\"https:\\\/\\\/labarraca1912.es\\\/tienda\\\/edulcorantes-y-cafes\\\/cafe-descafeinado-caja-10-sobres\\\/#breadcrumb\"},\"inLanguage\":\"fr-FR\",\"potentialAction\":[{\"@type\":\"ReadAction\",\"target\":[\"https:\\\/\\\/labarraca1912.es\\\/tienda\\\/edulcorantes-y-cafes\\\/cafe-descafeinado-caja-10-sobres\\\/\"]}]},{\"@type\":\"ImageObject\",\"inLanguage\":\"fr-FR\",\"@id\":\"https:\\\/\\\/labarraca1912.es\\\/tienda\\\/edulcorantes-y-cafes\\\/cafe-descafeinado-caja-10-sobres\\\/#primaryimage\",\"url\":\"https:\\\/\\\/labarraca1912.es\\\/wp-content\\\/uploads\\\/2019\\\/07\\\/descafeinado10.jpg\",\"contentUrl\":\"https:\\\/\\\/labarraca1912.es\\\/wp-content\\\/uploads\\\/2019\\\/07\\\/descafeinado10.jpg\",\"width\":800,\"height\":800},{\"@type\":\"BreadcrumbList\",\"@id\":\"https:\\\/\\\/labarraca1912.es\\\/tienda\\\/edulcorantes-y-cafes\\\/cafe-descafeinado-caja-10-sobres\\\/#breadcrumb\",\"itemListElement\":[{\"@type\":\"ListItem\",\"position\":1,\"name\":\"La Barraca\",\"item\":\"https:\\\/\\\/labarraca1912.es\\\/\"},{\"@type\":\"ListItem\",\"position\":2,\"name\":\"Tienda\",\"item\":\"https:\\\/\\\/labarraca1912.es\\\/tienda\\\/\"},{\"@type\":\"ListItem\",\"position\":3,\"name\":\"Caf\u00e9 Descafeinado\"}]},{\"@type\":\"WebSite\",\"@id\":\"https:\\\/\\\/labarraca1912.es\\\/#website\",\"url\":\"https:\\\/\\\/labarraca1912.es\\\/\",\"name\":\"La Barraca\",\"description\":\"La Casa del Sabor\",\"publisher\":{\"@id\":\"https:\\\/\\\/labarraca1912.es\\\/#organization\"},\"potentialAction\":[{\"@type\":\"SearchAction\",\"target\":{\"@type\":\"EntryPoint\",\"urlTemplate\":\"https:\\\/\\\/labarraca1912.es\\\/?s={search_term_string}\"},\"query-input\":{\"@type\":\"PropertyValueSpecification\",\"valueRequired\":true,\"valueName\":\"search_term_string\"}}],\"inLanguage\":\"fr-FR\"},{\"@type\":\"Organization\",\"@id\":\"https:\\\/\\\/labarraca1912.es\\\/#organization\",\"name\":\"La Barraca 1912 Alimentacion\",\"url\":\"https:\\\/\\\/labarraca1912.es\\\/\",\"logo\":{\"@type\":\"ImageObject\",\"inLanguage\":\"fr-FR\",\"@id\":\"https:\\\/\\\/labarraca1912.es\\\/#\\\/schema\\\/logo\\\/image\\\/\",\"url\":\"https:\\\/\\\/labarraca1912.es\\\/wp-content\\\/uploads\\\/2019\\\/06\\\/logo-labarraca.png\",\"contentUrl\":\"https:\\\/\\\/labarraca1912.es\\\/wp-content\\\/uploads\\\/2019\\\/06\\\/logo-labarraca.png\",\"width\":2917,\"height\":1809,\"caption\":\"La Barraca 1912 Alimentacion\"},\"image\":{\"@id\":\"https:\\\/\\\/labarraca1912.es\\\/#\\\/schema\\\/logo\\\/image\\\/\"}}]}<\/script>\n<!-- \/ Yoast SEO plugin. -->","yoast_head_json":{"title":"Comprar Caf\u00e9 Descafeinado Soluble | La Barraca","description":"Disfruta del sabor del caf\u00e9 sin cafe\u00edna con el Caf\u00e9 Descafeinado soluble de La Barraca. Ideal para tomar con leche o agua, en cualquier momento del d\u00eda.","robots":{"index":"index","follow":"follow","max-snippet":"max-snippet:-1","max-image-preview":"max-image-preview:large","max-video-preview":"max-video-preview:-1"},"canonical":"https:\/\/labarraca1912.es\/fr\/tienda\/edulcorantes-y-cafes\/cafe-descafeinado-caja-10-sobres\/","og_locale":"fr_FR","og_type":"article","og_title":"Comprar Caf\u00e9 Descafeinado Soluble | La Barraca","og_description":"Disfruta del sabor del caf\u00e9 sin cafe\u00edna con el Caf\u00e9 Descafeinado soluble de La Barraca. Ideal para tomar con leche o agua, en cualquier momento del d\u00eda.","og_url":"https:\/\/labarraca1912.es\/fr\/tienda\/edulcorantes-y-cafes\/cafe-descafeinado-caja-10-sobres\/","og_site_name":"La Barraca","article_modified_time":"2026-03-09T10:01:37+00:00","og_image":[{"width":800,"height":800,"url":"https:\/\/labarraca1912.es\/wp-content\/uploads\/2019\/07\/descafeinado10.jpg","type":"image\/jpeg"}],"twitter_card":"summary_large_image","twitter_misc":{"Dur\u00e9e de lecture estim\u00e9e":"1 minute"},"schema":{"@context":"https:\/\/schema.org","@graph":[{"@type":"WebPage","@id":"https:\/\/labarraca1912.es\/tienda\/edulcorantes-y-cafes\/cafe-descafeinado-caja-10-sobres\/","url":"https:\/\/labarraca1912.es\/tienda\/edulcorantes-y-cafes\/cafe-descafeinado-caja-10-sobres\/","name":"Comprar Caf\u00e9 Descafeinado Soluble | La Barraca","isPartOf":{"@id":"https:\/\/labarraca1912.es\/#website"},"primaryImageOfPage":{"@id":"https:\/\/labarraca1912.es\/tienda\/edulcorantes-y-cafes\/cafe-descafeinado-caja-10-sobres\/#primaryimage"},"image":{"@id":"https:\/\/labarraca1912.es\/tienda\/edulcorantes-y-cafes\/cafe-descafeinado-caja-10-sobres\/#primaryimage"},"thumbnailUrl":"https:\/\/labarraca1912.es\/wp-content\/uploads\/2019\/07\/descafeinado10.jpg","datePublished":"2019-07-02T10:38:54+00:00","dateModified":"2026-03-09T10:01:37+00:00","description":"Disfruta del sabor del caf\u00e9 sin cafe\u00edna con el Caf\u00e9 Descafeinado soluble de La Barraca. Ideal para tomar con leche o agua, en cualquier momento del d\u00eda.","breadcrumb":{"@id":"https:\/\/labarraca1912.es\/tienda\/edulcorantes-y-cafes\/cafe-descafeinado-caja-10-sobres\/#breadcrumb"},"inLanguage":"fr-FR","potentialAction":[{"@type":"ReadAction","target":["https:\/\/labarraca1912.es\/tienda\/edulcorantes-y-cafes\/cafe-descafeinado-caja-10-sobres\/"]}]},{"@type":"ImageObject","inLanguage":"fr-FR","@id":"https:\/\/labarraca1912.es\/tienda\/edulcorantes-y-cafes\/cafe-descafeinado-caja-10-sobres\/#primaryimage","url":"https:\/\/labarraca1912.es\/wp-content\/uploads\/2019\/07\/descafeinado10.jpg","contentUrl":"https:\/\/labarraca1912.es\/wp-content\/uploads\/2019\/07\/descafeinado10.jpg","width":800,"height":800},{"@type":"BreadcrumbList","@id":"https:\/\/labarraca1912.es\/tienda\/edulcorantes-y-cafes\/cafe-descafeinado-caja-10-sobres\/#breadcrumb","itemListElement":[{"@type":"ListItem","position":1,"name":"La Barraca","item":"https:\/\/labarraca1912.es\/"},{"@type":"ListItem","position":2,"name":"Tienda","item":"https:\/\/labarraca1912.es\/tienda\/"},{"@type":"ListItem","position":3,"name":"Caf\u00e9 Descafeinado"}]},{"@type":"WebSite","@id":"https:\/\/labarraca1912.es\/#website","url":"https:\/\/labarraca1912.es\/","name":"La Barraca","description":"La Casa del Sabor","publisher":{"@id":"https:\/\/labarraca1912.es\/#organization"},"potentialAction":[{"@type":"SearchAction","target":{"@type":"EntryPoint","urlTemplate":"https:\/\/labarraca1912.es\/?s={search_term_string}"},"query-input":{"@type":"PropertyValueSpecification","valueRequired":true,"valueName":"search_term_string"}}],"inLanguage":"fr-FR"},{"@type":"Organization","@id":"https:\/\/labarraca1912.es\/#organization","name":"La Barraca 1912 Alimentacion","url":"https:\/\/labarraca1912.es\/","logo":{"@type":"ImageObject","inLanguage":"fr-FR","@id":"https:\/\/labarraca1912.es\/#\/schema\/logo\/image\/","url":"https:\/\/labarraca1912.es\/wp-content\/uploads\/2019\/06\/logo-labarraca.png","contentUrl":"https:\/\/labarraca1912.es\/wp-content\/uploads\/2019\/06\/logo-labarraca.png","width":2917,"height":1809,"caption":"La Barraca 1912 Alimentacion"},"image":{"@id":"https:\/\/labarraca1912.es\/#\/schema\/logo\/image\/"}}]}},"_links":{"self":[{"href":"https:\/\/labarraca1912.es\/fr\/wp-json\/wp\/v2\/product\/188","targetHints":{"allow":["GET"]}}],"collection":[{"href":"https:\/\/labarraca1912.es\/fr\/wp-json\/wp\/v2\/product"}],"about":[{"href":"https:\/\/labarraca1912.es\/fr\/wp-json\/wp\/v2\/types\/product"}],"replies":[{"embeddable":true,"href":"https:\/\/labarraca1912.es\/fr\/wp-json\/wp\/v2\/comments?post=188"}],"wp:featuredmedia":[{"embeddable":true,"href":"https:\/\/labarraca1912.es\/fr\/wp-json\/wp\/v2\/media\/189"}],"wp:attachment":[{"href":"https:\/\/labarraca1912.es\/fr\/wp-json\/wp\/v2\/media?parent=188"}],"wp:term":[{"taxonomy":"product_brand","embeddable":true,"href":"https:\/\/labarraca1912.es\/fr\/wp-json\/wp\/v2\/product_brand?post=188"},{"taxonomy":"product_cat","embeddable":true,"href":"https:\/\/labarraca1912.es\/fr\/wp-json\/wp\/v2\/product_cat?post=188"},{"taxonomy":"product_tag","embeddable":true,"href":"https:\/\/labarraca1912.es\/fr\/wp-json\/wp\/v2\/product_tag?post=188"}],"curies":[{"name":"wp","href":"https:\/\/api.w.org\/{rel}","templated":true}]}}