{"id":1987,"date":"2019-09-09T16:28:20","date_gmt":"2019-09-09T14:28:20","guid":{"rendered":"https:\/\/labarraca1912.es\/?post_type=product&#038;p=1987"},"modified":"2026-04-14T21:29:18","modified_gmt":"2026-04-14T19:29:18","slug":"canela-rama-cassia-90g","status":"publish","type":"product","link":"https:\/\/labarraca1912.es\/fr\/tienda\/especias-y-condimentos\/canela-rama-cassia-90g\/","title":{"rendered":"B\u00e2tons de Cannelle Cassia 80g"},"content":{"rendered":"<p>CANELA RAMA CASSIA &#8211; 80G: Cortezas de ciertos \u00e1rboles de hoja perenne. Son canutillos de color marr\u00f3n rojizo a marr\u00f3n cuero, de olor y sabor caracter\u00edstico, dulce y algo pungente.<\/p>\n<p><strong>B\u00e2tons de Cannelle Cassia:<\/strong> La branche est utilis\u00e9e dans de nombreux plats sucr\u00e9s et g\u00e2teaux, des tartes comme la tarte aux pommes, des desserts comme le riz au lait ou les currys. De m\u00eame, il se combine tr\u00e8s bien avec certaines boissons, comme la sangria, les pr\u00e9parations spiritueuses ou le chocolat chaud. Vous pouvez aromatiser du lait ou du th\u00e9.<\/p>","protected":false},"excerpt":{"rendered":"<blockquote>\n<h2><strong>B\u00e2tons de Cannelle Cassia<\/strong> 80g<\/h2>\n<\/blockquote>\n<p>\u00c9corces de certains arbres \u00e0 feuilles persistantes. Ce sont des \u00e9clairs brun rouge\u00e2tre \u00e0 brun cuir, avec une odeur et une saveur caract\u00e9ristiques, douces et quelque peu piquantes. La branche est utilis\u00e9e dans de nombreux plats sucr\u00e9s et g\u00e2teaux, des tartes comme la tarte aux pommes, des desserts comme le riz au lait ou les currys. De m\u00eame, il se combine tr\u00e8s bien avec certaines boissons, comme la sangria, les pr\u00e9parations spiritueuses ou le chocolat chaud. Vous pouvez aromatiser du lait ou du th\u00e9.<\/p>\n<p>Le format Pot de 80g est un format traditionnel et facile \u00e0 utiliser en cuisine.<\/p>\n<p><em><strong>Ingr\u00e9dients:<\/strong><\/em> B\u00e2tons de cannelle Cassia.<\/p>","protected":false},"featured_media":10630,"comment_status":"open","ping_status":"closed","template":"","meta":{"_et_pb_use_builder":"","_et_pb_old_content":"","_et_gb_content_width":""},"product_brand":[],"product_cat":[19,24],"product_tag":[58,110,30,108,107],"class_list":{"0":"post-1987","1":"product","2":"type-product","3":"status-publish","4":"has-post-thumbnail","6":"product_cat-especias-y-condimentos","7":"product_cat-botanicos-cocteles","8":"product_tag-canela","9":"product_tag-cassia","10":"product_tag-gintonic","11":"product_tag-postre","12":"product_tag-tarta","14":"first","15":"instock","16":"taxable","17":"shipping-taxable","18":"purchasable","19":"product-type-simple"},"yoast_head":"<!-- This site is optimized with the Yoast SEO plugin v27.4 - https:\/\/yoast.com\/product\/yoast-seo-wordpress\/ -->\n<title>Canela Rama Cassia 80g | La Barraca<\/title>\n<meta name=\"description\" content=\"Comprar Canela Rama Cassia 80g, cortezas arom\u00e1ticas ideales para postres, tartas, currys y bebidas como sangr\u00eda o chocolate caliente. Formato pr\u00e1ctico para uso en cocina.\" \/>\n<meta name=\"robots\" content=\"index, follow, max-snippet:-1, max-image-preview:large, max-video-preview:-1\" \/>\n<link rel=\"canonical\" href=\"https:\/\/labarraca1912.es\/fr\/tienda\/especias-y-condimentos\/canela-rama-cassia-90g\/\" \/>\n<meta property=\"og:locale\" content=\"fr_FR\" \/>\n<meta property=\"og:type\" content=\"article\" \/>\n<meta property=\"og:title\" content=\"Canela Rama Cassia 80g | La Barraca\" \/>\n<meta property=\"og:description\" content=\"Comprar Canela Rama Cassia 80g, cortezas arom\u00e1ticas ideales para postres, tartas, currys y bebidas como sangr\u00eda o chocolate caliente. Formato pr\u00e1ctico para uso en cocina.\" \/>\n<meta property=\"og:url\" content=\"https:\/\/labarraca1912.es\/fr\/tienda\/especias-y-condimentos\/canela-rama-cassia-90g\/\" \/>\n<meta property=\"og:site_name\" content=\"La Barraca\" \/>\n<meta property=\"article:modified_time\" content=\"2026-04-14T19:29:18+00:00\" \/>\n<meta property=\"og:image\" content=\"https:\/\/labarraca1912.es\/wp-content\/uploads\/boteminicanelarama2024.jpg\" \/>\n\t<meta property=\"og:image:width\" content=\"800\" \/>\n\t<meta property=\"og:image:height\" content=\"800\" \/>\n\t<meta property=\"og:image:type\" content=\"image\/jpeg\" \/>\n<meta name=\"twitter:card\" content=\"summary_large_image\" \/>\n<meta name=\"twitter:label1\" content=\"Dur\u00e9e de lecture estim\u00e9e\" \/>\n\t<meta name=\"twitter:data1\" content=\"1 minute\" \/>\n<script type=\"application\/ld+json\" class=\"yoast-schema-graph\">{\"@context\":\"https:\\\/\\\/schema.org\",\"@graph\":[{\"@type\":\"WebPage\",\"@id\":\"https:\\\/\\\/labarraca1912.es\\\/tienda\\\/especias-y-condimentos\\\/canela-rama-cassia-90g\\\/\",\"url\":\"https:\\\/\\\/labarraca1912.es\\\/tienda\\\/especias-y-condimentos\\\/canela-rama-cassia-90g\\\/\",\"name\":\"Canela Rama Cassia 80g | La Barraca\",\"isPartOf\":{\"@id\":\"https:\\\/\\\/labarraca1912.es\\\/#website\"},\"primaryImageOfPage\":{\"@id\":\"https:\\\/\\\/labarraca1912.es\\\/tienda\\\/especias-y-condimentos\\\/canela-rama-cassia-90g\\\/#primaryimage\"},\"image\":{\"@id\":\"https:\\\/\\\/labarraca1912.es\\\/tienda\\\/especias-y-condimentos\\\/canela-rama-cassia-90g\\\/#primaryimage\"},\"thumbnailUrl\":\"https:\\\/\\\/labarraca1912.es\\\/wp-content\\\/uploads\\\/boteminicanelarama2024.jpg\",\"datePublished\":\"2019-09-09T14:28:20+00:00\",\"dateModified\":\"2026-04-14T19:29:18+00:00\",\"description\":\"Comprar Canela Rama Cassia 80g, cortezas arom\u00e1ticas ideales para postres, tartas, currys y bebidas como sangr\u00eda o chocolate caliente. Formato pr\u00e1ctico para uso en cocina.\",\"breadcrumb\":{\"@id\":\"https:\\\/\\\/labarraca1912.es\\\/tienda\\\/especias-y-condimentos\\\/canela-rama-cassia-90g\\\/#breadcrumb\"},\"inLanguage\":\"fr-FR\",\"potentialAction\":[{\"@type\":\"ReadAction\",\"target\":[\"https:\\\/\\\/labarraca1912.es\\\/tienda\\\/especias-y-condimentos\\\/canela-rama-cassia-90g\\\/\"]}]},{\"@type\":\"ImageObject\",\"inLanguage\":\"fr-FR\",\"@id\":\"https:\\\/\\\/labarraca1912.es\\\/tienda\\\/especias-y-condimentos\\\/canela-rama-cassia-90g\\\/#primaryimage\",\"url\":\"https:\\\/\\\/labarraca1912.es\\\/wp-content\\\/uploads\\\/boteminicanelarama2024.jpg\",\"contentUrl\":\"https:\\\/\\\/labarraca1912.es\\\/wp-content\\\/uploads\\\/boteminicanelarama2024.jpg\",\"width\":800,\"height\":800},{\"@type\":\"BreadcrumbList\",\"@id\":\"https:\\\/\\\/labarraca1912.es\\\/tienda\\\/especias-y-condimentos\\\/canela-rama-cassia-90g\\\/#breadcrumb\",\"itemListElement\":[{\"@type\":\"ListItem\",\"position\":1,\"name\":\"La Barraca\",\"item\":\"https:\\\/\\\/labarraca1912.es\\\/\"},{\"@type\":\"ListItem\",\"position\":2,\"name\":\"Tienda\",\"item\":\"https:\\\/\\\/labarraca1912.es\\\/tienda\\\/\"},{\"@type\":\"ListItem\",\"position\":3,\"name\":\"Canela Rama Cassia 80g\"}]},{\"@type\":\"WebSite\",\"@id\":\"https:\\\/\\\/labarraca1912.es\\\/#website\",\"url\":\"https:\\\/\\\/labarraca1912.es\\\/\",\"name\":\"La Barraca\",\"description\":\"La Casa del Sabor\",\"publisher\":{\"@id\":\"https:\\\/\\\/labarraca1912.es\\\/#organization\"},\"potentialAction\":[{\"@type\":\"SearchAction\",\"target\":{\"@type\":\"EntryPoint\",\"urlTemplate\":\"https:\\\/\\\/labarraca1912.es\\\/?s={search_term_string}\"},\"query-input\":{\"@type\":\"PropertyValueSpecification\",\"valueRequired\":true,\"valueName\":\"search_term_string\"}}],\"inLanguage\":\"fr-FR\"},{\"@type\":\"Organization\",\"@id\":\"https:\\\/\\\/labarraca1912.es\\\/#organization\",\"name\":\"La Barraca 1912 Alimentacion\",\"url\":\"https:\\\/\\\/labarraca1912.es\\\/\",\"logo\":{\"@type\":\"ImageObject\",\"inLanguage\":\"fr-FR\",\"@id\":\"https:\\\/\\\/labarraca1912.es\\\/#\\\/schema\\\/logo\\\/image\\\/\",\"url\":\"https:\\\/\\\/labarraca1912.es\\\/wp-content\\\/uploads\\\/2019\\\/06\\\/logo-labarraca.png\",\"contentUrl\":\"https:\\\/\\\/labarraca1912.es\\\/wp-content\\\/uploads\\\/2019\\\/06\\\/logo-labarraca.png\",\"width\":2917,\"height\":1809,\"caption\":\"La Barraca 1912 Alimentacion\"},\"image\":{\"@id\":\"https:\\\/\\\/labarraca1912.es\\\/#\\\/schema\\\/logo\\\/image\\\/\"}}]}<\/script>\n<!-- \/ Yoast SEO plugin. -->","yoast_head_json":{"title":"Canela Rama Cassia 80g | La Barraca","description":"Comprar Canela Rama Cassia 80g, cortezas arom\u00e1ticas ideales para postres, tartas, currys y bebidas como sangr\u00eda o chocolate caliente. Formato pr\u00e1ctico para uso en cocina.","robots":{"index":"index","follow":"follow","max-snippet":"max-snippet:-1","max-image-preview":"max-image-preview:large","max-video-preview":"max-video-preview:-1"},"canonical":"https:\/\/labarraca1912.es\/fr\/tienda\/especias-y-condimentos\/canela-rama-cassia-90g\/","og_locale":"fr_FR","og_type":"article","og_title":"Canela Rama Cassia 80g | La Barraca","og_description":"Comprar Canela Rama Cassia 80g, cortezas arom\u00e1ticas ideales para postres, tartas, currys y bebidas como sangr\u00eda o chocolate caliente. Formato pr\u00e1ctico para uso en cocina.","og_url":"https:\/\/labarraca1912.es\/fr\/tienda\/especias-y-condimentos\/canela-rama-cassia-90g\/","og_site_name":"La Barraca","article_modified_time":"2026-04-14T19:29:18+00:00","og_image":[{"width":800,"height":800,"url":"https:\/\/labarraca1912.es\/wp-content\/uploads\/boteminicanelarama2024.jpg","type":"image\/jpeg"}],"twitter_card":"summary_large_image","twitter_misc":{"Dur\u00e9e de lecture estim\u00e9e":"1 minute"},"schema":{"@context":"https:\/\/schema.org","@graph":[{"@type":"WebPage","@id":"https:\/\/labarraca1912.es\/tienda\/especias-y-condimentos\/canela-rama-cassia-90g\/","url":"https:\/\/labarraca1912.es\/tienda\/especias-y-condimentos\/canela-rama-cassia-90g\/","name":"Canela Rama Cassia 80g | La Barraca","isPartOf":{"@id":"https:\/\/labarraca1912.es\/#website"},"primaryImageOfPage":{"@id":"https:\/\/labarraca1912.es\/tienda\/especias-y-condimentos\/canela-rama-cassia-90g\/#primaryimage"},"image":{"@id":"https:\/\/labarraca1912.es\/tienda\/especias-y-condimentos\/canela-rama-cassia-90g\/#primaryimage"},"thumbnailUrl":"https:\/\/labarraca1912.es\/wp-content\/uploads\/boteminicanelarama2024.jpg","datePublished":"2019-09-09T14:28:20+00:00","dateModified":"2026-04-14T19:29:18+00:00","description":"Comprar Canela Rama Cassia 80g, cortezas arom\u00e1ticas ideales para postres, tartas, currys y bebidas como sangr\u00eda o chocolate caliente. Formato pr\u00e1ctico para uso en cocina.","breadcrumb":{"@id":"https:\/\/labarraca1912.es\/tienda\/especias-y-condimentos\/canela-rama-cassia-90g\/#breadcrumb"},"inLanguage":"fr-FR","potentialAction":[{"@type":"ReadAction","target":["https:\/\/labarraca1912.es\/tienda\/especias-y-condimentos\/canela-rama-cassia-90g\/"]}]},{"@type":"ImageObject","inLanguage":"fr-FR","@id":"https:\/\/labarraca1912.es\/tienda\/especias-y-condimentos\/canela-rama-cassia-90g\/#primaryimage","url":"https:\/\/labarraca1912.es\/wp-content\/uploads\/boteminicanelarama2024.jpg","contentUrl":"https:\/\/labarraca1912.es\/wp-content\/uploads\/boteminicanelarama2024.jpg","width":800,"height":800},{"@type":"BreadcrumbList","@id":"https:\/\/labarraca1912.es\/tienda\/especias-y-condimentos\/canela-rama-cassia-90g\/#breadcrumb","itemListElement":[{"@type":"ListItem","position":1,"name":"La Barraca","item":"https:\/\/labarraca1912.es\/"},{"@type":"ListItem","position":2,"name":"Tienda","item":"https:\/\/labarraca1912.es\/tienda\/"},{"@type":"ListItem","position":3,"name":"Canela Rama Cassia 80g"}]},{"@type":"WebSite","@id":"https:\/\/labarraca1912.es\/#website","url":"https:\/\/labarraca1912.es\/","name":"La Barraca","description":"La Casa del Sabor","publisher":{"@id":"https:\/\/labarraca1912.es\/#organization"},"potentialAction":[{"@type":"SearchAction","target":{"@type":"EntryPoint","urlTemplate":"https:\/\/labarraca1912.es\/?s={search_term_string}"},"query-input":{"@type":"PropertyValueSpecification","valueRequired":true,"valueName":"search_term_string"}}],"inLanguage":"fr-FR"},{"@type":"Organization","@id":"https:\/\/labarraca1912.es\/#organization","name":"La Barraca 1912 Alimentacion","url":"https:\/\/labarraca1912.es\/","logo":{"@type":"ImageObject","inLanguage":"fr-FR","@id":"https:\/\/labarraca1912.es\/#\/schema\/logo\/image\/","url":"https:\/\/labarraca1912.es\/wp-content\/uploads\/2019\/06\/logo-labarraca.png","contentUrl":"https:\/\/labarraca1912.es\/wp-content\/uploads\/2019\/06\/logo-labarraca.png","width":2917,"height":1809,"caption":"La Barraca 1912 Alimentacion"},"image":{"@id":"https:\/\/labarraca1912.es\/#\/schema\/logo\/image\/"}}]}},"_links":{"self":[{"href":"https:\/\/labarraca1912.es\/fr\/wp-json\/wp\/v2\/product\/1987","targetHints":{"allow":["GET"]}}],"collection":[{"href":"https:\/\/labarraca1912.es\/fr\/wp-json\/wp\/v2\/product"}],"about":[{"href":"https:\/\/labarraca1912.es\/fr\/wp-json\/wp\/v2\/types\/product"}],"replies":[{"embeddable":true,"href":"https:\/\/labarraca1912.es\/fr\/wp-json\/wp\/v2\/comments?post=1987"}],"wp:featuredmedia":[{"embeddable":true,"href":"https:\/\/labarraca1912.es\/fr\/wp-json\/wp\/v2\/media\/10630"}],"wp:attachment":[{"href":"https:\/\/labarraca1912.es\/fr\/wp-json\/wp\/v2\/media?parent=1987"}],"wp:term":[{"taxonomy":"product_brand","embeddable":true,"href":"https:\/\/labarraca1912.es\/fr\/wp-json\/wp\/v2\/product_brand?post=1987"},{"taxonomy":"product_cat","embeddable":true,"href":"https:\/\/labarraca1912.es\/fr\/wp-json\/wp\/v2\/product_cat?post=1987"},{"taxonomy":"product_tag","embeddable":true,"href":"https:\/\/labarraca1912.es\/fr\/wp-json\/wp\/v2\/product_tag?post=1987"}],"curies":[{"name":"wp","href":"https:\/\/api.w.org\/{rel}","templated":true}]}}