{"id":1993,"date":"2019-09-09T17:22:38","date_gmt":"2019-09-09T15:22:38","guid":{"rendered":"https:\/\/labarraca1912.es\/?post_type=product&#038;p=1993"},"modified":"2026-03-09T10:56:50","modified_gmt":"2026-03-09T09:56:50","slug":"cebolla-frita","status":"publish","type":"product","link":"https:\/\/labarraca1912.es\/fr\/tienda\/especias-y-condimentos\/cebolla-frita\/","title":{"rendered":"Oignon Frit"},"content":{"rendered":"<p>OIGNON FRIT: Oignons frais, pel\u00e9s, lav\u00e9s, coup\u00e9s en tranches, pan\u00e9s et frits.<\/p>\n<p><strong>Oignon Frit: <\/strong>Se emplea en ensaladas, tortillas, sofritos, cremas, pur\u00e9s&#8230; Tambi\u00e9n es usada como aderezo en la preparaci\u00f3n de s\u00e1ndwiches, hamburguesas y perritos.<\/p>","protected":false},"excerpt":{"rendered":"<blockquote>\n<h2><strong>Oignon Frit<\/strong><\/h2>\n<\/blockquote>\n<p>Oignons frais, pel\u00e9s, lav\u00e9s, coup\u00e9s en tranches, pan\u00e9s et frits. On l'utilise dans les salades, les omelettes, les saut\u00e9s, les cr\u00e8mes, les pur\u00e9es... On l'utilise \u00e9galement comme vinaigrette dans la pr\u00e9paration des sandwichs, des hamburgers et des chiens.<\/p>\n<p><em><strong>Ingr\u00e9dients:<\/strong> <\/em>Oignon, huile v\u00e9g\u00e9tale de palme, farine de <strong>BL\u00c9<\/strong> et sel.<\/p>\n<p>Peut contenir des traces de <strong>SULFITES<\/strong>.<\/p>\n<p><strong><em>D\u00e9claration nutritionnelle. Valeurs moyennes per 100g de produit: <\/em><\/strong>\u00c9nergie: 2041 kJ\/580 kcal. Graisses: 44g. Dont acides gras satur\u00e9s: 20g. Glucides: 40g. Dont sucres: 15g. Prot\u00e9ines: 6g. Sel: 1g.<\/p>","protected":false},"featured_media":10636,"comment_status":"open","ping_status":"closed","template":"","meta":{"_et_pb_use_builder":"off","_et_pb_old_content":"CEBOLLA FRITA - 100G: Cebollas frescas, peladas, lavadas, cortadas en l\u00e1minas, rebozadas y fritas.\r\n\r\n<strong>Cebolla Frita: <\/strong>Se emplea en ensaladas, tortillas, sofritos, cremas, pur\u00e9s... Tambi\u00e9n es usada como aderezo en la preparaci\u00f3n de s\u00e1ndwiches, hamburguesas y perritos.","_et_gb_content_width":""},"product_brand":[],"product_cat":[19],"product_tag":[101,102,103,104],"class_list":{"0":"post-1993","1":"product","2":"type-product","3":"status-publish","4":"has-post-thumbnail","6":"product_cat-especias-y-condimentos","7":"product_tag-cebolla","8":"product_tag-hamburguesas","9":"product_tag-perrito","10":"product_tag-salchicha","12":"first","13":"instock","14":"taxable","15":"shipping-taxable","16":"purchasable","17":"product-type-variable"},"yoast_head":"<!-- This site is optimized with the Yoast SEO plugin v27.5 - https:\/\/yoast.com\/product\/yoast-seo-wordpress\/ -->\n<title>Comprar cebolla frita | La Barraca<\/title>\n<meta name=\"description\" content=\"Comprar cebolla frita crujiente para ensaladas, tortillas, sofritos y aderezos. Ideal para s\u00e1ndwiches, hamburguesas y perritos con sabor aut\u00e9ntico.\" \/>\n<meta name=\"robots\" content=\"index, follow, max-snippet:-1, max-image-preview:large, max-video-preview:-1\" \/>\n<link rel=\"canonical\" href=\"https:\/\/labarraca1912.es\/fr\/tienda\/especias-y-condimentos\/cebolla-frita\/\" \/>\n<meta property=\"og:locale\" content=\"fr_FR\" \/>\n<meta property=\"og:type\" content=\"article\" \/>\n<meta property=\"og:title\" content=\"Comprar cebolla frita | La Barraca\" \/>\n<meta property=\"og:description\" content=\"Comprar cebolla frita crujiente para ensaladas, tortillas, sofritos y aderezos. Ideal para s\u00e1ndwiches, hamburguesas y perritos con sabor aut\u00e9ntico.\" \/>\n<meta property=\"og:url\" content=\"https:\/\/labarraca1912.es\/fr\/tienda\/especias-y-condimentos\/cebolla-frita\/\" \/>\n<meta property=\"og:site_name\" content=\"La Barraca\" \/>\n<meta property=\"article:modified_time\" content=\"2026-03-09T09:56:50+00:00\" \/>\n<meta property=\"og:image\" content=\"https:\/\/labarraca1912.es\/wp-content\/uploads\/cebollafritamini2024.jpg\" \/>\n\t<meta property=\"og:image:width\" content=\"800\" \/>\n\t<meta property=\"og:image:height\" content=\"800\" \/>\n\t<meta property=\"og:image:type\" content=\"image\/jpeg\" \/>\n<meta name=\"twitter:card\" content=\"summary_large_image\" \/>\n<meta name=\"twitter:label1\" content=\"Dur\u00e9e de lecture estim\u00e9e\" \/>\n\t<meta name=\"twitter:data1\" content=\"1 minute\" \/>\n<script type=\"application\/ld+json\" class=\"yoast-schema-graph\">{\"@context\":\"https:\\\/\\\/schema.org\",\"@graph\":[{\"@type\":\"WebPage\",\"@id\":\"https:\\\/\\\/labarraca1912.es\\\/tienda\\\/especias-y-condimentos\\\/cebolla-frita\\\/\",\"url\":\"https:\\\/\\\/labarraca1912.es\\\/tienda\\\/especias-y-condimentos\\\/cebolla-frita\\\/\",\"name\":\"Comprar cebolla frita | La Barraca\",\"isPartOf\":{\"@id\":\"https:\\\/\\\/labarraca1912.es\\\/#website\"},\"primaryImageOfPage\":{\"@id\":\"https:\\\/\\\/labarraca1912.es\\\/tienda\\\/especias-y-condimentos\\\/cebolla-frita\\\/#primaryimage\"},\"image\":{\"@id\":\"https:\\\/\\\/labarraca1912.es\\\/tienda\\\/especias-y-condimentos\\\/cebolla-frita\\\/#primaryimage\"},\"thumbnailUrl\":\"https:\\\/\\\/labarraca1912.es\\\/wp-content\\\/uploads\\\/cebollafritamini2024.jpg\",\"datePublished\":\"2019-09-09T15:22:38+00:00\",\"dateModified\":\"2026-03-09T09:56:50+00:00\",\"description\":\"Comprar cebolla frita crujiente para ensaladas, tortillas, sofritos y aderezos. Ideal para s\u00e1ndwiches, hamburguesas y perritos con sabor aut\u00e9ntico.\",\"breadcrumb\":{\"@id\":\"https:\\\/\\\/labarraca1912.es\\\/tienda\\\/especias-y-condimentos\\\/cebolla-frita\\\/#breadcrumb\"},\"inLanguage\":\"fr-FR\",\"potentialAction\":[{\"@type\":\"ReadAction\",\"target\":[\"https:\\\/\\\/labarraca1912.es\\\/tienda\\\/especias-y-condimentos\\\/cebolla-frita\\\/\"]}]},{\"@type\":\"ImageObject\",\"inLanguage\":\"fr-FR\",\"@id\":\"https:\\\/\\\/labarraca1912.es\\\/tienda\\\/especias-y-condimentos\\\/cebolla-frita\\\/#primaryimage\",\"url\":\"https:\\\/\\\/labarraca1912.es\\\/wp-content\\\/uploads\\\/cebollafritamini2024.jpg\",\"contentUrl\":\"https:\\\/\\\/labarraca1912.es\\\/wp-content\\\/uploads\\\/cebollafritamini2024.jpg\",\"width\":800,\"height\":800},{\"@type\":\"BreadcrumbList\",\"@id\":\"https:\\\/\\\/labarraca1912.es\\\/tienda\\\/especias-y-condimentos\\\/cebolla-frita\\\/#breadcrumb\",\"itemListElement\":[{\"@type\":\"ListItem\",\"position\":1,\"name\":\"La Barraca\",\"item\":\"https:\\\/\\\/labarraca1912.es\\\/\"},{\"@type\":\"ListItem\",\"position\":2,\"name\":\"Tienda\",\"item\":\"https:\\\/\\\/labarraca1912.es\\\/tienda\\\/\"},{\"@type\":\"ListItem\",\"position\":3,\"name\":\"Cebolla Frita\"}]},{\"@type\":\"WebSite\",\"@id\":\"https:\\\/\\\/labarraca1912.es\\\/#website\",\"url\":\"https:\\\/\\\/labarraca1912.es\\\/\",\"name\":\"La Barraca\",\"description\":\"La Casa del Sabor\",\"publisher\":{\"@id\":\"https:\\\/\\\/labarraca1912.es\\\/#organization\"},\"potentialAction\":[{\"@type\":\"SearchAction\",\"target\":{\"@type\":\"EntryPoint\",\"urlTemplate\":\"https:\\\/\\\/labarraca1912.es\\\/?s={search_term_string}\"},\"query-input\":{\"@type\":\"PropertyValueSpecification\",\"valueRequired\":true,\"valueName\":\"search_term_string\"}}],\"inLanguage\":\"fr-FR\"},{\"@type\":\"Organization\",\"@id\":\"https:\\\/\\\/labarraca1912.es\\\/#organization\",\"name\":\"La Barraca 1912 Alimentacion\",\"url\":\"https:\\\/\\\/labarraca1912.es\\\/\",\"logo\":{\"@type\":\"ImageObject\",\"inLanguage\":\"fr-FR\",\"@id\":\"https:\\\/\\\/labarraca1912.es\\\/#\\\/schema\\\/logo\\\/image\\\/\",\"url\":\"https:\\\/\\\/labarraca1912.es\\\/wp-content\\\/uploads\\\/2019\\\/06\\\/logo-labarraca.png\",\"contentUrl\":\"https:\\\/\\\/labarraca1912.es\\\/wp-content\\\/uploads\\\/2019\\\/06\\\/logo-labarraca.png\",\"width\":2917,\"height\":1809,\"caption\":\"La Barraca 1912 Alimentacion\"},\"image\":{\"@id\":\"https:\\\/\\\/labarraca1912.es\\\/#\\\/schema\\\/logo\\\/image\\\/\"}}]}<\/script>\n<!-- \/ Yoast SEO plugin. -->","yoast_head_json":{"title":"Comprar cebolla frita | La Barraca","description":"Comprar cebolla frita crujiente para ensaladas, tortillas, sofritos y aderezos. Ideal para s\u00e1ndwiches, hamburguesas y perritos con sabor aut\u00e9ntico.","robots":{"index":"index","follow":"follow","max-snippet":"max-snippet:-1","max-image-preview":"max-image-preview:large","max-video-preview":"max-video-preview:-1"},"canonical":"https:\/\/labarraca1912.es\/fr\/tienda\/especias-y-condimentos\/cebolla-frita\/","og_locale":"fr_FR","og_type":"article","og_title":"Comprar cebolla frita | La Barraca","og_description":"Comprar cebolla frita crujiente para ensaladas, tortillas, sofritos y aderezos. Ideal para s\u00e1ndwiches, hamburguesas y perritos con sabor aut\u00e9ntico.","og_url":"https:\/\/labarraca1912.es\/fr\/tienda\/especias-y-condimentos\/cebolla-frita\/","og_site_name":"La Barraca","article_modified_time":"2026-03-09T09:56:50+00:00","og_image":[{"width":800,"height":800,"url":"https:\/\/labarraca1912.es\/wp-content\/uploads\/cebollafritamini2024.jpg","type":"image\/jpeg"}],"twitter_card":"summary_large_image","twitter_misc":{"Dur\u00e9e de lecture estim\u00e9e":"1 minute"},"schema":{"@context":"https:\/\/schema.org","@graph":[{"@type":"WebPage","@id":"https:\/\/labarraca1912.es\/tienda\/especias-y-condimentos\/cebolla-frita\/","url":"https:\/\/labarraca1912.es\/tienda\/especias-y-condimentos\/cebolla-frita\/","name":"Comprar cebolla frita | La Barraca","isPartOf":{"@id":"https:\/\/labarraca1912.es\/#website"},"primaryImageOfPage":{"@id":"https:\/\/labarraca1912.es\/tienda\/especias-y-condimentos\/cebolla-frita\/#primaryimage"},"image":{"@id":"https:\/\/labarraca1912.es\/tienda\/especias-y-condimentos\/cebolla-frita\/#primaryimage"},"thumbnailUrl":"https:\/\/labarraca1912.es\/wp-content\/uploads\/cebollafritamini2024.jpg","datePublished":"2019-09-09T15:22:38+00:00","dateModified":"2026-03-09T09:56:50+00:00","description":"Comprar cebolla frita crujiente para ensaladas, tortillas, sofritos y aderezos. Ideal para s\u00e1ndwiches, hamburguesas y perritos con sabor aut\u00e9ntico.","breadcrumb":{"@id":"https:\/\/labarraca1912.es\/tienda\/especias-y-condimentos\/cebolla-frita\/#breadcrumb"},"inLanguage":"fr-FR","potentialAction":[{"@type":"ReadAction","target":["https:\/\/labarraca1912.es\/tienda\/especias-y-condimentos\/cebolla-frita\/"]}]},{"@type":"ImageObject","inLanguage":"fr-FR","@id":"https:\/\/labarraca1912.es\/tienda\/especias-y-condimentos\/cebolla-frita\/#primaryimage","url":"https:\/\/labarraca1912.es\/wp-content\/uploads\/cebollafritamini2024.jpg","contentUrl":"https:\/\/labarraca1912.es\/wp-content\/uploads\/cebollafritamini2024.jpg","width":800,"height":800},{"@type":"BreadcrumbList","@id":"https:\/\/labarraca1912.es\/tienda\/especias-y-condimentos\/cebolla-frita\/#breadcrumb","itemListElement":[{"@type":"ListItem","position":1,"name":"La Barraca","item":"https:\/\/labarraca1912.es\/"},{"@type":"ListItem","position":2,"name":"Tienda","item":"https:\/\/labarraca1912.es\/tienda\/"},{"@type":"ListItem","position":3,"name":"Cebolla Frita"}]},{"@type":"WebSite","@id":"https:\/\/labarraca1912.es\/#website","url":"https:\/\/labarraca1912.es\/","name":"La Barraca","description":"La Casa del Sabor","publisher":{"@id":"https:\/\/labarraca1912.es\/#organization"},"potentialAction":[{"@type":"SearchAction","target":{"@type":"EntryPoint","urlTemplate":"https:\/\/labarraca1912.es\/?s={search_term_string}"},"query-input":{"@type":"PropertyValueSpecification","valueRequired":true,"valueName":"search_term_string"}}],"inLanguage":"fr-FR"},{"@type":"Organization","@id":"https:\/\/labarraca1912.es\/#organization","name":"La Barraca 1912 Alimentacion","url":"https:\/\/labarraca1912.es\/","logo":{"@type":"ImageObject","inLanguage":"fr-FR","@id":"https:\/\/labarraca1912.es\/#\/schema\/logo\/image\/","url":"https:\/\/labarraca1912.es\/wp-content\/uploads\/2019\/06\/logo-labarraca.png","contentUrl":"https:\/\/labarraca1912.es\/wp-content\/uploads\/2019\/06\/logo-labarraca.png","width":2917,"height":1809,"caption":"La Barraca 1912 Alimentacion"},"image":{"@id":"https:\/\/labarraca1912.es\/#\/schema\/logo\/image\/"}}]}},"_links":{"self":[{"href":"https:\/\/labarraca1912.es\/fr\/wp-json\/wp\/v2\/product\/1993","targetHints":{"allow":["GET"]}}],"collection":[{"href":"https:\/\/labarraca1912.es\/fr\/wp-json\/wp\/v2\/product"}],"about":[{"href":"https:\/\/labarraca1912.es\/fr\/wp-json\/wp\/v2\/types\/product"}],"replies":[{"embeddable":true,"href":"https:\/\/labarraca1912.es\/fr\/wp-json\/wp\/v2\/comments?post=1993"}],"wp:featuredmedia":[{"embeddable":true,"href":"https:\/\/labarraca1912.es\/fr\/wp-json\/wp\/v2\/media\/10636"}],"wp:attachment":[{"href":"https:\/\/labarraca1912.es\/fr\/wp-json\/wp\/v2\/media?parent=1993"}],"wp:term":[{"taxonomy":"product_brand","embeddable":true,"href":"https:\/\/labarraca1912.es\/fr\/wp-json\/wp\/v2\/product_brand?post=1993"},{"taxonomy":"product_cat","embeddable":true,"href":"https:\/\/labarraca1912.es\/fr\/wp-json\/wp\/v2\/product_cat?post=1993"},{"taxonomy":"product_tag","embeddable":true,"href":"https:\/\/labarraca1912.es\/fr\/wp-json\/wp\/v2\/product_tag?post=1993"}],"curies":[{"name":"wp","href":"https:\/\/api.w.org\/{rel}","templated":true}]}}