{"id":1998,"date":"2019-09-09T18:21:00","date_gmt":"2019-09-09T16:21:00","guid":{"rendered":"https:\/\/labarraca1912.es\/?post_type=product&#038;p=1998"},"modified":"2026-03-28T13:53:22","modified_gmt":"2026-03-28T12:53:22","slug":"curcuma","status":"publish","type":"product","link":"https:\/\/labarraca1912.es\/fr\/tienda\/especias-y-condimentos\/curcuma\/","title":{"rendered":"Curcuma"},"content":{"rendered":"<p>CURCUMA: Rhizome ou tige de racine s\u00e9ch\u00e9 et moulu. Il a un ar\u00f4me parfum\u00e9 semblable au poivre et au gingembre et donne une couleur semblable au safran, sa saveur est l\u00e9g\u00e8rement \u00e9pic\u00e9e et am\u00e8re.<\/p>\n<p><strong>Curcuma: <\/strong>On l'ajoute discr\u00e8tement aux cornichons, rago\u00fbts, plats de riz et salades. Indispensable dans la pr\u00e9paration du curry indien.<\/p>","protected":false},"excerpt":{"rendered":"<blockquote>\n<h2><strong>Curcuma<\/strong><\/h2>\n<\/blockquote>\n<p><img decoding=\"async\" class=\"alignnone wp-image-10937\" src=\"https:\/\/labarraca1912.es\/wp-content\/uploads\/glutenfree.jpg\" alt=\"\" width=\"203\" height=\"35\" \/><\/p>\n<p>Rhizome ou tige de racine s\u00e9ch\u00e9 et moulu. Il a un ar\u00f4me parfum\u00e9 semblable au poivre et au gingembre et donne une couleur semblable au safran, sa saveur est l\u00e9g\u00e8rement \u00e9pic\u00e9e et am\u00e8re. On l'ajoute discr\u00e8tement aux cornichons, rago\u00fbts, plats de riz et salades. Indispensable dans la pr\u00e9paration du curry indien.<\/p>\n<p><em><strong>Ingr\u00e9dients:<\/strong><\/em> Curcuma.<\/p>","protected":false},"featured_media":10637,"comment_status":"open","ping_status":"closed","template":"","meta":{"_et_pb_use_builder":"","_et_pb_old_content":"","_et_gb_content_width":""},"product_brand":[],"product_cat":[19,22],"product_tag":[39,106,38,105,72,36],"class_list":{"0":"post-1998","1":"product","2":"type-product","3":"status-publish","4":"has-post-thumbnail","6":"product_cat-especias-y-condimentos","7":"product_cat-sazonadores","8":"product_tag-arroz","9":"product_tag-color","10":"product_tag-colorante","11":"product_tag-guisos","12":"product_tag-natural","13":"product_tag-paella","15":"first","16":"instock","17":"taxable","18":"shipping-taxable","19":"purchasable","20":"product-type-variable"},"yoast_head":"<!-- This site is optimized with the Yoast SEO plugin v27.4 - https:\/\/yoast.com\/product\/yoast-seo-wordpress\/ -->\n<title>Comprar C\u00farcuma en Polvo | La Barraca<\/title>\n<meta name=\"description\" content=\"C\u00farcuma en polvo, rizoma seco y molido con aroma fragante y sabor ligeramente picante y amargo. Ideal para curry, guisos, arroces, ensaladas y encurtidos.\" \/>\n<meta name=\"robots\" content=\"index, follow, max-snippet:-1, max-image-preview:large, max-video-preview:-1\" \/>\n<link rel=\"canonical\" href=\"https:\/\/labarraca1912.es\/fr\/tienda\/especias-y-condimentos\/curcuma\/\" \/>\n<meta property=\"og:locale\" content=\"fr_FR\" \/>\n<meta property=\"og:type\" content=\"article\" \/>\n<meta property=\"og:title\" content=\"Comprar C\u00farcuma en Polvo | La Barraca\" \/>\n<meta property=\"og:description\" content=\"C\u00farcuma en polvo, rizoma seco y molido con aroma fragante y sabor ligeramente picante y amargo. Ideal para curry, guisos, arroces, ensaladas y encurtidos.\" \/>\n<meta property=\"og:url\" content=\"https:\/\/labarraca1912.es\/fr\/tienda\/especias-y-condimentos\/curcuma\/\" \/>\n<meta property=\"og:site_name\" content=\"La Barraca\" \/>\n<meta property=\"article:modified_time\" content=\"2026-03-28T12:53:22+00:00\" \/>\n<meta property=\"og:image\" content=\"https:\/\/labarraca1912.es\/wp-content\/uploads\/curcumamini2024.jpg\" \/>\n\t<meta property=\"og:image:width\" content=\"800\" \/>\n\t<meta property=\"og:image:height\" content=\"800\" \/>\n\t<meta property=\"og:image:type\" content=\"image\/jpeg\" \/>\n<meta name=\"twitter:card\" content=\"summary_large_image\" \/>\n<meta name=\"twitter:label1\" content=\"Dur\u00e9e de lecture estim\u00e9e\" \/>\n\t<meta name=\"twitter:data1\" content=\"1 minute\" \/>\n<script type=\"application\/ld+json\" class=\"yoast-schema-graph\">{\"@context\":\"https:\\\/\\\/schema.org\",\"@graph\":[{\"@type\":\"WebPage\",\"@id\":\"https:\\\/\\\/labarraca1912.es\\\/tienda\\\/especias-y-condimentos\\\/curcuma\\\/\",\"url\":\"https:\\\/\\\/labarraca1912.es\\\/tienda\\\/especias-y-condimentos\\\/curcuma\\\/\",\"name\":\"Comprar C\u00farcuma en Polvo | La Barraca\",\"isPartOf\":{\"@id\":\"https:\\\/\\\/labarraca1912.es\\\/#website\"},\"primaryImageOfPage\":{\"@id\":\"https:\\\/\\\/labarraca1912.es\\\/tienda\\\/especias-y-condimentos\\\/curcuma\\\/#primaryimage\"},\"image\":{\"@id\":\"https:\\\/\\\/labarraca1912.es\\\/tienda\\\/especias-y-condimentos\\\/curcuma\\\/#primaryimage\"},\"thumbnailUrl\":\"https:\\\/\\\/labarraca1912.es\\\/wp-content\\\/uploads\\\/curcumamini2024.jpg\",\"datePublished\":\"2019-09-09T16:21:00+00:00\",\"dateModified\":\"2026-03-28T12:53:22+00:00\",\"description\":\"C\u00farcuma en polvo, rizoma seco y molido con aroma fragante y sabor ligeramente picante y amargo. Ideal para curry, guisos, arroces, ensaladas y encurtidos.\",\"breadcrumb\":{\"@id\":\"https:\\\/\\\/labarraca1912.es\\\/tienda\\\/especias-y-condimentos\\\/curcuma\\\/#breadcrumb\"},\"inLanguage\":\"fr-FR\",\"potentialAction\":[{\"@type\":\"ReadAction\",\"target\":[\"https:\\\/\\\/labarraca1912.es\\\/tienda\\\/especias-y-condimentos\\\/curcuma\\\/\"]}]},{\"@type\":\"ImageObject\",\"inLanguage\":\"fr-FR\",\"@id\":\"https:\\\/\\\/labarraca1912.es\\\/tienda\\\/especias-y-condimentos\\\/curcuma\\\/#primaryimage\",\"url\":\"https:\\\/\\\/labarraca1912.es\\\/wp-content\\\/uploads\\\/curcumamini2024.jpg\",\"contentUrl\":\"https:\\\/\\\/labarraca1912.es\\\/wp-content\\\/uploads\\\/curcumamini2024.jpg\",\"width\":800,\"height\":800},{\"@type\":\"BreadcrumbList\",\"@id\":\"https:\\\/\\\/labarraca1912.es\\\/tienda\\\/especias-y-condimentos\\\/curcuma\\\/#breadcrumb\",\"itemListElement\":[{\"@type\":\"ListItem\",\"position\":1,\"name\":\"La Barraca\",\"item\":\"https:\\\/\\\/labarraca1912.es\\\/\"},{\"@type\":\"ListItem\",\"position\":2,\"name\":\"Tienda\",\"item\":\"https:\\\/\\\/labarraca1912.es\\\/tienda\\\/\"},{\"@type\":\"ListItem\",\"position\":3,\"name\":\"C\u00farcuma\"}]},{\"@type\":\"WebSite\",\"@id\":\"https:\\\/\\\/labarraca1912.es\\\/#website\",\"url\":\"https:\\\/\\\/labarraca1912.es\\\/\",\"name\":\"La Barraca\",\"description\":\"La Casa del Sabor\",\"publisher\":{\"@id\":\"https:\\\/\\\/labarraca1912.es\\\/#organization\"},\"potentialAction\":[{\"@type\":\"SearchAction\",\"target\":{\"@type\":\"EntryPoint\",\"urlTemplate\":\"https:\\\/\\\/labarraca1912.es\\\/?s={search_term_string}\"},\"query-input\":{\"@type\":\"PropertyValueSpecification\",\"valueRequired\":true,\"valueName\":\"search_term_string\"}}],\"inLanguage\":\"fr-FR\"},{\"@type\":\"Organization\",\"@id\":\"https:\\\/\\\/labarraca1912.es\\\/#organization\",\"name\":\"La Barraca 1912 Alimentacion\",\"url\":\"https:\\\/\\\/labarraca1912.es\\\/\",\"logo\":{\"@type\":\"ImageObject\",\"inLanguage\":\"fr-FR\",\"@id\":\"https:\\\/\\\/labarraca1912.es\\\/#\\\/schema\\\/logo\\\/image\\\/\",\"url\":\"https:\\\/\\\/labarraca1912.es\\\/wp-content\\\/uploads\\\/2019\\\/06\\\/logo-labarraca.png\",\"contentUrl\":\"https:\\\/\\\/labarraca1912.es\\\/wp-content\\\/uploads\\\/2019\\\/06\\\/logo-labarraca.png\",\"width\":2917,\"height\":1809,\"caption\":\"La Barraca 1912 Alimentacion\"},\"image\":{\"@id\":\"https:\\\/\\\/labarraca1912.es\\\/#\\\/schema\\\/logo\\\/image\\\/\"}}]}<\/script>\n<!-- \/ Yoast SEO plugin. -->","yoast_head_json":{"title":"Comprar C\u00farcuma en Polvo | La Barraca","description":"C\u00farcuma en polvo, rizoma seco y molido con aroma fragante y sabor ligeramente picante y amargo. Ideal para curry, guisos, arroces, ensaladas y encurtidos.","robots":{"index":"index","follow":"follow","max-snippet":"max-snippet:-1","max-image-preview":"max-image-preview:large","max-video-preview":"max-video-preview:-1"},"canonical":"https:\/\/labarraca1912.es\/fr\/tienda\/especias-y-condimentos\/curcuma\/","og_locale":"fr_FR","og_type":"article","og_title":"Comprar C\u00farcuma en Polvo | La Barraca","og_description":"C\u00farcuma en polvo, rizoma seco y molido con aroma fragante y sabor ligeramente picante y amargo. Ideal para curry, guisos, arroces, ensaladas y encurtidos.","og_url":"https:\/\/labarraca1912.es\/fr\/tienda\/especias-y-condimentos\/curcuma\/","og_site_name":"La Barraca","article_modified_time":"2026-03-28T12:53:22+00:00","og_image":[{"width":800,"height":800,"url":"https:\/\/labarraca1912.es\/wp-content\/uploads\/curcumamini2024.jpg","type":"image\/jpeg"}],"twitter_card":"summary_large_image","twitter_misc":{"Dur\u00e9e de lecture estim\u00e9e":"1 minute"},"schema":{"@context":"https:\/\/schema.org","@graph":[{"@type":"WebPage","@id":"https:\/\/labarraca1912.es\/tienda\/especias-y-condimentos\/curcuma\/","url":"https:\/\/labarraca1912.es\/tienda\/especias-y-condimentos\/curcuma\/","name":"Comprar C\u00farcuma en Polvo | La Barraca","isPartOf":{"@id":"https:\/\/labarraca1912.es\/#website"},"primaryImageOfPage":{"@id":"https:\/\/labarraca1912.es\/tienda\/especias-y-condimentos\/curcuma\/#primaryimage"},"image":{"@id":"https:\/\/labarraca1912.es\/tienda\/especias-y-condimentos\/curcuma\/#primaryimage"},"thumbnailUrl":"https:\/\/labarraca1912.es\/wp-content\/uploads\/curcumamini2024.jpg","datePublished":"2019-09-09T16:21:00+00:00","dateModified":"2026-03-28T12:53:22+00:00","description":"C\u00farcuma en polvo, rizoma seco y molido con aroma fragante y sabor ligeramente picante y amargo. Ideal para curry, guisos, arroces, ensaladas y encurtidos.","breadcrumb":{"@id":"https:\/\/labarraca1912.es\/tienda\/especias-y-condimentos\/curcuma\/#breadcrumb"},"inLanguage":"fr-FR","potentialAction":[{"@type":"ReadAction","target":["https:\/\/labarraca1912.es\/tienda\/especias-y-condimentos\/curcuma\/"]}]},{"@type":"ImageObject","inLanguage":"fr-FR","@id":"https:\/\/labarraca1912.es\/tienda\/especias-y-condimentos\/curcuma\/#primaryimage","url":"https:\/\/labarraca1912.es\/wp-content\/uploads\/curcumamini2024.jpg","contentUrl":"https:\/\/labarraca1912.es\/wp-content\/uploads\/curcumamini2024.jpg","width":800,"height":800},{"@type":"BreadcrumbList","@id":"https:\/\/labarraca1912.es\/tienda\/especias-y-condimentos\/curcuma\/#breadcrumb","itemListElement":[{"@type":"ListItem","position":1,"name":"La Barraca","item":"https:\/\/labarraca1912.es\/"},{"@type":"ListItem","position":2,"name":"Tienda","item":"https:\/\/labarraca1912.es\/tienda\/"},{"@type":"ListItem","position":3,"name":"C\u00farcuma"}]},{"@type":"WebSite","@id":"https:\/\/labarraca1912.es\/#website","url":"https:\/\/labarraca1912.es\/","name":"La Barraca","description":"La Casa del Sabor","publisher":{"@id":"https:\/\/labarraca1912.es\/#organization"},"potentialAction":[{"@type":"SearchAction","target":{"@type":"EntryPoint","urlTemplate":"https:\/\/labarraca1912.es\/?s={search_term_string}"},"query-input":{"@type":"PropertyValueSpecification","valueRequired":true,"valueName":"search_term_string"}}],"inLanguage":"fr-FR"},{"@type":"Organization","@id":"https:\/\/labarraca1912.es\/#organization","name":"La Barraca 1912 Alimentacion","url":"https:\/\/labarraca1912.es\/","logo":{"@type":"ImageObject","inLanguage":"fr-FR","@id":"https:\/\/labarraca1912.es\/#\/schema\/logo\/image\/","url":"https:\/\/labarraca1912.es\/wp-content\/uploads\/2019\/06\/logo-labarraca.png","contentUrl":"https:\/\/labarraca1912.es\/wp-content\/uploads\/2019\/06\/logo-labarraca.png","width":2917,"height":1809,"caption":"La Barraca 1912 Alimentacion"},"image":{"@id":"https:\/\/labarraca1912.es\/#\/schema\/logo\/image\/"}}]}},"_links":{"self":[{"href":"https:\/\/labarraca1912.es\/fr\/wp-json\/wp\/v2\/product\/1998","targetHints":{"allow":["GET"]}}],"collection":[{"href":"https:\/\/labarraca1912.es\/fr\/wp-json\/wp\/v2\/product"}],"about":[{"href":"https:\/\/labarraca1912.es\/fr\/wp-json\/wp\/v2\/types\/product"}],"replies":[{"embeddable":true,"href":"https:\/\/labarraca1912.es\/fr\/wp-json\/wp\/v2\/comments?post=1998"}],"wp:featuredmedia":[{"embeddable":true,"href":"https:\/\/labarraca1912.es\/fr\/wp-json\/wp\/v2\/media\/10637"}],"wp:attachment":[{"href":"https:\/\/labarraca1912.es\/fr\/wp-json\/wp\/v2\/media?parent=1998"}],"wp:term":[{"taxonomy":"product_brand","embeddable":true,"href":"https:\/\/labarraca1912.es\/fr\/wp-json\/wp\/v2\/product_brand?post=1998"},{"taxonomy":"product_cat","embeddable":true,"href":"https:\/\/labarraca1912.es\/fr\/wp-json\/wp\/v2\/product_cat?post=1998"},{"taxonomy":"product_tag","embeddable":true,"href":"https:\/\/labarraca1912.es\/fr\/wp-json\/wp\/v2\/product_tag?post=1998"}],"curies":[{"name":"wp","href":"https:\/\/api.w.org\/{rel}","templated":true}]}}