{"id":2038,"date":"2019-09-12T10:26:44","date_gmt":"2019-09-12T08:26:44","guid":{"rendered":"https:\/\/labarraca1912.es\/?post_type=product&#038;p=2038"},"modified":"2026-04-23T07:24:20","modified_gmt":"2026-04-23T05:24:20","slug":"sazonador-pollo","status":"publish","type":"product","link":"https:\/\/labarraca1912.es\/fr\/tienda\/sazonadores\/sazonador-pollo\/","title":{"rendered":"Assaisonnement Poulet"},"content":{"rendered":"<p>ASSAISONNEMENT POULET: Assaisonnement compos\u00e9 d'un m\u00e9lange d'\u00e9pices moulues et d'assaisonnements sp\u00e9cialement formul\u00e9s pour le Poulet. Rehausse les saveurs de plusieurs pr\u00e9parations de poulet.<\/p>\n<p><strong>Assaisonnement Poulet:<\/strong> Utilis\u00e9 pour donner une saveur et un ar\u00f4me particuliers au poulet, quelle que soit sa pr\u00e9paration, qu'elle soit grill\u00e9e ou grill\u00e9e.<\/p>","protected":false},"excerpt":{"rendered":"<blockquote>\n<h2><strong>Assaisonnement Poulet<\/strong><\/h2>\n<\/blockquote>\n<p><img decoding=\"async\" class=\"alignnone wp-image-10937\" src=\"https:\/\/labarraca1912.es\/wp-content\/uploads\/glutenfree.jpg\" alt=\"\" width=\"203\" height=\"35\" \/><\/p>\n<p>Assaisonnement compos\u00e9 d'un m\u00e9lange d'\u00e9pices moulues et d'assaisonnements sp\u00e9cialement formul\u00e9s pour le Poulet. Rehausse les saveurs de plusieurs pr\u00e9parations de poulet. Utilis\u00e9 pour donner une saveur et un ar\u00f4me particuliers au poulet, quelle que soit sa pr\u00e9paration, qu'elle soit grill\u00e9e ou grill\u00e9e.<\/p>\n<p><em><strong>Ingr\u00e9dients:<\/strong><\/em> Sel, \u00e9pices (paprika, poivre, romarin, muscade et marjolaine) et ar\u00f4mes.<\/p>\n<p>Ajoutez 20 g\/kg \u00e0 la viande selon le degr\u00e9 de salinit\u00e9 que vous souhaitez obtenir.<\/p>","protected":false},"featured_media":10644,"comment_status":"open","ping_status":"closed","template":"","meta":{"_et_pb_use_builder":"","_et_pb_old_content":"","_et_gb_content_width":""},"product_brand":[],"product_cat":[22],"product_tag":[92,93,119],"class_list":{"0":"post-2038","1":"product","2":"type-product","3":"status-publish","4":"has-post-thumbnail","6":"product_cat-sazonadores","7":"product_tag-curry","8":"product_tag-pollo","9":"product_tag-sazonador","11":"first","12":"instock","13":"taxable","14":"shipping-taxable","15":"purchasable","16":"product-type-variable"},"yoast_head":"<!-- This site is optimized with the Yoast SEO plugin v27.5 - https:\/\/yoast.com\/product\/yoast-seo-wordpress\/ -->\n<title>Comprar sazonador de pollo | La Barraca<\/title>\n<meta name=\"description\" content=\"Comprar sazonador de pollo de alta calidad en La Barraca. Dale un sabor irresistible y jugoso a tus recetas con nuestra mezcla especial de especias.\" \/>\n<meta name=\"robots\" content=\"index, follow, max-snippet:-1, max-image-preview:large, max-video-preview:-1\" \/>\n<link rel=\"canonical\" href=\"https:\/\/labarraca1912.es\/fr\/tienda\/sazonadores\/sazonador-pollo\/\" \/>\n<meta property=\"og:locale\" content=\"fr_FR\" \/>\n<meta property=\"og:type\" content=\"article\" \/>\n<meta property=\"og:title\" content=\"Comprar sazonador de pollo | La Barraca\" \/>\n<meta property=\"og:description\" content=\"Comprar sazonador de pollo de alta calidad en La Barraca. Dale un sabor irresistible y jugoso a tus recetas con nuestra mezcla especial de especias.\" \/>\n<meta property=\"og:url\" content=\"https:\/\/labarraca1912.es\/fr\/tienda\/sazonadores\/sazonador-pollo\/\" \/>\n<meta property=\"og:site_name\" content=\"La Barraca\" \/>\n<meta property=\"article:modified_time\" content=\"2026-04-23T05:24:20+00:00\" \/>\n<meta property=\"og:image\" content=\"https:\/\/labarraca1912.es\/wp-content\/uploads\/sazonadorpollosmini2024.jpg\" \/>\n\t<meta property=\"og:image:width\" content=\"800\" \/>\n\t<meta property=\"og:image:height\" content=\"800\" \/>\n\t<meta property=\"og:image:type\" content=\"image\/jpeg\" \/>\n<meta name=\"twitter:card\" content=\"summary_large_image\" \/>\n<meta name=\"twitter:label1\" content=\"Dur\u00e9e de lecture estim\u00e9e\" \/>\n\t<meta name=\"twitter:data1\" content=\"1 minute\" \/>\n<script type=\"application\/ld+json\" class=\"yoast-schema-graph\">{\"@context\":\"https:\\\/\\\/schema.org\",\"@graph\":[{\"@type\":\"WebPage\",\"@id\":\"https:\\\/\\\/labarraca1912.es\\\/tienda\\\/sazonadores\\\/sazonador-pollo\\\/\",\"url\":\"https:\\\/\\\/labarraca1912.es\\\/tienda\\\/sazonadores\\\/sazonador-pollo\\\/\",\"name\":\"Comprar sazonador de pollo | La Barraca\",\"isPartOf\":{\"@id\":\"https:\\\/\\\/labarraca1912.es\\\/#website\"},\"primaryImageOfPage\":{\"@id\":\"https:\\\/\\\/labarraca1912.es\\\/tienda\\\/sazonadores\\\/sazonador-pollo\\\/#primaryimage\"},\"image\":{\"@id\":\"https:\\\/\\\/labarraca1912.es\\\/tienda\\\/sazonadores\\\/sazonador-pollo\\\/#primaryimage\"},\"thumbnailUrl\":\"https:\\\/\\\/labarraca1912.es\\\/wp-content\\\/uploads\\\/sazonadorpollosmini2024.jpg\",\"datePublished\":\"2019-09-12T08:26:44+00:00\",\"dateModified\":\"2026-04-23T05:24:20+00:00\",\"description\":\"Comprar sazonador de pollo de alta calidad en La Barraca. Dale un sabor irresistible y jugoso a tus recetas con nuestra mezcla especial de especias.\",\"breadcrumb\":{\"@id\":\"https:\\\/\\\/labarraca1912.es\\\/tienda\\\/sazonadores\\\/sazonador-pollo\\\/#breadcrumb\"},\"inLanguage\":\"fr-FR\",\"potentialAction\":[{\"@type\":\"ReadAction\",\"target\":[\"https:\\\/\\\/labarraca1912.es\\\/tienda\\\/sazonadores\\\/sazonador-pollo\\\/\"]}]},{\"@type\":\"ImageObject\",\"inLanguage\":\"fr-FR\",\"@id\":\"https:\\\/\\\/labarraca1912.es\\\/tienda\\\/sazonadores\\\/sazonador-pollo\\\/#primaryimage\",\"url\":\"https:\\\/\\\/labarraca1912.es\\\/wp-content\\\/uploads\\\/sazonadorpollosmini2024.jpg\",\"contentUrl\":\"https:\\\/\\\/labarraca1912.es\\\/wp-content\\\/uploads\\\/sazonadorpollosmini2024.jpg\",\"width\":800,\"height\":800},{\"@type\":\"BreadcrumbList\",\"@id\":\"https:\\\/\\\/labarraca1912.es\\\/tienda\\\/sazonadores\\\/sazonador-pollo\\\/#breadcrumb\",\"itemListElement\":[{\"@type\":\"ListItem\",\"position\":1,\"name\":\"La Barraca\",\"item\":\"https:\\\/\\\/labarraca1912.es\\\/\"},{\"@type\":\"ListItem\",\"position\":2,\"name\":\"Tienda\",\"item\":\"https:\\\/\\\/labarraca1912.es\\\/tienda\\\/\"},{\"@type\":\"ListItem\",\"position\":3,\"name\":\"Sazonador Pollo\"}]},{\"@type\":\"WebSite\",\"@id\":\"https:\\\/\\\/labarraca1912.es\\\/#website\",\"url\":\"https:\\\/\\\/labarraca1912.es\\\/\",\"name\":\"La Barraca\",\"description\":\"La Casa del Sabor\",\"publisher\":{\"@id\":\"https:\\\/\\\/labarraca1912.es\\\/#organization\"},\"potentialAction\":[{\"@type\":\"SearchAction\",\"target\":{\"@type\":\"EntryPoint\",\"urlTemplate\":\"https:\\\/\\\/labarraca1912.es\\\/?s={search_term_string}\"},\"query-input\":{\"@type\":\"PropertyValueSpecification\",\"valueRequired\":true,\"valueName\":\"search_term_string\"}}],\"inLanguage\":\"fr-FR\"},{\"@type\":\"Organization\",\"@id\":\"https:\\\/\\\/labarraca1912.es\\\/#organization\",\"name\":\"La Barraca 1912 Alimentacion\",\"url\":\"https:\\\/\\\/labarraca1912.es\\\/\",\"logo\":{\"@type\":\"ImageObject\",\"inLanguage\":\"fr-FR\",\"@id\":\"https:\\\/\\\/labarraca1912.es\\\/#\\\/schema\\\/logo\\\/image\\\/\",\"url\":\"https:\\\/\\\/labarraca1912.es\\\/wp-content\\\/uploads\\\/2019\\\/06\\\/logo-labarraca.png\",\"contentUrl\":\"https:\\\/\\\/labarraca1912.es\\\/wp-content\\\/uploads\\\/2019\\\/06\\\/logo-labarraca.png\",\"width\":2917,\"height\":1809,\"caption\":\"La Barraca 1912 Alimentacion\"},\"image\":{\"@id\":\"https:\\\/\\\/labarraca1912.es\\\/#\\\/schema\\\/logo\\\/image\\\/\"}}]}<\/script>\n<!-- \/ Yoast SEO plugin. -->","yoast_head_json":{"title":"Comprar sazonador de pollo | La Barraca","description":"Comprar sazonador de pollo de alta calidad en La Barraca. Dale un sabor irresistible y jugoso a tus recetas con nuestra mezcla especial de especias.","robots":{"index":"index","follow":"follow","max-snippet":"max-snippet:-1","max-image-preview":"max-image-preview:large","max-video-preview":"max-video-preview:-1"},"canonical":"https:\/\/labarraca1912.es\/fr\/tienda\/sazonadores\/sazonador-pollo\/","og_locale":"fr_FR","og_type":"article","og_title":"Comprar sazonador de pollo | La Barraca","og_description":"Comprar sazonador de pollo de alta calidad en La Barraca. Dale un sabor irresistible y jugoso a tus recetas con nuestra mezcla especial de especias.","og_url":"https:\/\/labarraca1912.es\/fr\/tienda\/sazonadores\/sazonador-pollo\/","og_site_name":"La Barraca","article_modified_time":"2026-04-23T05:24:20+00:00","og_image":[{"width":800,"height":800,"url":"https:\/\/labarraca1912.es\/wp-content\/uploads\/sazonadorpollosmini2024.jpg","type":"image\/jpeg"}],"twitter_card":"summary_large_image","twitter_misc":{"Dur\u00e9e de lecture estim\u00e9e":"1 minute"},"schema":{"@context":"https:\/\/schema.org","@graph":[{"@type":"WebPage","@id":"https:\/\/labarraca1912.es\/tienda\/sazonadores\/sazonador-pollo\/","url":"https:\/\/labarraca1912.es\/tienda\/sazonadores\/sazonador-pollo\/","name":"Comprar sazonador de pollo | La Barraca","isPartOf":{"@id":"https:\/\/labarraca1912.es\/#website"},"primaryImageOfPage":{"@id":"https:\/\/labarraca1912.es\/tienda\/sazonadores\/sazonador-pollo\/#primaryimage"},"image":{"@id":"https:\/\/labarraca1912.es\/tienda\/sazonadores\/sazonador-pollo\/#primaryimage"},"thumbnailUrl":"https:\/\/labarraca1912.es\/wp-content\/uploads\/sazonadorpollosmini2024.jpg","datePublished":"2019-09-12T08:26:44+00:00","dateModified":"2026-04-23T05:24:20+00:00","description":"Comprar sazonador de pollo de alta calidad en La Barraca. Dale un sabor irresistible y jugoso a tus recetas con nuestra mezcla especial de especias.","breadcrumb":{"@id":"https:\/\/labarraca1912.es\/tienda\/sazonadores\/sazonador-pollo\/#breadcrumb"},"inLanguage":"fr-FR","potentialAction":[{"@type":"ReadAction","target":["https:\/\/labarraca1912.es\/tienda\/sazonadores\/sazonador-pollo\/"]}]},{"@type":"ImageObject","inLanguage":"fr-FR","@id":"https:\/\/labarraca1912.es\/tienda\/sazonadores\/sazonador-pollo\/#primaryimage","url":"https:\/\/labarraca1912.es\/wp-content\/uploads\/sazonadorpollosmini2024.jpg","contentUrl":"https:\/\/labarraca1912.es\/wp-content\/uploads\/sazonadorpollosmini2024.jpg","width":800,"height":800},{"@type":"BreadcrumbList","@id":"https:\/\/labarraca1912.es\/tienda\/sazonadores\/sazonador-pollo\/#breadcrumb","itemListElement":[{"@type":"ListItem","position":1,"name":"La Barraca","item":"https:\/\/labarraca1912.es\/"},{"@type":"ListItem","position":2,"name":"Tienda","item":"https:\/\/labarraca1912.es\/tienda\/"},{"@type":"ListItem","position":3,"name":"Sazonador Pollo"}]},{"@type":"WebSite","@id":"https:\/\/labarraca1912.es\/#website","url":"https:\/\/labarraca1912.es\/","name":"La Barraca","description":"La Casa del Sabor","publisher":{"@id":"https:\/\/labarraca1912.es\/#organization"},"potentialAction":[{"@type":"SearchAction","target":{"@type":"EntryPoint","urlTemplate":"https:\/\/labarraca1912.es\/?s={search_term_string}"},"query-input":{"@type":"PropertyValueSpecification","valueRequired":true,"valueName":"search_term_string"}}],"inLanguage":"fr-FR"},{"@type":"Organization","@id":"https:\/\/labarraca1912.es\/#organization","name":"La Barraca 1912 Alimentacion","url":"https:\/\/labarraca1912.es\/","logo":{"@type":"ImageObject","inLanguage":"fr-FR","@id":"https:\/\/labarraca1912.es\/#\/schema\/logo\/image\/","url":"https:\/\/labarraca1912.es\/wp-content\/uploads\/2019\/06\/logo-labarraca.png","contentUrl":"https:\/\/labarraca1912.es\/wp-content\/uploads\/2019\/06\/logo-labarraca.png","width":2917,"height":1809,"caption":"La Barraca 1912 Alimentacion"},"image":{"@id":"https:\/\/labarraca1912.es\/#\/schema\/logo\/image\/"}}]}},"_links":{"self":[{"href":"https:\/\/labarraca1912.es\/fr\/wp-json\/wp\/v2\/product\/2038","targetHints":{"allow":["GET"]}}],"collection":[{"href":"https:\/\/labarraca1912.es\/fr\/wp-json\/wp\/v2\/product"}],"about":[{"href":"https:\/\/labarraca1912.es\/fr\/wp-json\/wp\/v2\/types\/product"}],"replies":[{"embeddable":true,"href":"https:\/\/labarraca1912.es\/fr\/wp-json\/wp\/v2\/comments?post=2038"}],"wp:featuredmedia":[{"embeddable":true,"href":"https:\/\/labarraca1912.es\/fr\/wp-json\/wp\/v2\/media\/10644"}],"wp:attachment":[{"href":"https:\/\/labarraca1912.es\/fr\/wp-json\/wp\/v2\/media?parent=2038"}],"wp:term":[{"taxonomy":"product_brand","embeddable":true,"href":"https:\/\/labarraca1912.es\/fr\/wp-json\/wp\/v2\/product_brand?post=2038"},{"taxonomy":"product_cat","embeddable":true,"href":"https:\/\/labarraca1912.es\/fr\/wp-json\/wp\/v2\/product_cat?post=2038"},{"taxonomy":"product_tag","embeddable":true,"href":"https:\/\/labarraca1912.es\/fr\/wp-json\/wp\/v2\/product_tag?post=2038"}],"curies":[{"name":"wp","href":"https:\/\/api.w.org\/{rel}","templated":true}]}}