{"id":2922,"date":"2019-11-29T09:42:07","date_gmt":"2019-11-29T08:42:07","guid":{"rendered":"https:\/\/labarraca1912.es\/?post_type=product&#038;p=2922"},"modified":"2025-03-12T09:07:56","modified_gmt":"2025-03-12T08:07:56","slug":"bolsa-1000g-pimenton-dulce","status":"publish","type":"product","link":"https:\/\/labarraca1912.es\/fr\/tienda\/especias-y-condimentos\/bolsa-1000g-pimenton-dulce\/","title":{"rendered":"Bolsa 1000g Piment\u00f3n Dulce"},"content":{"rendered":"<p>PIMENT\u00d3N DULCE &#8211; 1000G: El Piment\u00f3n procede de Am\u00e9rica y su uso est\u00e1 extendido en todo el mundo. Es un condimento en polvo de color rojo y sabor caracter\u00edstico obtenido a partir del secado y molido de determinadas variedades de pimientos rojos. Aporta un toque muy especial en los platos a los que se a\u00f1ade como pueden ser arroces, paellas, patatas, adobo de chorizos o pulpo a la gallega.<\/p>\n<p><strong>Piment Doux:<\/strong>\u00a0Il donne une teinte rouge aux aliments dans lesquels il est incorpor\u00e9, en plus de la saveur et de l'ar\u00f4me caract\u00e9ristiques.<\/p>","protected":false},"excerpt":{"rendered":"<h2><\/h2>\n<blockquote>\n<h2><strong>Piment Doux<\/strong> 1000g<\/h2>\n<\/blockquote>\n<p>Le Piment vient d\u2019Am\u00e9rique et son utilisation est r\u00e9pandue dans le monde entier. Il s'agit d'un assaisonnement en poudre de couleur rouge et de saveur caract\u00e9ristique obtenu par s\u00e9chage et broyage de certaines vari\u00e9t\u00e9s de poivrons rouges. Il apporte une touche tr\u00e8s particuli\u00e8re aux plats auxquels il est ajout\u00e9, comme le riz, les paellas, les pommes de terre, la marinade de chorizo \u200b\u200bou le poulpe \u00e0 la galicienne.<\/p>\n<h3><a href=\"https:\/\/labarraca1912.es\/fr\/fichas-tecnicas\/FT%20PIMENTON%20DULCE.pdf\/\"><img decoding=\"async\" class=\"alignnone wp-image-875\" src=\"https:\/\/labarraca1912.es\/wp-content\/uploads\/2019\/08\/icon-folder-300x300.png\" alt=\"\" width=\"21\" height=\"21\" srcset=\"https:\/\/labarraca1912.es\/wp-content\/uploads\/2019\/08\/icon-folder-300x300.png 300w, https:\/\/labarraca1912.es\/wp-content\/uploads\/2019\/08\/icon-folder-150x150.png 150w, https:\/\/labarraca1912.es\/wp-content\/uploads\/2019\/08\/icon-folder-100x100.png 100w, https:\/\/labarraca1912.es\/wp-content\/uploads\/2019\/08\/icon-folder.png 739w\" sizes=\"(max-width: 21px) 100vw, 21px\" \/>\u00a0<span style=\"color: #ad9115;\"><strong>Ficha T\u00e9cnica<\/strong><\/span><\/a><\/h3>\n<div class='et-learn-more clearfix'>\n\t\t\t\t\t<h3 class='heading-more'>Formatos<span class='et_learnmore_arrow'><span><\/span><\/span><\/h3>\n\t\t\t\t\t<div class='learn-more-content'>Bolsa 1000g<\/div>\n\t\t\t\t<\/div>\n<p>&nbsp;<\/p>\n<p>&nbsp;<\/p>","protected":false},"featured_media":2923,"comment_status":"open","ping_status":"closed","template":"","meta":{"_et_pb_use_builder":"","_et_pb_old_content":"","_et_gb_content_width":""},"product_brand":[],"product_cat":[23,19],"product_tag":[39,35,38,36,40,37],"class_list":{"0":"post-2922","1":"product","2":"type-product","3":"status-publish","4":"has-post-thumbnail","6":"product_cat-pimenton","7":"product_cat-especias-y-condimentos","8":"product_tag-arroz","9":"product_tag-azafran","10":"product_tag-colorante","11":"product_tag-paella","12":"product_tag-pimenton","13":"product_tag-saffron","15":"first","16":"outofstock","17":"taxable","18":"shipping-taxable","19":"purchasable","20":"product-type-simple"},"yoast_head":"<!-- This site is optimized with the Yoast SEO plugin v27.5 - https:\/\/yoast.com\/product\/yoast-seo-wordpress\/ -->\n<title>Bolsa 1000g Piment\u00f3n Dulce - La Barraca<\/title>\n<meta name=\"robots\" content=\"index, follow, max-snippet:-1, max-image-preview:large, max-video-preview:-1\" \/>\n<link rel=\"canonical\" href=\"https:\/\/labarraca1912.es\/fr\/tienda\/especias-y-condimentos\/bolsa-1000g-pimenton-dulce\/\" \/>\n<meta property=\"og:locale\" content=\"fr_FR\" \/>\n<meta property=\"og:type\" content=\"article\" \/>\n<meta property=\"og:title\" content=\"Bolsa 1000g Piment\u00f3n Dulce - La Barraca\" \/>\n<meta property=\"og:description\" content=\"Piment\u00f3n Dulce 1000g  El Piment\u00f3n procede de Am\u00e9rica y su uso est\u00e1 extendido en todo el mundo. Es un condimento en polvo de color rojo y sabor caracter\u00edstico obtenido a partir del secado y molido de determinadas variedades de pimientos rojos. Aporta un toque muy especial en los platos a los que se a\u00f1ade como pueden ser arroces, paellas, patatas, adobo de chorizos o pulpo a la gallega. \u00a0Ficha T\u00e9cnica   &nbsp;  &nbsp;\" \/>\n<meta property=\"og:url\" content=\"https:\/\/labarraca1912.es\/fr\/tienda\/especias-y-condimentos\/bolsa-1000g-pimenton-dulce\/\" \/>\n<meta property=\"og:site_name\" content=\"La Barraca\" \/>\n<meta property=\"article:modified_time\" content=\"2025-03-12T08:07:56+00:00\" \/>\n<meta property=\"og:image\" content=\"https:\/\/labarraca1912.es\/wp-content\/uploads\/2019\/11\/piment\u00f3ndulce.jpg\" \/>\n\t<meta property=\"og:image:width\" content=\"800\" \/>\n\t<meta property=\"og:image:height\" content=\"800\" \/>\n\t<meta property=\"og:image:type\" content=\"image\/jpeg\" \/>\n<meta name=\"twitter:card\" content=\"summary_large_image\" \/>\n<script type=\"application\/ld+json\" class=\"yoast-schema-graph\">{\"@context\":\"https:\\\/\\\/schema.org\",\"@graph\":[{\"@type\":\"WebPage\",\"@id\":\"https:\\\/\\\/labarraca1912.es\\\/tienda\\\/especias-y-condimentos\\\/bolsa-1000g-pimenton-dulce\\\/\",\"url\":\"https:\\\/\\\/labarraca1912.es\\\/tienda\\\/especias-y-condimentos\\\/bolsa-1000g-pimenton-dulce\\\/\",\"name\":\"Bolsa 1000g Piment\u00f3n Dulce - La Barraca\",\"isPartOf\":{\"@id\":\"https:\\\/\\\/labarraca1912.es\\\/#website\"},\"primaryImageOfPage\":{\"@id\":\"https:\\\/\\\/labarraca1912.es\\\/tienda\\\/especias-y-condimentos\\\/bolsa-1000g-pimenton-dulce\\\/#primaryimage\"},\"image\":{\"@id\":\"https:\\\/\\\/labarraca1912.es\\\/tienda\\\/especias-y-condimentos\\\/bolsa-1000g-pimenton-dulce\\\/#primaryimage\"},\"thumbnailUrl\":\"https:\\\/\\\/labarraca1912.es\\\/wp-content\\\/uploads\\\/2019\\\/11\\\/piment\u00f3ndulce.jpg\",\"datePublished\":\"2019-11-29T08:42:07+00:00\",\"dateModified\":\"2025-03-12T08:07:56+00:00\",\"breadcrumb\":{\"@id\":\"https:\\\/\\\/labarraca1912.es\\\/tienda\\\/especias-y-condimentos\\\/bolsa-1000g-pimenton-dulce\\\/#breadcrumb\"},\"inLanguage\":\"fr-FR\",\"potentialAction\":[{\"@type\":\"ReadAction\",\"target\":[\"https:\\\/\\\/labarraca1912.es\\\/tienda\\\/especias-y-condimentos\\\/bolsa-1000g-pimenton-dulce\\\/\"]}]},{\"@type\":\"ImageObject\",\"inLanguage\":\"fr-FR\",\"@id\":\"https:\\\/\\\/labarraca1912.es\\\/tienda\\\/especias-y-condimentos\\\/bolsa-1000g-pimenton-dulce\\\/#primaryimage\",\"url\":\"https:\\\/\\\/labarraca1912.es\\\/wp-content\\\/uploads\\\/2019\\\/11\\\/piment\u00f3ndulce.jpg\",\"contentUrl\":\"https:\\\/\\\/labarraca1912.es\\\/wp-content\\\/uploads\\\/2019\\\/11\\\/piment\u00f3ndulce.jpg\",\"width\":800,\"height\":800},{\"@type\":\"BreadcrumbList\",\"@id\":\"https:\\\/\\\/labarraca1912.es\\\/tienda\\\/especias-y-condimentos\\\/bolsa-1000g-pimenton-dulce\\\/#breadcrumb\",\"itemListElement\":[{\"@type\":\"ListItem\",\"position\":1,\"name\":\"La Barraca\",\"item\":\"https:\\\/\\\/labarraca1912.es\\\/\"},{\"@type\":\"ListItem\",\"position\":2,\"name\":\"Tienda\",\"item\":\"https:\\\/\\\/labarraca1912.es\\\/tienda\\\/\"},{\"@type\":\"ListItem\",\"position\":3,\"name\":\"Bolsa 1000g Piment\u00f3n Dulce\"}]},{\"@type\":\"WebSite\",\"@id\":\"https:\\\/\\\/labarraca1912.es\\\/#website\",\"url\":\"https:\\\/\\\/labarraca1912.es\\\/\",\"name\":\"La Barraca\",\"description\":\"La Casa del Sabor\",\"publisher\":{\"@id\":\"https:\\\/\\\/labarraca1912.es\\\/#organization\"},\"potentialAction\":[{\"@type\":\"SearchAction\",\"target\":{\"@type\":\"EntryPoint\",\"urlTemplate\":\"https:\\\/\\\/labarraca1912.es\\\/?s={search_term_string}\"},\"query-input\":{\"@type\":\"PropertyValueSpecification\",\"valueRequired\":true,\"valueName\":\"search_term_string\"}}],\"inLanguage\":\"fr-FR\"},{\"@type\":\"Organization\",\"@id\":\"https:\\\/\\\/labarraca1912.es\\\/#organization\",\"name\":\"La Barraca 1912 Alimentacion\",\"url\":\"https:\\\/\\\/labarraca1912.es\\\/\",\"logo\":{\"@type\":\"ImageObject\",\"inLanguage\":\"fr-FR\",\"@id\":\"https:\\\/\\\/labarraca1912.es\\\/#\\\/schema\\\/logo\\\/image\\\/\",\"url\":\"https:\\\/\\\/labarraca1912.es\\\/wp-content\\\/uploads\\\/2019\\\/06\\\/logo-labarraca.png\",\"contentUrl\":\"https:\\\/\\\/labarraca1912.es\\\/wp-content\\\/uploads\\\/2019\\\/06\\\/logo-labarraca.png\",\"width\":2917,\"height\":1809,\"caption\":\"La Barraca 1912 Alimentacion\"},\"image\":{\"@id\":\"https:\\\/\\\/labarraca1912.es\\\/#\\\/schema\\\/logo\\\/image\\\/\"}}]}<\/script>\n<!-- \/ Yoast SEO plugin. -->","yoast_head_json":{"title":"Bolsa 1000g Piment\u00f3n Dulce - La Barraca","robots":{"index":"index","follow":"follow","max-snippet":"max-snippet:-1","max-image-preview":"max-image-preview:large","max-video-preview":"max-video-preview:-1"},"canonical":"https:\/\/labarraca1912.es\/fr\/tienda\/especias-y-condimentos\/bolsa-1000g-pimenton-dulce\/","og_locale":"fr_FR","og_type":"article","og_title":"Bolsa 1000g Piment\u00f3n Dulce - La Barraca","og_description":"Piment\u00f3n Dulce 1000g  El Piment\u00f3n procede de Am\u00e9rica y su uso est\u00e1 extendido en todo el mundo. Es un condimento en polvo de color rojo y sabor caracter\u00edstico obtenido a partir del secado y molido de determinadas variedades de pimientos rojos. Aporta un toque muy especial en los platos a los que se a\u00f1ade como pueden ser arroces, paellas, patatas, adobo de chorizos o pulpo a la gallega. \u00a0Ficha T\u00e9cnica   &nbsp;  &nbsp;","og_url":"https:\/\/labarraca1912.es\/fr\/tienda\/especias-y-condimentos\/bolsa-1000g-pimenton-dulce\/","og_site_name":"La Barraca","article_modified_time":"2025-03-12T08:07:56+00:00","og_image":[{"width":800,"height":800,"url":"https:\/\/labarraca1912.es\/wp-content\/uploads\/2019\/11\/piment\u00f3ndulce.jpg","type":"image\/jpeg"}],"twitter_card":"summary_large_image","schema":{"@context":"https:\/\/schema.org","@graph":[{"@type":"WebPage","@id":"https:\/\/labarraca1912.es\/tienda\/especias-y-condimentos\/bolsa-1000g-pimenton-dulce\/","url":"https:\/\/labarraca1912.es\/tienda\/especias-y-condimentos\/bolsa-1000g-pimenton-dulce\/","name":"Bolsa 1000g Piment\u00f3n Dulce - La Barraca","isPartOf":{"@id":"https:\/\/labarraca1912.es\/#website"},"primaryImageOfPage":{"@id":"https:\/\/labarraca1912.es\/tienda\/especias-y-condimentos\/bolsa-1000g-pimenton-dulce\/#primaryimage"},"image":{"@id":"https:\/\/labarraca1912.es\/tienda\/especias-y-condimentos\/bolsa-1000g-pimenton-dulce\/#primaryimage"},"thumbnailUrl":"https:\/\/labarraca1912.es\/wp-content\/uploads\/2019\/11\/piment\u00f3ndulce.jpg","datePublished":"2019-11-29T08:42:07+00:00","dateModified":"2025-03-12T08:07:56+00:00","breadcrumb":{"@id":"https:\/\/labarraca1912.es\/tienda\/especias-y-condimentos\/bolsa-1000g-pimenton-dulce\/#breadcrumb"},"inLanguage":"fr-FR","potentialAction":[{"@type":"ReadAction","target":["https:\/\/labarraca1912.es\/tienda\/especias-y-condimentos\/bolsa-1000g-pimenton-dulce\/"]}]},{"@type":"ImageObject","inLanguage":"fr-FR","@id":"https:\/\/labarraca1912.es\/tienda\/especias-y-condimentos\/bolsa-1000g-pimenton-dulce\/#primaryimage","url":"https:\/\/labarraca1912.es\/wp-content\/uploads\/2019\/11\/piment\u00f3ndulce.jpg","contentUrl":"https:\/\/labarraca1912.es\/wp-content\/uploads\/2019\/11\/piment\u00f3ndulce.jpg","width":800,"height":800},{"@type":"BreadcrumbList","@id":"https:\/\/labarraca1912.es\/tienda\/especias-y-condimentos\/bolsa-1000g-pimenton-dulce\/#breadcrumb","itemListElement":[{"@type":"ListItem","position":1,"name":"La Barraca","item":"https:\/\/labarraca1912.es\/"},{"@type":"ListItem","position":2,"name":"Tienda","item":"https:\/\/labarraca1912.es\/tienda\/"},{"@type":"ListItem","position":3,"name":"Bolsa 1000g Piment\u00f3n Dulce"}]},{"@type":"WebSite","@id":"https:\/\/labarraca1912.es\/#website","url":"https:\/\/labarraca1912.es\/","name":"La Barraca","description":"La Casa del Sabor","publisher":{"@id":"https:\/\/labarraca1912.es\/#organization"},"potentialAction":[{"@type":"SearchAction","target":{"@type":"EntryPoint","urlTemplate":"https:\/\/labarraca1912.es\/?s={search_term_string}"},"query-input":{"@type":"PropertyValueSpecification","valueRequired":true,"valueName":"search_term_string"}}],"inLanguage":"fr-FR"},{"@type":"Organization","@id":"https:\/\/labarraca1912.es\/#organization","name":"La Barraca 1912 Alimentacion","url":"https:\/\/labarraca1912.es\/","logo":{"@type":"ImageObject","inLanguage":"fr-FR","@id":"https:\/\/labarraca1912.es\/#\/schema\/logo\/image\/","url":"https:\/\/labarraca1912.es\/wp-content\/uploads\/2019\/06\/logo-labarraca.png","contentUrl":"https:\/\/labarraca1912.es\/wp-content\/uploads\/2019\/06\/logo-labarraca.png","width":2917,"height":1809,"caption":"La Barraca 1912 Alimentacion"},"image":{"@id":"https:\/\/labarraca1912.es\/#\/schema\/logo\/image\/"}}]}},"_links":{"self":[{"href":"https:\/\/labarraca1912.es\/fr\/wp-json\/wp\/v2\/product\/2922","targetHints":{"allow":["GET"]}}],"collection":[{"href":"https:\/\/labarraca1912.es\/fr\/wp-json\/wp\/v2\/product"}],"about":[{"href":"https:\/\/labarraca1912.es\/fr\/wp-json\/wp\/v2\/types\/product"}],"replies":[{"embeddable":true,"href":"https:\/\/labarraca1912.es\/fr\/wp-json\/wp\/v2\/comments?post=2922"}],"wp:featuredmedia":[{"embeddable":true,"href":"https:\/\/labarraca1912.es\/fr\/wp-json\/wp\/v2\/media\/2923"}],"wp:attachment":[{"href":"https:\/\/labarraca1912.es\/fr\/wp-json\/wp\/v2\/media?parent=2922"}],"wp:term":[{"taxonomy":"product_brand","embeddable":true,"href":"https:\/\/labarraca1912.es\/fr\/wp-json\/wp\/v2\/product_brand?post=2922"},{"taxonomy":"product_cat","embeddable":true,"href":"https:\/\/labarraca1912.es\/fr\/wp-json\/wp\/v2\/product_cat?post=2922"},{"taxonomy":"product_tag","embeddable":true,"href":"https:\/\/labarraca1912.es\/fr\/wp-json\/wp\/v2\/product_tag?post=2922"}],"curies":[{"name":"wp","href":"https:\/\/api.w.org\/{rel}","templated":true}]}}