{"id":2927,"date":"2019-11-29T09:47:25","date_gmt":"2019-11-29T08:47:25","guid":{"rendered":"https:\/\/labarraca1912.es\/?post_type=product&#038;p=2927"},"modified":"2022-10-22T13:54:32","modified_gmt":"2022-10-22T11:54:32","slug":"bolsa-1000g-comino-molido","status":"publish","type":"product","link":"https:\/\/labarraca1912.es\/fr\/tienda\/especias-y-condimentos\/bolsa-1000g-comino-molido\/","title":{"rendered":"Bolsa 1000g Comino Molido"},"content":{"rendered":"<p>COMINOS MOLIDOS &#8211; 1000G: Es el fruto maduro y desecado del Cuminumcyminum de forma alargada y color pardo amarillento. Proporciona un fuerte aroma y sabor caracter\u00edstico en los guisos, potenciando todos los sabores.<\/p>\n<p><strong>Cumin Moulu:<\/strong> Il est utilis\u00e9 dans les cornichons, les l\u00e9gumes frits, les sauces et les rago\u00fbts de viande.<\/p>","protected":false},"excerpt":{"rendered":"<h2><\/h2>\n<blockquote>\n<h2><strong>Cumin Moulu<\/strong>\u00a01000g<\/h2>\n<\/blockquote>\n<p>C'est le fruit m\u00fbr et s\u00e9ch\u00e9 du Cuminumcyminum de forme allong\u00e9e et de couleur brun jaun\u00e2tre. Il conf\u00e8re un ar\u00f4me fort et une saveur caract\u00e9ristique aux rago\u00fbts, en rehaussant toutes les saveurs. Il est utilis\u00e9 dans les cornichons, les l\u00e9gumes frits, les sauces et les rago\u00fbts de viande.<\/p>\n<h3><a href=\"https:\/\/labarraca1912.es\/fr\/fichas-tecnicas\/FT%20COMINOS%20MOLIDOS.pdf\/\"><img decoding=\"async\" class=\"alignnone wp-image-875\" src=\"https:\/\/labarraca1912.es\/wp-content\/uploads\/2019\/08\/icon-folder-300x300.png\" alt=\"\" width=\"21\" height=\"21\" srcset=\"https:\/\/labarraca1912.es\/wp-content\/uploads\/2019\/08\/icon-folder-300x300.png 300w, https:\/\/labarraca1912.es\/wp-content\/uploads\/2019\/08\/icon-folder-150x150.png 150w, https:\/\/labarraca1912.es\/wp-content\/uploads\/2019\/08\/icon-folder-100x100.png 100w, https:\/\/labarraca1912.es\/wp-content\/uploads\/2019\/08\/icon-folder.png 739w\" sizes=\"(max-width: 21px) 100vw, 21px\" \/>\u00a0<span style=\"color: #ad9115;\"><strong>Ficha T\u00e9cnica<\/strong><\/span><\/a><\/h3>\n<div class='et-learn-more clearfix'>\n\t\t\t\t\t<h3 class='heading-more'>Formatos<span class='et_learnmore_arrow'><span><\/span><\/span><\/h3>\n\t\t\t\t\t<div class='learn-more-content'>Bolsa 1000g<\/div>\n\t\t\t\t<\/div>\n<p>&nbsp;<\/p>\n<p>&nbsp;<\/p>","protected":false},"featured_media":2928,"comment_status":"open","ping_status":"closed","template":"","meta":{"_et_pb_use_builder":"","_et_pb_old_content":"","_et_gb_content_width":""},"product_brand":[],"product_cat":[19],"product_tag":[134,105,135],"class_list":{"0":"post-2927","1":"product","2":"type-product","3":"status-publish","4":"has-post-thumbnail","6":"product_cat-especias-y-condimentos","7":"product_tag-escabeches","8":"product_tag-guisos","9":"product_tag-salsas","11":"first","12":"outofstock","13":"taxable","14":"shipping-taxable","15":"purchasable","16":"product-type-simple"},"yoast_head":"<!-- This site is optimized with the Yoast SEO plugin v27.6 - https:\/\/yoast.com\/product\/yoast-seo-wordpress\/ -->\n<title>Bolsa 1000g Comino Molido - La Barraca<\/title>\n<meta name=\"robots\" content=\"index, follow, max-snippet:-1, max-image-preview:large, max-video-preview:-1\" \/>\n<link rel=\"canonical\" href=\"https:\/\/labarraca1912.es\/fr\/tienda\/especias-y-condimentos\/bolsa-1000g-comino-molido\/\" \/>\n<meta property=\"og:locale\" content=\"fr_FR\" \/>\n<meta property=\"og:type\" content=\"article\" \/>\n<meta property=\"og:title\" content=\"Bolsa 1000g Comino Molido - La Barraca\" \/>\n<meta property=\"og:description\" content=\"Cominos Molidos\u00a01000g  Es el fruto maduro y desecado del Cuminumcyminum de forma alargada y color pardo amarillento. Proporciona un fuerte aroma y sabor caracter\u00edstico en los guisos, potenciando todos los sabores. Utilizado en escabeches, frituras vegetales, salsas y guisos de carne. \u00a0Ficha T\u00e9cnica   &nbsp;  &nbsp;\" \/>\n<meta property=\"og:url\" content=\"https:\/\/labarraca1912.es\/fr\/tienda\/especias-y-condimentos\/bolsa-1000g-comino-molido\/\" \/>\n<meta property=\"og:site_name\" content=\"La Barraca\" \/>\n<meta property=\"article:modified_time\" content=\"2022-10-22T11:54:32+00:00\" \/>\n<meta property=\"og:image\" content=\"https:\/\/labarraca1912.es\/wp-content\/uploads\/2019\/11\/cominogranomolido.jpg\" \/>\n\t<meta property=\"og:image:width\" content=\"800\" \/>\n\t<meta property=\"og:image:height\" content=\"800\" \/>\n\t<meta property=\"og:image:type\" content=\"image\/jpeg\" \/>\n<meta name=\"twitter:card\" content=\"summary_large_image\" \/>\n<script type=\"application\/ld+json\" class=\"yoast-schema-graph\">{\"@context\":\"https:\\\/\\\/schema.org\",\"@graph\":[{\"@type\":\"WebPage\",\"@id\":\"https:\\\/\\\/labarraca1912.es\\\/tienda\\\/especias-y-condimentos\\\/bolsa-1000g-comino-molido\\\/\",\"url\":\"https:\\\/\\\/labarraca1912.es\\\/tienda\\\/especias-y-condimentos\\\/bolsa-1000g-comino-molido\\\/\",\"name\":\"Bolsa 1000g Comino Molido - La Barraca\",\"isPartOf\":{\"@id\":\"https:\\\/\\\/labarraca1912.es\\\/#website\"},\"primaryImageOfPage\":{\"@id\":\"https:\\\/\\\/labarraca1912.es\\\/tienda\\\/especias-y-condimentos\\\/bolsa-1000g-comino-molido\\\/#primaryimage\"},\"image\":{\"@id\":\"https:\\\/\\\/labarraca1912.es\\\/tienda\\\/especias-y-condimentos\\\/bolsa-1000g-comino-molido\\\/#primaryimage\"},\"thumbnailUrl\":\"https:\\\/\\\/labarraca1912.es\\\/wp-content\\\/uploads\\\/2019\\\/11\\\/cominogranomolido.jpg\",\"datePublished\":\"2019-11-29T08:47:25+00:00\",\"dateModified\":\"2022-10-22T11:54:32+00:00\",\"breadcrumb\":{\"@id\":\"https:\\\/\\\/labarraca1912.es\\\/tienda\\\/especias-y-condimentos\\\/bolsa-1000g-comino-molido\\\/#breadcrumb\"},\"inLanguage\":\"fr-FR\",\"potentialAction\":[{\"@type\":\"ReadAction\",\"target\":[\"https:\\\/\\\/labarraca1912.es\\\/tienda\\\/especias-y-condimentos\\\/bolsa-1000g-comino-molido\\\/\"]}]},{\"@type\":\"ImageObject\",\"inLanguage\":\"fr-FR\",\"@id\":\"https:\\\/\\\/labarraca1912.es\\\/tienda\\\/especias-y-condimentos\\\/bolsa-1000g-comino-molido\\\/#primaryimage\",\"url\":\"https:\\\/\\\/labarraca1912.es\\\/wp-content\\\/uploads\\\/2019\\\/11\\\/cominogranomolido.jpg\",\"contentUrl\":\"https:\\\/\\\/labarraca1912.es\\\/wp-content\\\/uploads\\\/2019\\\/11\\\/cominogranomolido.jpg\",\"width\":800,\"height\":800},{\"@type\":\"BreadcrumbList\",\"@id\":\"https:\\\/\\\/labarraca1912.es\\\/tienda\\\/especias-y-condimentos\\\/bolsa-1000g-comino-molido\\\/#breadcrumb\",\"itemListElement\":[{\"@type\":\"ListItem\",\"position\":1,\"name\":\"La Barraca\",\"item\":\"https:\\\/\\\/labarraca1912.es\\\/\"},{\"@type\":\"ListItem\",\"position\":2,\"name\":\"Tienda\",\"item\":\"https:\\\/\\\/labarraca1912.es\\\/tienda\\\/\"},{\"@type\":\"ListItem\",\"position\":3,\"name\":\"Bolsa 1000g Comino Molido\"}]},{\"@type\":\"WebSite\",\"@id\":\"https:\\\/\\\/labarraca1912.es\\\/#website\",\"url\":\"https:\\\/\\\/labarraca1912.es\\\/\",\"name\":\"La Barraca\",\"description\":\"La Casa del Sabor\",\"publisher\":{\"@id\":\"https:\\\/\\\/labarraca1912.es\\\/#organization\"},\"potentialAction\":[{\"@type\":\"SearchAction\",\"target\":{\"@type\":\"EntryPoint\",\"urlTemplate\":\"https:\\\/\\\/labarraca1912.es\\\/?s={search_term_string}\"},\"query-input\":{\"@type\":\"PropertyValueSpecification\",\"valueRequired\":true,\"valueName\":\"search_term_string\"}}],\"inLanguage\":\"fr-FR\"},{\"@type\":\"Organization\",\"@id\":\"https:\\\/\\\/labarraca1912.es\\\/#organization\",\"name\":\"La Barraca 1912 Alimentacion\",\"url\":\"https:\\\/\\\/labarraca1912.es\\\/\",\"logo\":{\"@type\":\"ImageObject\",\"inLanguage\":\"fr-FR\",\"@id\":\"https:\\\/\\\/labarraca1912.es\\\/#\\\/schema\\\/logo\\\/image\\\/\",\"url\":\"https:\\\/\\\/labarraca1912.es\\\/wp-content\\\/uploads\\\/2019\\\/06\\\/logo-labarraca.png\",\"contentUrl\":\"https:\\\/\\\/labarraca1912.es\\\/wp-content\\\/uploads\\\/2019\\\/06\\\/logo-labarraca.png\",\"width\":2917,\"height\":1809,\"caption\":\"La Barraca 1912 Alimentacion\"},\"image\":{\"@id\":\"https:\\\/\\\/labarraca1912.es\\\/#\\\/schema\\\/logo\\\/image\\\/\"}}]}<\/script>\n<!-- \/ Yoast SEO plugin. -->","yoast_head_json":{"title":"Bolsa 1000g Comino Molido - La Barraca","robots":{"index":"index","follow":"follow","max-snippet":"max-snippet:-1","max-image-preview":"max-image-preview:large","max-video-preview":"max-video-preview:-1"},"canonical":"https:\/\/labarraca1912.es\/fr\/tienda\/especias-y-condimentos\/bolsa-1000g-comino-molido\/","og_locale":"fr_FR","og_type":"article","og_title":"Bolsa 1000g Comino Molido - La Barraca","og_description":"Cominos Molidos\u00a01000g  Es el fruto maduro y desecado del Cuminumcyminum de forma alargada y color pardo amarillento. Proporciona un fuerte aroma y sabor caracter\u00edstico en los guisos, potenciando todos los sabores. Utilizado en escabeches, frituras vegetales, salsas y guisos de carne. \u00a0Ficha T\u00e9cnica   &nbsp;  &nbsp;","og_url":"https:\/\/labarraca1912.es\/fr\/tienda\/especias-y-condimentos\/bolsa-1000g-comino-molido\/","og_site_name":"La Barraca","article_modified_time":"2022-10-22T11:54:32+00:00","og_image":[{"width":800,"height":800,"url":"https:\/\/labarraca1912.es\/wp-content\/uploads\/2019\/11\/cominogranomolido.jpg","type":"image\/jpeg"}],"twitter_card":"summary_large_image","schema":{"@context":"https:\/\/schema.org","@graph":[{"@type":"WebPage","@id":"https:\/\/labarraca1912.es\/tienda\/especias-y-condimentos\/bolsa-1000g-comino-molido\/","url":"https:\/\/labarraca1912.es\/tienda\/especias-y-condimentos\/bolsa-1000g-comino-molido\/","name":"Bolsa 1000g Comino Molido - La Barraca","isPartOf":{"@id":"https:\/\/labarraca1912.es\/#website"},"primaryImageOfPage":{"@id":"https:\/\/labarraca1912.es\/tienda\/especias-y-condimentos\/bolsa-1000g-comino-molido\/#primaryimage"},"image":{"@id":"https:\/\/labarraca1912.es\/tienda\/especias-y-condimentos\/bolsa-1000g-comino-molido\/#primaryimage"},"thumbnailUrl":"https:\/\/labarraca1912.es\/wp-content\/uploads\/2019\/11\/cominogranomolido.jpg","datePublished":"2019-11-29T08:47:25+00:00","dateModified":"2022-10-22T11:54:32+00:00","breadcrumb":{"@id":"https:\/\/labarraca1912.es\/tienda\/especias-y-condimentos\/bolsa-1000g-comino-molido\/#breadcrumb"},"inLanguage":"fr-FR","potentialAction":[{"@type":"ReadAction","target":["https:\/\/labarraca1912.es\/tienda\/especias-y-condimentos\/bolsa-1000g-comino-molido\/"]}]},{"@type":"ImageObject","inLanguage":"fr-FR","@id":"https:\/\/labarraca1912.es\/tienda\/especias-y-condimentos\/bolsa-1000g-comino-molido\/#primaryimage","url":"https:\/\/labarraca1912.es\/wp-content\/uploads\/2019\/11\/cominogranomolido.jpg","contentUrl":"https:\/\/labarraca1912.es\/wp-content\/uploads\/2019\/11\/cominogranomolido.jpg","width":800,"height":800},{"@type":"BreadcrumbList","@id":"https:\/\/labarraca1912.es\/tienda\/especias-y-condimentos\/bolsa-1000g-comino-molido\/#breadcrumb","itemListElement":[{"@type":"ListItem","position":1,"name":"La Barraca","item":"https:\/\/labarraca1912.es\/"},{"@type":"ListItem","position":2,"name":"Tienda","item":"https:\/\/labarraca1912.es\/tienda\/"},{"@type":"ListItem","position":3,"name":"Bolsa 1000g Comino Molido"}]},{"@type":"WebSite","@id":"https:\/\/labarraca1912.es\/#website","url":"https:\/\/labarraca1912.es\/","name":"La Barraca","description":"La Casa del Sabor","publisher":{"@id":"https:\/\/labarraca1912.es\/#organization"},"potentialAction":[{"@type":"SearchAction","target":{"@type":"EntryPoint","urlTemplate":"https:\/\/labarraca1912.es\/?s={search_term_string}"},"query-input":{"@type":"PropertyValueSpecification","valueRequired":true,"valueName":"search_term_string"}}],"inLanguage":"fr-FR"},{"@type":"Organization","@id":"https:\/\/labarraca1912.es\/#organization","name":"La Barraca 1912 Alimentacion","url":"https:\/\/labarraca1912.es\/","logo":{"@type":"ImageObject","inLanguage":"fr-FR","@id":"https:\/\/labarraca1912.es\/#\/schema\/logo\/image\/","url":"https:\/\/labarraca1912.es\/wp-content\/uploads\/2019\/06\/logo-labarraca.png","contentUrl":"https:\/\/labarraca1912.es\/wp-content\/uploads\/2019\/06\/logo-labarraca.png","width":2917,"height":1809,"caption":"La Barraca 1912 Alimentacion"},"image":{"@id":"https:\/\/labarraca1912.es\/#\/schema\/logo\/image\/"}}]}},"_links":{"self":[{"href":"https:\/\/labarraca1912.es\/fr\/wp-json\/wp\/v2\/product\/2927","targetHints":{"allow":["GET"]}}],"collection":[{"href":"https:\/\/labarraca1912.es\/fr\/wp-json\/wp\/v2\/product"}],"about":[{"href":"https:\/\/labarraca1912.es\/fr\/wp-json\/wp\/v2\/types\/product"}],"replies":[{"embeddable":true,"href":"https:\/\/labarraca1912.es\/fr\/wp-json\/wp\/v2\/comments?post=2927"}],"wp:featuredmedia":[{"embeddable":true,"href":"https:\/\/labarraca1912.es\/fr\/wp-json\/wp\/v2\/media\/2928"}],"wp:attachment":[{"href":"https:\/\/labarraca1912.es\/fr\/wp-json\/wp\/v2\/media?parent=2927"}],"wp:term":[{"taxonomy":"product_brand","embeddable":true,"href":"https:\/\/labarraca1912.es\/fr\/wp-json\/wp\/v2\/product_brand?post=2927"},{"taxonomy":"product_cat","embeddable":true,"href":"https:\/\/labarraca1912.es\/fr\/wp-json\/wp\/v2\/product_cat?post=2927"},{"taxonomy":"product_tag","embeddable":true,"href":"https:\/\/labarraca1912.es\/fr\/wp-json\/wp\/v2\/product_tag?post=2927"}],"curies":[{"name":"wp","href":"https:\/\/api.w.org\/{rel}","templated":true}]}}