{"id":3813,"date":"2020-01-23T10:43:35","date_gmt":"2020-01-23T09:43:35","guid":{"rendered":"https:\/\/labarraca1912.es\/?post_type=product&#038;p=3813"},"modified":"2021-06-16T09:10:21","modified_gmt":"2021-06-16T07:10:21","slug":"pimienta-negra-molida-40g-bandeja-10-unidades","status":"publish","type":"product","link":"https:\/\/labarraca1912.es\/fr\/tienda\/bioespecias\/pimienta-negra-molida-40g-bandeja-10-unidades\/","title":{"rendered":"Pimienta Negra Molida 40g (Bandeja 10 Unidades)"},"content":{"rendered":"<p>PIMIENTA NEGRA MOLIDA &#8211; 40G: La Pimienta Negra se produce cuando el grano de la pimienta est\u00e1 en la mitad de su maduraci\u00f3n, y es una de las m\u00e1s usadas en la antig\u00fcedad. El sabor picante de la pimienta se obtiene del compuesto piperina, que se encuentra en la c\u00e1scara y semilla de la pimienta.<\/p>\n<p><strong>Poivre Noir Moulu:<\/strong> On l'utilise principalement dans les rago\u00fbts, ainsi que dans les viandes r\u00f4ties ou grill\u00e9es, les soupes, les marinades, les p\u00e2tes, les plats de riz. C'est l'une des \u00e9pices qui peuvent \u00eatre utilis\u00e9es pour presque tous les aliments.<\/p>","protected":false},"excerpt":{"rendered":"<h2><\/h2>\n<blockquote>\n<h2><strong>Poivre Noir Moulu<\/strong>\u00a010x40g<\/h2>\n<\/blockquote>\n<p>Le poivre noir est produit lorsque le poivre est \u00e0 moiti\u00e9 m\u00fbr et est l\u2019un des plus utilis\u00e9s dans l\u2019Antiquit\u00e9. La saveur \u00e9pic\u00e9e du poivre est obtenue \u00e0 partir du compos\u00e9 pip\u00e9rine, pr\u00e9sent dans la peau et les graines du poivre. On l'utilise principalement dans les rago\u00fbts, ainsi que dans les viandes r\u00f4ties ou grill\u00e9es, les soupes, les marinades, les p\u00e2tes, les plats de riz. C'est l'une des \u00e9pices qui peuvent \u00eatre utilis\u00e9es pour presque tous les aliments.<\/p>\n<p><img decoding=\"async\" class=\"alignnone wp-image-3573\" src=\"https:\/\/labarraca1912.es\/wp-content\/uploads\/2020\/01\/BioEspecias-300x300.jpg\" alt=\"\" width=\"215\" height=\"215\" \/><\/p>\n<h3><a href=\"https:\/\/labarraca1912.es\/fr\/fichas-bio\/FT%20PIMIENTA%20NEGRA%20MOLIDA%20BIO.pdf\/\"><img decoding=\"async\" class=\"alignnone wp-image-875\" src=\"https:\/\/labarraca1912.es\/wp-content\/uploads\/2019\/08\/icon-folder-300x300.png\" alt=\"\" width=\"21\" height=\"21\" srcset=\"https:\/\/labarraca1912.es\/wp-content\/uploads\/2019\/08\/icon-folder-300x300.png 300w, https:\/\/labarraca1912.es\/wp-content\/uploads\/2019\/08\/icon-folder-150x150.png 150w, https:\/\/labarraca1912.es\/wp-content\/uploads\/2019\/08\/icon-folder-100x100.png 100w, https:\/\/labarraca1912.es\/wp-content\/uploads\/2019\/08\/icon-folder.png 739w\" sizes=\"(max-width: 21px) 100vw, 21px\" \/>\u00a0<span style=\"color: #008000;\"><strong>Ficha T\u00e9cnica<\/strong><\/span><\/a><\/h3>\n<div class='et-learn-more clearfix'>\n\t\t\t\t\t<h3 class='heading-more'>Formatos<span class='et_learnmore_arrow'><span><\/span><\/span><\/h3>\n\t\t\t\t\t<div class='learn-more-content'>Bandeja 10x40g<\/div>\n\t\t\t\t<\/div>\n<p>&nbsp;<\/p>\n<p>&nbsp;<\/p>","protected":false},"featured_media":3686,"comment_status":"open","ping_status":"closed","template":"","meta":{"_et_pb_use_builder":"","_et_pb_old_content":"","_et_gb_content_width":""},"product_brand":[],"product_cat":[140],"product_tag":[141,148,147,118,50],"class_list":{"0":"post-3813","1":"product","2":"type-product","3":"status-publish","4":"has-post-thumbnail","6":"product_cat-bioespecias","7":"product_tag-bio","8":"product_tag-grano","9":"product_tag-negra","10":"product_tag-picante","11":"product_tag-pimienta","13":"first","14":"outofstock","15":"taxable","16":"shipping-taxable","17":"purchasable","18":"product-type-simple"},"yoast_head":"<!-- This site is optimized with the Yoast SEO plugin v27.4 - https:\/\/yoast.com\/product\/yoast-seo-wordpress\/ -->\n<title>Pimienta Negra Molida 40g (Bandeja 10 Unidades) - La Barraca<\/title>\n<meta name=\"description\" content=\"Utilizada para salar alimentos, este tipo de sal se suele aplicar normalmente a la carne o el pescado una vez estos ya est\u00e1n listos.\" \/>\n<meta name=\"robots\" content=\"index, follow, max-snippet:-1, max-image-preview:large, max-video-preview:-1\" \/>\n<link rel=\"canonical\" href=\"https:\/\/labarraca1912.es\/fr\/tienda\/bioespecias\/pimienta-negra-molida-40g-bandeja-10-unidades\/\" \/>\n<meta property=\"og:locale\" content=\"fr_FR\" \/>\n<meta property=\"og:type\" content=\"article\" \/>\n<meta property=\"og:title\" content=\"Pimienta Negra Molida 40g (Bandeja 10 Unidades) - La Barraca\" \/>\n<meta property=\"og:description\" content=\"Utilizada para salar alimentos, este tipo de sal se suele aplicar normalmente a la carne o el pescado una vez estos ya est\u00e1n listos.\" \/>\n<meta property=\"og:url\" content=\"https:\/\/labarraca1912.es\/fr\/tienda\/bioespecias\/pimienta-negra-molida-40g-bandeja-10-unidades\/\" \/>\n<meta property=\"og:site_name\" content=\"La Barraca\" \/>\n<meta property=\"article:modified_time\" content=\"2021-06-16T07:10:21+00:00\" \/>\n<meta property=\"og:image\" content=\"https:\/\/labarraca1912.es\/wp-content\/uploads\/2020\/01\/pimientanegramolidabio.jpg\" \/>\n\t<meta property=\"og:image:width\" content=\"800\" \/>\n\t<meta property=\"og:image:height\" content=\"800\" \/>\n\t<meta property=\"og:image:type\" content=\"image\/jpeg\" \/>\n<meta name=\"twitter:card\" content=\"summary_large_image\" \/>\n<script type=\"application\/ld+json\" class=\"yoast-schema-graph\">{\"@context\":\"https:\\\/\\\/schema.org\",\"@graph\":[{\"@type\":\"WebPage\",\"@id\":\"https:\\\/\\\/labarraca1912.es\\\/tienda\\\/bioespecias\\\/pimienta-negra-molida-40g-bandeja-10-unidades\\\/\",\"url\":\"https:\\\/\\\/labarraca1912.es\\\/tienda\\\/bioespecias\\\/pimienta-negra-molida-40g-bandeja-10-unidades\\\/\",\"name\":\"Pimienta Negra Molida 40g (Bandeja 10 Unidades) - La Barraca\",\"isPartOf\":{\"@id\":\"https:\\\/\\\/labarraca1912.es\\\/#website\"},\"primaryImageOfPage\":{\"@id\":\"https:\\\/\\\/labarraca1912.es\\\/tienda\\\/bioespecias\\\/pimienta-negra-molida-40g-bandeja-10-unidades\\\/#primaryimage\"},\"image\":{\"@id\":\"https:\\\/\\\/labarraca1912.es\\\/tienda\\\/bioespecias\\\/pimienta-negra-molida-40g-bandeja-10-unidades\\\/#primaryimage\"},\"thumbnailUrl\":\"https:\\\/\\\/labarraca1912.es\\\/wp-content\\\/uploads\\\/2020\\\/01\\\/pimientanegramolidabio.jpg\",\"datePublished\":\"2020-01-23T09:43:35+00:00\",\"dateModified\":\"2021-06-16T07:10:21+00:00\",\"description\":\"Utilizada para salar alimentos, este tipo de sal se suele aplicar normalmente a la carne o el pescado una vez estos ya est\u00e1n listos.\",\"breadcrumb\":{\"@id\":\"https:\\\/\\\/labarraca1912.es\\\/tienda\\\/bioespecias\\\/pimienta-negra-molida-40g-bandeja-10-unidades\\\/#breadcrumb\"},\"inLanguage\":\"fr-FR\",\"potentialAction\":[{\"@type\":\"ReadAction\",\"target\":[\"https:\\\/\\\/labarraca1912.es\\\/tienda\\\/bioespecias\\\/pimienta-negra-molida-40g-bandeja-10-unidades\\\/\"]}]},{\"@type\":\"ImageObject\",\"inLanguage\":\"fr-FR\",\"@id\":\"https:\\\/\\\/labarraca1912.es\\\/tienda\\\/bioespecias\\\/pimienta-negra-molida-40g-bandeja-10-unidades\\\/#primaryimage\",\"url\":\"https:\\\/\\\/labarraca1912.es\\\/wp-content\\\/uploads\\\/2020\\\/01\\\/pimientanegramolidabio.jpg\",\"contentUrl\":\"https:\\\/\\\/labarraca1912.es\\\/wp-content\\\/uploads\\\/2020\\\/01\\\/pimientanegramolidabio.jpg\",\"width\":800,\"height\":800},{\"@type\":\"BreadcrumbList\",\"@id\":\"https:\\\/\\\/labarraca1912.es\\\/tienda\\\/bioespecias\\\/pimienta-negra-molida-40g-bandeja-10-unidades\\\/#breadcrumb\",\"itemListElement\":[{\"@type\":\"ListItem\",\"position\":1,\"name\":\"La Barraca\",\"item\":\"https:\\\/\\\/labarraca1912.es\\\/\"},{\"@type\":\"ListItem\",\"position\":2,\"name\":\"Tienda\",\"item\":\"https:\\\/\\\/labarraca1912.es\\\/tienda\\\/\"},{\"@type\":\"ListItem\",\"position\":3,\"name\":\"Pimienta Negra Molida 40g (Bandeja 10 Unidades)\"}]},{\"@type\":\"WebSite\",\"@id\":\"https:\\\/\\\/labarraca1912.es\\\/#website\",\"url\":\"https:\\\/\\\/labarraca1912.es\\\/\",\"name\":\"La Barraca\",\"description\":\"La Casa del Sabor\",\"publisher\":{\"@id\":\"https:\\\/\\\/labarraca1912.es\\\/#organization\"},\"potentialAction\":[{\"@type\":\"SearchAction\",\"target\":{\"@type\":\"EntryPoint\",\"urlTemplate\":\"https:\\\/\\\/labarraca1912.es\\\/?s={search_term_string}\"},\"query-input\":{\"@type\":\"PropertyValueSpecification\",\"valueRequired\":true,\"valueName\":\"search_term_string\"}}],\"inLanguage\":\"fr-FR\"},{\"@type\":\"Organization\",\"@id\":\"https:\\\/\\\/labarraca1912.es\\\/#organization\",\"name\":\"La Barraca 1912 Alimentacion\",\"url\":\"https:\\\/\\\/labarraca1912.es\\\/\",\"logo\":{\"@type\":\"ImageObject\",\"inLanguage\":\"fr-FR\",\"@id\":\"https:\\\/\\\/labarraca1912.es\\\/#\\\/schema\\\/logo\\\/image\\\/\",\"url\":\"https:\\\/\\\/labarraca1912.es\\\/wp-content\\\/uploads\\\/2019\\\/06\\\/logo-labarraca.png\",\"contentUrl\":\"https:\\\/\\\/labarraca1912.es\\\/wp-content\\\/uploads\\\/2019\\\/06\\\/logo-labarraca.png\",\"width\":2917,\"height\":1809,\"caption\":\"La Barraca 1912 Alimentacion\"},\"image\":{\"@id\":\"https:\\\/\\\/labarraca1912.es\\\/#\\\/schema\\\/logo\\\/image\\\/\"}}]}<\/script>\n<!-- \/ Yoast SEO plugin. -->","yoast_head_json":{"title":"Pimienta Negra Molida 40g (Bandeja 10 Unidades) - La Barraca","description":"Utilizada para salar alimentos, este tipo de sal se suele aplicar normalmente a la carne o el pescado una vez estos ya est\u00e1n listos.","robots":{"index":"index","follow":"follow","max-snippet":"max-snippet:-1","max-image-preview":"max-image-preview:large","max-video-preview":"max-video-preview:-1"},"canonical":"https:\/\/labarraca1912.es\/fr\/tienda\/bioespecias\/pimienta-negra-molida-40g-bandeja-10-unidades\/","og_locale":"fr_FR","og_type":"article","og_title":"Pimienta Negra Molida 40g (Bandeja 10 Unidades) - La Barraca","og_description":"Utilizada para salar alimentos, este tipo de sal se suele aplicar normalmente a la carne o el pescado una vez estos ya est\u00e1n listos.","og_url":"https:\/\/labarraca1912.es\/fr\/tienda\/bioespecias\/pimienta-negra-molida-40g-bandeja-10-unidades\/","og_site_name":"La Barraca","article_modified_time":"2021-06-16T07:10:21+00:00","og_image":[{"width":800,"height":800,"url":"https:\/\/labarraca1912.es\/wp-content\/uploads\/2020\/01\/pimientanegramolidabio.jpg","type":"image\/jpeg"}],"twitter_card":"summary_large_image","schema":{"@context":"https:\/\/schema.org","@graph":[{"@type":"WebPage","@id":"https:\/\/labarraca1912.es\/tienda\/bioespecias\/pimienta-negra-molida-40g-bandeja-10-unidades\/","url":"https:\/\/labarraca1912.es\/tienda\/bioespecias\/pimienta-negra-molida-40g-bandeja-10-unidades\/","name":"Pimienta Negra Molida 40g (Bandeja 10 Unidades) - La Barraca","isPartOf":{"@id":"https:\/\/labarraca1912.es\/#website"},"primaryImageOfPage":{"@id":"https:\/\/labarraca1912.es\/tienda\/bioespecias\/pimienta-negra-molida-40g-bandeja-10-unidades\/#primaryimage"},"image":{"@id":"https:\/\/labarraca1912.es\/tienda\/bioespecias\/pimienta-negra-molida-40g-bandeja-10-unidades\/#primaryimage"},"thumbnailUrl":"https:\/\/labarraca1912.es\/wp-content\/uploads\/2020\/01\/pimientanegramolidabio.jpg","datePublished":"2020-01-23T09:43:35+00:00","dateModified":"2021-06-16T07:10:21+00:00","description":"Utilizada para salar alimentos, este tipo de sal se suele aplicar normalmente a la carne o el pescado una vez estos ya est\u00e1n listos.","breadcrumb":{"@id":"https:\/\/labarraca1912.es\/tienda\/bioespecias\/pimienta-negra-molida-40g-bandeja-10-unidades\/#breadcrumb"},"inLanguage":"fr-FR","potentialAction":[{"@type":"ReadAction","target":["https:\/\/labarraca1912.es\/tienda\/bioespecias\/pimienta-negra-molida-40g-bandeja-10-unidades\/"]}]},{"@type":"ImageObject","inLanguage":"fr-FR","@id":"https:\/\/labarraca1912.es\/tienda\/bioespecias\/pimienta-negra-molida-40g-bandeja-10-unidades\/#primaryimage","url":"https:\/\/labarraca1912.es\/wp-content\/uploads\/2020\/01\/pimientanegramolidabio.jpg","contentUrl":"https:\/\/labarraca1912.es\/wp-content\/uploads\/2020\/01\/pimientanegramolidabio.jpg","width":800,"height":800},{"@type":"BreadcrumbList","@id":"https:\/\/labarraca1912.es\/tienda\/bioespecias\/pimienta-negra-molida-40g-bandeja-10-unidades\/#breadcrumb","itemListElement":[{"@type":"ListItem","position":1,"name":"La Barraca","item":"https:\/\/labarraca1912.es\/"},{"@type":"ListItem","position":2,"name":"Tienda","item":"https:\/\/labarraca1912.es\/tienda\/"},{"@type":"ListItem","position":3,"name":"Pimienta Negra Molida 40g (Bandeja 10 Unidades)"}]},{"@type":"WebSite","@id":"https:\/\/labarraca1912.es\/#website","url":"https:\/\/labarraca1912.es\/","name":"La Barraca","description":"La Casa del Sabor","publisher":{"@id":"https:\/\/labarraca1912.es\/#organization"},"potentialAction":[{"@type":"SearchAction","target":{"@type":"EntryPoint","urlTemplate":"https:\/\/labarraca1912.es\/?s={search_term_string}"},"query-input":{"@type":"PropertyValueSpecification","valueRequired":true,"valueName":"search_term_string"}}],"inLanguage":"fr-FR"},{"@type":"Organization","@id":"https:\/\/labarraca1912.es\/#organization","name":"La Barraca 1912 Alimentacion","url":"https:\/\/labarraca1912.es\/","logo":{"@type":"ImageObject","inLanguage":"fr-FR","@id":"https:\/\/labarraca1912.es\/#\/schema\/logo\/image\/","url":"https:\/\/labarraca1912.es\/wp-content\/uploads\/2019\/06\/logo-labarraca.png","contentUrl":"https:\/\/labarraca1912.es\/wp-content\/uploads\/2019\/06\/logo-labarraca.png","width":2917,"height":1809,"caption":"La Barraca 1912 Alimentacion"},"image":{"@id":"https:\/\/labarraca1912.es\/#\/schema\/logo\/image\/"}}]}},"_links":{"self":[{"href":"https:\/\/labarraca1912.es\/fr\/wp-json\/wp\/v2\/product\/3813","targetHints":{"allow":["GET"]}}],"collection":[{"href":"https:\/\/labarraca1912.es\/fr\/wp-json\/wp\/v2\/product"}],"about":[{"href":"https:\/\/labarraca1912.es\/fr\/wp-json\/wp\/v2\/types\/product"}],"replies":[{"embeddable":true,"href":"https:\/\/labarraca1912.es\/fr\/wp-json\/wp\/v2\/comments?post=3813"}],"wp:featuredmedia":[{"embeddable":true,"href":"https:\/\/labarraca1912.es\/fr\/wp-json\/wp\/v2\/media\/3686"}],"wp:attachment":[{"href":"https:\/\/labarraca1912.es\/fr\/wp-json\/wp\/v2\/media?parent=3813"}],"wp:term":[{"taxonomy":"product_brand","embeddable":true,"href":"https:\/\/labarraca1912.es\/fr\/wp-json\/wp\/v2\/product_brand?post=3813"},{"taxonomy":"product_cat","embeddable":true,"href":"https:\/\/labarraca1912.es\/fr\/wp-json\/wp\/v2\/product_cat?post=3813"},{"taxonomy":"product_tag","embeddable":true,"href":"https:\/\/labarraca1912.es\/fr\/wp-json\/wp\/v2\/product_tag?post=3813"}],"curies":[{"name":"wp","href":"https:\/\/api.w.org\/{rel}","templated":true}]}}