{"id":4169,"date":"2020-01-31T08:56:42","date_gmt":"2020-01-31T07:56:42","guid":{"rendered":"https:\/\/labarraca1912.es\/?post_type=product&#038;p=4169"},"modified":"2026-04-07T10:32:52","modified_gmt":"2026-04-07T08:32:52","slug":"molinillo-xl-sal-con-pimenton-hojilla-dulce-ahumado-350g","status":"publish","type":"product","link":"https:\/\/labarraca1912.es\/fr\/tienda\/molinillos\/molinillo-xl-sal-con-pimenton-hojilla-dulce-ahumado-350g\/","title":{"rendered":"Moulin XL Sel avec Piment Doux Fum\u00e9 Concass\u00e9 350g"},"content":{"rendered":"<p>MOLINILLO XL SAL CON PIMENT\u00d3N HOJILLA DULCE AHUMADO &#8211; 350G: Es una mezcla que combina la sal marina con piment\u00f3n hojilla o \u00f1ora picada dulce, secada en secaderos de le\u00f1a, por lo que tiene un sabor ahumado.<\/p>\n<p><strong>Sel avec Piment Doux Fum\u00e9 Concass\u00e9:<\/strong> Ce m\u00e9lange de sel marin et de paprika doux fum\u00e9 s'utilise pour tous types de viandes et de poissons, donnant une saveur sal\u00e9e et fum\u00e9e \u00e0 vos plats.<\/p>","protected":false},"excerpt":{"rendered":"<blockquote>\n<h2><strong>Moulin XL Sel avec Piment Doux Fum\u00e9 Concass\u00e9 <\/strong>350g<\/h2>\n<\/blockquote>\n<p>C'est un m\u00e9lange qui combine du sel marin avec du paprika ou de la \u00f1ora sucr\u00e9e hach\u00e9e, s\u00e9ch\u00e9e dans des s\u00e9choirs au feu de bois, ce qui lui conf\u00e8re une saveur fum\u00e9e. Ce m\u00e9lange de sel marin et de paprika doux fum\u00e9 s'utilise pour tous types de viandes et de poissons, donnant une saveur sal\u00e9e et fum\u00e9e \u00e0 vos plats.<\/p>\n<p><em><strong>Ingr\u00e9dients:<\/strong><\/em> Sel marin (89%) et piment doux fum\u00e9 concass\u00e9.<\/p>","protected":false},"featured_media":11910,"comment_status":"open","ping_status":"closed","template":"","meta":{"_et_pb_use_builder":"","_et_pb_old_content":"","_et_gb_content_width":""},"product_brand":[],"product_cat":[164],"product_tag":[155,109,150,115,40,79],"class_list":{"0":"post-4169","1":"product","2":"type-product","3":"status-publish","4":"has-post-thumbnail","6":"product_cat-molinillos","7":"product_tag-ahumado","8":"product_tag-dulce","9":"product_tag-molinillo","10":"product_tag-nora","11":"product_tag-pimenton","12":"product_tag-sal","14":"first","15":"instock","16":"taxable","17":"shipping-taxable","18":"purchasable","19":"product-type-simple"},"yoast_head":"<!-- This site is optimized with the Yoast SEO plugin v27.4 - https:\/\/yoast.com\/product\/yoast-seo-wordpress\/ -->\n<title>Comprar Molinillo XL Sal con Piment\u00f3n Hojilla Dulce Ahumado<\/title>\n<meta name=\"description\" content=\"Realza el sabor de tus carnes y pescados al comprar un molinillo XL con sal marina y piment\u00f3n hojilla dulce ahumado, perfecto para platos con toque ahumado.\" \/>\n<meta name=\"robots\" content=\"index, follow, max-snippet:-1, max-image-preview:large, max-video-preview:-1\" \/>\n<link rel=\"canonical\" href=\"https:\/\/labarraca1912.es\/fr\/tienda\/molinillos\/molinillo-xl-sal-con-pimenton-hojilla-dulce-ahumado-350g\/\" \/>\n<meta property=\"og:locale\" content=\"fr_FR\" \/>\n<meta property=\"og:type\" content=\"article\" \/>\n<meta property=\"og:title\" content=\"Comprar Molinillo XL Sal con Piment\u00f3n Hojilla Dulce Ahumado\" \/>\n<meta property=\"og:description\" content=\"Realza el sabor de tus carnes y pescados al comprar un molinillo XL con sal marina y piment\u00f3n hojilla dulce ahumado, perfecto para platos con toque ahumado.\" \/>\n<meta property=\"og:url\" content=\"https:\/\/labarraca1912.es\/fr\/tienda\/molinillos\/molinillo-xl-sal-con-pimenton-hojilla-dulce-ahumado-350g\/\" \/>\n<meta property=\"og:site_name\" content=\"La Barraca\" \/>\n<meta property=\"article:modified_time\" content=\"2026-04-07T08:32:52+00:00\" \/>\n<meta property=\"og:image\" content=\"https:\/\/labarraca1912.es\/wp-content\/uploads\/molxlsalpimenton2025.jpg\" \/>\n\t<meta property=\"og:image:width\" content=\"800\" \/>\n\t<meta property=\"og:image:height\" content=\"800\" \/>\n\t<meta property=\"og:image:type\" content=\"image\/jpeg\" \/>\n<meta name=\"twitter:card\" content=\"summary_large_image\" \/>\n<meta name=\"twitter:label1\" content=\"Dur\u00e9e de lecture estim\u00e9e\" \/>\n\t<meta name=\"twitter:data1\" content=\"1 minute\" \/>\n<script type=\"application\/ld+json\" class=\"yoast-schema-graph\">{\"@context\":\"https:\\\/\\\/schema.org\",\"@graph\":[{\"@type\":\"WebPage\",\"@id\":\"https:\\\/\\\/labarraca1912.es\\\/tienda\\\/molinillos\\\/molinillo-xl-sal-con-pimenton-hojilla-dulce-ahumado-350g\\\/\",\"url\":\"https:\\\/\\\/labarraca1912.es\\\/tienda\\\/molinillos\\\/molinillo-xl-sal-con-pimenton-hojilla-dulce-ahumado-350g\\\/\",\"name\":\"Comprar Molinillo XL Sal con Piment\u00f3n Hojilla Dulce Ahumado\",\"isPartOf\":{\"@id\":\"https:\\\/\\\/labarraca1912.es\\\/#website\"},\"primaryImageOfPage\":{\"@id\":\"https:\\\/\\\/labarraca1912.es\\\/tienda\\\/molinillos\\\/molinillo-xl-sal-con-pimenton-hojilla-dulce-ahumado-350g\\\/#primaryimage\"},\"image\":{\"@id\":\"https:\\\/\\\/labarraca1912.es\\\/tienda\\\/molinillos\\\/molinillo-xl-sal-con-pimenton-hojilla-dulce-ahumado-350g\\\/#primaryimage\"},\"thumbnailUrl\":\"https:\\\/\\\/labarraca1912.es\\\/wp-content\\\/uploads\\\/molxlsalpimenton2025.jpg\",\"datePublished\":\"2020-01-31T07:56:42+00:00\",\"dateModified\":\"2026-04-07T08:32:52+00:00\",\"description\":\"Realza el sabor de tus carnes y pescados al comprar un molinillo XL con sal marina y piment\u00f3n hojilla dulce ahumado, perfecto para platos con toque ahumado.\",\"breadcrumb\":{\"@id\":\"https:\\\/\\\/labarraca1912.es\\\/tienda\\\/molinillos\\\/molinillo-xl-sal-con-pimenton-hojilla-dulce-ahumado-350g\\\/#breadcrumb\"},\"inLanguage\":\"fr-FR\",\"potentialAction\":[{\"@type\":\"ReadAction\",\"target\":[\"https:\\\/\\\/labarraca1912.es\\\/tienda\\\/molinillos\\\/molinillo-xl-sal-con-pimenton-hojilla-dulce-ahumado-350g\\\/\"]}]},{\"@type\":\"ImageObject\",\"inLanguage\":\"fr-FR\",\"@id\":\"https:\\\/\\\/labarraca1912.es\\\/tienda\\\/molinillos\\\/molinillo-xl-sal-con-pimenton-hojilla-dulce-ahumado-350g\\\/#primaryimage\",\"url\":\"https:\\\/\\\/labarraca1912.es\\\/wp-content\\\/uploads\\\/molxlsalpimenton2025.jpg\",\"contentUrl\":\"https:\\\/\\\/labarraca1912.es\\\/wp-content\\\/uploads\\\/molxlsalpimenton2025.jpg\",\"width\":800,\"height\":800},{\"@type\":\"BreadcrumbList\",\"@id\":\"https:\\\/\\\/labarraca1912.es\\\/tienda\\\/molinillos\\\/molinillo-xl-sal-con-pimenton-hojilla-dulce-ahumado-350g\\\/#breadcrumb\",\"itemListElement\":[{\"@type\":\"ListItem\",\"position\":1,\"name\":\"La Barraca\",\"item\":\"https:\\\/\\\/labarraca1912.es\\\/\"},{\"@type\":\"ListItem\",\"position\":2,\"name\":\"Tienda\",\"item\":\"https:\\\/\\\/labarraca1912.es\\\/tienda\\\/\"},{\"@type\":\"ListItem\",\"position\":3,\"name\":\"Molinillo XL Sal con Piment\u00f3n Hojilla Dulce Ahumado 350g\"}]},{\"@type\":\"WebSite\",\"@id\":\"https:\\\/\\\/labarraca1912.es\\\/#website\",\"url\":\"https:\\\/\\\/labarraca1912.es\\\/\",\"name\":\"La Barraca\",\"description\":\"La Casa del Sabor\",\"publisher\":{\"@id\":\"https:\\\/\\\/labarraca1912.es\\\/#organization\"},\"potentialAction\":[{\"@type\":\"SearchAction\",\"target\":{\"@type\":\"EntryPoint\",\"urlTemplate\":\"https:\\\/\\\/labarraca1912.es\\\/?s={search_term_string}\"},\"query-input\":{\"@type\":\"PropertyValueSpecification\",\"valueRequired\":true,\"valueName\":\"search_term_string\"}}],\"inLanguage\":\"fr-FR\"},{\"@type\":\"Organization\",\"@id\":\"https:\\\/\\\/labarraca1912.es\\\/#organization\",\"name\":\"La Barraca 1912 Alimentacion\",\"url\":\"https:\\\/\\\/labarraca1912.es\\\/\",\"logo\":{\"@type\":\"ImageObject\",\"inLanguage\":\"fr-FR\",\"@id\":\"https:\\\/\\\/labarraca1912.es\\\/#\\\/schema\\\/logo\\\/image\\\/\",\"url\":\"https:\\\/\\\/labarraca1912.es\\\/wp-content\\\/uploads\\\/2019\\\/06\\\/logo-labarraca.png\",\"contentUrl\":\"https:\\\/\\\/labarraca1912.es\\\/wp-content\\\/uploads\\\/2019\\\/06\\\/logo-labarraca.png\",\"width\":2917,\"height\":1809,\"caption\":\"La Barraca 1912 Alimentacion\"},\"image\":{\"@id\":\"https:\\\/\\\/labarraca1912.es\\\/#\\\/schema\\\/logo\\\/image\\\/\"}}]}<\/script>\n<!-- \/ Yoast SEO plugin. -->","yoast_head_json":{"title":"Comprar Molinillo XL Sal con Piment\u00f3n Hojilla Dulce Ahumado","description":"Realza el sabor de tus carnes y pescados al comprar un molinillo XL con sal marina y piment\u00f3n hojilla dulce ahumado, perfecto para platos con toque ahumado.","robots":{"index":"index","follow":"follow","max-snippet":"max-snippet:-1","max-image-preview":"max-image-preview:large","max-video-preview":"max-video-preview:-1"},"canonical":"https:\/\/labarraca1912.es\/fr\/tienda\/molinillos\/molinillo-xl-sal-con-pimenton-hojilla-dulce-ahumado-350g\/","og_locale":"fr_FR","og_type":"article","og_title":"Comprar Molinillo XL Sal con Piment\u00f3n Hojilla Dulce Ahumado","og_description":"Realza el sabor de tus carnes y pescados al comprar un molinillo XL con sal marina y piment\u00f3n hojilla dulce ahumado, perfecto para platos con toque ahumado.","og_url":"https:\/\/labarraca1912.es\/fr\/tienda\/molinillos\/molinillo-xl-sal-con-pimenton-hojilla-dulce-ahumado-350g\/","og_site_name":"La Barraca","article_modified_time":"2026-04-07T08:32:52+00:00","og_image":[{"width":800,"height":800,"url":"https:\/\/labarraca1912.es\/wp-content\/uploads\/molxlsalpimenton2025.jpg","type":"image\/jpeg"}],"twitter_card":"summary_large_image","twitter_misc":{"Dur\u00e9e de lecture estim\u00e9e":"1 minute"},"schema":{"@context":"https:\/\/schema.org","@graph":[{"@type":"WebPage","@id":"https:\/\/labarraca1912.es\/tienda\/molinillos\/molinillo-xl-sal-con-pimenton-hojilla-dulce-ahumado-350g\/","url":"https:\/\/labarraca1912.es\/tienda\/molinillos\/molinillo-xl-sal-con-pimenton-hojilla-dulce-ahumado-350g\/","name":"Comprar Molinillo XL Sal con Piment\u00f3n Hojilla Dulce Ahumado","isPartOf":{"@id":"https:\/\/labarraca1912.es\/#website"},"primaryImageOfPage":{"@id":"https:\/\/labarraca1912.es\/tienda\/molinillos\/molinillo-xl-sal-con-pimenton-hojilla-dulce-ahumado-350g\/#primaryimage"},"image":{"@id":"https:\/\/labarraca1912.es\/tienda\/molinillos\/molinillo-xl-sal-con-pimenton-hojilla-dulce-ahumado-350g\/#primaryimage"},"thumbnailUrl":"https:\/\/labarraca1912.es\/wp-content\/uploads\/molxlsalpimenton2025.jpg","datePublished":"2020-01-31T07:56:42+00:00","dateModified":"2026-04-07T08:32:52+00:00","description":"Realza el sabor de tus carnes y pescados al comprar un molinillo XL con sal marina y piment\u00f3n hojilla dulce ahumado, perfecto para platos con toque ahumado.","breadcrumb":{"@id":"https:\/\/labarraca1912.es\/tienda\/molinillos\/molinillo-xl-sal-con-pimenton-hojilla-dulce-ahumado-350g\/#breadcrumb"},"inLanguage":"fr-FR","potentialAction":[{"@type":"ReadAction","target":["https:\/\/labarraca1912.es\/tienda\/molinillos\/molinillo-xl-sal-con-pimenton-hojilla-dulce-ahumado-350g\/"]}]},{"@type":"ImageObject","inLanguage":"fr-FR","@id":"https:\/\/labarraca1912.es\/tienda\/molinillos\/molinillo-xl-sal-con-pimenton-hojilla-dulce-ahumado-350g\/#primaryimage","url":"https:\/\/labarraca1912.es\/wp-content\/uploads\/molxlsalpimenton2025.jpg","contentUrl":"https:\/\/labarraca1912.es\/wp-content\/uploads\/molxlsalpimenton2025.jpg","width":800,"height":800},{"@type":"BreadcrumbList","@id":"https:\/\/labarraca1912.es\/tienda\/molinillos\/molinillo-xl-sal-con-pimenton-hojilla-dulce-ahumado-350g\/#breadcrumb","itemListElement":[{"@type":"ListItem","position":1,"name":"La Barraca","item":"https:\/\/labarraca1912.es\/"},{"@type":"ListItem","position":2,"name":"Tienda","item":"https:\/\/labarraca1912.es\/tienda\/"},{"@type":"ListItem","position":3,"name":"Molinillo XL Sal con Piment\u00f3n Hojilla Dulce Ahumado 350g"}]},{"@type":"WebSite","@id":"https:\/\/labarraca1912.es\/#website","url":"https:\/\/labarraca1912.es\/","name":"La Barraca","description":"La Casa del Sabor","publisher":{"@id":"https:\/\/labarraca1912.es\/#organization"},"potentialAction":[{"@type":"SearchAction","target":{"@type":"EntryPoint","urlTemplate":"https:\/\/labarraca1912.es\/?s={search_term_string}"},"query-input":{"@type":"PropertyValueSpecification","valueRequired":true,"valueName":"search_term_string"}}],"inLanguage":"fr-FR"},{"@type":"Organization","@id":"https:\/\/labarraca1912.es\/#organization","name":"La Barraca 1912 Alimentacion","url":"https:\/\/labarraca1912.es\/","logo":{"@type":"ImageObject","inLanguage":"fr-FR","@id":"https:\/\/labarraca1912.es\/#\/schema\/logo\/image\/","url":"https:\/\/labarraca1912.es\/wp-content\/uploads\/2019\/06\/logo-labarraca.png","contentUrl":"https:\/\/labarraca1912.es\/wp-content\/uploads\/2019\/06\/logo-labarraca.png","width":2917,"height":1809,"caption":"La Barraca 1912 Alimentacion"},"image":{"@id":"https:\/\/labarraca1912.es\/#\/schema\/logo\/image\/"}}]}},"_links":{"self":[{"href":"https:\/\/labarraca1912.es\/fr\/wp-json\/wp\/v2\/product\/4169","targetHints":{"allow":["GET"]}}],"collection":[{"href":"https:\/\/labarraca1912.es\/fr\/wp-json\/wp\/v2\/product"}],"about":[{"href":"https:\/\/labarraca1912.es\/fr\/wp-json\/wp\/v2\/types\/product"}],"replies":[{"embeddable":true,"href":"https:\/\/labarraca1912.es\/fr\/wp-json\/wp\/v2\/comments?post=4169"}],"wp:featuredmedia":[{"embeddable":true,"href":"https:\/\/labarraca1912.es\/fr\/wp-json\/wp\/v2\/media\/11910"}],"wp:attachment":[{"href":"https:\/\/labarraca1912.es\/fr\/wp-json\/wp\/v2\/media?parent=4169"}],"wp:term":[{"taxonomy":"product_brand","embeddable":true,"href":"https:\/\/labarraca1912.es\/fr\/wp-json\/wp\/v2\/product_brand?post=4169"},{"taxonomy":"product_cat","embeddable":true,"href":"https:\/\/labarraca1912.es\/fr\/wp-json\/wp\/v2\/product_cat?post=4169"},{"taxonomy":"product_tag","embeddable":true,"href":"https:\/\/labarraca1912.es\/fr\/wp-json\/wp\/v2\/product_tag?post=4169"}],"curies":[{"name":"wp","href":"https:\/\/api.w.org\/{rel}","templated":true}]}}