{"id":4173,"date":"2020-01-31T09:12:37","date_gmt":"2020-01-31T08:12:37","guid":{"rendered":"https:\/\/labarraca1912.es\/?post_type=product&#038;p=4173"},"modified":"2026-04-09T12:31:34","modified_gmt":"2026-04-09T10:31:34","slug":"molinillo-xl-sal-rosa-del-himalaya","status":"publish","type":"product","link":"https:\/\/labarraca1912.es\/fr\/tienda\/molinillos\/molinillo-xl-sal-rosa-del-himalaya\/","title":{"rendered":"Moulin XL Sel Rose de L\u00b4Himalaya 390g"},"content":{"rendered":"<p>MOULIN SEL ROSE DE L\u00b4HIMALAYA: Sel min\u00e9ral rose, form\u00e9 de cristaux et g\u00e9n\u00e9ralement extrait des montagnes du Pakistan. C'est un sel riche en multiples min\u00e9raux.<\/p>\n<p><strong>Sel Rose de L\u00b4Himalaya:<\/strong> Il est utilis\u00e9 dans tous les plats auxquels on souhaite donner une touche sal\u00e9e.<\/p>","protected":false},"excerpt":{"rendered":"<blockquote>\n<h2><strong>Moulin XL Sel Rose de L\u00b4Himalaya<\/strong><\/h2>\n<\/blockquote>\n<p>D\u00e9couvrez l'authentique <strong data-start=\"277\" data-end=\"302\">Sel Rose de L\u00b4Himalaya<\/strong>, un tr\u00e9sor naturel extrait des anciennes mines de Khewra (Pakistan), r\u00e9put\u00e9 pour son exceptionnelle puret\u00e9, sa couleur rose unique et sa richesse en min\u00e9raux essentiels. Sa saveur douce et \u00e9quilibr\u00e9e sublime tous les plats, ce qui en fait un ingr\u00e9dient de choix pour les chefs et les amateurs de cuisine saine.<\/p>\n<p><em><strong>Ingr\u00e9dients:<\/strong> <\/em>Sel rose de l\u00b4himalaya (sal gemme).<\/p>","protected":false},"featured_media":11911,"comment_status":"open","ping_status":"closed","template":"","meta":{"_et_pb_use_builder":"","_et_pb_old_content":"","_et_gb_content_width":""},"product_brand":[],"product_cat":[164],"product_tag":[158,156,150,157,136,79],"class_list":{"0":"post-4173","1":"product","2":"type-product","3":"status-publish","4":"has-post-thumbnail","6":"product_cat-molinillos","7":"product_tag-himalaya","8":"product_tag-marina","9":"product_tag-molinillo","10":"product_tag-roca","11":"product_tag-rosa","12":"product_tag-sal","14":"first","15":"instock","16":"taxable","17":"shipping-taxable","18":"purchasable","19":"product-type-simple"},"yoast_head":"<!-- This site is optimized with the Yoast SEO plugin v27.4 - https:\/\/yoast.com\/product\/yoast-seo-wordpress\/ -->\n<title>Comprar Molinillo XL Sal Rosa del Himalaya | La Barraca<\/title>\n<meta name=\"description\" content=\"Aporta un toque \u00fanico y saludable a tus platos con un molinillo de sal rosa del Himalaya, rica en minerales naturales para realzar cualquier receta.\" \/>\n<meta name=\"robots\" content=\"index, follow, max-snippet:-1, max-image-preview:large, max-video-preview:-1\" \/>\n<link rel=\"canonical\" href=\"https:\/\/labarraca1912.es\/fr\/tienda\/molinillos\/molinillo-xl-sal-rosa-del-himalaya\/\" \/>\n<meta property=\"og:locale\" content=\"fr_FR\" \/>\n<meta property=\"og:type\" content=\"article\" \/>\n<meta property=\"og:title\" content=\"Comprar Molinillo XL Sal Rosa del Himalaya | La Barraca\" \/>\n<meta property=\"og:description\" content=\"Aporta un toque \u00fanico y saludable a tus platos con un molinillo de sal rosa del Himalaya, rica en minerales naturales para realzar cualquier receta.\" \/>\n<meta property=\"og:url\" content=\"https:\/\/labarraca1912.es\/fr\/tienda\/molinillos\/molinillo-xl-sal-rosa-del-himalaya\/\" \/>\n<meta property=\"og:site_name\" content=\"La Barraca\" \/>\n<meta property=\"article:modified_time\" content=\"2026-04-09T10:31:34+00:00\" \/>\n<meta property=\"og:image\" content=\"https:\/\/labarraca1912.es\/wp-content\/uploads\/molxlsalrosa2025.jpg\" \/>\n\t<meta property=\"og:image:width\" content=\"800\" \/>\n\t<meta property=\"og:image:height\" content=\"800\" \/>\n\t<meta property=\"og:image:type\" content=\"image\/jpeg\" \/>\n<meta name=\"twitter:card\" content=\"summary_large_image\" \/>\n<meta name=\"twitter:label1\" content=\"Dur\u00e9e de lecture estim\u00e9e\" \/>\n\t<meta name=\"twitter:data1\" content=\"1 minute\" \/>\n<script type=\"application\/ld+json\" class=\"yoast-schema-graph\">{\"@context\":\"https:\\\/\\\/schema.org\",\"@graph\":[{\"@type\":\"WebPage\",\"@id\":\"https:\\\/\\\/labarraca1912.es\\\/tienda\\\/molinillos\\\/molinillo-xl-sal-rosa-del-himalaya\\\/\",\"url\":\"https:\\\/\\\/labarraca1912.es\\\/tienda\\\/molinillos\\\/molinillo-xl-sal-rosa-del-himalaya\\\/\",\"name\":\"Comprar Molinillo XL Sal Rosa del Himalaya | La Barraca\",\"isPartOf\":{\"@id\":\"https:\\\/\\\/labarraca1912.es\\\/#website\"},\"primaryImageOfPage\":{\"@id\":\"https:\\\/\\\/labarraca1912.es\\\/tienda\\\/molinillos\\\/molinillo-xl-sal-rosa-del-himalaya\\\/#primaryimage\"},\"image\":{\"@id\":\"https:\\\/\\\/labarraca1912.es\\\/tienda\\\/molinillos\\\/molinillo-xl-sal-rosa-del-himalaya\\\/#primaryimage\"},\"thumbnailUrl\":\"https:\\\/\\\/labarraca1912.es\\\/wp-content\\\/uploads\\\/molxlsalrosa2025.jpg\",\"datePublished\":\"2020-01-31T08:12:37+00:00\",\"dateModified\":\"2026-04-09T10:31:34+00:00\",\"description\":\"Aporta un toque \u00fanico y saludable a tus platos con un molinillo de sal rosa del Himalaya, rica en minerales naturales para realzar cualquier receta.\",\"breadcrumb\":{\"@id\":\"https:\\\/\\\/labarraca1912.es\\\/tienda\\\/molinillos\\\/molinillo-xl-sal-rosa-del-himalaya\\\/#breadcrumb\"},\"inLanguage\":\"fr-FR\",\"potentialAction\":[{\"@type\":\"ReadAction\",\"target\":[\"https:\\\/\\\/labarraca1912.es\\\/tienda\\\/molinillos\\\/molinillo-xl-sal-rosa-del-himalaya\\\/\"]}]},{\"@type\":\"ImageObject\",\"inLanguage\":\"fr-FR\",\"@id\":\"https:\\\/\\\/labarraca1912.es\\\/tienda\\\/molinillos\\\/molinillo-xl-sal-rosa-del-himalaya\\\/#primaryimage\",\"url\":\"https:\\\/\\\/labarraca1912.es\\\/wp-content\\\/uploads\\\/molxlsalrosa2025.jpg\",\"contentUrl\":\"https:\\\/\\\/labarraca1912.es\\\/wp-content\\\/uploads\\\/molxlsalrosa2025.jpg\",\"width\":800,\"height\":800},{\"@type\":\"BreadcrumbList\",\"@id\":\"https:\\\/\\\/labarraca1912.es\\\/tienda\\\/molinillos\\\/molinillo-xl-sal-rosa-del-himalaya\\\/#breadcrumb\",\"itemListElement\":[{\"@type\":\"ListItem\",\"position\":1,\"name\":\"La Barraca\",\"item\":\"https:\\\/\\\/labarraca1912.es\\\/\"},{\"@type\":\"ListItem\",\"position\":2,\"name\":\"Tienda\",\"item\":\"https:\\\/\\\/labarraca1912.es\\\/tienda\\\/\"},{\"@type\":\"ListItem\",\"position\":3,\"name\":\"Molinillo XL Sal Rosa del Himalaya 390g\"}]},{\"@type\":\"WebSite\",\"@id\":\"https:\\\/\\\/labarraca1912.es\\\/#website\",\"url\":\"https:\\\/\\\/labarraca1912.es\\\/\",\"name\":\"La Barraca\",\"description\":\"La Casa del Sabor\",\"publisher\":{\"@id\":\"https:\\\/\\\/labarraca1912.es\\\/#organization\"},\"potentialAction\":[{\"@type\":\"SearchAction\",\"target\":{\"@type\":\"EntryPoint\",\"urlTemplate\":\"https:\\\/\\\/labarraca1912.es\\\/?s={search_term_string}\"},\"query-input\":{\"@type\":\"PropertyValueSpecification\",\"valueRequired\":true,\"valueName\":\"search_term_string\"}}],\"inLanguage\":\"fr-FR\"},{\"@type\":\"Organization\",\"@id\":\"https:\\\/\\\/labarraca1912.es\\\/#organization\",\"name\":\"La Barraca 1912 Alimentacion\",\"url\":\"https:\\\/\\\/labarraca1912.es\\\/\",\"logo\":{\"@type\":\"ImageObject\",\"inLanguage\":\"fr-FR\",\"@id\":\"https:\\\/\\\/labarraca1912.es\\\/#\\\/schema\\\/logo\\\/image\\\/\",\"url\":\"https:\\\/\\\/labarraca1912.es\\\/wp-content\\\/uploads\\\/2019\\\/06\\\/logo-labarraca.png\",\"contentUrl\":\"https:\\\/\\\/labarraca1912.es\\\/wp-content\\\/uploads\\\/2019\\\/06\\\/logo-labarraca.png\",\"width\":2917,\"height\":1809,\"caption\":\"La Barraca 1912 Alimentacion\"},\"image\":{\"@id\":\"https:\\\/\\\/labarraca1912.es\\\/#\\\/schema\\\/logo\\\/image\\\/\"}}]}<\/script>\n<!-- \/ Yoast SEO plugin. -->","yoast_head_json":{"title":"Comprar Molinillo XL Sal Rosa del Himalaya | La Barraca","description":"Aporta un toque \u00fanico y saludable a tus platos con un molinillo de sal rosa del Himalaya, rica en minerales naturales para realzar cualquier receta.","robots":{"index":"index","follow":"follow","max-snippet":"max-snippet:-1","max-image-preview":"max-image-preview:large","max-video-preview":"max-video-preview:-1"},"canonical":"https:\/\/labarraca1912.es\/fr\/tienda\/molinillos\/molinillo-xl-sal-rosa-del-himalaya\/","og_locale":"fr_FR","og_type":"article","og_title":"Comprar Molinillo XL Sal Rosa del Himalaya | La Barraca","og_description":"Aporta un toque \u00fanico y saludable a tus platos con un molinillo de sal rosa del Himalaya, rica en minerales naturales para realzar cualquier receta.","og_url":"https:\/\/labarraca1912.es\/fr\/tienda\/molinillos\/molinillo-xl-sal-rosa-del-himalaya\/","og_site_name":"La Barraca","article_modified_time":"2026-04-09T10:31:34+00:00","og_image":[{"width":800,"height":800,"url":"https:\/\/labarraca1912.es\/wp-content\/uploads\/molxlsalrosa2025.jpg","type":"image\/jpeg"}],"twitter_card":"summary_large_image","twitter_misc":{"Dur\u00e9e de lecture estim\u00e9e":"1 minute"},"schema":{"@context":"https:\/\/schema.org","@graph":[{"@type":"WebPage","@id":"https:\/\/labarraca1912.es\/tienda\/molinillos\/molinillo-xl-sal-rosa-del-himalaya\/","url":"https:\/\/labarraca1912.es\/tienda\/molinillos\/molinillo-xl-sal-rosa-del-himalaya\/","name":"Comprar Molinillo XL Sal Rosa del Himalaya | La Barraca","isPartOf":{"@id":"https:\/\/labarraca1912.es\/#website"},"primaryImageOfPage":{"@id":"https:\/\/labarraca1912.es\/tienda\/molinillos\/molinillo-xl-sal-rosa-del-himalaya\/#primaryimage"},"image":{"@id":"https:\/\/labarraca1912.es\/tienda\/molinillos\/molinillo-xl-sal-rosa-del-himalaya\/#primaryimage"},"thumbnailUrl":"https:\/\/labarraca1912.es\/wp-content\/uploads\/molxlsalrosa2025.jpg","datePublished":"2020-01-31T08:12:37+00:00","dateModified":"2026-04-09T10:31:34+00:00","description":"Aporta un toque \u00fanico y saludable a tus platos con un molinillo de sal rosa del Himalaya, rica en minerales naturales para realzar cualquier receta.","breadcrumb":{"@id":"https:\/\/labarraca1912.es\/tienda\/molinillos\/molinillo-xl-sal-rosa-del-himalaya\/#breadcrumb"},"inLanguage":"fr-FR","potentialAction":[{"@type":"ReadAction","target":["https:\/\/labarraca1912.es\/tienda\/molinillos\/molinillo-xl-sal-rosa-del-himalaya\/"]}]},{"@type":"ImageObject","inLanguage":"fr-FR","@id":"https:\/\/labarraca1912.es\/tienda\/molinillos\/molinillo-xl-sal-rosa-del-himalaya\/#primaryimage","url":"https:\/\/labarraca1912.es\/wp-content\/uploads\/molxlsalrosa2025.jpg","contentUrl":"https:\/\/labarraca1912.es\/wp-content\/uploads\/molxlsalrosa2025.jpg","width":800,"height":800},{"@type":"BreadcrumbList","@id":"https:\/\/labarraca1912.es\/tienda\/molinillos\/molinillo-xl-sal-rosa-del-himalaya\/#breadcrumb","itemListElement":[{"@type":"ListItem","position":1,"name":"La Barraca","item":"https:\/\/labarraca1912.es\/"},{"@type":"ListItem","position":2,"name":"Tienda","item":"https:\/\/labarraca1912.es\/tienda\/"},{"@type":"ListItem","position":3,"name":"Molinillo XL Sal Rosa del Himalaya 390g"}]},{"@type":"WebSite","@id":"https:\/\/labarraca1912.es\/#website","url":"https:\/\/labarraca1912.es\/","name":"La Barraca","description":"La Casa del Sabor","publisher":{"@id":"https:\/\/labarraca1912.es\/#organization"},"potentialAction":[{"@type":"SearchAction","target":{"@type":"EntryPoint","urlTemplate":"https:\/\/labarraca1912.es\/?s={search_term_string}"},"query-input":{"@type":"PropertyValueSpecification","valueRequired":true,"valueName":"search_term_string"}}],"inLanguage":"fr-FR"},{"@type":"Organization","@id":"https:\/\/labarraca1912.es\/#organization","name":"La Barraca 1912 Alimentacion","url":"https:\/\/labarraca1912.es\/","logo":{"@type":"ImageObject","inLanguage":"fr-FR","@id":"https:\/\/labarraca1912.es\/#\/schema\/logo\/image\/","url":"https:\/\/labarraca1912.es\/wp-content\/uploads\/2019\/06\/logo-labarraca.png","contentUrl":"https:\/\/labarraca1912.es\/wp-content\/uploads\/2019\/06\/logo-labarraca.png","width":2917,"height":1809,"caption":"La Barraca 1912 Alimentacion"},"image":{"@id":"https:\/\/labarraca1912.es\/#\/schema\/logo\/image\/"}}]}},"_links":{"self":[{"href":"https:\/\/labarraca1912.es\/fr\/wp-json\/wp\/v2\/product\/4173","targetHints":{"allow":["GET"]}}],"collection":[{"href":"https:\/\/labarraca1912.es\/fr\/wp-json\/wp\/v2\/product"}],"about":[{"href":"https:\/\/labarraca1912.es\/fr\/wp-json\/wp\/v2\/types\/product"}],"replies":[{"embeddable":true,"href":"https:\/\/labarraca1912.es\/fr\/wp-json\/wp\/v2\/comments?post=4173"}],"wp:featuredmedia":[{"embeddable":true,"href":"https:\/\/labarraca1912.es\/fr\/wp-json\/wp\/v2\/media\/11911"}],"wp:attachment":[{"href":"https:\/\/labarraca1912.es\/fr\/wp-json\/wp\/v2\/media?parent=4173"}],"wp:term":[{"taxonomy":"product_brand","embeddable":true,"href":"https:\/\/labarraca1912.es\/fr\/wp-json\/wp\/v2\/product_brand?post=4173"},{"taxonomy":"product_cat","embeddable":true,"href":"https:\/\/labarraca1912.es\/fr\/wp-json\/wp\/v2\/product_cat?post=4173"},{"taxonomy":"product_tag","embeddable":true,"href":"https:\/\/labarraca1912.es\/fr\/wp-json\/wp\/v2\/product_tag?post=4173"}],"curies":[{"name":"wp","href":"https:\/\/api.w.org\/{rel}","templated":true}]}}