{"id":4458,"date":"2020-02-20T09:16:30","date_gmt":"2020-02-20T08:16:30","guid":{"rendered":"https:\/\/labarraca1912.es\/?post_type=product&#038;p=4458"},"modified":"2026-04-11T02:49:41","modified_gmt":"2026-04-11T00:49:41","slug":"caldo-de-pescado-1000g","status":"publish","type":"product","link":"https:\/\/labarraca1912.es\/fr\/tienda\/productos-complementarios\/caldo-de-pescado-1000g\/","title":{"rendered":"Bouillon Poisson 1000g"},"content":{"rendered":"<p>BOUILLON POISSON: Pr\u00e9paration d\u00e9shydrat\u00e9e pour la production de bouillon de poisson.<\/p>\n<p><strong>Bouillon Poisson: <\/strong>Une fois reconstitu\u00e9, il peut \u00eatre consomm\u00e9 seul ou utilis\u00e9 comme base pour la pr\u00e9paration de plats culinaires. Performance 50 litres. Dosage de base: 20 grammes par litre.<\/p>","protected":false},"excerpt":{"rendered":"<blockquote>\n<h2><strong>Bouillons<\/strong> Bouillon Poisson<\/h2>\n<\/blockquote>\n<p>Pr\u00e9paration d\u00e9shydrat\u00e9e pour la production de bouillon de poisson. Une fois reconstitu\u00e9, il peut \u00eatre consomm\u00e9 seul ou utilis\u00e9 comme base pour la pr\u00e9paration de plats culinaires. Performance 50 litres. Dosage de base: 20 grammes par litre.<\/p>\n<p><em><strong>Ingr\u00e9dients:<\/strong><\/em> Sel, exhausteur de go\u00fbt: Glutamate monosodique E-621, amidon de ma\u00efs, graisse v\u00e9g\u00e9tale de palme partiellement hydrog\u00e9n\u00e9e, ar\u00f4me, oignon, extrait de poisson (1,75%), ail, \u00e9pices, extrait de crustac\u00e9 (0,3%), colorant: caramel d'ammonium E-150c et persil.<\/p>\n<p>Peut contenir des traces de <strong>GLUTEN, SOJA, LAIT (dont LACTOSE) et MOLLUSQUES.<\/strong><\/p>\n<p><strong><em>D\u00e9claration nutritionnelle. Valeurs moyennes per 100g de produit: <\/em><\/strong>\u00c9nergie: 661 kJ\/156 kcal. Graisses: 2,4g. Dont acides gras satur\u00e9s: 1,4g. Glucides: 19g. Dont sucres: 7,8g. Prot\u00e9ines: 15g. Sel: 62g.<\/p>","protected":false},"featured_media":12120,"comment_status":"open","ping_status":"closed","template":"","meta":{"_et_pb_use_builder":"","_et_pb_old_content":"","_et_gb_content_width":""},"product_brand":[],"product_cat":[15],"product_tag":[160,68,161],"class_list":{"0":"post-4458","1":"product","2":"type-product","3":"status-publish","4":"has-post-thumbnail","6":"product_cat-productos-complementarios","7":"product_tag-caldo","8":"product_tag-pescado","9":"product_tag-sabor","11":"first","12":"instock","13":"taxable","14":"shipping-taxable","15":"purchasable","16":"product-type-simple"},"yoast_head":"<!-- This site is optimized with the Yoast SEO plugin v27.5 - https:\/\/yoast.com\/product\/yoast-seo-wordpress\/ -->\n<title>Caldo de Pescado 1000g - La Barraca<\/title>\n<meta name=\"robots\" content=\"index, follow, max-snippet:-1, max-image-preview:large, max-video-preview:-1\" \/>\n<link rel=\"canonical\" href=\"https:\/\/labarraca1912.es\/fr\/tienda\/productos-complementarios\/caldo-de-pescado-1000g\/\" \/>\n<meta property=\"og:locale\" content=\"fr_FR\" \/>\n<meta property=\"og:type\" content=\"article\" \/>\n<meta property=\"og:title\" content=\"Caldo de Pescado 1000g - La Barraca\" \/>\n<meta property=\"og:description\" content=\"Caldos Caldo de Pescado  Preparado deshidratado para la elaboraci\u00f3n de caldo de pescado. Una vez reconstituido se puede consumir s\u00f3lo o utilizarlo como base para la preparaci\u00f3n de platos culinarios. Rendimiento 50 litros. Dosificaci\u00f3n B\u00e1sica: 20 gramos por litro.  Ingredientes: Sal, potenciador del sabor: Glutamato monos\u00f3dico E-621, almid\u00f3n de ma\u00edz, grasa vegetal parcialmente hidrogenada de palma, aroma, cebolla, extracto de pescado (1,75%), ajo, especias, extracto de crust\u00e1ceos (0,3%), colorante: Caramelo am\u00f3nico E-150c y perejil.  Puede contener trazas de GLUTEN, SOJA, LECHE (incluida la LACTOSA) y MOLUSCOS.  Informaci\u00f3n Nutricional. An\u00e1lisis medio por 100g de producto: Valor Energ\u00e9tico: 661 kJ\/156 kcal. Grasas:2,4g. De las cuales saturadas: 1,4g. Hidratos de Carbono: 19g. De los cuales az\u00facares: 7,8g. Prote\u00ednas: 15g. Sal: 62g.\" \/>\n<meta property=\"og:url\" content=\"https:\/\/labarraca1912.es\/fr\/tienda\/productos-complementarios\/caldo-de-pescado-1000g\/\" \/>\n<meta property=\"og:site_name\" content=\"La Barraca\" \/>\n<meta property=\"article:modified_time\" content=\"2026-04-11T00:49:41+00:00\" \/>\n<meta property=\"og:image\" content=\"https:\/\/labarraca1912.es\/wp-content\/uploads\/Caldo-de-Pescado-TO.jpg\" \/>\n\t<meta property=\"og:image:width\" content=\"800\" \/>\n\t<meta property=\"og:image:height\" content=\"800\" \/>\n\t<meta property=\"og:image:type\" content=\"image\/jpeg\" \/>\n<meta name=\"twitter:card\" content=\"summary_large_image\" \/>\n<meta name=\"twitter:label1\" content=\"Dur\u00e9e de lecture estim\u00e9e\" \/>\n\t<meta name=\"twitter:data1\" content=\"1 minute\" \/>\n<script type=\"application\/ld+json\" class=\"yoast-schema-graph\">{\"@context\":\"https:\\\/\\\/schema.org\",\"@graph\":[{\"@type\":\"WebPage\",\"@id\":\"https:\\\/\\\/labarraca1912.es\\\/tienda\\\/productos-complementarios\\\/caldo-de-pescado-1000g\\\/\",\"url\":\"https:\\\/\\\/labarraca1912.es\\\/tienda\\\/productos-complementarios\\\/caldo-de-pescado-1000g\\\/\",\"name\":\"Caldo de Pescado 1000g - La Barraca\",\"isPartOf\":{\"@id\":\"https:\\\/\\\/labarraca1912.es\\\/#website\"},\"primaryImageOfPage\":{\"@id\":\"https:\\\/\\\/labarraca1912.es\\\/tienda\\\/productos-complementarios\\\/caldo-de-pescado-1000g\\\/#primaryimage\"},\"image\":{\"@id\":\"https:\\\/\\\/labarraca1912.es\\\/tienda\\\/productos-complementarios\\\/caldo-de-pescado-1000g\\\/#primaryimage\"},\"thumbnailUrl\":\"https:\\\/\\\/labarraca1912.es\\\/wp-content\\\/uploads\\\/Caldo-de-Pescado-TO.jpg\",\"datePublished\":\"2020-02-20T08:16:30+00:00\",\"dateModified\":\"2026-04-11T00:49:41+00:00\",\"breadcrumb\":{\"@id\":\"https:\\\/\\\/labarraca1912.es\\\/tienda\\\/productos-complementarios\\\/caldo-de-pescado-1000g\\\/#breadcrumb\"},\"inLanguage\":\"fr-FR\",\"potentialAction\":[{\"@type\":\"ReadAction\",\"target\":[\"https:\\\/\\\/labarraca1912.es\\\/tienda\\\/productos-complementarios\\\/caldo-de-pescado-1000g\\\/\"]}]},{\"@type\":\"ImageObject\",\"inLanguage\":\"fr-FR\",\"@id\":\"https:\\\/\\\/labarraca1912.es\\\/tienda\\\/productos-complementarios\\\/caldo-de-pescado-1000g\\\/#primaryimage\",\"url\":\"https:\\\/\\\/labarraca1912.es\\\/wp-content\\\/uploads\\\/Caldo-de-Pescado-TO.jpg\",\"contentUrl\":\"https:\\\/\\\/labarraca1912.es\\\/wp-content\\\/uploads\\\/Caldo-de-Pescado-TO.jpg\",\"width\":800,\"height\":800},{\"@type\":\"BreadcrumbList\",\"@id\":\"https:\\\/\\\/labarraca1912.es\\\/tienda\\\/productos-complementarios\\\/caldo-de-pescado-1000g\\\/#breadcrumb\",\"itemListElement\":[{\"@type\":\"ListItem\",\"position\":1,\"name\":\"La Barraca\",\"item\":\"https:\\\/\\\/labarraca1912.es\\\/\"},{\"@type\":\"ListItem\",\"position\":2,\"name\":\"Tienda\",\"item\":\"https:\\\/\\\/labarraca1912.es\\\/tienda\\\/\"},{\"@type\":\"ListItem\",\"position\":3,\"name\":\"Caldo de Pescado 1000g\"}]},{\"@type\":\"WebSite\",\"@id\":\"https:\\\/\\\/labarraca1912.es\\\/#website\",\"url\":\"https:\\\/\\\/labarraca1912.es\\\/\",\"name\":\"La Barraca\",\"description\":\"La Casa del Sabor\",\"publisher\":{\"@id\":\"https:\\\/\\\/labarraca1912.es\\\/#organization\"},\"potentialAction\":[{\"@type\":\"SearchAction\",\"target\":{\"@type\":\"EntryPoint\",\"urlTemplate\":\"https:\\\/\\\/labarraca1912.es\\\/?s={search_term_string}\"},\"query-input\":{\"@type\":\"PropertyValueSpecification\",\"valueRequired\":true,\"valueName\":\"search_term_string\"}}],\"inLanguage\":\"fr-FR\"},{\"@type\":\"Organization\",\"@id\":\"https:\\\/\\\/labarraca1912.es\\\/#organization\",\"name\":\"La Barraca 1912 Alimentacion\",\"url\":\"https:\\\/\\\/labarraca1912.es\\\/\",\"logo\":{\"@type\":\"ImageObject\",\"inLanguage\":\"fr-FR\",\"@id\":\"https:\\\/\\\/labarraca1912.es\\\/#\\\/schema\\\/logo\\\/image\\\/\",\"url\":\"https:\\\/\\\/labarraca1912.es\\\/wp-content\\\/uploads\\\/2019\\\/06\\\/logo-labarraca.png\",\"contentUrl\":\"https:\\\/\\\/labarraca1912.es\\\/wp-content\\\/uploads\\\/2019\\\/06\\\/logo-labarraca.png\",\"width\":2917,\"height\":1809,\"caption\":\"La Barraca 1912 Alimentacion\"},\"image\":{\"@id\":\"https:\\\/\\\/labarraca1912.es\\\/#\\\/schema\\\/logo\\\/image\\\/\"}}]}<\/script>\n<!-- \/ Yoast SEO plugin. -->","yoast_head_json":{"title":"Caldo de Pescado 1000g - La Barraca","robots":{"index":"index","follow":"follow","max-snippet":"max-snippet:-1","max-image-preview":"max-image-preview:large","max-video-preview":"max-video-preview:-1"},"canonical":"https:\/\/labarraca1912.es\/fr\/tienda\/productos-complementarios\/caldo-de-pescado-1000g\/","og_locale":"fr_FR","og_type":"article","og_title":"Caldo de Pescado 1000g - La Barraca","og_description":"Caldos Caldo de Pescado  Preparado deshidratado para la elaboraci\u00f3n de caldo de pescado. Una vez reconstituido se puede consumir s\u00f3lo o utilizarlo como base para la preparaci\u00f3n de platos culinarios. Rendimiento 50 litros. Dosificaci\u00f3n B\u00e1sica: 20 gramos por litro.  Ingredientes: Sal, potenciador del sabor: Glutamato monos\u00f3dico E-621, almid\u00f3n de ma\u00edz, grasa vegetal parcialmente hidrogenada de palma, aroma, cebolla, extracto de pescado (1,75%), ajo, especias, extracto de crust\u00e1ceos (0,3%), colorante: Caramelo am\u00f3nico E-150c y perejil.  Puede contener trazas de GLUTEN, SOJA, LECHE (incluida la LACTOSA) y MOLUSCOS.  Informaci\u00f3n Nutricional. An\u00e1lisis medio por 100g de producto: Valor Energ\u00e9tico: 661 kJ\/156 kcal. Grasas:2,4g. De las cuales saturadas: 1,4g. Hidratos de Carbono: 19g. De los cuales az\u00facares: 7,8g. Prote\u00ednas: 15g. Sal: 62g.","og_url":"https:\/\/labarraca1912.es\/fr\/tienda\/productos-complementarios\/caldo-de-pescado-1000g\/","og_site_name":"La Barraca","article_modified_time":"2026-04-11T00:49:41+00:00","og_image":[{"width":800,"height":800,"url":"https:\/\/labarraca1912.es\/wp-content\/uploads\/Caldo-de-Pescado-TO.jpg","type":"image\/jpeg"}],"twitter_card":"summary_large_image","twitter_misc":{"Dur\u00e9e de lecture estim\u00e9e":"1 minute"},"schema":{"@context":"https:\/\/schema.org","@graph":[{"@type":"WebPage","@id":"https:\/\/labarraca1912.es\/tienda\/productos-complementarios\/caldo-de-pescado-1000g\/","url":"https:\/\/labarraca1912.es\/tienda\/productos-complementarios\/caldo-de-pescado-1000g\/","name":"Caldo de Pescado 1000g - La Barraca","isPartOf":{"@id":"https:\/\/labarraca1912.es\/#website"},"primaryImageOfPage":{"@id":"https:\/\/labarraca1912.es\/tienda\/productos-complementarios\/caldo-de-pescado-1000g\/#primaryimage"},"image":{"@id":"https:\/\/labarraca1912.es\/tienda\/productos-complementarios\/caldo-de-pescado-1000g\/#primaryimage"},"thumbnailUrl":"https:\/\/labarraca1912.es\/wp-content\/uploads\/Caldo-de-Pescado-TO.jpg","datePublished":"2020-02-20T08:16:30+00:00","dateModified":"2026-04-11T00:49:41+00:00","breadcrumb":{"@id":"https:\/\/labarraca1912.es\/tienda\/productos-complementarios\/caldo-de-pescado-1000g\/#breadcrumb"},"inLanguage":"fr-FR","potentialAction":[{"@type":"ReadAction","target":["https:\/\/labarraca1912.es\/tienda\/productos-complementarios\/caldo-de-pescado-1000g\/"]}]},{"@type":"ImageObject","inLanguage":"fr-FR","@id":"https:\/\/labarraca1912.es\/tienda\/productos-complementarios\/caldo-de-pescado-1000g\/#primaryimage","url":"https:\/\/labarraca1912.es\/wp-content\/uploads\/Caldo-de-Pescado-TO.jpg","contentUrl":"https:\/\/labarraca1912.es\/wp-content\/uploads\/Caldo-de-Pescado-TO.jpg","width":800,"height":800},{"@type":"BreadcrumbList","@id":"https:\/\/labarraca1912.es\/tienda\/productos-complementarios\/caldo-de-pescado-1000g\/#breadcrumb","itemListElement":[{"@type":"ListItem","position":1,"name":"La Barraca","item":"https:\/\/labarraca1912.es\/"},{"@type":"ListItem","position":2,"name":"Tienda","item":"https:\/\/labarraca1912.es\/tienda\/"},{"@type":"ListItem","position":3,"name":"Caldo de Pescado 1000g"}]},{"@type":"WebSite","@id":"https:\/\/labarraca1912.es\/#website","url":"https:\/\/labarraca1912.es\/","name":"La Barraca","description":"La Casa del Sabor","publisher":{"@id":"https:\/\/labarraca1912.es\/#organization"},"potentialAction":[{"@type":"SearchAction","target":{"@type":"EntryPoint","urlTemplate":"https:\/\/labarraca1912.es\/?s={search_term_string}"},"query-input":{"@type":"PropertyValueSpecification","valueRequired":true,"valueName":"search_term_string"}}],"inLanguage":"fr-FR"},{"@type":"Organization","@id":"https:\/\/labarraca1912.es\/#organization","name":"La Barraca 1912 Alimentacion","url":"https:\/\/labarraca1912.es\/","logo":{"@type":"ImageObject","inLanguage":"fr-FR","@id":"https:\/\/labarraca1912.es\/#\/schema\/logo\/image\/","url":"https:\/\/labarraca1912.es\/wp-content\/uploads\/2019\/06\/logo-labarraca.png","contentUrl":"https:\/\/labarraca1912.es\/wp-content\/uploads\/2019\/06\/logo-labarraca.png","width":2917,"height":1809,"caption":"La Barraca 1912 Alimentacion"},"image":{"@id":"https:\/\/labarraca1912.es\/#\/schema\/logo\/image\/"}}]}},"_links":{"self":[{"href":"https:\/\/labarraca1912.es\/fr\/wp-json\/wp\/v2\/product\/4458","targetHints":{"allow":["GET"]}}],"collection":[{"href":"https:\/\/labarraca1912.es\/fr\/wp-json\/wp\/v2\/product"}],"about":[{"href":"https:\/\/labarraca1912.es\/fr\/wp-json\/wp\/v2\/types\/product"}],"replies":[{"embeddable":true,"href":"https:\/\/labarraca1912.es\/fr\/wp-json\/wp\/v2\/comments?post=4458"}],"wp:featuredmedia":[{"embeddable":true,"href":"https:\/\/labarraca1912.es\/fr\/wp-json\/wp\/v2\/media\/12120"}],"wp:attachment":[{"href":"https:\/\/labarraca1912.es\/fr\/wp-json\/wp\/v2\/media?parent=4458"}],"wp:term":[{"taxonomy":"product_brand","embeddable":true,"href":"https:\/\/labarraca1912.es\/fr\/wp-json\/wp\/v2\/product_brand?post=4458"},{"taxonomy":"product_cat","embeddable":true,"href":"https:\/\/labarraca1912.es\/fr\/wp-json\/wp\/v2\/product_cat?post=4458"},{"taxonomy":"product_tag","embeddable":true,"href":"https:\/\/labarraca1912.es\/fr\/wp-json\/wp\/v2\/product_tag?post=4458"}],"curies":[{"name":"wp","href":"https:\/\/api.w.org\/{rel}","templated":true}]}}