{"id":4599,"date":"2020-02-24T11:08:21","date_gmt":"2020-02-24T10:08:21","guid":{"rendered":"https:\/\/labarraca1912.es\/?post_type=product&#038;p=4599"},"modified":"2026-04-10T14:06:57","modified_gmt":"2026-04-10T12:06:57","slug":"molinillo-sabor-marinero","status":"publish","type":"product","link":"https:\/\/labarraca1912.es\/fr\/tienda\/molinillos\/molinillo-sabor-marinero\/","title":{"rendered":"Moulin Sel aux \u00c9pices \"Saveur Marin\" 58g"},"content":{"rendered":"<p>MOLINILLO SAL CON ESPECIAS \u00abSABOR MARINERO\u00bb: Mezcla de especias y hierbas que junto con la sal marina, ofrecen un sabor especial una vez son molidas sobre cualquier tipo de pescado.<\/p>\n<p><strong>Sal con Especias \u00abSabor Marinero\u00bb:<\/strong> Il est utilis\u00e9 dans n'importe quel plat de poisson grill\u00e9 ou grill\u00e9, bien qu'il puisse \u00e9galement \u00eatre utilis\u00e9 dans les rago\u00fbts et le poisson r\u00f4ti.<\/p>\n<p>&nbsp;<\/p>\n<h5><span style=\"color: #c29d0c;\"><strong>Moulin DOUBLE MOUDRE r\u00e9glable, pour que vous puissiez adapter le grain de broyage \u00e0 votre guise, plus fin ou plus grossier.<\/strong><\/span><\/h5>","protected":false},"excerpt":{"rendered":"<blockquote>\n<h2><strong>Moulin Sel aux \u00c9pices \"Saveur Marin\"<\/strong><\/h2>\n<\/blockquote>\n<p><img decoding=\"async\" class=\"alignnone wp-image-10937\" src=\"https:\/\/labarraca1912.es\/wp-content\/uploads\/glutenfree.jpg\" alt=\"\" width=\"203\" height=\"35\" \/><\/p>\n<p>M\u00e9lange d'\u00e9pices et d'herbes qui, associ\u00e9es au sel marin, offrent une saveur particuli\u00e8re une fois moulues sur tout type de poisson. Il est utilis\u00e9 dans n'importe quel plat de poisson grill\u00e9 ou grill\u00e9, bien qu'il puisse \u00e9galement \u00eatre utilis\u00e9 dans les rago\u00fbts et le poisson r\u00f4ti.<\/p>\n<h5><span style=\"color: #c29d0c;\"><strong>Moulin DOUBLE MOUDRE r\u00e9glable, pour que vous puissiez adapter le grain de broyage \u00e0 votre guise, plus fin ou plus grossier.<\/strong><\/span><\/h5>\n<p><em><strong>Ingr\u00e9dients:<\/strong><\/em> Sel marin (95%), oignon, marjolaine, piment cocass\u00e9 (\u00f1ora), ail et aneth.<\/p>\n<p>Peut contenir des traces de <strong>SULFITES et ARACHIDE.<\/strong><\/p>","protected":false},"featured_media":14251,"comment_status":"open","ping_status":"closed","template":"","meta":{"_et_pb_use_builder":"","_et_pb_old_content":"","_et_gb_content_width":""},"product_brand":[],"product_cat":[164],"product_tag":[154,156,150,68,157,79],"class_list":{"0":"post-4599","1":"product","2":"type-product","3":"status-publish","4":"has-post-thumbnail","6":"product_cat-molinillos","7":"product_tag-hierbas","8":"product_tag-marina","9":"product_tag-molinillo","10":"product_tag-pescado","11":"product_tag-roca","12":"product_tag-sal","14":"first","15":"instock","16":"taxable","17":"shipping-taxable","18":"purchasable","19":"product-type-simple"},"yoast_head":"<!-- This site is optimized with the Yoast SEO plugin v27.4 - https:\/\/yoast.com\/product\/yoast-seo-wordpress\/ -->\n<title>Comprar Molinillo Sal con Especias &quot;Sabor Marinero&quot;<\/title>\n<meta name=\"description\" content=\"Realza el sabor de tus pescados con un molinillo de sal marina y especias \u201cSabor Marinero\u201d, ideal para plancha, parrilla o guisos.\" \/>\n<meta name=\"robots\" content=\"index, follow, max-snippet:-1, max-image-preview:large, max-video-preview:-1\" \/>\n<link rel=\"canonical\" href=\"https:\/\/labarraca1912.es\/fr\/tienda\/molinillos\/molinillo-sabor-marinero\/\" \/>\n<meta property=\"og:locale\" content=\"fr_FR\" \/>\n<meta property=\"og:type\" content=\"article\" \/>\n<meta property=\"og:title\" content=\"Comprar Molinillo Sal con Especias &quot;Sabor Marinero&quot;\" \/>\n<meta property=\"og:description\" content=\"Realza el sabor de tus pescados con un molinillo de sal marina y especias \u201cSabor Marinero\u201d, ideal para plancha, parrilla o guisos.\" \/>\n<meta property=\"og:url\" content=\"https:\/\/labarraca1912.es\/fr\/tienda\/molinillos\/molinillo-sabor-marinero\/\" \/>\n<meta property=\"og:site_name\" content=\"La Barraca\" \/>\n<meta property=\"article:modified_time\" content=\"2026-04-10T12:06:57+00:00\" \/>\n<meta property=\"og:image\" content=\"https:\/\/labarraca1912.es\/wp-content\/uploads\/molinillosabormarinero2026.jpg\" \/>\n\t<meta property=\"og:image:width\" content=\"800\" \/>\n\t<meta property=\"og:image:height\" content=\"800\" \/>\n\t<meta property=\"og:image:type\" content=\"image\/jpeg\" \/>\n<meta name=\"twitter:card\" content=\"summary_large_image\" \/>\n<meta name=\"twitter:label1\" content=\"Dur\u00e9e de lecture estim\u00e9e\" \/>\n\t<meta name=\"twitter:data1\" content=\"1 minute\" \/>\n<script type=\"application\/ld+json\" class=\"yoast-schema-graph\">{\"@context\":\"https:\\\/\\\/schema.org\",\"@graph\":[{\"@type\":\"WebPage\",\"@id\":\"https:\\\/\\\/labarraca1912.es\\\/tienda\\\/molinillos\\\/molinillo-sabor-marinero\\\/\",\"url\":\"https:\\\/\\\/labarraca1912.es\\\/tienda\\\/molinillos\\\/molinillo-sabor-marinero\\\/\",\"name\":\"Comprar Molinillo Sal con Especias \\\"Sabor Marinero\\\"\",\"isPartOf\":{\"@id\":\"https:\\\/\\\/labarraca1912.es\\\/#website\"},\"primaryImageOfPage\":{\"@id\":\"https:\\\/\\\/labarraca1912.es\\\/tienda\\\/molinillos\\\/molinillo-sabor-marinero\\\/#primaryimage\"},\"image\":{\"@id\":\"https:\\\/\\\/labarraca1912.es\\\/tienda\\\/molinillos\\\/molinillo-sabor-marinero\\\/#primaryimage\"},\"thumbnailUrl\":\"https:\\\/\\\/labarraca1912.es\\\/wp-content\\\/uploads\\\/molinillosabormarinero2026.jpg\",\"datePublished\":\"2020-02-24T10:08:21+00:00\",\"dateModified\":\"2026-04-10T12:06:57+00:00\",\"description\":\"Realza el sabor de tus pescados con un molinillo de sal marina y especias \u201cSabor Marinero\u201d, ideal para plancha, parrilla o guisos.\",\"breadcrumb\":{\"@id\":\"https:\\\/\\\/labarraca1912.es\\\/tienda\\\/molinillos\\\/molinillo-sabor-marinero\\\/#breadcrumb\"},\"inLanguage\":\"fr-FR\",\"potentialAction\":[{\"@type\":\"ReadAction\",\"target\":[\"https:\\\/\\\/labarraca1912.es\\\/tienda\\\/molinillos\\\/molinillo-sabor-marinero\\\/\"]}]},{\"@type\":\"ImageObject\",\"inLanguage\":\"fr-FR\",\"@id\":\"https:\\\/\\\/labarraca1912.es\\\/tienda\\\/molinillos\\\/molinillo-sabor-marinero\\\/#primaryimage\",\"url\":\"https:\\\/\\\/labarraca1912.es\\\/wp-content\\\/uploads\\\/molinillosabormarinero2026.jpg\",\"contentUrl\":\"https:\\\/\\\/labarraca1912.es\\\/wp-content\\\/uploads\\\/molinillosabormarinero2026.jpg\",\"width\":800,\"height\":800},{\"@type\":\"BreadcrumbList\",\"@id\":\"https:\\\/\\\/labarraca1912.es\\\/tienda\\\/molinillos\\\/molinillo-sabor-marinero\\\/#breadcrumb\",\"itemListElement\":[{\"@type\":\"ListItem\",\"position\":1,\"name\":\"La Barraca\",\"item\":\"https:\\\/\\\/labarraca1912.es\\\/\"},{\"@type\":\"ListItem\",\"position\":2,\"name\":\"Tienda\",\"item\":\"https:\\\/\\\/labarraca1912.es\\\/tienda\\\/\"},{\"@type\":\"ListItem\",\"position\":3,\"name\":\"Molinillo Sal con Especias \u00abSabor Marinero\u00bb 58g\"}]},{\"@type\":\"WebSite\",\"@id\":\"https:\\\/\\\/labarraca1912.es\\\/#website\",\"url\":\"https:\\\/\\\/labarraca1912.es\\\/\",\"name\":\"La Barraca\",\"description\":\"La Casa del Sabor\",\"publisher\":{\"@id\":\"https:\\\/\\\/labarraca1912.es\\\/#organization\"},\"potentialAction\":[{\"@type\":\"SearchAction\",\"target\":{\"@type\":\"EntryPoint\",\"urlTemplate\":\"https:\\\/\\\/labarraca1912.es\\\/?s={search_term_string}\"},\"query-input\":{\"@type\":\"PropertyValueSpecification\",\"valueRequired\":true,\"valueName\":\"search_term_string\"}}],\"inLanguage\":\"fr-FR\"},{\"@type\":\"Organization\",\"@id\":\"https:\\\/\\\/labarraca1912.es\\\/#organization\",\"name\":\"La Barraca 1912 Alimentacion\",\"url\":\"https:\\\/\\\/labarraca1912.es\\\/\",\"logo\":{\"@type\":\"ImageObject\",\"inLanguage\":\"fr-FR\",\"@id\":\"https:\\\/\\\/labarraca1912.es\\\/#\\\/schema\\\/logo\\\/image\\\/\",\"url\":\"https:\\\/\\\/labarraca1912.es\\\/wp-content\\\/uploads\\\/2019\\\/06\\\/logo-labarraca.png\",\"contentUrl\":\"https:\\\/\\\/labarraca1912.es\\\/wp-content\\\/uploads\\\/2019\\\/06\\\/logo-labarraca.png\",\"width\":2917,\"height\":1809,\"caption\":\"La Barraca 1912 Alimentacion\"},\"image\":{\"@id\":\"https:\\\/\\\/labarraca1912.es\\\/#\\\/schema\\\/logo\\\/image\\\/\"}}]}<\/script>\n<!-- \/ Yoast SEO plugin. -->","yoast_head_json":{"title":"Comprar Molinillo Sal con Especias \"Sabor Marinero\"","description":"Realza el sabor de tus pescados con un molinillo de sal marina y especias \u201cSabor Marinero\u201d, ideal para plancha, parrilla o guisos.","robots":{"index":"index","follow":"follow","max-snippet":"max-snippet:-1","max-image-preview":"max-image-preview:large","max-video-preview":"max-video-preview:-1"},"canonical":"https:\/\/labarraca1912.es\/fr\/tienda\/molinillos\/molinillo-sabor-marinero\/","og_locale":"fr_FR","og_type":"article","og_title":"Comprar Molinillo Sal con Especias \"Sabor Marinero\"","og_description":"Realza el sabor de tus pescados con un molinillo de sal marina y especias \u201cSabor Marinero\u201d, ideal para plancha, parrilla o guisos.","og_url":"https:\/\/labarraca1912.es\/fr\/tienda\/molinillos\/molinillo-sabor-marinero\/","og_site_name":"La Barraca","article_modified_time":"2026-04-10T12:06:57+00:00","og_image":[{"width":800,"height":800,"url":"https:\/\/labarraca1912.es\/wp-content\/uploads\/molinillosabormarinero2026.jpg","type":"image\/jpeg"}],"twitter_card":"summary_large_image","twitter_misc":{"Dur\u00e9e de lecture estim\u00e9e":"1 minute"},"schema":{"@context":"https:\/\/schema.org","@graph":[{"@type":"WebPage","@id":"https:\/\/labarraca1912.es\/tienda\/molinillos\/molinillo-sabor-marinero\/","url":"https:\/\/labarraca1912.es\/tienda\/molinillos\/molinillo-sabor-marinero\/","name":"Comprar Molinillo Sal con Especias \"Sabor Marinero\"","isPartOf":{"@id":"https:\/\/labarraca1912.es\/#website"},"primaryImageOfPage":{"@id":"https:\/\/labarraca1912.es\/tienda\/molinillos\/molinillo-sabor-marinero\/#primaryimage"},"image":{"@id":"https:\/\/labarraca1912.es\/tienda\/molinillos\/molinillo-sabor-marinero\/#primaryimage"},"thumbnailUrl":"https:\/\/labarraca1912.es\/wp-content\/uploads\/molinillosabormarinero2026.jpg","datePublished":"2020-02-24T10:08:21+00:00","dateModified":"2026-04-10T12:06:57+00:00","description":"Realza el sabor de tus pescados con un molinillo de sal marina y especias \u201cSabor Marinero\u201d, ideal para plancha, parrilla o guisos.","breadcrumb":{"@id":"https:\/\/labarraca1912.es\/tienda\/molinillos\/molinillo-sabor-marinero\/#breadcrumb"},"inLanguage":"fr-FR","potentialAction":[{"@type":"ReadAction","target":["https:\/\/labarraca1912.es\/tienda\/molinillos\/molinillo-sabor-marinero\/"]}]},{"@type":"ImageObject","inLanguage":"fr-FR","@id":"https:\/\/labarraca1912.es\/tienda\/molinillos\/molinillo-sabor-marinero\/#primaryimage","url":"https:\/\/labarraca1912.es\/wp-content\/uploads\/molinillosabormarinero2026.jpg","contentUrl":"https:\/\/labarraca1912.es\/wp-content\/uploads\/molinillosabormarinero2026.jpg","width":800,"height":800},{"@type":"BreadcrumbList","@id":"https:\/\/labarraca1912.es\/tienda\/molinillos\/molinillo-sabor-marinero\/#breadcrumb","itemListElement":[{"@type":"ListItem","position":1,"name":"La Barraca","item":"https:\/\/labarraca1912.es\/"},{"@type":"ListItem","position":2,"name":"Tienda","item":"https:\/\/labarraca1912.es\/tienda\/"},{"@type":"ListItem","position":3,"name":"Molinillo Sal con Especias \u00abSabor Marinero\u00bb 58g"}]},{"@type":"WebSite","@id":"https:\/\/labarraca1912.es\/#website","url":"https:\/\/labarraca1912.es\/","name":"La Barraca","description":"La Casa del Sabor","publisher":{"@id":"https:\/\/labarraca1912.es\/#organization"},"potentialAction":[{"@type":"SearchAction","target":{"@type":"EntryPoint","urlTemplate":"https:\/\/labarraca1912.es\/?s={search_term_string}"},"query-input":{"@type":"PropertyValueSpecification","valueRequired":true,"valueName":"search_term_string"}}],"inLanguage":"fr-FR"},{"@type":"Organization","@id":"https:\/\/labarraca1912.es\/#organization","name":"La Barraca 1912 Alimentacion","url":"https:\/\/labarraca1912.es\/","logo":{"@type":"ImageObject","inLanguage":"fr-FR","@id":"https:\/\/labarraca1912.es\/#\/schema\/logo\/image\/","url":"https:\/\/labarraca1912.es\/wp-content\/uploads\/2019\/06\/logo-labarraca.png","contentUrl":"https:\/\/labarraca1912.es\/wp-content\/uploads\/2019\/06\/logo-labarraca.png","width":2917,"height":1809,"caption":"La Barraca 1912 Alimentacion"},"image":{"@id":"https:\/\/labarraca1912.es\/#\/schema\/logo\/image\/"}}]}},"_links":{"self":[{"href":"https:\/\/labarraca1912.es\/fr\/wp-json\/wp\/v2\/product\/4599","targetHints":{"allow":["GET"]}}],"collection":[{"href":"https:\/\/labarraca1912.es\/fr\/wp-json\/wp\/v2\/product"}],"about":[{"href":"https:\/\/labarraca1912.es\/fr\/wp-json\/wp\/v2\/types\/product"}],"replies":[{"embeddable":true,"href":"https:\/\/labarraca1912.es\/fr\/wp-json\/wp\/v2\/comments?post=4599"}],"wp:featuredmedia":[{"embeddable":true,"href":"https:\/\/labarraca1912.es\/fr\/wp-json\/wp\/v2\/media\/14251"}],"wp:attachment":[{"href":"https:\/\/labarraca1912.es\/fr\/wp-json\/wp\/v2\/media?parent=4599"}],"wp:term":[{"taxonomy":"product_brand","embeddable":true,"href":"https:\/\/labarraca1912.es\/fr\/wp-json\/wp\/v2\/product_brand?post=4599"},{"taxonomy":"product_cat","embeddable":true,"href":"https:\/\/labarraca1912.es\/fr\/wp-json\/wp\/v2\/product_cat?post=4599"},{"taxonomy":"product_tag","embeddable":true,"href":"https:\/\/labarraca1912.es\/fr\/wp-json\/wp\/v2\/product_tag?post=4599"}],"curies":[{"name":"wp","href":"https:\/\/api.w.org\/{rel}","templated":true}]}}