{"id":4726,"date":"2020-03-31T10:16:12","date_gmt":"2020-03-31T08:16:12","guid":{"rendered":"https:\/\/labarraca1912.es\/?post_type=product&#038;p=4726"},"modified":"2026-04-26T19:09:51","modified_gmt":"2026-04-26T17:09:51","slug":"te-verde-caja-20-infusiones","status":"publish","type":"product","link":"https:\/\/labarraca1912.es\/fr\/tienda\/infusiones\/te-verde-caja-20-infusiones\/","title":{"rendered":"Th\u00e9 Vert"},"content":{"rendered":"<p>INFUSIONES NATURALES &#8211; T\u00c9 VERDE: Sabor y aroma natural en una exclusiva colecci\u00f3n de infusiones, envasadas en un pr\u00e1ctico formato de 10 bolsitas de infusi\u00f3n por cajita para que disfrutes sorbo a sorbo del aut\u00e9ntico sabor de las infusiones de La Barraca. Una gama de infusiones como nunca la hab\u00edas visto.<\/p>\n<p><strong>Th\u00e9 Vert: <\/strong>Le Th\u00e9 Vert est un th\u00e9 qui n'a pas subi d'oxydation, les feuilles fra\u00eeches sont r\u00e9colt\u00e9es, press\u00e9es, roul\u00e9es, broy\u00e9es et enfin s\u00e9ch\u00e9es. Elle poss\u00e8de des propri\u00e9t\u00e9s stimulantes, digestives et circulatoires.<\/p>","protected":false},"excerpt":{"rendered":"<blockquote>\n<h2><strong>Tisanes<\/strong>\u00a0Th\u00e9 Vert<\/h2>\n<\/blockquote>\n<p>Saveur et ar\u00f4me naturels dans une collection exclusive d'infusions, conditionn\u00e9es dans un format pratique de 10 sachets d'infusion par bo\u00eete pour que vous puissiez profiter gorg\u00e9e par gorg\u00e9e de la saveur authentique des infusions La Barraca. Une gamme d'infusions comme vous n'en avez jamais vue auparavant.<\/p>\n<p>Le Th\u00e9 Vert est un th\u00e9 qui n'a pas subi d'oxydation, les feuilles fra\u00eeches sont r\u00e9colt\u00e9es, press\u00e9es, roul\u00e9es, broy\u00e9es et enfin s\u00e9ch\u00e9es. Elle poss\u00e8de des propri\u00e9t\u00e9s stimulantes, digestives et circulatoires.<\/p>\n<p>Bo\u00eete de 10 Tisanes de Th\u00e9 Vert.<\/p>\n<p><em><strong>Ingr\u00e9dients:<\/strong><\/em> Th\u00e9 vert 100%.<\/p>","protected":false},"featured_media":5893,"comment_status":"open","ping_status":"closed","template":"","meta":{"_et_pb_use_builder":"","_et_pb_old_content":"","_et_gb_content_width":""},"product_brand":[],"product_cat":[20],"product_tag":[165,52,57,112,53,167,149,166,152],"class_list":{"0":"post-4726","1":"product","2":"type-product","3":"status-publish","4":"has-post-thumbnail","6":"product_cat-infusiones","7":"product_tag-dormibe","8":"product_tag-infusiones","9":"product_tag-manzanilla","10":"product_tag-romero","11":"product_tag-te","12":"product_tag-tila","13":"product_tag-tomillo","14":"product_tag-valeriana","15":"product_tag-verde","17":"first","18":"instock","19":"taxable","20":"shipping-taxable","21":"purchasable","22":"product-type-simple"},"yoast_head":"<!-- This site is optimized with the Yoast SEO plugin v27.5 - https:\/\/yoast.com\/product\/yoast-seo-wordpress\/ -->\n<title>Comprar T\u00e9 Verde natural | La Barraca<\/title>\n<meta name=\"description\" content=\"Comprar T\u00e9 Verde de La Barraca en caja de 20 bolsitas. Infusi\u00f3n natural con propiedades estimulantes, digestivas y circulatorias para tu bienestar.\" \/>\n<meta name=\"robots\" content=\"index, follow, max-snippet:-1, max-image-preview:large, max-video-preview:-1\" \/>\n<link rel=\"canonical\" href=\"https:\/\/labarraca1912.es\/fr\/tienda\/infusiones\/te-verde-caja-20-infusiones\/\" \/>\n<meta property=\"og:locale\" content=\"fr_FR\" \/>\n<meta property=\"og:type\" content=\"article\" \/>\n<meta property=\"og:title\" content=\"Comprar T\u00e9 Verde natural | La Barraca\" \/>\n<meta property=\"og:description\" content=\"Comprar T\u00e9 Verde de La Barraca en caja de 20 bolsitas. Infusi\u00f3n natural con propiedades estimulantes, digestivas y circulatorias para tu bienestar.\" \/>\n<meta property=\"og:url\" content=\"https:\/\/labarraca1912.es\/fr\/tienda\/infusiones\/te-verde-caja-20-infusiones\/\" \/>\n<meta property=\"og:site_name\" content=\"La Barraca\" \/>\n<meta property=\"article:modified_time\" content=\"2026-04-26T17:09:51+00:00\" \/>\n<meta property=\"og:image\" content=\"https:\/\/labarraca1912.es\/wp-content\/uploads\/2020\/03\/teverdecajita10.jpg\" \/>\n\t<meta property=\"og:image:width\" content=\"800\" \/>\n\t<meta property=\"og:image:height\" content=\"800\" \/>\n\t<meta property=\"og:image:type\" content=\"image\/jpeg\" \/>\n<meta name=\"twitter:card\" content=\"summary_large_image\" \/>\n<meta name=\"twitter:label1\" content=\"Dur\u00e9e de lecture estim\u00e9e\" \/>\n\t<meta name=\"twitter:data1\" content=\"1 minute\" \/>\n<script type=\"application\/ld+json\" class=\"yoast-schema-graph\">{\"@context\":\"https:\\\/\\\/schema.org\",\"@graph\":[{\"@type\":\"WebPage\",\"@id\":\"https:\\\/\\\/labarraca1912.es\\\/tienda\\\/infusiones\\\/te-verde-caja-20-infusiones\\\/\",\"url\":\"https:\\\/\\\/labarraca1912.es\\\/tienda\\\/infusiones\\\/te-verde-caja-20-infusiones\\\/\",\"name\":\"Comprar T\u00e9 Verde natural | La Barraca\",\"isPartOf\":{\"@id\":\"https:\\\/\\\/labarraca1912.es\\\/#website\"},\"primaryImageOfPage\":{\"@id\":\"https:\\\/\\\/labarraca1912.es\\\/tienda\\\/infusiones\\\/te-verde-caja-20-infusiones\\\/#primaryimage\"},\"image\":{\"@id\":\"https:\\\/\\\/labarraca1912.es\\\/tienda\\\/infusiones\\\/te-verde-caja-20-infusiones\\\/#primaryimage\"},\"thumbnailUrl\":\"https:\\\/\\\/labarraca1912.es\\\/wp-content\\\/uploads\\\/2020\\\/03\\\/teverdecajita10.jpg\",\"datePublished\":\"2020-03-31T08:16:12+00:00\",\"dateModified\":\"2026-04-26T17:09:51+00:00\",\"description\":\"Comprar T\u00e9 Verde de La Barraca en caja de 20 bolsitas. Infusi\u00f3n natural con propiedades estimulantes, digestivas y circulatorias para tu bienestar.\",\"breadcrumb\":{\"@id\":\"https:\\\/\\\/labarraca1912.es\\\/tienda\\\/infusiones\\\/te-verde-caja-20-infusiones\\\/#breadcrumb\"},\"inLanguage\":\"fr-FR\",\"potentialAction\":[{\"@type\":\"ReadAction\",\"target\":[\"https:\\\/\\\/labarraca1912.es\\\/tienda\\\/infusiones\\\/te-verde-caja-20-infusiones\\\/\"]}]},{\"@type\":\"ImageObject\",\"inLanguage\":\"fr-FR\",\"@id\":\"https:\\\/\\\/labarraca1912.es\\\/tienda\\\/infusiones\\\/te-verde-caja-20-infusiones\\\/#primaryimage\",\"url\":\"https:\\\/\\\/labarraca1912.es\\\/wp-content\\\/uploads\\\/2020\\\/03\\\/teverdecajita10.jpg\",\"contentUrl\":\"https:\\\/\\\/labarraca1912.es\\\/wp-content\\\/uploads\\\/2020\\\/03\\\/teverdecajita10.jpg\",\"width\":800,\"height\":800},{\"@type\":\"BreadcrumbList\",\"@id\":\"https:\\\/\\\/labarraca1912.es\\\/tienda\\\/infusiones\\\/te-verde-caja-20-infusiones\\\/#breadcrumb\",\"itemListElement\":[{\"@type\":\"ListItem\",\"position\":1,\"name\":\"La Barraca\",\"item\":\"https:\\\/\\\/labarraca1912.es\\\/\"},{\"@type\":\"ListItem\",\"position\":2,\"name\":\"Tienda\",\"item\":\"https:\\\/\\\/labarraca1912.es\\\/tienda\\\/\"},{\"@type\":\"ListItem\",\"position\":3,\"name\":\"T\u00e9 Verde\"}]},{\"@type\":\"WebSite\",\"@id\":\"https:\\\/\\\/labarraca1912.es\\\/#website\",\"url\":\"https:\\\/\\\/labarraca1912.es\\\/\",\"name\":\"La Barraca\",\"description\":\"La Casa del Sabor\",\"publisher\":{\"@id\":\"https:\\\/\\\/labarraca1912.es\\\/#organization\"},\"potentialAction\":[{\"@type\":\"SearchAction\",\"target\":{\"@type\":\"EntryPoint\",\"urlTemplate\":\"https:\\\/\\\/labarraca1912.es\\\/?s={search_term_string}\"},\"query-input\":{\"@type\":\"PropertyValueSpecification\",\"valueRequired\":true,\"valueName\":\"search_term_string\"}}],\"inLanguage\":\"fr-FR\"},{\"@type\":\"Organization\",\"@id\":\"https:\\\/\\\/labarraca1912.es\\\/#organization\",\"name\":\"La Barraca 1912 Alimentacion\",\"url\":\"https:\\\/\\\/labarraca1912.es\\\/\",\"logo\":{\"@type\":\"ImageObject\",\"inLanguage\":\"fr-FR\",\"@id\":\"https:\\\/\\\/labarraca1912.es\\\/#\\\/schema\\\/logo\\\/image\\\/\",\"url\":\"https:\\\/\\\/labarraca1912.es\\\/wp-content\\\/uploads\\\/2019\\\/06\\\/logo-labarraca.png\",\"contentUrl\":\"https:\\\/\\\/labarraca1912.es\\\/wp-content\\\/uploads\\\/2019\\\/06\\\/logo-labarraca.png\",\"width\":2917,\"height\":1809,\"caption\":\"La Barraca 1912 Alimentacion\"},\"image\":{\"@id\":\"https:\\\/\\\/labarraca1912.es\\\/#\\\/schema\\\/logo\\\/image\\\/\"}}]}<\/script>\n<!-- \/ Yoast SEO plugin. -->","yoast_head_json":{"title":"Comprar T\u00e9 Verde natural | La Barraca","description":"Comprar T\u00e9 Verde de La Barraca en caja de 20 bolsitas. Infusi\u00f3n natural con propiedades estimulantes, digestivas y circulatorias para tu bienestar.","robots":{"index":"index","follow":"follow","max-snippet":"max-snippet:-1","max-image-preview":"max-image-preview:large","max-video-preview":"max-video-preview:-1"},"canonical":"https:\/\/labarraca1912.es\/fr\/tienda\/infusiones\/te-verde-caja-20-infusiones\/","og_locale":"fr_FR","og_type":"article","og_title":"Comprar T\u00e9 Verde natural | La Barraca","og_description":"Comprar T\u00e9 Verde de La Barraca en caja de 20 bolsitas. Infusi\u00f3n natural con propiedades estimulantes, digestivas y circulatorias para tu bienestar.","og_url":"https:\/\/labarraca1912.es\/fr\/tienda\/infusiones\/te-verde-caja-20-infusiones\/","og_site_name":"La Barraca","article_modified_time":"2026-04-26T17:09:51+00:00","og_image":[{"width":800,"height":800,"url":"https:\/\/labarraca1912.es\/wp-content\/uploads\/2020\/03\/teverdecajita10.jpg","type":"image\/jpeg"}],"twitter_card":"summary_large_image","twitter_misc":{"Dur\u00e9e de lecture estim\u00e9e":"1 minute"},"schema":{"@context":"https:\/\/schema.org","@graph":[{"@type":"WebPage","@id":"https:\/\/labarraca1912.es\/tienda\/infusiones\/te-verde-caja-20-infusiones\/","url":"https:\/\/labarraca1912.es\/tienda\/infusiones\/te-verde-caja-20-infusiones\/","name":"Comprar T\u00e9 Verde natural | La Barraca","isPartOf":{"@id":"https:\/\/labarraca1912.es\/#website"},"primaryImageOfPage":{"@id":"https:\/\/labarraca1912.es\/tienda\/infusiones\/te-verde-caja-20-infusiones\/#primaryimage"},"image":{"@id":"https:\/\/labarraca1912.es\/tienda\/infusiones\/te-verde-caja-20-infusiones\/#primaryimage"},"thumbnailUrl":"https:\/\/labarraca1912.es\/wp-content\/uploads\/2020\/03\/teverdecajita10.jpg","datePublished":"2020-03-31T08:16:12+00:00","dateModified":"2026-04-26T17:09:51+00:00","description":"Comprar T\u00e9 Verde de La Barraca en caja de 20 bolsitas. Infusi\u00f3n natural con propiedades estimulantes, digestivas y circulatorias para tu bienestar.","breadcrumb":{"@id":"https:\/\/labarraca1912.es\/tienda\/infusiones\/te-verde-caja-20-infusiones\/#breadcrumb"},"inLanguage":"fr-FR","potentialAction":[{"@type":"ReadAction","target":["https:\/\/labarraca1912.es\/tienda\/infusiones\/te-verde-caja-20-infusiones\/"]}]},{"@type":"ImageObject","inLanguage":"fr-FR","@id":"https:\/\/labarraca1912.es\/tienda\/infusiones\/te-verde-caja-20-infusiones\/#primaryimage","url":"https:\/\/labarraca1912.es\/wp-content\/uploads\/2020\/03\/teverdecajita10.jpg","contentUrl":"https:\/\/labarraca1912.es\/wp-content\/uploads\/2020\/03\/teverdecajita10.jpg","width":800,"height":800},{"@type":"BreadcrumbList","@id":"https:\/\/labarraca1912.es\/tienda\/infusiones\/te-verde-caja-20-infusiones\/#breadcrumb","itemListElement":[{"@type":"ListItem","position":1,"name":"La Barraca","item":"https:\/\/labarraca1912.es\/"},{"@type":"ListItem","position":2,"name":"Tienda","item":"https:\/\/labarraca1912.es\/tienda\/"},{"@type":"ListItem","position":3,"name":"T\u00e9 Verde"}]},{"@type":"WebSite","@id":"https:\/\/labarraca1912.es\/#website","url":"https:\/\/labarraca1912.es\/","name":"La Barraca","description":"La Casa del Sabor","publisher":{"@id":"https:\/\/labarraca1912.es\/#organization"},"potentialAction":[{"@type":"SearchAction","target":{"@type":"EntryPoint","urlTemplate":"https:\/\/labarraca1912.es\/?s={search_term_string}"},"query-input":{"@type":"PropertyValueSpecification","valueRequired":true,"valueName":"search_term_string"}}],"inLanguage":"fr-FR"},{"@type":"Organization","@id":"https:\/\/labarraca1912.es\/#organization","name":"La Barraca 1912 Alimentacion","url":"https:\/\/labarraca1912.es\/","logo":{"@type":"ImageObject","inLanguage":"fr-FR","@id":"https:\/\/labarraca1912.es\/#\/schema\/logo\/image\/","url":"https:\/\/labarraca1912.es\/wp-content\/uploads\/2019\/06\/logo-labarraca.png","contentUrl":"https:\/\/labarraca1912.es\/wp-content\/uploads\/2019\/06\/logo-labarraca.png","width":2917,"height":1809,"caption":"La Barraca 1912 Alimentacion"},"image":{"@id":"https:\/\/labarraca1912.es\/#\/schema\/logo\/image\/"}}]}},"_links":{"self":[{"href":"https:\/\/labarraca1912.es\/fr\/wp-json\/wp\/v2\/product\/4726","targetHints":{"allow":["GET"]}}],"collection":[{"href":"https:\/\/labarraca1912.es\/fr\/wp-json\/wp\/v2\/product"}],"about":[{"href":"https:\/\/labarraca1912.es\/fr\/wp-json\/wp\/v2\/types\/product"}],"replies":[{"embeddable":true,"href":"https:\/\/labarraca1912.es\/fr\/wp-json\/wp\/v2\/comments?post=4726"}],"wp:featuredmedia":[{"embeddable":true,"href":"https:\/\/labarraca1912.es\/fr\/wp-json\/wp\/v2\/media\/5893"}],"wp:attachment":[{"href":"https:\/\/labarraca1912.es\/fr\/wp-json\/wp\/v2\/media?parent=4726"}],"wp:term":[{"taxonomy":"product_brand","embeddable":true,"href":"https:\/\/labarraca1912.es\/fr\/wp-json\/wp\/v2\/product_brand?post=4726"},{"taxonomy":"product_cat","embeddable":true,"href":"https:\/\/labarraca1912.es\/fr\/wp-json\/wp\/v2\/product_cat?post=4726"},{"taxonomy":"product_tag","embeddable":true,"href":"https:\/\/labarraca1912.es\/fr\/wp-json\/wp\/v2\/product_tag?post=4726"}],"curies":[{"name":"wp","href":"https:\/\/api.w.org\/{rel}","templated":true}]}}