{"id":4852,"date":"2020-04-16T09:18:18","date_gmt":"2020-04-16T07:18:18","guid":{"rendered":"https:\/\/labarraca1912.es\/?post_type=product&#038;p=4852"},"modified":"2026-03-09T10:40:53","modified_gmt":"2026-03-09T09:40:53","slug":"azucar-glass-42g","status":"publish","type":"product","link":"https:\/\/labarraca1912.es\/fr\/tienda\/pasteleria\/azucar-glass-42g\/","title":{"rendered":"Sucre Glace 42g"},"content":{"rendered":"<p>AZ\u00daCAR GLASS &#8211; 42g: Az\u00facar blanco en polvo para glasear.<\/p>\n<p><strong>Sucre Glace:<\/strong> Il est utilis\u00e9 pour diff\u00e9rents types de desserts, notamment pour saupoudrer, d\u00e9corer et recouvrir des g\u00e2teaux et des friandises d\u00e9j\u00e0 cuits, en guise de finition.<\/p>","protected":false},"excerpt":{"rendered":"<blockquote>\n<h2><strong>Sucre Glace <\/strong>42g<\/h2>\n<\/blockquote>\n<p><img decoding=\"async\" class=\"alignnone wp-image-10937\" src=\"https:\/\/labarraca1912.es\/wp-content\/uploads\/glutenfree.jpg\" alt=\"\" width=\"203\" height=\"35\" \/><\/p>\n<p>Sucre blanc en poudre pour le gla\u00e7age. Il est utilis\u00e9 pour diff\u00e9rents types de desserts, notamment pour saupoudrer, d\u00e9corer et recouvrir des g\u00e2teaux et des friandises d\u00e9j\u00e0 cuits, en guise de finition.<\/p>\n<p><em><strong>Ingr\u00e9dients:<\/strong><\/em> Sucre et amidon de ma\u00efs.<\/p>\n<p><strong><em>D\u00e9claration nutritionnelle. Valeurs moyennes per 100g de produit: <\/em><\/strong>\u00c9nergie: 1700 kJ\/400 kcal. Graisses: 0g. Dont acides gras satur\u00e9s: 0g. Glucides: 100g. Dont sucres: 100g. Prot\u00e9ines: 0g. Sel: 0g.<\/p>","protected":false},"featured_media":4399,"comment_status":"open","ping_status":"closed","template":"","meta":{"_et_pb_use_builder":"","_et_pb_old_content":"","_et_gb_content_width":""},"product_brand":[],"product_cat":[21],"product_tag":[172,175,173,46,174,171],"class_list":{"0":"post-4852","1":"product","2":"type-product","3":"status-publish","4":"has-post-thumbnail","6":"product_cat-pasteleria","7":"product_tag-azucar","8":"product_tag-bizcocho","9":"product_tag-glass","10":"product_tag-pasteleria","11":"product_tag-polvo","12":"product_tag-reposteria","14":"first","15":"instock","16":"taxable","17":"shipping-taxable","18":"purchasable","19":"product-type-simple"},"yoast_head":"<!-- This site is optimized with the Yoast SEO plugin v27.4 - https:\/\/yoast.com\/product\/yoast-seo-wordpress\/ -->\n<title>Az\u00facar Glass 42g - La Barraca<\/title>\n<meta name=\"robots\" content=\"index, follow, max-snippet:-1, max-image-preview:large, max-video-preview:-1\" \/>\n<link rel=\"canonical\" href=\"https:\/\/labarraca1912.es\/fr\/tienda\/pasteleria\/azucar-glass-42g\/\" \/>\n<meta property=\"og:locale\" content=\"fr_FR\" \/>\n<meta property=\"og:type\" content=\"article\" \/>\n<meta property=\"og:title\" content=\"Az\u00facar Glass 42g - La Barraca\" \/>\n<meta property=\"og:description\" content=\"Az\u00facar Glass 42g    Az\u00facar blanco en polvo para glasear. Se usa para diferentes tipos de postres, en especial, se usa para espolvorear, decorar y cubrir pasteles y dulces ya cocidos, como terminaci\u00f3n.  Ingredientes: Az\u00facar y almid\u00f3n de ma\u00edz.  Informaci\u00f3n Nutricional. An\u00e1lisis medio por 100g de producto: Valor Energ\u00e9tico: 1.700 kJ\/400 kcal. Grasas:0g. De las cuales saturadas: 0g. Hidratos de Carbono: 100g. De los cuales az\u00facares: 100g. Prote\u00ednas: 0g. Sal: 0g.\" \/>\n<meta property=\"og:url\" content=\"https:\/\/labarraca1912.es\/fr\/tienda\/pasteleria\/azucar-glass-42g\/\" \/>\n<meta property=\"og:site_name\" content=\"La Barraca\" \/>\n<meta property=\"article:modified_time\" content=\"2026-03-09T09:40:53+00:00\" \/>\n<meta property=\"og:image\" content=\"https:\/\/labarraca1912.es\/wp-content\/uploads\/2020\/02\/azucarglasscristal.jpg\" \/>\n\t<meta property=\"og:image:width\" content=\"800\" \/>\n\t<meta property=\"og:image:height\" content=\"800\" \/>\n\t<meta property=\"og:image:type\" content=\"image\/jpeg\" \/>\n<meta name=\"twitter:card\" content=\"summary_large_image\" \/>\n<meta name=\"twitter:label1\" content=\"Dur\u00e9e de lecture estim\u00e9e\" \/>\n\t<meta name=\"twitter:data1\" content=\"1 minute\" \/>\n<script type=\"application\/ld+json\" class=\"yoast-schema-graph\">{\"@context\":\"https:\\\/\\\/schema.org\",\"@graph\":[{\"@type\":\"WebPage\",\"@id\":\"https:\\\/\\\/labarraca1912.es\\\/tienda\\\/pasteleria\\\/azucar-glass-42g\\\/\",\"url\":\"https:\\\/\\\/labarraca1912.es\\\/tienda\\\/pasteleria\\\/azucar-glass-42g\\\/\",\"name\":\"Az\u00facar Glass 42g - La Barraca\",\"isPartOf\":{\"@id\":\"https:\\\/\\\/labarraca1912.es\\\/#website\"},\"primaryImageOfPage\":{\"@id\":\"https:\\\/\\\/labarraca1912.es\\\/tienda\\\/pasteleria\\\/azucar-glass-42g\\\/#primaryimage\"},\"image\":{\"@id\":\"https:\\\/\\\/labarraca1912.es\\\/tienda\\\/pasteleria\\\/azucar-glass-42g\\\/#primaryimage\"},\"thumbnailUrl\":\"https:\\\/\\\/labarraca1912.es\\\/wp-content\\\/uploads\\\/2020\\\/02\\\/azucarglasscristal.jpg\",\"datePublished\":\"2020-04-16T07:18:18+00:00\",\"dateModified\":\"2026-03-09T09:40:53+00:00\",\"breadcrumb\":{\"@id\":\"https:\\\/\\\/labarraca1912.es\\\/tienda\\\/pasteleria\\\/azucar-glass-42g\\\/#breadcrumb\"},\"inLanguage\":\"fr-FR\",\"potentialAction\":[{\"@type\":\"ReadAction\",\"target\":[\"https:\\\/\\\/labarraca1912.es\\\/tienda\\\/pasteleria\\\/azucar-glass-42g\\\/\"]}]},{\"@type\":\"ImageObject\",\"inLanguage\":\"fr-FR\",\"@id\":\"https:\\\/\\\/labarraca1912.es\\\/tienda\\\/pasteleria\\\/azucar-glass-42g\\\/#primaryimage\",\"url\":\"https:\\\/\\\/labarraca1912.es\\\/wp-content\\\/uploads\\\/2020\\\/02\\\/azucarglasscristal.jpg\",\"contentUrl\":\"https:\\\/\\\/labarraca1912.es\\\/wp-content\\\/uploads\\\/2020\\\/02\\\/azucarglasscristal.jpg\",\"width\":800,\"height\":800},{\"@type\":\"BreadcrumbList\",\"@id\":\"https:\\\/\\\/labarraca1912.es\\\/tienda\\\/pasteleria\\\/azucar-glass-42g\\\/#breadcrumb\",\"itemListElement\":[{\"@type\":\"ListItem\",\"position\":1,\"name\":\"La Barraca\",\"item\":\"https:\\\/\\\/labarraca1912.es\\\/\"},{\"@type\":\"ListItem\",\"position\":2,\"name\":\"Tienda\",\"item\":\"https:\\\/\\\/labarraca1912.es\\\/tienda\\\/\"},{\"@type\":\"ListItem\",\"position\":3,\"name\":\"Az\u00facar Glass 42g\"}]},{\"@type\":\"WebSite\",\"@id\":\"https:\\\/\\\/labarraca1912.es\\\/#website\",\"url\":\"https:\\\/\\\/labarraca1912.es\\\/\",\"name\":\"La Barraca\",\"description\":\"La Casa del Sabor\",\"publisher\":{\"@id\":\"https:\\\/\\\/labarraca1912.es\\\/#organization\"},\"potentialAction\":[{\"@type\":\"SearchAction\",\"target\":{\"@type\":\"EntryPoint\",\"urlTemplate\":\"https:\\\/\\\/labarraca1912.es\\\/?s={search_term_string}\"},\"query-input\":{\"@type\":\"PropertyValueSpecification\",\"valueRequired\":true,\"valueName\":\"search_term_string\"}}],\"inLanguage\":\"fr-FR\"},{\"@type\":\"Organization\",\"@id\":\"https:\\\/\\\/labarraca1912.es\\\/#organization\",\"name\":\"La Barraca 1912 Alimentacion\",\"url\":\"https:\\\/\\\/labarraca1912.es\\\/\",\"logo\":{\"@type\":\"ImageObject\",\"inLanguage\":\"fr-FR\",\"@id\":\"https:\\\/\\\/labarraca1912.es\\\/#\\\/schema\\\/logo\\\/image\\\/\",\"url\":\"https:\\\/\\\/labarraca1912.es\\\/wp-content\\\/uploads\\\/2019\\\/06\\\/logo-labarraca.png\",\"contentUrl\":\"https:\\\/\\\/labarraca1912.es\\\/wp-content\\\/uploads\\\/2019\\\/06\\\/logo-labarraca.png\",\"width\":2917,\"height\":1809,\"caption\":\"La Barraca 1912 Alimentacion\"},\"image\":{\"@id\":\"https:\\\/\\\/labarraca1912.es\\\/#\\\/schema\\\/logo\\\/image\\\/\"}}]}<\/script>\n<!-- \/ Yoast SEO plugin. -->","yoast_head_json":{"title":"Az\u00facar Glass 42g - La Barraca","robots":{"index":"index","follow":"follow","max-snippet":"max-snippet:-1","max-image-preview":"max-image-preview:large","max-video-preview":"max-video-preview:-1"},"canonical":"https:\/\/labarraca1912.es\/fr\/tienda\/pasteleria\/azucar-glass-42g\/","og_locale":"fr_FR","og_type":"article","og_title":"Az\u00facar Glass 42g - La Barraca","og_description":"Az\u00facar Glass 42g    Az\u00facar blanco en polvo para glasear. Se usa para diferentes tipos de postres, en especial, se usa para espolvorear, decorar y cubrir pasteles y dulces ya cocidos, como terminaci\u00f3n.  Ingredientes: Az\u00facar y almid\u00f3n de ma\u00edz.  Informaci\u00f3n Nutricional. An\u00e1lisis medio por 100g de producto: Valor Energ\u00e9tico: 1.700 kJ\/400 kcal. Grasas:0g. De las cuales saturadas: 0g. Hidratos de Carbono: 100g. De los cuales az\u00facares: 100g. Prote\u00ednas: 0g. Sal: 0g.","og_url":"https:\/\/labarraca1912.es\/fr\/tienda\/pasteleria\/azucar-glass-42g\/","og_site_name":"La Barraca","article_modified_time":"2026-03-09T09:40:53+00:00","og_image":[{"width":800,"height":800,"url":"https:\/\/labarraca1912.es\/wp-content\/uploads\/2020\/02\/azucarglasscristal.jpg","type":"image\/jpeg"}],"twitter_card":"summary_large_image","twitter_misc":{"Dur\u00e9e de lecture estim\u00e9e":"1 minute"},"schema":{"@context":"https:\/\/schema.org","@graph":[{"@type":"WebPage","@id":"https:\/\/labarraca1912.es\/tienda\/pasteleria\/azucar-glass-42g\/","url":"https:\/\/labarraca1912.es\/tienda\/pasteleria\/azucar-glass-42g\/","name":"Az\u00facar Glass 42g - La Barraca","isPartOf":{"@id":"https:\/\/labarraca1912.es\/#website"},"primaryImageOfPage":{"@id":"https:\/\/labarraca1912.es\/tienda\/pasteleria\/azucar-glass-42g\/#primaryimage"},"image":{"@id":"https:\/\/labarraca1912.es\/tienda\/pasteleria\/azucar-glass-42g\/#primaryimage"},"thumbnailUrl":"https:\/\/labarraca1912.es\/wp-content\/uploads\/2020\/02\/azucarglasscristal.jpg","datePublished":"2020-04-16T07:18:18+00:00","dateModified":"2026-03-09T09:40:53+00:00","breadcrumb":{"@id":"https:\/\/labarraca1912.es\/tienda\/pasteleria\/azucar-glass-42g\/#breadcrumb"},"inLanguage":"fr-FR","potentialAction":[{"@type":"ReadAction","target":["https:\/\/labarraca1912.es\/tienda\/pasteleria\/azucar-glass-42g\/"]}]},{"@type":"ImageObject","inLanguage":"fr-FR","@id":"https:\/\/labarraca1912.es\/tienda\/pasteleria\/azucar-glass-42g\/#primaryimage","url":"https:\/\/labarraca1912.es\/wp-content\/uploads\/2020\/02\/azucarglasscristal.jpg","contentUrl":"https:\/\/labarraca1912.es\/wp-content\/uploads\/2020\/02\/azucarglasscristal.jpg","width":800,"height":800},{"@type":"BreadcrumbList","@id":"https:\/\/labarraca1912.es\/tienda\/pasteleria\/azucar-glass-42g\/#breadcrumb","itemListElement":[{"@type":"ListItem","position":1,"name":"La Barraca","item":"https:\/\/labarraca1912.es\/"},{"@type":"ListItem","position":2,"name":"Tienda","item":"https:\/\/labarraca1912.es\/tienda\/"},{"@type":"ListItem","position":3,"name":"Az\u00facar Glass 42g"}]},{"@type":"WebSite","@id":"https:\/\/labarraca1912.es\/#website","url":"https:\/\/labarraca1912.es\/","name":"La Barraca","description":"La Casa del Sabor","publisher":{"@id":"https:\/\/labarraca1912.es\/#organization"},"potentialAction":[{"@type":"SearchAction","target":{"@type":"EntryPoint","urlTemplate":"https:\/\/labarraca1912.es\/?s={search_term_string}"},"query-input":{"@type":"PropertyValueSpecification","valueRequired":true,"valueName":"search_term_string"}}],"inLanguage":"fr-FR"},{"@type":"Organization","@id":"https:\/\/labarraca1912.es\/#organization","name":"La Barraca 1912 Alimentacion","url":"https:\/\/labarraca1912.es\/","logo":{"@type":"ImageObject","inLanguage":"fr-FR","@id":"https:\/\/labarraca1912.es\/#\/schema\/logo\/image\/","url":"https:\/\/labarraca1912.es\/wp-content\/uploads\/2019\/06\/logo-labarraca.png","contentUrl":"https:\/\/labarraca1912.es\/wp-content\/uploads\/2019\/06\/logo-labarraca.png","width":2917,"height":1809,"caption":"La Barraca 1912 Alimentacion"},"image":{"@id":"https:\/\/labarraca1912.es\/#\/schema\/logo\/image\/"}}]}},"_links":{"self":[{"href":"https:\/\/labarraca1912.es\/fr\/wp-json\/wp\/v2\/product\/4852","targetHints":{"allow":["GET"]}}],"collection":[{"href":"https:\/\/labarraca1912.es\/fr\/wp-json\/wp\/v2\/product"}],"about":[{"href":"https:\/\/labarraca1912.es\/fr\/wp-json\/wp\/v2\/types\/product"}],"replies":[{"embeddable":true,"href":"https:\/\/labarraca1912.es\/fr\/wp-json\/wp\/v2\/comments?post=4852"}],"wp:featuredmedia":[{"embeddable":true,"href":"https:\/\/labarraca1912.es\/fr\/wp-json\/wp\/v2\/media\/4399"}],"wp:attachment":[{"href":"https:\/\/labarraca1912.es\/fr\/wp-json\/wp\/v2\/media?parent=4852"}],"wp:term":[{"taxonomy":"product_brand","embeddable":true,"href":"https:\/\/labarraca1912.es\/fr\/wp-json\/wp\/v2\/product_brand?post=4852"},{"taxonomy":"product_cat","embeddable":true,"href":"https:\/\/labarraca1912.es\/fr\/wp-json\/wp\/v2\/product_cat?post=4852"},{"taxonomy":"product_tag","embeddable":true,"href":"https:\/\/labarraca1912.es\/fr\/wp-json\/wp\/v2\/product_tag?post=4852"}],"curies":[{"name":"wp","href":"https:\/\/api.w.org\/{rel}","templated":true}]}}