{"id":4853,"date":"2020-04-16T09:23:28","date_gmt":"2020-04-16T07:23:28","guid":{"rendered":"https:\/\/labarraca1912.es\/?post_type=product&#038;p=4853"},"modified":"2026-03-09T10:40:33","modified_gmt":"2026-03-09T09:40:33","slug":"azucar-vainillado-65g","status":"publish","type":"product","link":"https:\/\/labarraca1912.es\/fr\/tienda\/pasteleria\/azucar-vainillado-65g\/","title":{"rendered":"Sucre Vanill\u00e9 65g"},"content":{"rendered":"<p>AZ\u00daCAR VAINILLADO &#8211; 65g: Producto de confiter\u00eda elaborado a base de az\u00facar y vainilla.<\/p>\n<p><strong>Sucre Vanill\u00e9:<\/strong> Il est utilis\u00e9 pour les p\u00e2tisseries, les cr\u00e8mes anglaises, les flans, le riz au lait et les glaces, car il apporte la d\u00e9licieuse saveur sucr\u00e9e et le parfum de la vanille.<\/p>","protected":false},"excerpt":{"rendered":"<blockquote>\n<h2><strong>Sucre Vanill\u00e9 <\/strong>65g<\/h2>\n<\/blockquote>\n<p><img decoding=\"async\" class=\"alignnone wp-image-10937\" src=\"https:\/\/labarraca1912.es\/wp-content\/uploads\/glutenfree.jpg\" alt=\"\" width=\"203\" height=\"35\" \/><\/p>\n<p>Produit de confiserie \u00e0 base de sucre et de vanille. Il est utilis\u00e9 pour les p\u00e2tisseries, les cr\u00e8mes anglaises, les flans, le riz au lait et les glaces, car il apporte la d\u00e9licieuse saveur sucr\u00e9e et le parfum de la vanille.<\/p>\n<p><em><strong>Ingr\u00e9dients:<\/strong><\/em> Sucre et vanilline.<\/p>\n<p><strong><em>D\u00e9claration nutritionnelle. Valeurs moyennes per 100g de produit: <\/em><\/strong>\u00c9nergie: 1700 kJ\/400 kcal. Graisses: 0g. Dont acides gras satur\u00e9s: 0g. Glucides: 100g. Dont sucres: 100g. Prot\u00e9ines: 0g. Sel: 0g.<\/p>","protected":false},"featured_media":4413,"comment_status":"open","ping_status":"closed","template":"","meta":{"_et_pb_use_builder":"","_et_pb_old_content":"","_et_gb_content_width":""},"product_brand":[],"product_cat":[21],"product_tag":[172,175,46,171,176],"class_list":{"0":"post-4853","1":"product","2":"type-product","3":"status-publish","4":"has-post-thumbnail","6":"product_cat-pasteleria","7":"product_tag-azucar","8":"product_tag-bizcocho","9":"product_tag-pasteleria","10":"product_tag-reposteria","11":"product_tag-vainilla","13":"first","14":"instock","15":"taxable","16":"shipping-taxable","17":"purchasable","18":"product-type-simple"},"yoast_head":"<!-- This site is optimized with the Yoast SEO plugin v27.5 - https:\/\/yoast.com\/product\/yoast-seo-wordpress\/ -->\n<title>Az\u00facar Vainillado 65g - La Barraca<\/title>\n<meta name=\"robots\" content=\"index, follow, max-snippet:-1, max-image-preview:large, max-video-preview:-1\" \/>\n<link rel=\"canonical\" href=\"https:\/\/labarraca1912.es\/fr\/tienda\/pasteleria\/azucar-vainillado-65g\/\" \/>\n<meta property=\"og:locale\" content=\"fr_FR\" \/>\n<meta property=\"og:type\" content=\"article\" \/>\n<meta property=\"og:title\" content=\"Az\u00facar Vainillado 65g - La Barraca\" \/>\n<meta property=\"og:description\" content=\"Az\u00facar Vainillado 65g    Producto de confiter\u00eda elaborado a base de az\u00facar y vainilla. Se emplea para reposter\u00eda, natillas, flanes,\u00a0arroz con leche y helados, ya que aporta el delicioso sabor dulce y perfume de la vainilla.  Ingredientes: Az\u00facar y vainillina.  Informaci\u00f3n Nutricional. An\u00e1lisis medio por 100g de producto: Valor Energ\u00e9tico: 1.700 kJ\/400 kcal. Grasas:0g. De las cuales saturadas: 0g. Hidratos de Carbono: 100g. De los cuales az\u00facares: 100g. Prote\u00ednas: 0g. Sal: 0g.\" \/>\n<meta property=\"og:url\" content=\"https:\/\/labarraca1912.es\/fr\/tienda\/pasteleria\/azucar-vainillado-65g\/\" \/>\n<meta property=\"og:site_name\" content=\"La Barraca\" \/>\n<meta property=\"article:modified_time\" content=\"2026-03-09T09:40:33+00:00\" \/>\n<meta property=\"og:image\" content=\"https:\/\/labarraca1912.es\/wp-content\/uploads\/2020\/02\/azucarvainilladocristal.jpg\" \/>\n\t<meta property=\"og:image:width\" content=\"800\" \/>\n\t<meta property=\"og:image:height\" content=\"800\" \/>\n\t<meta property=\"og:image:type\" content=\"image\/jpeg\" \/>\n<meta name=\"twitter:card\" content=\"summary_large_image\" \/>\n<meta name=\"twitter:label1\" content=\"Dur\u00e9e de lecture estim\u00e9e\" \/>\n\t<meta name=\"twitter:data1\" content=\"1 minute\" \/>\n<script type=\"application\/ld+json\" class=\"yoast-schema-graph\">{\"@context\":\"https:\\\/\\\/schema.org\",\"@graph\":[{\"@type\":\"WebPage\",\"@id\":\"https:\\\/\\\/labarraca1912.es\\\/tienda\\\/pasteleria\\\/azucar-vainillado-65g\\\/\",\"url\":\"https:\\\/\\\/labarraca1912.es\\\/tienda\\\/pasteleria\\\/azucar-vainillado-65g\\\/\",\"name\":\"Az\u00facar Vainillado 65g - La Barraca\",\"isPartOf\":{\"@id\":\"https:\\\/\\\/labarraca1912.es\\\/#website\"},\"primaryImageOfPage\":{\"@id\":\"https:\\\/\\\/labarraca1912.es\\\/tienda\\\/pasteleria\\\/azucar-vainillado-65g\\\/#primaryimage\"},\"image\":{\"@id\":\"https:\\\/\\\/labarraca1912.es\\\/tienda\\\/pasteleria\\\/azucar-vainillado-65g\\\/#primaryimage\"},\"thumbnailUrl\":\"https:\\\/\\\/labarraca1912.es\\\/wp-content\\\/uploads\\\/2020\\\/02\\\/azucarvainilladocristal.jpg\",\"datePublished\":\"2020-04-16T07:23:28+00:00\",\"dateModified\":\"2026-03-09T09:40:33+00:00\",\"breadcrumb\":{\"@id\":\"https:\\\/\\\/labarraca1912.es\\\/tienda\\\/pasteleria\\\/azucar-vainillado-65g\\\/#breadcrumb\"},\"inLanguage\":\"fr-FR\",\"potentialAction\":[{\"@type\":\"ReadAction\",\"target\":[\"https:\\\/\\\/labarraca1912.es\\\/tienda\\\/pasteleria\\\/azucar-vainillado-65g\\\/\"]}]},{\"@type\":\"ImageObject\",\"inLanguage\":\"fr-FR\",\"@id\":\"https:\\\/\\\/labarraca1912.es\\\/tienda\\\/pasteleria\\\/azucar-vainillado-65g\\\/#primaryimage\",\"url\":\"https:\\\/\\\/labarraca1912.es\\\/wp-content\\\/uploads\\\/2020\\\/02\\\/azucarvainilladocristal.jpg\",\"contentUrl\":\"https:\\\/\\\/labarraca1912.es\\\/wp-content\\\/uploads\\\/2020\\\/02\\\/azucarvainilladocristal.jpg\",\"width\":800,\"height\":800},{\"@type\":\"BreadcrumbList\",\"@id\":\"https:\\\/\\\/labarraca1912.es\\\/tienda\\\/pasteleria\\\/azucar-vainillado-65g\\\/#breadcrumb\",\"itemListElement\":[{\"@type\":\"ListItem\",\"position\":1,\"name\":\"La Barraca\",\"item\":\"https:\\\/\\\/labarraca1912.es\\\/\"},{\"@type\":\"ListItem\",\"position\":2,\"name\":\"Tienda\",\"item\":\"https:\\\/\\\/labarraca1912.es\\\/tienda\\\/\"},{\"@type\":\"ListItem\",\"position\":3,\"name\":\"Az\u00facar Vainillado 65g\"}]},{\"@type\":\"WebSite\",\"@id\":\"https:\\\/\\\/labarraca1912.es\\\/#website\",\"url\":\"https:\\\/\\\/labarraca1912.es\\\/\",\"name\":\"La Barraca\",\"description\":\"La Casa del Sabor\",\"publisher\":{\"@id\":\"https:\\\/\\\/labarraca1912.es\\\/#organization\"},\"potentialAction\":[{\"@type\":\"SearchAction\",\"target\":{\"@type\":\"EntryPoint\",\"urlTemplate\":\"https:\\\/\\\/labarraca1912.es\\\/?s={search_term_string}\"},\"query-input\":{\"@type\":\"PropertyValueSpecification\",\"valueRequired\":true,\"valueName\":\"search_term_string\"}}],\"inLanguage\":\"fr-FR\"},{\"@type\":\"Organization\",\"@id\":\"https:\\\/\\\/labarraca1912.es\\\/#organization\",\"name\":\"La Barraca 1912 Alimentacion\",\"url\":\"https:\\\/\\\/labarraca1912.es\\\/\",\"logo\":{\"@type\":\"ImageObject\",\"inLanguage\":\"fr-FR\",\"@id\":\"https:\\\/\\\/labarraca1912.es\\\/#\\\/schema\\\/logo\\\/image\\\/\",\"url\":\"https:\\\/\\\/labarraca1912.es\\\/wp-content\\\/uploads\\\/2019\\\/06\\\/logo-labarraca.png\",\"contentUrl\":\"https:\\\/\\\/labarraca1912.es\\\/wp-content\\\/uploads\\\/2019\\\/06\\\/logo-labarraca.png\",\"width\":2917,\"height\":1809,\"caption\":\"La Barraca 1912 Alimentacion\"},\"image\":{\"@id\":\"https:\\\/\\\/labarraca1912.es\\\/#\\\/schema\\\/logo\\\/image\\\/\"}}]}<\/script>\n<!-- \/ Yoast SEO plugin. -->","yoast_head_json":{"title":"Az\u00facar Vainillado 65g - La Barraca","robots":{"index":"index","follow":"follow","max-snippet":"max-snippet:-1","max-image-preview":"max-image-preview:large","max-video-preview":"max-video-preview:-1"},"canonical":"https:\/\/labarraca1912.es\/fr\/tienda\/pasteleria\/azucar-vainillado-65g\/","og_locale":"fr_FR","og_type":"article","og_title":"Az\u00facar Vainillado 65g - La Barraca","og_description":"Az\u00facar Vainillado 65g    Producto de confiter\u00eda elaborado a base de az\u00facar y vainilla. Se emplea para reposter\u00eda, natillas, flanes,\u00a0arroz con leche y helados, ya que aporta el delicioso sabor dulce y perfume de la vainilla.  Ingredientes: Az\u00facar y vainillina.  Informaci\u00f3n Nutricional. An\u00e1lisis medio por 100g de producto: Valor Energ\u00e9tico: 1.700 kJ\/400 kcal. Grasas:0g. De las cuales saturadas: 0g. Hidratos de Carbono: 100g. De los cuales az\u00facares: 100g. Prote\u00ednas: 0g. Sal: 0g.","og_url":"https:\/\/labarraca1912.es\/fr\/tienda\/pasteleria\/azucar-vainillado-65g\/","og_site_name":"La Barraca","article_modified_time":"2026-03-09T09:40:33+00:00","og_image":[{"width":800,"height":800,"url":"https:\/\/labarraca1912.es\/wp-content\/uploads\/2020\/02\/azucarvainilladocristal.jpg","type":"image\/jpeg"}],"twitter_card":"summary_large_image","twitter_misc":{"Dur\u00e9e de lecture estim\u00e9e":"1 minute"},"schema":{"@context":"https:\/\/schema.org","@graph":[{"@type":"WebPage","@id":"https:\/\/labarraca1912.es\/tienda\/pasteleria\/azucar-vainillado-65g\/","url":"https:\/\/labarraca1912.es\/tienda\/pasteleria\/azucar-vainillado-65g\/","name":"Az\u00facar Vainillado 65g - La Barraca","isPartOf":{"@id":"https:\/\/labarraca1912.es\/#website"},"primaryImageOfPage":{"@id":"https:\/\/labarraca1912.es\/tienda\/pasteleria\/azucar-vainillado-65g\/#primaryimage"},"image":{"@id":"https:\/\/labarraca1912.es\/tienda\/pasteleria\/azucar-vainillado-65g\/#primaryimage"},"thumbnailUrl":"https:\/\/labarraca1912.es\/wp-content\/uploads\/2020\/02\/azucarvainilladocristal.jpg","datePublished":"2020-04-16T07:23:28+00:00","dateModified":"2026-03-09T09:40:33+00:00","breadcrumb":{"@id":"https:\/\/labarraca1912.es\/tienda\/pasteleria\/azucar-vainillado-65g\/#breadcrumb"},"inLanguage":"fr-FR","potentialAction":[{"@type":"ReadAction","target":["https:\/\/labarraca1912.es\/tienda\/pasteleria\/azucar-vainillado-65g\/"]}]},{"@type":"ImageObject","inLanguage":"fr-FR","@id":"https:\/\/labarraca1912.es\/tienda\/pasteleria\/azucar-vainillado-65g\/#primaryimage","url":"https:\/\/labarraca1912.es\/wp-content\/uploads\/2020\/02\/azucarvainilladocristal.jpg","contentUrl":"https:\/\/labarraca1912.es\/wp-content\/uploads\/2020\/02\/azucarvainilladocristal.jpg","width":800,"height":800},{"@type":"BreadcrumbList","@id":"https:\/\/labarraca1912.es\/tienda\/pasteleria\/azucar-vainillado-65g\/#breadcrumb","itemListElement":[{"@type":"ListItem","position":1,"name":"La Barraca","item":"https:\/\/labarraca1912.es\/"},{"@type":"ListItem","position":2,"name":"Tienda","item":"https:\/\/labarraca1912.es\/tienda\/"},{"@type":"ListItem","position":3,"name":"Az\u00facar Vainillado 65g"}]},{"@type":"WebSite","@id":"https:\/\/labarraca1912.es\/#website","url":"https:\/\/labarraca1912.es\/","name":"La Barraca","description":"La Casa del Sabor","publisher":{"@id":"https:\/\/labarraca1912.es\/#organization"},"potentialAction":[{"@type":"SearchAction","target":{"@type":"EntryPoint","urlTemplate":"https:\/\/labarraca1912.es\/?s={search_term_string}"},"query-input":{"@type":"PropertyValueSpecification","valueRequired":true,"valueName":"search_term_string"}}],"inLanguage":"fr-FR"},{"@type":"Organization","@id":"https:\/\/labarraca1912.es\/#organization","name":"La Barraca 1912 Alimentacion","url":"https:\/\/labarraca1912.es\/","logo":{"@type":"ImageObject","inLanguage":"fr-FR","@id":"https:\/\/labarraca1912.es\/#\/schema\/logo\/image\/","url":"https:\/\/labarraca1912.es\/wp-content\/uploads\/2019\/06\/logo-labarraca.png","contentUrl":"https:\/\/labarraca1912.es\/wp-content\/uploads\/2019\/06\/logo-labarraca.png","width":2917,"height":1809,"caption":"La Barraca 1912 Alimentacion"},"image":{"@id":"https:\/\/labarraca1912.es\/#\/schema\/logo\/image\/"}}]}},"_links":{"self":[{"href":"https:\/\/labarraca1912.es\/fr\/wp-json\/wp\/v2\/product\/4853","targetHints":{"allow":["GET"]}}],"collection":[{"href":"https:\/\/labarraca1912.es\/fr\/wp-json\/wp\/v2\/product"}],"about":[{"href":"https:\/\/labarraca1912.es\/fr\/wp-json\/wp\/v2\/types\/product"}],"replies":[{"embeddable":true,"href":"https:\/\/labarraca1912.es\/fr\/wp-json\/wp\/v2\/comments?post=4853"}],"wp:featuredmedia":[{"embeddable":true,"href":"https:\/\/labarraca1912.es\/fr\/wp-json\/wp\/v2\/media\/4413"}],"wp:attachment":[{"href":"https:\/\/labarraca1912.es\/fr\/wp-json\/wp\/v2\/media?parent=4853"}],"wp:term":[{"taxonomy":"product_brand","embeddable":true,"href":"https:\/\/labarraca1912.es\/fr\/wp-json\/wp\/v2\/product_brand?post=4853"},{"taxonomy":"product_cat","embeddable":true,"href":"https:\/\/labarraca1912.es\/fr\/wp-json\/wp\/v2\/product_cat?post=4853"},{"taxonomy":"product_tag","embeddable":true,"href":"https:\/\/labarraca1912.es\/fr\/wp-json\/wp\/v2\/product_tag?post=4853"}],"curies":[{"name":"wp","href":"https:\/\/api.w.org\/{rel}","templated":true}]}}