{"id":5001,"date":"2020-05-13T13:00:30","date_gmt":"2020-05-13T11:00:30","guid":{"rendered":"https:\/\/labarraca1912.es\/?post_type=product&#038;p=5001"},"modified":"2026-04-07T10:32:53","modified_gmt":"2026-04-07T08:32:53","slug":"gasificante-en-polvo-bote","status":"publish","type":"product","link":"https:\/\/labarraca1912.es\/fr\/tienda\/pasteleria\/gasificante-en-polvo-bote\/","title":{"rendered":"Levure Chimique Bo\u00eete en Plastique Doseur 125g"},"content":{"rendered":"<p>GASIFICANTE EN POLVO PARA HORNEAR &#8211; 125g: Polvo sin olor de color blanco o crema y de sabor \u00e1cido. Se emplea como agente leudante para masas de harina, rebozados y esponjante de tortillas.<\/p>\n<p><strong>Levure Chimique: <\/strong>Il est \u00e9galement utilis\u00e9 dans les g\u00e9noises, les muffins, les tartes, les beignets, les p\u00e2tes \u00e0 empanada, les churros et les p\u00e2tisseries en g\u00e9n\u00e9ral.<\/p>","protected":false},"excerpt":{"rendered":"<blockquote>\n<h2><strong>Levure Chimique<\/strong>\u00a0125g<\/h2>\n<\/blockquote>\n<p><img decoding=\"async\" class=\"alignnone wp-image-10937\" src=\"https:\/\/labarraca1912.es\/wp-content\/uploads\/glutenfree.jpg\" alt=\"\" width=\"203\" height=\"35\" \/><\/p>\n<p>Poudre inodore de couleur blanche ou cr\u00e8me et de go\u00fbt acide. Il est utilis\u00e9 comme agent levant pour les p\u00e2tes \u00e0 base de farine, les p\u00e2tes \u00e0 frire et les g\u00e9noises pour tortillas. Il est \u00e9galement utilis\u00e9 dans les g\u00e9noises, les muffins, les tartes, les beignets, les p\u00e2tes \u00e0 empanada, les churros et les p\u00e2tisseries en g\u00e9n\u00e9ral.<\/p>\n<p><em><strong>Ingr\u00e9dients:<\/strong><\/em> Agents levants: Glucono delta lactone E-575 et Hydrog\u00e9nocarbonate de sodium E-500ii; farine de ma\u00efs et r\u00e9gulateur d'acidit\u00e9: Tartrate monopotassique E-336i.<\/p>\n<p><strong>MODE D'EMPLOI:<\/strong> P\u00e2tisserie en g\u00e9n\u00e9ral: pour 400g de farine, ajouter 1 sachet de levure chimique (16g). Pan\u00e9: pour 250g de farine, ajoutez un demi-sachet de levure chimique (8g). Omelettes: tous les 3 \u0153ufs, un demi sachet de levure chimique (8g). <em>LES DOSES INDICATIVES PEUVENT VARIER SELON LA RECETTE.<\/em><\/p>\n<p><strong><em>D\u00e9claration nutritionnelle. Valeurs moyennes per 100g de produit: <\/em><\/strong>\u00c9nergie: 1062 kJ\/250 kcal. Graisses: 0g. Dont acides gras satur\u00e9s: &lt;0g. Glucides: 21g. Dont sucres: 0g. Prot\u00e9ines: 0g. Sel: 16,5g.<\/p>","protected":false},"featured_media":8582,"comment_status":"open","ping_status":"closed","template":"","meta":{"_et_pb_use_builder":"","_et_pb_old_content":"","_et_gb_content_width":""},"product_brand":[],"product_cat":[21],"product_tag":[175,192,46,108,171,107],"class_list":{"0":"post-5001","1":"product","2":"type-product","3":"status-publish","4":"has-post-thumbnail","6":"product_cat-pasteleria","7":"product_tag-bizcocho","8":"product_tag-levadura","9":"product_tag-pasteleria","10":"product_tag-postre","11":"product_tag-reposteria","12":"product_tag-tarta","14":"first","15":"instock","16":"taxable","17":"shipping-taxable","18":"purchasable","19":"product-type-simple"},"yoast_head":"<!-- This site is optimized with the Yoast SEO plugin v27.5 - https:\/\/yoast.com\/product\/yoast-seo-wordpress\/ -->\n<title>Gasificante en Polvo para Hornear Bote Dosificador 125g - La Barraca<\/title>\n<meta name=\"description\" content=\"Utilizada para salar alimentos, este tipo de sal se suele aplicar normalmente a la carne o el pescado una vez estos ya est\u00e1n listos.\" \/>\n<meta name=\"robots\" content=\"index, follow, max-snippet:-1, max-image-preview:large, max-video-preview:-1\" \/>\n<link rel=\"canonical\" href=\"https:\/\/labarraca1912.es\/fr\/tienda\/pasteleria\/gasificante-en-polvo-bote\/\" \/>\n<meta property=\"og:locale\" content=\"fr_FR\" \/>\n<meta property=\"og:type\" content=\"article\" \/>\n<meta property=\"og:title\" content=\"Gasificante en Polvo para Hornear Bote Dosificador 125g - La Barraca\" \/>\n<meta property=\"og:description\" content=\"Utilizada para salar alimentos, este tipo de sal se suele aplicar normalmente a la carne o el pescado una vez estos ya est\u00e1n listos.\" \/>\n<meta property=\"og:url\" content=\"https:\/\/labarraca1912.es\/fr\/tienda\/pasteleria\/gasificante-en-polvo-bote\/\" \/>\n<meta property=\"og:site_name\" content=\"La Barraca\" \/>\n<meta property=\"article:modified_time\" content=\"2026-04-07T08:32:53+00:00\" \/>\n<meta property=\"og:image\" content=\"https:\/\/labarraca1912.es\/wp-content\/uploads\/GasificanteBote.jpg\" \/>\n\t<meta property=\"og:image:width\" content=\"800\" \/>\n\t<meta property=\"og:image:height\" content=\"800\" \/>\n\t<meta property=\"og:image:type\" content=\"image\/jpeg\" \/>\n<meta name=\"twitter:card\" content=\"summary_large_image\" \/>\n<meta name=\"twitter:label1\" content=\"Dur\u00e9e de lecture estim\u00e9e\" \/>\n\t<meta name=\"twitter:data1\" content=\"1 minute\" \/>\n<script type=\"application\/ld+json\" class=\"yoast-schema-graph\">{\"@context\":\"https:\\\/\\\/schema.org\",\"@graph\":[{\"@type\":\"WebPage\",\"@id\":\"https:\\\/\\\/labarraca1912.es\\\/tienda\\\/pasteleria\\\/gasificante-en-polvo-bote\\\/\",\"url\":\"https:\\\/\\\/labarraca1912.es\\\/tienda\\\/pasteleria\\\/gasificante-en-polvo-bote\\\/\",\"name\":\"Gasificante en Polvo para Hornear Bote Dosificador 125g - La Barraca\",\"isPartOf\":{\"@id\":\"https:\\\/\\\/labarraca1912.es\\\/#website\"},\"primaryImageOfPage\":{\"@id\":\"https:\\\/\\\/labarraca1912.es\\\/tienda\\\/pasteleria\\\/gasificante-en-polvo-bote\\\/#primaryimage\"},\"image\":{\"@id\":\"https:\\\/\\\/labarraca1912.es\\\/tienda\\\/pasteleria\\\/gasificante-en-polvo-bote\\\/#primaryimage\"},\"thumbnailUrl\":\"https:\\\/\\\/labarraca1912.es\\\/wp-content\\\/uploads\\\/GasificanteBote.jpg\",\"datePublished\":\"2020-05-13T11:00:30+00:00\",\"dateModified\":\"2026-04-07T08:32:53+00:00\",\"description\":\"Utilizada para salar alimentos, este tipo de sal se suele aplicar normalmente a la carne o el pescado una vez estos ya est\u00e1n listos.\",\"breadcrumb\":{\"@id\":\"https:\\\/\\\/labarraca1912.es\\\/tienda\\\/pasteleria\\\/gasificante-en-polvo-bote\\\/#breadcrumb\"},\"inLanguage\":\"fr-FR\",\"potentialAction\":[{\"@type\":\"ReadAction\",\"target\":[\"https:\\\/\\\/labarraca1912.es\\\/tienda\\\/pasteleria\\\/gasificante-en-polvo-bote\\\/\"]}]},{\"@type\":\"ImageObject\",\"inLanguage\":\"fr-FR\",\"@id\":\"https:\\\/\\\/labarraca1912.es\\\/tienda\\\/pasteleria\\\/gasificante-en-polvo-bote\\\/#primaryimage\",\"url\":\"https:\\\/\\\/labarraca1912.es\\\/wp-content\\\/uploads\\\/GasificanteBote.jpg\",\"contentUrl\":\"https:\\\/\\\/labarraca1912.es\\\/wp-content\\\/uploads\\\/GasificanteBote.jpg\",\"width\":800,\"height\":800},{\"@type\":\"BreadcrumbList\",\"@id\":\"https:\\\/\\\/labarraca1912.es\\\/tienda\\\/pasteleria\\\/gasificante-en-polvo-bote\\\/#breadcrumb\",\"itemListElement\":[{\"@type\":\"ListItem\",\"position\":1,\"name\":\"La Barraca\",\"item\":\"https:\\\/\\\/labarraca1912.es\\\/\"},{\"@type\":\"ListItem\",\"position\":2,\"name\":\"Tienda\",\"item\":\"https:\\\/\\\/labarraca1912.es\\\/tienda\\\/\"},{\"@type\":\"ListItem\",\"position\":3,\"name\":\"Gasificante en Polvo para Hornear Bote Dosificador 125g\"}]},{\"@type\":\"WebSite\",\"@id\":\"https:\\\/\\\/labarraca1912.es\\\/#website\",\"url\":\"https:\\\/\\\/labarraca1912.es\\\/\",\"name\":\"La Barraca\",\"description\":\"La Casa del Sabor\",\"publisher\":{\"@id\":\"https:\\\/\\\/labarraca1912.es\\\/#organization\"},\"potentialAction\":[{\"@type\":\"SearchAction\",\"target\":{\"@type\":\"EntryPoint\",\"urlTemplate\":\"https:\\\/\\\/labarraca1912.es\\\/?s={search_term_string}\"},\"query-input\":{\"@type\":\"PropertyValueSpecification\",\"valueRequired\":true,\"valueName\":\"search_term_string\"}}],\"inLanguage\":\"fr-FR\"},{\"@type\":\"Organization\",\"@id\":\"https:\\\/\\\/labarraca1912.es\\\/#organization\",\"name\":\"La Barraca 1912 Alimentacion\",\"url\":\"https:\\\/\\\/labarraca1912.es\\\/\",\"logo\":{\"@type\":\"ImageObject\",\"inLanguage\":\"fr-FR\",\"@id\":\"https:\\\/\\\/labarraca1912.es\\\/#\\\/schema\\\/logo\\\/image\\\/\",\"url\":\"https:\\\/\\\/labarraca1912.es\\\/wp-content\\\/uploads\\\/2019\\\/06\\\/logo-labarraca.png\",\"contentUrl\":\"https:\\\/\\\/labarraca1912.es\\\/wp-content\\\/uploads\\\/2019\\\/06\\\/logo-labarraca.png\",\"width\":2917,\"height\":1809,\"caption\":\"La Barraca 1912 Alimentacion\"},\"image\":{\"@id\":\"https:\\\/\\\/labarraca1912.es\\\/#\\\/schema\\\/logo\\\/image\\\/\"}}]}<\/script>\n<!-- \/ Yoast SEO plugin. -->","yoast_head_json":{"title":"Gasificante en Polvo para Hornear Bote Dosificador 125g - La Barraca","description":"Utilizada para salar alimentos, este tipo de sal se suele aplicar normalmente a la carne o el pescado una vez estos ya est\u00e1n listos.","robots":{"index":"index","follow":"follow","max-snippet":"max-snippet:-1","max-image-preview":"max-image-preview:large","max-video-preview":"max-video-preview:-1"},"canonical":"https:\/\/labarraca1912.es\/fr\/tienda\/pasteleria\/gasificante-en-polvo-bote\/","og_locale":"fr_FR","og_type":"article","og_title":"Gasificante en Polvo para Hornear Bote Dosificador 125g - La Barraca","og_description":"Utilizada para salar alimentos, este tipo de sal se suele aplicar normalmente a la carne o el pescado una vez estos ya est\u00e1n listos.","og_url":"https:\/\/labarraca1912.es\/fr\/tienda\/pasteleria\/gasificante-en-polvo-bote\/","og_site_name":"La Barraca","article_modified_time":"2026-04-07T08:32:53+00:00","og_image":[{"width":800,"height":800,"url":"https:\/\/labarraca1912.es\/wp-content\/uploads\/GasificanteBote.jpg","type":"image\/jpeg"}],"twitter_card":"summary_large_image","twitter_misc":{"Dur\u00e9e de lecture estim\u00e9e":"1 minute"},"schema":{"@context":"https:\/\/schema.org","@graph":[{"@type":"WebPage","@id":"https:\/\/labarraca1912.es\/tienda\/pasteleria\/gasificante-en-polvo-bote\/","url":"https:\/\/labarraca1912.es\/tienda\/pasteleria\/gasificante-en-polvo-bote\/","name":"Gasificante en Polvo para Hornear Bote Dosificador 125g - La Barraca","isPartOf":{"@id":"https:\/\/labarraca1912.es\/#website"},"primaryImageOfPage":{"@id":"https:\/\/labarraca1912.es\/tienda\/pasteleria\/gasificante-en-polvo-bote\/#primaryimage"},"image":{"@id":"https:\/\/labarraca1912.es\/tienda\/pasteleria\/gasificante-en-polvo-bote\/#primaryimage"},"thumbnailUrl":"https:\/\/labarraca1912.es\/wp-content\/uploads\/GasificanteBote.jpg","datePublished":"2020-05-13T11:00:30+00:00","dateModified":"2026-04-07T08:32:53+00:00","description":"Utilizada para salar alimentos, este tipo de sal se suele aplicar normalmente a la carne o el pescado una vez estos ya est\u00e1n listos.","breadcrumb":{"@id":"https:\/\/labarraca1912.es\/tienda\/pasteleria\/gasificante-en-polvo-bote\/#breadcrumb"},"inLanguage":"fr-FR","potentialAction":[{"@type":"ReadAction","target":["https:\/\/labarraca1912.es\/tienda\/pasteleria\/gasificante-en-polvo-bote\/"]}]},{"@type":"ImageObject","inLanguage":"fr-FR","@id":"https:\/\/labarraca1912.es\/tienda\/pasteleria\/gasificante-en-polvo-bote\/#primaryimage","url":"https:\/\/labarraca1912.es\/wp-content\/uploads\/GasificanteBote.jpg","contentUrl":"https:\/\/labarraca1912.es\/wp-content\/uploads\/GasificanteBote.jpg","width":800,"height":800},{"@type":"BreadcrumbList","@id":"https:\/\/labarraca1912.es\/tienda\/pasteleria\/gasificante-en-polvo-bote\/#breadcrumb","itemListElement":[{"@type":"ListItem","position":1,"name":"La Barraca","item":"https:\/\/labarraca1912.es\/"},{"@type":"ListItem","position":2,"name":"Tienda","item":"https:\/\/labarraca1912.es\/tienda\/"},{"@type":"ListItem","position":3,"name":"Gasificante en Polvo para Hornear Bote Dosificador 125g"}]},{"@type":"WebSite","@id":"https:\/\/labarraca1912.es\/#website","url":"https:\/\/labarraca1912.es\/","name":"La Barraca","description":"La Casa del Sabor","publisher":{"@id":"https:\/\/labarraca1912.es\/#organization"},"potentialAction":[{"@type":"SearchAction","target":{"@type":"EntryPoint","urlTemplate":"https:\/\/labarraca1912.es\/?s={search_term_string}"},"query-input":{"@type":"PropertyValueSpecification","valueRequired":true,"valueName":"search_term_string"}}],"inLanguage":"fr-FR"},{"@type":"Organization","@id":"https:\/\/labarraca1912.es\/#organization","name":"La Barraca 1912 Alimentacion","url":"https:\/\/labarraca1912.es\/","logo":{"@type":"ImageObject","inLanguage":"fr-FR","@id":"https:\/\/labarraca1912.es\/#\/schema\/logo\/image\/","url":"https:\/\/labarraca1912.es\/wp-content\/uploads\/2019\/06\/logo-labarraca.png","contentUrl":"https:\/\/labarraca1912.es\/wp-content\/uploads\/2019\/06\/logo-labarraca.png","width":2917,"height":1809,"caption":"La Barraca 1912 Alimentacion"},"image":{"@id":"https:\/\/labarraca1912.es\/#\/schema\/logo\/image\/"}}]}},"_links":{"self":[{"href":"https:\/\/labarraca1912.es\/fr\/wp-json\/wp\/v2\/product\/5001","targetHints":{"allow":["GET"]}}],"collection":[{"href":"https:\/\/labarraca1912.es\/fr\/wp-json\/wp\/v2\/product"}],"about":[{"href":"https:\/\/labarraca1912.es\/fr\/wp-json\/wp\/v2\/types\/product"}],"replies":[{"embeddable":true,"href":"https:\/\/labarraca1912.es\/fr\/wp-json\/wp\/v2\/comments?post=5001"}],"wp:featuredmedia":[{"embeddable":true,"href":"https:\/\/labarraca1912.es\/fr\/wp-json\/wp\/v2\/media\/8582"}],"wp:attachment":[{"href":"https:\/\/labarraca1912.es\/fr\/wp-json\/wp\/v2\/media?parent=5001"}],"wp:term":[{"taxonomy":"product_brand","embeddable":true,"href":"https:\/\/labarraca1912.es\/fr\/wp-json\/wp\/v2\/product_brand?post=5001"},{"taxonomy":"product_cat","embeddable":true,"href":"https:\/\/labarraca1912.es\/fr\/wp-json\/wp\/v2\/product_cat?post=5001"},{"taxonomy":"product_tag","embeddable":true,"href":"https:\/\/labarraca1912.es\/fr\/wp-json\/wp\/v2\/product_tag?post=5001"}],"curies":[{"name":"wp","href":"https:\/\/api.w.org\/{rel}","templated":true}]}}