{"id":5115,"date":"2020-05-25T14:46:46","date_gmt":"2020-05-25T12:46:46","guid":{"rendered":"https:\/\/labarraca1912.es\/?post_type=product&#038;p=5115"},"modified":"2026-03-13T17:59:35","modified_gmt":"2026-03-13T16:59:35","slug":"sazonador-pinchos-rojos-650g","status":"publish","type":"product","link":"https:\/\/labarraca1912.es\/fr\/tienda\/sazonadores\/sazonador-pinchos-rojos-650g\/","title":{"rendered":"Assaisonnement Brochettes Rouges 650g"},"content":{"rendered":"<p>SAZONADOR PINCHOS ROJOS &#8211; 650G: Sazonador compuesto de una mezcla de especias molidas y condimentos. Potencia los sabores en las comidas.<\/p>\n<p><strong>Assaisonnement Brochettes Rouges: <\/strong>Utilis\u00e9 pour donner une saveur et un ar\u00f4me particuliers, id\u00e9al pour le porc, l'agneau et le b\u0153uf.<\/p>","protected":false},"excerpt":{"rendered":"<blockquote>\n<h2><strong>Assaisonnement Brochettes Rouges <\/strong>650g<\/h2>\n<\/blockquote>\n<p>Assaisonnement compos\u00e9 d'un m\u00e9lange d'\u00e9pices moulues et d'assaisonnements. Am\u00e9liore les saveurs des aliments. Utilis\u00e9 pour donner une saveur et un ar\u00f4me particuliers, id\u00e9al pour le porc, l'agneau et le b\u0153uf.<\/p>\n<p><em><strong>Ingr\u00e9dients:<\/strong><\/em> Sel, piment, poivre, thym, cumin, dextrose, sucre, ail et coriandre.<\/p>\n<p>Peut contenir des traces de <strong>C\u00c9LERI, S\u00c9SAME, GLUTEN, MOUTARDE, SULFITES et ARACHIDES. <\/strong>Ajoutez 30-40g\/kg \u00e0 la viande, selon le degr\u00e9 de salinit\u00e9 que vous souhaitez obtenir.<\/p>\n<p><strong><em>D\u00e9claration nutritionnelle. Valeurs moyennes per 100g de produit: <\/em><\/strong>\u00c9nergie: 473 kJ\/113 kcal. Graisses: 5,5g. Dont acides gras satur\u00e9s: 0,2g. Glucides: 11g. Dont sucres: 10,2g. Prot\u00e9ines: 5g. Sel: 56,5g.<\/p>","protected":false},"featured_media":13637,"comment_status":"open","ping_status":"closed","template":"","meta":{"_et_pb_use_builder":"","_et_pb_old_content":"","_et_gb_content_width":""},"product_brand":[],"product_cat":[22],"product_tag":[170,92,169,93,119],"class_list":{"0":"post-5115","1":"product","2":"type-product","3":"status-publish","4":"has-post-thumbnail","6":"product_cat-sazonadores","7":"product_tag-amarillos","8":"product_tag-curry","9":"product_tag-pinchos","10":"product_tag-pollo","11":"product_tag-sazonador","13":"first","14":"instock","15":"taxable","16":"shipping-taxable","17":"purchasable","18":"product-type-simple"},"yoast_head":"<!-- This site is optimized with the Yoast SEO plugin v27.5 - https:\/\/yoast.com\/product\/yoast-seo-wordpress\/ -->\n<title>Comprar sazonador Pinchos Rojos 650g | La Barraca<\/title>\n<meta name=\"description\" content=\"Comprar sazonador Pinchos Rojos en bote de 650g. Mezcla de especias y condimentos para potenciar carnes de cerdo, cordero y ternera con sabor y aroma especial.\" \/>\n<meta name=\"robots\" content=\"index, follow, max-snippet:-1, max-image-preview:large, max-video-preview:-1\" \/>\n<link rel=\"canonical\" href=\"https:\/\/labarraca1912.es\/fr\/tienda\/sazonadores\/sazonador-pinchos-rojos-650g\/\" \/>\n<meta property=\"og:locale\" content=\"fr_FR\" \/>\n<meta property=\"og:type\" content=\"article\" \/>\n<meta property=\"og:title\" content=\"Comprar sazonador Pinchos Rojos 650g | La Barraca\" \/>\n<meta property=\"og:description\" content=\"Comprar sazonador Pinchos Rojos en bote de 650g. Mezcla de especias y condimentos para potenciar carnes de cerdo, cordero y ternera con sabor y aroma especial.\" \/>\n<meta property=\"og:url\" content=\"https:\/\/labarraca1912.es\/fr\/tienda\/sazonadores\/sazonador-pinchos-rojos-650g\/\" \/>\n<meta property=\"og:site_name\" content=\"La Barraca\" \/>\n<meta property=\"article:modified_time\" content=\"2026-03-13T16:59:35+00:00\" \/>\n<meta property=\"og:image\" content=\"https:\/\/labarraca1912.es\/wp-content\/uploads\/pinchosrojosbh2025.jpg\" \/>\n\t<meta property=\"og:image:width\" content=\"800\" \/>\n\t<meta property=\"og:image:height\" content=\"800\" \/>\n\t<meta property=\"og:image:type\" content=\"image\/jpeg\" \/>\n<meta name=\"twitter:card\" content=\"summary_large_image\" \/>\n<meta name=\"twitter:label1\" content=\"Dur\u00e9e de lecture estim\u00e9e\" \/>\n\t<meta name=\"twitter:data1\" content=\"1 minute\" \/>\n<script type=\"application\/ld+json\" class=\"yoast-schema-graph\">{\"@context\":\"https:\\\/\\\/schema.org\",\"@graph\":[{\"@type\":\"WebPage\",\"@id\":\"https:\\\/\\\/labarraca1912.es\\\/tienda\\\/sazonadores\\\/sazonador-pinchos-rojos-650g\\\/\",\"url\":\"https:\\\/\\\/labarraca1912.es\\\/tienda\\\/sazonadores\\\/sazonador-pinchos-rojos-650g\\\/\",\"name\":\"Comprar sazonador Pinchos Rojos 650g | La Barraca\",\"isPartOf\":{\"@id\":\"https:\\\/\\\/labarraca1912.es\\\/#website\"},\"primaryImageOfPage\":{\"@id\":\"https:\\\/\\\/labarraca1912.es\\\/tienda\\\/sazonadores\\\/sazonador-pinchos-rojos-650g\\\/#primaryimage\"},\"image\":{\"@id\":\"https:\\\/\\\/labarraca1912.es\\\/tienda\\\/sazonadores\\\/sazonador-pinchos-rojos-650g\\\/#primaryimage\"},\"thumbnailUrl\":\"https:\\\/\\\/labarraca1912.es\\\/wp-content\\\/uploads\\\/pinchosrojosbh2025.jpg\",\"datePublished\":\"2020-05-25T12:46:46+00:00\",\"dateModified\":\"2026-03-13T16:59:35+00:00\",\"description\":\"Comprar sazonador Pinchos Rojos en bote de 650g. Mezcla de especias y condimentos para potenciar carnes de cerdo, cordero y ternera con sabor y aroma especial.\",\"breadcrumb\":{\"@id\":\"https:\\\/\\\/labarraca1912.es\\\/tienda\\\/sazonadores\\\/sazonador-pinchos-rojos-650g\\\/#breadcrumb\"},\"inLanguage\":\"fr-FR\",\"potentialAction\":[{\"@type\":\"ReadAction\",\"target\":[\"https:\\\/\\\/labarraca1912.es\\\/tienda\\\/sazonadores\\\/sazonador-pinchos-rojos-650g\\\/\"]}]},{\"@type\":\"ImageObject\",\"inLanguage\":\"fr-FR\",\"@id\":\"https:\\\/\\\/labarraca1912.es\\\/tienda\\\/sazonadores\\\/sazonador-pinchos-rojos-650g\\\/#primaryimage\",\"url\":\"https:\\\/\\\/labarraca1912.es\\\/wp-content\\\/uploads\\\/pinchosrojosbh2025.jpg\",\"contentUrl\":\"https:\\\/\\\/labarraca1912.es\\\/wp-content\\\/uploads\\\/pinchosrojosbh2025.jpg\",\"width\":800,\"height\":800},{\"@type\":\"BreadcrumbList\",\"@id\":\"https:\\\/\\\/labarraca1912.es\\\/tienda\\\/sazonadores\\\/sazonador-pinchos-rojos-650g\\\/#breadcrumb\",\"itemListElement\":[{\"@type\":\"ListItem\",\"position\":1,\"name\":\"La Barraca\",\"item\":\"https:\\\/\\\/labarraca1912.es\\\/\"},{\"@type\":\"ListItem\",\"position\":2,\"name\":\"Tienda\",\"item\":\"https:\\\/\\\/labarraca1912.es\\\/tienda\\\/\"},{\"@type\":\"ListItem\",\"position\":3,\"name\":\"Sazonador Pinchos Rojos 650g\"}]},{\"@type\":\"WebSite\",\"@id\":\"https:\\\/\\\/labarraca1912.es\\\/#website\",\"url\":\"https:\\\/\\\/labarraca1912.es\\\/\",\"name\":\"La Barraca\",\"description\":\"La Casa del Sabor\",\"publisher\":{\"@id\":\"https:\\\/\\\/labarraca1912.es\\\/#organization\"},\"potentialAction\":[{\"@type\":\"SearchAction\",\"target\":{\"@type\":\"EntryPoint\",\"urlTemplate\":\"https:\\\/\\\/labarraca1912.es\\\/?s={search_term_string}\"},\"query-input\":{\"@type\":\"PropertyValueSpecification\",\"valueRequired\":true,\"valueName\":\"search_term_string\"}}],\"inLanguage\":\"fr-FR\"},{\"@type\":\"Organization\",\"@id\":\"https:\\\/\\\/labarraca1912.es\\\/#organization\",\"name\":\"La Barraca 1912 Alimentacion\",\"url\":\"https:\\\/\\\/labarraca1912.es\\\/\",\"logo\":{\"@type\":\"ImageObject\",\"inLanguage\":\"fr-FR\",\"@id\":\"https:\\\/\\\/labarraca1912.es\\\/#\\\/schema\\\/logo\\\/image\\\/\",\"url\":\"https:\\\/\\\/labarraca1912.es\\\/wp-content\\\/uploads\\\/2019\\\/06\\\/logo-labarraca.png\",\"contentUrl\":\"https:\\\/\\\/labarraca1912.es\\\/wp-content\\\/uploads\\\/2019\\\/06\\\/logo-labarraca.png\",\"width\":2917,\"height\":1809,\"caption\":\"La Barraca 1912 Alimentacion\"},\"image\":{\"@id\":\"https:\\\/\\\/labarraca1912.es\\\/#\\\/schema\\\/logo\\\/image\\\/\"}}]}<\/script>\n<!-- \/ Yoast SEO plugin. -->","yoast_head_json":{"title":"Comprar sazonador Pinchos Rojos 650g | La Barraca","description":"Comprar sazonador Pinchos Rojos en bote de 650g. Mezcla de especias y condimentos para potenciar carnes de cerdo, cordero y ternera con sabor y aroma especial.","robots":{"index":"index","follow":"follow","max-snippet":"max-snippet:-1","max-image-preview":"max-image-preview:large","max-video-preview":"max-video-preview:-1"},"canonical":"https:\/\/labarraca1912.es\/fr\/tienda\/sazonadores\/sazonador-pinchos-rojos-650g\/","og_locale":"fr_FR","og_type":"article","og_title":"Comprar sazonador Pinchos Rojos 650g | La Barraca","og_description":"Comprar sazonador Pinchos Rojos en bote de 650g. Mezcla de especias y condimentos para potenciar carnes de cerdo, cordero y ternera con sabor y aroma especial.","og_url":"https:\/\/labarraca1912.es\/fr\/tienda\/sazonadores\/sazonador-pinchos-rojos-650g\/","og_site_name":"La Barraca","article_modified_time":"2026-03-13T16:59:35+00:00","og_image":[{"width":800,"height":800,"url":"https:\/\/labarraca1912.es\/wp-content\/uploads\/pinchosrojosbh2025.jpg","type":"image\/jpeg"}],"twitter_card":"summary_large_image","twitter_misc":{"Dur\u00e9e de lecture estim\u00e9e":"1 minute"},"schema":{"@context":"https:\/\/schema.org","@graph":[{"@type":"WebPage","@id":"https:\/\/labarraca1912.es\/tienda\/sazonadores\/sazonador-pinchos-rojos-650g\/","url":"https:\/\/labarraca1912.es\/tienda\/sazonadores\/sazonador-pinchos-rojos-650g\/","name":"Comprar sazonador Pinchos Rojos 650g | La Barraca","isPartOf":{"@id":"https:\/\/labarraca1912.es\/#website"},"primaryImageOfPage":{"@id":"https:\/\/labarraca1912.es\/tienda\/sazonadores\/sazonador-pinchos-rojos-650g\/#primaryimage"},"image":{"@id":"https:\/\/labarraca1912.es\/tienda\/sazonadores\/sazonador-pinchos-rojos-650g\/#primaryimage"},"thumbnailUrl":"https:\/\/labarraca1912.es\/wp-content\/uploads\/pinchosrojosbh2025.jpg","datePublished":"2020-05-25T12:46:46+00:00","dateModified":"2026-03-13T16:59:35+00:00","description":"Comprar sazonador Pinchos Rojos en bote de 650g. Mezcla de especias y condimentos para potenciar carnes de cerdo, cordero y ternera con sabor y aroma especial.","breadcrumb":{"@id":"https:\/\/labarraca1912.es\/tienda\/sazonadores\/sazonador-pinchos-rojos-650g\/#breadcrumb"},"inLanguage":"fr-FR","potentialAction":[{"@type":"ReadAction","target":["https:\/\/labarraca1912.es\/tienda\/sazonadores\/sazonador-pinchos-rojos-650g\/"]}]},{"@type":"ImageObject","inLanguage":"fr-FR","@id":"https:\/\/labarraca1912.es\/tienda\/sazonadores\/sazonador-pinchos-rojos-650g\/#primaryimage","url":"https:\/\/labarraca1912.es\/wp-content\/uploads\/pinchosrojosbh2025.jpg","contentUrl":"https:\/\/labarraca1912.es\/wp-content\/uploads\/pinchosrojosbh2025.jpg","width":800,"height":800},{"@type":"BreadcrumbList","@id":"https:\/\/labarraca1912.es\/tienda\/sazonadores\/sazonador-pinchos-rojos-650g\/#breadcrumb","itemListElement":[{"@type":"ListItem","position":1,"name":"La Barraca","item":"https:\/\/labarraca1912.es\/"},{"@type":"ListItem","position":2,"name":"Tienda","item":"https:\/\/labarraca1912.es\/tienda\/"},{"@type":"ListItem","position":3,"name":"Sazonador Pinchos Rojos 650g"}]},{"@type":"WebSite","@id":"https:\/\/labarraca1912.es\/#website","url":"https:\/\/labarraca1912.es\/","name":"La Barraca","description":"La Casa del Sabor","publisher":{"@id":"https:\/\/labarraca1912.es\/#organization"},"potentialAction":[{"@type":"SearchAction","target":{"@type":"EntryPoint","urlTemplate":"https:\/\/labarraca1912.es\/?s={search_term_string}"},"query-input":{"@type":"PropertyValueSpecification","valueRequired":true,"valueName":"search_term_string"}}],"inLanguage":"fr-FR"},{"@type":"Organization","@id":"https:\/\/labarraca1912.es\/#organization","name":"La Barraca 1912 Alimentacion","url":"https:\/\/labarraca1912.es\/","logo":{"@type":"ImageObject","inLanguage":"fr-FR","@id":"https:\/\/labarraca1912.es\/#\/schema\/logo\/image\/","url":"https:\/\/labarraca1912.es\/wp-content\/uploads\/2019\/06\/logo-labarraca.png","contentUrl":"https:\/\/labarraca1912.es\/wp-content\/uploads\/2019\/06\/logo-labarraca.png","width":2917,"height":1809,"caption":"La Barraca 1912 Alimentacion"},"image":{"@id":"https:\/\/labarraca1912.es\/#\/schema\/logo\/image\/"}}]}},"_links":{"self":[{"href":"https:\/\/labarraca1912.es\/fr\/wp-json\/wp\/v2\/product\/5115","targetHints":{"allow":["GET"]}}],"collection":[{"href":"https:\/\/labarraca1912.es\/fr\/wp-json\/wp\/v2\/product"}],"about":[{"href":"https:\/\/labarraca1912.es\/fr\/wp-json\/wp\/v2\/types\/product"}],"replies":[{"embeddable":true,"href":"https:\/\/labarraca1912.es\/fr\/wp-json\/wp\/v2\/comments?post=5115"}],"wp:featuredmedia":[{"embeddable":true,"href":"https:\/\/labarraca1912.es\/fr\/wp-json\/wp\/v2\/media\/13637"}],"wp:attachment":[{"href":"https:\/\/labarraca1912.es\/fr\/wp-json\/wp\/v2\/media?parent=5115"}],"wp:term":[{"taxonomy":"product_brand","embeddable":true,"href":"https:\/\/labarraca1912.es\/fr\/wp-json\/wp\/v2\/product_brand?post=5115"},{"taxonomy":"product_cat","embeddable":true,"href":"https:\/\/labarraca1912.es\/fr\/wp-json\/wp\/v2\/product_cat?post=5115"},{"taxonomy":"product_tag","embeddable":true,"href":"https:\/\/labarraca1912.es\/fr\/wp-json\/wp\/v2\/product_tag?post=5115"}],"curies":[{"name":"wp","href":"https:\/\/api.w.org\/{rel}","templated":true}]}}