{"id":5310,"date":"2020-07-09T12:11:12","date_gmt":"2020-07-09T10:11:12","guid":{"rendered":"https:\/\/labarraca1912.es\/?post_type=product&#038;p=5310"},"modified":"2026-04-14T21:03:47","modified_gmt":"2026-04-14T19:03:47","slug":"sazonador-callos-650g","status":"publish","type":"product","link":"https:\/\/labarraca1912.es\/fr\/tienda\/sazonadores\/sazonador-callos-650g\/","title":{"rendered":"Assaisonnement Tripes 650g"},"content":{"rendered":"<p>SAZONADOR CALLOS &#8211; 650G: Mezcla de especias molidas con un ligero sabor picante, que normalmente es utilizado para la preparaci\u00f3n de callos, aunque tambi\u00e9n puede ser utilizado en otros platos.<\/p>\n<p><strong>Assaisonnement Tripes:<\/strong> Il donne au plat assaisonn\u00e9 une saveur l\u00e9g\u00e8rement \u00e9pic\u00e9e et un ar\u00f4me agr\u00e9able et particulier.<\/p>","protected":false},"excerpt":{"rendered":"<blockquote>\n<h2><strong>Assaisonnement Tripes<\/strong> 650g<\/h2>\n<\/blockquote>\n<p>M\u00e9lange d'\u00e9pices moulues au l\u00e9ger go\u00fbt \u00e9pic\u00e9, normalement utilis\u00e9 pour la pr\u00e9paration des tripes, bien qu'il puisse \u00e9galement \u00eatre utilis\u00e9 dans d'autres plats. Il donne au plat assaisonn\u00e9 une saveur l\u00e9g\u00e8rement \u00e9pic\u00e9e et un ar\u00f4me agr\u00e9able et particulier.<\/p>\n<p><strong><em>Ingr\u00e9dients:<\/em><\/strong> Coriandre, cumin, poivre noir et piment.<\/p>\n<p>Peut contenir des traces de <strong>C\u00c9LERI, S\u00c9SAME, GLUTEN et MOUTARDE.<\/strong><\/p>","protected":false},"featured_media":13642,"comment_status":"open","ping_status":"closed","template":"","meta":{"_et_pb_use_builder":"","_et_pb_old_content":"","_et_gb_content_width":""},"product_brand":[],"product_cat":[22],"product_tag":[200,47,118,119],"class_list":{"0":"post-5310","1":"product","2":"type-product","3":"status-publish","4":"has-post-thumbnail","6":"product_cat-sazonadores","7":"product_tag-callos","8":"product_tag-especias","9":"product_tag-picante","10":"product_tag-sazonador","12":"first","13":"instock","14":"taxable","15":"shipping-taxable","16":"purchasable","17":"product-type-simple"},"yoast_head":"<!-- This site is optimized with the Yoast SEO plugin v27.4 - https:\/\/yoast.com\/product\/yoast-seo-wordpress\/ -->\n<title>Comprar sazonador Callos 650g | La Barraca<\/title>\n<meta name=\"description\" content=\"Comprar sazonador Callos en bote de 650g, mezcla de especias con sabor ligeramente picante y aroma peculiar. Ideal para preparar callos con un toque especial.\" \/>\n<meta name=\"robots\" content=\"index, follow, max-snippet:-1, max-image-preview:large, max-video-preview:-1\" \/>\n<link rel=\"canonical\" href=\"https:\/\/labarraca1912.es\/fr\/tienda\/sazonadores\/sazonador-callos-650g\/\" \/>\n<meta property=\"og:locale\" content=\"fr_FR\" \/>\n<meta property=\"og:type\" content=\"article\" \/>\n<meta property=\"og:title\" content=\"Comprar sazonador Callos 650g | La Barraca\" \/>\n<meta property=\"og:description\" content=\"Comprar sazonador Callos en bote de 650g, mezcla de especias con sabor ligeramente picante y aroma peculiar. Ideal para preparar callos con un toque especial.\" \/>\n<meta property=\"og:url\" content=\"https:\/\/labarraca1912.es\/fr\/tienda\/sazonadores\/sazonador-callos-650g\/\" \/>\n<meta property=\"og:site_name\" content=\"La Barraca\" \/>\n<meta property=\"article:modified_time\" content=\"2026-04-14T19:03:47+00:00\" \/>\n<meta property=\"og:image\" content=\"https:\/\/labarraca1912.es\/wp-content\/uploads\/sazonadorcallosbg2025.jpg\" \/>\n\t<meta property=\"og:image:width\" content=\"800\" \/>\n\t<meta property=\"og:image:height\" content=\"800\" \/>\n\t<meta property=\"og:image:type\" content=\"image\/jpeg\" \/>\n<meta name=\"twitter:card\" content=\"summary_large_image\" \/>\n<meta name=\"twitter:label1\" content=\"Dur\u00e9e de lecture estim\u00e9e\" \/>\n\t<meta name=\"twitter:data1\" content=\"1 minute\" \/>\n<script type=\"application\/ld+json\" class=\"yoast-schema-graph\">{\"@context\":\"https:\\\/\\\/schema.org\",\"@graph\":[{\"@type\":\"WebPage\",\"@id\":\"https:\\\/\\\/labarraca1912.es\\\/tienda\\\/sazonadores\\\/sazonador-callos-650g\\\/\",\"url\":\"https:\\\/\\\/labarraca1912.es\\\/tienda\\\/sazonadores\\\/sazonador-callos-650g\\\/\",\"name\":\"Comprar sazonador Callos 650g | La Barraca\",\"isPartOf\":{\"@id\":\"https:\\\/\\\/labarraca1912.es\\\/#website\"},\"primaryImageOfPage\":{\"@id\":\"https:\\\/\\\/labarraca1912.es\\\/tienda\\\/sazonadores\\\/sazonador-callos-650g\\\/#primaryimage\"},\"image\":{\"@id\":\"https:\\\/\\\/labarraca1912.es\\\/tienda\\\/sazonadores\\\/sazonador-callos-650g\\\/#primaryimage\"},\"thumbnailUrl\":\"https:\\\/\\\/labarraca1912.es\\\/wp-content\\\/uploads\\\/sazonadorcallosbg2025.jpg\",\"datePublished\":\"2020-07-09T10:11:12+00:00\",\"dateModified\":\"2026-04-14T19:03:47+00:00\",\"description\":\"Comprar sazonador Callos en bote de 650g, mezcla de especias con sabor ligeramente picante y aroma peculiar. Ideal para preparar callos con un toque especial.\",\"breadcrumb\":{\"@id\":\"https:\\\/\\\/labarraca1912.es\\\/tienda\\\/sazonadores\\\/sazonador-callos-650g\\\/#breadcrumb\"},\"inLanguage\":\"fr-FR\",\"potentialAction\":[{\"@type\":\"ReadAction\",\"target\":[\"https:\\\/\\\/labarraca1912.es\\\/tienda\\\/sazonadores\\\/sazonador-callos-650g\\\/\"]}]},{\"@type\":\"ImageObject\",\"inLanguage\":\"fr-FR\",\"@id\":\"https:\\\/\\\/labarraca1912.es\\\/tienda\\\/sazonadores\\\/sazonador-callos-650g\\\/#primaryimage\",\"url\":\"https:\\\/\\\/labarraca1912.es\\\/wp-content\\\/uploads\\\/sazonadorcallosbg2025.jpg\",\"contentUrl\":\"https:\\\/\\\/labarraca1912.es\\\/wp-content\\\/uploads\\\/sazonadorcallosbg2025.jpg\",\"width\":800,\"height\":800},{\"@type\":\"BreadcrumbList\",\"@id\":\"https:\\\/\\\/labarraca1912.es\\\/tienda\\\/sazonadores\\\/sazonador-callos-650g\\\/#breadcrumb\",\"itemListElement\":[{\"@type\":\"ListItem\",\"position\":1,\"name\":\"La Barraca\",\"item\":\"https:\\\/\\\/labarraca1912.es\\\/\"},{\"@type\":\"ListItem\",\"position\":2,\"name\":\"Tienda\",\"item\":\"https:\\\/\\\/labarraca1912.es\\\/tienda\\\/\"},{\"@type\":\"ListItem\",\"position\":3,\"name\":\"Sazonador Callos 650g\"}]},{\"@type\":\"WebSite\",\"@id\":\"https:\\\/\\\/labarraca1912.es\\\/#website\",\"url\":\"https:\\\/\\\/labarraca1912.es\\\/\",\"name\":\"La Barraca\",\"description\":\"La Casa del Sabor\",\"publisher\":{\"@id\":\"https:\\\/\\\/labarraca1912.es\\\/#organization\"},\"potentialAction\":[{\"@type\":\"SearchAction\",\"target\":{\"@type\":\"EntryPoint\",\"urlTemplate\":\"https:\\\/\\\/labarraca1912.es\\\/?s={search_term_string}\"},\"query-input\":{\"@type\":\"PropertyValueSpecification\",\"valueRequired\":true,\"valueName\":\"search_term_string\"}}],\"inLanguage\":\"fr-FR\"},{\"@type\":\"Organization\",\"@id\":\"https:\\\/\\\/labarraca1912.es\\\/#organization\",\"name\":\"La Barraca 1912 Alimentacion\",\"url\":\"https:\\\/\\\/labarraca1912.es\\\/\",\"logo\":{\"@type\":\"ImageObject\",\"inLanguage\":\"fr-FR\",\"@id\":\"https:\\\/\\\/labarraca1912.es\\\/#\\\/schema\\\/logo\\\/image\\\/\",\"url\":\"https:\\\/\\\/labarraca1912.es\\\/wp-content\\\/uploads\\\/2019\\\/06\\\/logo-labarraca.png\",\"contentUrl\":\"https:\\\/\\\/labarraca1912.es\\\/wp-content\\\/uploads\\\/2019\\\/06\\\/logo-labarraca.png\",\"width\":2917,\"height\":1809,\"caption\":\"La Barraca 1912 Alimentacion\"},\"image\":{\"@id\":\"https:\\\/\\\/labarraca1912.es\\\/#\\\/schema\\\/logo\\\/image\\\/\"}}]}<\/script>\n<!-- \/ Yoast SEO plugin. -->","yoast_head_json":{"title":"Comprar sazonador Callos 650g | La Barraca","description":"Comprar sazonador Callos en bote de 650g, mezcla de especias con sabor ligeramente picante y aroma peculiar. Ideal para preparar callos con un toque especial.","robots":{"index":"index","follow":"follow","max-snippet":"max-snippet:-1","max-image-preview":"max-image-preview:large","max-video-preview":"max-video-preview:-1"},"canonical":"https:\/\/labarraca1912.es\/fr\/tienda\/sazonadores\/sazonador-callos-650g\/","og_locale":"fr_FR","og_type":"article","og_title":"Comprar sazonador Callos 650g | La Barraca","og_description":"Comprar sazonador Callos en bote de 650g, mezcla de especias con sabor ligeramente picante y aroma peculiar. Ideal para preparar callos con un toque especial.","og_url":"https:\/\/labarraca1912.es\/fr\/tienda\/sazonadores\/sazonador-callos-650g\/","og_site_name":"La Barraca","article_modified_time":"2026-04-14T19:03:47+00:00","og_image":[{"width":800,"height":800,"url":"https:\/\/labarraca1912.es\/wp-content\/uploads\/sazonadorcallosbg2025.jpg","type":"image\/jpeg"}],"twitter_card":"summary_large_image","twitter_misc":{"Dur\u00e9e de lecture estim\u00e9e":"1 minute"},"schema":{"@context":"https:\/\/schema.org","@graph":[{"@type":"WebPage","@id":"https:\/\/labarraca1912.es\/tienda\/sazonadores\/sazonador-callos-650g\/","url":"https:\/\/labarraca1912.es\/tienda\/sazonadores\/sazonador-callos-650g\/","name":"Comprar sazonador Callos 650g | La Barraca","isPartOf":{"@id":"https:\/\/labarraca1912.es\/#website"},"primaryImageOfPage":{"@id":"https:\/\/labarraca1912.es\/tienda\/sazonadores\/sazonador-callos-650g\/#primaryimage"},"image":{"@id":"https:\/\/labarraca1912.es\/tienda\/sazonadores\/sazonador-callos-650g\/#primaryimage"},"thumbnailUrl":"https:\/\/labarraca1912.es\/wp-content\/uploads\/sazonadorcallosbg2025.jpg","datePublished":"2020-07-09T10:11:12+00:00","dateModified":"2026-04-14T19:03:47+00:00","description":"Comprar sazonador Callos en bote de 650g, mezcla de especias con sabor ligeramente picante y aroma peculiar. Ideal para preparar callos con un toque especial.","breadcrumb":{"@id":"https:\/\/labarraca1912.es\/tienda\/sazonadores\/sazonador-callos-650g\/#breadcrumb"},"inLanguage":"fr-FR","potentialAction":[{"@type":"ReadAction","target":["https:\/\/labarraca1912.es\/tienda\/sazonadores\/sazonador-callos-650g\/"]}]},{"@type":"ImageObject","inLanguage":"fr-FR","@id":"https:\/\/labarraca1912.es\/tienda\/sazonadores\/sazonador-callos-650g\/#primaryimage","url":"https:\/\/labarraca1912.es\/wp-content\/uploads\/sazonadorcallosbg2025.jpg","contentUrl":"https:\/\/labarraca1912.es\/wp-content\/uploads\/sazonadorcallosbg2025.jpg","width":800,"height":800},{"@type":"BreadcrumbList","@id":"https:\/\/labarraca1912.es\/tienda\/sazonadores\/sazonador-callos-650g\/#breadcrumb","itemListElement":[{"@type":"ListItem","position":1,"name":"La Barraca","item":"https:\/\/labarraca1912.es\/"},{"@type":"ListItem","position":2,"name":"Tienda","item":"https:\/\/labarraca1912.es\/tienda\/"},{"@type":"ListItem","position":3,"name":"Sazonador Callos 650g"}]},{"@type":"WebSite","@id":"https:\/\/labarraca1912.es\/#website","url":"https:\/\/labarraca1912.es\/","name":"La Barraca","description":"La Casa del Sabor","publisher":{"@id":"https:\/\/labarraca1912.es\/#organization"},"potentialAction":[{"@type":"SearchAction","target":{"@type":"EntryPoint","urlTemplate":"https:\/\/labarraca1912.es\/?s={search_term_string}"},"query-input":{"@type":"PropertyValueSpecification","valueRequired":true,"valueName":"search_term_string"}}],"inLanguage":"fr-FR"},{"@type":"Organization","@id":"https:\/\/labarraca1912.es\/#organization","name":"La Barraca 1912 Alimentacion","url":"https:\/\/labarraca1912.es\/","logo":{"@type":"ImageObject","inLanguage":"fr-FR","@id":"https:\/\/labarraca1912.es\/#\/schema\/logo\/image\/","url":"https:\/\/labarraca1912.es\/wp-content\/uploads\/2019\/06\/logo-labarraca.png","contentUrl":"https:\/\/labarraca1912.es\/wp-content\/uploads\/2019\/06\/logo-labarraca.png","width":2917,"height":1809,"caption":"La Barraca 1912 Alimentacion"},"image":{"@id":"https:\/\/labarraca1912.es\/#\/schema\/logo\/image\/"}}]}},"_links":{"self":[{"href":"https:\/\/labarraca1912.es\/fr\/wp-json\/wp\/v2\/product\/5310","targetHints":{"allow":["GET"]}}],"collection":[{"href":"https:\/\/labarraca1912.es\/fr\/wp-json\/wp\/v2\/product"}],"about":[{"href":"https:\/\/labarraca1912.es\/fr\/wp-json\/wp\/v2\/types\/product"}],"replies":[{"embeddable":true,"href":"https:\/\/labarraca1912.es\/fr\/wp-json\/wp\/v2\/comments?post=5310"}],"wp:featuredmedia":[{"embeddable":true,"href":"https:\/\/labarraca1912.es\/fr\/wp-json\/wp\/v2\/media\/13642"}],"wp:attachment":[{"href":"https:\/\/labarraca1912.es\/fr\/wp-json\/wp\/v2\/media?parent=5310"}],"wp:term":[{"taxonomy":"product_brand","embeddable":true,"href":"https:\/\/labarraca1912.es\/fr\/wp-json\/wp\/v2\/product_brand?post=5310"},{"taxonomy":"product_cat","embeddable":true,"href":"https:\/\/labarraca1912.es\/fr\/wp-json\/wp\/v2\/product_cat?post=5310"},{"taxonomy":"product_tag","embeddable":true,"href":"https:\/\/labarraca1912.es\/fr\/wp-json\/wp\/v2\/product_tag?post=5310"}],"curies":[{"name":"wp","href":"https:\/\/api.w.org\/{rel}","templated":true}]}}