{"id":5790,"date":"2020-11-03T08:25:53","date_gmt":"2020-11-03T07:25:53","guid":{"rendered":"https:\/\/labarraca1912.es\/?post_type=product&#038;p=5790"},"modified":"2026-04-27T22:24:18","modified_gmt":"2026-04-27T20:24:18","slug":"piramite-manzana-con-naranja-y-curcuma","status":"publish","type":"product","link":"https:\/\/labarraca1912.es\/fr\/tienda\/infusiones\/piramite-manzana-con-naranja-y-curcuma\/","title":{"rendered":"PiramiT\u00e9 Pomme avec Orange et Curcuma"},"content":{"rendered":"<p>PIRAMIT\u00c9 &#8211; MANZANA CON NARANJA Y C\u00daRCUMA: Sabor y aroma natural en una exclusiva colecci\u00f3n de infusiones, envasadas en bolsitas piramidales para que disfrutes sorbo a sorbo del aut\u00e9ntico sabor de las infusiones de La Barraca. Una gama de infusiones como nunca la hab\u00edas visto.<\/p>\n<p><strong>Pomme avec Orange et Curcuma:<\/strong> L'infusion Pomme \u00e0 l'Orange et Curcuma est un d\u00e9licieux m\u00e9lange qui allie la saveur douce-agrume de l'orange et de la pomme, aux propri\u00e9t\u00e9s du curcuma.<\/p>\n<p>&nbsp;<\/p>","protected":false},"excerpt":{"rendered":"<blockquote>\n<h2><strong>PiramiT\u00e9<\/strong> Pomme avec Orange et Curcuma<\/h2>\n<\/blockquote>\n<p>Saveur et ar\u00f4me naturels dans une collection exclusive d'infusions, conditionn\u00e9es dans des sachets pyramidaux pour que vous puissiez profiter gorg\u00e9e par gorg\u00e9e de la saveur authentique des infusions La Barraca. Une gamme d'infusions comme vous n'en avez jamais vue auparavant.<\/p>\n<p>L'infusion Pomme \u00e0 l'Orange et Curcuma est un d\u00e9licieux m\u00e9lange qui allie la saveur douce-agrume de l'orange et de la pomme, aux propri\u00e9t\u00e9s du curcuma.<\/p>\n<p><em><strong>Ingr\u00e9dients:\u00a0<\/strong><\/em>Pomme (40%), orange (30%), curcuma (20%), gingembre, pr\u00eale et ar\u00f4me d'orange.<\/p>","protected":false},"featured_media":5791,"comment_status":"open","ping_status":"closed","template":"","meta":{"_et_pb_use_builder":"","_et_pb_old_content":"","_et_gb_content_width":""},"product_brand":[],"product_cat":[20],"product_tag":[142,42,52,208,209,53],"class_list":{"0":"post-5790","1":"product","2":"type-product","3":"status-publish","4":"has-post-thumbnail","6":"product_cat-infusiones","7":"product_tag-curcuma","8":"product_tag-edulcorante","9":"product_tag-infusiones","10":"product_tag-manzana","11":"product_tag-naranja","12":"product_tag-te","14":"first","15":"instock","16":"taxable","17":"shipping-taxable","18":"purchasable","19":"product-type-simple"},"yoast_head":"<!-- This site is optimized with the Yoast SEO plugin v27.5 - https:\/\/yoast.com\/product\/yoast-seo-wordpress\/ -->\n<title>Comprar t\u00e9 de Manzana, Naranja y C\u00farcuma | La Barraca<\/title>\n<meta name=\"description\" content=\"Comprar t\u00e9 de Manzana con Naranja y C\u00farcuma de La Barraca en bolsitas piramidales. Infusi\u00f3n c\u00edtrica y dulce con propiedades naturales de la c\u00farcuma.\" \/>\n<meta name=\"robots\" content=\"index, follow, max-snippet:-1, max-image-preview:large, max-video-preview:-1\" \/>\n<link rel=\"canonical\" href=\"https:\/\/labarraca1912.es\/fr\/tienda\/infusiones\/piramite-manzana-con-naranja-y-curcuma\/\" \/>\n<meta property=\"og:locale\" content=\"fr_FR\" \/>\n<meta property=\"og:type\" content=\"article\" \/>\n<meta property=\"og:title\" content=\"Comprar t\u00e9 de Manzana, Naranja y C\u00farcuma | La Barraca\" \/>\n<meta property=\"og:description\" content=\"Comprar t\u00e9 de Manzana con Naranja y C\u00farcuma de La Barraca en bolsitas piramidales. Infusi\u00f3n c\u00edtrica y dulce con propiedades naturales de la c\u00farcuma.\" \/>\n<meta property=\"og:url\" content=\"https:\/\/labarraca1912.es\/fr\/tienda\/infusiones\/piramite-manzana-con-naranja-y-curcuma\/\" \/>\n<meta property=\"og:site_name\" content=\"La Barraca\" \/>\n<meta property=\"article:modified_time\" content=\"2026-04-27T20:24:18+00:00\" \/>\n<meta property=\"og:image\" content=\"https:\/\/labarraca1912.es\/wp-content\/uploads\/2020\/11\/PiramiteManzanacurcumanaranja.jpg\" \/>\n\t<meta property=\"og:image:width\" content=\"800\" \/>\n\t<meta property=\"og:image:height\" content=\"800\" \/>\n\t<meta property=\"og:image:type\" content=\"image\/jpeg\" \/>\n<meta name=\"twitter:card\" content=\"summary_large_image\" \/>\n<meta name=\"twitter:label1\" content=\"Dur\u00e9e de lecture estim\u00e9e\" \/>\n\t<meta name=\"twitter:data1\" content=\"1 minute\" \/>\n<script type=\"application\/ld+json\" class=\"yoast-schema-graph\">{\"@context\":\"https:\\\/\\\/schema.org\",\"@graph\":[{\"@type\":\"WebPage\",\"@id\":\"https:\\\/\\\/labarraca1912.es\\\/tienda\\\/infusiones\\\/piramite-manzana-con-naranja-y-curcuma\\\/\",\"url\":\"https:\\\/\\\/labarraca1912.es\\\/tienda\\\/infusiones\\\/piramite-manzana-con-naranja-y-curcuma\\\/\",\"name\":\"Comprar t\u00e9 de Manzana, Naranja y C\u00farcuma | La Barraca\",\"isPartOf\":{\"@id\":\"https:\\\/\\\/labarraca1912.es\\\/#website\"},\"primaryImageOfPage\":{\"@id\":\"https:\\\/\\\/labarraca1912.es\\\/tienda\\\/infusiones\\\/piramite-manzana-con-naranja-y-curcuma\\\/#primaryimage\"},\"image\":{\"@id\":\"https:\\\/\\\/labarraca1912.es\\\/tienda\\\/infusiones\\\/piramite-manzana-con-naranja-y-curcuma\\\/#primaryimage\"},\"thumbnailUrl\":\"https:\\\/\\\/labarraca1912.es\\\/wp-content\\\/uploads\\\/2020\\\/11\\\/PiramiteManzanacurcumanaranja.jpg\",\"datePublished\":\"2020-11-03T07:25:53+00:00\",\"dateModified\":\"2026-04-27T20:24:18+00:00\",\"description\":\"Comprar t\u00e9 de Manzana con Naranja y C\u00farcuma de La Barraca en bolsitas piramidales. Infusi\u00f3n c\u00edtrica y dulce con propiedades naturales de la c\u00farcuma.\",\"breadcrumb\":{\"@id\":\"https:\\\/\\\/labarraca1912.es\\\/tienda\\\/infusiones\\\/piramite-manzana-con-naranja-y-curcuma\\\/#breadcrumb\"},\"inLanguage\":\"fr-FR\",\"potentialAction\":[{\"@type\":\"ReadAction\",\"target\":[\"https:\\\/\\\/labarraca1912.es\\\/tienda\\\/infusiones\\\/piramite-manzana-con-naranja-y-curcuma\\\/\"]}]},{\"@type\":\"ImageObject\",\"inLanguage\":\"fr-FR\",\"@id\":\"https:\\\/\\\/labarraca1912.es\\\/tienda\\\/infusiones\\\/piramite-manzana-con-naranja-y-curcuma\\\/#primaryimage\",\"url\":\"https:\\\/\\\/labarraca1912.es\\\/wp-content\\\/uploads\\\/2020\\\/11\\\/PiramiteManzanacurcumanaranja.jpg\",\"contentUrl\":\"https:\\\/\\\/labarraca1912.es\\\/wp-content\\\/uploads\\\/2020\\\/11\\\/PiramiteManzanacurcumanaranja.jpg\",\"width\":800,\"height\":800},{\"@type\":\"BreadcrumbList\",\"@id\":\"https:\\\/\\\/labarraca1912.es\\\/tienda\\\/infusiones\\\/piramite-manzana-con-naranja-y-curcuma\\\/#breadcrumb\",\"itemListElement\":[{\"@type\":\"ListItem\",\"position\":1,\"name\":\"La Barraca\",\"item\":\"https:\\\/\\\/labarraca1912.es\\\/\"},{\"@type\":\"ListItem\",\"position\":2,\"name\":\"Tienda\",\"item\":\"https:\\\/\\\/labarraca1912.es\\\/tienda\\\/\"},{\"@type\":\"ListItem\",\"position\":3,\"name\":\"PiramiT\u00e9 Manzana con Naranja y C\u00farcuma\"}]},{\"@type\":\"WebSite\",\"@id\":\"https:\\\/\\\/labarraca1912.es\\\/#website\",\"url\":\"https:\\\/\\\/labarraca1912.es\\\/\",\"name\":\"La Barraca\",\"description\":\"La Casa del Sabor\",\"publisher\":{\"@id\":\"https:\\\/\\\/labarraca1912.es\\\/#organization\"},\"potentialAction\":[{\"@type\":\"SearchAction\",\"target\":{\"@type\":\"EntryPoint\",\"urlTemplate\":\"https:\\\/\\\/labarraca1912.es\\\/?s={search_term_string}\"},\"query-input\":{\"@type\":\"PropertyValueSpecification\",\"valueRequired\":true,\"valueName\":\"search_term_string\"}}],\"inLanguage\":\"fr-FR\"},{\"@type\":\"Organization\",\"@id\":\"https:\\\/\\\/labarraca1912.es\\\/#organization\",\"name\":\"La Barraca 1912 Alimentacion\",\"url\":\"https:\\\/\\\/labarraca1912.es\\\/\",\"logo\":{\"@type\":\"ImageObject\",\"inLanguage\":\"fr-FR\",\"@id\":\"https:\\\/\\\/labarraca1912.es\\\/#\\\/schema\\\/logo\\\/image\\\/\",\"url\":\"https:\\\/\\\/labarraca1912.es\\\/wp-content\\\/uploads\\\/2019\\\/06\\\/logo-labarraca.png\",\"contentUrl\":\"https:\\\/\\\/labarraca1912.es\\\/wp-content\\\/uploads\\\/2019\\\/06\\\/logo-labarraca.png\",\"width\":2917,\"height\":1809,\"caption\":\"La Barraca 1912 Alimentacion\"},\"image\":{\"@id\":\"https:\\\/\\\/labarraca1912.es\\\/#\\\/schema\\\/logo\\\/image\\\/\"}}]}<\/script>\n<!-- \/ Yoast SEO plugin. -->","yoast_head_json":{"title":"Comprar t\u00e9 de Manzana, Naranja y C\u00farcuma | La Barraca","description":"Comprar t\u00e9 de Manzana con Naranja y C\u00farcuma de La Barraca en bolsitas piramidales. Infusi\u00f3n c\u00edtrica y dulce con propiedades naturales de la c\u00farcuma.","robots":{"index":"index","follow":"follow","max-snippet":"max-snippet:-1","max-image-preview":"max-image-preview:large","max-video-preview":"max-video-preview:-1"},"canonical":"https:\/\/labarraca1912.es\/fr\/tienda\/infusiones\/piramite-manzana-con-naranja-y-curcuma\/","og_locale":"fr_FR","og_type":"article","og_title":"Comprar t\u00e9 de Manzana, Naranja y C\u00farcuma | La Barraca","og_description":"Comprar t\u00e9 de Manzana con Naranja y C\u00farcuma de La Barraca en bolsitas piramidales. Infusi\u00f3n c\u00edtrica y dulce con propiedades naturales de la c\u00farcuma.","og_url":"https:\/\/labarraca1912.es\/fr\/tienda\/infusiones\/piramite-manzana-con-naranja-y-curcuma\/","og_site_name":"La Barraca","article_modified_time":"2026-04-27T20:24:18+00:00","og_image":[{"width":800,"height":800,"url":"https:\/\/labarraca1912.es\/wp-content\/uploads\/2020\/11\/PiramiteManzanacurcumanaranja.jpg","type":"image\/jpeg"}],"twitter_card":"summary_large_image","twitter_misc":{"Dur\u00e9e de lecture estim\u00e9e":"1 minute"},"schema":{"@context":"https:\/\/schema.org","@graph":[{"@type":"WebPage","@id":"https:\/\/labarraca1912.es\/tienda\/infusiones\/piramite-manzana-con-naranja-y-curcuma\/","url":"https:\/\/labarraca1912.es\/tienda\/infusiones\/piramite-manzana-con-naranja-y-curcuma\/","name":"Comprar t\u00e9 de Manzana, Naranja y C\u00farcuma | La Barraca","isPartOf":{"@id":"https:\/\/labarraca1912.es\/#website"},"primaryImageOfPage":{"@id":"https:\/\/labarraca1912.es\/tienda\/infusiones\/piramite-manzana-con-naranja-y-curcuma\/#primaryimage"},"image":{"@id":"https:\/\/labarraca1912.es\/tienda\/infusiones\/piramite-manzana-con-naranja-y-curcuma\/#primaryimage"},"thumbnailUrl":"https:\/\/labarraca1912.es\/wp-content\/uploads\/2020\/11\/PiramiteManzanacurcumanaranja.jpg","datePublished":"2020-11-03T07:25:53+00:00","dateModified":"2026-04-27T20:24:18+00:00","description":"Comprar t\u00e9 de Manzana con Naranja y C\u00farcuma de La Barraca en bolsitas piramidales. Infusi\u00f3n c\u00edtrica y dulce con propiedades naturales de la c\u00farcuma.","breadcrumb":{"@id":"https:\/\/labarraca1912.es\/tienda\/infusiones\/piramite-manzana-con-naranja-y-curcuma\/#breadcrumb"},"inLanguage":"fr-FR","potentialAction":[{"@type":"ReadAction","target":["https:\/\/labarraca1912.es\/tienda\/infusiones\/piramite-manzana-con-naranja-y-curcuma\/"]}]},{"@type":"ImageObject","inLanguage":"fr-FR","@id":"https:\/\/labarraca1912.es\/tienda\/infusiones\/piramite-manzana-con-naranja-y-curcuma\/#primaryimage","url":"https:\/\/labarraca1912.es\/wp-content\/uploads\/2020\/11\/PiramiteManzanacurcumanaranja.jpg","contentUrl":"https:\/\/labarraca1912.es\/wp-content\/uploads\/2020\/11\/PiramiteManzanacurcumanaranja.jpg","width":800,"height":800},{"@type":"BreadcrumbList","@id":"https:\/\/labarraca1912.es\/tienda\/infusiones\/piramite-manzana-con-naranja-y-curcuma\/#breadcrumb","itemListElement":[{"@type":"ListItem","position":1,"name":"La Barraca","item":"https:\/\/labarraca1912.es\/"},{"@type":"ListItem","position":2,"name":"Tienda","item":"https:\/\/labarraca1912.es\/tienda\/"},{"@type":"ListItem","position":3,"name":"PiramiT\u00e9 Manzana con Naranja y C\u00farcuma"}]},{"@type":"WebSite","@id":"https:\/\/labarraca1912.es\/#website","url":"https:\/\/labarraca1912.es\/","name":"La Barraca","description":"La Casa del Sabor","publisher":{"@id":"https:\/\/labarraca1912.es\/#organization"},"potentialAction":[{"@type":"SearchAction","target":{"@type":"EntryPoint","urlTemplate":"https:\/\/labarraca1912.es\/?s={search_term_string}"},"query-input":{"@type":"PropertyValueSpecification","valueRequired":true,"valueName":"search_term_string"}}],"inLanguage":"fr-FR"},{"@type":"Organization","@id":"https:\/\/labarraca1912.es\/#organization","name":"La Barraca 1912 Alimentacion","url":"https:\/\/labarraca1912.es\/","logo":{"@type":"ImageObject","inLanguage":"fr-FR","@id":"https:\/\/labarraca1912.es\/#\/schema\/logo\/image\/","url":"https:\/\/labarraca1912.es\/wp-content\/uploads\/2019\/06\/logo-labarraca.png","contentUrl":"https:\/\/labarraca1912.es\/wp-content\/uploads\/2019\/06\/logo-labarraca.png","width":2917,"height":1809,"caption":"La Barraca 1912 Alimentacion"},"image":{"@id":"https:\/\/labarraca1912.es\/#\/schema\/logo\/image\/"}}]}},"_links":{"self":[{"href":"https:\/\/labarraca1912.es\/fr\/wp-json\/wp\/v2\/product\/5790","targetHints":{"allow":["GET"]}}],"collection":[{"href":"https:\/\/labarraca1912.es\/fr\/wp-json\/wp\/v2\/product"}],"about":[{"href":"https:\/\/labarraca1912.es\/fr\/wp-json\/wp\/v2\/types\/product"}],"replies":[{"embeddable":true,"href":"https:\/\/labarraca1912.es\/fr\/wp-json\/wp\/v2\/comments?post=5790"}],"wp:featuredmedia":[{"embeddable":true,"href":"https:\/\/labarraca1912.es\/fr\/wp-json\/wp\/v2\/media\/5791"}],"wp:attachment":[{"href":"https:\/\/labarraca1912.es\/fr\/wp-json\/wp\/v2\/media?parent=5790"}],"wp:term":[{"taxonomy":"product_brand","embeddable":true,"href":"https:\/\/labarraca1912.es\/fr\/wp-json\/wp\/v2\/product_brand?post=5790"},{"taxonomy":"product_cat","embeddable":true,"href":"https:\/\/labarraca1912.es\/fr\/wp-json\/wp\/v2\/product_cat?post=5790"},{"taxonomy":"product_tag","embeddable":true,"href":"https:\/\/labarraca1912.es\/fr\/wp-json\/wp\/v2\/product_tag?post=5790"}],"curies":[{"name":"wp","href":"https:\/\/api.w.org\/{rel}","templated":true}]}}