{"id":5899,"date":"2020-11-16T11:27:17","date_gmt":"2020-11-16T10:27:17","guid":{"rendered":"https:\/\/labarraca1912.es\/?post_type=product&#038;p=5899"},"modified":"2026-04-13T16:25:01","modified_gmt":"2026-04-13T14:25:01","slug":"te-chai-con-especias","status":"publish","type":"product","link":"https:\/\/labarraca1912.es\/fr\/tienda\/infusiones\/te-chai-con-especias\/","title":{"rendered":"Th\u00e9 Chai aux \u00c9pices"},"content":{"rendered":"<p>INFUSIONES NATURALES &#8211; T\u00c9 CHAI CON ESPECIAS: Sabor y aroma natural en una exclusiva colecci\u00f3n de infusiones, envasadas en un pr\u00e1ctico formato de 10 bolsitas de infusi\u00f3n por cajita para que disfrutes sorbo a sorbo del aut\u00e9ntico sabor de las infusiones de La Barraca. Una gama de infusiones como nunca la hab\u00edas visto.<\/p>\n<p><strong>Th\u00e9 Chai aux \u00c9pices: <\/strong>Cette combinaison est cr\u00e9\u00e9e \u00e0 partir de th\u00e9 noir, et associ\u00e9e \u00e0 d'autres \u00e9pices comme la cannelle, le gingembre, le poivre ou le clou de girofle.<\/p>","protected":false},"excerpt":{"rendered":"<blockquote>\n<h2><strong>Tisanes<\/strong> Th\u00e9 Chai aux \u00c9pices<\/h2>\n<\/blockquote>\n<p>Saveur et ar\u00f4me naturels dans une collection exclusive d'infusions, conditionn\u00e9es dans un format pratique de 10 sachets d'infusion par bo\u00eete pour que vous puissiez profiter gorg\u00e9e par gorg\u00e9e de la saveur authentique des infusions La Barraca. Une gamme d'infusions comme vous n'en avez jamais vue auparavant.<\/p>\n<p>Bo\u00eete de 10 Tisanes de Th\u00e9 Chai aux \u00c9pices<\/p>\n<p><em><strong>Ingr\u00e9dients:<\/strong> <\/em>Th\u00e9 noir (55 %), gingembre (15 %), cannelle (10 %), poivre noir (10 %), clous de girofle (5 %) et curcuma (5 %).<\/p>","protected":false},"featured_media":5900,"comment_status":"open","ping_status":"closed","template":"","meta":{"_et_pb_use_builder":"","_et_pb_old_content":"","_et_gb_content_width":""},"product_brand":[],"product_cat":[20],"product_tag":[212,210,211,47,50,53],"class_list":{"0":"post-5899","1":"product","2":"type-product","3":"status-publish","4":"has-post-thumbnail","6":"product_cat-infusiones","7":"product_tag-cardamomo","8":"product_tag-chai","9":"product_tag-clavo","10":"product_tag-especias","11":"product_tag-pimienta","12":"product_tag-te","14":"first","15":"instock","16":"taxable","17":"shipping-taxable","18":"purchasable","19":"product-type-simple"},"yoast_head":"<!-- This site is optimized with the Yoast SEO plugin v27.5 - https:\/\/yoast.com\/product\/yoast-seo-wordpress\/ -->\n<title>Comprar T\u00e9 Chai con Especias natural | La Barraca<\/title>\n<meta name=\"description\" content=\"Comprar t\u00e9 Chai con Especias de La Barraca en caja de 10 bolsitas. Infusi\u00f3n natural con sabor y aroma intenso para disfrutar sorbo a sorbo.\" \/>\n<meta name=\"robots\" content=\"index, follow, max-snippet:-1, max-image-preview:large, max-video-preview:-1\" \/>\n<link rel=\"canonical\" href=\"https:\/\/labarraca1912.es\/fr\/tienda\/infusiones\/te-chai-con-especias\/\" \/>\n<meta property=\"og:locale\" content=\"fr_FR\" \/>\n<meta property=\"og:type\" content=\"article\" \/>\n<meta property=\"og:title\" content=\"Comprar T\u00e9 Chai con Especias natural | La Barraca\" \/>\n<meta property=\"og:description\" content=\"Comprar t\u00e9 Chai con Especias de La Barraca en caja de 10 bolsitas. Infusi\u00f3n natural con sabor y aroma intenso para disfrutar sorbo a sorbo.\" \/>\n<meta property=\"og:url\" content=\"https:\/\/labarraca1912.es\/fr\/tienda\/infusiones\/te-chai-con-especias\/\" \/>\n<meta property=\"og:site_name\" content=\"La Barraca\" \/>\n<meta property=\"article:modified_time\" content=\"2026-04-13T14:25:01+00:00\" \/>\n<meta property=\"og:image\" content=\"https:\/\/labarraca1912.es\/wp-content\/uploads\/2020\/11\/techaiconespeciascajita10.jpg\" \/>\n\t<meta property=\"og:image:width\" content=\"800\" \/>\n\t<meta property=\"og:image:height\" content=\"800\" \/>\n\t<meta property=\"og:image:type\" content=\"image\/jpeg\" \/>\n<meta name=\"twitter:card\" content=\"summary_large_image\" \/>\n<meta name=\"twitter:label1\" content=\"Dur\u00e9e de lecture estim\u00e9e\" \/>\n\t<meta name=\"twitter:data1\" content=\"1 minute\" \/>\n<script type=\"application\/ld+json\" class=\"yoast-schema-graph\">{\"@context\":\"https:\\\/\\\/schema.org\",\"@graph\":[{\"@type\":\"WebPage\",\"@id\":\"https:\\\/\\\/labarraca1912.es\\\/tienda\\\/infusiones\\\/te-chai-con-especias\\\/\",\"url\":\"https:\\\/\\\/labarraca1912.es\\\/tienda\\\/infusiones\\\/te-chai-con-especias\\\/\",\"name\":\"Comprar T\u00e9 Chai con Especias natural | La Barraca\",\"isPartOf\":{\"@id\":\"https:\\\/\\\/labarraca1912.es\\\/#website\"},\"primaryImageOfPage\":{\"@id\":\"https:\\\/\\\/labarraca1912.es\\\/tienda\\\/infusiones\\\/te-chai-con-especias\\\/#primaryimage\"},\"image\":{\"@id\":\"https:\\\/\\\/labarraca1912.es\\\/tienda\\\/infusiones\\\/te-chai-con-especias\\\/#primaryimage\"},\"thumbnailUrl\":\"https:\\\/\\\/labarraca1912.es\\\/wp-content\\\/uploads\\\/2020\\\/11\\\/techaiconespeciascajita10.jpg\",\"datePublished\":\"2020-11-16T10:27:17+00:00\",\"dateModified\":\"2026-04-13T14:25:01+00:00\",\"description\":\"Comprar t\u00e9 Chai con Especias de La Barraca en caja de 10 bolsitas. Infusi\u00f3n natural con sabor y aroma intenso para disfrutar sorbo a sorbo.\",\"breadcrumb\":{\"@id\":\"https:\\\/\\\/labarraca1912.es\\\/tienda\\\/infusiones\\\/te-chai-con-especias\\\/#breadcrumb\"},\"inLanguage\":\"fr-FR\",\"potentialAction\":[{\"@type\":\"ReadAction\",\"target\":[\"https:\\\/\\\/labarraca1912.es\\\/tienda\\\/infusiones\\\/te-chai-con-especias\\\/\"]}]},{\"@type\":\"ImageObject\",\"inLanguage\":\"fr-FR\",\"@id\":\"https:\\\/\\\/labarraca1912.es\\\/tienda\\\/infusiones\\\/te-chai-con-especias\\\/#primaryimage\",\"url\":\"https:\\\/\\\/labarraca1912.es\\\/wp-content\\\/uploads\\\/2020\\\/11\\\/techaiconespeciascajita10.jpg\",\"contentUrl\":\"https:\\\/\\\/labarraca1912.es\\\/wp-content\\\/uploads\\\/2020\\\/11\\\/techaiconespeciascajita10.jpg\",\"width\":800,\"height\":800},{\"@type\":\"BreadcrumbList\",\"@id\":\"https:\\\/\\\/labarraca1912.es\\\/tienda\\\/infusiones\\\/te-chai-con-especias\\\/#breadcrumb\",\"itemListElement\":[{\"@type\":\"ListItem\",\"position\":1,\"name\":\"La Barraca\",\"item\":\"https:\\\/\\\/labarraca1912.es\\\/\"},{\"@type\":\"ListItem\",\"position\":2,\"name\":\"Tienda\",\"item\":\"https:\\\/\\\/labarraca1912.es\\\/tienda\\\/\"},{\"@type\":\"ListItem\",\"position\":3,\"name\":\"T\u00e9 Chai con Especias\"}]},{\"@type\":\"WebSite\",\"@id\":\"https:\\\/\\\/labarraca1912.es\\\/#website\",\"url\":\"https:\\\/\\\/labarraca1912.es\\\/\",\"name\":\"La Barraca\",\"description\":\"La Casa del Sabor\",\"publisher\":{\"@id\":\"https:\\\/\\\/labarraca1912.es\\\/#organization\"},\"potentialAction\":[{\"@type\":\"SearchAction\",\"target\":{\"@type\":\"EntryPoint\",\"urlTemplate\":\"https:\\\/\\\/labarraca1912.es\\\/?s={search_term_string}\"},\"query-input\":{\"@type\":\"PropertyValueSpecification\",\"valueRequired\":true,\"valueName\":\"search_term_string\"}}],\"inLanguage\":\"fr-FR\"},{\"@type\":\"Organization\",\"@id\":\"https:\\\/\\\/labarraca1912.es\\\/#organization\",\"name\":\"La Barraca 1912 Alimentacion\",\"url\":\"https:\\\/\\\/labarraca1912.es\\\/\",\"logo\":{\"@type\":\"ImageObject\",\"inLanguage\":\"fr-FR\",\"@id\":\"https:\\\/\\\/labarraca1912.es\\\/#\\\/schema\\\/logo\\\/image\\\/\",\"url\":\"https:\\\/\\\/labarraca1912.es\\\/wp-content\\\/uploads\\\/2019\\\/06\\\/logo-labarraca.png\",\"contentUrl\":\"https:\\\/\\\/labarraca1912.es\\\/wp-content\\\/uploads\\\/2019\\\/06\\\/logo-labarraca.png\",\"width\":2917,\"height\":1809,\"caption\":\"La Barraca 1912 Alimentacion\"},\"image\":{\"@id\":\"https:\\\/\\\/labarraca1912.es\\\/#\\\/schema\\\/logo\\\/image\\\/\"}}]}<\/script>\n<!-- \/ Yoast SEO plugin. -->","yoast_head_json":{"title":"Comprar T\u00e9 Chai con Especias natural | La Barraca","description":"Comprar t\u00e9 Chai con Especias de La Barraca en caja de 10 bolsitas. Infusi\u00f3n natural con sabor y aroma intenso para disfrutar sorbo a sorbo.","robots":{"index":"index","follow":"follow","max-snippet":"max-snippet:-1","max-image-preview":"max-image-preview:large","max-video-preview":"max-video-preview:-1"},"canonical":"https:\/\/labarraca1912.es\/fr\/tienda\/infusiones\/te-chai-con-especias\/","og_locale":"fr_FR","og_type":"article","og_title":"Comprar T\u00e9 Chai con Especias natural | La Barraca","og_description":"Comprar t\u00e9 Chai con Especias de La Barraca en caja de 10 bolsitas. Infusi\u00f3n natural con sabor y aroma intenso para disfrutar sorbo a sorbo.","og_url":"https:\/\/labarraca1912.es\/fr\/tienda\/infusiones\/te-chai-con-especias\/","og_site_name":"La Barraca","article_modified_time":"2026-04-13T14:25:01+00:00","og_image":[{"width":800,"height":800,"url":"https:\/\/labarraca1912.es\/wp-content\/uploads\/2020\/11\/techaiconespeciascajita10.jpg","type":"image\/jpeg"}],"twitter_card":"summary_large_image","twitter_misc":{"Dur\u00e9e de lecture estim\u00e9e":"1 minute"},"schema":{"@context":"https:\/\/schema.org","@graph":[{"@type":"WebPage","@id":"https:\/\/labarraca1912.es\/tienda\/infusiones\/te-chai-con-especias\/","url":"https:\/\/labarraca1912.es\/tienda\/infusiones\/te-chai-con-especias\/","name":"Comprar T\u00e9 Chai con Especias natural | La Barraca","isPartOf":{"@id":"https:\/\/labarraca1912.es\/#website"},"primaryImageOfPage":{"@id":"https:\/\/labarraca1912.es\/tienda\/infusiones\/te-chai-con-especias\/#primaryimage"},"image":{"@id":"https:\/\/labarraca1912.es\/tienda\/infusiones\/te-chai-con-especias\/#primaryimage"},"thumbnailUrl":"https:\/\/labarraca1912.es\/wp-content\/uploads\/2020\/11\/techaiconespeciascajita10.jpg","datePublished":"2020-11-16T10:27:17+00:00","dateModified":"2026-04-13T14:25:01+00:00","description":"Comprar t\u00e9 Chai con Especias de La Barraca en caja de 10 bolsitas. Infusi\u00f3n natural con sabor y aroma intenso para disfrutar sorbo a sorbo.","breadcrumb":{"@id":"https:\/\/labarraca1912.es\/tienda\/infusiones\/te-chai-con-especias\/#breadcrumb"},"inLanguage":"fr-FR","potentialAction":[{"@type":"ReadAction","target":["https:\/\/labarraca1912.es\/tienda\/infusiones\/te-chai-con-especias\/"]}]},{"@type":"ImageObject","inLanguage":"fr-FR","@id":"https:\/\/labarraca1912.es\/tienda\/infusiones\/te-chai-con-especias\/#primaryimage","url":"https:\/\/labarraca1912.es\/wp-content\/uploads\/2020\/11\/techaiconespeciascajita10.jpg","contentUrl":"https:\/\/labarraca1912.es\/wp-content\/uploads\/2020\/11\/techaiconespeciascajita10.jpg","width":800,"height":800},{"@type":"BreadcrumbList","@id":"https:\/\/labarraca1912.es\/tienda\/infusiones\/te-chai-con-especias\/#breadcrumb","itemListElement":[{"@type":"ListItem","position":1,"name":"La Barraca","item":"https:\/\/labarraca1912.es\/"},{"@type":"ListItem","position":2,"name":"Tienda","item":"https:\/\/labarraca1912.es\/tienda\/"},{"@type":"ListItem","position":3,"name":"T\u00e9 Chai con Especias"}]},{"@type":"WebSite","@id":"https:\/\/labarraca1912.es\/#website","url":"https:\/\/labarraca1912.es\/","name":"La Barraca","description":"La Casa del Sabor","publisher":{"@id":"https:\/\/labarraca1912.es\/#organization"},"potentialAction":[{"@type":"SearchAction","target":{"@type":"EntryPoint","urlTemplate":"https:\/\/labarraca1912.es\/?s={search_term_string}"},"query-input":{"@type":"PropertyValueSpecification","valueRequired":true,"valueName":"search_term_string"}}],"inLanguage":"fr-FR"},{"@type":"Organization","@id":"https:\/\/labarraca1912.es\/#organization","name":"La Barraca 1912 Alimentacion","url":"https:\/\/labarraca1912.es\/","logo":{"@type":"ImageObject","inLanguage":"fr-FR","@id":"https:\/\/labarraca1912.es\/#\/schema\/logo\/image\/","url":"https:\/\/labarraca1912.es\/wp-content\/uploads\/2019\/06\/logo-labarraca.png","contentUrl":"https:\/\/labarraca1912.es\/wp-content\/uploads\/2019\/06\/logo-labarraca.png","width":2917,"height":1809,"caption":"La Barraca 1912 Alimentacion"},"image":{"@id":"https:\/\/labarraca1912.es\/#\/schema\/logo\/image\/"}}]}},"_links":{"self":[{"href":"https:\/\/labarraca1912.es\/fr\/wp-json\/wp\/v2\/product\/5899","targetHints":{"allow":["GET"]}}],"collection":[{"href":"https:\/\/labarraca1912.es\/fr\/wp-json\/wp\/v2\/product"}],"about":[{"href":"https:\/\/labarraca1912.es\/fr\/wp-json\/wp\/v2\/types\/product"}],"replies":[{"embeddable":true,"href":"https:\/\/labarraca1912.es\/fr\/wp-json\/wp\/v2\/comments?post=5899"}],"wp:featuredmedia":[{"embeddable":true,"href":"https:\/\/labarraca1912.es\/fr\/wp-json\/wp\/v2\/media\/5900"}],"wp:attachment":[{"href":"https:\/\/labarraca1912.es\/fr\/wp-json\/wp\/v2\/media?parent=5899"}],"wp:term":[{"taxonomy":"product_brand","embeddable":true,"href":"https:\/\/labarraca1912.es\/fr\/wp-json\/wp\/v2\/product_brand?post=5899"},{"taxonomy":"product_cat","embeddable":true,"href":"https:\/\/labarraca1912.es\/fr\/wp-json\/wp\/v2\/product_cat?post=5899"},{"taxonomy":"product_tag","embeddable":true,"href":"https:\/\/labarraca1912.es\/fr\/wp-json\/wp\/v2\/product_tag?post=5899"}],"curies":[{"name":"wp","href":"https:\/\/api.w.org\/{rel}","templated":true}]}}