{"id":5969,"date":"2020-11-19T08:33:44","date_gmt":"2020-11-19T07:33:44","guid":{"rendered":"https:\/\/labarraca1912.es\/?post_type=product&#038;p=5969"},"modified":"2026-03-09T09:48:09","modified_gmt":"2026-03-09T08:48:09","slug":"pack-6-molinillos-xl","status":"publish","type":"product","link":"https:\/\/labarraca1912.es\/fr\/tienda\/molinillos\/pack-6-molinillos-xl\/","title":{"rendered":"Pack 6 Moulins XL"},"content":{"rendered":"<p>PACK 6 MOLINILLOS XL: Pack de 6 Molinillos XL, se trata de un pack regalo d\u00f3nde incluye 6 tipos de Molinillos XL de distintos sabores, de esta forma las especias tienen un aroma y sabor m\u00e1s fresco al estar reci\u00e9n molidas antes de incorporarlas a tus platos.<\/p>\n<p><strong>Poivre Noir en Grain:<\/strong> Le poivre noir est produit lorsque le poivre est \u00e0 moiti\u00e9 m\u00fbr et est l\u2019un des plus utilis\u00e9s dans l\u2019Antiquit\u00e9. La saveur \u00e9pic\u00e9e du poivre est obtenue \u00e0 partir du compos\u00e9 pip\u00e9rine, pr\u00e9sent dans la peau et les graines du poivre. On l'utilise principalement dans les rago\u00fbts, ainsi que dans les viandes r\u00f4ties ou grill\u00e9es, les soupes, les marinades, les p\u00e2tes, les plats de riz. C'est l'une des \u00e9pices qui peuvent \u00eatre utilis\u00e9es pour presque tous les aliments.<\/p>\n<p><strong>Fusion de Poivres:<\/strong> Il s'agit d'un m\u00e9lange qui combine la saveur particuli\u00e8re de cinq types de grains de poivre qui, moulus juste avant la consommation, offrent une saveur particuli\u00e8rement adapt\u00e9e aux viandes, poissons et rago\u00fbts. La saveur \u00e9pic\u00e9e du poivre est obtenue \u00e0 partir du compos\u00e9 pip\u00e9rine, pr\u00e9sent dans la peau et les graines du poivre. Utilis\u00e9 pour assaisonner les sauces de toutes sortes, les viandes, les poissons et les rago\u00fbts. C'est une \u00e9pice largement utilis\u00e9e dans le poulet r\u00f4ti.<\/p>\n<p><strong>Sal con Piment\u00f3n Dulce Hojilla Ahumada:<\/strong> C'est un m\u00e9lange qui combine du sel marin avec du paprika ou de la \u00f1ora sucr\u00e9e hach\u00e9e, s\u00e9ch\u00e9e dans des s\u00e9choirs au feu de bois, ce qui lui conf\u00e8re une saveur fum\u00e9e. Ce m\u00e9lange de sel marin et de paprika doux fum\u00e9 s'utilise pour tous types de viandes et de poissons, donnant une saveur sal\u00e9e et fum\u00e9e \u00e0 vos plats.<\/p>\n<p><strong>Sel Rose de L\u00b4Himalaya:<\/strong>\u00a0Sel min\u00e9ral rose, form\u00e9 de cristaux et g\u00e9n\u00e9ralement extrait des montagnes du Pakistan. C'est un sel riche en multiples min\u00e9raux.<\/p>\n<p><strong>Sel aux Herbs:<\/strong> Il s'agit d'un m\u00e9lange qui combine le sel marin avec diff\u00e9rents types d'herbes, parmi lesquelles se distinguent le romarin et le thym, qui, moulus avec du sel, constituent une vinaigrette parfaite pour plusieurs plats. Le sel marin, qui, moulu avec une s\u00e9lection d'herbes naturelles, rehausse la saveur des salades et de tous types de plats.<\/p>\n<p><strong>Sel Marin:<\/strong> Le sel gemme qui, une fois moulu, sale les plats dans lesquels il est incorpor\u00e9. Il est utilis\u00e9 dans tous les plats auxquels on souhaite donner une touche sal\u00e9e.Il est utilis\u00e9 dans tous les plats auxquels on souhaite donner une touche sal\u00e9e.<\/p>","protected":false},"excerpt":{"rendered":"<blockquote>\n<h2><strong>Pack 6 Moulins XL<\/strong><\/h2>\n<\/blockquote>\n<p>Pack de 6 Moulins XL, il s'agit d'un pack cadeau qui comprend 6 types de Moulins XL de diff\u00e9rentes saveurs, de cette fa\u00e7on les \u00e9pices ont un ar\u00f4me et une saveur plus frais car elles sont fra\u00eechement moulues avant de les incorporer dans vos plats.<\/p>\n<p><strong><em>PACK COMPOS\u00c9 DE:<\/em><\/strong><\/p>\n<ul>\n<li><strong>Poivre Noir 180g<\/strong>\n<ul>\n<li><em><strong>Ingr\u00e9dients:<\/strong> <\/em>Poivre noir en grain.<\/li>\n<\/ul>\n<\/li>\n<li><strong>Fusion de Poivres 170g<\/strong>\n<ul>\n<li><em><strong>Ingr\u00e9dients:<\/strong> Poivre noir, poivre blanc, poivre de la Jama\u00efque, poivre rose et poivre vert.<\/em><\/li>\n<\/ul>\n<\/li>\n<li><strong>Sel avec Piment Doux Fum\u00e9 Concass\u00e9 350g<\/strong>\n<ul>\n<li><em><strong>Ingr\u00e9dients:\u00a0<\/strong><\/em>Sel marin (89%) et piment doux fum\u00e9 concass\u00e9.<\/li>\n<\/ul>\n<\/li>\n<li><strong>Sel Rose de l\u00b4Himalaya 390g<\/strong>\n<ul>\n<li><em><strong>Ingr\u00e9dients:\u00a0<\/strong><\/em>Sel rose de l\u00b4himalaya (sel gemme).<\/li>\n<\/ul>\n<\/li>\n<li><strong>Sel aux Herbs 250g<\/strong>\n<ul>\n<li><em><strong>Ingr\u00e9dients:<\/strong><\/em> Sel marin (85%), basilic, marjolaine, romarin, persil et thym. Peut contenir des traces de <strong>C\u00c9LERI, GLUTEN et MOUTARDE.<\/strong><\/li>\n<\/ul>\n<\/li>\n<li><strong>Sel Marin 350g<\/strong>\n<ul>\n<li><em><strong>Ingr\u00e9dients:<\/strong><\/em> Sel marin.<\/li>\n<\/ul>\n<\/li>\n<\/ul>","protected":false},"featured_media":5971,"comment_status":"open","ping_status":"closed","template":"","meta":{"_et_pb_use_builder":"","_et_pb_old_content":"","_et_gb_content_width":""},"product_brand":[],"product_cat":[215,164],"product_tag":[154,158,40,50,112,79,216],"class_list":{"0":"post-5969","1":"product","2":"type-product","3":"status-publish","4":"has-post-thumbnail","6":"product_cat-packs-regalo","7":"product_cat-molinillos","8":"product_tag-hierbas","9":"product_tag-himalaya","10":"product_tag-pimenton","11":"product_tag-pimienta","12":"product_tag-romero","13":"product_tag-sal","14":"product_tag-salrosa","16":"first","17":"instock","18":"taxable","19":"shipping-taxable","20":"purchasable","21":"product-type-simple"},"yoast_head":"<!-- This site is optimized with the Yoast SEO plugin v27.4 - https:\/\/yoast.com\/product\/yoast-seo-wordpress\/ -->\n<title>Comprar Pack 6 Molinillos XL de Pimientas y sales<\/title>\n<meta name=\"description\" content=\"Realza el sabor de tus platos al comprar el Pack 6 Molinillos XL con pimientas, sales y hierbas, dale un toque especial a tus recetas.\" \/>\n<meta name=\"robots\" content=\"index, follow, max-snippet:-1, max-image-preview:large, max-video-preview:-1\" \/>\n<link rel=\"canonical\" href=\"https:\/\/labarraca1912.es\/fr\/tienda\/molinillos\/pack-6-molinillos-xl\/\" \/>\n<meta property=\"og:locale\" content=\"fr_FR\" \/>\n<meta property=\"og:type\" content=\"article\" \/>\n<meta property=\"og:title\" content=\"Comprar Pack 6 Molinillos XL de Pimientas y sales\" \/>\n<meta property=\"og:description\" content=\"Realza el sabor de tus platos al comprar el Pack 6 Molinillos XL con pimientas, sales y hierbas, dale un toque especial a tus recetas.\" \/>\n<meta property=\"og:url\" content=\"https:\/\/labarraca1912.es\/fr\/tienda\/molinillos\/pack-6-molinillos-xl\/\" \/>\n<meta property=\"og:site_name\" content=\"La Barraca\" \/>\n<meta property=\"article:modified_time\" content=\"2026-03-09T08:48:09+00:00\" \/>\n<meta property=\"og:image\" content=\"https:\/\/labarraca1912.es\/wp-content\/uploads\/2020\/11\/Pack6Molinillos.jpg\" \/>\n\t<meta property=\"og:image:width\" content=\"800\" \/>\n\t<meta property=\"og:image:height\" content=\"800\" \/>\n\t<meta property=\"og:image:type\" content=\"image\/jpeg\" \/>\n<meta name=\"twitter:card\" content=\"summary_large_image\" \/>\n<meta name=\"twitter:label1\" content=\"Dur\u00e9e de lecture estim\u00e9e\" \/>\n\t<meta name=\"twitter:data1\" content=\"3 minutes\" \/>\n<script type=\"application\/ld+json\" class=\"yoast-schema-graph\">{\"@context\":\"https:\\\/\\\/schema.org\",\"@graph\":[{\"@type\":\"WebPage\",\"@id\":\"https:\\\/\\\/labarraca1912.es\\\/tienda\\\/molinillos\\\/pack-6-molinillos-xl\\\/\",\"url\":\"https:\\\/\\\/labarraca1912.es\\\/tienda\\\/molinillos\\\/pack-6-molinillos-xl\\\/\",\"name\":\"Comprar Pack 6 Molinillos XL de Pimientas y sales\",\"isPartOf\":{\"@id\":\"https:\\\/\\\/labarraca1912.es\\\/#website\"},\"primaryImageOfPage\":{\"@id\":\"https:\\\/\\\/labarraca1912.es\\\/tienda\\\/molinillos\\\/pack-6-molinillos-xl\\\/#primaryimage\"},\"image\":{\"@id\":\"https:\\\/\\\/labarraca1912.es\\\/tienda\\\/molinillos\\\/pack-6-molinillos-xl\\\/#primaryimage\"},\"thumbnailUrl\":\"https:\\\/\\\/labarraca1912.es\\\/wp-content\\\/uploads\\\/2020\\\/11\\\/Pack6Molinillos.jpg\",\"datePublished\":\"2020-11-19T07:33:44+00:00\",\"dateModified\":\"2026-03-09T08:48:09+00:00\",\"description\":\"Realza el sabor de tus platos al comprar el Pack 6 Molinillos XL con pimientas, sales y hierbas, dale un toque especial a tus recetas.\",\"breadcrumb\":{\"@id\":\"https:\\\/\\\/labarraca1912.es\\\/tienda\\\/molinillos\\\/pack-6-molinillos-xl\\\/#breadcrumb\"},\"inLanguage\":\"fr-FR\",\"potentialAction\":[{\"@type\":\"ReadAction\",\"target\":[\"https:\\\/\\\/labarraca1912.es\\\/tienda\\\/molinillos\\\/pack-6-molinillos-xl\\\/\"]}]},{\"@type\":\"ImageObject\",\"inLanguage\":\"fr-FR\",\"@id\":\"https:\\\/\\\/labarraca1912.es\\\/tienda\\\/molinillos\\\/pack-6-molinillos-xl\\\/#primaryimage\",\"url\":\"https:\\\/\\\/labarraca1912.es\\\/wp-content\\\/uploads\\\/2020\\\/11\\\/Pack6Molinillos.jpg\",\"contentUrl\":\"https:\\\/\\\/labarraca1912.es\\\/wp-content\\\/uploads\\\/2020\\\/11\\\/Pack6Molinillos.jpg\",\"width\":800,\"height\":800},{\"@type\":\"BreadcrumbList\",\"@id\":\"https:\\\/\\\/labarraca1912.es\\\/tienda\\\/molinillos\\\/pack-6-molinillos-xl\\\/#breadcrumb\",\"itemListElement\":[{\"@type\":\"ListItem\",\"position\":1,\"name\":\"La Barraca\",\"item\":\"https:\\\/\\\/labarraca1912.es\\\/\"},{\"@type\":\"ListItem\",\"position\":2,\"name\":\"Tienda\",\"item\":\"https:\\\/\\\/labarraca1912.es\\\/tienda\\\/\"},{\"@type\":\"ListItem\",\"position\":3,\"name\":\"Pack 6 Molinillos XL\"}]},{\"@type\":\"WebSite\",\"@id\":\"https:\\\/\\\/labarraca1912.es\\\/#website\",\"url\":\"https:\\\/\\\/labarraca1912.es\\\/\",\"name\":\"La Barraca\",\"description\":\"La Casa del Sabor\",\"publisher\":{\"@id\":\"https:\\\/\\\/labarraca1912.es\\\/#organization\"},\"potentialAction\":[{\"@type\":\"SearchAction\",\"target\":{\"@type\":\"EntryPoint\",\"urlTemplate\":\"https:\\\/\\\/labarraca1912.es\\\/?s={search_term_string}\"},\"query-input\":{\"@type\":\"PropertyValueSpecification\",\"valueRequired\":true,\"valueName\":\"search_term_string\"}}],\"inLanguage\":\"fr-FR\"},{\"@type\":\"Organization\",\"@id\":\"https:\\\/\\\/labarraca1912.es\\\/#organization\",\"name\":\"La Barraca 1912 Alimentacion\",\"url\":\"https:\\\/\\\/labarraca1912.es\\\/\",\"logo\":{\"@type\":\"ImageObject\",\"inLanguage\":\"fr-FR\",\"@id\":\"https:\\\/\\\/labarraca1912.es\\\/#\\\/schema\\\/logo\\\/image\\\/\",\"url\":\"https:\\\/\\\/labarraca1912.es\\\/wp-content\\\/uploads\\\/2019\\\/06\\\/logo-labarraca.png\",\"contentUrl\":\"https:\\\/\\\/labarraca1912.es\\\/wp-content\\\/uploads\\\/2019\\\/06\\\/logo-labarraca.png\",\"width\":2917,\"height\":1809,\"caption\":\"La Barraca 1912 Alimentacion\"},\"image\":{\"@id\":\"https:\\\/\\\/labarraca1912.es\\\/#\\\/schema\\\/logo\\\/image\\\/\"}}]}<\/script>\n<!-- \/ Yoast SEO plugin. -->","yoast_head_json":{"title":"Comprar Pack 6 Molinillos XL de Pimientas y sales","description":"Realza el sabor de tus platos al comprar el Pack 6 Molinillos XL con pimientas, sales y hierbas, dale un toque especial a tus recetas.","robots":{"index":"index","follow":"follow","max-snippet":"max-snippet:-1","max-image-preview":"max-image-preview:large","max-video-preview":"max-video-preview:-1"},"canonical":"https:\/\/labarraca1912.es\/fr\/tienda\/molinillos\/pack-6-molinillos-xl\/","og_locale":"fr_FR","og_type":"article","og_title":"Comprar Pack 6 Molinillos XL de Pimientas y sales","og_description":"Realza el sabor de tus platos al comprar el Pack 6 Molinillos XL con pimientas, sales y hierbas, dale un toque especial a tus recetas.","og_url":"https:\/\/labarraca1912.es\/fr\/tienda\/molinillos\/pack-6-molinillos-xl\/","og_site_name":"La Barraca","article_modified_time":"2026-03-09T08:48:09+00:00","og_image":[{"width":800,"height":800,"url":"https:\/\/labarraca1912.es\/wp-content\/uploads\/2020\/11\/Pack6Molinillos.jpg","type":"image\/jpeg"}],"twitter_card":"summary_large_image","twitter_misc":{"Dur\u00e9e de lecture estim\u00e9e":"3 minutes"},"schema":{"@context":"https:\/\/schema.org","@graph":[{"@type":"WebPage","@id":"https:\/\/labarraca1912.es\/tienda\/molinillos\/pack-6-molinillos-xl\/","url":"https:\/\/labarraca1912.es\/tienda\/molinillos\/pack-6-molinillos-xl\/","name":"Comprar Pack 6 Molinillos XL de Pimientas y sales","isPartOf":{"@id":"https:\/\/labarraca1912.es\/#website"},"primaryImageOfPage":{"@id":"https:\/\/labarraca1912.es\/tienda\/molinillos\/pack-6-molinillos-xl\/#primaryimage"},"image":{"@id":"https:\/\/labarraca1912.es\/tienda\/molinillos\/pack-6-molinillos-xl\/#primaryimage"},"thumbnailUrl":"https:\/\/labarraca1912.es\/wp-content\/uploads\/2020\/11\/Pack6Molinillos.jpg","datePublished":"2020-11-19T07:33:44+00:00","dateModified":"2026-03-09T08:48:09+00:00","description":"Realza el sabor de tus platos al comprar el Pack 6 Molinillos XL con pimientas, sales y hierbas, dale un toque especial a tus recetas.","breadcrumb":{"@id":"https:\/\/labarraca1912.es\/tienda\/molinillos\/pack-6-molinillos-xl\/#breadcrumb"},"inLanguage":"fr-FR","potentialAction":[{"@type":"ReadAction","target":["https:\/\/labarraca1912.es\/tienda\/molinillos\/pack-6-molinillos-xl\/"]}]},{"@type":"ImageObject","inLanguage":"fr-FR","@id":"https:\/\/labarraca1912.es\/tienda\/molinillos\/pack-6-molinillos-xl\/#primaryimage","url":"https:\/\/labarraca1912.es\/wp-content\/uploads\/2020\/11\/Pack6Molinillos.jpg","contentUrl":"https:\/\/labarraca1912.es\/wp-content\/uploads\/2020\/11\/Pack6Molinillos.jpg","width":800,"height":800},{"@type":"BreadcrumbList","@id":"https:\/\/labarraca1912.es\/tienda\/molinillos\/pack-6-molinillos-xl\/#breadcrumb","itemListElement":[{"@type":"ListItem","position":1,"name":"La Barraca","item":"https:\/\/labarraca1912.es\/"},{"@type":"ListItem","position":2,"name":"Tienda","item":"https:\/\/labarraca1912.es\/tienda\/"},{"@type":"ListItem","position":3,"name":"Pack 6 Molinillos XL"}]},{"@type":"WebSite","@id":"https:\/\/labarraca1912.es\/#website","url":"https:\/\/labarraca1912.es\/","name":"La Barraca","description":"La Casa del Sabor","publisher":{"@id":"https:\/\/labarraca1912.es\/#organization"},"potentialAction":[{"@type":"SearchAction","target":{"@type":"EntryPoint","urlTemplate":"https:\/\/labarraca1912.es\/?s={search_term_string}"},"query-input":{"@type":"PropertyValueSpecification","valueRequired":true,"valueName":"search_term_string"}}],"inLanguage":"fr-FR"},{"@type":"Organization","@id":"https:\/\/labarraca1912.es\/#organization","name":"La Barraca 1912 Alimentacion","url":"https:\/\/labarraca1912.es\/","logo":{"@type":"ImageObject","inLanguage":"fr-FR","@id":"https:\/\/labarraca1912.es\/#\/schema\/logo\/image\/","url":"https:\/\/labarraca1912.es\/wp-content\/uploads\/2019\/06\/logo-labarraca.png","contentUrl":"https:\/\/labarraca1912.es\/wp-content\/uploads\/2019\/06\/logo-labarraca.png","width":2917,"height":1809,"caption":"La Barraca 1912 Alimentacion"},"image":{"@id":"https:\/\/labarraca1912.es\/#\/schema\/logo\/image\/"}}]}},"_links":{"self":[{"href":"https:\/\/labarraca1912.es\/fr\/wp-json\/wp\/v2\/product\/5969","targetHints":{"allow":["GET"]}}],"collection":[{"href":"https:\/\/labarraca1912.es\/fr\/wp-json\/wp\/v2\/product"}],"about":[{"href":"https:\/\/labarraca1912.es\/fr\/wp-json\/wp\/v2\/types\/product"}],"replies":[{"embeddable":true,"href":"https:\/\/labarraca1912.es\/fr\/wp-json\/wp\/v2\/comments?post=5969"}],"wp:featuredmedia":[{"embeddable":true,"href":"https:\/\/labarraca1912.es\/fr\/wp-json\/wp\/v2\/media\/5971"}],"wp:attachment":[{"href":"https:\/\/labarraca1912.es\/fr\/wp-json\/wp\/v2\/media?parent=5969"}],"wp:term":[{"taxonomy":"product_brand","embeddable":true,"href":"https:\/\/labarraca1912.es\/fr\/wp-json\/wp\/v2\/product_brand?post=5969"},{"taxonomy":"product_cat","embeddable":true,"href":"https:\/\/labarraca1912.es\/fr\/wp-json\/wp\/v2\/product_cat?post=5969"},{"taxonomy":"product_tag","embeddable":true,"href":"https:\/\/labarraca1912.es\/fr\/wp-json\/wp\/v2\/product_tag?post=5969"}],"curies":[{"name":"wp","href":"https:\/\/api.w.org\/{rel}","templated":true}]}}