{"id":5973,"date":"2020-11-19T10:11:00","date_gmt":"2020-11-19T09:11:00","guid":{"rendered":"https:\/\/labarraca1912.es\/?post_type=product&#038;p=5973"},"modified":"2026-04-27T22:24:18","modified_gmt":"2026-04-27T20:24:18","slug":"pack-12-sabores-infusiones","status":"publish","type":"product","link":"https:\/\/labarraca1912.es\/fr\/tienda\/infusiones\/pack-12-sabores-infusiones\/","title":{"rendered":"Pack 12 Tisanes"},"content":{"rendered":"<p>Saveur et ar\u00f4me naturels dans une collection exclusive d'infusions, conditionn\u00e9es dans un format pratique de 10 sachets d'infusion par bo\u00eete pour que vous puissiez profiter gorg\u00e9e par gorg\u00e9e de la saveur authentique des infusions La Barraca. Une gamme d'infusions comme vous n'en avez jamais vue auparavant.<\/p>\n<p><strong>Th\u00e9 de Pr\u00eale:<\/strong> Plante utilis\u00e9e en m\u00e9decine naturelle pour ses propri\u00e9t\u00e9s diur\u00e9tiques reconnues. Il est riche en min\u00e9raux comme le silicium, qui aide \u00e0 r\u00e9g\u00e9n\u00e9rer la peau et le cartilage, le potassium, qui procure un effet diur\u00e9tique, le magn\u00e9sium et le calcium, qui contribuent \u00e0 augmenter les d\u00e9fenses de l'organisme et \u00e0 \u00e9liminer les toxines. Il est recommand\u00e9 de limiter sa consommation \u00e0 de courtes p\u00e9riodes.<\/p>\n<p><strong>Dormib\u00e9 (Beaux r\u00eaves):<\/strong> M\u00e9lange d'herbes aux propri\u00e9t\u00e9s relaxantes et calmantes, et \u00e0 la saveur sucr\u00e9e. On l\u2019utilise normalement pour calmer l\u2019anxi\u00e9t\u00e9, le stress et l\u2019insomnie.<\/p>\n<p><strong>Herbes Naturelles:<\/strong> Infusion naturelle \u00e0 base de 50% de feuilles de s\u00e9n\u00e9 et 50% de fruits de s\u00e9n\u00e9 (Cassia angustifolia), aux propri\u00e9t\u00e9s laxatives. L'utilisation d'un laxatif de ce type n'est indiqu\u00e9e qu'en cas de constipation occasionnelle, toujours sous la surveillance d'un professionnel et son utilisation pendant plus d'une semaine est d\u00e9conseill\u00e9e. Il est d\u00e9conseill\u00e9 pendant la grossesse et les r\u00e8gles.<\/p>\n<p><strong>Gingembre avec Miel:<\/strong> Cette combinaison est cr\u00e9\u00e9e \u00e0 partir de gingembre, avec une touche d'ar\u00f4me et de saveur de miel. Il a une saveur sucr\u00e9e qui apaise la gorge.<\/p>\n<p><strong>Camomille:<\/strong> Son utilisation est connue depuis la Gr\u00e8ce antique. On la r\u00e9colte au printemps lors de journ\u00e9es sereines et ensoleill\u00e9es pour profiter de l'ouverture maximale de sa fleur. La Barraca vous propose aujourd'hui sa Manzanilla pour que vous puissiez profiter de son infusion.<\/p>\n<p><strong>Camomille avec Anis:<\/strong> Cette association de Camomille et d'Anis est connue depuis l'Antiquit\u00e9 par les cultures m\u00e9diterran\u00e9ennes. Il poss\u00e8de des propri\u00e9t\u00e9s digestives.<\/p>\n<p><strong>Th\u00e9 Chai aux \u00c9pices:<\/strong> Cette combinaison est cr\u00e9\u00e9e \u00e0 partir de th\u00e9 noir, et associ\u00e9e \u00e0 d'autres \u00e9pices comme la cannelle, le gingembre, le poivre ou le clou de girofle.<\/p>\n<p><strong>Th\u00e9 Noir:<\/strong> Le th\u00e9 est un arbuste originaire des montagnes de Chine et du nord-est de l\u2019Inde. Au XVIIe si\u00e8cle, elle fut introduite en Europe par les navigateurs hollandais. La Barraca vous propose aujourd'hui son Th\u00e9 pour que vous puissiez profiter de son infusion.<\/p>\n<p><strong>Th\u00e9 Rouge:<\/strong> Le th\u00e9 rouge est un th\u00e9 vieilli avec un long processus de fermentation, ce qui donne \u00e0 ses feuilles une couleur rouge\u00e2tre. Il est utilis\u00e9 pour stimuler le m\u00e9tabolisme, aider \u00e0 perdre du poids ou faciliter la digestion.<\/p>\n<p><strong>Th\u00e9 Vert:<\/strong> Le Th\u00e9 Vert est un th\u00e9 qui n'a pas subi d'oxydation, les feuilles fra\u00eeches sont r\u00e9colt\u00e9es, press\u00e9es, roul\u00e9es, broy\u00e9es et enfin s\u00e9ch\u00e9es. Elle poss\u00e8de des propri\u00e9t\u00e9s stimulantes, digestives et circulatoires.<\/p>\n<p><strong>Th\u00e9 Vert avec Gingembre et Citron:<\/strong> Cette combinaison de th\u00e9 vert, de gingembre et de citron fait que cette infusion vous aide \u00e0 am\u00e9liorer votre digestion.<\/p>\n<p><strong>Tilleul:<\/strong> Le tilleul vient du tilleul, un arbre originaire du Caucase. En Espagne, on trouve des for\u00eats de tilleuls sur le versant nord. Ses feuilles et ses fleurs sont utilis\u00e9es en infusion.<\/p>","protected":false},"excerpt":{"rendered":"<blockquote>\n<h2><strong>Pack 12 Tisanes<\/strong><\/h2>\n<\/blockquote>\n<p>Saveur et ar\u00f4me naturels dans une collection exclusive d'infusions, conditionn\u00e9es dans un format pratique de 10 sachets d'infusion par bo\u00eete pour que vous puissiez profiter gorg\u00e9e par gorg\u00e9e de la saveur authentique des infusions La Barraca. Une gamme d'infusions comme vous n'en avez jamais vue auparavant.<\/p>\n<p><strong><em>PACK COMPOS\u00c9 DE:<\/em><\/strong><\/p>\n<ul>\n<li><strong>Cola Caballo 15g <\/strong>\n<ul>\n<li><em><strong>Ingr\u00e9dients:<\/strong><\/em> Th\u00e9 de Pr\u00eale 100%. <em><strong>Conditions d'utilisation:<\/strong><\/em> Ne d\u00e9passez pas la dose de 3 sachets par jour. Consultez votre m\u00e9decin si vous \u00eates enceinte ou si vous allaitez.<\/li>\n<\/ul>\n<\/li>\n<li><strong>Dormib\u00e9 (Beaux r\u00eaves) 15g<\/strong>\n<ul>\n<li><em><strong>Ingr\u00e9dients:<\/strong><\/em> Tilleul (30%), feuilles d'oranger amer (30%), camomille (25%) et marjolaine (15%).<\/li>\n<\/ul>\n<\/li>\n<li><strong>Herbes Naturelles 15g<\/strong>\n<ul>\n<li><em><strong>Ingr\u00e9dients:<\/strong><\/em> Feuilles de Sen (50 %) et follicules de Sen (50 %). <em><strong>Recommandations d'utilisation: <\/strong><\/em>Ne prenez pas plus d'un sac filtrant par jour. Consultez votre m\u00e9decin si vous \u00eates enceinte ou si vous allaitez. Ne pas administrer aux enfants de moins de 12 ans. Ne pas utiliser de mani\u00e8re prolong\u00e9e sans l'avis d'un sp\u00e9cialiste.<\/li>\n<\/ul>\n<\/li>\n<li><strong>Gingembre avec Miel 15g<\/strong>\n<ul>\n<li><em><strong>Ingr\u00e9dients:<\/strong><\/em> Racine de gingembre (95%) et (ar\u00f4me de miel (5%) Contient un \u00e9dulcorant : Aspartame E-951). <strong>\u00abContiene una fuente de fenilalanina\u00bb.<\/strong><\/li>\n<\/ul>\n<\/li>\n<li><strong>Camomille 12g<\/strong>\n<ul>\n<li><em><strong>Ingr\u00e9dients:<\/strong><\/em> Camomille 100%.<\/li>\n<\/ul>\n<\/li>\n<li><strong>Camomille avec Anis 12g<\/strong>\n<ul>\n<li><em><strong>Ingr\u00e9dients:<\/strong><\/em> Camomille (65%), anis vert (30%) et ar\u00f4me anis (5%).<\/li>\n<\/ul>\n<\/li>\n<li><strong>Th\u00e9 Chai aux \u00c9pices 15g<\/strong>\n<ul>\n<li><em><strong>Ingr\u00e9dients:<\/strong> <\/em>Th\u00e9 noir (55 %), gingembre (15 %), cannelle (10 %), poivre noir (10 %), clous de girofle (5 %) et curcuma (5 %).<\/li>\n<\/ul>\n<\/li>\n<li><strong>Th\u00e9 Noir 15g<\/strong>\n<ul>\n<li><em><strong>Ingr\u00e9dients:<\/strong><\/em> Th\u00e9 noir 100%.<\/li>\n<\/ul>\n<\/li>\n<li><strong>Th\u00e9 Rouge 15g<\/strong>\n<ul>\n<li><em><strong>Ingr\u00e9dients:<\/strong><\/em> Th\u00e9 rouge 100%.<\/li>\n<\/ul>\n<\/li>\n<li><strong>Th\u00e9 Vert 15g <\/strong>\n<ul>\n<li><em><strong>Ingr\u00e9dients:<\/strong><\/em> Th\u00e9 vert 100%.<\/li>\n<\/ul>\n<\/li>\n<li><strong>Th\u00e9 Vert avec Gingembre et Citron 15g <\/strong>\n<ul>\n<li><em><strong>Ingr\u00e9dients:<\/strong><\/em> Th\u00e9 vert (50%), gingembre (35%), citronnelle (10%) et ar\u00f4me citron (5%).<\/li>\n<\/ul>\n<\/li>\n<li><strong>Tilleul 12g<\/strong>\n<ul>\n<li><em><strong>Ingr\u00e9dients:<\/strong><\/em> Tilleul 100%.<\/li>\n<\/ul>\n<\/li>\n<\/ul>","protected":false},"featured_media":5974,"comment_status":"open","ping_status":"closed","template":"","meta":{"_et_pb_use_builder":"","_et_pb_old_content":"","_et_gb_content_width":""},"product_brand":[],"product_cat":[215,20],"product_tag":[62,217,210,159,165,61,59,57,214,53,167],"class_list":{"0":"post-5973","1":"product","2":"type-product","3":"status-publish","4":"has-post-thumbnail","6":"product_cat-packs-regalo","7":"product_cat-infusiones","8":"product_tag-anis","9":"product_tag-cassiaangustifolia","10":"product_tag-chai","11":"product_tag-colacaballo","12":"product_tag-dormibe","13":"product_tag-hierbasnaturales","14":"product_tag-jengibre","15":"product_tag-manzanilla","16":"product_tag-miel","17":"product_tag-te","18":"product_tag-tila","20":"first","21":"instock","22":"taxable","23":"shipping-taxable","24":"purchasable","25":"product-type-simple"},"yoast_head":"<!-- This site is optimized with the Yoast SEO plugin v27.5 - https:\/\/yoast.com\/product\/yoast-seo-wordpress\/ -->\n<title>Comprar Pack de 12 Sabores Infusiones | La Barraca<\/title>\n<meta name=\"description\" content=\"Comprar Pack 12 Sabores Infusiones con 12 variedades naturales. Disfruta sorbo a sorbo del aut\u00e9ntico sabor y aroma de nuestras infusiones exclusivas.\" \/>\n<meta name=\"robots\" content=\"index, follow, max-snippet:-1, max-image-preview:large, max-video-preview:-1\" \/>\n<link rel=\"canonical\" href=\"https:\/\/labarraca1912.es\/fr\/tienda\/infusiones\/pack-12-sabores-infusiones\/\" \/>\n<meta property=\"og:locale\" content=\"fr_FR\" \/>\n<meta property=\"og:type\" content=\"article\" \/>\n<meta property=\"og:title\" content=\"Comprar Pack de 12 Sabores Infusiones | La Barraca\" \/>\n<meta property=\"og:description\" content=\"Comprar Pack 12 Sabores Infusiones con 12 variedades naturales. Disfruta sorbo a sorbo del aut\u00e9ntico sabor y aroma de nuestras infusiones exclusivas.\" \/>\n<meta property=\"og:url\" content=\"https:\/\/labarraca1912.es\/fr\/tienda\/infusiones\/pack-12-sabores-infusiones\/\" \/>\n<meta property=\"og:site_name\" content=\"La Barraca\" \/>\n<meta property=\"article:modified_time\" content=\"2026-04-27T20:24:18+00:00\" \/>\n<meta property=\"og:image\" content=\"https:\/\/labarraca1912.es\/wp-content\/uploads\/2020\/11\/Pack12saboresinfusiones.jpg\" \/>\n\t<meta property=\"og:image:width\" content=\"800\" \/>\n\t<meta property=\"og:image:height\" content=\"800\" \/>\n\t<meta property=\"og:image:type\" content=\"image\/jpeg\" \/>\n<meta name=\"twitter:card\" content=\"summary_large_image\" \/>\n<meta name=\"twitter:label1\" content=\"Dur\u00e9e de lecture estim\u00e9e\" \/>\n\t<meta name=\"twitter:data1\" content=\"3 minutes\" \/>\n<script type=\"application\/ld+json\" class=\"yoast-schema-graph\">{\"@context\":\"https:\\\/\\\/schema.org\",\"@graph\":[{\"@type\":\"WebPage\",\"@id\":\"https:\\\/\\\/labarraca1912.es\\\/tienda\\\/infusiones\\\/pack-12-sabores-infusiones\\\/\",\"url\":\"https:\\\/\\\/labarraca1912.es\\\/tienda\\\/infusiones\\\/pack-12-sabores-infusiones\\\/\",\"name\":\"Comprar Pack de 12 Sabores Infusiones | La Barraca\",\"isPartOf\":{\"@id\":\"https:\\\/\\\/labarraca1912.es\\\/#website\"},\"primaryImageOfPage\":{\"@id\":\"https:\\\/\\\/labarraca1912.es\\\/tienda\\\/infusiones\\\/pack-12-sabores-infusiones\\\/#primaryimage\"},\"image\":{\"@id\":\"https:\\\/\\\/labarraca1912.es\\\/tienda\\\/infusiones\\\/pack-12-sabores-infusiones\\\/#primaryimage\"},\"thumbnailUrl\":\"https:\\\/\\\/labarraca1912.es\\\/wp-content\\\/uploads\\\/2020\\\/11\\\/Pack12saboresinfusiones.jpg\",\"datePublished\":\"2020-11-19T09:11:00+00:00\",\"dateModified\":\"2026-04-27T20:24:18+00:00\",\"description\":\"Comprar Pack 12 Sabores Infusiones con 12 variedades naturales. Disfruta sorbo a sorbo del aut\u00e9ntico sabor y aroma de nuestras infusiones exclusivas.\",\"breadcrumb\":{\"@id\":\"https:\\\/\\\/labarraca1912.es\\\/tienda\\\/infusiones\\\/pack-12-sabores-infusiones\\\/#breadcrumb\"},\"inLanguage\":\"fr-FR\",\"potentialAction\":[{\"@type\":\"ReadAction\",\"target\":[\"https:\\\/\\\/labarraca1912.es\\\/tienda\\\/infusiones\\\/pack-12-sabores-infusiones\\\/\"]}]},{\"@type\":\"ImageObject\",\"inLanguage\":\"fr-FR\",\"@id\":\"https:\\\/\\\/labarraca1912.es\\\/tienda\\\/infusiones\\\/pack-12-sabores-infusiones\\\/#primaryimage\",\"url\":\"https:\\\/\\\/labarraca1912.es\\\/wp-content\\\/uploads\\\/2020\\\/11\\\/Pack12saboresinfusiones.jpg\",\"contentUrl\":\"https:\\\/\\\/labarraca1912.es\\\/wp-content\\\/uploads\\\/2020\\\/11\\\/Pack12saboresinfusiones.jpg\",\"width\":800,\"height\":800},{\"@type\":\"BreadcrumbList\",\"@id\":\"https:\\\/\\\/labarraca1912.es\\\/tienda\\\/infusiones\\\/pack-12-sabores-infusiones\\\/#breadcrumb\",\"itemListElement\":[{\"@type\":\"ListItem\",\"position\":1,\"name\":\"La Barraca\",\"item\":\"https:\\\/\\\/labarraca1912.es\\\/\"},{\"@type\":\"ListItem\",\"position\":2,\"name\":\"Tienda\",\"item\":\"https:\\\/\\\/labarraca1912.es\\\/tienda\\\/\"},{\"@type\":\"ListItem\",\"position\":3,\"name\":\"Pack 12 Sabores Infusiones\"}]},{\"@type\":\"WebSite\",\"@id\":\"https:\\\/\\\/labarraca1912.es\\\/#website\",\"url\":\"https:\\\/\\\/labarraca1912.es\\\/\",\"name\":\"La Barraca\",\"description\":\"La Casa del Sabor\",\"publisher\":{\"@id\":\"https:\\\/\\\/labarraca1912.es\\\/#organization\"},\"potentialAction\":[{\"@type\":\"SearchAction\",\"target\":{\"@type\":\"EntryPoint\",\"urlTemplate\":\"https:\\\/\\\/labarraca1912.es\\\/?s={search_term_string}\"},\"query-input\":{\"@type\":\"PropertyValueSpecification\",\"valueRequired\":true,\"valueName\":\"search_term_string\"}}],\"inLanguage\":\"fr-FR\"},{\"@type\":\"Organization\",\"@id\":\"https:\\\/\\\/labarraca1912.es\\\/#organization\",\"name\":\"La Barraca 1912 Alimentacion\",\"url\":\"https:\\\/\\\/labarraca1912.es\\\/\",\"logo\":{\"@type\":\"ImageObject\",\"inLanguage\":\"fr-FR\",\"@id\":\"https:\\\/\\\/labarraca1912.es\\\/#\\\/schema\\\/logo\\\/image\\\/\",\"url\":\"https:\\\/\\\/labarraca1912.es\\\/wp-content\\\/uploads\\\/2019\\\/06\\\/logo-labarraca.png\",\"contentUrl\":\"https:\\\/\\\/labarraca1912.es\\\/wp-content\\\/uploads\\\/2019\\\/06\\\/logo-labarraca.png\",\"width\":2917,\"height\":1809,\"caption\":\"La Barraca 1912 Alimentacion\"},\"image\":{\"@id\":\"https:\\\/\\\/labarraca1912.es\\\/#\\\/schema\\\/logo\\\/image\\\/\"}}]}<\/script>\n<!-- \/ Yoast SEO plugin. -->","yoast_head_json":{"title":"Comprar Pack de 12 Sabores Infusiones | La Barraca","description":"Comprar Pack 12 Sabores Infusiones con 12 variedades naturales. Disfruta sorbo a sorbo del aut\u00e9ntico sabor y aroma de nuestras infusiones exclusivas.","robots":{"index":"index","follow":"follow","max-snippet":"max-snippet:-1","max-image-preview":"max-image-preview:large","max-video-preview":"max-video-preview:-1"},"canonical":"https:\/\/labarraca1912.es\/fr\/tienda\/infusiones\/pack-12-sabores-infusiones\/","og_locale":"fr_FR","og_type":"article","og_title":"Comprar Pack de 12 Sabores Infusiones | La Barraca","og_description":"Comprar Pack 12 Sabores Infusiones con 12 variedades naturales. Disfruta sorbo a sorbo del aut\u00e9ntico sabor y aroma de nuestras infusiones exclusivas.","og_url":"https:\/\/labarraca1912.es\/fr\/tienda\/infusiones\/pack-12-sabores-infusiones\/","og_site_name":"La Barraca","article_modified_time":"2026-04-27T20:24:18+00:00","og_image":[{"width":800,"height":800,"url":"https:\/\/labarraca1912.es\/wp-content\/uploads\/2020\/11\/Pack12saboresinfusiones.jpg","type":"image\/jpeg"}],"twitter_card":"summary_large_image","twitter_misc":{"Dur\u00e9e de lecture estim\u00e9e":"3 minutes"},"schema":{"@context":"https:\/\/schema.org","@graph":[{"@type":"WebPage","@id":"https:\/\/labarraca1912.es\/tienda\/infusiones\/pack-12-sabores-infusiones\/","url":"https:\/\/labarraca1912.es\/tienda\/infusiones\/pack-12-sabores-infusiones\/","name":"Comprar Pack de 12 Sabores Infusiones | La Barraca","isPartOf":{"@id":"https:\/\/labarraca1912.es\/#website"},"primaryImageOfPage":{"@id":"https:\/\/labarraca1912.es\/tienda\/infusiones\/pack-12-sabores-infusiones\/#primaryimage"},"image":{"@id":"https:\/\/labarraca1912.es\/tienda\/infusiones\/pack-12-sabores-infusiones\/#primaryimage"},"thumbnailUrl":"https:\/\/labarraca1912.es\/wp-content\/uploads\/2020\/11\/Pack12saboresinfusiones.jpg","datePublished":"2020-11-19T09:11:00+00:00","dateModified":"2026-04-27T20:24:18+00:00","description":"Comprar Pack 12 Sabores Infusiones con 12 variedades naturales. Disfruta sorbo a sorbo del aut\u00e9ntico sabor y aroma de nuestras infusiones exclusivas.","breadcrumb":{"@id":"https:\/\/labarraca1912.es\/tienda\/infusiones\/pack-12-sabores-infusiones\/#breadcrumb"},"inLanguage":"fr-FR","potentialAction":[{"@type":"ReadAction","target":["https:\/\/labarraca1912.es\/tienda\/infusiones\/pack-12-sabores-infusiones\/"]}]},{"@type":"ImageObject","inLanguage":"fr-FR","@id":"https:\/\/labarraca1912.es\/tienda\/infusiones\/pack-12-sabores-infusiones\/#primaryimage","url":"https:\/\/labarraca1912.es\/wp-content\/uploads\/2020\/11\/Pack12saboresinfusiones.jpg","contentUrl":"https:\/\/labarraca1912.es\/wp-content\/uploads\/2020\/11\/Pack12saboresinfusiones.jpg","width":800,"height":800},{"@type":"BreadcrumbList","@id":"https:\/\/labarraca1912.es\/tienda\/infusiones\/pack-12-sabores-infusiones\/#breadcrumb","itemListElement":[{"@type":"ListItem","position":1,"name":"La Barraca","item":"https:\/\/labarraca1912.es\/"},{"@type":"ListItem","position":2,"name":"Tienda","item":"https:\/\/labarraca1912.es\/tienda\/"},{"@type":"ListItem","position":3,"name":"Pack 12 Sabores Infusiones"}]},{"@type":"WebSite","@id":"https:\/\/labarraca1912.es\/#website","url":"https:\/\/labarraca1912.es\/","name":"La Barraca","description":"La Casa del Sabor","publisher":{"@id":"https:\/\/labarraca1912.es\/#organization"},"potentialAction":[{"@type":"SearchAction","target":{"@type":"EntryPoint","urlTemplate":"https:\/\/labarraca1912.es\/?s={search_term_string}"},"query-input":{"@type":"PropertyValueSpecification","valueRequired":true,"valueName":"search_term_string"}}],"inLanguage":"fr-FR"},{"@type":"Organization","@id":"https:\/\/labarraca1912.es\/#organization","name":"La Barraca 1912 Alimentacion","url":"https:\/\/labarraca1912.es\/","logo":{"@type":"ImageObject","inLanguage":"fr-FR","@id":"https:\/\/labarraca1912.es\/#\/schema\/logo\/image\/","url":"https:\/\/labarraca1912.es\/wp-content\/uploads\/2019\/06\/logo-labarraca.png","contentUrl":"https:\/\/labarraca1912.es\/wp-content\/uploads\/2019\/06\/logo-labarraca.png","width":2917,"height":1809,"caption":"La Barraca 1912 Alimentacion"},"image":{"@id":"https:\/\/labarraca1912.es\/#\/schema\/logo\/image\/"}}]}},"_links":{"self":[{"href":"https:\/\/labarraca1912.es\/fr\/wp-json\/wp\/v2\/product\/5973","targetHints":{"allow":["GET"]}}],"collection":[{"href":"https:\/\/labarraca1912.es\/fr\/wp-json\/wp\/v2\/product"}],"about":[{"href":"https:\/\/labarraca1912.es\/fr\/wp-json\/wp\/v2\/types\/product"}],"replies":[{"embeddable":true,"href":"https:\/\/labarraca1912.es\/fr\/wp-json\/wp\/v2\/comments?post=5973"}],"wp:featuredmedia":[{"embeddable":true,"href":"https:\/\/labarraca1912.es\/fr\/wp-json\/wp\/v2\/media\/5974"}],"wp:attachment":[{"href":"https:\/\/labarraca1912.es\/fr\/wp-json\/wp\/v2\/media?parent=5973"}],"wp:term":[{"taxonomy":"product_brand","embeddable":true,"href":"https:\/\/labarraca1912.es\/fr\/wp-json\/wp\/v2\/product_brand?post=5973"},{"taxonomy":"product_cat","embeddable":true,"href":"https:\/\/labarraca1912.es\/fr\/wp-json\/wp\/v2\/product_cat?post=5973"},{"taxonomy":"product_tag","embeddable":true,"href":"https:\/\/labarraca1912.es\/fr\/wp-json\/wp\/v2\/product_tag?post=5973"}],"curies":[{"name":"wp","href":"https:\/\/api.w.org\/{rel}","templated":true}]}}