{"id":5975,"date":"2020-11-19T10:51:01","date_gmt":"2020-11-19T09:51:01","guid":{"rendered":"https:\/\/labarraca1912.es\/?post_type=product&#038;p=5975"},"modified":"2026-03-09T09:47:00","modified_gmt":"2026-03-09T08:47:00","slug":"pack-6-piramites","status":"publish","type":"product","link":"https:\/\/labarraca1912.es\/fr\/tienda\/infusiones\/pack-6-piramites\/","title":{"rendered":"Pack 6 PiramiT\u00e9s"},"content":{"rendered":"<p>PACK 6 PIRAMIT\u00c9S: Saveur et ar\u00f4me naturels dans une collection exclusive d'infusions, conditionn\u00e9es dans des sachets pyramidaux pour que vous puissiez profiter gorg\u00e9e par gorg\u00e9e de la saveur authentique des infusions La Barraca. Une gamme d'infusions comme vous n'en avez jamais vue auparavant.<\/p>\n<p><strong>PiramiT\u00e9 Th\u00e9 Noir Pakistanais:<\/strong> Le Th\u00e9 Noir Pakistanais est un d\u00e9licieux m\u00e9lange avec diff\u00e9rentes \u00e9pices comme la cannelle ou le clou de girofle, qui vous transporte au Pakistan.<\/p>\n<p><strong>PiramiT\u00e9 Th\u00e9 Vert Arabe:<\/strong> Le Th\u00e9 vert maure est l\u2019infusion la plus populaire dans les pays arabes. Ce th\u00e9 associ\u00e9 aux feuilles de menthe poivr\u00e9e fait de cette infusion l'une des plus consomm\u00e9es.<\/p>\n<p><strong>PiramiT\u00e9 Th\u00e9 Noir et Cannelle:<\/strong> Le th\u00e9 noir \u00e0 la cannelle est une puissante combinaison de saveurs. Une infusion \u00e0 la saveur puissante et sucr\u00e9e.<\/p>\n<p><strong>PiramiT\u00e9 Th\u00e9 Fruits des Bois:<\/strong> Les Fruits des Bois sont un m\u00e9lange de fruits et de baies aromatiques, associ\u00e9s pour obtenir cette infusion \u00e9quilibr\u00e9e.<\/p>\n<p><strong>PiramiT\u00e9 Th\u00e9 Vert, Gingembre et Citron:<\/strong> Cette combinaison de th\u00e9 vert, de gingembre et de citron fait que cette infusion vous aide \u00e0 am\u00e9liorer votre digestion.<\/p>\n<p><strong>PiramiT\u00e9 Th\u00e9 Rouge aux Fruits:<\/strong> Fabriqu\u00e9 avec un m\u00e9lange de diff\u00e9rents th\u00e9s avec des fruits comme la fraise, le kiwi ou l'ananas, qui, combin\u00e9s, conf\u00e8rent \u00e0 cette infusion une saveur et un ar\u00f4me particuliers.<\/p>","protected":false},"excerpt":{"rendered":"<blockquote>\n<h2><strong>Pack 6 PiramiT\u00e9s<\/strong><\/h2>\n<\/blockquote>\n<p>Saveur et ar\u00f4me naturels dans une collection exclusive d'infusions, conditionn\u00e9es dans des sachets pyramidaux pour que vous puissiez profiter gorg\u00e9e par gorg\u00e9e de la saveur authentique des infusions La Barraca. Une gamme d'infusions comme vous n'en avez jamais vue auparavant.<\/p>\n<p><em><strong>PACK COMPOS\u00c9 DE:<\/strong><\/em><\/p>\n<ul>\n<li><strong>PiramiT\u00e9 Th\u00e9 Noir Pakistanais 20g <\/strong>\n<ul>\n<li><em><strong>Ingr\u00e9dients:<\/strong><\/em> Th\u00e9 noir (82%), cardamome, cannelle, ar\u00f4me vanille, ar\u00f4me zeste d'orange, gingembre, poivre et clou de girofle.<\/li>\n<\/ul>\n<\/li>\n<li><strong>PiramiT\u00e9 Th\u00e9 Vert Arabe 20g <\/strong>\n<ul>\n<li><em><strong>Ingr\u00e9dients:<\/strong><\/em> Th\u00e9 vert Gunpowder (90%), menthe poivr\u00e9e (10%) et ar\u00f4me.<\/li>\n<\/ul>\n<\/li>\n<li><strong>PiramiT\u00e9 Th\u00e9 Noir et Cannelle 22,5g<\/strong>\n<ul>\n<li><em><strong>Ingr\u00e9dients:<\/strong><\/em> Th\u00e9 noir (90%), cannelle (8,5%) et ar\u00f4me.<\/li>\n<\/ul>\n<\/li>\n<li><strong>PiramiT\u00e9 Th\u00e9 Fruits des Bois 20g<\/strong>\n<ul>\n<li><em><strong>Ingr\u00e9dients:<\/strong><\/em> Hibiscus (30%), morceaux de pomme, sureau, cynorhodon, myrtille, framboise, m\u00fbre, fraise et ar\u00f4me.<\/li>\n<\/ul>\n<\/li>\n<li><strong>PiramiT\u00e9 Th\u00e9 Vert, Gingembre et Citron 20g<\/strong>\n<ul>\n<li><em><strong>Ingr\u00e9dients:<\/strong><\/em> Th\u00e9 vert Sencha (87%), morceaux de gingembre (7%), zeste de citron (6%) et ar\u00f4me.<\/li>\n<\/ul>\n<\/li>\n<li><strong>PiramiT\u00e9 Th\u00e9 Rouge aux Fruits 20g<\/strong>\n<ul>\n<li><em><strong>Ingr\u00e9dients:<\/strong> <\/em>Th\u00e9 rouge (80%), th\u00e9 vert, kiwi, fraise, hibiscus, ananas, cynorhodon et ar\u00f4me.<\/li>\n<\/ul>\n<\/li>\n<\/ul>","protected":false},"featured_media":5977,"comment_status":"open","ping_status":"closed","template":"","meta":{"_et_pb_use_builder":"","_et_pb_old_content":"","_et_gb_content_width":""},"product_brand":[],"product_cat":[215,20],"product_tag":[58,220,59,222,219,221,218,55],"class_list":{"0":"post-5975","1":"product","2":"type-product","3":"status-publish","4":"has-post-thumbnail","6":"product_cat-packs-regalo","7":"product_cat-infusiones","8":"product_tag-canela","9":"product_tag-frutas","10":"product_tag-jengibre","11":"product_tag-moruno","12":"product_tag-pakistan","13":"product_tag-tenegro","14":"product_tag-terojo","15":"product_tag-teverde","17":"first","18":"instock","19":"taxable","20":"shipping-taxable","21":"purchasable","22":"product-type-simple"},"yoast_head":"<!-- This site is optimized with the Yoast SEO plugin v27.5 - https:\/\/yoast.com\/product\/yoast-seo-wordpress\/ -->\n<title>Comprar Pack 6 PiramiT\u00e9s | La Barraca<\/title>\n<meta name=\"description\" content=\"Comprar Pack 6 de PiramiT\u00e9s de La Barraca. Disfruta sorbo a sorbo de sabores naturales como t\u00e9 negro, verde, frutas y especias en una selecci\u00f3n exclusiva.\" \/>\n<meta name=\"robots\" content=\"index, follow, max-snippet:-1, max-image-preview:large, max-video-preview:-1\" \/>\n<link rel=\"canonical\" href=\"https:\/\/labarraca1912.es\/fr\/tienda\/infusiones\/pack-6-piramites\/\" \/>\n<meta property=\"og:locale\" content=\"fr_FR\" \/>\n<meta property=\"og:type\" content=\"article\" \/>\n<meta property=\"og:title\" content=\"Comprar Pack 6 PiramiT\u00e9s | La Barraca\" \/>\n<meta property=\"og:description\" content=\"Comprar Pack 6 de PiramiT\u00e9s de La Barraca. Disfruta sorbo a sorbo de sabores naturales como t\u00e9 negro, verde, frutas y especias en una selecci\u00f3n exclusiva.\" \/>\n<meta property=\"og:url\" content=\"https:\/\/labarraca1912.es\/fr\/tienda\/infusiones\/pack-6-piramites\/\" \/>\n<meta property=\"og:site_name\" content=\"La Barraca\" \/>\n<meta property=\"article:modified_time\" content=\"2026-03-09T08:47:00+00:00\" \/>\n<meta property=\"og:image\" content=\"https:\/\/labarraca1912.es\/wp-content\/uploads\/2020\/11\/pack6piramite.jpg\" \/>\n\t<meta property=\"og:image:width\" content=\"800\" \/>\n\t<meta property=\"og:image:height\" content=\"800\" \/>\n\t<meta property=\"og:image:type\" content=\"image\/jpeg\" \/>\n<meta name=\"twitter:card\" content=\"summary_large_image\" \/>\n<meta name=\"twitter:label1\" content=\"Dur\u00e9e de lecture estim\u00e9e\" \/>\n\t<meta name=\"twitter:data1\" content=\"2 minutes\" \/>\n<script type=\"application\/ld+json\" class=\"yoast-schema-graph\">{\"@context\":\"https:\\\/\\\/schema.org\",\"@graph\":[{\"@type\":\"WebPage\",\"@id\":\"https:\\\/\\\/labarraca1912.es\\\/tienda\\\/infusiones\\\/pack-6-piramites\\\/\",\"url\":\"https:\\\/\\\/labarraca1912.es\\\/tienda\\\/infusiones\\\/pack-6-piramites\\\/\",\"name\":\"Comprar Pack 6 PiramiT\u00e9s | La Barraca\",\"isPartOf\":{\"@id\":\"https:\\\/\\\/labarraca1912.es\\\/#website\"},\"primaryImageOfPage\":{\"@id\":\"https:\\\/\\\/labarraca1912.es\\\/tienda\\\/infusiones\\\/pack-6-piramites\\\/#primaryimage\"},\"image\":{\"@id\":\"https:\\\/\\\/labarraca1912.es\\\/tienda\\\/infusiones\\\/pack-6-piramites\\\/#primaryimage\"},\"thumbnailUrl\":\"https:\\\/\\\/labarraca1912.es\\\/wp-content\\\/uploads\\\/2020\\\/11\\\/pack6piramite.jpg\",\"datePublished\":\"2020-11-19T09:51:01+00:00\",\"dateModified\":\"2026-03-09T08:47:00+00:00\",\"description\":\"Comprar Pack 6 de PiramiT\u00e9s de La Barraca. Disfruta sorbo a sorbo de sabores naturales como t\u00e9 negro, verde, frutas y especias en una selecci\u00f3n exclusiva.\",\"breadcrumb\":{\"@id\":\"https:\\\/\\\/labarraca1912.es\\\/tienda\\\/infusiones\\\/pack-6-piramites\\\/#breadcrumb\"},\"inLanguage\":\"fr-FR\",\"potentialAction\":[{\"@type\":\"ReadAction\",\"target\":[\"https:\\\/\\\/labarraca1912.es\\\/tienda\\\/infusiones\\\/pack-6-piramites\\\/\"]}]},{\"@type\":\"ImageObject\",\"inLanguage\":\"fr-FR\",\"@id\":\"https:\\\/\\\/labarraca1912.es\\\/tienda\\\/infusiones\\\/pack-6-piramites\\\/#primaryimage\",\"url\":\"https:\\\/\\\/labarraca1912.es\\\/wp-content\\\/uploads\\\/2020\\\/11\\\/pack6piramite.jpg\",\"contentUrl\":\"https:\\\/\\\/labarraca1912.es\\\/wp-content\\\/uploads\\\/2020\\\/11\\\/pack6piramite.jpg\",\"width\":800,\"height\":800},{\"@type\":\"BreadcrumbList\",\"@id\":\"https:\\\/\\\/labarraca1912.es\\\/tienda\\\/infusiones\\\/pack-6-piramites\\\/#breadcrumb\",\"itemListElement\":[{\"@type\":\"ListItem\",\"position\":1,\"name\":\"La Barraca\",\"item\":\"https:\\\/\\\/labarraca1912.es\\\/\"},{\"@type\":\"ListItem\",\"position\":2,\"name\":\"Tienda\",\"item\":\"https:\\\/\\\/labarraca1912.es\\\/tienda\\\/\"},{\"@type\":\"ListItem\",\"position\":3,\"name\":\"Pack 6 PiramiT\u00e9s\"}]},{\"@type\":\"WebSite\",\"@id\":\"https:\\\/\\\/labarraca1912.es\\\/#website\",\"url\":\"https:\\\/\\\/labarraca1912.es\\\/\",\"name\":\"La Barraca\",\"description\":\"La Casa del Sabor\",\"publisher\":{\"@id\":\"https:\\\/\\\/labarraca1912.es\\\/#organization\"},\"potentialAction\":[{\"@type\":\"SearchAction\",\"target\":{\"@type\":\"EntryPoint\",\"urlTemplate\":\"https:\\\/\\\/labarraca1912.es\\\/?s={search_term_string}\"},\"query-input\":{\"@type\":\"PropertyValueSpecification\",\"valueRequired\":true,\"valueName\":\"search_term_string\"}}],\"inLanguage\":\"fr-FR\"},{\"@type\":\"Organization\",\"@id\":\"https:\\\/\\\/labarraca1912.es\\\/#organization\",\"name\":\"La Barraca 1912 Alimentacion\",\"url\":\"https:\\\/\\\/labarraca1912.es\\\/\",\"logo\":{\"@type\":\"ImageObject\",\"inLanguage\":\"fr-FR\",\"@id\":\"https:\\\/\\\/labarraca1912.es\\\/#\\\/schema\\\/logo\\\/image\\\/\",\"url\":\"https:\\\/\\\/labarraca1912.es\\\/wp-content\\\/uploads\\\/2019\\\/06\\\/logo-labarraca.png\",\"contentUrl\":\"https:\\\/\\\/labarraca1912.es\\\/wp-content\\\/uploads\\\/2019\\\/06\\\/logo-labarraca.png\",\"width\":2917,\"height\":1809,\"caption\":\"La Barraca 1912 Alimentacion\"},\"image\":{\"@id\":\"https:\\\/\\\/labarraca1912.es\\\/#\\\/schema\\\/logo\\\/image\\\/\"}}]}<\/script>\n<!-- \/ Yoast SEO plugin. -->","yoast_head_json":{"title":"Comprar Pack 6 PiramiT\u00e9s | La Barraca","description":"Comprar Pack 6 de PiramiT\u00e9s de La Barraca. Disfruta sorbo a sorbo de sabores naturales como t\u00e9 negro, verde, frutas y especias en una selecci\u00f3n exclusiva.","robots":{"index":"index","follow":"follow","max-snippet":"max-snippet:-1","max-image-preview":"max-image-preview:large","max-video-preview":"max-video-preview:-1"},"canonical":"https:\/\/labarraca1912.es\/fr\/tienda\/infusiones\/pack-6-piramites\/","og_locale":"fr_FR","og_type":"article","og_title":"Comprar Pack 6 PiramiT\u00e9s | La Barraca","og_description":"Comprar Pack 6 de PiramiT\u00e9s de La Barraca. Disfruta sorbo a sorbo de sabores naturales como t\u00e9 negro, verde, frutas y especias en una selecci\u00f3n exclusiva.","og_url":"https:\/\/labarraca1912.es\/fr\/tienda\/infusiones\/pack-6-piramites\/","og_site_name":"La Barraca","article_modified_time":"2026-03-09T08:47:00+00:00","og_image":[{"width":800,"height":800,"url":"https:\/\/labarraca1912.es\/wp-content\/uploads\/2020\/11\/pack6piramite.jpg","type":"image\/jpeg"}],"twitter_card":"summary_large_image","twitter_misc":{"Dur\u00e9e de lecture estim\u00e9e":"2 minutes"},"schema":{"@context":"https:\/\/schema.org","@graph":[{"@type":"WebPage","@id":"https:\/\/labarraca1912.es\/tienda\/infusiones\/pack-6-piramites\/","url":"https:\/\/labarraca1912.es\/tienda\/infusiones\/pack-6-piramites\/","name":"Comprar Pack 6 PiramiT\u00e9s | La Barraca","isPartOf":{"@id":"https:\/\/labarraca1912.es\/#website"},"primaryImageOfPage":{"@id":"https:\/\/labarraca1912.es\/tienda\/infusiones\/pack-6-piramites\/#primaryimage"},"image":{"@id":"https:\/\/labarraca1912.es\/tienda\/infusiones\/pack-6-piramites\/#primaryimage"},"thumbnailUrl":"https:\/\/labarraca1912.es\/wp-content\/uploads\/2020\/11\/pack6piramite.jpg","datePublished":"2020-11-19T09:51:01+00:00","dateModified":"2026-03-09T08:47:00+00:00","description":"Comprar Pack 6 de PiramiT\u00e9s de La Barraca. Disfruta sorbo a sorbo de sabores naturales como t\u00e9 negro, verde, frutas y especias en una selecci\u00f3n exclusiva.","breadcrumb":{"@id":"https:\/\/labarraca1912.es\/tienda\/infusiones\/pack-6-piramites\/#breadcrumb"},"inLanguage":"fr-FR","potentialAction":[{"@type":"ReadAction","target":["https:\/\/labarraca1912.es\/tienda\/infusiones\/pack-6-piramites\/"]}]},{"@type":"ImageObject","inLanguage":"fr-FR","@id":"https:\/\/labarraca1912.es\/tienda\/infusiones\/pack-6-piramites\/#primaryimage","url":"https:\/\/labarraca1912.es\/wp-content\/uploads\/2020\/11\/pack6piramite.jpg","contentUrl":"https:\/\/labarraca1912.es\/wp-content\/uploads\/2020\/11\/pack6piramite.jpg","width":800,"height":800},{"@type":"BreadcrumbList","@id":"https:\/\/labarraca1912.es\/tienda\/infusiones\/pack-6-piramites\/#breadcrumb","itemListElement":[{"@type":"ListItem","position":1,"name":"La Barraca","item":"https:\/\/labarraca1912.es\/"},{"@type":"ListItem","position":2,"name":"Tienda","item":"https:\/\/labarraca1912.es\/tienda\/"},{"@type":"ListItem","position":3,"name":"Pack 6 PiramiT\u00e9s"}]},{"@type":"WebSite","@id":"https:\/\/labarraca1912.es\/#website","url":"https:\/\/labarraca1912.es\/","name":"La Barraca","description":"La Casa del Sabor","publisher":{"@id":"https:\/\/labarraca1912.es\/#organization"},"potentialAction":[{"@type":"SearchAction","target":{"@type":"EntryPoint","urlTemplate":"https:\/\/labarraca1912.es\/?s={search_term_string}"},"query-input":{"@type":"PropertyValueSpecification","valueRequired":true,"valueName":"search_term_string"}}],"inLanguage":"fr-FR"},{"@type":"Organization","@id":"https:\/\/labarraca1912.es\/#organization","name":"La Barraca 1912 Alimentacion","url":"https:\/\/labarraca1912.es\/","logo":{"@type":"ImageObject","inLanguage":"fr-FR","@id":"https:\/\/labarraca1912.es\/#\/schema\/logo\/image\/","url":"https:\/\/labarraca1912.es\/wp-content\/uploads\/2019\/06\/logo-labarraca.png","contentUrl":"https:\/\/labarraca1912.es\/wp-content\/uploads\/2019\/06\/logo-labarraca.png","width":2917,"height":1809,"caption":"La Barraca 1912 Alimentacion"},"image":{"@id":"https:\/\/labarraca1912.es\/#\/schema\/logo\/image\/"}}]}},"_links":{"self":[{"href":"https:\/\/labarraca1912.es\/fr\/wp-json\/wp\/v2\/product\/5975","targetHints":{"allow":["GET"]}}],"collection":[{"href":"https:\/\/labarraca1912.es\/fr\/wp-json\/wp\/v2\/product"}],"about":[{"href":"https:\/\/labarraca1912.es\/fr\/wp-json\/wp\/v2\/types\/product"}],"replies":[{"embeddable":true,"href":"https:\/\/labarraca1912.es\/fr\/wp-json\/wp\/v2\/comments?post=5975"}],"wp:featuredmedia":[{"embeddable":true,"href":"https:\/\/labarraca1912.es\/fr\/wp-json\/wp\/v2\/media\/5977"}],"wp:attachment":[{"href":"https:\/\/labarraca1912.es\/fr\/wp-json\/wp\/v2\/media?parent=5975"}],"wp:term":[{"taxonomy":"product_brand","embeddable":true,"href":"https:\/\/labarraca1912.es\/fr\/wp-json\/wp\/v2\/product_brand?post=5975"},{"taxonomy":"product_cat","embeddable":true,"href":"https:\/\/labarraca1912.es\/fr\/wp-json\/wp\/v2\/product_cat?post=5975"},{"taxonomy":"product_tag","embeddable":true,"href":"https:\/\/labarraca1912.es\/fr\/wp-json\/wp\/v2\/product_tag?post=5975"}],"curies":[{"name":"wp","href":"https:\/\/api.w.org\/{rel}","templated":true}]}}