{"id":5978,"date":"2020-11-19T11:40:25","date_gmt":"2020-11-19T10:40:25","guid":{"rendered":"https:\/\/labarraca1912.es\/?post_type=product&#038;p=5978"},"modified":"2022-11-22T11:34:49","modified_gmt":"2022-11-22T10:34:49","slug":"pack-regalo","status":"publish","type":"product","link":"https:\/\/labarraca1912.es\/fr\/tienda\/productos-complementarios\/pack-regalo\/","title":{"rendered":"Pack Regalo XS"},"content":{"rendered":"<p>PACK REGALO XS: La Barraca Alimentaci\u00f3n pone a tu disposici\u00f3n este pack regalo con un variado de especias, sazonadores, azafr\u00e1n, infusiones y dem\u00e1s productos. Una mezcla de sabores, aromas y olores que no pueden faltar en una cocina. Pack formado por los siguientes productos:<\/p>\n<p><strong>1 Lata 75g Piment\u00f3n Dulce:<\/strong> Il s'agit d'un assaisonnement en poudre de couleur rouge et de saveur caract\u00e9ristique obtenu par s\u00e9chage et broyage de certaines vari\u00e9t\u00e9s de poivrons rouges. Il apporte une touche tr\u00e8s particuli\u00e8re aux plats auxquels il est ajout\u00e9, comme le riz, les paellas, les pommes de terre, la marinade de chorizo \u200b\u200bou le poulpe \u00e0 la galicienne.<\/p>\n<p><strong>1 Estuche Ajo Negro:<\/strong> El Ajo Negro es un tipo de ajo caramelizado, que se obtiene a trav\u00e9s del ajo com\u00fan mediante un lento proceso. Se elabora sometiendo los bulbos de ajo a calor y humedad durante semanas, transformando los dientes de ajo en un color negro intenso. Tiene un sabor dulce, con ligeros toques a vinagre bals\u00e1mico y a regaliz, as\u00ed como un olor m\u00e1s suave al del ajo com\u00fan, tambi\u00e9n tiene una textura peculiar. Tiene su origen culinario en las cocinas coreanas y tailandesas.<\/p>\n<p><strong>2 Bo\u00eetes de 4 Sachets Safran Filaments:<\/strong> Le safran est l\u2019une des \u00e9pices les plus appr\u00e9ci\u00e9es et utilis\u00e9es depuis l\u2019Antiquit\u00e9, tant pour sa saveur que pour son ar\u00f4me. Venant de l'Est, sa culture et sa r\u00e9colte n\u00e9cessitent des soins attentifs. Les parties de la plante utilis\u00e9es pour fabriquer le safran sont les stigmates de la fleur, qui sont s\u00e9ch\u00e9s et grill\u00e9s. Quant \u00e0 son usage gastronomique, il est particuli\u00e8rement destin\u00e9 au riz, aux paellas, aux arroz a banda, aux risotos, aux p\u00e2tes, aux soupes, aux poissons, aux crustac\u00e9s, aux sauces auxquelles le safran apportera un ar\u00f4me, une saveur et une couleur dor\u00e9e.<\/p>\n<p><strong>2 Estuches 3 sobres Sazonador Paella con Azafr\u00e1n:<\/strong> L'Assaisonnement pour Paella au Safran est un produit magnifique pour donner la saveur id\u00e9ale \u00e0 une paella, gr\u00e2ce \u00e0 la combinaison de diff\u00e9rents types d'\u00e9pices, d'herbes et d'assaisonnements, qui, combin\u00e9s \u00e0 la saveur et \u00e0 l'ar\u00f4me du safran, rendent cet assaisonnement indispensable dans la pr\u00e9paration d'une paella. .<\/p>\n<p><strong>1 PiramiT\u00e9 T\u00e9 Negro y Canela:<\/strong> Le th\u00e9 noir \u00e0 la cannelle est une puissante combinaison de saveurs. Une infusion \u00e0 la saveur puissante et sucr\u00e9e.<\/p>\n<p><strong>1 PiramiT\u00e9 T\u00e9 Rojo con Frutas:<\/strong> Fabriqu\u00e9 avec un m\u00e9lange de diff\u00e9rents th\u00e9s avec des fruits comme la fraise, le kiwi ou l'ananas, qui, combin\u00e9s, conf\u00e8rent \u00e0 cette infusion une saveur et un ar\u00f4me particuliers.<\/p>\n<p><strong>1 Caja 10 Infusiones Tila:<\/strong> Le tilleul vient du tilleul, un arbre originaire du Caucase. En Espagne, on trouve des for\u00eats de tilleuls sur le versant nord. Ses feuilles et ses fleurs sont utilis\u00e9es en infusion.<\/p>\n<p><strong>1 Caja 10 Infusiones Manzanilla:<\/strong> Son utilisation est connue depuis la Gr\u00e8ce antique. On la r\u00e9colte au printemps lors de journ\u00e9es sereines et ensoleill\u00e9es pour profiter de l'ouverture maximale de sa fleur. La Barraca vous propose aujourd'hui sa Manzanilla pour que vous puissiez profiter de son infusion.<\/p>\n<p><strong>1 Caja 10 Infusiones Hierbas Naturales:<\/strong> Infusion naturelle \u00e0 base de 50% de feuilles de s\u00e9n\u00e9 et 50% de fruits de s\u00e9n\u00e9 (Cassia angustifolia), aux propri\u00e9t\u00e9s laxatives. L'utilisation d'un laxatif de ce type n'est indiqu\u00e9e qu'en cas de constipation occasionnelle, toujours sous la surveillance d'un professionnel et son utilisation pendant plus d'une semaine est d\u00e9conseill\u00e9e. Il est d\u00e9conseill\u00e9 pendant la grossesse et les r\u00e8gles.<\/p>\n<p><strong>1 Molinillo XL Pimienta Negra Grano:<\/strong> Le poivre noir est produit lorsque le poivre est \u00e0 moiti\u00e9 m\u00fbr et est l\u2019un des plus utilis\u00e9s dans l\u2019Antiquit\u00e9. La saveur \u00e9pic\u00e9e du poivre est obtenue \u00e0 partir du compos\u00e9 pip\u00e9rine, pr\u00e9sent dans la peau et les graines du poivre. On l'utilise principalement dans les rago\u00fbts, ainsi que dans les viandes r\u00f4ties ou grill\u00e9es, les soupes, les marinades, les p\u00e2tes, les plats de riz. C'est l'une des \u00e9pices qui peuvent \u00eatre utilis\u00e9es pour presque tous les aliments.<\/p>\n<p><strong>1 Molinillo XL Sal Marina:<\/strong> Le sel gemme qui, une fois moulu, sale les plats dans lesquels il est incorpor\u00e9. Il est utilis\u00e9 dans tous les plats auxquels on souhaite donner une touche sal\u00e9e.Il est utilis\u00e9 dans tous les plats auxquels on souhaite donner une touche sal\u00e9e.<\/p>","protected":false},"excerpt":{"rendered":"<h2><\/h2>\n<blockquote>\n<h2><strong>Pack Regalo XS<\/strong><\/h2>\n<\/blockquote>\n<p>La Barraca Alimentaci\u00f3n pone a tu disposici\u00f3n este pack regalo con un variado de especias, sazonadores, azafr\u00e1n, infusiones y dem\u00e1s productos. Una mezcla de sabores, aromas y olores que no pueden faltar en una cocina. Pack formado por los siguientes productos:<\/p>\n<p><strong>1 Lata 75g Piment\u00f3n Dulce:<\/strong> Il s'agit d'un assaisonnement en poudre de couleur rouge et de saveur caract\u00e9ristique obtenu par s\u00e9chage et broyage de certaines vari\u00e9t\u00e9s de poivrons rouges. Il apporte une touche tr\u00e8s particuli\u00e8re aux plats auxquels il est ajout\u00e9, comme le riz, les paellas, les pommes de terre, la marinade de chorizo \u200b\u200bou le poulpe \u00e0 la galicienne.<\/p>\n<p><strong>1 Estuche Ajo Negro:<\/strong> El Ajo Negro es un tipo de ajo caramelizado, que se obtiene a trav\u00e9s del ajo com\u00fan mediante un lento proceso. Se elabora sometiendo los bulbos de ajo a calor y humedad durante semanas, transformando los dientes de ajo en un color negro intenso. Tiene un sabor dulce, con ligeros toques a vinagre bals\u00e1mico y a regaliz, as\u00ed como un olor m\u00e1s suave al del ajo com\u00fan, tambi\u00e9n tiene una textura peculiar. Tiene su origen culinario en las cocinas coreanas y tailandesas.<\/p>\n<p><strong>2 Bo\u00eetes de 4 Sachets Safran Filaments:<\/strong> Le safran est l\u2019une des \u00e9pices les plus appr\u00e9ci\u00e9es et utilis\u00e9es depuis l\u2019Antiquit\u00e9, tant pour sa saveur que pour son ar\u00f4me. Venant de l'Est, sa culture et sa r\u00e9colte n\u00e9cessitent des soins attentifs. Les parties de la plante utilis\u00e9es pour fabriquer le safran sont les stigmates de la fleur, qui sont s\u00e9ch\u00e9s et grill\u00e9s. Quant \u00e0 son usage gastronomique, il est particuli\u00e8rement destin\u00e9 au riz, aux paellas, aux arroz a banda, aux risotos, aux p\u00e2tes, aux soupes, aux poissons, aux crustac\u00e9s, aux sauces auxquelles le safran apportera un ar\u00f4me, une saveur et une couleur dor\u00e9e.<\/p>\n<p><strong>2 Estuches 3 sobres Sazonador Paella con Azafr\u00e1n:<\/strong> L'Assaisonnement pour Paella au Safran est un produit magnifique pour donner la saveur id\u00e9ale \u00e0 une paella, gr\u00e2ce \u00e0 la combinaison de diff\u00e9rents types d'\u00e9pices, d'herbes et d'assaisonnements, qui, combin\u00e9s \u00e0 la saveur et \u00e0 l'ar\u00f4me du safran, rendent cet assaisonnement indispensable dans la pr\u00e9paration d'une paella. .<\/p>\n<p><strong>1 PiramiT\u00e9 T\u00e9 Negro y Canela:<\/strong> Le th\u00e9 noir \u00e0 la cannelle est une puissante combinaison de saveurs. Une infusion \u00e0 la saveur puissante et sucr\u00e9e.<\/p>\n<p><strong>1 PiramiT\u00e9 T\u00e9 Rojo con Frutas:<\/strong> Fabriqu\u00e9 avec un m\u00e9lange de diff\u00e9rents th\u00e9s avec des fruits comme la fraise, le kiwi ou l'ananas, qui, combin\u00e9s, conf\u00e8rent \u00e0 cette infusion une saveur et un ar\u00f4me particuliers.<\/p>\n<p><strong>1 Caja 10 Infusiones Tila:<\/strong> Le tilleul vient du tilleul, un arbre originaire du Caucase. En Espagne, on trouve des for\u00eats de tilleuls sur le versant nord. Ses feuilles et ses fleurs sont utilis\u00e9es en infusion.<\/p>\n<p><strong>1 Caja 10 Infusiones Manzanilla:<\/strong> Son utilisation est connue depuis la Gr\u00e8ce antique. On la r\u00e9colte au printemps lors de journ\u00e9es sereines et ensoleill\u00e9es pour profiter de l'ouverture maximale de sa fleur. La Barraca vous propose aujourd'hui sa Manzanilla pour que vous puissiez profiter de son infusion.<\/p>\n<p><strong>1 Caja 10 Infusiones Hierbas Naturales:<\/strong> Infusion naturelle \u00e0 base de 50% de feuilles de s\u00e9n\u00e9 et 50% de fruits de s\u00e9n\u00e9 (Cassia angustifolia), aux propri\u00e9t\u00e9s laxatives. L'utilisation d'un laxatif de ce type n'est indiqu\u00e9e qu'en cas de constipation occasionnelle, toujours sous la surveillance d'un professionnel et son utilisation pendant plus d'une semaine est d\u00e9conseill\u00e9e. Il est d\u00e9conseill\u00e9 pendant la grossesse et les r\u00e8gles.<\/p>\n<p><strong>1 Molinillo XL Pimienta Negra Grano:<\/strong> Le poivre noir est produit lorsque le poivre est \u00e0 moiti\u00e9 m\u00fbr et est l\u2019un des plus utilis\u00e9s dans l\u2019Antiquit\u00e9. La saveur \u00e9pic\u00e9e du poivre est obtenue \u00e0 partir du compos\u00e9 pip\u00e9rine, pr\u00e9sent dans la peau et les graines du poivre. On l'utilise principalement dans les rago\u00fbts, ainsi que dans les viandes r\u00f4ties ou grill\u00e9es, les soupes, les marinades, les p\u00e2tes, les plats de riz. C'est l'une des \u00e9pices qui peuvent \u00eatre utilis\u00e9es pour presque tous les aliments.<\/p>\n<p><strong>1 Molinillo XL Sal Marina:<\/strong> Le sel gemme qui, une fois moulu, sale les plats dans lesquels il est incorpor\u00e9. Il est utilis\u00e9 dans tous les plats auxquels on souhaite donner une touche sal\u00e9e.Il est utilis\u00e9 dans tous les plats auxquels on souhaite donner une touche sal\u00e9e.<\/p>","protected":false},"featured_media":6205,"comment_status":"open","ping_status":"closed","template":"","meta":{"_et_pb_use_builder":"","_et_pb_old_content":"","_et_gb_content_width":""},"product_brand":[],"product_cat":[215,15],"product_tag":[206,39,35,58,110,45,36,40,50,53],"class_list":{"0":"post-5978","1":"product","2":"type-product","3":"status-publish","4":"has-post-thumbnail","6":"product_cat-packs-regalo","7":"product_cat-productos-complementarios","8":"product_tag-ajonegro","9":"product_tag-arroz","10":"product_tag-azafran","11":"product_tag-canela","12":"product_tag-cassia","13":"product_tag-infusion","14":"product_tag-paella","15":"product_tag-pimenton","16":"product_tag-pimienta","17":"product_tag-te","19":"first","20":"outofstock","21":"taxable","22":"shipping-taxable","23":"purchasable","24":"product-type-simple"},"yoast_head":"<!-- This site is optimized with the Yoast SEO plugin v27.4 - https:\/\/yoast.com\/product\/yoast-seo-wordpress\/ -->\n<title>Pack Regalo XS - La Barraca<\/title>\n<meta name=\"description\" content=\"Utilizada para salar alimentos, este tipo de sal se suele aplicar normalmente a la carne o el pescado una vez estos ya est\u00e1n listos.\" \/>\n<meta name=\"robots\" content=\"index, follow, max-snippet:-1, max-image-preview:large, max-video-preview:-1\" \/>\n<link rel=\"canonical\" href=\"https:\/\/labarraca1912.es\/fr\/tienda\/productos-complementarios\/pack-regalo\/\" \/>\n<meta property=\"og:locale\" content=\"fr_FR\" \/>\n<meta property=\"og:type\" content=\"article\" \/>\n<meta property=\"og:title\" content=\"Pack Regalo XS - La Barraca\" \/>\n<meta property=\"og:description\" content=\"Utilizada para salar alimentos, este tipo de sal se suele aplicar normalmente a la carne o el pescado una vez estos ya est\u00e1n listos.\" \/>\n<meta property=\"og:url\" content=\"https:\/\/labarraca1912.es\/fr\/tienda\/productos-complementarios\/pack-regalo\/\" \/>\n<meta property=\"og:site_name\" content=\"La Barraca\" \/>\n<meta property=\"article:modified_time\" content=\"2022-11-22T10:34:49+00:00\" \/>\n<meta property=\"og:image\" content=\"https:\/\/labarraca1912.es\/wp-content\/uploads\/2020\/11\/REGALOXS.jpg\" \/>\n\t<meta property=\"og:image:width\" content=\"800\" \/>\n\t<meta property=\"og:image:height\" content=\"800\" \/>\n\t<meta property=\"og:image:type\" content=\"image\/jpeg\" \/>\n<meta name=\"twitter:card\" content=\"summary_large_image\" \/>\n<meta name=\"twitter:label1\" content=\"Dur\u00e9e de lecture estim\u00e9e\" \/>\n\t<meta name=\"twitter:data1\" content=\"3 minutes\" \/>\n<script type=\"application\/ld+json\" class=\"yoast-schema-graph\">{\"@context\":\"https:\\\/\\\/schema.org\",\"@graph\":[{\"@type\":\"WebPage\",\"@id\":\"https:\\\/\\\/labarraca1912.es\\\/tienda\\\/productos-complementarios\\\/pack-regalo\\\/\",\"url\":\"https:\\\/\\\/labarraca1912.es\\\/tienda\\\/productos-complementarios\\\/pack-regalo\\\/\",\"name\":\"Pack Regalo XS - La Barraca\",\"isPartOf\":{\"@id\":\"https:\\\/\\\/labarraca1912.es\\\/#website\"},\"primaryImageOfPage\":{\"@id\":\"https:\\\/\\\/labarraca1912.es\\\/tienda\\\/productos-complementarios\\\/pack-regalo\\\/#primaryimage\"},\"image\":{\"@id\":\"https:\\\/\\\/labarraca1912.es\\\/tienda\\\/productos-complementarios\\\/pack-regalo\\\/#primaryimage\"},\"thumbnailUrl\":\"https:\\\/\\\/labarraca1912.es\\\/wp-content\\\/uploads\\\/2020\\\/11\\\/REGALOXS.jpg\",\"datePublished\":\"2020-11-19T10:40:25+00:00\",\"dateModified\":\"2022-11-22T10:34:49+00:00\",\"description\":\"Utilizada para salar alimentos, este tipo de sal se suele aplicar normalmente a la carne o el pescado una vez estos ya est\u00e1n listos.\",\"breadcrumb\":{\"@id\":\"https:\\\/\\\/labarraca1912.es\\\/tienda\\\/productos-complementarios\\\/pack-regalo\\\/#breadcrumb\"},\"inLanguage\":\"fr-FR\",\"potentialAction\":[{\"@type\":\"ReadAction\",\"target\":[\"https:\\\/\\\/labarraca1912.es\\\/tienda\\\/productos-complementarios\\\/pack-regalo\\\/\"]}]},{\"@type\":\"ImageObject\",\"inLanguage\":\"fr-FR\",\"@id\":\"https:\\\/\\\/labarraca1912.es\\\/tienda\\\/productos-complementarios\\\/pack-regalo\\\/#primaryimage\",\"url\":\"https:\\\/\\\/labarraca1912.es\\\/wp-content\\\/uploads\\\/2020\\\/11\\\/REGALOXS.jpg\",\"contentUrl\":\"https:\\\/\\\/labarraca1912.es\\\/wp-content\\\/uploads\\\/2020\\\/11\\\/REGALOXS.jpg\",\"width\":800,\"height\":800},{\"@type\":\"BreadcrumbList\",\"@id\":\"https:\\\/\\\/labarraca1912.es\\\/tienda\\\/productos-complementarios\\\/pack-regalo\\\/#breadcrumb\",\"itemListElement\":[{\"@type\":\"ListItem\",\"position\":1,\"name\":\"La Barraca\",\"item\":\"https:\\\/\\\/labarraca1912.es\\\/\"},{\"@type\":\"ListItem\",\"position\":2,\"name\":\"Tienda\",\"item\":\"https:\\\/\\\/labarraca1912.es\\\/tienda\\\/\"},{\"@type\":\"ListItem\",\"position\":3,\"name\":\"Pack Regalo XS\"}]},{\"@type\":\"WebSite\",\"@id\":\"https:\\\/\\\/labarraca1912.es\\\/#website\",\"url\":\"https:\\\/\\\/labarraca1912.es\\\/\",\"name\":\"La Barraca\",\"description\":\"La Casa del Sabor\",\"publisher\":{\"@id\":\"https:\\\/\\\/labarraca1912.es\\\/#organization\"},\"potentialAction\":[{\"@type\":\"SearchAction\",\"target\":{\"@type\":\"EntryPoint\",\"urlTemplate\":\"https:\\\/\\\/labarraca1912.es\\\/?s={search_term_string}\"},\"query-input\":{\"@type\":\"PropertyValueSpecification\",\"valueRequired\":true,\"valueName\":\"search_term_string\"}}],\"inLanguage\":\"fr-FR\"},{\"@type\":\"Organization\",\"@id\":\"https:\\\/\\\/labarraca1912.es\\\/#organization\",\"name\":\"La Barraca 1912 Alimentacion\",\"url\":\"https:\\\/\\\/labarraca1912.es\\\/\",\"logo\":{\"@type\":\"ImageObject\",\"inLanguage\":\"fr-FR\",\"@id\":\"https:\\\/\\\/labarraca1912.es\\\/#\\\/schema\\\/logo\\\/image\\\/\",\"url\":\"https:\\\/\\\/labarraca1912.es\\\/wp-content\\\/uploads\\\/2019\\\/06\\\/logo-labarraca.png\",\"contentUrl\":\"https:\\\/\\\/labarraca1912.es\\\/wp-content\\\/uploads\\\/2019\\\/06\\\/logo-labarraca.png\",\"width\":2917,\"height\":1809,\"caption\":\"La Barraca 1912 Alimentacion\"},\"image\":{\"@id\":\"https:\\\/\\\/labarraca1912.es\\\/#\\\/schema\\\/logo\\\/image\\\/\"}}]}<\/script>\n<!-- \/ Yoast SEO plugin. -->","yoast_head_json":{"title":"Pack Regalo XS - La Barraca","description":"Utilizada para salar alimentos, este tipo de sal se suele aplicar normalmente a la carne o el pescado una vez estos ya est\u00e1n listos.","robots":{"index":"index","follow":"follow","max-snippet":"max-snippet:-1","max-image-preview":"max-image-preview:large","max-video-preview":"max-video-preview:-1"},"canonical":"https:\/\/labarraca1912.es\/fr\/tienda\/productos-complementarios\/pack-regalo\/","og_locale":"fr_FR","og_type":"article","og_title":"Pack Regalo XS - La Barraca","og_description":"Utilizada para salar alimentos, este tipo de sal se suele aplicar normalmente a la carne o el pescado una vez estos ya est\u00e1n listos.","og_url":"https:\/\/labarraca1912.es\/fr\/tienda\/productos-complementarios\/pack-regalo\/","og_site_name":"La Barraca","article_modified_time":"2022-11-22T10:34:49+00:00","og_image":[{"width":800,"height":800,"url":"https:\/\/labarraca1912.es\/wp-content\/uploads\/2020\/11\/REGALOXS.jpg","type":"image\/jpeg"}],"twitter_card":"summary_large_image","twitter_misc":{"Dur\u00e9e de lecture estim\u00e9e":"3 minutes"},"schema":{"@context":"https:\/\/schema.org","@graph":[{"@type":"WebPage","@id":"https:\/\/labarraca1912.es\/tienda\/productos-complementarios\/pack-regalo\/","url":"https:\/\/labarraca1912.es\/tienda\/productos-complementarios\/pack-regalo\/","name":"Pack Regalo XS - La Barraca","isPartOf":{"@id":"https:\/\/labarraca1912.es\/#website"},"primaryImageOfPage":{"@id":"https:\/\/labarraca1912.es\/tienda\/productos-complementarios\/pack-regalo\/#primaryimage"},"image":{"@id":"https:\/\/labarraca1912.es\/tienda\/productos-complementarios\/pack-regalo\/#primaryimage"},"thumbnailUrl":"https:\/\/labarraca1912.es\/wp-content\/uploads\/2020\/11\/REGALOXS.jpg","datePublished":"2020-11-19T10:40:25+00:00","dateModified":"2022-11-22T10:34:49+00:00","description":"Utilizada para salar alimentos, este tipo de sal se suele aplicar normalmente a la carne o el pescado una vez estos ya est\u00e1n listos.","breadcrumb":{"@id":"https:\/\/labarraca1912.es\/tienda\/productos-complementarios\/pack-regalo\/#breadcrumb"},"inLanguage":"fr-FR","potentialAction":[{"@type":"ReadAction","target":["https:\/\/labarraca1912.es\/tienda\/productos-complementarios\/pack-regalo\/"]}]},{"@type":"ImageObject","inLanguage":"fr-FR","@id":"https:\/\/labarraca1912.es\/tienda\/productos-complementarios\/pack-regalo\/#primaryimage","url":"https:\/\/labarraca1912.es\/wp-content\/uploads\/2020\/11\/REGALOXS.jpg","contentUrl":"https:\/\/labarraca1912.es\/wp-content\/uploads\/2020\/11\/REGALOXS.jpg","width":800,"height":800},{"@type":"BreadcrumbList","@id":"https:\/\/labarraca1912.es\/tienda\/productos-complementarios\/pack-regalo\/#breadcrumb","itemListElement":[{"@type":"ListItem","position":1,"name":"La Barraca","item":"https:\/\/labarraca1912.es\/"},{"@type":"ListItem","position":2,"name":"Tienda","item":"https:\/\/labarraca1912.es\/tienda\/"},{"@type":"ListItem","position":3,"name":"Pack Regalo XS"}]},{"@type":"WebSite","@id":"https:\/\/labarraca1912.es\/#website","url":"https:\/\/labarraca1912.es\/","name":"La Barraca","description":"La Casa del Sabor","publisher":{"@id":"https:\/\/labarraca1912.es\/#organization"},"potentialAction":[{"@type":"SearchAction","target":{"@type":"EntryPoint","urlTemplate":"https:\/\/labarraca1912.es\/?s={search_term_string}"},"query-input":{"@type":"PropertyValueSpecification","valueRequired":true,"valueName":"search_term_string"}}],"inLanguage":"fr-FR"},{"@type":"Organization","@id":"https:\/\/labarraca1912.es\/#organization","name":"La Barraca 1912 Alimentacion","url":"https:\/\/labarraca1912.es\/","logo":{"@type":"ImageObject","inLanguage":"fr-FR","@id":"https:\/\/labarraca1912.es\/#\/schema\/logo\/image\/","url":"https:\/\/labarraca1912.es\/wp-content\/uploads\/2019\/06\/logo-labarraca.png","contentUrl":"https:\/\/labarraca1912.es\/wp-content\/uploads\/2019\/06\/logo-labarraca.png","width":2917,"height":1809,"caption":"La Barraca 1912 Alimentacion"},"image":{"@id":"https:\/\/labarraca1912.es\/#\/schema\/logo\/image\/"}}]}},"_links":{"self":[{"href":"https:\/\/labarraca1912.es\/fr\/wp-json\/wp\/v2\/product\/5978","targetHints":{"allow":["GET"]}}],"collection":[{"href":"https:\/\/labarraca1912.es\/fr\/wp-json\/wp\/v2\/product"}],"about":[{"href":"https:\/\/labarraca1912.es\/fr\/wp-json\/wp\/v2\/types\/product"}],"replies":[{"embeddable":true,"href":"https:\/\/labarraca1912.es\/fr\/wp-json\/wp\/v2\/comments?post=5978"}],"wp:featuredmedia":[{"embeddable":true,"href":"https:\/\/labarraca1912.es\/fr\/wp-json\/wp\/v2\/media\/6205"}],"wp:attachment":[{"href":"https:\/\/labarraca1912.es\/fr\/wp-json\/wp\/v2\/media?parent=5978"}],"wp:term":[{"taxonomy":"product_brand","embeddable":true,"href":"https:\/\/labarraca1912.es\/fr\/wp-json\/wp\/v2\/product_brand?post=5978"},{"taxonomy":"product_cat","embeddable":true,"href":"https:\/\/labarraca1912.es\/fr\/wp-json\/wp\/v2\/product_cat?post=5978"},{"taxonomy":"product_tag","embeddable":true,"href":"https:\/\/labarraca1912.es\/fr\/wp-json\/wp\/v2\/product_tag?post=5978"}],"curies":[{"name":"wp","href":"https:\/\/api.w.org\/{rel}","templated":true}]}}