{"id":5982,"date":"2020-11-19T12:39:34","date_gmt":"2020-11-19T11:39:34","guid":{"rendered":"https:\/\/labarraca1912.es\/?post_type=product&#038;p=5982"},"modified":"2022-11-22T11:34:32","modified_gmt":"2022-11-22T10:34:32","slug":"pack-regalo-xl","status":"publish","type":"product","link":"https:\/\/labarraca1912.es\/fr\/tienda\/productos-complementarios\/pack-regalo-xl\/","title":{"rendered":"Pack Regalo XL"},"content":{"rendered":"<p>PACK REGALO XL: La Barraca Alimentaci\u00f3n pone a tu disposici\u00f3n este pack regalo con un variado de especias, sazonadores, azafr\u00e1n, infusiones y dem\u00e1s productos. Una mezcla de sabores, aromas y olores que no pueden faltar en una cocina. Pack formado por los siguientes productos:<\/p>\n<p><strong>1 Especiero 10 Tarros de Cristal:<\/strong> \u00c9tag\u00e8re \u00e0 \u00e9pices en bois compos\u00e9e de 10 flacons en verre contenant les herbes, \u00e9pices et condiments les plus utilis\u00e9s dans la cuisine espagnole. C'est un produit parfait \u00e0 offrir ou \u00e0 avoir dans n'importe quelle cuisine, puisque sa grande vari\u00e9t\u00e9 de produits est applicable pour plusieurs repas, ainsi que son \u00e9tag\u00e8re \u00e0 \u00e9pices pour garder les bocaux parfaitement organis\u00e9s.<\/p>\n<p><strong>1 Caja 10 Infusiones Manzanilla con An\u00eds:<\/strong> Cette association de Camomille et d'Anis est connue depuis l'Antiquit\u00e9 par les cultures m\u00e9diterran\u00e9ennes. Il poss\u00e8de des propri\u00e9t\u00e9s digestives.<\/p>\n<p><strong>1 Caja 10 Infusiones Manzanilla:<\/strong> Son utilisation est connue depuis la Gr\u00e8ce antique. On la r\u00e9colte au printemps lors de journ\u00e9es sereines et ensoleill\u00e9es pour profiter de l'ouverture maximale de sa fleur. La Barraca vous propose aujourd'hui sa Manzanilla pour que vous puissiez profiter de son infusion.<\/p>\n<p><strong>1 Caja 10 Infusiones Hierbas Naturales:<\/strong> Infusion naturelle \u00e0 base de 50% de feuilles de s\u00e9n\u00e9 et 50% de fruits de s\u00e9n\u00e9 (Cassia angustifolia), aux propri\u00e9t\u00e9s laxatives. L'utilisation d'un laxatif de ce type n'est indiqu\u00e9e qu'en cas de constipation occasionnelle, toujours sous la surveillance d'un professionnel et son utilisation pendant plus d'une semaine est d\u00e9conseill\u00e9e. Il est d\u00e9conseill\u00e9 pendant la grossesse et les r\u00e8gles.<\/p>\n<p><strong>1 Caja 10 Infusiones Tila:<\/strong> Le tilleul vient du tilleul, un arbre originaire du Caucase. En Espagne, on trouve des for\u00eats de tilleuls sur le versant nord. Ses feuilles et ses fleurs sont utilis\u00e9es en infusion.<\/p>\n<p><strong>1 Caja 10 Infusiones Dormib\u00e9:<\/strong> M\u00e9lange d'herbes aux propri\u00e9t\u00e9s relaxantes et calmantes, et \u00e0 la saveur sucr\u00e9e. On l\u2019utilise normalement pour calmer l\u2019anxi\u00e9t\u00e9, le stress et l\u2019insomnie.<\/p>\n<p><strong>1 Caja 10 Infusiones T\u00e9 Negro:<\/strong> Le th\u00e9 est un arbuste originaire des montagnes de Chine et du nord-est de l\u2019Inde. Au XVIIe si\u00e8cle, elle fut introduite en Europe par les navigateurs hollandais. La Barraca vous propose aujourd'hui son Th\u00e9 pour que vous puissiez profiter de son infusion.<\/p>\n<p><strong>1 Estuche Ajo Negro:<\/strong> El Ajo Negro es un tipo de ajo caramelizado, que se obtiene a trav\u00e9s del ajo com\u00fan mediante un lento proceso. Se elabora sometiendo los bulbos de ajo a calor y humedad durante semanas, transformando los dientes de ajo en un color negro intenso. Tiene un sabor dulce, con ligeros toques a vinagre bals\u00e1mico y a regaliz, as\u00ed como un olor m\u00e1s suave al del ajo com\u00fan, tambi\u00e9n tiene una textura peculiar. Tiene su origen culinario en las cocinas coreanas y tailandesas.<\/p>\n<p><strong>2 Bo\u00eetes de 4 Sachets Safran Filaments:<\/strong> Le safran est l\u2019une des \u00e9pices les plus appr\u00e9ci\u00e9es et utilis\u00e9es depuis l\u2019Antiquit\u00e9, tant pour sa saveur que pour son ar\u00f4me. Venant de l'Est, sa culture et sa r\u00e9colte n\u00e9cessitent des soins attentifs. Les parties de la plante utilis\u00e9es pour fabriquer le safran sont les stigmates de la fleur, qui sont s\u00e9ch\u00e9s et grill\u00e9s. Quant \u00e0 son usage gastronomique, il est particuli\u00e8rement destin\u00e9 au riz, aux paellas, aux arroz a banda, aux risotos, aux p\u00e2tes, aux soupes, aux poissons, aux crustac\u00e9s, aux sauces auxquelles le safran apportera un ar\u00f4me, une saveur et une couleur dor\u00e9e.<\/p>\n<p><strong>2 Estuches 3 sobres Sazonador Paella con Azafr\u00e1n:<\/strong> L'Assaisonnement pour Paella au Safran est un produit magnifique pour donner la saveur id\u00e9ale \u00e0 une paella, gr\u00e2ce \u00e0 la combinaison de diff\u00e9rents types d'\u00e9pices, d'herbes et d'assaisonnements, qui, combin\u00e9s \u00e0 la saveur et \u00e0 l'ar\u00f4me du safran, rendent cet assaisonnement indispensable dans la pr\u00e9paration d'une paella. .<\/p>\n<p><strong>1 Lata 75g Piment\u00f3n Dulce:<\/strong> Il s'agit d'un assaisonnement en poudre de couleur rouge et de saveur caract\u00e9ristique obtenu par s\u00e9chage et broyage de certaines vari\u00e9t\u00e9s de poivrons rouges. Il apporte une touche tr\u00e8s particuli\u00e8re aux plats auxquels il est ajout\u00e9, comme le riz, les paellas, les pommes de terre, la marinade de chorizo \u200b\u200bou le poulpe \u00e0 la galicienne.<\/p>\n<p><strong>1 Lata 75g Piment\u00f3n Picante:<\/strong> Il s'agit d'un assaisonnement en poudre de couleur rouge et de saveur caract\u00e9ristique obtenu par le s\u00e9chage et le broyage de certaines vari\u00e9t\u00e9s de piments rouges. Il apporte une touche tr\u00e8s particuli\u00e8re aux plats auxquels il est ajout\u00e9, comme le riz, les paellas, les pommes de terre, la marinade de chorizo \u200b\u200bou le poulpe \u00e0 la galicienne.<\/p>\n<p><strong>1 Molinillo XL Fusi\u00f3n de Pimientas:<\/strong> Il s'agit d'un m\u00e9lange qui combine la saveur particuli\u00e8re de cinq types de grains de poivre qui, moulus juste avant la consommation, offrent une saveur particuli\u00e8rement adapt\u00e9e aux viandes, poissons et rago\u00fbts. La saveur \u00e9pic\u00e9e du poivre est obtenue \u00e0 partir du compos\u00e9 pip\u00e9rine, pr\u00e9sent dans la peau et les graines du poivre. Utilis\u00e9 pour assaisonner les sauces de toutes sortes, les viandes, les poissons et les rago\u00fbts. C'est une \u00e9pice largement utilis\u00e9e dans le poulet r\u00f4ti.<\/p>\n<p><strong>1 Molinillo XL Sal Rosa del Himalaya:<\/strong> Sel min\u00e9ral rose, form\u00e9 de cristaux et g\u00e9n\u00e9ralement extrait des montagnes du Pakistan. C'est un sel riche en multiples min\u00e9raux.<\/p>","protected":false},"excerpt":{"rendered":"<h2><\/h2>\n<blockquote>\n<h2><strong>Pack Regalo XL<\/strong><\/h2>\n<\/blockquote>\n<p>La Barraca Alimentaci\u00f3n pone a tu disposici\u00f3n este pack regalo con un variado de especias, sazonadores, azafr\u00e1n, infusiones y dem\u00e1s productos. Una mezcla de sabores, aromas y olores que no pueden faltar en una cocina. Pack formado por los siguientes productos:<\/p>\n<p><strong>1 Especiero 10 Tarros de Cristal:<\/strong> \u00c9tag\u00e8re \u00e0 \u00e9pices en bois compos\u00e9e de 10 flacons en verre contenant les herbes, \u00e9pices et condiments les plus utilis\u00e9s dans la cuisine espagnole. C'est un produit parfait \u00e0 offrir ou \u00e0 avoir dans n'importe quelle cuisine, puisque sa grande vari\u00e9t\u00e9 de produits est applicable pour plusieurs repas, ainsi que son \u00e9tag\u00e8re \u00e0 \u00e9pices pour garder les bocaux parfaitement organis\u00e9s.<\/p>\n<p><strong>1 Caja 10 Infusiones Manzanilla con An\u00eds:<\/strong> Cette association de Camomille et d'Anis est connue depuis l'Antiquit\u00e9 par les cultures m\u00e9diterran\u00e9ennes. Il poss\u00e8de des propri\u00e9t\u00e9s digestives.<\/p>\n<p><strong>1 Caja 10 Infusiones Manzanilla:<\/strong> Son utilisation est connue depuis la Gr\u00e8ce antique. On la r\u00e9colte au printemps lors de journ\u00e9es sereines et ensoleill\u00e9es pour profiter de l'ouverture maximale de sa fleur. La Barraca vous propose aujourd'hui sa Manzanilla pour que vous puissiez profiter de son infusion.<\/p>\n<p><strong>1 Caja 10 Infusiones Hierbas Naturales:<\/strong> Infusion naturelle \u00e0 base de 50% de feuilles de s\u00e9n\u00e9 et 50% de fruits de s\u00e9n\u00e9 (Cassia angustifolia), aux propri\u00e9t\u00e9s laxatives. L'utilisation d'un laxatif de ce type n'est indiqu\u00e9e qu'en cas de constipation occasionnelle, toujours sous la surveillance d'un professionnel et son utilisation pendant plus d'une semaine est d\u00e9conseill\u00e9e. Il est d\u00e9conseill\u00e9 pendant la grossesse et les r\u00e8gles.<\/p>\n<p><strong>1 Caja 10 Infusiones Tila:<\/strong> Le tilleul vient du tilleul, un arbre originaire du Caucase. En Espagne, on trouve des for\u00eats de tilleuls sur le versant nord. Ses feuilles et ses fleurs sont utilis\u00e9es en infusion.<\/p>\n<p><strong>1 Caja 10 Infusiones Dormib\u00e9:<\/strong> M\u00e9lange d'herbes aux propri\u00e9t\u00e9s relaxantes et calmantes, et \u00e0 la saveur sucr\u00e9e. On l\u2019utilise normalement pour calmer l\u2019anxi\u00e9t\u00e9, le stress et l\u2019insomnie.<\/p>\n<p><strong>1 Caja 10 Infusiones T\u00e9 Negro:<\/strong> Le th\u00e9 est un arbuste originaire des montagnes de Chine et du nord-est de l\u2019Inde. Au XVIIe si\u00e8cle, elle fut introduite en Europe par les navigateurs hollandais. La Barraca vous propose aujourd'hui son Th\u00e9 pour que vous puissiez profiter de son infusion.<\/p>\n<p><strong>1 Estuche Ajo Negro:<\/strong> El Ajo Negro es un tipo de ajo caramelizado, que se obtiene a trav\u00e9s del ajo com\u00fan mediante un lento proceso. Se elabora sometiendo los bulbos de ajo a calor y humedad durante semanas, transformando los dientes de ajo en un color negro intenso. Tiene un sabor dulce, con ligeros toques a vinagre bals\u00e1mico y a regaliz, as\u00ed como un olor m\u00e1s suave al del ajo com\u00fan, tambi\u00e9n tiene una textura peculiar. Tiene su origen culinario en las cocinas coreanas y tailandesas.<\/p>\n<p><strong>2 Bo\u00eetes de 4 Sachets Safran Filaments:<\/strong> Le safran est l\u2019une des \u00e9pices les plus appr\u00e9ci\u00e9es et utilis\u00e9es depuis l\u2019Antiquit\u00e9, tant pour sa saveur que pour son ar\u00f4me. Venant de l'Est, sa culture et sa r\u00e9colte n\u00e9cessitent des soins attentifs. Les parties de la plante utilis\u00e9es pour fabriquer le safran sont les stigmates de la fleur, qui sont s\u00e9ch\u00e9s et grill\u00e9s. Quant \u00e0 son usage gastronomique, il est particuli\u00e8rement destin\u00e9 au riz, aux paellas, aux arroz a banda, aux risotos, aux p\u00e2tes, aux soupes, aux poissons, aux crustac\u00e9s, aux sauces auxquelles le safran apportera un ar\u00f4me, une saveur et une couleur dor\u00e9e.<\/p>\n<p><strong>2 Estuches 3 sobres Sazonador Paella con Azafr\u00e1n:<\/strong> L'Assaisonnement pour Paella au Safran est un produit magnifique pour donner la saveur id\u00e9ale \u00e0 une paella, gr\u00e2ce \u00e0 la combinaison de diff\u00e9rents types d'\u00e9pices, d'herbes et d'assaisonnements, qui, combin\u00e9s \u00e0 la saveur et \u00e0 l'ar\u00f4me du safran, rendent cet assaisonnement indispensable dans la pr\u00e9paration d'une paella. .<\/p>\n<p><strong>1 Lata 75g Piment\u00f3n Dulce:<\/strong> Il s'agit d'un assaisonnement en poudre de couleur rouge et de saveur caract\u00e9ristique obtenu par s\u00e9chage et broyage de certaines vari\u00e9t\u00e9s de poivrons rouges. Il apporte une touche tr\u00e8s particuli\u00e8re aux plats auxquels il est ajout\u00e9, comme le riz, les paellas, les pommes de terre, la marinade de chorizo \u200b\u200bou le poulpe \u00e0 la galicienne.<\/p>\n<p><strong>1 Lata 75g Piment\u00f3n Picante:<\/strong> Il s'agit d'un assaisonnement en poudre de couleur rouge et de saveur caract\u00e9ristique obtenu par le s\u00e9chage et le broyage de certaines vari\u00e9t\u00e9s de piments rouges. Il apporte une touche tr\u00e8s particuli\u00e8re aux plats auxquels il est ajout\u00e9, comme le riz, les paellas, les pommes de terre, la marinade de chorizo \u200b\u200bou le poulpe \u00e0 la galicienne.<\/p>\n<p><strong>1 Molinillo XL Fusi\u00f3n de Pimientas:<\/strong> Il s'agit d'un m\u00e9lange qui combine la saveur particuli\u00e8re de cinq types de grains de poivre qui, moulus juste avant la consommation, offrent une saveur particuli\u00e8rement adapt\u00e9e aux viandes, poissons et rago\u00fbts. La saveur \u00e9pic\u00e9e du poivre est obtenue \u00e0 partir du compos\u00e9 pip\u00e9rine, pr\u00e9sent dans la peau et les graines du poivre. Utilis\u00e9 pour assaisonner les sauces de toutes sortes, les viandes, les poissons et les rago\u00fbts. C'est une \u00e9pice largement utilis\u00e9e dans le poulet r\u00f4ti.<\/p>\n<p><strong>1 Molinillo XL Sal Rosa del Himalaya:<\/strong> Sel min\u00e9ral rose, form\u00e9 de cristaux et g\u00e9n\u00e9ralement extrait des montagnes du Pakistan. C'est un sel riche en multiples min\u00e9raux.<\/p>","protected":false},"featured_media":6221,"comment_status":"open","ping_status":"closed","template":"","meta":{"_et_pb_use_builder":"","_et_pb_old_content":"","_et_gb_content_width":""},"product_brand":[],"product_cat":[215,15],"product_tag":[206,39,35,58,110,158,45,36,40,50,53],"class_list":{"0":"post-5982","1":"product","2":"type-product","3":"status-publish","4":"has-post-thumbnail","6":"product_cat-packs-regalo","7":"product_cat-productos-complementarios","8":"product_tag-ajonegro","9":"product_tag-arroz","10":"product_tag-azafran","11":"product_tag-canela","12":"product_tag-cassia","13":"product_tag-himalaya","14":"product_tag-infusion","15":"product_tag-paella","16":"product_tag-pimenton","17":"product_tag-pimienta","18":"product_tag-te","20":"first","21":"outofstock","22":"taxable","23":"shipping-taxable","24":"purchasable","25":"product-type-simple"},"yoast_head":"<!-- This site is optimized with the Yoast SEO plugin v27.6 - https:\/\/yoast.com\/product\/yoast-seo-wordpress\/ -->\n<title>Pack Regalo XL - La Barraca<\/title>\n<meta name=\"description\" content=\"Utilizada para salar alimentos, este tipo de sal se suele aplicar normalmente a la carne o el pescado una vez estos ya est\u00e1n listos.\" \/>\n<meta name=\"robots\" content=\"index, follow, max-snippet:-1, max-image-preview:large, max-video-preview:-1\" \/>\n<link rel=\"canonical\" href=\"https:\/\/labarraca1912.es\/fr\/tienda\/productos-complementarios\/pack-regalo-xl\/\" \/>\n<meta property=\"og:locale\" content=\"fr_FR\" \/>\n<meta property=\"og:type\" content=\"article\" \/>\n<meta property=\"og:title\" content=\"Pack Regalo XL - La Barraca\" \/>\n<meta property=\"og:description\" content=\"Utilizada para salar alimentos, este tipo de sal se suele aplicar normalmente a la carne o el pescado una vez estos ya est\u00e1n listos.\" \/>\n<meta property=\"og:url\" content=\"https:\/\/labarraca1912.es\/fr\/tienda\/productos-complementarios\/pack-regalo-xl\/\" \/>\n<meta property=\"og:site_name\" content=\"La Barraca\" \/>\n<meta property=\"article:modified_time\" content=\"2022-11-22T10:34:32+00:00\" \/>\n<meta property=\"og:image\" content=\"https:\/\/labarraca1912.es\/wp-content\/uploads\/2020\/11\/Bodegonxl.jpg\" \/>\n\t<meta property=\"og:image:width\" content=\"800\" \/>\n\t<meta property=\"og:image:height\" content=\"800\" \/>\n\t<meta property=\"og:image:type\" content=\"image\/jpeg\" \/>\n<meta name=\"twitter:card\" content=\"summary_large_image\" \/>\n<meta name=\"twitter:label1\" content=\"Dur\u00e9e de lecture estim\u00e9e\" \/>\n\t<meta name=\"twitter:data1\" content=\"4 minutes\" \/>\n<script type=\"application\/ld+json\" class=\"yoast-schema-graph\">{\"@context\":\"https:\\\/\\\/schema.org\",\"@graph\":[{\"@type\":\"WebPage\",\"@id\":\"https:\\\/\\\/labarraca1912.es\\\/tienda\\\/productos-complementarios\\\/pack-regalo-xl\\\/\",\"url\":\"https:\\\/\\\/labarraca1912.es\\\/tienda\\\/productos-complementarios\\\/pack-regalo-xl\\\/\",\"name\":\"Pack Regalo XL - La Barraca\",\"isPartOf\":{\"@id\":\"https:\\\/\\\/labarraca1912.es\\\/#website\"},\"primaryImageOfPage\":{\"@id\":\"https:\\\/\\\/labarraca1912.es\\\/tienda\\\/productos-complementarios\\\/pack-regalo-xl\\\/#primaryimage\"},\"image\":{\"@id\":\"https:\\\/\\\/labarraca1912.es\\\/tienda\\\/productos-complementarios\\\/pack-regalo-xl\\\/#primaryimage\"},\"thumbnailUrl\":\"https:\\\/\\\/labarraca1912.es\\\/wp-content\\\/uploads\\\/2020\\\/11\\\/Bodegonxl.jpg\",\"datePublished\":\"2020-11-19T11:39:34+00:00\",\"dateModified\":\"2022-11-22T10:34:32+00:00\",\"description\":\"Utilizada para salar alimentos, este tipo de sal se suele aplicar normalmente a la carne o el pescado una vez estos ya est\u00e1n listos.\",\"breadcrumb\":{\"@id\":\"https:\\\/\\\/labarraca1912.es\\\/tienda\\\/productos-complementarios\\\/pack-regalo-xl\\\/#breadcrumb\"},\"inLanguage\":\"fr-FR\",\"potentialAction\":[{\"@type\":\"ReadAction\",\"target\":[\"https:\\\/\\\/labarraca1912.es\\\/tienda\\\/productos-complementarios\\\/pack-regalo-xl\\\/\"]}]},{\"@type\":\"ImageObject\",\"inLanguage\":\"fr-FR\",\"@id\":\"https:\\\/\\\/labarraca1912.es\\\/tienda\\\/productos-complementarios\\\/pack-regalo-xl\\\/#primaryimage\",\"url\":\"https:\\\/\\\/labarraca1912.es\\\/wp-content\\\/uploads\\\/2020\\\/11\\\/Bodegonxl.jpg\",\"contentUrl\":\"https:\\\/\\\/labarraca1912.es\\\/wp-content\\\/uploads\\\/2020\\\/11\\\/Bodegonxl.jpg\",\"width\":800,\"height\":800},{\"@type\":\"BreadcrumbList\",\"@id\":\"https:\\\/\\\/labarraca1912.es\\\/tienda\\\/productos-complementarios\\\/pack-regalo-xl\\\/#breadcrumb\",\"itemListElement\":[{\"@type\":\"ListItem\",\"position\":1,\"name\":\"La Barraca\",\"item\":\"https:\\\/\\\/labarraca1912.es\\\/\"},{\"@type\":\"ListItem\",\"position\":2,\"name\":\"Tienda\",\"item\":\"https:\\\/\\\/labarraca1912.es\\\/tienda\\\/\"},{\"@type\":\"ListItem\",\"position\":3,\"name\":\"Pack Regalo XL\"}]},{\"@type\":\"WebSite\",\"@id\":\"https:\\\/\\\/labarraca1912.es\\\/#website\",\"url\":\"https:\\\/\\\/labarraca1912.es\\\/\",\"name\":\"La Barraca\",\"description\":\"La Casa del Sabor\",\"publisher\":{\"@id\":\"https:\\\/\\\/labarraca1912.es\\\/#organization\"},\"potentialAction\":[{\"@type\":\"SearchAction\",\"target\":{\"@type\":\"EntryPoint\",\"urlTemplate\":\"https:\\\/\\\/labarraca1912.es\\\/?s={search_term_string}\"},\"query-input\":{\"@type\":\"PropertyValueSpecification\",\"valueRequired\":true,\"valueName\":\"search_term_string\"}}],\"inLanguage\":\"fr-FR\"},{\"@type\":\"Organization\",\"@id\":\"https:\\\/\\\/labarraca1912.es\\\/#organization\",\"name\":\"La Barraca 1912 Alimentacion\",\"url\":\"https:\\\/\\\/labarraca1912.es\\\/\",\"logo\":{\"@type\":\"ImageObject\",\"inLanguage\":\"fr-FR\",\"@id\":\"https:\\\/\\\/labarraca1912.es\\\/#\\\/schema\\\/logo\\\/image\\\/\",\"url\":\"https:\\\/\\\/labarraca1912.es\\\/wp-content\\\/uploads\\\/2019\\\/06\\\/logo-labarraca.png\",\"contentUrl\":\"https:\\\/\\\/labarraca1912.es\\\/wp-content\\\/uploads\\\/2019\\\/06\\\/logo-labarraca.png\",\"width\":2917,\"height\":1809,\"caption\":\"La Barraca 1912 Alimentacion\"},\"image\":{\"@id\":\"https:\\\/\\\/labarraca1912.es\\\/#\\\/schema\\\/logo\\\/image\\\/\"}}]}<\/script>\n<!-- \/ Yoast SEO plugin. -->","yoast_head_json":{"title":"Pack Regalo XL - La Barraca","description":"Utilizada para salar alimentos, este tipo de sal se suele aplicar normalmente a la carne o el pescado una vez estos ya est\u00e1n listos.","robots":{"index":"index","follow":"follow","max-snippet":"max-snippet:-1","max-image-preview":"max-image-preview:large","max-video-preview":"max-video-preview:-1"},"canonical":"https:\/\/labarraca1912.es\/fr\/tienda\/productos-complementarios\/pack-regalo-xl\/","og_locale":"fr_FR","og_type":"article","og_title":"Pack Regalo XL - La Barraca","og_description":"Utilizada para salar alimentos, este tipo de sal se suele aplicar normalmente a la carne o el pescado una vez estos ya est\u00e1n listos.","og_url":"https:\/\/labarraca1912.es\/fr\/tienda\/productos-complementarios\/pack-regalo-xl\/","og_site_name":"La Barraca","article_modified_time":"2022-11-22T10:34:32+00:00","og_image":[{"width":800,"height":800,"url":"https:\/\/labarraca1912.es\/wp-content\/uploads\/2020\/11\/Bodegonxl.jpg","type":"image\/jpeg"}],"twitter_card":"summary_large_image","twitter_misc":{"Dur\u00e9e de lecture estim\u00e9e":"4 minutes"},"schema":{"@context":"https:\/\/schema.org","@graph":[{"@type":"WebPage","@id":"https:\/\/labarraca1912.es\/tienda\/productos-complementarios\/pack-regalo-xl\/","url":"https:\/\/labarraca1912.es\/tienda\/productos-complementarios\/pack-regalo-xl\/","name":"Pack Regalo XL - La Barraca","isPartOf":{"@id":"https:\/\/labarraca1912.es\/#website"},"primaryImageOfPage":{"@id":"https:\/\/labarraca1912.es\/tienda\/productos-complementarios\/pack-regalo-xl\/#primaryimage"},"image":{"@id":"https:\/\/labarraca1912.es\/tienda\/productos-complementarios\/pack-regalo-xl\/#primaryimage"},"thumbnailUrl":"https:\/\/labarraca1912.es\/wp-content\/uploads\/2020\/11\/Bodegonxl.jpg","datePublished":"2020-11-19T11:39:34+00:00","dateModified":"2022-11-22T10:34:32+00:00","description":"Utilizada para salar alimentos, este tipo de sal se suele aplicar normalmente a la carne o el pescado una vez estos ya est\u00e1n listos.","breadcrumb":{"@id":"https:\/\/labarraca1912.es\/tienda\/productos-complementarios\/pack-regalo-xl\/#breadcrumb"},"inLanguage":"fr-FR","potentialAction":[{"@type":"ReadAction","target":["https:\/\/labarraca1912.es\/tienda\/productos-complementarios\/pack-regalo-xl\/"]}]},{"@type":"ImageObject","inLanguage":"fr-FR","@id":"https:\/\/labarraca1912.es\/tienda\/productos-complementarios\/pack-regalo-xl\/#primaryimage","url":"https:\/\/labarraca1912.es\/wp-content\/uploads\/2020\/11\/Bodegonxl.jpg","contentUrl":"https:\/\/labarraca1912.es\/wp-content\/uploads\/2020\/11\/Bodegonxl.jpg","width":800,"height":800},{"@type":"BreadcrumbList","@id":"https:\/\/labarraca1912.es\/tienda\/productos-complementarios\/pack-regalo-xl\/#breadcrumb","itemListElement":[{"@type":"ListItem","position":1,"name":"La Barraca","item":"https:\/\/labarraca1912.es\/"},{"@type":"ListItem","position":2,"name":"Tienda","item":"https:\/\/labarraca1912.es\/tienda\/"},{"@type":"ListItem","position":3,"name":"Pack Regalo XL"}]},{"@type":"WebSite","@id":"https:\/\/labarraca1912.es\/#website","url":"https:\/\/labarraca1912.es\/","name":"La Barraca","description":"La Casa del Sabor","publisher":{"@id":"https:\/\/labarraca1912.es\/#organization"},"potentialAction":[{"@type":"SearchAction","target":{"@type":"EntryPoint","urlTemplate":"https:\/\/labarraca1912.es\/?s={search_term_string}"},"query-input":{"@type":"PropertyValueSpecification","valueRequired":true,"valueName":"search_term_string"}}],"inLanguage":"fr-FR"},{"@type":"Organization","@id":"https:\/\/labarraca1912.es\/#organization","name":"La Barraca 1912 Alimentacion","url":"https:\/\/labarraca1912.es\/","logo":{"@type":"ImageObject","inLanguage":"fr-FR","@id":"https:\/\/labarraca1912.es\/#\/schema\/logo\/image\/","url":"https:\/\/labarraca1912.es\/wp-content\/uploads\/2019\/06\/logo-labarraca.png","contentUrl":"https:\/\/labarraca1912.es\/wp-content\/uploads\/2019\/06\/logo-labarraca.png","width":2917,"height":1809,"caption":"La Barraca 1912 Alimentacion"},"image":{"@id":"https:\/\/labarraca1912.es\/#\/schema\/logo\/image\/"}}]}},"_links":{"self":[{"href":"https:\/\/labarraca1912.es\/fr\/wp-json\/wp\/v2\/product\/5982","targetHints":{"allow":["GET"]}}],"collection":[{"href":"https:\/\/labarraca1912.es\/fr\/wp-json\/wp\/v2\/product"}],"about":[{"href":"https:\/\/labarraca1912.es\/fr\/wp-json\/wp\/v2\/types\/product"}],"replies":[{"embeddable":true,"href":"https:\/\/labarraca1912.es\/fr\/wp-json\/wp\/v2\/comments?post=5982"}],"wp:featuredmedia":[{"embeddable":true,"href":"https:\/\/labarraca1912.es\/fr\/wp-json\/wp\/v2\/media\/6221"}],"wp:attachment":[{"href":"https:\/\/labarraca1912.es\/fr\/wp-json\/wp\/v2\/media?parent=5982"}],"wp:term":[{"taxonomy":"product_brand","embeddable":true,"href":"https:\/\/labarraca1912.es\/fr\/wp-json\/wp\/v2\/product_brand?post=5982"},{"taxonomy":"product_cat","embeddable":true,"href":"https:\/\/labarraca1912.es\/fr\/wp-json\/wp\/v2\/product_cat?post=5982"},{"taxonomy":"product_tag","embeddable":true,"href":"https:\/\/labarraca1912.es\/fr\/wp-json\/wp\/v2\/product_tag?post=5982"}],"curies":[{"name":"wp","href":"https:\/\/api.w.org\/{rel}","templated":true}]}}