{"id":5986,"date":"2020-11-19T13:56:44","date_gmt":"2020-11-19T12:56:44","guid":{"rendered":"https:\/\/labarraca1912.es\/?post_type=product&#038;p=5986"},"modified":"2026-04-30T08:21:45","modified_gmt":"2026-04-30T06:21:45","slug":"pack-paella","status":"publish","type":"product","link":"https:\/\/labarraca1912.es\/fr\/tienda\/productos-paella\/pack-paella\/","title":{"rendered":"Pack Paella"},"content":{"rendered":"<p>PACK PAELLA: La Barraca Alimentaci\u00f3n vous propose ce coffret cadeau pour r\u00e9aliser une paella avec les meilleurs produits. Un m\u00e9lange de saveurs, d'ar\u00f4mes et d'odeurs incontournables dans la pr\u00e9paration d'une paella. Pack compos\u00e9 des produits suivants:<\/p>\n<p><strong>1 Kit Paella:<\/strong> Pack compos\u00e9 d'une po\u00eale \u00e0 paella \u00e9maill\u00e9e, 100ml d'huile d'olive extra vierge, une bo\u00eete de 3 sachets d'Assaisonnement Paella au safran et 500g de riz. Avec ce magnifique pack vous pourrez r\u00e9aliser une paella de mani\u00e8re simple et confortable, puisque nous mettons \u00e0 votre disposition la base pour r\u00e9aliser une paella.<\/p>\n<p><strong>2 Bo\u00eetes de 4 Sachets Safran Filaments:<\/strong> Le safran est l\u2019une des \u00e9pices les plus appr\u00e9ci\u00e9es et utilis\u00e9es depuis l\u2019Antiquit\u00e9, tant pour sa saveur que pour son ar\u00f4me. Venant de l'Est, sa culture et sa r\u00e9colte n\u00e9cessitent des soins attentifs. Les parties de la plante utilis\u00e9es pour fabriquer le safran sont les stigmates de la fleur, qui sont s\u00e9ch\u00e9s et grill\u00e9s. Quant \u00e0 son usage gastronomique, il est particuli\u00e8rement destin\u00e9 au riz, aux paellas, aux arroz a banda, aux risotos, aux p\u00e2tes, aux soupes, aux poissons, aux crustac\u00e9s, aux sauces auxquelles le safran apportera un ar\u00f4me, une saveur et une couleur dor\u00e9e.<\/p>\n<p><strong>1 \u00c9tui 3 sachets Ass. Paella avec Safran:<\/strong> L'Assaisonnement pour Paella au Safran est un produit magnifique pour donner la saveur id\u00e9ale \u00e0 une paella, gr\u00e2ce \u00e0 la combinaison de diff\u00e9rents types d'\u00e9pices, d'herbes et d'assaisonnements, qui, combin\u00e9s \u00e0 la saveur et \u00e0 l'ar\u00f4me du safran, rendent cet assaisonnement indispensable dans la pr\u00e9paration d'une paella. .<\/p>\n<p><strong>1 \u00c9tui 3 sachets Ass. Paella aux Fruits de Mar avec Safran:<\/strong> L'Assaisonnement Paella Marinera au Safran est compos\u00e9 d'un m\u00e9lange d'herbes, d'\u00e9pices et d'assaisonnements id\u00e9al pour pr\u00e9parer une paella au poisson ou aux fruits de mer, bien qu'il puisse \u00e9galement \u00eatre utilis\u00e9 dans les rago\u00fbts de poisson.<\/p>\n<p><strong>2 Bo\u00eetes en M\u00e9tal Piment Doux \"Or\":<\/strong> A partir de poivrons sans tiges ni graines, moulus. Il donne du ton aux aliments incorpor\u00e9s, en plus de la saveur et de l'ar\u00f4me caract\u00e9ristiques.<\/p>","protected":false},"excerpt":{"rendered":"<blockquote>\n<h2><strong>Pack Paella<\/strong><\/h2>\n<\/blockquote>\n<p>La Barraca Alimentaci\u00f3n vous propose ce coffret cadeau pour r\u00e9aliser une paella avec les meilleurs produits. Un m\u00e9lange de saveurs, d'ar\u00f4mes et d'odeurs incontournables dans la pr\u00e9paration d'une paella.<\/p>\n<p><strong><em>*Paella non valable pour une utilisation sur plaques vitroc\u00e9ramiques ou \u00e0 induction, \u00e0 utiliser uniquement avec une flamme, qu'elle soit \u00e0 bois ou \u00e0 gaz.<\/em><\/strong><\/p>\n<p><em><strong>PACK COMPOS\u00c9 DE:<\/strong><\/em><\/p>\n<ul>\n<li><strong>1 KIT PAELLA<\/strong>\n<ul>\n<li><strong>Po\u00eale \u00e0 Paella \u00c9maill\u00e9e 32cm<\/strong><\/li>\n<li><strong>Livre de recettes<\/strong><\/li>\n<li><strong>2 Etuis 3 sachets Ass. Paella au Safran 9g (3x3g) <\/strong>\n<ul>\n<li><strong><em>Ingr\u00e9dients: <\/em><\/strong>Colorant alimentaire (farine de Ma\u00efs, sel et colorant: Tartrazine E-102), thym, romarin, poivre noir, piment doux sup\u00e9rieur, clous de girofle, noix de muscade et safran moulu (2%). Peut contenir des traces de <strong>SOJA<\/strong>. \u201c<strong>E-102<\/strong>: Peut avoir des effets n\u00e9gatifs sur l'activit\u00e9 et l'attention des enfants\".<\/li>\n<li><strong><em>D\u00e9claration nutritionnelle. Valeurs moyennes per 100g de produit: <\/em><\/strong>\u00c9nergie: 1112 kJ\/263 kcal. Graisses: 2g. Dont acides gras satur\u00e9s: 1g. Glucides: 45g. Dont sucres: 1g. Prot\u00e9ines: 12g. Sel: 15,5g.<\/li>\n<\/ul>\n<\/li>\n<li><strong>Riz 500g <\/strong>\n<ul>\n<li><em><strong>Ingr\u00e9dients:<\/strong><\/em> Riz.<\/li>\n<li><strong><em>D\u00e9claration nutritionnelle. Valeurs moyennes per 100g de produit: <\/em><\/strong>\u00c9nergie: 1472 kJ\/347 kcal. Graisses: 0,53g. Dont acides gras satur\u00e9s: &lt;0,10g. Glucides: 77,90g. Dont sucres: 0,28g. Prot\u00e9ines: 6,9g. Sel: &lt;0,01g.<\/li>\n<\/ul>\n<\/li>\n<li><strong>Huile d\u00b4Olive Extra Vierge 100ml<\/strong>\n<ul>\n<li><em><strong>Ingr\u00e9dients:<\/strong><\/em> Huile d\u00b4Olive Extra Vierge.<\/li>\n<li><strong><em>D\u00e9claration nutritionnelle. Valeurs moyennes per 100g de produit sec (non cuit): <\/em><\/strong>\u00c9nergie: 3700 kJ\/900 kcal. Graisses: 100g. Dont acides gras satur\u00e9s: 15g. Glucides: 0g. Dont sucres: 0g. Prot\u00e9ines: 0g. Sel: 0,01g.<\/li>\n<\/ul>\n<\/li>\n<\/ul>\n<\/li>\n<li><strong>2 Bo\u00eetes de 4 Sachets Safran Filaments<\/strong>\n<ul>\n<li><em><strong>Ingr\u00e9dients:<\/strong><\/em> Safran Filaments<\/li>\n<\/ul>\n<\/li>\n<li><strong>1 \u00c9tui 3 sachets Ass. Paella aux Fruits de Mar avec Safran 9g (3x3g)<\/strong><\/li>\n<li><strong>2 Bo\u00eetes en M\u00e9tal Piment Doux \"Or\"<\/strong>\n<ul>\n<li><em><strong>Ingr\u00e9dients:<\/strong><\/em> Piment\u00f3n dulce \u00abcalidad oro\u00bb.<\/li>\n<\/ul>\n<\/li>\n<\/ul>","protected":false},"featured_media":12647,"comment_status":"open","ping_status":"closed","template":"","meta":{"_et_pb_use_builder":"","_et_pb_old_content":"","_et_gb_content_width":""},"product_brand":[],"product_cat":[215,122],"product_tag":[206,39,35,58,110,158,45,36,40,50,53],"class_list":{"0":"post-5986","1":"product","2":"type-product","3":"status-publish","4":"has-post-thumbnail","6":"product_cat-packs-regalo","7":"product_cat-productos-paella","8":"product_tag-ajonegro","9":"product_tag-arroz","10":"product_tag-azafran","11":"product_tag-canela","12":"product_tag-cassia","13":"product_tag-himalaya","14":"product_tag-infusion","15":"product_tag-paella","16":"product_tag-pimenton","17":"product_tag-pimienta","18":"product_tag-te","20":"first","21":"instock","22":"taxable","23":"shipping-taxable","24":"purchasable","25":"product-type-simple"},"yoast_head":"<!-- This site is optimized with the Yoast SEO plugin v27.5 - https:\/\/yoast.com\/product\/yoast-seo-wordpress\/ -->\n<title>Pack Paella con todos los ingredientes | La Barraca<\/title>\n<meta name=\"description\" content=\"Pack Paella con paellera esmaltada, arroz, azafr\u00e1n y sazonadores para preparar aut\u00e9nticas paellas en casa. Ideal para regalar o disfrutar.\" \/>\n<meta name=\"robots\" content=\"index, follow, max-snippet:-1, max-image-preview:large, max-video-preview:-1\" \/>\n<link rel=\"canonical\" href=\"https:\/\/labarraca1912.es\/fr\/tienda\/productos-paella\/pack-paella\/\" \/>\n<meta property=\"og:locale\" content=\"fr_FR\" \/>\n<meta property=\"og:type\" content=\"article\" \/>\n<meta property=\"og:title\" content=\"Pack Paella con todos los ingredientes | La Barraca\" \/>\n<meta property=\"og:description\" content=\"Pack Paella con paellera esmaltada, arroz, azafr\u00e1n y sazonadores para preparar aut\u00e9nticas paellas en casa. Ideal para regalar o disfrutar.\" \/>\n<meta property=\"og:url\" content=\"https:\/\/labarraca1912.es\/fr\/tienda\/productos-paella\/pack-paella\/\" \/>\n<meta property=\"og:site_name\" content=\"La Barraca\" \/>\n<meta property=\"article:modified_time\" content=\"2026-04-30T06:21:45+00:00\" \/>\n<meta property=\"og:image\" content=\"https:\/\/labarraca1912.es\/wp-content\/uploads\/packpaella2025.jpg\" \/>\n\t<meta property=\"og:image:width\" content=\"800\" \/>\n\t<meta property=\"og:image:height\" content=\"800\" \/>\n\t<meta property=\"og:image:type\" content=\"image\/jpeg\" \/>\n<meta name=\"twitter:card\" content=\"summary_large_image\" \/>\n<meta name=\"twitter:label1\" content=\"Dur\u00e9e de lecture estim\u00e9e\" \/>\n\t<meta name=\"twitter:data1\" content=\"2 minutes\" \/>\n<script type=\"application\/ld+json\" class=\"yoast-schema-graph\">{\"@context\":\"https:\\\/\\\/schema.org\",\"@graph\":[{\"@type\":\"WebPage\",\"@id\":\"https:\\\/\\\/labarraca1912.es\\\/tienda\\\/productos-paella\\\/pack-paella\\\/\",\"url\":\"https:\\\/\\\/labarraca1912.es\\\/tienda\\\/productos-paella\\\/pack-paella\\\/\",\"name\":\"Pack Paella con todos los ingredientes | La Barraca\",\"isPartOf\":{\"@id\":\"https:\\\/\\\/labarraca1912.es\\\/#website\"},\"primaryImageOfPage\":{\"@id\":\"https:\\\/\\\/labarraca1912.es\\\/tienda\\\/productos-paella\\\/pack-paella\\\/#primaryimage\"},\"image\":{\"@id\":\"https:\\\/\\\/labarraca1912.es\\\/tienda\\\/productos-paella\\\/pack-paella\\\/#primaryimage\"},\"thumbnailUrl\":\"https:\\\/\\\/labarraca1912.es\\\/wp-content\\\/uploads\\\/packpaella2025.jpg\",\"datePublished\":\"2020-11-19T12:56:44+00:00\",\"dateModified\":\"2026-04-30T06:21:45+00:00\",\"description\":\"Pack Paella con paellera esmaltada, arroz, azafr\u00e1n y sazonadores para preparar aut\u00e9nticas paellas en casa. Ideal para regalar o disfrutar.\",\"breadcrumb\":{\"@id\":\"https:\\\/\\\/labarraca1912.es\\\/tienda\\\/productos-paella\\\/pack-paella\\\/#breadcrumb\"},\"inLanguage\":\"fr-FR\",\"potentialAction\":[{\"@type\":\"ReadAction\",\"target\":[\"https:\\\/\\\/labarraca1912.es\\\/tienda\\\/productos-paella\\\/pack-paella\\\/\"]}]},{\"@type\":\"ImageObject\",\"inLanguage\":\"fr-FR\",\"@id\":\"https:\\\/\\\/labarraca1912.es\\\/tienda\\\/productos-paella\\\/pack-paella\\\/#primaryimage\",\"url\":\"https:\\\/\\\/labarraca1912.es\\\/wp-content\\\/uploads\\\/packpaella2025.jpg\",\"contentUrl\":\"https:\\\/\\\/labarraca1912.es\\\/wp-content\\\/uploads\\\/packpaella2025.jpg\",\"width\":800,\"height\":800},{\"@type\":\"BreadcrumbList\",\"@id\":\"https:\\\/\\\/labarraca1912.es\\\/tienda\\\/productos-paella\\\/pack-paella\\\/#breadcrumb\",\"itemListElement\":[{\"@type\":\"ListItem\",\"position\":1,\"name\":\"La Barraca\",\"item\":\"https:\\\/\\\/labarraca1912.es\\\/\"},{\"@type\":\"ListItem\",\"position\":2,\"name\":\"Tienda\",\"item\":\"https:\\\/\\\/labarraca1912.es\\\/tienda\\\/\"},{\"@type\":\"ListItem\",\"position\":3,\"name\":\"Pack Paella\"}]},{\"@type\":\"WebSite\",\"@id\":\"https:\\\/\\\/labarraca1912.es\\\/#website\",\"url\":\"https:\\\/\\\/labarraca1912.es\\\/\",\"name\":\"La Barraca\",\"description\":\"La Casa del Sabor\",\"publisher\":{\"@id\":\"https:\\\/\\\/labarraca1912.es\\\/#organization\"},\"potentialAction\":[{\"@type\":\"SearchAction\",\"target\":{\"@type\":\"EntryPoint\",\"urlTemplate\":\"https:\\\/\\\/labarraca1912.es\\\/?s={search_term_string}\"},\"query-input\":{\"@type\":\"PropertyValueSpecification\",\"valueRequired\":true,\"valueName\":\"search_term_string\"}}],\"inLanguage\":\"fr-FR\"},{\"@type\":\"Organization\",\"@id\":\"https:\\\/\\\/labarraca1912.es\\\/#organization\",\"name\":\"La Barraca 1912 Alimentacion\",\"url\":\"https:\\\/\\\/labarraca1912.es\\\/\",\"logo\":{\"@type\":\"ImageObject\",\"inLanguage\":\"fr-FR\",\"@id\":\"https:\\\/\\\/labarraca1912.es\\\/#\\\/schema\\\/logo\\\/image\\\/\",\"url\":\"https:\\\/\\\/labarraca1912.es\\\/wp-content\\\/uploads\\\/2019\\\/06\\\/logo-labarraca.png\",\"contentUrl\":\"https:\\\/\\\/labarraca1912.es\\\/wp-content\\\/uploads\\\/2019\\\/06\\\/logo-labarraca.png\",\"width\":2917,\"height\":1809,\"caption\":\"La Barraca 1912 Alimentacion\"},\"image\":{\"@id\":\"https:\\\/\\\/labarraca1912.es\\\/#\\\/schema\\\/logo\\\/image\\\/\"}}]}<\/script>\n<!-- \/ Yoast SEO plugin. -->","yoast_head_json":{"title":"Pack Paella con todos los ingredientes | La Barraca","description":"Pack Paella con paellera esmaltada, arroz, azafr\u00e1n y sazonadores para preparar aut\u00e9nticas paellas en casa. Ideal para regalar o disfrutar.","robots":{"index":"index","follow":"follow","max-snippet":"max-snippet:-1","max-image-preview":"max-image-preview:large","max-video-preview":"max-video-preview:-1"},"canonical":"https:\/\/labarraca1912.es\/fr\/tienda\/productos-paella\/pack-paella\/","og_locale":"fr_FR","og_type":"article","og_title":"Pack Paella con todos los ingredientes | La Barraca","og_description":"Pack Paella con paellera esmaltada, arroz, azafr\u00e1n y sazonadores para preparar aut\u00e9nticas paellas en casa. Ideal para regalar o disfrutar.","og_url":"https:\/\/labarraca1912.es\/fr\/tienda\/productos-paella\/pack-paella\/","og_site_name":"La Barraca","article_modified_time":"2026-04-30T06:21:45+00:00","og_image":[{"width":800,"height":800,"url":"https:\/\/labarraca1912.es\/wp-content\/uploads\/packpaella2025.jpg","type":"image\/jpeg"}],"twitter_card":"summary_large_image","twitter_misc":{"Dur\u00e9e de lecture estim\u00e9e":"2 minutes"},"schema":{"@context":"https:\/\/schema.org","@graph":[{"@type":"WebPage","@id":"https:\/\/labarraca1912.es\/tienda\/productos-paella\/pack-paella\/","url":"https:\/\/labarraca1912.es\/tienda\/productos-paella\/pack-paella\/","name":"Pack Paella con todos los ingredientes | La Barraca","isPartOf":{"@id":"https:\/\/labarraca1912.es\/#website"},"primaryImageOfPage":{"@id":"https:\/\/labarraca1912.es\/tienda\/productos-paella\/pack-paella\/#primaryimage"},"image":{"@id":"https:\/\/labarraca1912.es\/tienda\/productos-paella\/pack-paella\/#primaryimage"},"thumbnailUrl":"https:\/\/labarraca1912.es\/wp-content\/uploads\/packpaella2025.jpg","datePublished":"2020-11-19T12:56:44+00:00","dateModified":"2026-04-30T06:21:45+00:00","description":"Pack Paella con paellera esmaltada, arroz, azafr\u00e1n y sazonadores para preparar aut\u00e9nticas paellas en casa. Ideal para regalar o disfrutar.","breadcrumb":{"@id":"https:\/\/labarraca1912.es\/tienda\/productos-paella\/pack-paella\/#breadcrumb"},"inLanguage":"fr-FR","potentialAction":[{"@type":"ReadAction","target":["https:\/\/labarraca1912.es\/tienda\/productos-paella\/pack-paella\/"]}]},{"@type":"ImageObject","inLanguage":"fr-FR","@id":"https:\/\/labarraca1912.es\/tienda\/productos-paella\/pack-paella\/#primaryimage","url":"https:\/\/labarraca1912.es\/wp-content\/uploads\/packpaella2025.jpg","contentUrl":"https:\/\/labarraca1912.es\/wp-content\/uploads\/packpaella2025.jpg","width":800,"height":800},{"@type":"BreadcrumbList","@id":"https:\/\/labarraca1912.es\/tienda\/productos-paella\/pack-paella\/#breadcrumb","itemListElement":[{"@type":"ListItem","position":1,"name":"La Barraca","item":"https:\/\/labarraca1912.es\/"},{"@type":"ListItem","position":2,"name":"Tienda","item":"https:\/\/labarraca1912.es\/tienda\/"},{"@type":"ListItem","position":3,"name":"Pack Paella"}]},{"@type":"WebSite","@id":"https:\/\/labarraca1912.es\/#website","url":"https:\/\/labarraca1912.es\/","name":"La Barraca","description":"La Casa del Sabor","publisher":{"@id":"https:\/\/labarraca1912.es\/#organization"},"potentialAction":[{"@type":"SearchAction","target":{"@type":"EntryPoint","urlTemplate":"https:\/\/labarraca1912.es\/?s={search_term_string}"},"query-input":{"@type":"PropertyValueSpecification","valueRequired":true,"valueName":"search_term_string"}}],"inLanguage":"fr-FR"},{"@type":"Organization","@id":"https:\/\/labarraca1912.es\/#organization","name":"La Barraca 1912 Alimentacion","url":"https:\/\/labarraca1912.es\/","logo":{"@type":"ImageObject","inLanguage":"fr-FR","@id":"https:\/\/labarraca1912.es\/#\/schema\/logo\/image\/","url":"https:\/\/labarraca1912.es\/wp-content\/uploads\/2019\/06\/logo-labarraca.png","contentUrl":"https:\/\/labarraca1912.es\/wp-content\/uploads\/2019\/06\/logo-labarraca.png","width":2917,"height":1809,"caption":"La Barraca 1912 Alimentacion"},"image":{"@id":"https:\/\/labarraca1912.es\/#\/schema\/logo\/image\/"}}]}},"_links":{"self":[{"href":"https:\/\/labarraca1912.es\/fr\/wp-json\/wp\/v2\/product\/5986","targetHints":{"allow":["GET"]}}],"collection":[{"href":"https:\/\/labarraca1912.es\/fr\/wp-json\/wp\/v2\/product"}],"about":[{"href":"https:\/\/labarraca1912.es\/fr\/wp-json\/wp\/v2\/types\/product"}],"replies":[{"embeddable":true,"href":"https:\/\/labarraca1912.es\/fr\/wp-json\/wp\/v2\/comments?post=5986"}],"wp:featuredmedia":[{"embeddable":true,"href":"https:\/\/labarraca1912.es\/fr\/wp-json\/wp\/v2\/media\/12647"}],"wp:attachment":[{"href":"https:\/\/labarraca1912.es\/fr\/wp-json\/wp\/v2\/media?parent=5986"}],"wp:term":[{"taxonomy":"product_brand","embeddable":true,"href":"https:\/\/labarraca1912.es\/fr\/wp-json\/wp\/v2\/product_brand?post=5986"},{"taxonomy":"product_cat","embeddable":true,"href":"https:\/\/labarraca1912.es\/fr\/wp-json\/wp\/v2\/product_cat?post=5986"},{"taxonomy":"product_tag","embeddable":true,"href":"https:\/\/labarraca1912.es\/fr\/wp-json\/wp\/v2\/product_tag?post=5986"}],"curies":[{"name":"wp","href":"https:\/\/api.w.org\/{rel}","templated":true}]}}