{"id":6004,"date":"2020-11-23T16:15:22","date_gmt":"2020-11-23T15:15:22","guid":{"rendered":"https:\/\/labarraca1912.es\/?post_type=product&#038;p=6004"},"modified":"2026-04-15T09:31:49","modified_gmt":"2026-04-15T07:31:49","slug":"preparado-para-carne-de-hamburguesas","status":"publish","type":"product","link":"https:\/\/labarraca1912.es\/fr\/tienda\/sazonadores\/preparado-para-carne-de-hamburguesas\/","title":{"rendered":"Pr\u00e9paration pour la Viande de Hamburger 1250g"},"content":{"rendered":"<p>PREPARADO PARA CARNE DE HAMBURGUESAS &#8211; 1250G: El Preparado para Carne de Hamburguesas es un producto en polvo constituido por una mezcla equilibrada de condimentos, especias naturales y aditivos, necesarios para la fabricaci\u00f3n de carne de hamburguesa.<\/p>\n<p><strong>Pr\u00e9paration pour la Viande de Hamburger:<\/strong> Une fois la viande p\u00e9trie, ajoutez 35g (selon le degr\u00e9 de salinit\u00e9 que vous souhaitez obtenir) de produit par kg de viande et p\u00e9trissez jusqu'\u00e0 dissolution compl\u00e8te.<\/p>","protected":false},"excerpt":{"rendered":"<blockquote>\n<h2><strong>Pr\u00e9paration pour la Viande de Hamburger<\/strong> 1250g<\/h2>\n<\/blockquote>\n<p><img decoding=\"async\" class=\"alignnone wp-image-10937\" src=\"https:\/\/labarraca1912.es\/wp-content\/uploads\/glutenfree.jpg\" alt=\"\" width=\"203\" height=\"35\" \/><\/p>\n<p>La Pr\u00e9paration de Viande de Hamburger est un produit en poudre compos\u00e9 d'un m\u00e9lange \u00e9quilibr\u00e9 d'assaisonnements, d'\u00e9pices naturelles et d'additifs, n\u00e9cessaires \u00e0 la production de viande de hamburger.<\/p>\n<p><em><strong>Comment l'utiliser?<\/strong><\/em><\/p>\n<p>Une fois la viande p\u00e9trie, ajoutez 35g (selon le degr\u00e9 de salinit\u00e9 que vous souhaitez obtenir) de produit par kg de viande et p\u00e9trissez jusqu'\u00e0 dissolution compl\u00e8te.<\/p>\n<p><em><strong>Ingr\u00e9dients:<\/strong><\/em> Sel, amidons, \u00e9pices, ar\u00f4mes, sucre, antioxydants: acide ascorbique E-300 et citrate de sodium E-331, conservateur: sulfite de sodium E-221 et colorant: acide carminique E-120.<\/p>\n<p>Contient <strong>SULFITES.<\/strong><\/p>\n<p><strong><em>D\u00e9claration nutritionnelle. Valeurs moyennes per 100g de produit: <\/em><\/strong>\u00c9nergie: 574 kJ\/135 kcal. Graisses: 0,2g. Dont acides gras satur\u00e9s: 0g. Glucides: 33g. Dont sucres: 14g. Prot\u00e9ines: 10g. Sel: 62,9g.<\/p>","protected":false},"featured_media":13640,"comment_status":"open","ping_status":"closed","template":"","meta":{"_et_pb_use_builder":"","_et_pb_old_content":"","_et_gb_content_width":""},"product_brand":[],"product_cat":[22],"product_tag":[67,102,223,119],"class_list":{"0":"post-6004","1":"product","2":"type-product","3":"status-publish","4":"has-post-thumbnail","6":"product_cat-sazonadores","7":"product_tag-carne","8":"product_tag-hamburguesas","9":"product_tag-preparado","10":"product_tag-sazonador","12":"first","13":"instock","14":"taxable","15":"shipping-taxable","16":"purchasable","17":"product-type-simple"},"yoast_head":"<!-- This site is optimized with the Yoast SEO plugin v27.4 - https:\/\/yoast.com\/product\/yoast-seo-wordpress\/ -->\n<title>Comprar Preparado para Carne de Hamburguesas | La Barraca<\/title>\n<meta name=\"description\" content=\"Mezcla equilibrada de especias y condimentos para preparar carne de hamburguesa. A\u00f1ade 35g\/kg para un sabor perfecto. Disponible en formato 1250g.\" \/>\n<meta name=\"robots\" content=\"index, follow, max-snippet:-1, max-image-preview:large, max-video-preview:-1\" \/>\n<link rel=\"canonical\" href=\"https:\/\/labarraca1912.es\/fr\/tienda\/sazonadores\/preparado-para-carne-de-hamburguesas\/\" \/>\n<meta property=\"og:locale\" content=\"fr_FR\" \/>\n<meta property=\"og:type\" content=\"article\" \/>\n<meta property=\"og:title\" content=\"Comprar Preparado para Carne de Hamburguesas | La Barraca\" \/>\n<meta property=\"og:description\" content=\"Mezcla equilibrada de especias y condimentos para preparar carne de hamburguesa. A\u00f1ade 35g\/kg para un sabor perfecto. Disponible en formato 1250g.\" \/>\n<meta property=\"og:url\" content=\"https:\/\/labarraca1912.es\/fr\/tienda\/sazonadores\/preparado-para-carne-de-hamburguesas\/\" \/>\n<meta property=\"og:site_name\" content=\"La Barraca\" \/>\n<meta property=\"article:modified_time\" content=\"2026-04-15T07:31:49+00:00\" \/>\n<meta property=\"og:image\" content=\"https:\/\/labarraca1912.es\/wp-content\/uploads\/sazhamburguesasbg2025.jpg\" \/>\n\t<meta property=\"og:image:width\" content=\"800\" \/>\n\t<meta property=\"og:image:height\" content=\"800\" \/>\n\t<meta property=\"og:image:type\" content=\"image\/jpeg\" \/>\n<meta name=\"twitter:card\" content=\"summary_large_image\" \/>\n<meta name=\"twitter:label1\" content=\"Dur\u00e9e de lecture estim\u00e9e\" \/>\n\t<meta name=\"twitter:data1\" content=\"1 minute\" \/>\n<script type=\"application\/ld+json\" class=\"yoast-schema-graph\">{\"@context\":\"https:\\\/\\\/schema.org\",\"@graph\":[{\"@type\":\"WebPage\",\"@id\":\"https:\\\/\\\/labarraca1912.es\\\/tienda\\\/sazonadores\\\/preparado-para-carne-de-hamburguesas\\\/\",\"url\":\"https:\\\/\\\/labarraca1912.es\\\/tienda\\\/sazonadores\\\/preparado-para-carne-de-hamburguesas\\\/\",\"name\":\"Comprar Preparado para Carne de Hamburguesas | La Barraca\",\"isPartOf\":{\"@id\":\"https:\\\/\\\/labarraca1912.es\\\/#website\"},\"primaryImageOfPage\":{\"@id\":\"https:\\\/\\\/labarraca1912.es\\\/tienda\\\/sazonadores\\\/preparado-para-carne-de-hamburguesas\\\/#primaryimage\"},\"image\":{\"@id\":\"https:\\\/\\\/labarraca1912.es\\\/tienda\\\/sazonadores\\\/preparado-para-carne-de-hamburguesas\\\/#primaryimage\"},\"thumbnailUrl\":\"https:\\\/\\\/labarraca1912.es\\\/wp-content\\\/uploads\\\/sazhamburguesasbg2025.jpg\",\"datePublished\":\"2020-11-23T15:15:22+00:00\",\"dateModified\":\"2026-04-15T07:31:49+00:00\",\"description\":\"Mezcla equilibrada de especias y condimentos para preparar carne de hamburguesa. A\u00f1ade 35g\\\/kg para un sabor perfecto. Disponible en formato 1250g.\",\"breadcrumb\":{\"@id\":\"https:\\\/\\\/labarraca1912.es\\\/tienda\\\/sazonadores\\\/preparado-para-carne-de-hamburguesas\\\/#breadcrumb\"},\"inLanguage\":\"fr-FR\",\"potentialAction\":[{\"@type\":\"ReadAction\",\"target\":[\"https:\\\/\\\/labarraca1912.es\\\/tienda\\\/sazonadores\\\/preparado-para-carne-de-hamburguesas\\\/\"]}]},{\"@type\":\"ImageObject\",\"inLanguage\":\"fr-FR\",\"@id\":\"https:\\\/\\\/labarraca1912.es\\\/tienda\\\/sazonadores\\\/preparado-para-carne-de-hamburguesas\\\/#primaryimage\",\"url\":\"https:\\\/\\\/labarraca1912.es\\\/wp-content\\\/uploads\\\/sazhamburguesasbg2025.jpg\",\"contentUrl\":\"https:\\\/\\\/labarraca1912.es\\\/wp-content\\\/uploads\\\/sazhamburguesasbg2025.jpg\",\"width\":800,\"height\":800},{\"@type\":\"BreadcrumbList\",\"@id\":\"https:\\\/\\\/labarraca1912.es\\\/tienda\\\/sazonadores\\\/preparado-para-carne-de-hamburguesas\\\/#breadcrumb\",\"itemListElement\":[{\"@type\":\"ListItem\",\"position\":1,\"name\":\"La Barraca\",\"item\":\"https:\\\/\\\/labarraca1912.es\\\/\"},{\"@type\":\"ListItem\",\"position\":2,\"name\":\"Tienda\",\"item\":\"https:\\\/\\\/labarraca1912.es\\\/tienda\\\/\"},{\"@type\":\"ListItem\",\"position\":3,\"name\":\"Preparado para Hamburguesas 1250g\"}]},{\"@type\":\"WebSite\",\"@id\":\"https:\\\/\\\/labarraca1912.es\\\/#website\",\"url\":\"https:\\\/\\\/labarraca1912.es\\\/\",\"name\":\"La Barraca\",\"description\":\"La Casa del Sabor\",\"publisher\":{\"@id\":\"https:\\\/\\\/labarraca1912.es\\\/#organization\"},\"potentialAction\":[{\"@type\":\"SearchAction\",\"target\":{\"@type\":\"EntryPoint\",\"urlTemplate\":\"https:\\\/\\\/labarraca1912.es\\\/?s={search_term_string}\"},\"query-input\":{\"@type\":\"PropertyValueSpecification\",\"valueRequired\":true,\"valueName\":\"search_term_string\"}}],\"inLanguage\":\"fr-FR\"},{\"@type\":\"Organization\",\"@id\":\"https:\\\/\\\/labarraca1912.es\\\/#organization\",\"name\":\"La Barraca 1912 Alimentacion\",\"url\":\"https:\\\/\\\/labarraca1912.es\\\/\",\"logo\":{\"@type\":\"ImageObject\",\"inLanguage\":\"fr-FR\",\"@id\":\"https:\\\/\\\/labarraca1912.es\\\/#\\\/schema\\\/logo\\\/image\\\/\",\"url\":\"https:\\\/\\\/labarraca1912.es\\\/wp-content\\\/uploads\\\/2019\\\/06\\\/logo-labarraca.png\",\"contentUrl\":\"https:\\\/\\\/labarraca1912.es\\\/wp-content\\\/uploads\\\/2019\\\/06\\\/logo-labarraca.png\",\"width\":2917,\"height\":1809,\"caption\":\"La Barraca 1912 Alimentacion\"},\"image\":{\"@id\":\"https:\\\/\\\/labarraca1912.es\\\/#\\\/schema\\\/logo\\\/image\\\/\"}}]}<\/script>\n<!-- \/ Yoast SEO plugin. -->","yoast_head_json":{"title":"Comprar Preparado para Carne de Hamburguesas | La Barraca","description":"Mezcla equilibrada de especias y condimentos para preparar carne de hamburguesa. A\u00f1ade 35g\/kg para un sabor perfecto. Disponible en formato 1250g.","robots":{"index":"index","follow":"follow","max-snippet":"max-snippet:-1","max-image-preview":"max-image-preview:large","max-video-preview":"max-video-preview:-1"},"canonical":"https:\/\/labarraca1912.es\/fr\/tienda\/sazonadores\/preparado-para-carne-de-hamburguesas\/","og_locale":"fr_FR","og_type":"article","og_title":"Comprar Preparado para Carne de Hamburguesas | La Barraca","og_description":"Mezcla equilibrada de especias y condimentos para preparar carne de hamburguesa. A\u00f1ade 35g\/kg para un sabor perfecto. Disponible en formato 1250g.","og_url":"https:\/\/labarraca1912.es\/fr\/tienda\/sazonadores\/preparado-para-carne-de-hamburguesas\/","og_site_name":"La Barraca","article_modified_time":"2026-04-15T07:31:49+00:00","og_image":[{"width":800,"height":800,"url":"https:\/\/labarraca1912.es\/wp-content\/uploads\/sazhamburguesasbg2025.jpg","type":"image\/jpeg"}],"twitter_card":"summary_large_image","twitter_misc":{"Dur\u00e9e de lecture estim\u00e9e":"1 minute"},"schema":{"@context":"https:\/\/schema.org","@graph":[{"@type":"WebPage","@id":"https:\/\/labarraca1912.es\/tienda\/sazonadores\/preparado-para-carne-de-hamburguesas\/","url":"https:\/\/labarraca1912.es\/tienda\/sazonadores\/preparado-para-carne-de-hamburguesas\/","name":"Comprar Preparado para Carne de Hamburguesas | La Barraca","isPartOf":{"@id":"https:\/\/labarraca1912.es\/#website"},"primaryImageOfPage":{"@id":"https:\/\/labarraca1912.es\/tienda\/sazonadores\/preparado-para-carne-de-hamburguesas\/#primaryimage"},"image":{"@id":"https:\/\/labarraca1912.es\/tienda\/sazonadores\/preparado-para-carne-de-hamburguesas\/#primaryimage"},"thumbnailUrl":"https:\/\/labarraca1912.es\/wp-content\/uploads\/sazhamburguesasbg2025.jpg","datePublished":"2020-11-23T15:15:22+00:00","dateModified":"2026-04-15T07:31:49+00:00","description":"Mezcla equilibrada de especias y condimentos para preparar carne de hamburguesa. A\u00f1ade 35g\/kg para un sabor perfecto. Disponible en formato 1250g.","breadcrumb":{"@id":"https:\/\/labarraca1912.es\/tienda\/sazonadores\/preparado-para-carne-de-hamburguesas\/#breadcrumb"},"inLanguage":"fr-FR","potentialAction":[{"@type":"ReadAction","target":["https:\/\/labarraca1912.es\/tienda\/sazonadores\/preparado-para-carne-de-hamburguesas\/"]}]},{"@type":"ImageObject","inLanguage":"fr-FR","@id":"https:\/\/labarraca1912.es\/tienda\/sazonadores\/preparado-para-carne-de-hamburguesas\/#primaryimage","url":"https:\/\/labarraca1912.es\/wp-content\/uploads\/sazhamburguesasbg2025.jpg","contentUrl":"https:\/\/labarraca1912.es\/wp-content\/uploads\/sazhamburguesasbg2025.jpg","width":800,"height":800},{"@type":"BreadcrumbList","@id":"https:\/\/labarraca1912.es\/tienda\/sazonadores\/preparado-para-carne-de-hamburguesas\/#breadcrumb","itemListElement":[{"@type":"ListItem","position":1,"name":"La Barraca","item":"https:\/\/labarraca1912.es\/"},{"@type":"ListItem","position":2,"name":"Tienda","item":"https:\/\/labarraca1912.es\/tienda\/"},{"@type":"ListItem","position":3,"name":"Preparado para Hamburguesas 1250g"}]},{"@type":"WebSite","@id":"https:\/\/labarraca1912.es\/#website","url":"https:\/\/labarraca1912.es\/","name":"La Barraca","description":"La Casa del Sabor","publisher":{"@id":"https:\/\/labarraca1912.es\/#organization"},"potentialAction":[{"@type":"SearchAction","target":{"@type":"EntryPoint","urlTemplate":"https:\/\/labarraca1912.es\/?s={search_term_string}"},"query-input":{"@type":"PropertyValueSpecification","valueRequired":true,"valueName":"search_term_string"}}],"inLanguage":"fr-FR"},{"@type":"Organization","@id":"https:\/\/labarraca1912.es\/#organization","name":"La Barraca 1912 Alimentacion","url":"https:\/\/labarraca1912.es\/","logo":{"@type":"ImageObject","inLanguage":"fr-FR","@id":"https:\/\/labarraca1912.es\/#\/schema\/logo\/image\/","url":"https:\/\/labarraca1912.es\/wp-content\/uploads\/2019\/06\/logo-labarraca.png","contentUrl":"https:\/\/labarraca1912.es\/wp-content\/uploads\/2019\/06\/logo-labarraca.png","width":2917,"height":1809,"caption":"La Barraca 1912 Alimentacion"},"image":{"@id":"https:\/\/labarraca1912.es\/#\/schema\/logo\/image\/"}}]}},"_links":{"self":[{"href":"https:\/\/labarraca1912.es\/fr\/wp-json\/wp\/v2\/product\/6004","targetHints":{"allow":["GET"]}}],"collection":[{"href":"https:\/\/labarraca1912.es\/fr\/wp-json\/wp\/v2\/product"}],"about":[{"href":"https:\/\/labarraca1912.es\/fr\/wp-json\/wp\/v2\/types\/product"}],"replies":[{"embeddable":true,"href":"https:\/\/labarraca1912.es\/fr\/wp-json\/wp\/v2\/comments?post=6004"}],"wp:featuredmedia":[{"embeddable":true,"href":"https:\/\/labarraca1912.es\/fr\/wp-json\/wp\/v2\/media\/13640"}],"wp:attachment":[{"href":"https:\/\/labarraca1912.es\/fr\/wp-json\/wp\/v2\/media?parent=6004"}],"wp:term":[{"taxonomy":"product_brand","embeddable":true,"href":"https:\/\/labarraca1912.es\/fr\/wp-json\/wp\/v2\/product_brand?post=6004"},{"taxonomy":"product_cat","embeddable":true,"href":"https:\/\/labarraca1912.es\/fr\/wp-json\/wp\/v2\/product_cat?post=6004"},{"taxonomy":"product_tag","embeddable":true,"href":"https:\/\/labarraca1912.es\/fr\/wp-json\/wp\/v2\/product_tag?post=6004"}],"curies":[{"name":"wp","href":"https:\/\/api.w.org\/{rel}","templated":true}]}}