{"id":6375,"date":"2021-01-18T11:37:43","date_gmt":"2021-01-18T10:37:43","guid":{"rendered":"https:\/\/labarraca1912.es\/?post_type=product&#038;p=6375"},"modified":"2026-04-11T02:49:41","modified_gmt":"2026-04-11T00:49:41","slug":"pimenton-dulce","status":"publish","type":"product","link":"https:\/\/labarraca1912.es\/fr\/tienda\/especias-y-condimentos\/pimenton-dulce\/","title":{"rendered":"Piment Doux"},"content":{"rendered":"<p>PIMENT DOUX: Le Piment vient d\u2019Am\u00e9rique et son utilisation est r\u00e9pandue dans le monde entier. Il s'agit d'un assaisonnement en poudre de couleur rouge et de saveur caract\u00e9ristique obtenu par s\u00e9chage et broyage de certaines vari\u00e9t\u00e9s de poivrons rouges. Il apporte une touche tr\u00e8s particuli\u00e8re aux plats auxquels il est ajout\u00e9, comme le riz, les paellas, les pommes de terre, la marinade de chorizo \u200b\u200bou le poulpe \u00e0 la galicienne.<\/p>\n<p><strong>Piment Doux:<\/strong>\u00a0Il donne une teinte rouge aux aliments dans lesquels il est incorpor\u00e9, en plus de la saveur et de l'ar\u00f4me caract\u00e9ristiques.<\/p>","protected":false},"excerpt":{"rendered":"<blockquote>\n<h2><strong>Piment Doux<\/strong><\/h2>\n<\/blockquote>\n<p><img decoding=\"async\" class=\"alignnone wp-image-10937\" src=\"https:\/\/labarraca1912.es\/wp-content\/uploads\/glutenfree.jpg\" alt=\"\" width=\"203\" height=\"35\" \/><\/p>\n<p>Le Piment vient d\u2019Am\u00e9rique et son utilisation est r\u00e9pandue dans le monde entier. Il s'agit d'un assaisonnement en poudre de couleur rouge et de saveur caract\u00e9ristique obtenu par s\u00e9chage et broyage de certaines vari\u00e9t\u00e9s de poivrons rouges. Il apporte une touche tr\u00e8s particuli\u00e8re aux plats auxquels il est ajout\u00e9, comme le riz, les paellas, les pommes de terre, la marinade de chorizo \u200b\u200bou le poulpe \u00e0 la galicienne.<\/p>\n<p>Il donne une teinte rouge aux aliments dans lesquels il est incorpor\u00e9, en plus de la saveur et de l'ar\u00f4me caract\u00e9ristiques.<\/p>\n<p><em><strong>Ingr\u00e9dients:<\/strong><\/em> Piment doux.<\/p>","protected":false},"featured_media":11654,"comment_status":"open","ping_status":"closed","template":"","meta":{"_et_pb_use_builder":"","_et_pb_old_content":"","_et_gb_content_width":""},"product_brand":[],"product_cat":[23,19],"product_tag":[39,35,38,36,40,37],"class_list":{"0":"post-6375","1":"product","2":"type-product","3":"status-publish","4":"has-post-thumbnail","6":"product_cat-pimenton","7":"product_cat-especias-y-condimentos","8":"product_tag-arroz","9":"product_tag-azafran","10":"product_tag-colorante","11":"product_tag-paella","12":"product_tag-pimenton","13":"product_tag-saffron","15":"first","16":"instock","17":"taxable","18":"shipping-taxable","19":"purchasable","20":"product-type-variable"},"yoast_head":"<!-- This site is optimized with the Yoast SEO plugin v27.4 - https:\/\/yoast.com\/product\/yoast-seo-wordpress\/ -->\n<title>Comprar Piment\u00f3n Dulce de Calidad | La Barraca<\/title>\n<meta name=\"description\" content=\"Piment\u00f3n dulce en polvo, sabor y aroma \u00fanicos para arroces, paellas, carnes y pulpo a la gallega. A\u00f1ade color y sabor a tus recetas con La Barraca.\" \/>\n<meta name=\"robots\" content=\"index, follow, max-snippet:-1, max-image-preview:large, max-video-preview:-1\" \/>\n<link rel=\"canonical\" href=\"https:\/\/labarraca1912.es\/fr\/tienda\/especias-y-condimentos\/pimenton-dulce\/\" \/>\n<meta property=\"og:locale\" content=\"fr_FR\" \/>\n<meta property=\"og:type\" content=\"article\" \/>\n<meta property=\"og:title\" content=\"Comprar Piment\u00f3n Dulce de Calidad | La Barraca\" \/>\n<meta property=\"og:description\" content=\"Piment\u00f3n dulce en polvo, sabor y aroma \u00fanicos para arroces, paellas, carnes y pulpo a la gallega. A\u00f1ade color y sabor a tus recetas con La Barraca.\" \/>\n<meta property=\"og:url\" content=\"https:\/\/labarraca1912.es\/fr\/tienda\/especias-y-condimentos\/pimenton-dulce\/\" \/>\n<meta property=\"og:site_name\" content=\"La Barraca\" \/>\n<meta property=\"article:modified_time\" content=\"2026-04-11T00:49:41+00:00\" \/>\n<meta property=\"og:image\" content=\"https:\/\/labarraca1912.es\/wp-content\/uploads\/bmpimentondulce2024.jpg\" \/>\n\t<meta property=\"og:image:width\" content=\"800\" \/>\n\t<meta property=\"og:image:height\" content=\"800\" \/>\n\t<meta property=\"og:image:type\" content=\"image\/jpeg\" \/>\n<meta name=\"twitter:card\" content=\"summary_large_image\" \/>\n<meta name=\"twitter:label1\" content=\"Dur\u00e9e de lecture estim\u00e9e\" \/>\n\t<meta name=\"twitter:data1\" content=\"1 minute\" \/>\n<script type=\"application\/ld+json\" class=\"yoast-schema-graph\">{\"@context\":\"https:\\\/\\\/schema.org\",\"@graph\":[{\"@type\":\"WebPage\",\"@id\":\"https:\\\/\\\/labarraca1912.es\\\/tienda\\\/especias-y-condimentos\\\/pimenton-dulce\\\/\",\"url\":\"https:\\\/\\\/labarraca1912.es\\\/tienda\\\/especias-y-condimentos\\\/pimenton-dulce\\\/\",\"name\":\"Comprar Piment\u00f3n Dulce de Calidad | La Barraca\",\"isPartOf\":{\"@id\":\"https:\\\/\\\/labarraca1912.es\\\/#website\"},\"primaryImageOfPage\":{\"@id\":\"https:\\\/\\\/labarraca1912.es\\\/tienda\\\/especias-y-condimentos\\\/pimenton-dulce\\\/#primaryimage\"},\"image\":{\"@id\":\"https:\\\/\\\/labarraca1912.es\\\/tienda\\\/especias-y-condimentos\\\/pimenton-dulce\\\/#primaryimage\"},\"thumbnailUrl\":\"https:\\\/\\\/labarraca1912.es\\\/wp-content\\\/uploads\\\/bmpimentondulce2024.jpg\",\"datePublished\":\"2021-01-18T10:37:43+00:00\",\"dateModified\":\"2026-04-11T00:49:41+00:00\",\"description\":\"Piment\u00f3n dulce en polvo, sabor y aroma \u00fanicos para arroces, paellas, carnes y pulpo a la gallega. A\u00f1ade color y sabor a tus recetas con La Barraca.\",\"breadcrumb\":{\"@id\":\"https:\\\/\\\/labarraca1912.es\\\/tienda\\\/especias-y-condimentos\\\/pimenton-dulce\\\/#breadcrumb\"},\"inLanguage\":\"fr-FR\",\"potentialAction\":[{\"@type\":\"ReadAction\",\"target\":[\"https:\\\/\\\/labarraca1912.es\\\/tienda\\\/especias-y-condimentos\\\/pimenton-dulce\\\/\"]}]},{\"@type\":\"ImageObject\",\"inLanguage\":\"fr-FR\",\"@id\":\"https:\\\/\\\/labarraca1912.es\\\/tienda\\\/especias-y-condimentos\\\/pimenton-dulce\\\/#primaryimage\",\"url\":\"https:\\\/\\\/labarraca1912.es\\\/wp-content\\\/uploads\\\/bmpimentondulce2024.jpg\",\"contentUrl\":\"https:\\\/\\\/labarraca1912.es\\\/wp-content\\\/uploads\\\/bmpimentondulce2024.jpg\",\"width\":800,\"height\":800},{\"@type\":\"BreadcrumbList\",\"@id\":\"https:\\\/\\\/labarraca1912.es\\\/tienda\\\/especias-y-condimentos\\\/pimenton-dulce\\\/#breadcrumb\",\"itemListElement\":[{\"@type\":\"ListItem\",\"position\":1,\"name\":\"La Barraca\",\"item\":\"https:\\\/\\\/labarraca1912.es\\\/\"},{\"@type\":\"ListItem\",\"position\":2,\"name\":\"Tienda\",\"item\":\"https:\\\/\\\/labarraca1912.es\\\/tienda\\\/\"},{\"@type\":\"ListItem\",\"position\":3,\"name\":\"Piment\u00f3n Dulce\"}]},{\"@type\":\"WebSite\",\"@id\":\"https:\\\/\\\/labarraca1912.es\\\/#website\",\"url\":\"https:\\\/\\\/labarraca1912.es\\\/\",\"name\":\"La Barraca\",\"description\":\"La Casa del Sabor\",\"publisher\":{\"@id\":\"https:\\\/\\\/labarraca1912.es\\\/#organization\"},\"potentialAction\":[{\"@type\":\"SearchAction\",\"target\":{\"@type\":\"EntryPoint\",\"urlTemplate\":\"https:\\\/\\\/labarraca1912.es\\\/?s={search_term_string}\"},\"query-input\":{\"@type\":\"PropertyValueSpecification\",\"valueRequired\":true,\"valueName\":\"search_term_string\"}}],\"inLanguage\":\"fr-FR\"},{\"@type\":\"Organization\",\"@id\":\"https:\\\/\\\/labarraca1912.es\\\/#organization\",\"name\":\"La Barraca 1912 Alimentacion\",\"url\":\"https:\\\/\\\/labarraca1912.es\\\/\",\"logo\":{\"@type\":\"ImageObject\",\"inLanguage\":\"fr-FR\",\"@id\":\"https:\\\/\\\/labarraca1912.es\\\/#\\\/schema\\\/logo\\\/image\\\/\",\"url\":\"https:\\\/\\\/labarraca1912.es\\\/wp-content\\\/uploads\\\/2019\\\/06\\\/logo-labarraca.png\",\"contentUrl\":\"https:\\\/\\\/labarraca1912.es\\\/wp-content\\\/uploads\\\/2019\\\/06\\\/logo-labarraca.png\",\"width\":2917,\"height\":1809,\"caption\":\"La Barraca 1912 Alimentacion\"},\"image\":{\"@id\":\"https:\\\/\\\/labarraca1912.es\\\/#\\\/schema\\\/logo\\\/image\\\/\"}}]}<\/script>\n<!-- \/ Yoast SEO plugin. -->","yoast_head_json":{"title":"Comprar Piment\u00f3n Dulce de Calidad | La Barraca","description":"Piment\u00f3n dulce en polvo, sabor y aroma \u00fanicos para arroces, paellas, carnes y pulpo a la gallega. A\u00f1ade color y sabor a tus recetas con La Barraca.","robots":{"index":"index","follow":"follow","max-snippet":"max-snippet:-1","max-image-preview":"max-image-preview:large","max-video-preview":"max-video-preview:-1"},"canonical":"https:\/\/labarraca1912.es\/fr\/tienda\/especias-y-condimentos\/pimenton-dulce\/","og_locale":"fr_FR","og_type":"article","og_title":"Comprar Piment\u00f3n Dulce de Calidad | La Barraca","og_description":"Piment\u00f3n dulce en polvo, sabor y aroma \u00fanicos para arroces, paellas, carnes y pulpo a la gallega. A\u00f1ade color y sabor a tus recetas con La Barraca.","og_url":"https:\/\/labarraca1912.es\/fr\/tienda\/especias-y-condimentos\/pimenton-dulce\/","og_site_name":"La Barraca","article_modified_time":"2026-04-11T00:49:41+00:00","og_image":[{"width":800,"height":800,"url":"https:\/\/labarraca1912.es\/wp-content\/uploads\/bmpimentondulce2024.jpg","type":"image\/jpeg"}],"twitter_card":"summary_large_image","twitter_misc":{"Dur\u00e9e de lecture estim\u00e9e":"1 minute"},"schema":{"@context":"https:\/\/schema.org","@graph":[{"@type":"WebPage","@id":"https:\/\/labarraca1912.es\/tienda\/especias-y-condimentos\/pimenton-dulce\/","url":"https:\/\/labarraca1912.es\/tienda\/especias-y-condimentos\/pimenton-dulce\/","name":"Comprar Piment\u00f3n Dulce de Calidad | La Barraca","isPartOf":{"@id":"https:\/\/labarraca1912.es\/#website"},"primaryImageOfPage":{"@id":"https:\/\/labarraca1912.es\/tienda\/especias-y-condimentos\/pimenton-dulce\/#primaryimage"},"image":{"@id":"https:\/\/labarraca1912.es\/tienda\/especias-y-condimentos\/pimenton-dulce\/#primaryimage"},"thumbnailUrl":"https:\/\/labarraca1912.es\/wp-content\/uploads\/bmpimentondulce2024.jpg","datePublished":"2021-01-18T10:37:43+00:00","dateModified":"2026-04-11T00:49:41+00:00","description":"Piment\u00f3n dulce en polvo, sabor y aroma \u00fanicos para arroces, paellas, carnes y pulpo a la gallega. A\u00f1ade color y sabor a tus recetas con La Barraca.","breadcrumb":{"@id":"https:\/\/labarraca1912.es\/tienda\/especias-y-condimentos\/pimenton-dulce\/#breadcrumb"},"inLanguage":"fr-FR","potentialAction":[{"@type":"ReadAction","target":["https:\/\/labarraca1912.es\/tienda\/especias-y-condimentos\/pimenton-dulce\/"]}]},{"@type":"ImageObject","inLanguage":"fr-FR","@id":"https:\/\/labarraca1912.es\/tienda\/especias-y-condimentos\/pimenton-dulce\/#primaryimage","url":"https:\/\/labarraca1912.es\/wp-content\/uploads\/bmpimentondulce2024.jpg","contentUrl":"https:\/\/labarraca1912.es\/wp-content\/uploads\/bmpimentondulce2024.jpg","width":800,"height":800},{"@type":"BreadcrumbList","@id":"https:\/\/labarraca1912.es\/tienda\/especias-y-condimentos\/pimenton-dulce\/#breadcrumb","itemListElement":[{"@type":"ListItem","position":1,"name":"La Barraca","item":"https:\/\/labarraca1912.es\/"},{"@type":"ListItem","position":2,"name":"Tienda","item":"https:\/\/labarraca1912.es\/tienda\/"},{"@type":"ListItem","position":3,"name":"Piment\u00f3n Dulce"}]},{"@type":"WebSite","@id":"https:\/\/labarraca1912.es\/#website","url":"https:\/\/labarraca1912.es\/","name":"La Barraca","description":"La Casa del Sabor","publisher":{"@id":"https:\/\/labarraca1912.es\/#organization"},"potentialAction":[{"@type":"SearchAction","target":{"@type":"EntryPoint","urlTemplate":"https:\/\/labarraca1912.es\/?s={search_term_string}"},"query-input":{"@type":"PropertyValueSpecification","valueRequired":true,"valueName":"search_term_string"}}],"inLanguage":"fr-FR"},{"@type":"Organization","@id":"https:\/\/labarraca1912.es\/#organization","name":"La Barraca 1912 Alimentacion","url":"https:\/\/labarraca1912.es\/","logo":{"@type":"ImageObject","inLanguage":"fr-FR","@id":"https:\/\/labarraca1912.es\/#\/schema\/logo\/image\/","url":"https:\/\/labarraca1912.es\/wp-content\/uploads\/2019\/06\/logo-labarraca.png","contentUrl":"https:\/\/labarraca1912.es\/wp-content\/uploads\/2019\/06\/logo-labarraca.png","width":2917,"height":1809,"caption":"La Barraca 1912 Alimentacion"},"image":{"@id":"https:\/\/labarraca1912.es\/#\/schema\/logo\/image\/"}}]}},"_links":{"self":[{"href":"https:\/\/labarraca1912.es\/fr\/wp-json\/wp\/v2\/product\/6375","targetHints":{"allow":["GET"]}}],"collection":[{"href":"https:\/\/labarraca1912.es\/fr\/wp-json\/wp\/v2\/product"}],"about":[{"href":"https:\/\/labarraca1912.es\/fr\/wp-json\/wp\/v2\/types\/product"}],"replies":[{"embeddable":true,"href":"https:\/\/labarraca1912.es\/fr\/wp-json\/wp\/v2\/comments?post=6375"}],"wp:featuredmedia":[{"embeddable":true,"href":"https:\/\/labarraca1912.es\/fr\/wp-json\/wp\/v2\/media\/11654"}],"wp:attachment":[{"href":"https:\/\/labarraca1912.es\/fr\/wp-json\/wp\/v2\/media?parent=6375"}],"wp:term":[{"taxonomy":"product_brand","embeddable":true,"href":"https:\/\/labarraca1912.es\/fr\/wp-json\/wp\/v2\/product_brand?post=6375"},{"taxonomy":"product_cat","embeddable":true,"href":"https:\/\/labarraca1912.es\/fr\/wp-json\/wp\/v2\/product_cat?post=6375"},{"taxonomy":"product_tag","embeddable":true,"href":"https:\/\/labarraca1912.es\/fr\/wp-json\/wp\/v2\/product_tag?post=6375"}],"curies":[{"name":"wp","href":"https:\/\/api.w.org\/{rel}","templated":true}]}}