{"id":6387,"date":"2021-01-18T12:04:03","date_gmt":"2021-01-18T11:04:03","guid":{"rendered":"https:\/\/labarraca1912.es\/?post_type=product&#038;p=6387"},"modified":"2026-03-09T12:39:24","modified_gmt":"2026-03-09T11:39:24","slug":"sazonador-pinchos-amarillos","status":"publish","type":"product","link":"https:\/\/labarraca1912.es\/fr\/tienda\/sazonadores\/sazonador-pinchos-amarillos\/","title":{"rendered":"Assaisonnement Brochettes Jaunes"},"content":{"rendered":"<p>ASSAISONNEMENT BROCHETTES JAUNES: L\u2019assaisonnement pour brochettes jaunes est compos\u00e9 d\u2019un m\u00e9lange d\u2019\u00e9pices moulues, d\u2019herbes et d\u2019assaisonnements.<\/p>\n<p><strong>Assaisonnement Brochettes Jaunes:<\/strong> Il rehausse les saveurs des aliments auxquels il est ajout\u00e9 et est principalement utilis\u00e9 pour donner une saveur et un ar\u00f4me particuliers. Il est normalement utilis\u00e9 dans le porc, l'agneau et le b\u0153uf.<\/p>","protected":false},"excerpt":{"rendered":"<blockquote>\n<h2><strong>Assaisonnement Brochettes Jaunes<\/strong><\/h2>\n<\/blockquote>\n<p>L\u2019assaisonnement pour brochettes jaunes est compos\u00e9 d\u2019un m\u00e9lange d\u2019\u00e9pices moulues, d\u2019herbes et d\u2019assaisonnements. Il rehausse les saveurs des aliments auxquels il est ajout\u00e9 et est principalement utilis\u00e9 pour donner une saveur et un ar\u00f4me particuliers. Il est normalement utilis\u00e9 dans le porc, l'agneau et le b\u0153uf.<\/p>\n<p><em><strong>Ingr\u00e9dients:<\/strong><\/em> Sel, curcuma, poivre, gingembre, cumin, ail et sucre.<\/p>\n<p>Peut contenir des traces de <strong>APIO, S\u00c9SAMO, GLUTEN, MOSTAZA, CACAHUETES y SULFITOS.<\/strong> Ajoutez 30-40g\/kg \u00e0 la viande, selon le degr\u00e9 de salinit\u00e9 que vous souhaitez obtenir.<\/p>\n<p><strong><em>D\u00e9claration nutritionnelle. Valeurs moyennes per 100g de produit: <\/em><\/strong>\u00c9nergie: 719 kJ\/170 kcal. Graisses: 2,9g. Dont acides gras satur\u00e9s: 0,43g. Glucides: 32g. Dont sucres: 10g. Prot\u00e9ines: 4g. Sel: 58,2g.<\/p>","protected":false},"featured_media":10645,"comment_status":"open","ping_status":"closed","template":"","meta":{"_et_pb_use_builder":"","_et_pb_old_content":"","_et_gb_content_width":""},"product_brand":[],"product_cat":[22],"product_tag":[170,92,169,93,119],"class_list":{"0":"post-6387","1":"product","2":"type-product","3":"status-publish","4":"has-post-thumbnail","6":"product_cat-sazonadores","7":"product_tag-amarillos","8":"product_tag-curry","9":"product_tag-pinchos","10":"product_tag-pollo","11":"product_tag-sazonador","13":"first","14":"instock","15":"taxable","16":"shipping-taxable","17":"purchasable","18":"product-type-variable"},"yoast_head":"<!-- This site is optimized with the Yoast SEO plugin v27.5 - https:\/\/yoast.com\/product\/yoast-seo-wordpress\/ -->\n<title>Comprar Sazonador Pinchos Amarillos | La Barraca<\/title>\n<meta name=\"description\" content=\"Mezcla de especias, hierbas y condimentos para potenciar el sabor de carnes de cerdo, cordero y ternera. Ideal para pinchos y asados.\" \/>\n<meta name=\"robots\" content=\"index, follow, max-snippet:-1, max-image-preview:large, max-video-preview:-1\" \/>\n<link rel=\"canonical\" href=\"https:\/\/labarraca1912.es\/fr\/tienda\/sazonadores\/sazonador-pinchos-amarillos\/\" \/>\n<meta property=\"og:locale\" content=\"fr_FR\" \/>\n<meta property=\"og:type\" content=\"article\" \/>\n<meta property=\"og:title\" content=\"Comprar Sazonador Pinchos Amarillos | La Barraca\" \/>\n<meta property=\"og:description\" content=\"Mezcla de especias, hierbas y condimentos para potenciar el sabor de carnes de cerdo, cordero y ternera. Ideal para pinchos y asados.\" \/>\n<meta property=\"og:url\" content=\"https:\/\/labarraca1912.es\/fr\/tienda\/sazonadores\/sazonador-pinchos-amarillos\/\" \/>\n<meta property=\"og:site_name\" content=\"La Barraca\" \/>\n<meta property=\"article:modified_time\" content=\"2026-03-09T11:39:24+00:00\" \/>\n<meta property=\"og:image\" content=\"https:\/\/labarraca1912.es\/wp-content\/uploads\/sazpinchosamarillosmini2024.jpg\" \/>\n\t<meta property=\"og:image:width\" content=\"800\" \/>\n\t<meta property=\"og:image:height\" content=\"800\" \/>\n\t<meta property=\"og:image:type\" content=\"image\/jpeg\" \/>\n<meta name=\"twitter:card\" content=\"summary_large_image\" \/>\n<meta name=\"twitter:label1\" content=\"Dur\u00e9e de lecture estim\u00e9e\" \/>\n\t<meta name=\"twitter:data1\" content=\"1 minute\" \/>\n<script type=\"application\/ld+json\" class=\"yoast-schema-graph\">{\"@context\":\"https:\\\/\\\/schema.org\",\"@graph\":[{\"@type\":\"WebPage\",\"@id\":\"https:\\\/\\\/labarraca1912.es\\\/tienda\\\/sazonadores\\\/sazonador-pinchos-amarillos\\\/\",\"url\":\"https:\\\/\\\/labarraca1912.es\\\/tienda\\\/sazonadores\\\/sazonador-pinchos-amarillos\\\/\",\"name\":\"Comprar Sazonador Pinchos Amarillos | La Barraca\",\"isPartOf\":{\"@id\":\"https:\\\/\\\/labarraca1912.es\\\/#website\"},\"primaryImageOfPage\":{\"@id\":\"https:\\\/\\\/labarraca1912.es\\\/tienda\\\/sazonadores\\\/sazonador-pinchos-amarillos\\\/#primaryimage\"},\"image\":{\"@id\":\"https:\\\/\\\/labarraca1912.es\\\/tienda\\\/sazonadores\\\/sazonador-pinchos-amarillos\\\/#primaryimage\"},\"thumbnailUrl\":\"https:\\\/\\\/labarraca1912.es\\\/wp-content\\\/uploads\\\/sazpinchosamarillosmini2024.jpg\",\"datePublished\":\"2021-01-18T11:04:03+00:00\",\"dateModified\":\"2026-03-09T11:39:24+00:00\",\"description\":\"Mezcla de especias, hierbas y condimentos para potenciar el sabor de carnes de cerdo, cordero y ternera. Ideal para pinchos y asados.\",\"breadcrumb\":{\"@id\":\"https:\\\/\\\/labarraca1912.es\\\/tienda\\\/sazonadores\\\/sazonador-pinchos-amarillos\\\/#breadcrumb\"},\"inLanguage\":\"fr-FR\",\"potentialAction\":[{\"@type\":\"ReadAction\",\"target\":[\"https:\\\/\\\/labarraca1912.es\\\/tienda\\\/sazonadores\\\/sazonador-pinchos-amarillos\\\/\"]}]},{\"@type\":\"ImageObject\",\"inLanguage\":\"fr-FR\",\"@id\":\"https:\\\/\\\/labarraca1912.es\\\/tienda\\\/sazonadores\\\/sazonador-pinchos-amarillos\\\/#primaryimage\",\"url\":\"https:\\\/\\\/labarraca1912.es\\\/wp-content\\\/uploads\\\/sazpinchosamarillosmini2024.jpg\",\"contentUrl\":\"https:\\\/\\\/labarraca1912.es\\\/wp-content\\\/uploads\\\/sazpinchosamarillosmini2024.jpg\",\"width\":800,\"height\":800},{\"@type\":\"BreadcrumbList\",\"@id\":\"https:\\\/\\\/labarraca1912.es\\\/tienda\\\/sazonadores\\\/sazonador-pinchos-amarillos\\\/#breadcrumb\",\"itemListElement\":[{\"@type\":\"ListItem\",\"position\":1,\"name\":\"La Barraca\",\"item\":\"https:\\\/\\\/labarraca1912.es\\\/\"},{\"@type\":\"ListItem\",\"position\":2,\"name\":\"Tienda\",\"item\":\"https:\\\/\\\/labarraca1912.es\\\/tienda\\\/\"},{\"@type\":\"ListItem\",\"position\":3,\"name\":\"Sazonador Pinchos Amarillos\"}]},{\"@type\":\"WebSite\",\"@id\":\"https:\\\/\\\/labarraca1912.es\\\/#website\",\"url\":\"https:\\\/\\\/labarraca1912.es\\\/\",\"name\":\"La Barraca\",\"description\":\"La Casa del Sabor\",\"publisher\":{\"@id\":\"https:\\\/\\\/labarraca1912.es\\\/#organization\"},\"potentialAction\":[{\"@type\":\"SearchAction\",\"target\":{\"@type\":\"EntryPoint\",\"urlTemplate\":\"https:\\\/\\\/labarraca1912.es\\\/?s={search_term_string}\"},\"query-input\":{\"@type\":\"PropertyValueSpecification\",\"valueRequired\":true,\"valueName\":\"search_term_string\"}}],\"inLanguage\":\"fr-FR\"},{\"@type\":\"Organization\",\"@id\":\"https:\\\/\\\/labarraca1912.es\\\/#organization\",\"name\":\"La Barraca 1912 Alimentacion\",\"url\":\"https:\\\/\\\/labarraca1912.es\\\/\",\"logo\":{\"@type\":\"ImageObject\",\"inLanguage\":\"fr-FR\",\"@id\":\"https:\\\/\\\/labarraca1912.es\\\/#\\\/schema\\\/logo\\\/image\\\/\",\"url\":\"https:\\\/\\\/labarraca1912.es\\\/wp-content\\\/uploads\\\/2019\\\/06\\\/logo-labarraca.png\",\"contentUrl\":\"https:\\\/\\\/labarraca1912.es\\\/wp-content\\\/uploads\\\/2019\\\/06\\\/logo-labarraca.png\",\"width\":2917,\"height\":1809,\"caption\":\"La Barraca 1912 Alimentacion\"},\"image\":{\"@id\":\"https:\\\/\\\/labarraca1912.es\\\/#\\\/schema\\\/logo\\\/image\\\/\"}}]}<\/script>\n<!-- \/ Yoast SEO plugin. -->","yoast_head_json":{"title":"Comprar Sazonador Pinchos Amarillos | La Barraca","description":"Mezcla de especias, hierbas y condimentos para potenciar el sabor de carnes de cerdo, cordero y ternera. Ideal para pinchos y asados.","robots":{"index":"index","follow":"follow","max-snippet":"max-snippet:-1","max-image-preview":"max-image-preview:large","max-video-preview":"max-video-preview:-1"},"canonical":"https:\/\/labarraca1912.es\/fr\/tienda\/sazonadores\/sazonador-pinchos-amarillos\/","og_locale":"fr_FR","og_type":"article","og_title":"Comprar Sazonador Pinchos Amarillos | La Barraca","og_description":"Mezcla de especias, hierbas y condimentos para potenciar el sabor de carnes de cerdo, cordero y ternera. Ideal para pinchos y asados.","og_url":"https:\/\/labarraca1912.es\/fr\/tienda\/sazonadores\/sazonador-pinchos-amarillos\/","og_site_name":"La Barraca","article_modified_time":"2026-03-09T11:39:24+00:00","og_image":[{"width":800,"height":800,"url":"https:\/\/labarraca1912.es\/wp-content\/uploads\/sazpinchosamarillosmini2024.jpg","type":"image\/jpeg"}],"twitter_card":"summary_large_image","twitter_misc":{"Dur\u00e9e de lecture estim\u00e9e":"1 minute"},"schema":{"@context":"https:\/\/schema.org","@graph":[{"@type":"WebPage","@id":"https:\/\/labarraca1912.es\/tienda\/sazonadores\/sazonador-pinchos-amarillos\/","url":"https:\/\/labarraca1912.es\/tienda\/sazonadores\/sazonador-pinchos-amarillos\/","name":"Comprar Sazonador Pinchos Amarillos | La Barraca","isPartOf":{"@id":"https:\/\/labarraca1912.es\/#website"},"primaryImageOfPage":{"@id":"https:\/\/labarraca1912.es\/tienda\/sazonadores\/sazonador-pinchos-amarillos\/#primaryimage"},"image":{"@id":"https:\/\/labarraca1912.es\/tienda\/sazonadores\/sazonador-pinchos-amarillos\/#primaryimage"},"thumbnailUrl":"https:\/\/labarraca1912.es\/wp-content\/uploads\/sazpinchosamarillosmini2024.jpg","datePublished":"2021-01-18T11:04:03+00:00","dateModified":"2026-03-09T11:39:24+00:00","description":"Mezcla de especias, hierbas y condimentos para potenciar el sabor de carnes de cerdo, cordero y ternera. Ideal para pinchos y asados.","breadcrumb":{"@id":"https:\/\/labarraca1912.es\/tienda\/sazonadores\/sazonador-pinchos-amarillos\/#breadcrumb"},"inLanguage":"fr-FR","potentialAction":[{"@type":"ReadAction","target":["https:\/\/labarraca1912.es\/tienda\/sazonadores\/sazonador-pinchos-amarillos\/"]}]},{"@type":"ImageObject","inLanguage":"fr-FR","@id":"https:\/\/labarraca1912.es\/tienda\/sazonadores\/sazonador-pinchos-amarillos\/#primaryimage","url":"https:\/\/labarraca1912.es\/wp-content\/uploads\/sazpinchosamarillosmini2024.jpg","contentUrl":"https:\/\/labarraca1912.es\/wp-content\/uploads\/sazpinchosamarillosmini2024.jpg","width":800,"height":800},{"@type":"BreadcrumbList","@id":"https:\/\/labarraca1912.es\/tienda\/sazonadores\/sazonador-pinchos-amarillos\/#breadcrumb","itemListElement":[{"@type":"ListItem","position":1,"name":"La Barraca","item":"https:\/\/labarraca1912.es\/"},{"@type":"ListItem","position":2,"name":"Tienda","item":"https:\/\/labarraca1912.es\/tienda\/"},{"@type":"ListItem","position":3,"name":"Sazonador Pinchos Amarillos"}]},{"@type":"WebSite","@id":"https:\/\/labarraca1912.es\/#website","url":"https:\/\/labarraca1912.es\/","name":"La Barraca","description":"La Casa del Sabor","publisher":{"@id":"https:\/\/labarraca1912.es\/#organization"},"potentialAction":[{"@type":"SearchAction","target":{"@type":"EntryPoint","urlTemplate":"https:\/\/labarraca1912.es\/?s={search_term_string}"},"query-input":{"@type":"PropertyValueSpecification","valueRequired":true,"valueName":"search_term_string"}}],"inLanguage":"fr-FR"},{"@type":"Organization","@id":"https:\/\/labarraca1912.es\/#organization","name":"La Barraca 1912 Alimentacion","url":"https:\/\/labarraca1912.es\/","logo":{"@type":"ImageObject","inLanguage":"fr-FR","@id":"https:\/\/labarraca1912.es\/#\/schema\/logo\/image\/","url":"https:\/\/labarraca1912.es\/wp-content\/uploads\/2019\/06\/logo-labarraca.png","contentUrl":"https:\/\/labarraca1912.es\/wp-content\/uploads\/2019\/06\/logo-labarraca.png","width":2917,"height":1809,"caption":"La Barraca 1912 Alimentacion"},"image":{"@id":"https:\/\/labarraca1912.es\/#\/schema\/logo\/image\/"}}]}},"_links":{"self":[{"href":"https:\/\/labarraca1912.es\/fr\/wp-json\/wp\/v2\/product\/6387","targetHints":{"allow":["GET"]}}],"collection":[{"href":"https:\/\/labarraca1912.es\/fr\/wp-json\/wp\/v2\/product"}],"about":[{"href":"https:\/\/labarraca1912.es\/fr\/wp-json\/wp\/v2\/types\/product"}],"replies":[{"embeddable":true,"href":"https:\/\/labarraca1912.es\/fr\/wp-json\/wp\/v2\/comments?post=6387"}],"wp:featuredmedia":[{"embeddable":true,"href":"https:\/\/labarraca1912.es\/fr\/wp-json\/wp\/v2\/media\/10645"}],"wp:attachment":[{"href":"https:\/\/labarraca1912.es\/fr\/wp-json\/wp\/v2\/media?parent=6387"}],"wp:term":[{"taxonomy":"product_brand","embeddable":true,"href":"https:\/\/labarraca1912.es\/fr\/wp-json\/wp\/v2\/product_brand?post=6387"},{"taxonomy":"product_cat","embeddable":true,"href":"https:\/\/labarraca1912.es\/fr\/wp-json\/wp\/v2\/product_cat?post=6387"},{"taxonomy":"product_tag","embeddable":true,"href":"https:\/\/labarraca1912.es\/fr\/wp-json\/wp\/v2\/product_tag?post=6387"}],"curies":[{"name":"wp","href":"https:\/\/api.w.org\/{rel}","templated":true}]}}