{"id":6803,"date":"2021-03-23T08:37:03","date_gmt":"2021-03-23T07:37:03","guid":{"rendered":"https:\/\/labarraca1912.es\/?post_type=product&#038;p=6803"},"modified":"2026-03-31T14:52:11","modified_gmt":"2026-03-31T12:52:11","slug":"carne-de-nora-140g","status":"publish","type":"product","link":"https:\/\/labarraca1912.es\/fr\/tienda\/pimenton\/carne-de-nora-140g\/","title":{"rendered":"Viande de Piment (\u00d1ora) 140g"},"content":{"rendered":"<p>CARNE DE \u00d1ORA\u00a0 &#8211; 140G: La Carne de \u00d1ora proviene de la pulpa extra\u00edda de pimientos de color rojo-granate que provienen de los frutos secos, maduros y limpios del Capsicum Annum.<\/p>\n<p><strong>Viande de Piment (\u00d1ora): <\/strong>Il est largement utilis\u00e9 dans les rago\u00fbts de poisson, les soupes de l\u00e9gumes et de l\u00e9gumineuses, avec la morue et le riz. Rehausse la couleur et la saveur de tous les plats qu'il assaisonne.<\/p>","protected":false},"excerpt":{"rendered":"<blockquote>\n<h2><strong>Viande de Piment (\u00d1ora) <\/strong>140g<\/h2>\n<\/blockquote>\n<p>La viande de piment (\u00d1ora) provient de la pulpe extraite de poivrons de couleur rouge-marron provenant des fruits s\u00e9ch\u00e9s, m\u00fbrs et propres du Capsicum Annum. Il est largement utilis\u00e9 dans les rago\u00fbts de poisson, les soupes de l\u00e9gumes et de l\u00e9gumineuses, avec la morue et le riz. Rehausse la couleur et la saveur de tous les plats qu'il assaisonne.<\/p>\n<p><em><strong>Ingr\u00e9dients:<\/strong><\/em> Pulpe de Nora et acide citrique.<\/p>\n<p>Une fois ouvert, \u00e0 conserver au r\u00e9frig\u00e9rateur et \u00e0 consommer dans les 10 jours.<\/p>\n<p><strong><em>D\u00e9claration nutritionnelle. Valeurs moyennes per 100g de produit: <\/em><\/strong>\u00c9nergie: 284 kJ\/67 kcal. Graisses: 0,8g. Dont acides gras satur\u00e9s: 0,2g. Glucides: 12g. Dont sucres: 3,6g. Prot\u00e9ines: 2,3g. Sel: 0,01g.<\/p>\n<p>&nbsp;<\/p>","protected":false},"featured_media":12122,"comment_status":"open","ping_status":"closed","template":"","meta":{"_et_pb_use_builder":"","_et_pb_old_content":"","_et_gb_content_width":""},"product_brand":[],"product_cat":[23,122],"product_tag":[115,36,68,40],"class_list":{"0":"post-6803","1":"product","2":"type-product","3":"status-publish","4":"has-post-thumbnail","6":"product_cat-pimenton","7":"product_cat-productos-paella","8":"product_tag-nora","9":"product_tag-paella","10":"product_tag-pescado","11":"product_tag-pimenton","13":"first","14":"instock","15":"taxable","16":"shipping-taxable","17":"purchasable","18":"product-type-simple"},"yoast_head":"<!-- This site is optimized with the Yoast SEO plugin v27.5 - https:\/\/yoast.com\/product\/yoast-seo-wordpress\/ -->\n<title>Comprar Carne de \u00d1ora 140g | La Barraca<\/title>\n<meta name=\"description\" content=\"Carne de \u00d1ora 140g, ideal para guisos, sopas, arroces y pescados. A\u00f1ade color y sabor aut\u00e9ntico a tus platos con este condimento natural y tradicional.\" \/>\n<meta name=\"robots\" content=\"index, follow, max-snippet:-1, max-image-preview:large, max-video-preview:-1\" \/>\n<link rel=\"canonical\" href=\"https:\/\/labarraca1912.es\/fr\/tienda\/pimenton\/carne-de-nora-140g\/\" \/>\n<meta property=\"og:locale\" content=\"fr_FR\" \/>\n<meta property=\"og:type\" content=\"article\" \/>\n<meta property=\"og:title\" content=\"Comprar Carne de \u00d1ora 140g | La Barraca\" \/>\n<meta property=\"og:description\" content=\"Carne de \u00d1ora 140g, ideal para guisos, sopas, arroces y pescados. A\u00f1ade color y sabor aut\u00e9ntico a tus platos con este condimento natural y tradicional.\" \/>\n<meta property=\"og:url\" content=\"https:\/\/labarraca1912.es\/fr\/tienda\/pimenton\/carne-de-nora-140g\/\" \/>\n<meta property=\"og:site_name\" content=\"La Barraca\" \/>\n<meta property=\"article:modified_time\" content=\"2026-03-31T12:52:11+00:00\" \/>\n<meta property=\"og:image\" content=\"https:\/\/labarraca1912.es\/wp-content\/uploads\/Carne-de-Nora-TO.jpg\" \/>\n\t<meta property=\"og:image:width\" content=\"800\" \/>\n\t<meta property=\"og:image:height\" content=\"800\" \/>\n\t<meta property=\"og:image:type\" content=\"image\/jpeg\" \/>\n<meta name=\"twitter:card\" content=\"summary_large_image\" \/>\n<meta name=\"twitter:label1\" content=\"Dur\u00e9e de lecture estim\u00e9e\" \/>\n\t<meta name=\"twitter:data1\" content=\"1 minute\" \/>\n<script type=\"application\/ld+json\" class=\"yoast-schema-graph\">{\"@context\":\"https:\\\/\\\/schema.org\",\"@graph\":[{\"@type\":\"WebPage\",\"@id\":\"https:\\\/\\\/labarraca1912.es\\\/tienda\\\/pimenton\\\/carne-de-nora-140g\\\/\",\"url\":\"https:\\\/\\\/labarraca1912.es\\\/tienda\\\/pimenton\\\/carne-de-nora-140g\\\/\",\"name\":\"Comprar Carne de \u00d1ora 140g | La Barraca\",\"isPartOf\":{\"@id\":\"https:\\\/\\\/labarraca1912.es\\\/#website\"},\"primaryImageOfPage\":{\"@id\":\"https:\\\/\\\/labarraca1912.es\\\/tienda\\\/pimenton\\\/carne-de-nora-140g\\\/#primaryimage\"},\"image\":{\"@id\":\"https:\\\/\\\/labarraca1912.es\\\/tienda\\\/pimenton\\\/carne-de-nora-140g\\\/#primaryimage\"},\"thumbnailUrl\":\"https:\\\/\\\/labarraca1912.es\\\/wp-content\\\/uploads\\\/Carne-de-Nora-TO.jpg\",\"datePublished\":\"2021-03-23T07:37:03+00:00\",\"dateModified\":\"2026-03-31T12:52:11+00:00\",\"description\":\"Carne de \u00d1ora 140g, ideal para guisos, sopas, arroces y pescados. A\u00f1ade color y sabor aut\u00e9ntico a tus platos con este condimento natural y tradicional.\",\"breadcrumb\":{\"@id\":\"https:\\\/\\\/labarraca1912.es\\\/tienda\\\/pimenton\\\/carne-de-nora-140g\\\/#breadcrumb\"},\"inLanguage\":\"fr-FR\",\"potentialAction\":[{\"@type\":\"ReadAction\",\"target\":[\"https:\\\/\\\/labarraca1912.es\\\/tienda\\\/pimenton\\\/carne-de-nora-140g\\\/\"]}]},{\"@type\":\"ImageObject\",\"inLanguage\":\"fr-FR\",\"@id\":\"https:\\\/\\\/labarraca1912.es\\\/tienda\\\/pimenton\\\/carne-de-nora-140g\\\/#primaryimage\",\"url\":\"https:\\\/\\\/labarraca1912.es\\\/wp-content\\\/uploads\\\/Carne-de-Nora-TO.jpg\",\"contentUrl\":\"https:\\\/\\\/labarraca1912.es\\\/wp-content\\\/uploads\\\/Carne-de-Nora-TO.jpg\",\"width\":800,\"height\":800},{\"@type\":\"BreadcrumbList\",\"@id\":\"https:\\\/\\\/labarraca1912.es\\\/tienda\\\/pimenton\\\/carne-de-nora-140g\\\/#breadcrumb\",\"itemListElement\":[{\"@type\":\"ListItem\",\"position\":1,\"name\":\"La Barraca\",\"item\":\"https:\\\/\\\/labarraca1912.es\\\/\"},{\"@type\":\"ListItem\",\"position\":2,\"name\":\"Tienda\",\"item\":\"https:\\\/\\\/labarraca1912.es\\\/tienda\\\/\"},{\"@type\":\"ListItem\",\"position\":3,\"name\":\"Carne de \u00d1ora 140g\"}]},{\"@type\":\"WebSite\",\"@id\":\"https:\\\/\\\/labarraca1912.es\\\/#website\",\"url\":\"https:\\\/\\\/labarraca1912.es\\\/\",\"name\":\"La Barraca\",\"description\":\"La Casa del Sabor\",\"publisher\":{\"@id\":\"https:\\\/\\\/labarraca1912.es\\\/#organization\"},\"potentialAction\":[{\"@type\":\"SearchAction\",\"target\":{\"@type\":\"EntryPoint\",\"urlTemplate\":\"https:\\\/\\\/labarraca1912.es\\\/?s={search_term_string}\"},\"query-input\":{\"@type\":\"PropertyValueSpecification\",\"valueRequired\":true,\"valueName\":\"search_term_string\"}}],\"inLanguage\":\"fr-FR\"},{\"@type\":\"Organization\",\"@id\":\"https:\\\/\\\/labarraca1912.es\\\/#organization\",\"name\":\"La Barraca 1912 Alimentacion\",\"url\":\"https:\\\/\\\/labarraca1912.es\\\/\",\"logo\":{\"@type\":\"ImageObject\",\"inLanguage\":\"fr-FR\",\"@id\":\"https:\\\/\\\/labarraca1912.es\\\/#\\\/schema\\\/logo\\\/image\\\/\",\"url\":\"https:\\\/\\\/labarraca1912.es\\\/wp-content\\\/uploads\\\/2019\\\/06\\\/logo-labarraca.png\",\"contentUrl\":\"https:\\\/\\\/labarraca1912.es\\\/wp-content\\\/uploads\\\/2019\\\/06\\\/logo-labarraca.png\",\"width\":2917,\"height\":1809,\"caption\":\"La Barraca 1912 Alimentacion\"},\"image\":{\"@id\":\"https:\\\/\\\/labarraca1912.es\\\/#\\\/schema\\\/logo\\\/image\\\/\"}}]}<\/script>\n<!-- \/ Yoast SEO plugin. -->","yoast_head_json":{"title":"Comprar Carne de \u00d1ora 140g | La Barraca","description":"Carne de \u00d1ora 140g, ideal para guisos, sopas, arroces y pescados. A\u00f1ade color y sabor aut\u00e9ntico a tus platos con este condimento natural y tradicional.","robots":{"index":"index","follow":"follow","max-snippet":"max-snippet:-1","max-image-preview":"max-image-preview:large","max-video-preview":"max-video-preview:-1"},"canonical":"https:\/\/labarraca1912.es\/fr\/tienda\/pimenton\/carne-de-nora-140g\/","og_locale":"fr_FR","og_type":"article","og_title":"Comprar Carne de \u00d1ora 140g | La Barraca","og_description":"Carne de \u00d1ora 140g, ideal para guisos, sopas, arroces y pescados. A\u00f1ade color y sabor aut\u00e9ntico a tus platos con este condimento natural y tradicional.","og_url":"https:\/\/labarraca1912.es\/fr\/tienda\/pimenton\/carne-de-nora-140g\/","og_site_name":"La Barraca","article_modified_time":"2026-03-31T12:52:11+00:00","og_image":[{"width":800,"height":800,"url":"https:\/\/labarraca1912.es\/wp-content\/uploads\/Carne-de-Nora-TO.jpg","type":"image\/jpeg"}],"twitter_card":"summary_large_image","twitter_misc":{"Dur\u00e9e de lecture estim\u00e9e":"1 minute"},"schema":{"@context":"https:\/\/schema.org","@graph":[{"@type":"WebPage","@id":"https:\/\/labarraca1912.es\/tienda\/pimenton\/carne-de-nora-140g\/","url":"https:\/\/labarraca1912.es\/tienda\/pimenton\/carne-de-nora-140g\/","name":"Comprar Carne de \u00d1ora 140g | La Barraca","isPartOf":{"@id":"https:\/\/labarraca1912.es\/#website"},"primaryImageOfPage":{"@id":"https:\/\/labarraca1912.es\/tienda\/pimenton\/carne-de-nora-140g\/#primaryimage"},"image":{"@id":"https:\/\/labarraca1912.es\/tienda\/pimenton\/carne-de-nora-140g\/#primaryimage"},"thumbnailUrl":"https:\/\/labarraca1912.es\/wp-content\/uploads\/Carne-de-Nora-TO.jpg","datePublished":"2021-03-23T07:37:03+00:00","dateModified":"2026-03-31T12:52:11+00:00","description":"Carne de \u00d1ora 140g, ideal para guisos, sopas, arroces y pescados. A\u00f1ade color y sabor aut\u00e9ntico a tus platos con este condimento natural y tradicional.","breadcrumb":{"@id":"https:\/\/labarraca1912.es\/tienda\/pimenton\/carne-de-nora-140g\/#breadcrumb"},"inLanguage":"fr-FR","potentialAction":[{"@type":"ReadAction","target":["https:\/\/labarraca1912.es\/tienda\/pimenton\/carne-de-nora-140g\/"]}]},{"@type":"ImageObject","inLanguage":"fr-FR","@id":"https:\/\/labarraca1912.es\/tienda\/pimenton\/carne-de-nora-140g\/#primaryimage","url":"https:\/\/labarraca1912.es\/wp-content\/uploads\/Carne-de-Nora-TO.jpg","contentUrl":"https:\/\/labarraca1912.es\/wp-content\/uploads\/Carne-de-Nora-TO.jpg","width":800,"height":800},{"@type":"BreadcrumbList","@id":"https:\/\/labarraca1912.es\/tienda\/pimenton\/carne-de-nora-140g\/#breadcrumb","itemListElement":[{"@type":"ListItem","position":1,"name":"La Barraca","item":"https:\/\/labarraca1912.es\/"},{"@type":"ListItem","position":2,"name":"Tienda","item":"https:\/\/labarraca1912.es\/tienda\/"},{"@type":"ListItem","position":3,"name":"Carne de \u00d1ora 140g"}]},{"@type":"WebSite","@id":"https:\/\/labarraca1912.es\/#website","url":"https:\/\/labarraca1912.es\/","name":"La Barraca","description":"La Casa del Sabor","publisher":{"@id":"https:\/\/labarraca1912.es\/#organization"},"potentialAction":[{"@type":"SearchAction","target":{"@type":"EntryPoint","urlTemplate":"https:\/\/labarraca1912.es\/?s={search_term_string}"},"query-input":{"@type":"PropertyValueSpecification","valueRequired":true,"valueName":"search_term_string"}}],"inLanguage":"fr-FR"},{"@type":"Organization","@id":"https:\/\/labarraca1912.es\/#organization","name":"La Barraca 1912 Alimentacion","url":"https:\/\/labarraca1912.es\/","logo":{"@type":"ImageObject","inLanguage":"fr-FR","@id":"https:\/\/labarraca1912.es\/#\/schema\/logo\/image\/","url":"https:\/\/labarraca1912.es\/wp-content\/uploads\/2019\/06\/logo-labarraca.png","contentUrl":"https:\/\/labarraca1912.es\/wp-content\/uploads\/2019\/06\/logo-labarraca.png","width":2917,"height":1809,"caption":"La Barraca 1912 Alimentacion"},"image":{"@id":"https:\/\/labarraca1912.es\/#\/schema\/logo\/image\/"}}]}},"_links":{"self":[{"href":"https:\/\/labarraca1912.es\/fr\/wp-json\/wp\/v2\/product\/6803","targetHints":{"allow":["GET"]}}],"collection":[{"href":"https:\/\/labarraca1912.es\/fr\/wp-json\/wp\/v2\/product"}],"about":[{"href":"https:\/\/labarraca1912.es\/fr\/wp-json\/wp\/v2\/types\/product"}],"replies":[{"embeddable":true,"href":"https:\/\/labarraca1912.es\/fr\/wp-json\/wp\/v2\/comments?post=6803"}],"wp:featuredmedia":[{"embeddable":true,"href":"https:\/\/labarraca1912.es\/fr\/wp-json\/wp\/v2\/media\/12122"}],"wp:attachment":[{"href":"https:\/\/labarraca1912.es\/fr\/wp-json\/wp\/v2\/media?parent=6803"}],"wp:term":[{"taxonomy":"product_brand","embeddable":true,"href":"https:\/\/labarraca1912.es\/fr\/wp-json\/wp\/v2\/product_brand?post=6803"},{"taxonomy":"product_cat","embeddable":true,"href":"https:\/\/labarraca1912.es\/fr\/wp-json\/wp\/v2\/product_cat?post=6803"},{"taxonomy":"product_tag","embeddable":true,"href":"https:\/\/labarraca1912.es\/fr\/wp-json\/wp\/v2\/product_tag?post=6803"}],"curies":[{"name":"wp","href":"https:\/\/api.w.org\/{rel}","templated":true}]}}