{"id":6804,"date":"2021-03-23T08:48:18","date_gmt":"2021-03-23T07:48:18","guid":{"rendered":"https:\/\/labarraca1912.es\/?post_type=product&#038;p=6804"},"modified":"2026-04-21T19:32:43","modified_gmt":"2026-04-21T17:32:43","slug":"carne-de-pimiento-choricero-140g","status":"publish","type":"product","link":"https:\/\/labarraca1912.es\/fr\/tienda\/pimenton\/carne-de-pimiento-choricero-140g\/","title":{"rendered":"Viande de Piment Choricero 140g"},"content":{"rendered":"<p>CARNE DE PIMIENTO CHORICERO &#8211; 140G: El pimiento choricero es una variedad del pimiento rojo que se suele secar al aire en ristras para que se conserve mejor. Aporta un sabor intenso y ligeramente amargo, es muy utilizado en una gran variedad de recetas espa\u00f1olas, en especial del norte de Espa\u00f1a.<\/p>\n<p><strong>Viande de Piment Choricero: <\/strong>C'est l'ingr\u00e9dient principal de la sauce Vizcaya avec l'oignon, il est \u00e9galement utilis\u00e9 comme base pour la morue Vizcaya. Il peut \u00e9galement \u00eatre utilis\u00e9 dans les rago\u00fbts de poisson.<\/p>","protected":false},"excerpt":{"rendered":"<blockquote>\n<h2><strong>Viande de Piment Choricero <\/strong>140g<\/h2>\n<\/blockquote>\n<p>Le viande de piment choricero \u200b\u200b\u200b\u200best une vari\u00e9t\u00e9 de poivron rouge qui est g\u00e9n\u00e9ralement s\u00e9ch\u00e9 \u00e0 l'air en ficelles afin de mieux le conserver. Il apporte une saveur intense et l\u00e9g\u00e8rement am\u00e8re, il est largement utilis\u00e9 dans une grande vari\u00e9t\u00e9 de recettes espagnoles, notamment celles du nord de l'Espagne. C'est l'ingr\u00e9dient principal de la sauce Vizcaya avec l'oignon, il est \u00e9galement utilis\u00e9 comme base pour la morue Vizcaya. Il peut \u00e9galement \u00eatre utilis\u00e9 dans les rago\u00fbts de poisson.<\/p>\n<p><em><strong>Ingr\u00e9dients:<\/strong><\/em> Pulpe de piment choricero \u200b\u200b\u200b\u200bet acide citrique.<\/p>\n<p>Une fois ouvert, \u00e0 conserver au r\u00e9frig\u00e9rateur et \u00e0 consommer dans les 10 jours.<\/p>\n<p><strong><em>D\u00e9claration nutritionnelle. Valeurs moyennes per 100g de produit: <\/em><\/strong>\u00c9nergie: 280 kJ\/66 kcal. Graisses: 0,9g. Dont acides gras satur\u00e9s: 0,3g. Glucides: 11g. Dont sucres: 2,6g. Prot\u00e9ines: 2,7g. Sel: 0,03g.<\/p>","protected":false},"featured_media":12117,"comment_status":"open","ping_status":"closed","template":"","meta":{"_et_pb_use_builder":"","_et_pb_old_content":"","_et_gb_content_width":""},"product_brand":[],"product_cat":[23],"product_tag":[36,68,40,230],"class_list":{"0":"post-6804","1":"product","2":"type-product","3":"status-publish","4":"has-post-thumbnail","6":"product_cat-pimenton","7":"product_tag-paella","8":"product_tag-pescado","9":"product_tag-pimenton","10":"product_tag-pimiento","12":"first","13":"instock","14":"taxable","15":"shipping-taxable","16":"purchasable","17":"product-type-simple"},"yoast_head":"<!-- This site is optimized with the Yoast SEO plugin v27.5 - https:\/\/yoast.com\/product\/yoast-seo-wordpress\/ -->\n<title>Comprar Carne de Pimiento Choricero 140g | La Barraca<\/title>\n<meta name=\"description\" content=\"Carne de Pimiento Choricero 140g, con sabor intenso ideal para salsa vizca\u00edna, bacalao y guisos. Aut\u00e9ntico condimento tradicional del norte de Espa\u00f1a.\" \/>\n<meta name=\"robots\" content=\"index, follow, max-snippet:-1, max-image-preview:large, max-video-preview:-1\" \/>\n<link rel=\"canonical\" href=\"https:\/\/labarraca1912.es\/fr\/tienda\/pimenton\/carne-de-pimiento-choricero-140g\/\" \/>\n<meta property=\"og:locale\" content=\"fr_FR\" \/>\n<meta property=\"og:type\" content=\"article\" \/>\n<meta property=\"og:title\" content=\"Comprar Carne de Pimiento Choricero 140g | La Barraca\" \/>\n<meta property=\"og:description\" content=\"Carne de Pimiento Choricero 140g, con sabor intenso ideal para salsa vizca\u00edna, bacalao y guisos. Aut\u00e9ntico condimento tradicional del norte de Espa\u00f1a.\" \/>\n<meta property=\"og:url\" content=\"https:\/\/labarraca1912.es\/fr\/tienda\/pimenton\/carne-de-pimiento-choricero-140g\/\" \/>\n<meta property=\"og:site_name\" content=\"La Barraca\" \/>\n<meta property=\"article:modified_time\" content=\"2026-04-21T17:32:43+00:00\" \/>\n<meta property=\"og:image\" content=\"https:\/\/labarraca1912.es\/wp-content\/uploads\/Carne-de-Pimiento-Choricero-TO.jpg\" \/>\n\t<meta property=\"og:image:width\" content=\"800\" \/>\n\t<meta property=\"og:image:height\" content=\"800\" \/>\n\t<meta property=\"og:image:type\" content=\"image\/jpeg\" \/>\n<meta name=\"twitter:card\" content=\"summary_large_image\" \/>\n<meta name=\"twitter:label1\" content=\"Dur\u00e9e de lecture estim\u00e9e\" \/>\n\t<meta name=\"twitter:data1\" content=\"1 minute\" \/>\n<script type=\"application\/ld+json\" class=\"yoast-schema-graph\">{\"@context\":\"https:\\\/\\\/schema.org\",\"@graph\":[{\"@type\":\"WebPage\",\"@id\":\"https:\\\/\\\/labarraca1912.es\\\/tienda\\\/pimenton\\\/carne-de-pimiento-choricero-140g\\\/\",\"url\":\"https:\\\/\\\/labarraca1912.es\\\/tienda\\\/pimenton\\\/carne-de-pimiento-choricero-140g\\\/\",\"name\":\"Comprar Carne de Pimiento Choricero 140g | La Barraca\",\"isPartOf\":{\"@id\":\"https:\\\/\\\/labarraca1912.es\\\/#website\"},\"primaryImageOfPage\":{\"@id\":\"https:\\\/\\\/labarraca1912.es\\\/tienda\\\/pimenton\\\/carne-de-pimiento-choricero-140g\\\/#primaryimage\"},\"image\":{\"@id\":\"https:\\\/\\\/labarraca1912.es\\\/tienda\\\/pimenton\\\/carne-de-pimiento-choricero-140g\\\/#primaryimage\"},\"thumbnailUrl\":\"https:\\\/\\\/labarraca1912.es\\\/wp-content\\\/uploads\\\/Carne-de-Pimiento-Choricero-TO.jpg\",\"datePublished\":\"2021-03-23T07:48:18+00:00\",\"dateModified\":\"2026-04-21T17:32:43+00:00\",\"description\":\"Carne de Pimiento Choricero 140g, con sabor intenso ideal para salsa vizca\u00edna, bacalao y guisos. Aut\u00e9ntico condimento tradicional del norte de Espa\u00f1a.\",\"breadcrumb\":{\"@id\":\"https:\\\/\\\/labarraca1912.es\\\/tienda\\\/pimenton\\\/carne-de-pimiento-choricero-140g\\\/#breadcrumb\"},\"inLanguage\":\"fr-FR\",\"potentialAction\":[{\"@type\":\"ReadAction\",\"target\":[\"https:\\\/\\\/labarraca1912.es\\\/tienda\\\/pimenton\\\/carne-de-pimiento-choricero-140g\\\/\"]}]},{\"@type\":\"ImageObject\",\"inLanguage\":\"fr-FR\",\"@id\":\"https:\\\/\\\/labarraca1912.es\\\/tienda\\\/pimenton\\\/carne-de-pimiento-choricero-140g\\\/#primaryimage\",\"url\":\"https:\\\/\\\/labarraca1912.es\\\/wp-content\\\/uploads\\\/Carne-de-Pimiento-Choricero-TO.jpg\",\"contentUrl\":\"https:\\\/\\\/labarraca1912.es\\\/wp-content\\\/uploads\\\/Carne-de-Pimiento-Choricero-TO.jpg\",\"width\":800,\"height\":800},{\"@type\":\"BreadcrumbList\",\"@id\":\"https:\\\/\\\/labarraca1912.es\\\/tienda\\\/pimenton\\\/carne-de-pimiento-choricero-140g\\\/#breadcrumb\",\"itemListElement\":[{\"@type\":\"ListItem\",\"position\":1,\"name\":\"La Barraca\",\"item\":\"https:\\\/\\\/labarraca1912.es\\\/\"},{\"@type\":\"ListItem\",\"position\":2,\"name\":\"Tienda\",\"item\":\"https:\\\/\\\/labarraca1912.es\\\/tienda\\\/\"},{\"@type\":\"ListItem\",\"position\":3,\"name\":\"Carne de Pimiento Choricero 140g\"}]},{\"@type\":\"WebSite\",\"@id\":\"https:\\\/\\\/labarraca1912.es\\\/#website\",\"url\":\"https:\\\/\\\/labarraca1912.es\\\/\",\"name\":\"La Barraca\",\"description\":\"La Casa del Sabor\",\"publisher\":{\"@id\":\"https:\\\/\\\/labarraca1912.es\\\/#organization\"},\"potentialAction\":[{\"@type\":\"SearchAction\",\"target\":{\"@type\":\"EntryPoint\",\"urlTemplate\":\"https:\\\/\\\/labarraca1912.es\\\/?s={search_term_string}\"},\"query-input\":{\"@type\":\"PropertyValueSpecification\",\"valueRequired\":true,\"valueName\":\"search_term_string\"}}],\"inLanguage\":\"fr-FR\"},{\"@type\":\"Organization\",\"@id\":\"https:\\\/\\\/labarraca1912.es\\\/#organization\",\"name\":\"La Barraca 1912 Alimentacion\",\"url\":\"https:\\\/\\\/labarraca1912.es\\\/\",\"logo\":{\"@type\":\"ImageObject\",\"inLanguage\":\"fr-FR\",\"@id\":\"https:\\\/\\\/labarraca1912.es\\\/#\\\/schema\\\/logo\\\/image\\\/\",\"url\":\"https:\\\/\\\/labarraca1912.es\\\/wp-content\\\/uploads\\\/2019\\\/06\\\/logo-labarraca.png\",\"contentUrl\":\"https:\\\/\\\/labarraca1912.es\\\/wp-content\\\/uploads\\\/2019\\\/06\\\/logo-labarraca.png\",\"width\":2917,\"height\":1809,\"caption\":\"La Barraca 1912 Alimentacion\"},\"image\":{\"@id\":\"https:\\\/\\\/labarraca1912.es\\\/#\\\/schema\\\/logo\\\/image\\\/\"}}]}<\/script>\n<!-- \/ Yoast SEO plugin. -->","yoast_head_json":{"title":"Comprar Carne de Pimiento Choricero 140g | La Barraca","description":"Carne de Pimiento Choricero 140g, con sabor intenso ideal para salsa vizca\u00edna, bacalao y guisos. Aut\u00e9ntico condimento tradicional del norte de Espa\u00f1a.","robots":{"index":"index","follow":"follow","max-snippet":"max-snippet:-1","max-image-preview":"max-image-preview:large","max-video-preview":"max-video-preview:-1"},"canonical":"https:\/\/labarraca1912.es\/fr\/tienda\/pimenton\/carne-de-pimiento-choricero-140g\/","og_locale":"fr_FR","og_type":"article","og_title":"Comprar Carne de Pimiento Choricero 140g | La Barraca","og_description":"Carne de Pimiento Choricero 140g, con sabor intenso ideal para salsa vizca\u00edna, bacalao y guisos. Aut\u00e9ntico condimento tradicional del norte de Espa\u00f1a.","og_url":"https:\/\/labarraca1912.es\/fr\/tienda\/pimenton\/carne-de-pimiento-choricero-140g\/","og_site_name":"La Barraca","article_modified_time":"2026-04-21T17:32:43+00:00","og_image":[{"width":800,"height":800,"url":"https:\/\/labarraca1912.es\/wp-content\/uploads\/Carne-de-Pimiento-Choricero-TO.jpg","type":"image\/jpeg"}],"twitter_card":"summary_large_image","twitter_misc":{"Dur\u00e9e de lecture estim\u00e9e":"1 minute"},"schema":{"@context":"https:\/\/schema.org","@graph":[{"@type":"WebPage","@id":"https:\/\/labarraca1912.es\/tienda\/pimenton\/carne-de-pimiento-choricero-140g\/","url":"https:\/\/labarraca1912.es\/tienda\/pimenton\/carne-de-pimiento-choricero-140g\/","name":"Comprar Carne de Pimiento Choricero 140g | La Barraca","isPartOf":{"@id":"https:\/\/labarraca1912.es\/#website"},"primaryImageOfPage":{"@id":"https:\/\/labarraca1912.es\/tienda\/pimenton\/carne-de-pimiento-choricero-140g\/#primaryimage"},"image":{"@id":"https:\/\/labarraca1912.es\/tienda\/pimenton\/carne-de-pimiento-choricero-140g\/#primaryimage"},"thumbnailUrl":"https:\/\/labarraca1912.es\/wp-content\/uploads\/Carne-de-Pimiento-Choricero-TO.jpg","datePublished":"2021-03-23T07:48:18+00:00","dateModified":"2026-04-21T17:32:43+00:00","description":"Carne de Pimiento Choricero 140g, con sabor intenso ideal para salsa vizca\u00edna, bacalao y guisos. Aut\u00e9ntico condimento tradicional del norte de Espa\u00f1a.","breadcrumb":{"@id":"https:\/\/labarraca1912.es\/tienda\/pimenton\/carne-de-pimiento-choricero-140g\/#breadcrumb"},"inLanguage":"fr-FR","potentialAction":[{"@type":"ReadAction","target":["https:\/\/labarraca1912.es\/tienda\/pimenton\/carne-de-pimiento-choricero-140g\/"]}]},{"@type":"ImageObject","inLanguage":"fr-FR","@id":"https:\/\/labarraca1912.es\/tienda\/pimenton\/carne-de-pimiento-choricero-140g\/#primaryimage","url":"https:\/\/labarraca1912.es\/wp-content\/uploads\/Carne-de-Pimiento-Choricero-TO.jpg","contentUrl":"https:\/\/labarraca1912.es\/wp-content\/uploads\/Carne-de-Pimiento-Choricero-TO.jpg","width":800,"height":800},{"@type":"BreadcrumbList","@id":"https:\/\/labarraca1912.es\/tienda\/pimenton\/carne-de-pimiento-choricero-140g\/#breadcrumb","itemListElement":[{"@type":"ListItem","position":1,"name":"La Barraca","item":"https:\/\/labarraca1912.es\/"},{"@type":"ListItem","position":2,"name":"Tienda","item":"https:\/\/labarraca1912.es\/tienda\/"},{"@type":"ListItem","position":3,"name":"Carne de Pimiento Choricero 140g"}]},{"@type":"WebSite","@id":"https:\/\/labarraca1912.es\/#website","url":"https:\/\/labarraca1912.es\/","name":"La Barraca","description":"La Casa del Sabor","publisher":{"@id":"https:\/\/labarraca1912.es\/#organization"},"potentialAction":[{"@type":"SearchAction","target":{"@type":"EntryPoint","urlTemplate":"https:\/\/labarraca1912.es\/?s={search_term_string}"},"query-input":{"@type":"PropertyValueSpecification","valueRequired":true,"valueName":"search_term_string"}}],"inLanguage":"fr-FR"},{"@type":"Organization","@id":"https:\/\/labarraca1912.es\/#organization","name":"La Barraca 1912 Alimentacion","url":"https:\/\/labarraca1912.es\/","logo":{"@type":"ImageObject","inLanguage":"fr-FR","@id":"https:\/\/labarraca1912.es\/#\/schema\/logo\/image\/","url":"https:\/\/labarraca1912.es\/wp-content\/uploads\/2019\/06\/logo-labarraca.png","contentUrl":"https:\/\/labarraca1912.es\/wp-content\/uploads\/2019\/06\/logo-labarraca.png","width":2917,"height":1809,"caption":"La Barraca 1912 Alimentacion"},"image":{"@id":"https:\/\/labarraca1912.es\/#\/schema\/logo\/image\/"}}]}},"_links":{"self":[{"href":"https:\/\/labarraca1912.es\/fr\/wp-json\/wp\/v2\/product\/6804","targetHints":{"allow":["GET"]}}],"collection":[{"href":"https:\/\/labarraca1912.es\/fr\/wp-json\/wp\/v2\/product"}],"about":[{"href":"https:\/\/labarraca1912.es\/fr\/wp-json\/wp\/v2\/types\/product"}],"replies":[{"embeddable":true,"href":"https:\/\/labarraca1912.es\/fr\/wp-json\/wp\/v2\/comments?post=6804"}],"wp:featuredmedia":[{"embeddable":true,"href":"https:\/\/labarraca1912.es\/fr\/wp-json\/wp\/v2\/media\/12117"}],"wp:attachment":[{"href":"https:\/\/labarraca1912.es\/fr\/wp-json\/wp\/v2\/media?parent=6804"}],"wp:term":[{"taxonomy":"product_brand","embeddable":true,"href":"https:\/\/labarraca1912.es\/fr\/wp-json\/wp\/v2\/product_brand?post=6804"},{"taxonomy":"product_cat","embeddable":true,"href":"https:\/\/labarraca1912.es\/fr\/wp-json\/wp\/v2\/product_cat?post=6804"},{"taxonomy":"product_tag","embeddable":true,"href":"https:\/\/labarraca1912.es\/fr\/wp-json\/wp\/v2\/product_tag?post=6804"}],"curies":[{"name":"wp","href":"https:\/\/api.w.org\/{rel}","templated":true}]}}