{"id":6934,"date":"2021-05-31T08:45:02","date_gmt":"2021-05-31T06:45:02","guid":{"rendered":"https:\/\/labarraca1912.es\/?post_type=product&#038;p=6934"},"modified":"2026-03-20T13:58:58","modified_gmt":"2026-03-20T12:58:58","slug":"sazonador-paella-marinera-con-azafran","status":"publish","type":"product","link":"https:\/\/labarraca1912.es\/fr\/tienda\/azafran\/sazonador-paella-marinera-con-azafran\/","title":{"rendered":"Assaisonnement Paella aux Fruits de Mer avec Safran"},"content":{"rendered":"<p>SAZONADOR PAELLA MARINERA CON AZAFR\u00c1N &#8211; ESTUCHE 3 SOBRES: El Sazonador Paella Marinera con Azafr\u00e1n o tambi\u00e9n conocido como <em>paellero<\/em> c'est un produit id\u00e9al pour parfumer une paella de poisson ou de fruits de mer, mais il peut \u00e9galement \u00eatre utilis\u00e9 dans les rago\u00fbts de poisson. Gr\u00e2ce \u00e0 la combinaison de diff\u00e9rents types d'\u00e9pices, d'herbes et d'assaisonnements, alli\u00e9e \u00e0 la saveur et \u00e0 l'ar\u00f4me du safran, cet assaisonnement est indispensable \u00e0 la pr\u00e9paration de paellas de poisson et de fruits de mer.<\/p>\n<p><strong>Assaisonnement Paella aux Fruits de Mer avec Safran:<\/strong> Assaisonnement compos\u00e9 d'un m\u00e9lange d'\u00e9pices moulues et de safran ; sp\u00e9cialement formul\u00e9 pour la pr\u00e9paration de paellas et de plats de riz au poisson.<\/p>","protected":false},"excerpt":{"rendered":"<blockquote>\n<h2><strong>Assaisonnement Paella aux Fruits de Mer avec Safran<\/strong>\u00a0\u00c9tui 3 Sachets<\/h2>\n<\/blockquote>\n<p>L'assaisonnement pour Paella aux Fruits de Mer avec safran ou \u00e9galement connu sous le nom de <em>paellero<\/em> c'est un produit id\u00e9al pour parfumer une paella de poisson ou de fruits de mer, mais il peut \u00e9galement \u00eatre utilis\u00e9 dans les rago\u00fbts de poisson. Gr\u00e2ce \u00e0 la combinaison de diff\u00e9rents types d'\u00e9pices, d'herbes et d'assaisonnements, alli\u00e9e \u00e0 la saveur et \u00e0 l'ar\u00f4me du safran, cet assaisonnement est indispensable \u00e0 la pr\u00e9paration de paellas de poisson et de fruits de mer.<\/p>\n<p>Au format \u00e9tui de 3 sachets, chaque sachet permet la pr\u00e9paration de 0,500g de riz.<\/p>\n<p><strong><em>Ingr\u00e9dients: <\/em><\/strong>\u00c9pices (ail, paprika, poivre, persil, \u00f1ora, clou de girofle et safran (1%)), sel et colorants : curcumine E-100 et extrait de paprika E-160c.<\/p>\n<p><strong>Peut contenir des traces de C\u00c9LERI, GLUTEN, MOUTARDE, SULFITES et ARACHIDES.<\/strong><\/p>\n<p><strong><em>D\u00e9claration nutritionnelle. Valeurs moyennes per 100g de produit: <\/em><\/strong>\u00c9nergie: 874 kJ\/209 kcal. Graisses: 1g. Dont acides gras satur\u00e9s: 0,1g. Glucides: 47g. Dont sucres: 3g. Prot\u00e9ines: 2,5g. Sel: 25g.<\/p>","protected":false},"featured_media":12421,"comment_status":"open","ping_status":"closed","template":"","meta":{"_et_pb_use_builder":"","_et_pb_old_content":"","_et_gb_content_width":""},"product_brand":[],"product_cat":[22,17,122],"product_tag":[39,35,38,116,36,68,37],"class_list":{"0":"post-6934","1":"product","2":"type-product","3":"status-publish","4":"has-post-thumbnail","6":"product_cat-sazonadores","7":"product_cat-azafran","8":"product_cat-productos-paella","9":"product_tag-arroz","10":"product_tag-azafran","11":"product_tag-colorante","12":"product_tag-marisco","13":"product_tag-paella","14":"product_tag-pescado","15":"product_tag-saffron","17":"first","18":"instock","19":"taxable","20":"shipping-taxable","21":"purchasable","22":"product-type-simple"},"yoast_head":"<!-- This site is optimized with the Yoast SEO plugin v27.5 - https:\/\/yoast.com\/product\/yoast-seo-wordpress\/ -->\n<title>Comprar sazonador paella marinera con azafr\u00e1n | La Barraca<\/title>\n<meta name=\"description\" content=\"Sazonador para paella marinera con azafr\u00e1n, mezcla ideal de especias para mariscos y pescados. Estuche 3 sobres para 1,5 kg de arroz. Calidad La Barraca.\" \/>\n<meta name=\"robots\" content=\"index, follow, max-snippet:-1, max-image-preview:large, max-video-preview:-1\" \/>\n<link rel=\"canonical\" href=\"https:\/\/labarraca1912.es\/fr\/tienda\/azafran\/sazonador-paella-marinera-con-azafran\/\" \/>\n<meta property=\"og:locale\" content=\"fr_FR\" \/>\n<meta property=\"og:type\" content=\"article\" \/>\n<meta property=\"og:title\" content=\"Comprar sazonador paella marinera con azafr\u00e1n | La Barraca\" \/>\n<meta property=\"og:description\" content=\"Sazonador para paella marinera con azafr\u00e1n, mezcla ideal de especias para mariscos y pescados. Estuche 3 sobres para 1,5 kg de arroz. Calidad La Barraca.\" \/>\n<meta property=\"og:url\" content=\"https:\/\/labarraca1912.es\/fr\/tienda\/azafran\/sazonador-paella-marinera-con-azafran\/\" \/>\n<meta property=\"og:site_name\" content=\"La Barraca\" \/>\n<meta property=\"article:modified_time\" content=\"2026-03-20T12:58:58+00:00\" \/>\n<meta property=\"og:image\" content=\"https:\/\/labarraca1912.es\/wp-content\/uploads\/paelleromarinero2025.jpg\" \/>\n\t<meta property=\"og:image:width\" content=\"800\" \/>\n\t<meta property=\"og:image:height\" content=\"800\" \/>\n\t<meta property=\"og:image:type\" content=\"image\/jpeg\" \/>\n<meta name=\"twitter:card\" content=\"summary_large_image\" \/>\n<meta name=\"twitter:label1\" content=\"Dur\u00e9e de lecture estim\u00e9e\" \/>\n\t<meta name=\"twitter:data1\" content=\"1 minute\" \/>\n<script type=\"application\/ld+json\" class=\"yoast-schema-graph\">{\"@context\":\"https:\\\/\\\/schema.org\",\"@graph\":[{\"@type\":\"WebPage\",\"@id\":\"https:\\\/\\\/labarraca1912.es\\\/tienda\\\/azafran\\\/sazonador-paella-marinera-con-azafran\\\/\",\"url\":\"https:\\\/\\\/labarraca1912.es\\\/tienda\\\/azafran\\\/sazonador-paella-marinera-con-azafran\\\/\",\"name\":\"Comprar sazonador paella marinera con azafr\u00e1n | La Barraca\",\"isPartOf\":{\"@id\":\"https:\\\/\\\/labarraca1912.es\\\/#website\"},\"primaryImageOfPage\":{\"@id\":\"https:\\\/\\\/labarraca1912.es\\\/tienda\\\/azafran\\\/sazonador-paella-marinera-con-azafran\\\/#primaryimage\"},\"image\":{\"@id\":\"https:\\\/\\\/labarraca1912.es\\\/tienda\\\/azafran\\\/sazonador-paella-marinera-con-azafran\\\/#primaryimage\"},\"thumbnailUrl\":\"https:\\\/\\\/labarraca1912.es\\\/wp-content\\\/uploads\\\/paelleromarinero2025.jpg\",\"datePublished\":\"2021-05-31T06:45:02+00:00\",\"dateModified\":\"2026-03-20T12:58:58+00:00\",\"description\":\"Sazonador para paella marinera con azafr\u00e1n, mezcla ideal de especias para mariscos y pescados. Estuche 3 sobres para 1,5 kg de arroz. Calidad La Barraca.\",\"breadcrumb\":{\"@id\":\"https:\\\/\\\/labarraca1912.es\\\/tienda\\\/azafran\\\/sazonador-paella-marinera-con-azafran\\\/#breadcrumb\"},\"inLanguage\":\"fr-FR\",\"potentialAction\":[{\"@type\":\"ReadAction\",\"target\":[\"https:\\\/\\\/labarraca1912.es\\\/tienda\\\/azafran\\\/sazonador-paella-marinera-con-azafran\\\/\"]}]},{\"@type\":\"ImageObject\",\"inLanguage\":\"fr-FR\",\"@id\":\"https:\\\/\\\/labarraca1912.es\\\/tienda\\\/azafran\\\/sazonador-paella-marinera-con-azafran\\\/#primaryimage\",\"url\":\"https:\\\/\\\/labarraca1912.es\\\/wp-content\\\/uploads\\\/paelleromarinero2025.jpg\",\"contentUrl\":\"https:\\\/\\\/labarraca1912.es\\\/wp-content\\\/uploads\\\/paelleromarinero2025.jpg\",\"width\":800,\"height\":800},{\"@type\":\"BreadcrumbList\",\"@id\":\"https:\\\/\\\/labarraca1912.es\\\/tienda\\\/azafran\\\/sazonador-paella-marinera-con-azafran\\\/#breadcrumb\",\"itemListElement\":[{\"@type\":\"ListItem\",\"position\":1,\"name\":\"La Barraca\",\"item\":\"https:\\\/\\\/labarraca1912.es\\\/\"},{\"@type\":\"ListItem\",\"position\":2,\"name\":\"Tienda\",\"item\":\"https:\\\/\\\/labarraca1912.es\\\/tienda\\\/\"},{\"@type\":\"ListItem\",\"position\":3,\"name\":\"Sazonador Paella Marinera con Azafr\u00e1n\"}]},{\"@type\":\"WebSite\",\"@id\":\"https:\\\/\\\/labarraca1912.es\\\/#website\",\"url\":\"https:\\\/\\\/labarraca1912.es\\\/\",\"name\":\"La Barraca\",\"description\":\"La Casa del Sabor\",\"publisher\":{\"@id\":\"https:\\\/\\\/labarraca1912.es\\\/#organization\"},\"potentialAction\":[{\"@type\":\"SearchAction\",\"target\":{\"@type\":\"EntryPoint\",\"urlTemplate\":\"https:\\\/\\\/labarraca1912.es\\\/?s={search_term_string}\"},\"query-input\":{\"@type\":\"PropertyValueSpecification\",\"valueRequired\":true,\"valueName\":\"search_term_string\"}}],\"inLanguage\":\"fr-FR\"},{\"@type\":\"Organization\",\"@id\":\"https:\\\/\\\/labarraca1912.es\\\/#organization\",\"name\":\"La Barraca 1912 Alimentacion\",\"url\":\"https:\\\/\\\/labarraca1912.es\\\/\",\"logo\":{\"@type\":\"ImageObject\",\"inLanguage\":\"fr-FR\",\"@id\":\"https:\\\/\\\/labarraca1912.es\\\/#\\\/schema\\\/logo\\\/image\\\/\",\"url\":\"https:\\\/\\\/labarraca1912.es\\\/wp-content\\\/uploads\\\/2019\\\/06\\\/logo-labarraca.png\",\"contentUrl\":\"https:\\\/\\\/labarraca1912.es\\\/wp-content\\\/uploads\\\/2019\\\/06\\\/logo-labarraca.png\",\"width\":2917,\"height\":1809,\"caption\":\"La Barraca 1912 Alimentacion\"},\"image\":{\"@id\":\"https:\\\/\\\/labarraca1912.es\\\/#\\\/schema\\\/logo\\\/image\\\/\"}}]}<\/script>\n<!-- \/ Yoast SEO plugin. -->","yoast_head_json":{"title":"Comprar sazonador paella marinera con azafr\u00e1n | La Barraca","description":"Sazonador para paella marinera con azafr\u00e1n, mezcla ideal de especias para mariscos y pescados. Estuche 3 sobres para 1,5 kg de arroz. Calidad La Barraca.","robots":{"index":"index","follow":"follow","max-snippet":"max-snippet:-1","max-image-preview":"max-image-preview:large","max-video-preview":"max-video-preview:-1"},"canonical":"https:\/\/labarraca1912.es\/fr\/tienda\/azafran\/sazonador-paella-marinera-con-azafran\/","og_locale":"fr_FR","og_type":"article","og_title":"Comprar sazonador paella marinera con azafr\u00e1n | La Barraca","og_description":"Sazonador para paella marinera con azafr\u00e1n, mezcla ideal de especias para mariscos y pescados. Estuche 3 sobres para 1,5 kg de arroz. Calidad La Barraca.","og_url":"https:\/\/labarraca1912.es\/fr\/tienda\/azafran\/sazonador-paella-marinera-con-azafran\/","og_site_name":"La Barraca","article_modified_time":"2026-03-20T12:58:58+00:00","og_image":[{"width":800,"height":800,"url":"https:\/\/labarraca1912.es\/wp-content\/uploads\/paelleromarinero2025.jpg","type":"image\/jpeg"}],"twitter_card":"summary_large_image","twitter_misc":{"Dur\u00e9e de lecture estim\u00e9e":"1 minute"},"schema":{"@context":"https:\/\/schema.org","@graph":[{"@type":"WebPage","@id":"https:\/\/labarraca1912.es\/tienda\/azafran\/sazonador-paella-marinera-con-azafran\/","url":"https:\/\/labarraca1912.es\/tienda\/azafran\/sazonador-paella-marinera-con-azafran\/","name":"Comprar sazonador paella marinera con azafr\u00e1n | La Barraca","isPartOf":{"@id":"https:\/\/labarraca1912.es\/#website"},"primaryImageOfPage":{"@id":"https:\/\/labarraca1912.es\/tienda\/azafran\/sazonador-paella-marinera-con-azafran\/#primaryimage"},"image":{"@id":"https:\/\/labarraca1912.es\/tienda\/azafran\/sazonador-paella-marinera-con-azafran\/#primaryimage"},"thumbnailUrl":"https:\/\/labarraca1912.es\/wp-content\/uploads\/paelleromarinero2025.jpg","datePublished":"2021-05-31T06:45:02+00:00","dateModified":"2026-03-20T12:58:58+00:00","description":"Sazonador para paella marinera con azafr\u00e1n, mezcla ideal de especias para mariscos y pescados. Estuche 3 sobres para 1,5 kg de arroz. Calidad La Barraca.","breadcrumb":{"@id":"https:\/\/labarraca1912.es\/tienda\/azafran\/sazonador-paella-marinera-con-azafran\/#breadcrumb"},"inLanguage":"fr-FR","potentialAction":[{"@type":"ReadAction","target":["https:\/\/labarraca1912.es\/tienda\/azafran\/sazonador-paella-marinera-con-azafran\/"]}]},{"@type":"ImageObject","inLanguage":"fr-FR","@id":"https:\/\/labarraca1912.es\/tienda\/azafran\/sazonador-paella-marinera-con-azafran\/#primaryimage","url":"https:\/\/labarraca1912.es\/wp-content\/uploads\/paelleromarinero2025.jpg","contentUrl":"https:\/\/labarraca1912.es\/wp-content\/uploads\/paelleromarinero2025.jpg","width":800,"height":800},{"@type":"BreadcrumbList","@id":"https:\/\/labarraca1912.es\/tienda\/azafran\/sazonador-paella-marinera-con-azafran\/#breadcrumb","itemListElement":[{"@type":"ListItem","position":1,"name":"La Barraca","item":"https:\/\/labarraca1912.es\/"},{"@type":"ListItem","position":2,"name":"Tienda","item":"https:\/\/labarraca1912.es\/tienda\/"},{"@type":"ListItem","position":3,"name":"Sazonador Paella Marinera con Azafr\u00e1n"}]},{"@type":"WebSite","@id":"https:\/\/labarraca1912.es\/#website","url":"https:\/\/labarraca1912.es\/","name":"La Barraca","description":"La Casa del Sabor","publisher":{"@id":"https:\/\/labarraca1912.es\/#organization"},"potentialAction":[{"@type":"SearchAction","target":{"@type":"EntryPoint","urlTemplate":"https:\/\/labarraca1912.es\/?s={search_term_string}"},"query-input":{"@type":"PropertyValueSpecification","valueRequired":true,"valueName":"search_term_string"}}],"inLanguage":"fr-FR"},{"@type":"Organization","@id":"https:\/\/labarraca1912.es\/#organization","name":"La Barraca 1912 Alimentacion","url":"https:\/\/labarraca1912.es\/","logo":{"@type":"ImageObject","inLanguage":"fr-FR","@id":"https:\/\/labarraca1912.es\/#\/schema\/logo\/image\/","url":"https:\/\/labarraca1912.es\/wp-content\/uploads\/2019\/06\/logo-labarraca.png","contentUrl":"https:\/\/labarraca1912.es\/wp-content\/uploads\/2019\/06\/logo-labarraca.png","width":2917,"height":1809,"caption":"La Barraca 1912 Alimentacion"},"image":{"@id":"https:\/\/labarraca1912.es\/#\/schema\/logo\/image\/"}}]}},"_links":{"self":[{"href":"https:\/\/labarraca1912.es\/fr\/wp-json\/wp\/v2\/product\/6934","targetHints":{"allow":["GET"]}}],"collection":[{"href":"https:\/\/labarraca1912.es\/fr\/wp-json\/wp\/v2\/product"}],"about":[{"href":"https:\/\/labarraca1912.es\/fr\/wp-json\/wp\/v2\/types\/product"}],"replies":[{"embeddable":true,"href":"https:\/\/labarraca1912.es\/fr\/wp-json\/wp\/v2\/comments?post=6934"}],"wp:featuredmedia":[{"embeddable":true,"href":"https:\/\/labarraca1912.es\/fr\/wp-json\/wp\/v2\/media\/12421"}],"wp:attachment":[{"href":"https:\/\/labarraca1912.es\/fr\/wp-json\/wp\/v2\/media?parent=6934"}],"wp:term":[{"taxonomy":"product_brand","embeddable":true,"href":"https:\/\/labarraca1912.es\/fr\/wp-json\/wp\/v2\/product_brand?post=6934"},{"taxonomy":"product_cat","embeddable":true,"href":"https:\/\/labarraca1912.es\/fr\/wp-json\/wp\/v2\/product_cat?post=6934"},{"taxonomy":"product_tag","embeddable":true,"href":"https:\/\/labarraca1912.es\/fr\/wp-json\/wp\/v2\/product_tag?post=6934"}],"curies":[{"name":"wp","href":"https:\/\/api.w.org\/{rel}","templated":true}]}}