{"id":6993,"date":"2021-06-16T08:56:03","date_gmt":"2021-06-16T06:56:03","guid":{"rendered":"https:\/\/labarraca1912.es\/?post_type=product&#038;p=6993"},"modified":"2026-04-14T21:03:48","modified_gmt":"2026-04-14T19:03:48","slug":"molinillo-parrillada-para-carnes","status":"publish","type":"product","link":"https:\/\/labarraca1912.es\/fr\/tienda\/molinillos\/molinillo-parrillada-para-carnes\/","title":{"rendered":"Moulin Sel aux \u00c9pices \"M\u00e9lange pour Grillades\" 65g"},"content":{"rendered":"<p>MOLINILLO SAL CON ESPECIAS \u00abPARRILLADA PARA CARNES\u00bb: Mezcla natural de sal marina con especias y hierbas para lograr el sabor caracter\u00edstico de carne a la parrilla.<\/p>\n<p><strong>Sal con Especias \u00abParrillada para Carnes\u00bb:<\/strong> Il est utilis\u00e9 dans n'importe quel plat de viande grill\u00e9 ou grill\u00e9, offrant une saveur et un ar\u00f4me puissants lorsqu'il est fra\u00eechement moulu.<\/p>\n<p>&nbsp;<\/p>\n<h5><span style=\"color: #c29d0c;\"><strong>Moulin DOUBLE MOUDRE r\u00e9glable, pour que vous puissiez adapter le grain de broyage \u00e0 votre guise, plus fin ou plus grossier.<\/strong><\/span><\/h5>","protected":false},"excerpt":{"rendered":"<blockquote>\n<h2><strong>Moulin Sel aux \u00c9pices \"M\u00e9lange pour Grillades\"<\/strong><\/h2>\n<\/blockquote>\n<p><img decoding=\"async\" class=\"alignnone wp-image-10937\" src=\"https:\/\/labarraca1912.es\/wp-content\/uploads\/glutenfree.jpg\" alt=\"\" width=\"203\" height=\"35\" \/><\/p>\n<p>M\u00e9lange naturel de sel marin avec des \u00e9pices et des herbes pour obtenir la saveur caract\u00e9ristique de la viande grill\u00e9e. Il est utilis\u00e9 dans n'importe quel plat de viande grill\u00e9 ou grill\u00e9, offrant une saveur et un ar\u00f4me puissants lorsqu'il est fra\u00eechement moulu.<\/p>\n<h5><span style=\"color: #c29d0c;\"><strong>Moulin DOUBLE MOUDRE r\u00e9glable, pour que vous puissiez adapter le grain de broyage \u00e0 votre guise, plus fin ou plus grossier.<\/strong><\/span><\/h5>\n<p><em><strong>Ingr\u00e9dients:<\/strong> <\/em>Sel marin (84%), poivre noir, piment concass\u00e9, clou de girofle, romarin et origan.<\/p>","protected":false},"featured_media":14249,"comment_status":"open","ping_status":"closed","template":"","meta":{"_et_pb_use_builder":"","_et_pb_old_content":"","_et_gb_content_width":""},"product_brand":[],"product_cat":[164],"product_tag":[235,67,154,156,150,233,234,157,79],"class_list":{"0":"post-6993","1":"product","2":"type-product","3":"status-publish","4":"has-post-thumbnail","6":"product_cat-molinillos","7":"product_tag-bbq","8":"product_tag-carne","9":"product_tag-hierbas","10":"product_tag-marina","11":"product_tag-molinillo","12":"product_tag-parrilla","13":"product_tag-parrillada","14":"product_tag-roca","15":"product_tag-sal","17":"first","18":"instock","19":"taxable","20":"shipping-taxable","21":"purchasable","22":"product-type-simple"},"yoast_head":"<!-- This site is optimized with the Yoast SEO plugin v27.4 - https:\/\/yoast.com\/product\/yoast-seo-wordpress\/ -->\n<title>Comprar Molinillo Sal con Especias \u201cParrillada para Carnes\u201d<\/title>\n<meta name=\"description\" content=\"Mejora el sabor de tus carnes a la parrilla con este molinillo de sal marina y especias. Comprar un molinillo con doble molienda para sazonar con frescura.\" \/>\n<meta name=\"robots\" content=\"index, follow, max-snippet:-1, max-image-preview:large, max-video-preview:-1\" \/>\n<link rel=\"canonical\" href=\"https:\/\/labarraca1912.es\/fr\/tienda\/molinillos\/molinillo-parrillada-para-carnes\/\" \/>\n<meta property=\"og:locale\" content=\"fr_FR\" \/>\n<meta property=\"og:type\" content=\"article\" \/>\n<meta property=\"og:title\" content=\"Comprar Molinillo Sal con Especias \u201cParrillada para Carnes\u201d\" \/>\n<meta property=\"og:description\" content=\"Mejora el sabor de tus carnes a la parrilla con este molinillo de sal marina y especias. Comprar un molinillo con doble molienda para sazonar con frescura.\" \/>\n<meta property=\"og:url\" content=\"https:\/\/labarraca1912.es\/fr\/tienda\/molinillos\/molinillo-parrillada-para-carnes\/\" \/>\n<meta property=\"og:site_name\" content=\"La Barraca\" \/>\n<meta property=\"article:modified_time\" content=\"2026-04-14T19:03:48+00:00\" \/>\n<meta property=\"og:image\" content=\"https:\/\/labarraca1912.es\/wp-content\/uploads\/molinilloparrilladacarnes2026.jpg\" \/>\n\t<meta property=\"og:image:width\" content=\"800\" \/>\n\t<meta property=\"og:image:height\" content=\"800\" \/>\n\t<meta property=\"og:image:type\" content=\"image\/jpeg\" \/>\n<meta name=\"twitter:card\" content=\"summary_large_image\" \/>\n<meta name=\"twitter:label1\" content=\"Dur\u00e9e de lecture estim\u00e9e\" \/>\n\t<meta name=\"twitter:data1\" content=\"1 minute\" \/>\n<script type=\"application\/ld+json\" class=\"yoast-schema-graph\">{\"@context\":\"https:\\\/\\\/schema.org\",\"@graph\":[{\"@type\":\"WebPage\",\"@id\":\"https:\\\/\\\/labarraca1912.es\\\/tienda\\\/molinillos\\\/molinillo-parrillada-para-carnes\\\/\",\"url\":\"https:\\\/\\\/labarraca1912.es\\\/tienda\\\/molinillos\\\/molinillo-parrillada-para-carnes\\\/\",\"name\":\"Comprar Molinillo Sal con Especias \u201cParrillada para Carnes\u201d\",\"isPartOf\":{\"@id\":\"https:\\\/\\\/labarraca1912.es\\\/#website\"},\"primaryImageOfPage\":{\"@id\":\"https:\\\/\\\/labarraca1912.es\\\/tienda\\\/molinillos\\\/molinillo-parrillada-para-carnes\\\/#primaryimage\"},\"image\":{\"@id\":\"https:\\\/\\\/labarraca1912.es\\\/tienda\\\/molinillos\\\/molinillo-parrillada-para-carnes\\\/#primaryimage\"},\"thumbnailUrl\":\"https:\\\/\\\/labarraca1912.es\\\/wp-content\\\/uploads\\\/molinilloparrilladacarnes2026.jpg\",\"datePublished\":\"2021-06-16T06:56:03+00:00\",\"dateModified\":\"2026-04-14T19:03:48+00:00\",\"description\":\"Mejora el sabor de tus carnes a la parrilla con este molinillo de sal marina y especias. Comprar un molinillo con doble molienda para sazonar con frescura.\",\"breadcrumb\":{\"@id\":\"https:\\\/\\\/labarraca1912.es\\\/tienda\\\/molinillos\\\/molinillo-parrillada-para-carnes\\\/#breadcrumb\"},\"inLanguage\":\"fr-FR\",\"potentialAction\":[{\"@type\":\"ReadAction\",\"target\":[\"https:\\\/\\\/labarraca1912.es\\\/tienda\\\/molinillos\\\/molinillo-parrillada-para-carnes\\\/\"]}]},{\"@type\":\"ImageObject\",\"inLanguage\":\"fr-FR\",\"@id\":\"https:\\\/\\\/labarraca1912.es\\\/tienda\\\/molinillos\\\/molinillo-parrillada-para-carnes\\\/#primaryimage\",\"url\":\"https:\\\/\\\/labarraca1912.es\\\/wp-content\\\/uploads\\\/molinilloparrilladacarnes2026.jpg\",\"contentUrl\":\"https:\\\/\\\/labarraca1912.es\\\/wp-content\\\/uploads\\\/molinilloparrilladacarnes2026.jpg\",\"width\":800,\"height\":800},{\"@type\":\"BreadcrumbList\",\"@id\":\"https:\\\/\\\/labarraca1912.es\\\/tienda\\\/molinillos\\\/molinillo-parrillada-para-carnes\\\/#breadcrumb\",\"itemListElement\":[{\"@type\":\"ListItem\",\"position\":1,\"name\":\"La Barraca\",\"item\":\"https:\\\/\\\/labarraca1912.es\\\/\"},{\"@type\":\"ListItem\",\"position\":2,\"name\":\"Tienda\",\"item\":\"https:\\\/\\\/labarraca1912.es\\\/tienda\\\/\"},{\"@type\":\"ListItem\",\"position\":3,\"name\":\"Molinillo Sal con Especias \u00abParrillada para Carnes\u00bb 65g\"}]},{\"@type\":\"WebSite\",\"@id\":\"https:\\\/\\\/labarraca1912.es\\\/#website\",\"url\":\"https:\\\/\\\/labarraca1912.es\\\/\",\"name\":\"La Barraca\",\"description\":\"La Casa del Sabor\",\"publisher\":{\"@id\":\"https:\\\/\\\/labarraca1912.es\\\/#organization\"},\"potentialAction\":[{\"@type\":\"SearchAction\",\"target\":{\"@type\":\"EntryPoint\",\"urlTemplate\":\"https:\\\/\\\/labarraca1912.es\\\/?s={search_term_string}\"},\"query-input\":{\"@type\":\"PropertyValueSpecification\",\"valueRequired\":true,\"valueName\":\"search_term_string\"}}],\"inLanguage\":\"fr-FR\"},{\"@type\":\"Organization\",\"@id\":\"https:\\\/\\\/labarraca1912.es\\\/#organization\",\"name\":\"La Barraca 1912 Alimentacion\",\"url\":\"https:\\\/\\\/labarraca1912.es\\\/\",\"logo\":{\"@type\":\"ImageObject\",\"inLanguage\":\"fr-FR\",\"@id\":\"https:\\\/\\\/labarraca1912.es\\\/#\\\/schema\\\/logo\\\/image\\\/\",\"url\":\"https:\\\/\\\/labarraca1912.es\\\/wp-content\\\/uploads\\\/2019\\\/06\\\/logo-labarraca.png\",\"contentUrl\":\"https:\\\/\\\/labarraca1912.es\\\/wp-content\\\/uploads\\\/2019\\\/06\\\/logo-labarraca.png\",\"width\":2917,\"height\":1809,\"caption\":\"La Barraca 1912 Alimentacion\"},\"image\":{\"@id\":\"https:\\\/\\\/labarraca1912.es\\\/#\\\/schema\\\/logo\\\/image\\\/\"}}]}<\/script>\n<!-- \/ Yoast SEO plugin. -->","yoast_head_json":{"title":"Comprar Molinillo Sal con Especias \u201cParrillada para Carnes\u201d","description":"Mejora el sabor de tus carnes a la parrilla con este molinillo de sal marina y especias. Comprar un molinillo con doble molienda para sazonar con frescura.","robots":{"index":"index","follow":"follow","max-snippet":"max-snippet:-1","max-image-preview":"max-image-preview:large","max-video-preview":"max-video-preview:-1"},"canonical":"https:\/\/labarraca1912.es\/fr\/tienda\/molinillos\/molinillo-parrillada-para-carnes\/","og_locale":"fr_FR","og_type":"article","og_title":"Comprar Molinillo Sal con Especias \u201cParrillada para Carnes\u201d","og_description":"Mejora el sabor de tus carnes a la parrilla con este molinillo de sal marina y especias. Comprar un molinillo con doble molienda para sazonar con frescura.","og_url":"https:\/\/labarraca1912.es\/fr\/tienda\/molinillos\/molinillo-parrillada-para-carnes\/","og_site_name":"La Barraca","article_modified_time":"2026-04-14T19:03:48+00:00","og_image":[{"width":800,"height":800,"url":"https:\/\/labarraca1912.es\/wp-content\/uploads\/molinilloparrilladacarnes2026.jpg","type":"image\/jpeg"}],"twitter_card":"summary_large_image","twitter_misc":{"Dur\u00e9e de lecture estim\u00e9e":"1 minute"},"schema":{"@context":"https:\/\/schema.org","@graph":[{"@type":"WebPage","@id":"https:\/\/labarraca1912.es\/tienda\/molinillos\/molinillo-parrillada-para-carnes\/","url":"https:\/\/labarraca1912.es\/tienda\/molinillos\/molinillo-parrillada-para-carnes\/","name":"Comprar Molinillo Sal con Especias \u201cParrillada para Carnes\u201d","isPartOf":{"@id":"https:\/\/labarraca1912.es\/#website"},"primaryImageOfPage":{"@id":"https:\/\/labarraca1912.es\/tienda\/molinillos\/molinillo-parrillada-para-carnes\/#primaryimage"},"image":{"@id":"https:\/\/labarraca1912.es\/tienda\/molinillos\/molinillo-parrillada-para-carnes\/#primaryimage"},"thumbnailUrl":"https:\/\/labarraca1912.es\/wp-content\/uploads\/molinilloparrilladacarnes2026.jpg","datePublished":"2021-06-16T06:56:03+00:00","dateModified":"2026-04-14T19:03:48+00:00","description":"Mejora el sabor de tus carnes a la parrilla con este molinillo de sal marina y especias. Comprar un molinillo con doble molienda para sazonar con frescura.","breadcrumb":{"@id":"https:\/\/labarraca1912.es\/tienda\/molinillos\/molinillo-parrillada-para-carnes\/#breadcrumb"},"inLanguage":"fr-FR","potentialAction":[{"@type":"ReadAction","target":["https:\/\/labarraca1912.es\/tienda\/molinillos\/molinillo-parrillada-para-carnes\/"]}]},{"@type":"ImageObject","inLanguage":"fr-FR","@id":"https:\/\/labarraca1912.es\/tienda\/molinillos\/molinillo-parrillada-para-carnes\/#primaryimage","url":"https:\/\/labarraca1912.es\/wp-content\/uploads\/molinilloparrilladacarnes2026.jpg","contentUrl":"https:\/\/labarraca1912.es\/wp-content\/uploads\/molinilloparrilladacarnes2026.jpg","width":800,"height":800},{"@type":"BreadcrumbList","@id":"https:\/\/labarraca1912.es\/tienda\/molinillos\/molinillo-parrillada-para-carnes\/#breadcrumb","itemListElement":[{"@type":"ListItem","position":1,"name":"La Barraca","item":"https:\/\/labarraca1912.es\/"},{"@type":"ListItem","position":2,"name":"Tienda","item":"https:\/\/labarraca1912.es\/tienda\/"},{"@type":"ListItem","position":3,"name":"Molinillo Sal con Especias \u00abParrillada para Carnes\u00bb 65g"}]},{"@type":"WebSite","@id":"https:\/\/labarraca1912.es\/#website","url":"https:\/\/labarraca1912.es\/","name":"La Barraca","description":"La Casa del Sabor","publisher":{"@id":"https:\/\/labarraca1912.es\/#organization"},"potentialAction":[{"@type":"SearchAction","target":{"@type":"EntryPoint","urlTemplate":"https:\/\/labarraca1912.es\/?s={search_term_string}"},"query-input":{"@type":"PropertyValueSpecification","valueRequired":true,"valueName":"search_term_string"}}],"inLanguage":"fr-FR"},{"@type":"Organization","@id":"https:\/\/labarraca1912.es\/#organization","name":"La Barraca 1912 Alimentacion","url":"https:\/\/labarraca1912.es\/","logo":{"@type":"ImageObject","inLanguage":"fr-FR","@id":"https:\/\/labarraca1912.es\/#\/schema\/logo\/image\/","url":"https:\/\/labarraca1912.es\/wp-content\/uploads\/2019\/06\/logo-labarraca.png","contentUrl":"https:\/\/labarraca1912.es\/wp-content\/uploads\/2019\/06\/logo-labarraca.png","width":2917,"height":1809,"caption":"La Barraca 1912 Alimentacion"},"image":{"@id":"https:\/\/labarraca1912.es\/#\/schema\/logo\/image\/"}}]}},"_links":{"self":[{"href":"https:\/\/labarraca1912.es\/fr\/wp-json\/wp\/v2\/product\/6993","targetHints":{"allow":["GET"]}}],"collection":[{"href":"https:\/\/labarraca1912.es\/fr\/wp-json\/wp\/v2\/product"}],"about":[{"href":"https:\/\/labarraca1912.es\/fr\/wp-json\/wp\/v2\/types\/product"}],"replies":[{"embeddable":true,"href":"https:\/\/labarraca1912.es\/fr\/wp-json\/wp\/v2\/comments?post=6993"}],"wp:featuredmedia":[{"embeddable":true,"href":"https:\/\/labarraca1912.es\/fr\/wp-json\/wp\/v2\/media\/14249"}],"wp:attachment":[{"href":"https:\/\/labarraca1912.es\/fr\/wp-json\/wp\/v2\/media?parent=6993"}],"wp:term":[{"taxonomy":"product_brand","embeddable":true,"href":"https:\/\/labarraca1912.es\/fr\/wp-json\/wp\/v2\/product_brand?post=6993"},{"taxonomy":"product_cat","embeddable":true,"href":"https:\/\/labarraca1912.es\/fr\/wp-json\/wp\/v2\/product_cat?post=6993"},{"taxonomy":"product_tag","embeddable":true,"href":"https:\/\/labarraca1912.es\/fr\/wp-json\/wp\/v2\/product_tag?post=6993"}],"curies":[{"name":"wp","href":"https:\/\/api.w.org\/{rel}","templated":true}]}}