{"id":6996,"date":"2021-06-16T09:17:56","date_gmt":"2021-06-16T07:17:56","guid":{"rendered":"https:\/\/labarraca1912.es\/?post_type=product&#038;p=6996"},"modified":"2026-02-25T12:24:04","modified_gmt":"2026-02-25T11:24:04","slug":"molinillo-sal-con-ajo-y-perejil-30g","status":"publish","type":"product","link":"https:\/\/labarraca1912.es\/fr\/tienda\/molinillos\/molinillo-sal-con-ajo-y-perejil-30g\/","title":{"rendered":"Moulin Sel avec Ail et Persil 30g"},"content":{"rendered":"<p>MOLINILLO SAL CON AJO Y PEREJIL &#8211; 30G: Se trata de una mezcla creada a base de sal marina, ajo picado y perejil hoja.<\/p>\n<p><strong>Sel avec Ail et Persil:<\/strong> Il est normalement utilis\u00e9 pour aromatiser le poisson, mais il est \u00e9galement utilis\u00e9 pour assaisonner diff\u00e9rents types de l\u00e9gumes.<\/p>\n<p>&nbsp;<\/p>\n<h5><span style=\"color: #c29d0c;\"><strong>Moulin DOUBLE MOUDRE r\u00e9glable, pour que vous puissiez adapter le grain de broyage \u00e0 votre guise, plus fin ou plus grossier.<\/strong><\/span><\/h5>","protected":false},"excerpt":{"rendered":"<blockquote>\n<h2><strong>Moulin Sel avec Ail et Persil<\/strong> 30g<\/h2>\n<\/blockquote>\n<p>C'est un m\u00e9lange cr\u00e9\u00e9 \u00e0 partir de sel marin, d'ail hach\u00e9 et de persil feuille. Il est normalement utilis\u00e9 pour aromatiser le poisson, mais il est \u00e9galement utilis\u00e9 pour assaisonner diff\u00e9rents types de l\u00e9gumes.<\/p>\n<h5><span style=\"color: #c29d0c;\"><strong>Moulin DOUBLE MOUDRE r\u00e9glable, pour que vous puissiez adapter le grain de broyage \u00e0 votre guise, plus fin ou plus grossier.<\/strong><\/span><\/h5>\n<p><em><strong>Ingr\u00e9dients:<\/strong><\/em> Sel marin (84%), ail (8%) et persil (8%).<\/p>\n<p>Peut contenir des traces de <strong>C\u00c9LERI, GLUTEN, MOUTARDE, SULFITES et ARACHIDES.<\/strong><\/p>","protected":false},"featured_media":13597,"comment_status":"open","ping_status":"closed","template":"","meta":{"_et_pb_use_builder":"","_et_pb_old_content":"","_et_gb_content_width":""},"product_brand":[],"product_cat":[164],"product_tag":[96,150,49,236,79,237],"class_list":{"0":"post-6996","1":"product","2":"type-product","3":"status-publish","4":"has-post-thumbnail","6":"product_cat-molinillos","7":"product_tag-ajo","8":"product_tag-molinillo","9":"product_tag-perejil","10":"product_tag-pescados","11":"product_tag-sal","12":"product_tag-verduras","14":"first","15":"instock","16":"taxable","17":"shipping-taxable","18":"purchasable","19":"product-type-simple"},"yoast_head":"<!-- This site is optimized with the Yoast SEO plugin v27.4 - https:\/\/yoast.com\/product\/yoast-seo-wordpress\/ -->\n<title>Comprar Molinillo Sal con Ajo y Perejil 30g | La Barraca<\/title>\n<meta name=\"description\" content=\"Realza el sabor de tus pescados y verduras al comprar un molinillo de sal con ajo y perejil, ideal para sazonar con frescura y aroma natural.\" \/>\n<meta name=\"robots\" content=\"index, follow, max-snippet:-1, max-image-preview:large, max-video-preview:-1\" \/>\n<link rel=\"canonical\" href=\"https:\/\/labarraca1912.es\/fr\/tienda\/molinillos\/molinillo-sal-con-ajo-y-perejil-30g\/\" \/>\n<meta property=\"og:locale\" content=\"fr_FR\" \/>\n<meta property=\"og:type\" content=\"article\" \/>\n<meta property=\"og:title\" content=\"Comprar Molinillo Sal con Ajo y Perejil 30g | La Barraca\" \/>\n<meta property=\"og:description\" content=\"Realza el sabor de tus pescados y verduras al comprar un molinillo de sal con ajo y perejil, ideal para sazonar con frescura y aroma natural.\" \/>\n<meta property=\"og:url\" content=\"https:\/\/labarraca1912.es\/fr\/tienda\/molinillos\/molinillo-sal-con-ajo-y-perejil-30g\/\" \/>\n<meta property=\"og:site_name\" content=\"La Barraca\" \/>\n<meta property=\"article:modified_time\" content=\"2026-02-25T11:24:04+00:00\" \/>\n<meta property=\"og:image\" content=\"https:\/\/labarraca1912.es\/wp-content\/uploads\/salajoyperejil2025.jpg\" \/>\n\t<meta property=\"og:image:width\" content=\"800\" \/>\n\t<meta property=\"og:image:height\" content=\"800\" \/>\n\t<meta property=\"og:image:type\" content=\"image\/jpeg\" \/>\n<meta name=\"twitter:card\" content=\"summary_large_image\" \/>\n<meta name=\"twitter:label1\" content=\"Dur\u00e9e de lecture estim\u00e9e\" \/>\n\t<meta name=\"twitter:data1\" content=\"1 minute\" \/>\n<script type=\"application\/ld+json\" class=\"yoast-schema-graph\">{\"@context\":\"https:\\\/\\\/schema.org\",\"@graph\":[{\"@type\":\"WebPage\",\"@id\":\"https:\\\/\\\/labarraca1912.es\\\/tienda\\\/molinillos\\\/molinillo-sal-con-ajo-y-perejil-30g\\\/\",\"url\":\"https:\\\/\\\/labarraca1912.es\\\/tienda\\\/molinillos\\\/molinillo-sal-con-ajo-y-perejil-30g\\\/\",\"name\":\"Comprar Molinillo Sal con Ajo y Perejil 30g | La Barraca\",\"isPartOf\":{\"@id\":\"https:\\\/\\\/labarraca1912.es\\\/#website\"},\"primaryImageOfPage\":{\"@id\":\"https:\\\/\\\/labarraca1912.es\\\/tienda\\\/molinillos\\\/molinillo-sal-con-ajo-y-perejil-30g\\\/#primaryimage\"},\"image\":{\"@id\":\"https:\\\/\\\/labarraca1912.es\\\/tienda\\\/molinillos\\\/molinillo-sal-con-ajo-y-perejil-30g\\\/#primaryimage\"},\"thumbnailUrl\":\"https:\\\/\\\/labarraca1912.es\\\/wp-content\\\/uploads\\\/salajoyperejil2025.jpg\",\"datePublished\":\"2021-06-16T07:17:56+00:00\",\"dateModified\":\"2026-02-25T11:24:04+00:00\",\"description\":\"Realza el sabor de tus pescados y verduras al comprar un molinillo de sal con ajo y perejil, ideal para sazonar con frescura y aroma natural.\",\"breadcrumb\":{\"@id\":\"https:\\\/\\\/labarraca1912.es\\\/tienda\\\/molinillos\\\/molinillo-sal-con-ajo-y-perejil-30g\\\/#breadcrumb\"},\"inLanguage\":\"fr-FR\",\"potentialAction\":[{\"@type\":\"ReadAction\",\"target\":[\"https:\\\/\\\/labarraca1912.es\\\/tienda\\\/molinillos\\\/molinillo-sal-con-ajo-y-perejil-30g\\\/\"]}]},{\"@type\":\"ImageObject\",\"inLanguage\":\"fr-FR\",\"@id\":\"https:\\\/\\\/labarraca1912.es\\\/tienda\\\/molinillos\\\/molinillo-sal-con-ajo-y-perejil-30g\\\/#primaryimage\",\"url\":\"https:\\\/\\\/labarraca1912.es\\\/wp-content\\\/uploads\\\/salajoyperejil2025.jpg\",\"contentUrl\":\"https:\\\/\\\/labarraca1912.es\\\/wp-content\\\/uploads\\\/salajoyperejil2025.jpg\",\"width\":800,\"height\":800},{\"@type\":\"BreadcrumbList\",\"@id\":\"https:\\\/\\\/labarraca1912.es\\\/tienda\\\/molinillos\\\/molinillo-sal-con-ajo-y-perejil-30g\\\/#breadcrumb\",\"itemListElement\":[{\"@type\":\"ListItem\",\"position\":1,\"name\":\"La Barraca\",\"item\":\"https:\\\/\\\/labarraca1912.es\\\/\"},{\"@type\":\"ListItem\",\"position\":2,\"name\":\"Tienda\",\"item\":\"https:\\\/\\\/labarraca1912.es\\\/tienda\\\/\"},{\"@type\":\"ListItem\",\"position\":3,\"name\":\"Molinillo Sal con Ajo y Perejil 30g\"}]},{\"@type\":\"WebSite\",\"@id\":\"https:\\\/\\\/labarraca1912.es\\\/#website\",\"url\":\"https:\\\/\\\/labarraca1912.es\\\/\",\"name\":\"La Barraca\",\"description\":\"La Casa del Sabor\",\"publisher\":{\"@id\":\"https:\\\/\\\/labarraca1912.es\\\/#organization\"},\"potentialAction\":[{\"@type\":\"SearchAction\",\"target\":{\"@type\":\"EntryPoint\",\"urlTemplate\":\"https:\\\/\\\/labarraca1912.es\\\/?s={search_term_string}\"},\"query-input\":{\"@type\":\"PropertyValueSpecification\",\"valueRequired\":true,\"valueName\":\"search_term_string\"}}],\"inLanguage\":\"fr-FR\"},{\"@type\":\"Organization\",\"@id\":\"https:\\\/\\\/labarraca1912.es\\\/#organization\",\"name\":\"La Barraca 1912 Alimentacion\",\"url\":\"https:\\\/\\\/labarraca1912.es\\\/\",\"logo\":{\"@type\":\"ImageObject\",\"inLanguage\":\"fr-FR\",\"@id\":\"https:\\\/\\\/labarraca1912.es\\\/#\\\/schema\\\/logo\\\/image\\\/\",\"url\":\"https:\\\/\\\/labarraca1912.es\\\/wp-content\\\/uploads\\\/2019\\\/06\\\/logo-labarraca.png\",\"contentUrl\":\"https:\\\/\\\/labarraca1912.es\\\/wp-content\\\/uploads\\\/2019\\\/06\\\/logo-labarraca.png\",\"width\":2917,\"height\":1809,\"caption\":\"La Barraca 1912 Alimentacion\"},\"image\":{\"@id\":\"https:\\\/\\\/labarraca1912.es\\\/#\\\/schema\\\/logo\\\/image\\\/\"}}]}<\/script>\n<!-- \/ Yoast SEO plugin. -->","yoast_head_json":{"title":"Comprar Molinillo Sal con Ajo y Perejil 30g | La Barraca","description":"Realza el sabor de tus pescados y verduras al comprar un molinillo de sal con ajo y perejil, ideal para sazonar con frescura y aroma natural.","robots":{"index":"index","follow":"follow","max-snippet":"max-snippet:-1","max-image-preview":"max-image-preview:large","max-video-preview":"max-video-preview:-1"},"canonical":"https:\/\/labarraca1912.es\/fr\/tienda\/molinillos\/molinillo-sal-con-ajo-y-perejil-30g\/","og_locale":"fr_FR","og_type":"article","og_title":"Comprar Molinillo Sal con Ajo y Perejil 30g | La Barraca","og_description":"Realza el sabor de tus pescados y verduras al comprar un molinillo de sal con ajo y perejil, ideal para sazonar con frescura y aroma natural.","og_url":"https:\/\/labarraca1912.es\/fr\/tienda\/molinillos\/molinillo-sal-con-ajo-y-perejil-30g\/","og_site_name":"La Barraca","article_modified_time":"2026-02-25T11:24:04+00:00","og_image":[{"width":800,"height":800,"url":"https:\/\/labarraca1912.es\/wp-content\/uploads\/salajoyperejil2025.jpg","type":"image\/jpeg"}],"twitter_card":"summary_large_image","twitter_misc":{"Dur\u00e9e de lecture estim\u00e9e":"1 minute"},"schema":{"@context":"https:\/\/schema.org","@graph":[{"@type":"WebPage","@id":"https:\/\/labarraca1912.es\/tienda\/molinillos\/molinillo-sal-con-ajo-y-perejil-30g\/","url":"https:\/\/labarraca1912.es\/tienda\/molinillos\/molinillo-sal-con-ajo-y-perejil-30g\/","name":"Comprar Molinillo Sal con Ajo y Perejil 30g | La Barraca","isPartOf":{"@id":"https:\/\/labarraca1912.es\/#website"},"primaryImageOfPage":{"@id":"https:\/\/labarraca1912.es\/tienda\/molinillos\/molinillo-sal-con-ajo-y-perejil-30g\/#primaryimage"},"image":{"@id":"https:\/\/labarraca1912.es\/tienda\/molinillos\/molinillo-sal-con-ajo-y-perejil-30g\/#primaryimage"},"thumbnailUrl":"https:\/\/labarraca1912.es\/wp-content\/uploads\/salajoyperejil2025.jpg","datePublished":"2021-06-16T07:17:56+00:00","dateModified":"2026-02-25T11:24:04+00:00","description":"Realza el sabor de tus pescados y verduras al comprar un molinillo de sal con ajo y perejil, ideal para sazonar con frescura y aroma natural.","breadcrumb":{"@id":"https:\/\/labarraca1912.es\/tienda\/molinillos\/molinillo-sal-con-ajo-y-perejil-30g\/#breadcrumb"},"inLanguage":"fr-FR","potentialAction":[{"@type":"ReadAction","target":["https:\/\/labarraca1912.es\/tienda\/molinillos\/molinillo-sal-con-ajo-y-perejil-30g\/"]}]},{"@type":"ImageObject","inLanguage":"fr-FR","@id":"https:\/\/labarraca1912.es\/tienda\/molinillos\/molinillo-sal-con-ajo-y-perejil-30g\/#primaryimage","url":"https:\/\/labarraca1912.es\/wp-content\/uploads\/salajoyperejil2025.jpg","contentUrl":"https:\/\/labarraca1912.es\/wp-content\/uploads\/salajoyperejil2025.jpg","width":800,"height":800},{"@type":"BreadcrumbList","@id":"https:\/\/labarraca1912.es\/tienda\/molinillos\/molinillo-sal-con-ajo-y-perejil-30g\/#breadcrumb","itemListElement":[{"@type":"ListItem","position":1,"name":"La Barraca","item":"https:\/\/labarraca1912.es\/"},{"@type":"ListItem","position":2,"name":"Tienda","item":"https:\/\/labarraca1912.es\/tienda\/"},{"@type":"ListItem","position":3,"name":"Molinillo Sal con Ajo y Perejil 30g"}]},{"@type":"WebSite","@id":"https:\/\/labarraca1912.es\/#website","url":"https:\/\/labarraca1912.es\/","name":"La Barraca","description":"La Casa del Sabor","publisher":{"@id":"https:\/\/labarraca1912.es\/#organization"},"potentialAction":[{"@type":"SearchAction","target":{"@type":"EntryPoint","urlTemplate":"https:\/\/labarraca1912.es\/?s={search_term_string}"},"query-input":{"@type":"PropertyValueSpecification","valueRequired":true,"valueName":"search_term_string"}}],"inLanguage":"fr-FR"},{"@type":"Organization","@id":"https:\/\/labarraca1912.es\/#organization","name":"La Barraca 1912 Alimentacion","url":"https:\/\/labarraca1912.es\/","logo":{"@type":"ImageObject","inLanguage":"fr-FR","@id":"https:\/\/labarraca1912.es\/#\/schema\/logo\/image\/","url":"https:\/\/labarraca1912.es\/wp-content\/uploads\/2019\/06\/logo-labarraca.png","contentUrl":"https:\/\/labarraca1912.es\/wp-content\/uploads\/2019\/06\/logo-labarraca.png","width":2917,"height":1809,"caption":"La Barraca 1912 Alimentacion"},"image":{"@id":"https:\/\/labarraca1912.es\/#\/schema\/logo\/image\/"}}]}},"_links":{"self":[{"href":"https:\/\/labarraca1912.es\/fr\/wp-json\/wp\/v2\/product\/6996","targetHints":{"allow":["GET"]}}],"collection":[{"href":"https:\/\/labarraca1912.es\/fr\/wp-json\/wp\/v2\/product"}],"about":[{"href":"https:\/\/labarraca1912.es\/fr\/wp-json\/wp\/v2\/types\/product"}],"replies":[{"embeddable":true,"href":"https:\/\/labarraca1912.es\/fr\/wp-json\/wp\/v2\/comments?post=6996"}],"wp:featuredmedia":[{"embeddable":true,"href":"https:\/\/labarraca1912.es\/fr\/wp-json\/wp\/v2\/media\/13597"}],"wp:attachment":[{"href":"https:\/\/labarraca1912.es\/fr\/wp-json\/wp\/v2\/media?parent=6996"}],"wp:term":[{"taxonomy":"product_brand","embeddable":true,"href":"https:\/\/labarraca1912.es\/fr\/wp-json\/wp\/v2\/product_brand?post=6996"},{"taxonomy":"product_cat","embeddable":true,"href":"https:\/\/labarraca1912.es\/fr\/wp-json\/wp\/v2\/product_cat?post=6996"},{"taxonomy":"product_tag","embeddable":true,"href":"https:\/\/labarraca1912.es\/fr\/wp-json\/wp\/v2\/product_tag?post=6996"}],"curies":[{"name":"wp","href":"https:\/\/api.w.org\/{rel}","templated":true}]}}