{"id":6997,"date":"2021-06-16T09:23:02","date_gmt":"2021-06-16T07:23:02","guid":{"rendered":"https:\/\/labarraca1912.es\/?post_type=product&#038;p=6997"},"modified":"2026-04-14T21:03:48","modified_gmt":"2026-04-14T19:03:48","slug":"molinillo-sal-con-especias-para-pasta-48g","status":"publish","type":"product","link":"https:\/\/labarraca1912.es\/fr\/tienda\/molinillos\/molinillo-sal-con-especias-para-pasta-48g\/","title":{"rendered":"Moulin Sel aux \u00c9pices pour P\u00e2tes 48g"},"content":{"rendered":"<p>MOLINILLO SAL CON ESPECIAS PARA PASTA &#8211; 48G: Mezcla natural de sal marina con especias y hierbas para condimentar y dar sabor a los platos de pasta.<\/p>\n<p><strong>Sel aux \u00c9pices pour P\u00e2tes:<\/strong> Il peut \u00eatre utilis\u00e9 dans n\u2019importe quel plat de p\u00e2tes ou salades de p\u00e2tes.<\/p>\n<p>&nbsp;<\/p>\n<h5><span style=\"color: #c29d0c;\"><strong>Moulin DOUBLE MOUDRE r\u00e9glable, pour que vous puissiez adapter le grain de broyage \u00e0 votre guise, plus fin ou plus grossier.<\/strong><\/span><\/h5>","protected":false},"excerpt":{"rendered":"<blockquote>\n<h2><strong>Moulin Sel aux \u00c9pices pour P\u00e2tes<\/strong> 48g<\/h2>\n<\/blockquote>\n<p><img decoding=\"async\" class=\"alignnone wp-image-10937\" src=\"https:\/\/labarraca1912.es\/wp-content\/uploads\/glutenfree.jpg\" alt=\"\" width=\"203\" height=\"35\" \/><\/p>\n<p>M\u00e9lange naturel de sel marin avec des \u00e9pices et des herbes pour assaisonner et parfumer les plats de p\u00e2tes. Il peut \u00eatre utilis\u00e9 dans n\u2019importe quel plat de p\u00e2tes ou salades de p\u00e2tes.<\/p>\n<h5><span style=\"color: #c29d0c;\"><strong>Moulin DOUBLE MOUDRE r\u00e9glable, pour que vous puissiez adapter le grain de broyage \u00e0 votre guise, plus fin ou plus grossier.<\/strong><\/span><\/h5>\n<p><em><strong>Ingr\u00e9dients:<\/strong><\/em> Sel marin (80%), basilic, origan, ail, poivre noir et <strong>MOUTARDE<\/strong>.<\/p>\n<p>Peut contenir des traces de <strong>C\u00c9LERI, SULFITES et ARACHIDES.<\/strong><\/p>","protected":false},"featured_media":13593,"comment_status":"open","ping_status":"closed","template":"","meta":{"_et_pb_use_builder":"","_et_pb_old_content":"","_et_gb_content_width":""},"product_brand":[],"product_cat":[164],"product_tag":[96,239,150,238,75,49,79],"class_list":{"0":"post-6997","1":"product","2":"type-product","3":"status-publish","4":"has-post-thumbnail","6":"product_cat-molinillos","7":"product_tag-ajo","8":"product_tag-ensalada","9":"product_tag-molinillo","10":"product_tag-mostaza","11":"product_tag-pasta","12":"product_tag-perejil","13":"product_tag-sal","15":"first","16":"instock","17":"taxable","18":"shipping-taxable","19":"purchasable","20":"product-type-simple"},"yoast_head":"<!-- This site is optimized with the Yoast SEO plugin v27.5 - https:\/\/yoast.com\/product\/yoast-seo-wordpress\/ -->\n<title>Comprar Molinillo Sal con Especias para Pasta | La Barraca<\/title>\n<meta name=\"description\" content=\"Realza el sabor de tus platos al comprar un molinillo de sal con especias para pasta, ideal para condimentar pasta y ensaladas con un toque arom\u00e1tico.\" \/>\n<meta name=\"robots\" content=\"index, follow, max-snippet:-1, max-image-preview:large, max-video-preview:-1\" \/>\n<link rel=\"canonical\" href=\"https:\/\/labarraca1912.es\/fr\/tienda\/molinillos\/molinillo-sal-con-especias-para-pasta-48g\/\" \/>\n<meta property=\"og:locale\" content=\"fr_FR\" \/>\n<meta property=\"og:type\" content=\"article\" \/>\n<meta property=\"og:title\" content=\"Comprar Molinillo Sal con Especias para Pasta | La Barraca\" \/>\n<meta property=\"og:description\" content=\"Realza el sabor de tus platos al comprar un molinillo de sal con especias para pasta, ideal para condimentar pasta y ensaladas con un toque arom\u00e1tico.\" \/>\n<meta property=\"og:url\" content=\"https:\/\/labarraca1912.es\/fr\/tienda\/molinillos\/molinillo-sal-con-especias-para-pasta-48g\/\" \/>\n<meta property=\"og:site_name\" content=\"La Barraca\" \/>\n<meta property=\"article:modified_time\" content=\"2026-04-14T19:03:48+00:00\" \/>\n<meta property=\"og:image\" content=\"https:\/\/labarraca1912.es\/wp-content\/uploads\/especiasparapasta2025.jpg\" \/>\n\t<meta property=\"og:image:width\" content=\"800\" \/>\n\t<meta property=\"og:image:height\" content=\"800\" \/>\n\t<meta property=\"og:image:type\" content=\"image\/jpeg\" \/>\n<meta name=\"twitter:card\" content=\"summary_large_image\" \/>\n<meta name=\"twitter:label1\" content=\"Dur\u00e9e de lecture estim\u00e9e\" \/>\n\t<meta name=\"twitter:data1\" content=\"1 minute\" \/>\n<script type=\"application\/ld+json\" class=\"yoast-schema-graph\">{\"@context\":\"https:\\\/\\\/schema.org\",\"@graph\":[{\"@type\":\"WebPage\",\"@id\":\"https:\\\/\\\/labarraca1912.es\\\/tienda\\\/molinillos\\\/molinillo-sal-con-especias-para-pasta-48g\\\/\",\"url\":\"https:\\\/\\\/labarraca1912.es\\\/tienda\\\/molinillos\\\/molinillo-sal-con-especias-para-pasta-48g\\\/\",\"name\":\"Comprar Molinillo Sal con Especias para Pasta | La Barraca\",\"isPartOf\":{\"@id\":\"https:\\\/\\\/labarraca1912.es\\\/#website\"},\"primaryImageOfPage\":{\"@id\":\"https:\\\/\\\/labarraca1912.es\\\/tienda\\\/molinillos\\\/molinillo-sal-con-especias-para-pasta-48g\\\/#primaryimage\"},\"image\":{\"@id\":\"https:\\\/\\\/labarraca1912.es\\\/tienda\\\/molinillos\\\/molinillo-sal-con-especias-para-pasta-48g\\\/#primaryimage\"},\"thumbnailUrl\":\"https:\\\/\\\/labarraca1912.es\\\/wp-content\\\/uploads\\\/especiasparapasta2025.jpg\",\"datePublished\":\"2021-06-16T07:23:02+00:00\",\"dateModified\":\"2026-04-14T19:03:48+00:00\",\"description\":\"Realza el sabor de tus platos al comprar un molinillo de sal con especias para pasta, ideal para condimentar pasta y ensaladas con un toque arom\u00e1tico.\",\"breadcrumb\":{\"@id\":\"https:\\\/\\\/labarraca1912.es\\\/tienda\\\/molinillos\\\/molinillo-sal-con-especias-para-pasta-48g\\\/#breadcrumb\"},\"inLanguage\":\"fr-FR\",\"potentialAction\":[{\"@type\":\"ReadAction\",\"target\":[\"https:\\\/\\\/labarraca1912.es\\\/tienda\\\/molinillos\\\/molinillo-sal-con-especias-para-pasta-48g\\\/\"]}]},{\"@type\":\"ImageObject\",\"inLanguage\":\"fr-FR\",\"@id\":\"https:\\\/\\\/labarraca1912.es\\\/tienda\\\/molinillos\\\/molinillo-sal-con-especias-para-pasta-48g\\\/#primaryimage\",\"url\":\"https:\\\/\\\/labarraca1912.es\\\/wp-content\\\/uploads\\\/especiasparapasta2025.jpg\",\"contentUrl\":\"https:\\\/\\\/labarraca1912.es\\\/wp-content\\\/uploads\\\/especiasparapasta2025.jpg\",\"width\":800,\"height\":800},{\"@type\":\"BreadcrumbList\",\"@id\":\"https:\\\/\\\/labarraca1912.es\\\/tienda\\\/molinillos\\\/molinillo-sal-con-especias-para-pasta-48g\\\/#breadcrumb\",\"itemListElement\":[{\"@type\":\"ListItem\",\"position\":1,\"name\":\"La Barraca\",\"item\":\"https:\\\/\\\/labarraca1912.es\\\/\"},{\"@type\":\"ListItem\",\"position\":2,\"name\":\"Tienda\",\"item\":\"https:\\\/\\\/labarraca1912.es\\\/tienda\\\/\"},{\"@type\":\"ListItem\",\"position\":3,\"name\":\"Molinillo Sal con Especias para Pasta 48g\"}]},{\"@type\":\"WebSite\",\"@id\":\"https:\\\/\\\/labarraca1912.es\\\/#website\",\"url\":\"https:\\\/\\\/labarraca1912.es\\\/\",\"name\":\"La Barraca\",\"description\":\"La Casa del Sabor\",\"publisher\":{\"@id\":\"https:\\\/\\\/labarraca1912.es\\\/#organization\"},\"potentialAction\":[{\"@type\":\"SearchAction\",\"target\":{\"@type\":\"EntryPoint\",\"urlTemplate\":\"https:\\\/\\\/labarraca1912.es\\\/?s={search_term_string}\"},\"query-input\":{\"@type\":\"PropertyValueSpecification\",\"valueRequired\":true,\"valueName\":\"search_term_string\"}}],\"inLanguage\":\"fr-FR\"},{\"@type\":\"Organization\",\"@id\":\"https:\\\/\\\/labarraca1912.es\\\/#organization\",\"name\":\"La Barraca 1912 Alimentacion\",\"url\":\"https:\\\/\\\/labarraca1912.es\\\/\",\"logo\":{\"@type\":\"ImageObject\",\"inLanguage\":\"fr-FR\",\"@id\":\"https:\\\/\\\/labarraca1912.es\\\/#\\\/schema\\\/logo\\\/image\\\/\",\"url\":\"https:\\\/\\\/labarraca1912.es\\\/wp-content\\\/uploads\\\/2019\\\/06\\\/logo-labarraca.png\",\"contentUrl\":\"https:\\\/\\\/labarraca1912.es\\\/wp-content\\\/uploads\\\/2019\\\/06\\\/logo-labarraca.png\",\"width\":2917,\"height\":1809,\"caption\":\"La Barraca 1912 Alimentacion\"},\"image\":{\"@id\":\"https:\\\/\\\/labarraca1912.es\\\/#\\\/schema\\\/logo\\\/image\\\/\"}}]}<\/script>\n<!-- \/ Yoast SEO plugin. -->","yoast_head_json":{"title":"Comprar Molinillo Sal con Especias para Pasta | La Barraca","description":"Realza el sabor de tus platos al comprar un molinillo de sal con especias para pasta, ideal para condimentar pasta y ensaladas con un toque arom\u00e1tico.","robots":{"index":"index","follow":"follow","max-snippet":"max-snippet:-1","max-image-preview":"max-image-preview:large","max-video-preview":"max-video-preview:-1"},"canonical":"https:\/\/labarraca1912.es\/fr\/tienda\/molinillos\/molinillo-sal-con-especias-para-pasta-48g\/","og_locale":"fr_FR","og_type":"article","og_title":"Comprar Molinillo Sal con Especias para Pasta | La Barraca","og_description":"Realza el sabor de tus platos al comprar un molinillo de sal con especias para pasta, ideal para condimentar pasta y ensaladas con un toque arom\u00e1tico.","og_url":"https:\/\/labarraca1912.es\/fr\/tienda\/molinillos\/molinillo-sal-con-especias-para-pasta-48g\/","og_site_name":"La Barraca","article_modified_time":"2026-04-14T19:03:48+00:00","og_image":[{"width":800,"height":800,"url":"https:\/\/labarraca1912.es\/wp-content\/uploads\/especiasparapasta2025.jpg","type":"image\/jpeg"}],"twitter_card":"summary_large_image","twitter_misc":{"Dur\u00e9e de lecture estim\u00e9e":"1 minute"},"schema":{"@context":"https:\/\/schema.org","@graph":[{"@type":"WebPage","@id":"https:\/\/labarraca1912.es\/tienda\/molinillos\/molinillo-sal-con-especias-para-pasta-48g\/","url":"https:\/\/labarraca1912.es\/tienda\/molinillos\/molinillo-sal-con-especias-para-pasta-48g\/","name":"Comprar Molinillo Sal con Especias para Pasta | La Barraca","isPartOf":{"@id":"https:\/\/labarraca1912.es\/#website"},"primaryImageOfPage":{"@id":"https:\/\/labarraca1912.es\/tienda\/molinillos\/molinillo-sal-con-especias-para-pasta-48g\/#primaryimage"},"image":{"@id":"https:\/\/labarraca1912.es\/tienda\/molinillos\/molinillo-sal-con-especias-para-pasta-48g\/#primaryimage"},"thumbnailUrl":"https:\/\/labarraca1912.es\/wp-content\/uploads\/especiasparapasta2025.jpg","datePublished":"2021-06-16T07:23:02+00:00","dateModified":"2026-04-14T19:03:48+00:00","description":"Realza el sabor de tus platos al comprar un molinillo de sal con especias para pasta, ideal para condimentar pasta y ensaladas con un toque arom\u00e1tico.","breadcrumb":{"@id":"https:\/\/labarraca1912.es\/tienda\/molinillos\/molinillo-sal-con-especias-para-pasta-48g\/#breadcrumb"},"inLanguage":"fr-FR","potentialAction":[{"@type":"ReadAction","target":["https:\/\/labarraca1912.es\/tienda\/molinillos\/molinillo-sal-con-especias-para-pasta-48g\/"]}]},{"@type":"ImageObject","inLanguage":"fr-FR","@id":"https:\/\/labarraca1912.es\/tienda\/molinillos\/molinillo-sal-con-especias-para-pasta-48g\/#primaryimage","url":"https:\/\/labarraca1912.es\/wp-content\/uploads\/especiasparapasta2025.jpg","contentUrl":"https:\/\/labarraca1912.es\/wp-content\/uploads\/especiasparapasta2025.jpg","width":800,"height":800},{"@type":"BreadcrumbList","@id":"https:\/\/labarraca1912.es\/tienda\/molinillos\/molinillo-sal-con-especias-para-pasta-48g\/#breadcrumb","itemListElement":[{"@type":"ListItem","position":1,"name":"La Barraca","item":"https:\/\/labarraca1912.es\/"},{"@type":"ListItem","position":2,"name":"Tienda","item":"https:\/\/labarraca1912.es\/tienda\/"},{"@type":"ListItem","position":3,"name":"Molinillo Sal con Especias para Pasta 48g"}]},{"@type":"WebSite","@id":"https:\/\/labarraca1912.es\/#website","url":"https:\/\/labarraca1912.es\/","name":"La Barraca","description":"La Casa del Sabor","publisher":{"@id":"https:\/\/labarraca1912.es\/#organization"},"potentialAction":[{"@type":"SearchAction","target":{"@type":"EntryPoint","urlTemplate":"https:\/\/labarraca1912.es\/?s={search_term_string}"},"query-input":{"@type":"PropertyValueSpecification","valueRequired":true,"valueName":"search_term_string"}}],"inLanguage":"fr-FR"},{"@type":"Organization","@id":"https:\/\/labarraca1912.es\/#organization","name":"La Barraca 1912 Alimentacion","url":"https:\/\/labarraca1912.es\/","logo":{"@type":"ImageObject","inLanguage":"fr-FR","@id":"https:\/\/labarraca1912.es\/#\/schema\/logo\/image\/","url":"https:\/\/labarraca1912.es\/wp-content\/uploads\/2019\/06\/logo-labarraca.png","contentUrl":"https:\/\/labarraca1912.es\/wp-content\/uploads\/2019\/06\/logo-labarraca.png","width":2917,"height":1809,"caption":"La Barraca 1912 Alimentacion"},"image":{"@id":"https:\/\/labarraca1912.es\/#\/schema\/logo\/image\/"}}]}},"_links":{"self":[{"href":"https:\/\/labarraca1912.es\/fr\/wp-json\/wp\/v2\/product\/6997","targetHints":{"allow":["GET"]}}],"collection":[{"href":"https:\/\/labarraca1912.es\/fr\/wp-json\/wp\/v2\/product"}],"about":[{"href":"https:\/\/labarraca1912.es\/fr\/wp-json\/wp\/v2\/types\/product"}],"replies":[{"embeddable":true,"href":"https:\/\/labarraca1912.es\/fr\/wp-json\/wp\/v2\/comments?post=6997"}],"wp:featuredmedia":[{"embeddable":true,"href":"https:\/\/labarraca1912.es\/fr\/wp-json\/wp\/v2\/media\/13593"}],"wp:attachment":[{"href":"https:\/\/labarraca1912.es\/fr\/wp-json\/wp\/v2\/media?parent=6997"}],"wp:term":[{"taxonomy":"product_brand","embeddable":true,"href":"https:\/\/labarraca1912.es\/fr\/wp-json\/wp\/v2\/product_brand?post=6997"},{"taxonomy":"product_cat","embeddable":true,"href":"https:\/\/labarraca1912.es\/fr\/wp-json\/wp\/v2\/product_cat?post=6997"},{"taxonomy":"product_tag","embeddable":true,"href":"https:\/\/labarraca1912.es\/fr\/wp-json\/wp\/v2\/product_tag?post=6997"}],"curies":[{"name":"wp","href":"https:\/\/api.w.org\/{rel}","templated":true}]}}