{"id":7388,"date":"2021-11-19T11:56:57","date_gmt":"2021-11-19T10:56:57","guid":{"rendered":"https:\/\/labarraca1912.es\/?post_type=product&#038;p=7388"},"modified":"2023-01-17T12:47:04","modified_gmt":"2023-01-17T11:47:04","slug":"pack-regalo-2","status":"publish","type":"product","link":"https:\/\/labarraca1912.es\/fr\/tienda\/productos-complementarios\/pack-regalo-2\/","title":{"rendered":"Coffret Cadeau"},"content":{"rendered":"<p>PACK REGALO: La Barraca Alimentaci\u00f3n pone a tu disposici\u00f3n este pack regalo con un variado de especias, sazonadores, azafr\u00e1n, infusiones, molinillos, miel y dem\u00e1s productos. Una mezcla de sabores, aromas y olores que no pueden faltar en una cocina. Pack formado por los siguientes productos:<\/p>\n<p><strong>1 PiramiT\u00e9 Th\u00e9 Vert Arabe:<\/strong> Le Th\u00e9 vert maure est l\u2019infusion la plus populaire dans les pays arabes. Ce th\u00e9 associ\u00e9 aux feuilles de menthe poivr\u00e9e fait de cette infusion l'une des plus consomm\u00e9es.<\/p>\n<p><strong>1 PiramiT\u00e9 T\u00e9 Rojo con Frutas:<\/strong> Fabriqu\u00e9 avec un m\u00e9lange de diff\u00e9rents th\u00e9s avec des fruits comme la fraise, le kiwi ou l'ananas, qui, combin\u00e9s, conf\u00e8rent \u00e0 cette infusion une saveur et un ar\u00f4me particuliers.<\/p>\n<p><strong>1 PiramiT\u00e9 Th\u00e9 Fruits des Bois:<\/strong> Les Fruits des Bois sont un m\u00e9lange de fruits et de baies aromatiques, associ\u00e9s pour obtenir cette infusion \u00e9quilibr\u00e9e.<\/p>\n<p><strong>1 PiramiT\u00e9 Negro Pakistan\u00ed:<\/strong> Le Th\u00e9 Noir Pakistanais est un d\u00e9licieux m\u00e9lange avec diff\u00e9rentes \u00e9pices comme la cannelle ou le clou de girofle, qui vous transporte au Pakistan.<\/p>\n<p><strong>1 Caja 10 Infusiones Manzanilla:<\/strong> Son utilisation est connue depuis la Gr\u00e8ce antique. On la r\u00e9colte au printemps lors de journ\u00e9es sereines et ensoleill\u00e9es pour profiter de l'ouverture maximale de sa fleur. La Barraca vous propose aujourd'hui sa Manzanilla pour que vous puissiez profiter de son infusion.<\/p>\n<p><strong>1 Caja 10 Infusiones Menta Poleo:<\/strong> La Menthe Poivr\u00e9e-Pouliot est une plante originaire d'Asie et d'Europe, utilis\u00e9e dans l'Antiquit\u00e9 par les Chinois et les Egyptiens qui vantaient ses nombreuses vertus. La Barraca vous propose aujourd'hui sa Menthe Pennyroyal pour que vous puissiez profiter de son infusion.<\/p>\n<p><strong>1 Caja 10 Infusiones T\u00e9 Chai con Especias:<\/strong> Cette combinaison est cr\u00e9\u00e9e \u00e0 partir de th\u00e9 noir, et associ\u00e9e \u00e0 d'autres \u00e9pices comme la cannelle, le gingembre, le poivre ou le clou de girofle.<\/p>\n<p><strong>1 Caja 10 Infusiones Jengibre con Miel:<\/strong> Cette combinaison est cr\u00e9\u00e9e \u00e0 partir de gingembre, avec une touche d'ar\u00f4me et de saveur de miel. Il a une saveur sucr\u00e9e qui apaise la gorge.<\/p>\n<p><strong>1 Caja 10 Infusiones T\u00e9 Verde, Jengibre y Lim\u00f3n:<\/strong> Cette combinaison de th\u00e9 vert, de gingembre et de citron fait que cette infusion vous aide \u00e0 am\u00e9liorer votre digestion.<\/p>\n<p><strong>1 Caja 10 Infusiones T\u00e9 Rojo:<\/strong> Le th\u00e9 rouge est un th\u00e9 vieilli avec un long processus de fermentation, ce qui donne \u00e0 ses feuilles une couleur rouge\u00e2tre. Il est utilis\u00e9 pour stimuler le m\u00e9tabolisme, aider \u00e0 perdre du poids ou faciliter la digestion.<\/p>\n<p><strong>2 Cajas de 4 Carteritas de Azafr\u00e1n (1 en Hebra y 1 en Molido):<\/strong> Le safran est l\u2019une des \u00e9pices les plus appr\u00e9ci\u00e9es et utilis\u00e9es depuis l\u2019Antiquit\u00e9, tant pour sa saveur que pour son ar\u00f4me. Venant de l'Est, sa culture et sa r\u00e9colte n\u00e9cessitent des soins attentifs. Les parties de la plante utilis\u00e9es pour fabriquer le safran sont les stigmates de la fleur, qui sont s\u00e9ch\u00e9s et grill\u00e9s. Quant \u00e0 son usage gastronomique, il est particuli\u00e8rement destin\u00e9 au riz, aux paellas, aux arroz a banda, aux risotos, aux p\u00e2tes, aux soupes, aux poissons, aux crustac\u00e9s, aux sauces auxquelles le safran apportera un ar\u00f4me, une saveur et une couleur dor\u00e9e.<\/p>\n<p><strong>1 \u00c9tui 3 sachets Ass. Paella avec Safran:<\/strong> L'Assaisonnement pour Paella avec Safran est un produit magnifique pour donner la saveur id\u00e9ale \u00e0 une paella, gr\u00e2ce \u00e0 la combinaison de diff\u00e9rents types d'\u00e9pices, d'herbes et d'assaisonnements, qui, combin\u00e9s \u00e0 la saveur et \u00e0 l'ar\u00f4me du safran, rendent cet assaisonnement indispensable dans la pr\u00e9paration d'une paella. .<\/p>\n<p><strong>1 \u00c9tui 3 sachets Ass. Paella aux Fruits de Mar avec Safran:<\/strong> L'assaisonnement pour Paella aux Fruits de Mer avec safran ou \u00e9galement connu sous le nom de\u00a0<em>paellero<\/em>\u00a0es un magn\u00edfico producto para darle el sabor ideal a una paella de pescado o marisco, aunque tambi\u00e9n puede ser utilizado en guisos de pescado.<\/p>\n<p><strong>1 Lata 75g Piment\u00f3n Dulce:<\/strong> Il s'agit d'un assaisonnement en poudre de couleur rouge et de saveur caract\u00e9ristique obtenu par s\u00e9chage et broyage de certaines vari\u00e9t\u00e9s de poivrons rouges. Il apporte une touche tr\u00e8s particuli\u00e8re aux plats auxquels il est ajout\u00e9, comme le riz, les paellas, les pommes de terre, la marinade de chorizo \u200b\u200bou le poulpe \u00e0 la galicienne.<\/p>\n<p><strong>1 Lata 75g Piment\u00f3n Picante:<\/strong> Il s'agit d'un assaisonnement en poudre de couleur rouge et de saveur caract\u00e9ristique obtenu par le s\u00e9chage et le broyage de certaines vari\u00e9t\u00e9s de piments rouges. Il apporte une touche tr\u00e8s particuli\u00e8re aux plats auxquels il est ajout\u00e9, comme le riz, les paellas, les pommes de terre, la marinade de chorizo \u200b\u200bou le poulpe \u00e0 la galicienne.<\/p>\n<p><strong>1 Molinillo XL Pimienta Negra:<\/strong> La Pimienta Negra se produce cuando el grano de la pimienta est\u00e1 en la mitad de su maduraci\u00f3n, y es una de las m\u00e1s usadas en la antig\u00fcedad. Es utilizada principalmente en guisos, as\u00ed como en carnes asadas o a la parrilla, sopas, adobos, pastas, arroces. Es una de las especias que se puede utilizar para casi cualquier comida.<\/p>\n<p><strong>1 Molinillo XL Sal Rosa del Himalaya:<\/strong> Sel min\u00e9ral rose, form\u00e9 de cristaux et g\u00e9n\u00e9ralement extrait des montagnes du Pakistan. C'est un sel riche en multiples min\u00e9raux.<\/p>\n<p><strong>1 Molinillo XL Sal con Piment\u00f3n Dulce Hojilla Ahumado:<\/strong> C'est un m\u00e9lange qui combine du sel marin avec du paprika ou de la \u00f1ora sucr\u00e9e hach\u00e9e, s\u00e9ch\u00e9e dans des s\u00e9choirs au feu de bois, ce qui lui conf\u00e8re une saveur fum\u00e9e. Ce m\u00e9lange de sel marin et de paprika doux fum\u00e9 s'utilise pour tous types de viandes et de poissons, donnant une saveur sal\u00e9e et fum\u00e9e \u00e0 vos plats.<\/p>\n<p><strong>1 Molinillo Parrillada de Carnes:<\/strong> M\u00e9lange naturel de sel marin avec des \u00e9pices et des herbes pour obtenir la saveur caract\u00e9ristique de la viande grill\u00e9e. Il est utilis\u00e9 dans n'importe quel plat de viande grill\u00e9 ou grill\u00e9, offrant une saveur et un ar\u00f4me puissants lorsqu'il est fra\u00eechement moulu.<\/p>\n<p><strong>1 Molinillo Sabor Marinero:<\/strong> M\u00e9lange d'\u00e9pices et d'herbes qui, associ\u00e9es au sel marin, offrent une saveur particuli\u00e8re une fois moulues sur tout type de poisson. Il est utilis\u00e9 dans n'importe quel plat de poisson grill\u00e9 ou grill\u00e9, bien qu'il puisse \u00e9galement \u00eatre utilis\u00e9 dans les rago\u00fbts et le poisson r\u00f4ti.<\/p>\n<p><strong>1 Bote Mini Cebolla Frita:<\/strong> Cebollas frescas, peladas, lavadas, cortadas en l\u00e1minas, rebozadas y fritas. Se emplea en ensaladas, tortillas, sofritos, cremas, pur\u00e9s\u2026 Tambi\u00e9n es usada como aderezo en la preparaci\u00f3n de s\u00e1ndwiches, hamburguesas y perritos.<\/p>\n<p><strong>1 Dosificador Miel 500g:<\/strong> La miel es un producto natural libado por las abejas a partir del n\u00e9ctar de las flores. Su sabor es dulce y a su vez floral o afrutado, color dorado intenso y olor floral. La miel tiene m\u00faltiples usos culinarios, los m\u00e1s comunes son para endulzar en infusiones, mouse, yogurt, queso fresco.<\/p>\n<p><strong>1 Botella 100ml Aroma de Vainilla:<\/strong> La vanille est un ar\u00f4me sophistiqu\u00e9 qui conf\u00e8re un parfum tr\u00e8s particulier aux plats, rago\u00fbts et p\u00e2tisseries auxquels elle est incorpor\u00e9e. Il est utilis\u00e9 pour aromatiser les boissons gazeuses, les glaces et les g\u00e2teaux.<\/p>","protected":false},"excerpt":{"rendered":"<h2><\/h2>\n<blockquote>\n<h2><strong>Coffret Cadeau<\/strong><\/h2>\n<\/blockquote>\n<p>La Barraca Alimentaci\u00f3n pone a tu disposici\u00f3n este pack regalo con un variado de especias, sazonadores, azafr\u00e1n, infusiones y dem\u00e1s productos. Una mezcla de sabores, aromas y olores que no pueden faltar en una cocina. Pack formado por los siguientes productos:<\/p>\n<p><strong>1 PiramiT\u00e9 T\u00e9 Verde Moruno<\/strong><\/p>\n<p><strong>1 PiramiT\u00e9 T\u00e9 Rojo con Frutas<\/strong><\/p>\n<p><strong>1 PiramiT\u00e9 Frutas del Bosque<\/strong><\/p>\n<p><strong>1 PiramiT\u00e9 Negro Pakistan\u00ed<\/strong><\/p>\n<p><strong>1 Caja 10 Infusiones Manzanilla<\/strong><\/p>\n<p><strong>1 Caja 10 Infusiones Menta Poleo<\/strong><\/p>\n<p><strong>1 Caja 10 Infusiones T\u00e9 Chai con Especias<\/strong><\/p>\n<p><strong>1 Caja 10 Infusiones Jengibre con Miel<\/strong><\/p>\n<p><strong>1 Caja 10 Infusiones T\u00e9 Verde, Jengibre y Lim\u00f3n<\/strong><\/p>\n<p><strong>1 Caja 10 Infusiones T\u00e9 Rojo<\/strong><\/p>\n<p><strong>2 Cajas de 4 Carteritas de Azafr\u00e1n (1 en Hebra y 1 en Molido)<\/strong><\/p>\n<p><strong>1 Estuche 3 sobres Sazonador Paella con Azafr\u00e1n<\/strong><\/p>\n<p><strong>1 Estuche 3 sobres Sazonador Paella Marinera con Azafr\u00e1n<\/strong><\/p>\n<p><strong>1 Lata 75g Piment\u00f3n Dulce<\/strong><\/p>\n<p><strong>1 Lata 75g Piment\u00f3n Picante<\/strong><\/p>\n<p><strong>1 Molinillo XL Pimienta Negra<\/strong><\/p>\n<p><strong>1 Molinillo XL Sal Rosa del Himalaya<\/strong><\/p>\n<p><strong>1 Molinillo XL Sal con Piment\u00f3n Dulce Hojilla Ahumado<\/strong><\/p>\n<p><strong>1 Molinillo Parrillada de Carnes<\/strong><\/p>\n<p><strong>1 Molinillo Sabor Marinero<\/strong><\/p>\n<p><strong>1 Bote Mini Cebolla Frita<\/strong><\/p>\n<p><strong>1 Dosificador Miel 500g<\/strong><\/p>\n<p><strong>1 Bouteille de 100ml d'Ar\u00f4me Vanille<\/strong><\/p>","protected":false},"featured_media":7389,"comment_status":"open","ping_status":"closed","template":"","meta":{"_et_pb_use_builder":"","_et_pb_old_content":"","_et_gb_content_width":""},"product_brand":[],"product_cat":[215,15],"product_tag":[39,35,58,110,158,45,214,36,40,50,53,176],"class_list":{"0":"post-7388","1":"product","2":"type-product","3":"status-publish","4":"has-post-thumbnail","6":"product_cat-packs-regalo","7":"product_cat-productos-complementarios","8":"product_tag-arroz","9":"product_tag-azafran","10":"product_tag-canela","11":"product_tag-cassia","12":"product_tag-himalaya","13":"product_tag-infusion","14":"product_tag-miel","15":"product_tag-paella","16":"product_tag-pimenton","17":"product_tag-pimienta","18":"product_tag-te","19":"product_tag-vainilla","21":"first","22":"outofstock","23":"taxable","24":"shipping-taxable","25":"purchasable","26":"product-type-simple"},"yoast_head":"<!-- This site is optimized with the Yoast SEO plugin v27.5 - https:\/\/yoast.com\/product\/yoast-seo-wordpress\/ -->\n<title>Pack Regalo - La Barraca<\/title>\n<meta name=\"description\" content=\"Utilizada para salar alimentos, este tipo de sal se suele aplicar normalmente a la carne o el pescado una vez estos ya est\u00e1n listos.\" \/>\n<meta name=\"robots\" content=\"index, follow, max-snippet:-1, max-image-preview:large, max-video-preview:-1\" \/>\n<link rel=\"canonical\" href=\"https:\/\/labarraca1912.es\/fr\/tienda\/productos-complementarios\/pack-regalo-2\/\" \/>\n<meta property=\"og:locale\" content=\"fr_FR\" \/>\n<meta property=\"og:type\" content=\"article\" \/>\n<meta property=\"og:title\" content=\"Pack Regalo - La Barraca\" \/>\n<meta property=\"og:description\" content=\"Utilizada para salar alimentos, este tipo de sal se suele aplicar normalmente a la carne o el pescado una vez estos ya est\u00e1n listos.\" \/>\n<meta property=\"og:url\" content=\"https:\/\/labarraca1912.es\/fr\/tienda\/productos-complementarios\/pack-regalo-2\/\" \/>\n<meta property=\"og:site_name\" content=\"La Barraca\" \/>\n<meta property=\"article:modified_time\" content=\"2023-01-17T11:47:04+00:00\" \/>\n<meta property=\"og:image\" content=\"https:\/\/labarraca1912.es\/wp-content\/uploads\/2021\/11\/Pack-Regalo-copia-scaled.jpg\" \/>\n\t<meta property=\"og:image:width\" content=\"2560\" \/>\n\t<meta property=\"og:image:height\" content=\"1810\" \/>\n\t<meta property=\"og:image:type\" content=\"image\/jpeg\" \/>\n<meta name=\"twitter:card\" content=\"summary_large_image\" \/>\n<meta name=\"twitter:label1\" content=\"Dur\u00e9e de lecture estim\u00e9e\" \/>\n\t<meta name=\"twitter:data1\" content=\"6 minutes\" \/>\n<script type=\"application\/ld+json\" class=\"yoast-schema-graph\">{\"@context\":\"https:\\\/\\\/schema.org\",\"@graph\":[{\"@type\":\"WebPage\",\"@id\":\"https:\\\/\\\/labarraca1912.es\\\/tienda\\\/productos-complementarios\\\/pack-regalo-2\\\/\",\"url\":\"https:\\\/\\\/labarraca1912.es\\\/tienda\\\/productos-complementarios\\\/pack-regalo-2\\\/\",\"name\":\"Pack Regalo - La Barraca\",\"isPartOf\":{\"@id\":\"https:\\\/\\\/labarraca1912.es\\\/#website\"},\"primaryImageOfPage\":{\"@id\":\"https:\\\/\\\/labarraca1912.es\\\/tienda\\\/productos-complementarios\\\/pack-regalo-2\\\/#primaryimage\"},\"image\":{\"@id\":\"https:\\\/\\\/labarraca1912.es\\\/tienda\\\/productos-complementarios\\\/pack-regalo-2\\\/#primaryimage\"},\"thumbnailUrl\":\"https:\\\/\\\/labarraca1912.es\\\/wp-content\\\/uploads\\\/2021\\\/11\\\/Pack-Regalo-copia-scaled.jpg\",\"datePublished\":\"2021-11-19T10:56:57+00:00\",\"dateModified\":\"2023-01-17T11:47:04+00:00\",\"description\":\"Utilizada para salar alimentos, este tipo de sal se suele aplicar normalmente a la carne o el pescado una vez estos ya est\u00e1n listos.\",\"breadcrumb\":{\"@id\":\"https:\\\/\\\/labarraca1912.es\\\/tienda\\\/productos-complementarios\\\/pack-regalo-2\\\/#breadcrumb\"},\"inLanguage\":\"fr-FR\",\"potentialAction\":[{\"@type\":\"ReadAction\",\"target\":[\"https:\\\/\\\/labarraca1912.es\\\/tienda\\\/productos-complementarios\\\/pack-regalo-2\\\/\"]}]},{\"@type\":\"ImageObject\",\"inLanguage\":\"fr-FR\",\"@id\":\"https:\\\/\\\/labarraca1912.es\\\/tienda\\\/productos-complementarios\\\/pack-regalo-2\\\/#primaryimage\",\"url\":\"https:\\\/\\\/labarraca1912.es\\\/wp-content\\\/uploads\\\/2021\\\/11\\\/Pack-Regalo-copia-scaled.jpg\",\"contentUrl\":\"https:\\\/\\\/labarraca1912.es\\\/wp-content\\\/uploads\\\/2021\\\/11\\\/Pack-Regalo-copia-scaled.jpg\",\"width\":2560,\"height\":1810},{\"@type\":\"BreadcrumbList\",\"@id\":\"https:\\\/\\\/labarraca1912.es\\\/tienda\\\/productos-complementarios\\\/pack-regalo-2\\\/#breadcrumb\",\"itemListElement\":[{\"@type\":\"ListItem\",\"position\":1,\"name\":\"La Barraca\",\"item\":\"https:\\\/\\\/labarraca1912.es\\\/\"},{\"@type\":\"ListItem\",\"position\":2,\"name\":\"Tienda\",\"item\":\"https:\\\/\\\/labarraca1912.es\\\/tienda\\\/\"},{\"@type\":\"ListItem\",\"position\":3,\"name\":\"Pack Regalo\"}]},{\"@type\":\"WebSite\",\"@id\":\"https:\\\/\\\/labarraca1912.es\\\/#website\",\"url\":\"https:\\\/\\\/labarraca1912.es\\\/\",\"name\":\"La Barraca\",\"description\":\"La Casa del Sabor\",\"publisher\":{\"@id\":\"https:\\\/\\\/labarraca1912.es\\\/#organization\"},\"potentialAction\":[{\"@type\":\"SearchAction\",\"target\":{\"@type\":\"EntryPoint\",\"urlTemplate\":\"https:\\\/\\\/labarraca1912.es\\\/?s={search_term_string}\"},\"query-input\":{\"@type\":\"PropertyValueSpecification\",\"valueRequired\":true,\"valueName\":\"search_term_string\"}}],\"inLanguage\":\"fr-FR\"},{\"@type\":\"Organization\",\"@id\":\"https:\\\/\\\/labarraca1912.es\\\/#organization\",\"name\":\"La Barraca 1912 Alimentacion\",\"url\":\"https:\\\/\\\/labarraca1912.es\\\/\",\"logo\":{\"@type\":\"ImageObject\",\"inLanguage\":\"fr-FR\",\"@id\":\"https:\\\/\\\/labarraca1912.es\\\/#\\\/schema\\\/logo\\\/image\\\/\",\"url\":\"https:\\\/\\\/labarraca1912.es\\\/wp-content\\\/uploads\\\/2019\\\/06\\\/logo-labarraca.png\",\"contentUrl\":\"https:\\\/\\\/labarraca1912.es\\\/wp-content\\\/uploads\\\/2019\\\/06\\\/logo-labarraca.png\",\"width\":2917,\"height\":1809,\"caption\":\"La Barraca 1912 Alimentacion\"},\"image\":{\"@id\":\"https:\\\/\\\/labarraca1912.es\\\/#\\\/schema\\\/logo\\\/image\\\/\"}}]}<\/script>\n<!-- \/ Yoast SEO plugin. -->","yoast_head_json":{"title":"Pack Regalo - La Barraca","description":"Utilizada para salar alimentos, este tipo de sal se suele aplicar normalmente a la carne o el pescado una vez estos ya est\u00e1n listos.","robots":{"index":"index","follow":"follow","max-snippet":"max-snippet:-1","max-image-preview":"max-image-preview:large","max-video-preview":"max-video-preview:-1"},"canonical":"https:\/\/labarraca1912.es\/fr\/tienda\/productos-complementarios\/pack-regalo-2\/","og_locale":"fr_FR","og_type":"article","og_title":"Pack Regalo - La Barraca","og_description":"Utilizada para salar alimentos, este tipo de sal se suele aplicar normalmente a la carne o el pescado una vez estos ya est\u00e1n listos.","og_url":"https:\/\/labarraca1912.es\/fr\/tienda\/productos-complementarios\/pack-regalo-2\/","og_site_name":"La Barraca","article_modified_time":"2023-01-17T11:47:04+00:00","og_image":[{"width":2560,"height":1810,"url":"https:\/\/labarraca1912.es\/wp-content\/uploads\/2021\/11\/Pack-Regalo-copia-scaled.jpg","type":"image\/jpeg"}],"twitter_card":"summary_large_image","twitter_misc":{"Dur\u00e9e de lecture estim\u00e9e":"6 minutes"},"schema":{"@context":"https:\/\/schema.org","@graph":[{"@type":"WebPage","@id":"https:\/\/labarraca1912.es\/tienda\/productos-complementarios\/pack-regalo-2\/","url":"https:\/\/labarraca1912.es\/tienda\/productos-complementarios\/pack-regalo-2\/","name":"Pack Regalo - La Barraca","isPartOf":{"@id":"https:\/\/labarraca1912.es\/#website"},"primaryImageOfPage":{"@id":"https:\/\/labarraca1912.es\/tienda\/productos-complementarios\/pack-regalo-2\/#primaryimage"},"image":{"@id":"https:\/\/labarraca1912.es\/tienda\/productos-complementarios\/pack-regalo-2\/#primaryimage"},"thumbnailUrl":"https:\/\/labarraca1912.es\/wp-content\/uploads\/2021\/11\/Pack-Regalo-copia-scaled.jpg","datePublished":"2021-11-19T10:56:57+00:00","dateModified":"2023-01-17T11:47:04+00:00","description":"Utilizada para salar alimentos, este tipo de sal se suele aplicar normalmente a la carne o el pescado una vez estos ya est\u00e1n listos.","breadcrumb":{"@id":"https:\/\/labarraca1912.es\/tienda\/productos-complementarios\/pack-regalo-2\/#breadcrumb"},"inLanguage":"fr-FR","potentialAction":[{"@type":"ReadAction","target":["https:\/\/labarraca1912.es\/tienda\/productos-complementarios\/pack-regalo-2\/"]}]},{"@type":"ImageObject","inLanguage":"fr-FR","@id":"https:\/\/labarraca1912.es\/tienda\/productos-complementarios\/pack-regalo-2\/#primaryimage","url":"https:\/\/labarraca1912.es\/wp-content\/uploads\/2021\/11\/Pack-Regalo-copia-scaled.jpg","contentUrl":"https:\/\/labarraca1912.es\/wp-content\/uploads\/2021\/11\/Pack-Regalo-copia-scaled.jpg","width":2560,"height":1810},{"@type":"BreadcrumbList","@id":"https:\/\/labarraca1912.es\/tienda\/productos-complementarios\/pack-regalo-2\/#breadcrumb","itemListElement":[{"@type":"ListItem","position":1,"name":"La Barraca","item":"https:\/\/labarraca1912.es\/"},{"@type":"ListItem","position":2,"name":"Tienda","item":"https:\/\/labarraca1912.es\/tienda\/"},{"@type":"ListItem","position":3,"name":"Pack Regalo"}]},{"@type":"WebSite","@id":"https:\/\/labarraca1912.es\/#website","url":"https:\/\/labarraca1912.es\/","name":"La Barraca","description":"La Casa del Sabor","publisher":{"@id":"https:\/\/labarraca1912.es\/#organization"},"potentialAction":[{"@type":"SearchAction","target":{"@type":"EntryPoint","urlTemplate":"https:\/\/labarraca1912.es\/?s={search_term_string}"},"query-input":{"@type":"PropertyValueSpecification","valueRequired":true,"valueName":"search_term_string"}}],"inLanguage":"fr-FR"},{"@type":"Organization","@id":"https:\/\/labarraca1912.es\/#organization","name":"La Barraca 1912 Alimentacion","url":"https:\/\/labarraca1912.es\/","logo":{"@type":"ImageObject","inLanguage":"fr-FR","@id":"https:\/\/labarraca1912.es\/#\/schema\/logo\/image\/","url":"https:\/\/labarraca1912.es\/wp-content\/uploads\/2019\/06\/logo-labarraca.png","contentUrl":"https:\/\/labarraca1912.es\/wp-content\/uploads\/2019\/06\/logo-labarraca.png","width":2917,"height":1809,"caption":"La Barraca 1912 Alimentacion"},"image":{"@id":"https:\/\/labarraca1912.es\/#\/schema\/logo\/image\/"}}]}},"_links":{"self":[{"href":"https:\/\/labarraca1912.es\/fr\/wp-json\/wp\/v2\/product\/7388","targetHints":{"allow":["GET"]}}],"collection":[{"href":"https:\/\/labarraca1912.es\/fr\/wp-json\/wp\/v2\/product"}],"about":[{"href":"https:\/\/labarraca1912.es\/fr\/wp-json\/wp\/v2\/types\/product"}],"replies":[{"embeddable":true,"href":"https:\/\/labarraca1912.es\/fr\/wp-json\/wp\/v2\/comments?post=7388"}],"wp:featuredmedia":[{"embeddable":true,"href":"https:\/\/labarraca1912.es\/fr\/wp-json\/wp\/v2\/media\/7389"}],"wp:attachment":[{"href":"https:\/\/labarraca1912.es\/fr\/wp-json\/wp\/v2\/media?parent=7388"}],"wp:term":[{"taxonomy":"product_brand","embeddable":true,"href":"https:\/\/labarraca1912.es\/fr\/wp-json\/wp\/v2\/product_brand?post=7388"},{"taxonomy":"product_cat","embeddable":true,"href":"https:\/\/labarraca1912.es\/fr\/wp-json\/wp\/v2\/product_cat?post=7388"},{"taxonomy":"product_tag","embeddable":true,"href":"https:\/\/labarraca1912.es\/fr\/wp-json\/wp\/v2\/product_tag?post=7388"}],"curies":[{"name":"wp","href":"https:\/\/api.w.org\/{rel}","templated":true}]}}