{"id":7526,"date":"2022-01-19T08:22:24","date_gmt":"2022-01-19T07:22:24","guid":{"rendered":"https:\/\/labarraca1912.es\/?post_type=product&#038;p=7526"},"modified":"2026-02-01T18:08:50","modified_gmt":"2026-02-01T17:08:50","slug":"pimenton-dulce-esencia-365g","status":"publish","type":"product","link":"https:\/\/labarraca1912.es\/fr\/tienda\/pimenton\/pimenton-dulce-esencia-365g\/","title":{"rendered":"Piment Doux Sup\u00e9rieur 365g"},"content":{"rendered":"<p>PIMENT\u00d3N DULCE ESENCIA &#8211; 365G: El Piment\u00f3n procede de Am\u00e9rica y su uso est\u00e1 extendido en todo el mundo. Es un condimento en polvo de color rojo y sabor caracter\u00edstico obtenido a partir del secado y molido de determinadas variedades de pimientos rojos. Aporta un toque muy especial en los platos a los que se a\u00f1ade como pueden ser arroces, paellas, patatas, adobo de chorizos o pulpo a la gallega.<\/p>\n<p><strong>Piment Doux Sup\u00e9rieur:<\/strong> A partir de poivrons sans tiges ni graines, moulus. Il est de meilleure qualit\u00e9 que le paprika doux normal. Il donne du ton aux aliments incorpor\u00e9s, en plus de la saveur et de l'ar\u00f4me caract\u00e9ristiques.<\/p>","protected":false},"excerpt":{"rendered":"<blockquote>\n<h2><strong>Piment Doux Sup\u00e9rieur<\/strong> 365g<\/h2>\n<\/blockquote>\n<p>Le Piment vient d\u2019Am\u00e9rique et son utilisation est r\u00e9pandue dans le monde entier. Il s'agit d'un assaisonnement en poudre de couleur rouge et de saveur caract\u00e9ristique obtenu par s\u00e9chage et broyage de certaines vari\u00e9t\u00e9s de poivrons rouges. Il apporte une touche tr\u00e8s particuli\u00e8re aux plats auxquels il est ajout\u00e9, comme le riz, les paellas, les pommes de terre, la marinade de chorizo \u200b\u200bou le poulpe \u00e0 la galicienne.<\/p>\n<p>A partir de poivrons sans tiges ni graines, moulus. Il est de meilleure qualit\u00e9 que le paprika doux normal. Il donne du ton aux aliments incorpor\u00e9s, en plus de la saveur et de l'ar\u00f4me caract\u00e9ristiques.<\/p>\n<p><em><strong>Ingr\u00e9dients:<\/strong><\/em> Piment doux sup\u00e9rieur.<\/p>","protected":false},"featured_media":10444,"comment_status":"open","ping_status":"closed","template":"","meta":{"_et_pb_use_builder":"","_et_pb_old_content":"","_et_gb_content_width":""},"product_brand":[],"product_cat":[23],"product_tag":[109,198,197,36,40,145],"class_list":{"0":"post-7526","1":"product","2":"type-product","3":"status-publish","4":"has-post-thumbnail","6":"product_cat-pimenton","7":"product_tag-dulce","8":"product_tag-gallego","9":"product_tag-oro","10":"product_tag-paella","11":"product_tag-pimenton","12":"product_tag-pulpo","14":"first","15":"instock","16":"taxable","17":"shipping-taxable","18":"purchasable","19":"product-type-simple"},"yoast_head":"<!-- This site is optimized with the Yoast SEO plugin v27.4 - https:\/\/yoast.com\/product\/yoast-seo-wordpress\/ -->\n<title>Comprar Piment\u00f3n Dulce Esencia 365g | La Barraca<\/title>\n<meta name=\"description\" content=\"Piment\u00f3n Dulce Esencia de alta calidad en polvo, ideal para arroces, paellas, chorizos y pulpo a la gallega. Aporta sabor, aroma y color \u00fanicos.\" \/>\n<meta name=\"robots\" content=\"index, follow, max-snippet:-1, max-image-preview:large, max-video-preview:-1\" \/>\n<link rel=\"canonical\" href=\"https:\/\/labarraca1912.es\/fr\/tienda\/pimenton\/pimenton-dulce-esencia-365g\/\" \/>\n<meta property=\"og:locale\" content=\"fr_FR\" \/>\n<meta property=\"og:type\" content=\"article\" \/>\n<meta property=\"og:title\" content=\"Comprar Piment\u00f3n Dulce Esencia 365g | La Barraca\" \/>\n<meta property=\"og:description\" content=\"Piment\u00f3n Dulce Esencia de alta calidad en polvo, ideal para arroces, paellas, chorizos y pulpo a la gallega. Aporta sabor, aroma y color \u00fanicos.\" \/>\n<meta property=\"og:url\" content=\"https:\/\/labarraca1912.es\/fr\/tienda\/pimenton\/pimenton-dulce-esencia-365g\/\" \/>\n<meta property=\"og:site_name\" content=\"La Barraca\" \/>\n<meta property=\"article:modified_time\" content=\"2026-02-01T17:08:50+00:00\" \/>\n<meta property=\"og:image\" content=\"https:\/\/labarraca1912.es\/wp-content\/uploads\/pimentondulceesenciahotelero2024.jpg\" \/>\n\t<meta property=\"og:image:width\" content=\"800\" \/>\n\t<meta property=\"og:image:height\" content=\"800\" \/>\n\t<meta property=\"og:image:type\" content=\"image\/jpeg\" \/>\n<meta name=\"twitter:card\" content=\"summary_large_image\" \/>\n<meta name=\"twitter:label1\" content=\"Dur\u00e9e de lecture estim\u00e9e\" \/>\n\t<meta name=\"twitter:data1\" content=\"1 minute\" \/>\n<script type=\"application\/ld+json\" class=\"yoast-schema-graph\">{\"@context\":\"https:\\\/\\\/schema.org\",\"@graph\":[{\"@type\":\"WebPage\",\"@id\":\"https:\\\/\\\/labarraca1912.es\\\/tienda\\\/pimenton\\\/pimenton-dulce-esencia-365g\\\/\",\"url\":\"https:\\\/\\\/labarraca1912.es\\\/tienda\\\/pimenton\\\/pimenton-dulce-esencia-365g\\\/\",\"name\":\"Comprar Piment\u00f3n Dulce Esencia 365g | La Barraca\",\"isPartOf\":{\"@id\":\"https:\\\/\\\/labarraca1912.es\\\/#website\"},\"primaryImageOfPage\":{\"@id\":\"https:\\\/\\\/labarraca1912.es\\\/tienda\\\/pimenton\\\/pimenton-dulce-esencia-365g\\\/#primaryimage\"},\"image\":{\"@id\":\"https:\\\/\\\/labarraca1912.es\\\/tienda\\\/pimenton\\\/pimenton-dulce-esencia-365g\\\/#primaryimage\"},\"thumbnailUrl\":\"https:\\\/\\\/labarraca1912.es\\\/wp-content\\\/uploads\\\/pimentondulceesenciahotelero2024.jpg\",\"datePublished\":\"2022-01-19T07:22:24+00:00\",\"dateModified\":\"2026-02-01T17:08:50+00:00\",\"description\":\"Piment\u00f3n Dulce Esencia de alta calidad en polvo, ideal para arroces, paellas, chorizos y pulpo a la gallega. Aporta sabor, aroma y color \u00fanicos.\",\"breadcrumb\":{\"@id\":\"https:\\\/\\\/labarraca1912.es\\\/tienda\\\/pimenton\\\/pimenton-dulce-esencia-365g\\\/#breadcrumb\"},\"inLanguage\":\"fr-FR\",\"potentialAction\":[{\"@type\":\"ReadAction\",\"target\":[\"https:\\\/\\\/labarraca1912.es\\\/tienda\\\/pimenton\\\/pimenton-dulce-esencia-365g\\\/\"]}]},{\"@type\":\"ImageObject\",\"inLanguage\":\"fr-FR\",\"@id\":\"https:\\\/\\\/labarraca1912.es\\\/tienda\\\/pimenton\\\/pimenton-dulce-esencia-365g\\\/#primaryimage\",\"url\":\"https:\\\/\\\/labarraca1912.es\\\/wp-content\\\/uploads\\\/pimentondulceesenciahotelero2024.jpg\",\"contentUrl\":\"https:\\\/\\\/labarraca1912.es\\\/wp-content\\\/uploads\\\/pimentondulceesenciahotelero2024.jpg\",\"width\":800,\"height\":800},{\"@type\":\"BreadcrumbList\",\"@id\":\"https:\\\/\\\/labarraca1912.es\\\/tienda\\\/pimenton\\\/pimenton-dulce-esencia-365g\\\/#breadcrumb\",\"itemListElement\":[{\"@type\":\"ListItem\",\"position\":1,\"name\":\"La Barraca\",\"item\":\"https:\\\/\\\/labarraca1912.es\\\/\"},{\"@type\":\"ListItem\",\"position\":2,\"name\":\"Tienda\",\"item\":\"https:\\\/\\\/labarraca1912.es\\\/tienda\\\/\"},{\"@type\":\"ListItem\",\"position\":3,\"name\":\"Piment\u00f3n Dulce Esencia 365g\"}]},{\"@type\":\"WebSite\",\"@id\":\"https:\\\/\\\/labarraca1912.es\\\/#website\",\"url\":\"https:\\\/\\\/labarraca1912.es\\\/\",\"name\":\"La Barraca\",\"description\":\"La Casa del Sabor\",\"publisher\":{\"@id\":\"https:\\\/\\\/labarraca1912.es\\\/#organization\"},\"potentialAction\":[{\"@type\":\"SearchAction\",\"target\":{\"@type\":\"EntryPoint\",\"urlTemplate\":\"https:\\\/\\\/labarraca1912.es\\\/?s={search_term_string}\"},\"query-input\":{\"@type\":\"PropertyValueSpecification\",\"valueRequired\":true,\"valueName\":\"search_term_string\"}}],\"inLanguage\":\"fr-FR\"},{\"@type\":\"Organization\",\"@id\":\"https:\\\/\\\/labarraca1912.es\\\/#organization\",\"name\":\"La Barraca 1912 Alimentacion\",\"url\":\"https:\\\/\\\/labarraca1912.es\\\/\",\"logo\":{\"@type\":\"ImageObject\",\"inLanguage\":\"fr-FR\",\"@id\":\"https:\\\/\\\/labarraca1912.es\\\/#\\\/schema\\\/logo\\\/image\\\/\",\"url\":\"https:\\\/\\\/labarraca1912.es\\\/wp-content\\\/uploads\\\/2019\\\/06\\\/logo-labarraca.png\",\"contentUrl\":\"https:\\\/\\\/labarraca1912.es\\\/wp-content\\\/uploads\\\/2019\\\/06\\\/logo-labarraca.png\",\"width\":2917,\"height\":1809,\"caption\":\"La Barraca 1912 Alimentacion\"},\"image\":{\"@id\":\"https:\\\/\\\/labarraca1912.es\\\/#\\\/schema\\\/logo\\\/image\\\/\"}}]}<\/script>\n<!-- \/ Yoast SEO plugin. -->","yoast_head_json":{"title":"Comprar Piment\u00f3n Dulce Esencia 365g | La Barraca","description":"Piment\u00f3n Dulce Esencia de alta calidad en polvo, ideal para arroces, paellas, chorizos y pulpo a la gallega. Aporta sabor, aroma y color \u00fanicos.","robots":{"index":"index","follow":"follow","max-snippet":"max-snippet:-1","max-image-preview":"max-image-preview:large","max-video-preview":"max-video-preview:-1"},"canonical":"https:\/\/labarraca1912.es\/fr\/tienda\/pimenton\/pimenton-dulce-esencia-365g\/","og_locale":"fr_FR","og_type":"article","og_title":"Comprar Piment\u00f3n Dulce Esencia 365g | La Barraca","og_description":"Piment\u00f3n Dulce Esencia de alta calidad en polvo, ideal para arroces, paellas, chorizos y pulpo a la gallega. Aporta sabor, aroma y color \u00fanicos.","og_url":"https:\/\/labarraca1912.es\/fr\/tienda\/pimenton\/pimenton-dulce-esencia-365g\/","og_site_name":"La Barraca","article_modified_time":"2026-02-01T17:08:50+00:00","og_image":[{"width":800,"height":800,"url":"https:\/\/labarraca1912.es\/wp-content\/uploads\/pimentondulceesenciahotelero2024.jpg","type":"image\/jpeg"}],"twitter_card":"summary_large_image","twitter_misc":{"Dur\u00e9e de lecture estim\u00e9e":"1 minute"},"schema":{"@context":"https:\/\/schema.org","@graph":[{"@type":"WebPage","@id":"https:\/\/labarraca1912.es\/tienda\/pimenton\/pimenton-dulce-esencia-365g\/","url":"https:\/\/labarraca1912.es\/tienda\/pimenton\/pimenton-dulce-esencia-365g\/","name":"Comprar Piment\u00f3n Dulce Esencia 365g | La Barraca","isPartOf":{"@id":"https:\/\/labarraca1912.es\/#website"},"primaryImageOfPage":{"@id":"https:\/\/labarraca1912.es\/tienda\/pimenton\/pimenton-dulce-esencia-365g\/#primaryimage"},"image":{"@id":"https:\/\/labarraca1912.es\/tienda\/pimenton\/pimenton-dulce-esencia-365g\/#primaryimage"},"thumbnailUrl":"https:\/\/labarraca1912.es\/wp-content\/uploads\/pimentondulceesenciahotelero2024.jpg","datePublished":"2022-01-19T07:22:24+00:00","dateModified":"2026-02-01T17:08:50+00:00","description":"Piment\u00f3n Dulce Esencia de alta calidad en polvo, ideal para arroces, paellas, chorizos y pulpo a la gallega. Aporta sabor, aroma y color \u00fanicos.","breadcrumb":{"@id":"https:\/\/labarraca1912.es\/tienda\/pimenton\/pimenton-dulce-esencia-365g\/#breadcrumb"},"inLanguage":"fr-FR","potentialAction":[{"@type":"ReadAction","target":["https:\/\/labarraca1912.es\/tienda\/pimenton\/pimenton-dulce-esencia-365g\/"]}]},{"@type":"ImageObject","inLanguage":"fr-FR","@id":"https:\/\/labarraca1912.es\/tienda\/pimenton\/pimenton-dulce-esencia-365g\/#primaryimage","url":"https:\/\/labarraca1912.es\/wp-content\/uploads\/pimentondulceesenciahotelero2024.jpg","contentUrl":"https:\/\/labarraca1912.es\/wp-content\/uploads\/pimentondulceesenciahotelero2024.jpg","width":800,"height":800},{"@type":"BreadcrumbList","@id":"https:\/\/labarraca1912.es\/tienda\/pimenton\/pimenton-dulce-esencia-365g\/#breadcrumb","itemListElement":[{"@type":"ListItem","position":1,"name":"La Barraca","item":"https:\/\/labarraca1912.es\/"},{"@type":"ListItem","position":2,"name":"Tienda","item":"https:\/\/labarraca1912.es\/tienda\/"},{"@type":"ListItem","position":3,"name":"Piment\u00f3n Dulce Esencia 365g"}]},{"@type":"WebSite","@id":"https:\/\/labarraca1912.es\/#website","url":"https:\/\/labarraca1912.es\/","name":"La Barraca","description":"La Casa del Sabor","publisher":{"@id":"https:\/\/labarraca1912.es\/#organization"},"potentialAction":[{"@type":"SearchAction","target":{"@type":"EntryPoint","urlTemplate":"https:\/\/labarraca1912.es\/?s={search_term_string}"},"query-input":{"@type":"PropertyValueSpecification","valueRequired":true,"valueName":"search_term_string"}}],"inLanguage":"fr-FR"},{"@type":"Organization","@id":"https:\/\/labarraca1912.es\/#organization","name":"La Barraca 1912 Alimentacion","url":"https:\/\/labarraca1912.es\/","logo":{"@type":"ImageObject","inLanguage":"fr-FR","@id":"https:\/\/labarraca1912.es\/#\/schema\/logo\/image\/","url":"https:\/\/labarraca1912.es\/wp-content\/uploads\/2019\/06\/logo-labarraca.png","contentUrl":"https:\/\/labarraca1912.es\/wp-content\/uploads\/2019\/06\/logo-labarraca.png","width":2917,"height":1809,"caption":"La Barraca 1912 Alimentacion"},"image":{"@id":"https:\/\/labarraca1912.es\/#\/schema\/logo\/image\/"}}]}},"_links":{"self":[{"href":"https:\/\/labarraca1912.es\/fr\/wp-json\/wp\/v2\/product\/7526","targetHints":{"allow":["GET"]}}],"collection":[{"href":"https:\/\/labarraca1912.es\/fr\/wp-json\/wp\/v2\/product"}],"about":[{"href":"https:\/\/labarraca1912.es\/fr\/wp-json\/wp\/v2\/types\/product"}],"replies":[{"embeddable":true,"href":"https:\/\/labarraca1912.es\/fr\/wp-json\/wp\/v2\/comments?post=7526"}],"wp:featuredmedia":[{"embeddable":true,"href":"https:\/\/labarraca1912.es\/fr\/wp-json\/wp\/v2\/media\/10444"}],"wp:attachment":[{"href":"https:\/\/labarraca1912.es\/fr\/wp-json\/wp\/v2\/media?parent=7526"}],"wp:term":[{"taxonomy":"product_brand","embeddable":true,"href":"https:\/\/labarraca1912.es\/fr\/wp-json\/wp\/v2\/product_brand?post=7526"},{"taxonomy":"product_cat","embeddable":true,"href":"https:\/\/labarraca1912.es\/fr\/wp-json\/wp\/v2\/product_cat?post=7526"},{"taxonomy":"product_tag","embeddable":true,"href":"https:\/\/labarraca1912.es\/fr\/wp-json\/wp\/v2\/product_tag?post=7526"}],"curies":[{"name":"wp","href":"https:\/\/api.w.org\/{rel}","templated":true}]}}