{"id":7697,"date":"2022-03-11T09:24:57","date_gmt":"2022-03-11T08:24:57","guid":{"rendered":"https:\/\/labarraca1912.es\/?post_type=product&#038;p=7697"},"modified":"2026-04-17T13:47:04","modified_gmt":"2026-04-17T11:47:04","slug":"sazonador-italia-pizza","status":"publish","type":"product","link":"https:\/\/labarraca1912.es\/fr\/tienda\/sazonadores\/sazonador-italia-pizza\/","title":{"rendered":"Sazonador Italia Pizza &#8211; Pasta 425g"},"content":{"rendered":"<p>D\u00e9couvrez le secret des saveurs authentiques italiennes avec notre <strong>Assaisonnement Italien Pizza - P\u00e2tes.<\/strong> Una mezcla cuidadosamente seleccionada de hierbas arom\u00e1ticas y especias que transforman cada plato en una experiencia irresistible. Perfecto para realzar el sabor de tus pizzas caseras, pastas, salsas y mucho m\u00e1s. Solo una pizca basta para llenar tu cocina de un aroma delicioso y darle ese toque casero que tanto encanta.<\/p>","protected":false},"excerpt":{"rendered":"<blockquote>\n<h2><strong>Assaisonnement Pizza - P\u00e2tes<\/strong> 425g<\/h2>\n<\/blockquote>\n<p><img decoding=\"async\" class=\"alignnone wp-image-10937\" src=\"https:\/\/labarraca1912.es\/wp-content\/uploads\/glutenfree.jpg\" alt=\"\" width=\"203\" height=\"35\" \/><\/p>\n<p>D\u00e9couvrez le secret des saveurs authentiques italiennes avec notre <strong>Assaisonnement Italien Pizza - P\u00e2tes.<\/strong> Un m\u00e9lange soigneusement s\u00e9lectionn\u00e9 d'herbes aromatiques et d'\u00e9pices qui transforment chaque plat en une exp\u00e9rience irr\u00e9sistible.<\/p>\n<p>Id\u00e9al pour sublimer la saveur de vos pizzas, p\u00e2tes, sauces et autres plats maison. Une simple pinc\u00e9e suffit \u00e0 embaumer votre cuisine d'un d\u00e9licieux ar\u00f4me et \u00e0 lui donner cette touche artisanale si appr\u00e9ci\u00e9e.<\/p>\n<p><em><strong>Ingr\u00e9dients:<\/strong><\/em> \u00c9pices (Basilic, origan, poivre, piment, ail, oignon), sel et tomate.<\/p>\n<p>Peut contenir des traces de <strong>C\u00c9LERI, ARACHIDES et SULFITES.<\/strong><\/p>","protected":false},"featured_media":14222,"comment_status":"open","ping_status":"closed","template":"","meta":{"_et_pb_use_builder":"off","_et_pb_old_content":"Descubre el secreto de los aut\u00e9nticos sabores italianos con nuestro <strong>Sazonador Italia para Pizza y Pasta.<\/strong> Una mezcla cuidadosamente seleccionada de hierbas arom\u00e1ticas y especias que transforman cada plato en una experiencia irresistible.\r\n\r\nPerfecto para realzar el sabor de tus pizzas caseras, pastas, salsas y mucho m\u00e1s. Solo una pizca basta para llenar tu cocina de un aroma delicioso y darle ese toque casero que tanto encanta.","_et_gb_content_width":""},"product_brand":[],"product_cat":[22],"product_tag":[143,47,154,292,75,74,119],"class_list":{"0":"post-7697","1":"product","2":"type-product","3":"status-publish","4":"has-post-thumbnail","6":"product_cat-sazonadores","7":"product_tag-aroma","8":"product_tag-especias","9":"product_tag-hierbas","10":"product_tag-italia","11":"product_tag-pasta","12":"product_tag-pizza","13":"product_tag-sazonador","15":"first","16":"instock","17":"taxable","18":"shipping-taxable","19":"purchasable","20":"product-type-simple"},"yoast_head":"<!-- This site is optimized with the Yoast SEO plugin v27.4 - https:\/\/yoast.com\/product\/yoast-seo-wordpress\/ -->\n<title>Comprar Sazonador Italia 425g | Especias para pizzas y pastas<\/title>\n<meta name=\"description\" content=\"Mezcla de especias y hierbas arom\u00e1ticas para realzar el sabor de todo tipo de pizzas y pastas. Formato hosteler\u00eda 425g. Aroma intenso y sabor equilibrado.\" \/>\n<meta name=\"robots\" content=\"index, follow, max-snippet:-1, max-image-preview:large, max-video-preview:-1\" \/>\n<link rel=\"canonical\" href=\"https:\/\/labarraca1912.es\/fr\/tienda\/sazonadores\/sazonador-italia-pizza\/\" \/>\n<meta property=\"og:locale\" content=\"fr_FR\" \/>\n<meta property=\"og:type\" content=\"article\" \/>\n<meta property=\"og:title\" content=\"Comprar Sazonador Italia 425g | Especias para pizzas y pastas\" \/>\n<meta property=\"og:description\" content=\"Mezcla de especias y hierbas arom\u00e1ticas para realzar el sabor de todo tipo de pizzas y pastas. Formato hosteler\u00eda 425g. Aroma intenso y sabor equilibrado.\" \/>\n<meta property=\"og:url\" content=\"https:\/\/labarraca1912.es\/fr\/tienda\/sazonadores\/sazonador-italia-pizza\/\" \/>\n<meta property=\"og:site_name\" content=\"La Barraca\" \/>\n<meta property=\"article:modified_time\" content=\"2026-04-17T11:47:04+00:00\" \/>\n<meta property=\"og:image\" content=\"https:\/\/labarraca1912.es\/wp-content\/uploads\/bgsazitalia2026.jpg\" \/>\n\t<meta property=\"og:image:width\" content=\"800\" \/>\n\t<meta property=\"og:image:height\" content=\"800\" \/>\n\t<meta property=\"og:image:type\" content=\"image\/jpeg\" \/>\n<meta name=\"twitter:card\" content=\"summary_large_image\" \/>\n<meta name=\"twitter:label1\" content=\"Dur\u00e9e de lecture estim\u00e9e\" \/>\n\t<meta name=\"twitter:data1\" content=\"1 minute\" \/>\n<script type=\"application\/ld+json\" class=\"yoast-schema-graph\">{\"@context\":\"https:\\\/\\\/schema.org\",\"@graph\":[{\"@type\":\"WebPage\",\"@id\":\"https:\\\/\\\/labarraca1912.es\\\/tienda\\\/sazonadores\\\/sazonador-italia-pizza\\\/\",\"url\":\"https:\\\/\\\/labarraca1912.es\\\/tienda\\\/sazonadores\\\/sazonador-italia-pizza\\\/\",\"name\":\"Comprar Sazonador Italia 425g | Especias para pizzas y pastas\",\"isPartOf\":{\"@id\":\"https:\\\/\\\/labarraca1912.es\\\/#website\"},\"primaryImageOfPage\":{\"@id\":\"https:\\\/\\\/labarraca1912.es\\\/tienda\\\/sazonadores\\\/sazonador-italia-pizza\\\/#primaryimage\"},\"image\":{\"@id\":\"https:\\\/\\\/labarraca1912.es\\\/tienda\\\/sazonadores\\\/sazonador-italia-pizza\\\/#primaryimage\"},\"thumbnailUrl\":\"https:\\\/\\\/labarraca1912.es\\\/wp-content\\\/uploads\\\/bgsazitalia2026.jpg\",\"datePublished\":\"2022-03-11T08:24:57+00:00\",\"dateModified\":\"2026-04-17T11:47:04+00:00\",\"description\":\"Mezcla de especias y hierbas arom\u00e1ticas para realzar el sabor de todo tipo de pizzas y pastas. Formato hosteler\u00eda 425g. Aroma intenso y sabor equilibrado.\",\"breadcrumb\":{\"@id\":\"https:\\\/\\\/labarraca1912.es\\\/tienda\\\/sazonadores\\\/sazonador-italia-pizza\\\/#breadcrumb\"},\"inLanguage\":\"fr-FR\",\"potentialAction\":[{\"@type\":\"ReadAction\",\"target\":[\"https:\\\/\\\/labarraca1912.es\\\/tienda\\\/sazonadores\\\/sazonador-italia-pizza\\\/\"]}]},{\"@type\":\"ImageObject\",\"inLanguage\":\"fr-FR\",\"@id\":\"https:\\\/\\\/labarraca1912.es\\\/tienda\\\/sazonadores\\\/sazonador-italia-pizza\\\/#primaryimage\",\"url\":\"https:\\\/\\\/labarraca1912.es\\\/wp-content\\\/uploads\\\/bgsazitalia2026.jpg\",\"contentUrl\":\"https:\\\/\\\/labarraca1912.es\\\/wp-content\\\/uploads\\\/bgsazitalia2026.jpg\",\"width\":800,\"height\":800},{\"@type\":\"BreadcrumbList\",\"@id\":\"https:\\\/\\\/labarraca1912.es\\\/tienda\\\/sazonadores\\\/sazonador-italia-pizza\\\/#breadcrumb\",\"itemListElement\":[{\"@type\":\"ListItem\",\"position\":1,\"name\":\"La Barraca\",\"item\":\"https:\\\/\\\/labarraca1912.es\\\/\"},{\"@type\":\"ListItem\",\"position\":2,\"name\":\"Tienda\",\"item\":\"https:\\\/\\\/labarraca1912.es\\\/tienda\\\/\"},{\"@type\":\"ListItem\",\"position\":3,\"name\":\"Sazonador Italia Pizza &#8211; Pasta 425g\"}]},{\"@type\":\"WebSite\",\"@id\":\"https:\\\/\\\/labarraca1912.es\\\/#website\",\"url\":\"https:\\\/\\\/labarraca1912.es\\\/\",\"name\":\"La Barraca\",\"description\":\"La Casa del Sabor\",\"publisher\":{\"@id\":\"https:\\\/\\\/labarraca1912.es\\\/#organization\"},\"potentialAction\":[{\"@type\":\"SearchAction\",\"target\":{\"@type\":\"EntryPoint\",\"urlTemplate\":\"https:\\\/\\\/labarraca1912.es\\\/?s={search_term_string}\"},\"query-input\":{\"@type\":\"PropertyValueSpecification\",\"valueRequired\":true,\"valueName\":\"search_term_string\"}}],\"inLanguage\":\"fr-FR\"},{\"@type\":\"Organization\",\"@id\":\"https:\\\/\\\/labarraca1912.es\\\/#organization\",\"name\":\"La Barraca 1912 Alimentacion\",\"url\":\"https:\\\/\\\/labarraca1912.es\\\/\",\"logo\":{\"@type\":\"ImageObject\",\"inLanguage\":\"fr-FR\",\"@id\":\"https:\\\/\\\/labarraca1912.es\\\/#\\\/schema\\\/logo\\\/image\\\/\",\"url\":\"https:\\\/\\\/labarraca1912.es\\\/wp-content\\\/uploads\\\/2019\\\/06\\\/logo-labarraca.png\",\"contentUrl\":\"https:\\\/\\\/labarraca1912.es\\\/wp-content\\\/uploads\\\/2019\\\/06\\\/logo-labarraca.png\",\"width\":2917,\"height\":1809,\"caption\":\"La Barraca 1912 Alimentacion\"},\"image\":{\"@id\":\"https:\\\/\\\/labarraca1912.es\\\/#\\\/schema\\\/logo\\\/image\\\/\"}}]}<\/script>\n<!-- \/ Yoast SEO plugin. -->","yoast_head_json":{"title":"Comprar Sazonador Italia 425g | Especias para pizzas y pastas","description":"Mezcla de especias y hierbas arom\u00e1ticas para realzar el sabor de todo tipo de pizzas y pastas. Formato hosteler\u00eda 425g. Aroma intenso y sabor equilibrado.","robots":{"index":"index","follow":"follow","max-snippet":"max-snippet:-1","max-image-preview":"max-image-preview:large","max-video-preview":"max-video-preview:-1"},"canonical":"https:\/\/labarraca1912.es\/fr\/tienda\/sazonadores\/sazonador-italia-pizza\/","og_locale":"fr_FR","og_type":"article","og_title":"Comprar Sazonador Italia 425g | Especias para pizzas y pastas","og_description":"Mezcla de especias y hierbas arom\u00e1ticas para realzar el sabor de todo tipo de pizzas y pastas. Formato hosteler\u00eda 425g. Aroma intenso y sabor equilibrado.","og_url":"https:\/\/labarraca1912.es\/fr\/tienda\/sazonadores\/sazonador-italia-pizza\/","og_site_name":"La Barraca","article_modified_time":"2026-04-17T11:47:04+00:00","og_image":[{"width":800,"height":800,"url":"https:\/\/labarraca1912.es\/wp-content\/uploads\/bgsazitalia2026.jpg","type":"image\/jpeg"}],"twitter_card":"summary_large_image","twitter_misc":{"Dur\u00e9e de lecture estim\u00e9e":"1 minute"},"schema":{"@context":"https:\/\/schema.org","@graph":[{"@type":"WebPage","@id":"https:\/\/labarraca1912.es\/tienda\/sazonadores\/sazonador-italia-pizza\/","url":"https:\/\/labarraca1912.es\/tienda\/sazonadores\/sazonador-italia-pizza\/","name":"Comprar Sazonador Italia 425g | Especias para pizzas y pastas","isPartOf":{"@id":"https:\/\/labarraca1912.es\/#website"},"primaryImageOfPage":{"@id":"https:\/\/labarraca1912.es\/tienda\/sazonadores\/sazonador-italia-pizza\/#primaryimage"},"image":{"@id":"https:\/\/labarraca1912.es\/tienda\/sazonadores\/sazonador-italia-pizza\/#primaryimage"},"thumbnailUrl":"https:\/\/labarraca1912.es\/wp-content\/uploads\/bgsazitalia2026.jpg","datePublished":"2022-03-11T08:24:57+00:00","dateModified":"2026-04-17T11:47:04+00:00","description":"Mezcla de especias y hierbas arom\u00e1ticas para realzar el sabor de todo tipo de pizzas y pastas. Formato hosteler\u00eda 425g. Aroma intenso y sabor equilibrado.","breadcrumb":{"@id":"https:\/\/labarraca1912.es\/tienda\/sazonadores\/sazonador-italia-pizza\/#breadcrumb"},"inLanguage":"fr-FR","potentialAction":[{"@type":"ReadAction","target":["https:\/\/labarraca1912.es\/tienda\/sazonadores\/sazonador-italia-pizza\/"]}]},{"@type":"ImageObject","inLanguage":"fr-FR","@id":"https:\/\/labarraca1912.es\/tienda\/sazonadores\/sazonador-italia-pizza\/#primaryimage","url":"https:\/\/labarraca1912.es\/wp-content\/uploads\/bgsazitalia2026.jpg","contentUrl":"https:\/\/labarraca1912.es\/wp-content\/uploads\/bgsazitalia2026.jpg","width":800,"height":800},{"@type":"BreadcrumbList","@id":"https:\/\/labarraca1912.es\/tienda\/sazonadores\/sazonador-italia-pizza\/#breadcrumb","itemListElement":[{"@type":"ListItem","position":1,"name":"La Barraca","item":"https:\/\/labarraca1912.es\/"},{"@type":"ListItem","position":2,"name":"Tienda","item":"https:\/\/labarraca1912.es\/tienda\/"},{"@type":"ListItem","position":3,"name":"Sazonador Italia Pizza &#8211; Pasta 425g"}]},{"@type":"WebSite","@id":"https:\/\/labarraca1912.es\/#website","url":"https:\/\/labarraca1912.es\/","name":"La Barraca","description":"La Casa del Sabor","publisher":{"@id":"https:\/\/labarraca1912.es\/#organization"},"potentialAction":[{"@type":"SearchAction","target":{"@type":"EntryPoint","urlTemplate":"https:\/\/labarraca1912.es\/?s={search_term_string}"},"query-input":{"@type":"PropertyValueSpecification","valueRequired":true,"valueName":"search_term_string"}}],"inLanguage":"fr-FR"},{"@type":"Organization","@id":"https:\/\/labarraca1912.es\/#organization","name":"La Barraca 1912 Alimentacion","url":"https:\/\/labarraca1912.es\/","logo":{"@type":"ImageObject","inLanguage":"fr-FR","@id":"https:\/\/labarraca1912.es\/#\/schema\/logo\/image\/","url":"https:\/\/labarraca1912.es\/wp-content\/uploads\/2019\/06\/logo-labarraca.png","contentUrl":"https:\/\/labarraca1912.es\/wp-content\/uploads\/2019\/06\/logo-labarraca.png","width":2917,"height":1809,"caption":"La Barraca 1912 Alimentacion"},"image":{"@id":"https:\/\/labarraca1912.es\/#\/schema\/logo\/image\/"}}]}},"_links":{"self":[{"href":"https:\/\/labarraca1912.es\/fr\/wp-json\/wp\/v2\/product\/7697","targetHints":{"allow":["GET"]}}],"collection":[{"href":"https:\/\/labarraca1912.es\/fr\/wp-json\/wp\/v2\/product"}],"about":[{"href":"https:\/\/labarraca1912.es\/fr\/wp-json\/wp\/v2\/types\/product"}],"replies":[{"embeddable":true,"href":"https:\/\/labarraca1912.es\/fr\/wp-json\/wp\/v2\/comments?post=7697"}],"wp:featuredmedia":[{"embeddable":true,"href":"https:\/\/labarraca1912.es\/fr\/wp-json\/wp\/v2\/media\/14222"}],"wp:attachment":[{"href":"https:\/\/labarraca1912.es\/fr\/wp-json\/wp\/v2\/media?parent=7697"}],"wp:term":[{"taxonomy":"product_brand","embeddable":true,"href":"https:\/\/labarraca1912.es\/fr\/wp-json\/wp\/v2\/product_brand?post=7697"},{"taxonomy":"product_cat","embeddable":true,"href":"https:\/\/labarraca1912.es\/fr\/wp-json\/wp\/v2\/product_cat?post=7697"},{"taxonomy":"product_tag","embeddable":true,"href":"https:\/\/labarraca1912.es\/fr\/wp-json\/wp\/v2\/product_tag?post=7697"}],"curies":[{"name":"wp","href":"https:\/\/api.w.org\/{rel}","templated":true}]}}