{"id":7725,"date":"2022-03-23T12:47:42","date_gmt":"2022-03-23T11:47:42","guid":{"rendered":"https:\/\/labarraca1912.es\/?post_type=product&#038;p=7725"},"modified":"2026-04-14T21:03:49","modified_gmt":"2026-04-14T19:03:49","slug":"bicarbonato-sodico-bote-dosificador-180g","status":"publish","type":"product","link":"https:\/\/labarraca1912.es\/fr\/tienda\/pasteleria\/bicarbonato-sodico-bote-dosificador-180g\/","title":{"rendered":"Bicarbonate Bo\u00eete en Plastique Doseur 180g"},"content":{"rendered":"<p>BICARBONATO S\u00d3DICO &#8211; 180g: Polvo cristalino de color blanco e inoloro. Apto para su uso en alimentaci\u00f3n. Se emplea en reposter\u00eda y pasteler\u00eda como agente gasificante para esponjar o dar volumen a masas pasteleras.<\/p>\n<p><strong>Bicarbonate:<\/strong> On l'utilise \u00e9galement pour son effet acidifiant et comme correcteur d'acidit\u00e9.<\/p>","protected":false},"excerpt":{"rendered":"<blockquote>\n<h2><strong>Bicarbonate<\/strong>\u00a0180g<\/h2>\n<\/blockquote>\n<p>Le bicarbonate de sodium est une poudre cristalline blanche et inodore. Convient pour une utilisation dans les aliments. Il est utilis\u00e9 en boulangerie et p\u00e2tisserie comme agent levant pour gonfler ou donner du volume aux p\u00e2tes p\u00e2tissi\u00e8res. On l'utilise \u00e9galement pour son effet acidifiant et comme correcteur d'acidit\u00e9.<\/p>\n<p><strong><em>Ingr\u00e9dients:<\/em><\/strong> Bicarbonate de soude E-500ii.<\/p>","protected":false},"featured_media":4426,"comment_status":"open","ping_status":"closed","template":"","meta":{"_et_pb_use_builder":"","_et_pb_old_content":"","_et_gb_content_width":""},"product_brand":[],"product_cat":[21],"product_tag":[246,175,46,108,171,107],"class_list":{"0":"post-7725","1":"product","2":"type-product","3":"status-publish","4":"has-post-thumbnail","6":"product_cat-pasteleria","7":"product_tag-bicarbonato","8":"product_tag-bizcocho","9":"product_tag-pasteleria","10":"product_tag-postre","11":"product_tag-reposteria","12":"product_tag-tarta","14":"first","15":"instock","16":"taxable","17":"shipping-taxable","18":"purchasable","19":"product-type-simple"},"yoast_head":"<!-- This site is optimized with the Yoast SEO plugin v27.4 - https:\/\/yoast.com\/product\/yoast-seo-wordpress\/ -->\n<title>Bicarbonato S\u00f3dico Bote Dosificador 180g - La Barraca<\/title>\n<meta name=\"description\" content=\"Utilizada para salar alimentos, este tipo de sal se suele aplicar normalmente a la carne o el pescado una vez estos ya est\u00e1n listos.\" \/>\n<meta name=\"robots\" content=\"index, follow, max-snippet:-1, max-image-preview:large, max-video-preview:-1\" \/>\n<link rel=\"canonical\" href=\"https:\/\/labarraca1912.es\/fr\/tienda\/pasteleria\/bicarbonato-sodico-bote-dosificador-180g\/\" \/>\n<meta property=\"og:locale\" content=\"fr_FR\" \/>\n<meta property=\"og:type\" content=\"article\" \/>\n<meta property=\"og:title\" content=\"Bicarbonato S\u00f3dico Bote Dosificador 180g - La Barraca\" \/>\n<meta property=\"og:description\" content=\"Utilizada para salar alimentos, este tipo de sal se suele aplicar normalmente a la carne o el pescado una vez estos ya est\u00e1n listos.\" \/>\n<meta property=\"og:url\" content=\"https:\/\/labarraca1912.es\/fr\/tienda\/pasteleria\/bicarbonato-sodico-bote-dosificador-180g\/\" \/>\n<meta property=\"og:site_name\" content=\"La Barraca\" \/>\n<meta property=\"article:modified_time\" content=\"2026-04-14T19:03:49+00:00\" \/>\n<meta property=\"og:image\" content=\"https:\/\/labarraca1912.es\/wp-content\/uploads\/2020\/02\/bicarbonatosodicobotedosificador.jpg\" \/>\n\t<meta property=\"og:image:width\" content=\"800\" \/>\n\t<meta property=\"og:image:height\" content=\"800\" \/>\n\t<meta property=\"og:image:type\" content=\"image\/jpeg\" \/>\n<meta name=\"twitter:card\" content=\"summary_large_image\" \/>\n<meta name=\"twitter:label1\" content=\"Dur\u00e9e de lecture estim\u00e9e\" \/>\n\t<meta name=\"twitter:data1\" content=\"1 minute\" \/>\n<script type=\"application\/ld+json\" class=\"yoast-schema-graph\">{\"@context\":\"https:\\\/\\\/schema.org\",\"@graph\":[{\"@type\":\"WebPage\",\"@id\":\"https:\\\/\\\/labarraca1912.es\\\/tienda\\\/pasteleria\\\/bicarbonato-sodico-bote-dosificador-180g\\\/\",\"url\":\"https:\\\/\\\/labarraca1912.es\\\/tienda\\\/pasteleria\\\/bicarbonato-sodico-bote-dosificador-180g\\\/\",\"name\":\"Bicarbonato S\u00f3dico Bote Dosificador 180g - La Barraca\",\"isPartOf\":{\"@id\":\"https:\\\/\\\/labarraca1912.es\\\/#website\"},\"primaryImageOfPage\":{\"@id\":\"https:\\\/\\\/labarraca1912.es\\\/tienda\\\/pasteleria\\\/bicarbonato-sodico-bote-dosificador-180g\\\/#primaryimage\"},\"image\":{\"@id\":\"https:\\\/\\\/labarraca1912.es\\\/tienda\\\/pasteleria\\\/bicarbonato-sodico-bote-dosificador-180g\\\/#primaryimage\"},\"thumbnailUrl\":\"https:\\\/\\\/labarraca1912.es\\\/wp-content\\\/uploads\\\/2020\\\/02\\\/bicarbonatosodicobotedosificador.jpg\",\"datePublished\":\"2022-03-23T11:47:42+00:00\",\"dateModified\":\"2026-04-14T19:03:49+00:00\",\"description\":\"Utilizada para salar alimentos, este tipo de sal se suele aplicar normalmente a la carne o el pescado una vez estos ya est\u00e1n listos.\",\"breadcrumb\":{\"@id\":\"https:\\\/\\\/labarraca1912.es\\\/tienda\\\/pasteleria\\\/bicarbonato-sodico-bote-dosificador-180g\\\/#breadcrumb\"},\"inLanguage\":\"fr-FR\",\"potentialAction\":[{\"@type\":\"ReadAction\",\"target\":[\"https:\\\/\\\/labarraca1912.es\\\/tienda\\\/pasteleria\\\/bicarbonato-sodico-bote-dosificador-180g\\\/\"]}]},{\"@type\":\"ImageObject\",\"inLanguage\":\"fr-FR\",\"@id\":\"https:\\\/\\\/labarraca1912.es\\\/tienda\\\/pasteleria\\\/bicarbonato-sodico-bote-dosificador-180g\\\/#primaryimage\",\"url\":\"https:\\\/\\\/labarraca1912.es\\\/wp-content\\\/uploads\\\/2020\\\/02\\\/bicarbonatosodicobotedosificador.jpg\",\"contentUrl\":\"https:\\\/\\\/labarraca1912.es\\\/wp-content\\\/uploads\\\/2020\\\/02\\\/bicarbonatosodicobotedosificador.jpg\",\"width\":800,\"height\":800},{\"@type\":\"BreadcrumbList\",\"@id\":\"https:\\\/\\\/labarraca1912.es\\\/tienda\\\/pasteleria\\\/bicarbonato-sodico-bote-dosificador-180g\\\/#breadcrumb\",\"itemListElement\":[{\"@type\":\"ListItem\",\"position\":1,\"name\":\"La Barraca\",\"item\":\"https:\\\/\\\/labarraca1912.es\\\/\"},{\"@type\":\"ListItem\",\"position\":2,\"name\":\"Tienda\",\"item\":\"https:\\\/\\\/labarraca1912.es\\\/tienda\\\/\"},{\"@type\":\"ListItem\",\"position\":3,\"name\":\"Bicarbonato S\u00f3dico Bote Dosificador 180g\"}]},{\"@type\":\"WebSite\",\"@id\":\"https:\\\/\\\/labarraca1912.es\\\/#website\",\"url\":\"https:\\\/\\\/labarraca1912.es\\\/\",\"name\":\"La Barraca\",\"description\":\"La Casa del Sabor\",\"publisher\":{\"@id\":\"https:\\\/\\\/labarraca1912.es\\\/#organization\"},\"potentialAction\":[{\"@type\":\"SearchAction\",\"target\":{\"@type\":\"EntryPoint\",\"urlTemplate\":\"https:\\\/\\\/labarraca1912.es\\\/?s={search_term_string}\"},\"query-input\":{\"@type\":\"PropertyValueSpecification\",\"valueRequired\":true,\"valueName\":\"search_term_string\"}}],\"inLanguage\":\"fr-FR\"},{\"@type\":\"Organization\",\"@id\":\"https:\\\/\\\/labarraca1912.es\\\/#organization\",\"name\":\"La Barraca 1912 Alimentacion\",\"url\":\"https:\\\/\\\/labarraca1912.es\\\/\",\"logo\":{\"@type\":\"ImageObject\",\"inLanguage\":\"fr-FR\",\"@id\":\"https:\\\/\\\/labarraca1912.es\\\/#\\\/schema\\\/logo\\\/image\\\/\",\"url\":\"https:\\\/\\\/labarraca1912.es\\\/wp-content\\\/uploads\\\/2019\\\/06\\\/logo-labarraca.png\",\"contentUrl\":\"https:\\\/\\\/labarraca1912.es\\\/wp-content\\\/uploads\\\/2019\\\/06\\\/logo-labarraca.png\",\"width\":2917,\"height\":1809,\"caption\":\"La Barraca 1912 Alimentacion\"},\"image\":{\"@id\":\"https:\\\/\\\/labarraca1912.es\\\/#\\\/schema\\\/logo\\\/image\\\/\"}}]}<\/script>\n<!-- \/ Yoast SEO plugin. -->","yoast_head_json":{"title":"Bicarbonato S\u00f3dico Bote Dosificador 180g - La Barraca","description":"Utilizada para salar alimentos, este tipo de sal se suele aplicar normalmente a la carne o el pescado una vez estos ya est\u00e1n listos.","robots":{"index":"index","follow":"follow","max-snippet":"max-snippet:-1","max-image-preview":"max-image-preview:large","max-video-preview":"max-video-preview:-1"},"canonical":"https:\/\/labarraca1912.es\/fr\/tienda\/pasteleria\/bicarbonato-sodico-bote-dosificador-180g\/","og_locale":"fr_FR","og_type":"article","og_title":"Bicarbonato S\u00f3dico Bote Dosificador 180g - La Barraca","og_description":"Utilizada para salar alimentos, este tipo de sal se suele aplicar normalmente a la carne o el pescado una vez estos ya est\u00e1n listos.","og_url":"https:\/\/labarraca1912.es\/fr\/tienda\/pasteleria\/bicarbonato-sodico-bote-dosificador-180g\/","og_site_name":"La Barraca","article_modified_time":"2026-04-14T19:03:49+00:00","og_image":[{"width":800,"height":800,"url":"https:\/\/labarraca1912.es\/wp-content\/uploads\/2020\/02\/bicarbonatosodicobotedosificador.jpg","type":"image\/jpeg"}],"twitter_card":"summary_large_image","twitter_misc":{"Dur\u00e9e de lecture estim\u00e9e":"1 minute"},"schema":{"@context":"https:\/\/schema.org","@graph":[{"@type":"WebPage","@id":"https:\/\/labarraca1912.es\/tienda\/pasteleria\/bicarbonato-sodico-bote-dosificador-180g\/","url":"https:\/\/labarraca1912.es\/tienda\/pasteleria\/bicarbonato-sodico-bote-dosificador-180g\/","name":"Bicarbonato S\u00f3dico Bote Dosificador 180g - La Barraca","isPartOf":{"@id":"https:\/\/labarraca1912.es\/#website"},"primaryImageOfPage":{"@id":"https:\/\/labarraca1912.es\/tienda\/pasteleria\/bicarbonato-sodico-bote-dosificador-180g\/#primaryimage"},"image":{"@id":"https:\/\/labarraca1912.es\/tienda\/pasteleria\/bicarbonato-sodico-bote-dosificador-180g\/#primaryimage"},"thumbnailUrl":"https:\/\/labarraca1912.es\/wp-content\/uploads\/2020\/02\/bicarbonatosodicobotedosificador.jpg","datePublished":"2022-03-23T11:47:42+00:00","dateModified":"2026-04-14T19:03:49+00:00","description":"Utilizada para salar alimentos, este tipo de sal se suele aplicar normalmente a la carne o el pescado una vez estos ya est\u00e1n listos.","breadcrumb":{"@id":"https:\/\/labarraca1912.es\/tienda\/pasteleria\/bicarbonato-sodico-bote-dosificador-180g\/#breadcrumb"},"inLanguage":"fr-FR","potentialAction":[{"@type":"ReadAction","target":["https:\/\/labarraca1912.es\/tienda\/pasteleria\/bicarbonato-sodico-bote-dosificador-180g\/"]}]},{"@type":"ImageObject","inLanguage":"fr-FR","@id":"https:\/\/labarraca1912.es\/tienda\/pasteleria\/bicarbonato-sodico-bote-dosificador-180g\/#primaryimage","url":"https:\/\/labarraca1912.es\/wp-content\/uploads\/2020\/02\/bicarbonatosodicobotedosificador.jpg","contentUrl":"https:\/\/labarraca1912.es\/wp-content\/uploads\/2020\/02\/bicarbonatosodicobotedosificador.jpg","width":800,"height":800},{"@type":"BreadcrumbList","@id":"https:\/\/labarraca1912.es\/tienda\/pasteleria\/bicarbonato-sodico-bote-dosificador-180g\/#breadcrumb","itemListElement":[{"@type":"ListItem","position":1,"name":"La Barraca","item":"https:\/\/labarraca1912.es\/"},{"@type":"ListItem","position":2,"name":"Tienda","item":"https:\/\/labarraca1912.es\/tienda\/"},{"@type":"ListItem","position":3,"name":"Bicarbonato S\u00f3dico Bote Dosificador 180g"}]},{"@type":"WebSite","@id":"https:\/\/labarraca1912.es\/#website","url":"https:\/\/labarraca1912.es\/","name":"La Barraca","description":"La Casa del Sabor","publisher":{"@id":"https:\/\/labarraca1912.es\/#organization"},"potentialAction":[{"@type":"SearchAction","target":{"@type":"EntryPoint","urlTemplate":"https:\/\/labarraca1912.es\/?s={search_term_string}"},"query-input":{"@type":"PropertyValueSpecification","valueRequired":true,"valueName":"search_term_string"}}],"inLanguage":"fr-FR"},{"@type":"Organization","@id":"https:\/\/labarraca1912.es\/#organization","name":"La Barraca 1912 Alimentacion","url":"https:\/\/labarraca1912.es\/","logo":{"@type":"ImageObject","inLanguage":"fr-FR","@id":"https:\/\/labarraca1912.es\/#\/schema\/logo\/image\/","url":"https:\/\/labarraca1912.es\/wp-content\/uploads\/2019\/06\/logo-labarraca.png","contentUrl":"https:\/\/labarraca1912.es\/wp-content\/uploads\/2019\/06\/logo-labarraca.png","width":2917,"height":1809,"caption":"La Barraca 1912 Alimentacion"},"image":{"@id":"https:\/\/labarraca1912.es\/#\/schema\/logo\/image\/"}}]}},"_links":{"self":[{"href":"https:\/\/labarraca1912.es\/fr\/wp-json\/wp\/v2\/product\/7725","targetHints":{"allow":["GET"]}}],"collection":[{"href":"https:\/\/labarraca1912.es\/fr\/wp-json\/wp\/v2\/product"}],"about":[{"href":"https:\/\/labarraca1912.es\/fr\/wp-json\/wp\/v2\/types\/product"}],"replies":[{"embeddable":true,"href":"https:\/\/labarraca1912.es\/fr\/wp-json\/wp\/v2\/comments?post=7725"}],"wp:featuredmedia":[{"embeddable":true,"href":"https:\/\/labarraca1912.es\/fr\/wp-json\/wp\/v2\/media\/4426"}],"wp:attachment":[{"href":"https:\/\/labarraca1912.es\/fr\/wp-json\/wp\/v2\/media?parent=7725"}],"wp:term":[{"taxonomy":"product_brand","embeddable":true,"href":"https:\/\/labarraca1912.es\/fr\/wp-json\/wp\/v2\/product_brand?post=7725"},{"taxonomy":"product_cat","embeddable":true,"href":"https:\/\/labarraca1912.es\/fr\/wp-json\/wp\/v2\/product_cat?post=7725"},{"taxonomy":"product_tag","embeddable":true,"href":"https:\/\/labarraca1912.es\/fr\/wp-json\/wp\/v2\/product_tag?post=7725"}],"curies":[{"name":"wp","href":"https:\/\/api.w.org\/{rel}","templated":true}]}}