{"id":7898,"date":"2022-05-17T08:38:52","date_gmt":"2022-05-17T06:38:52","guid":{"rendered":"https:\/\/labarraca1912.es\/?post_type=product&#038;p=7898"},"modified":"2026-03-09T09:10:16","modified_gmt":"2026-03-09T08:10:16","slug":"ajonjoli-dorado-800g","status":"publish","type":"product","link":"https:\/\/labarraca1912.es\/fr\/tienda\/especias-y-condimentos\/ajonjoli-dorado-800g\/","title":{"rendered":"S\u00e9same Dor\u00e9 800g"},"content":{"rendered":"<p>AJONJOL\u00cd DORADO (S\u00c9SAMO DORADO) &#8211; 800G: Semillas seleccionadas limpiadas por m\u00e9todos f\u00edsicos, secadas y tostadas. Pertenece a la especie Sesamunorientaley Sesamunindicum. Tambi\u00e9n llamado S\u00e9samo.<\/p>\n<p><strong>S\u00e9same Dor\u00e9:<\/strong> Il est utilis\u00e9 pour les p\u00e2tes et les sucreries, notamment dans la pr\u00e9paration des alfajores et des Polvorones. Il est \u00e9galement utilis\u00e9 pour pr\u00e9parer des pains \u00e0 hamburger.<\/p>\n<p>&nbsp;<\/p>","protected":false},"excerpt":{"rendered":"<blockquote>\n<h2><strong>S\u00e9same Dor\u00e9<\/strong>\u00a0800g<\/h2>\n<\/blockquote>\n<p><img decoding=\"async\" class=\"alignnone wp-image-10937\" src=\"https:\/\/labarraca1912.es\/wp-content\/uploads\/glutenfree.jpg\" alt=\"\" width=\"203\" height=\"35\" \/><\/p>\n<p>Graines s\u00e9lectionn\u00e9es nettoy\u00e9es par des m\u00e9thodes physiques, s\u00e9ch\u00e9es et torr\u00e9fi\u00e9es. Il appartient \u00e0 l'esp\u00e8ce Sesamunorientaley Sesamunindicum. Aussi appel\u00e9 S\u00e9same. Il est utilis\u00e9 pour les p\u00e2tes et les sucreries, notamment dans la pr\u00e9paration des alfajores et des Polvorones. Il est \u00e9galement utilis\u00e9 pour pr\u00e9parer des pains \u00e0 hamburger.<\/p>\n<p><em><strong>Ingr\u00e9dients:<\/strong><\/em> S\u00e9same dor\u00e9 (<strong>S\u00c9SAME<\/strong> Dor\u00e9).<\/p>","protected":false},"featured_media":13154,"comment_status":"open","ping_status":"closed","template":"","meta":{"_et_pb_use_builder":"","_et_pb_old_content":"","_et_gb_content_width":""},"product_brand":[],"product_cat":[19],"product_tag":[254,256,258,257,255],"class_list":{"0":"post-7898","1":"product","2":"type-product","3":"status-publish","4":"has-post-thumbnail","6":"product_cat-especias-y-condimentos","7":"product_tag-ajonjoli","8":"product_tag-dorado","9":"product_tag-hamburguesa","10":"product_tag-sesamo","11":"product_tag-tostado","13":"first","14":"instock","15":"taxable","16":"shipping-taxable","17":"purchasable","18":"product-type-simple"},"yoast_head":"<!-- This site is optimized with the Yoast SEO plugin v27.4 - https:\/\/yoast.com\/product\/yoast-seo-wordpress\/ -->\n<title>Comprar Ajonjol\u00ed Dorado 800g | La Barraca<\/title>\n<meta name=\"description\" content=\"Comprar ajonjol\u00ed dorado 800g, semillas tostadas ideales para pastas, dulces, alfajores, polvorones y pan de hamburguesa.\" \/>\n<meta name=\"robots\" content=\"index, follow, max-snippet:-1, max-image-preview:large, max-video-preview:-1\" \/>\n<link rel=\"canonical\" href=\"https:\/\/labarraca1912.es\/fr\/tienda\/especias-y-condimentos\/ajonjoli-dorado-800g\/\" \/>\n<meta property=\"og:locale\" content=\"fr_FR\" \/>\n<meta property=\"og:type\" content=\"article\" \/>\n<meta property=\"og:title\" content=\"Comprar Ajonjol\u00ed Dorado 800g | La Barraca\" \/>\n<meta property=\"og:description\" content=\"Comprar ajonjol\u00ed dorado 800g, semillas tostadas ideales para pastas, dulces, alfajores, polvorones y pan de hamburguesa.\" \/>\n<meta property=\"og:url\" content=\"https:\/\/labarraca1912.es\/fr\/tienda\/especias-y-condimentos\/ajonjoli-dorado-800g\/\" \/>\n<meta property=\"og:site_name\" content=\"La Barraca\" \/>\n<meta property=\"article:modified_time\" content=\"2026-03-09T08:10:16+00:00\" \/>\n<meta property=\"og:image\" content=\"https:\/\/labarraca1912.es\/wp-content\/uploads\/ajonjolidoradogranel2025.jpg\" \/>\n\t<meta property=\"og:image:width\" content=\"800\" \/>\n\t<meta property=\"og:image:height\" content=\"800\" \/>\n\t<meta property=\"og:image:type\" content=\"image\/jpeg\" \/>\n<meta name=\"twitter:card\" content=\"summary_large_image\" \/>\n<meta name=\"twitter:label1\" content=\"Dur\u00e9e de lecture estim\u00e9e\" \/>\n\t<meta name=\"twitter:data1\" content=\"1 minute\" \/>\n<script type=\"application\/ld+json\" class=\"yoast-schema-graph\">{\"@context\":\"https:\\\/\\\/schema.org\",\"@graph\":[{\"@type\":\"WebPage\",\"@id\":\"https:\\\/\\\/labarraca1912.es\\\/tienda\\\/especias-y-condimentos\\\/ajonjoli-dorado-800g\\\/\",\"url\":\"https:\\\/\\\/labarraca1912.es\\\/tienda\\\/especias-y-condimentos\\\/ajonjoli-dorado-800g\\\/\",\"name\":\"Comprar Ajonjol\u00ed Dorado 800g | La Barraca\",\"isPartOf\":{\"@id\":\"https:\\\/\\\/labarraca1912.es\\\/#website\"},\"primaryImageOfPage\":{\"@id\":\"https:\\\/\\\/labarraca1912.es\\\/tienda\\\/especias-y-condimentos\\\/ajonjoli-dorado-800g\\\/#primaryimage\"},\"image\":{\"@id\":\"https:\\\/\\\/labarraca1912.es\\\/tienda\\\/especias-y-condimentos\\\/ajonjoli-dorado-800g\\\/#primaryimage\"},\"thumbnailUrl\":\"https:\\\/\\\/labarraca1912.es\\\/wp-content\\\/uploads\\\/ajonjolidoradogranel2025.jpg\",\"datePublished\":\"2022-05-17T06:38:52+00:00\",\"dateModified\":\"2026-03-09T08:10:16+00:00\",\"description\":\"Comprar ajonjol\u00ed dorado 800g, semillas tostadas ideales para pastas, dulces, alfajores, polvorones y pan de hamburguesa.\",\"breadcrumb\":{\"@id\":\"https:\\\/\\\/labarraca1912.es\\\/tienda\\\/especias-y-condimentos\\\/ajonjoli-dorado-800g\\\/#breadcrumb\"},\"inLanguage\":\"fr-FR\",\"potentialAction\":[{\"@type\":\"ReadAction\",\"target\":[\"https:\\\/\\\/labarraca1912.es\\\/tienda\\\/especias-y-condimentos\\\/ajonjoli-dorado-800g\\\/\"]}]},{\"@type\":\"ImageObject\",\"inLanguage\":\"fr-FR\",\"@id\":\"https:\\\/\\\/labarraca1912.es\\\/tienda\\\/especias-y-condimentos\\\/ajonjoli-dorado-800g\\\/#primaryimage\",\"url\":\"https:\\\/\\\/labarraca1912.es\\\/wp-content\\\/uploads\\\/ajonjolidoradogranel2025.jpg\",\"contentUrl\":\"https:\\\/\\\/labarraca1912.es\\\/wp-content\\\/uploads\\\/ajonjolidoradogranel2025.jpg\",\"width\":800,\"height\":800},{\"@type\":\"BreadcrumbList\",\"@id\":\"https:\\\/\\\/labarraca1912.es\\\/tienda\\\/especias-y-condimentos\\\/ajonjoli-dorado-800g\\\/#breadcrumb\",\"itemListElement\":[{\"@type\":\"ListItem\",\"position\":1,\"name\":\"La Barraca\",\"item\":\"https:\\\/\\\/labarraca1912.es\\\/\"},{\"@type\":\"ListItem\",\"position\":2,\"name\":\"Tienda\",\"item\":\"https:\\\/\\\/labarraca1912.es\\\/tienda\\\/\"},{\"@type\":\"ListItem\",\"position\":3,\"name\":\"Ajonjol\u00ed Dorado 800g\"}]},{\"@type\":\"WebSite\",\"@id\":\"https:\\\/\\\/labarraca1912.es\\\/#website\",\"url\":\"https:\\\/\\\/labarraca1912.es\\\/\",\"name\":\"La Barraca\",\"description\":\"La Casa del Sabor\",\"publisher\":{\"@id\":\"https:\\\/\\\/labarraca1912.es\\\/#organization\"},\"potentialAction\":[{\"@type\":\"SearchAction\",\"target\":{\"@type\":\"EntryPoint\",\"urlTemplate\":\"https:\\\/\\\/labarraca1912.es\\\/?s={search_term_string}\"},\"query-input\":{\"@type\":\"PropertyValueSpecification\",\"valueRequired\":true,\"valueName\":\"search_term_string\"}}],\"inLanguage\":\"fr-FR\"},{\"@type\":\"Organization\",\"@id\":\"https:\\\/\\\/labarraca1912.es\\\/#organization\",\"name\":\"La Barraca 1912 Alimentacion\",\"url\":\"https:\\\/\\\/labarraca1912.es\\\/\",\"logo\":{\"@type\":\"ImageObject\",\"inLanguage\":\"fr-FR\",\"@id\":\"https:\\\/\\\/labarraca1912.es\\\/#\\\/schema\\\/logo\\\/image\\\/\",\"url\":\"https:\\\/\\\/labarraca1912.es\\\/wp-content\\\/uploads\\\/2019\\\/06\\\/logo-labarraca.png\",\"contentUrl\":\"https:\\\/\\\/labarraca1912.es\\\/wp-content\\\/uploads\\\/2019\\\/06\\\/logo-labarraca.png\",\"width\":2917,\"height\":1809,\"caption\":\"La Barraca 1912 Alimentacion\"},\"image\":{\"@id\":\"https:\\\/\\\/labarraca1912.es\\\/#\\\/schema\\\/logo\\\/image\\\/\"}}]}<\/script>\n<!-- \/ Yoast SEO plugin. -->","yoast_head_json":{"title":"Comprar Ajonjol\u00ed Dorado 800g | La Barraca","description":"Comprar ajonjol\u00ed dorado 800g, semillas tostadas ideales para pastas, dulces, alfajores, polvorones y pan de hamburguesa.","robots":{"index":"index","follow":"follow","max-snippet":"max-snippet:-1","max-image-preview":"max-image-preview:large","max-video-preview":"max-video-preview:-1"},"canonical":"https:\/\/labarraca1912.es\/fr\/tienda\/especias-y-condimentos\/ajonjoli-dorado-800g\/","og_locale":"fr_FR","og_type":"article","og_title":"Comprar Ajonjol\u00ed Dorado 800g | La Barraca","og_description":"Comprar ajonjol\u00ed dorado 800g, semillas tostadas ideales para pastas, dulces, alfajores, polvorones y pan de hamburguesa.","og_url":"https:\/\/labarraca1912.es\/fr\/tienda\/especias-y-condimentos\/ajonjoli-dorado-800g\/","og_site_name":"La Barraca","article_modified_time":"2026-03-09T08:10:16+00:00","og_image":[{"width":800,"height":800,"url":"https:\/\/labarraca1912.es\/wp-content\/uploads\/ajonjolidoradogranel2025.jpg","type":"image\/jpeg"}],"twitter_card":"summary_large_image","twitter_misc":{"Dur\u00e9e de lecture estim\u00e9e":"1 minute"},"schema":{"@context":"https:\/\/schema.org","@graph":[{"@type":"WebPage","@id":"https:\/\/labarraca1912.es\/tienda\/especias-y-condimentos\/ajonjoli-dorado-800g\/","url":"https:\/\/labarraca1912.es\/tienda\/especias-y-condimentos\/ajonjoli-dorado-800g\/","name":"Comprar Ajonjol\u00ed Dorado 800g | La Barraca","isPartOf":{"@id":"https:\/\/labarraca1912.es\/#website"},"primaryImageOfPage":{"@id":"https:\/\/labarraca1912.es\/tienda\/especias-y-condimentos\/ajonjoli-dorado-800g\/#primaryimage"},"image":{"@id":"https:\/\/labarraca1912.es\/tienda\/especias-y-condimentos\/ajonjoli-dorado-800g\/#primaryimage"},"thumbnailUrl":"https:\/\/labarraca1912.es\/wp-content\/uploads\/ajonjolidoradogranel2025.jpg","datePublished":"2022-05-17T06:38:52+00:00","dateModified":"2026-03-09T08:10:16+00:00","description":"Comprar ajonjol\u00ed dorado 800g, semillas tostadas ideales para pastas, dulces, alfajores, polvorones y pan de hamburguesa.","breadcrumb":{"@id":"https:\/\/labarraca1912.es\/tienda\/especias-y-condimentos\/ajonjoli-dorado-800g\/#breadcrumb"},"inLanguage":"fr-FR","potentialAction":[{"@type":"ReadAction","target":["https:\/\/labarraca1912.es\/tienda\/especias-y-condimentos\/ajonjoli-dorado-800g\/"]}]},{"@type":"ImageObject","inLanguage":"fr-FR","@id":"https:\/\/labarraca1912.es\/tienda\/especias-y-condimentos\/ajonjoli-dorado-800g\/#primaryimage","url":"https:\/\/labarraca1912.es\/wp-content\/uploads\/ajonjolidoradogranel2025.jpg","contentUrl":"https:\/\/labarraca1912.es\/wp-content\/uploads\/ajonjolidoradogranel2025.jpg","width":800,"height":800},{"@type":"BreadcrumbList","@id":"https:\/\/labarraca1912.es\/tienda\/especias-y-condimentos\/ajonjoli-dorado-800g\/#breadcrumb","itemListElement":[{"@type":"ListItem","position":1,"name":"La Barraca","item":"https:\/\/labarraca1912.es\/"},{"@type":"ListItem","position":2,"name":"Tienda","item":"https:\/\/labarraca1912.es\/tienda\/"},{"@type":"ListItem","position":3,"name":"Ajonjol\u00ed Dorado 800g"}]},{"@type":"WebSite","@id":"https:\/\/labarraca1912.es\/#website","url":"https:\/\/labarraca1912.es\/","name":"La Barraca","description":"La Casa del Sabor","publisher":{"@id":"https:\/\/labarraca1912.es\/#organization"},"potentialAction":[{"@type":"SearchAction","target":{"@type":"EntryPoint","urlTemplate":"https:\/\/labarraca1912.es\/?s={search_term_string}"},"query-input":{"@type":"PropertyValueSpecification","valueRequired":true,"valueName":"search_term_string"}}],"inLanguage":"fr-FR"},{"@type":"Organization","@id":"https:\/\/labarraca1912.es\/#organization","name":"La Barraca 1912 Alimentacion","url":"https:\/\/labarraca1912.es\/","logo":{"@type":"ImageObject","inLanguage":"fr-FR","@id":"https:\/\/labarraca1912.es\/#\/schema\/logo\/image\/","url":"https:\/\/labarraca1912.es\/wp-content\/uploads\/2019\/06\/logo-labarraca.png","contentUrl":"https:\/\/labarraca1912.es\/wp-content\/uploads\/2019\/06\/logo-labarraca.png","width":2917,"height":1809,"caption":"La Barraca 1912 Alimentacion"},"image":{"@id":"https:\/\/labarraca1912.es\/#\/schema\/logo\/image\/"}}]}},"_links":{"self":[{"href":"https:\/\/labarraca1912.es\/fr\/wp-json\/wp\/v2\/product\/7898","targetHints":{"allow":["GET"]}}],"collection":[{"href":"https:\/\/labarraca1912.es\/fr\/wp-json\/wp\/v2\/product"}],"about":[{"href":"https:\/\/labarraca1912.es\/fr\/wp-json\/wp\/v2\/types\/product"}],"replies":[{"embeddable":true,"href":"https:\/\/labarraca1912.es\/fr\/wp-json\/wp\/v2\/comments?post=7898"}],"wp:featuredmedia":[{"embeddable":true,"href":"https:\/\/labarraca1912.es\/fr\/wp-json\/wp\/v2\/media\/13154"}],"wp:attachment":[{"href":"https:\/\/labarraca1912.es\/fr\/wp-json\/wp\/v2\/media?parent=7898"}],"wp:term":[{"taxonomy":"product_brand","embeddable":true,"href":"https:\/\/labarraca1912.es\/fr\/wp-json\/wp\/v2\/product_brand?post=7898"},{"taxonomy":"product_cat","embeddable":true,"href":"https:\/\/labarraca1912.es\/fr\/wp-json\/wp\/v2\/product_cat?post=7898"},{"taxonomy":"product_tag","embeddable":true,"href":"https:\/\/labarraca1912.es\/fr\/wp-json\/wp\/v2\/product_tag?post=7898"}],"curies":[{"name":"wp","href":"https:\/\/api.w.org\/{rel}","templated":true}]}}