{"id":8018,"date":"2022-07-08T12:27:18","date_gmt":"2022-07-08T10:27:18","guid":{"rendered":"https:\/\/labarraca1912.es\/?post_type=product&#038;p=8018"},"modified":"2026-03-29T13:31:45","modified_gmt":"2026-03-29T11:31:45","slug":"sazonador-paella-con-azafran-910g","status":"publish","type":"product","link":"https:\/\/labarraca1912.es\/fr\/tienda\/azafran\/sazonador-paella-con-azafran-910g\/","title":{"rendered":"Assaisonnement Paella avec Safran 910g"},"content":{"rendered":"<p>SAZONADOR PAELLA CON AZAFR\u00c1N &#8211; 910 G: El Sazonador Paella con Azafr\u00e1n o tambi\u00e9n conocido como <em>paellero<\/em> est un produit magnifique pour donner la saveur id\u00e9ale \u00e0 une paella, gr\u00e2ce \u00e0 la combinaison de diff\u00e9rents types d'\u00e9pices, d'herbes et d'assaisonnements, qui, combin\u00e9s \u00e0 la saveur et \u00e0 l'ar\u00f4me du safran, rendent cet assaisonnement indispensable dans la pr\u00e9paration d'une paella. .<\/p>\n<p><strong>Assaisonnement Paella avec Safran:<\/strong>\u00a0Assaisonnement compos\u00e9 d'un m\u00e9lange d'\u00e9pices moulues et de safran, express\u00e9ment formul\u00e9 pour la pr\u00e9paration de paellas et de riz.<\/p>","protected":false},"excerpt":{"rendered":"<blockquote>\n<h2><strong>Assaisonnement Paella avec Safran<\/strong> 910g<\/h2>\n<\/blockquote>\n<p><img decoding=\"async\" class=\"alignnone wp-image-10937\" src=\"https:\/\/labarraca1912.es\/wp-content\/uploads\/glutenfree.jpg\" alt=\"\" width=\"203\" height=\"35\" \/><\/p>\n<p>L'Assaisonnement pour Paella avec Safran est un produit magnifique pour donner la saveur id\u00e9ale \u00e0 une paella, gr\u00e2ce \u00e0 la combinaison de diff\u00e9rents types d'\u00e9pices, d'herbes et d'assaisonnements, qui, combin\u00e9s \u00e0 la saveur et \u00e0 l'ar\u00f4me du safran, rendent cet assaisonnement indispensable dans la pr\u00e9paration d'une paella. .<\/p>\n<p><em><strong>Ingr\u00e9dients:<\/strong><\/em> Colorant alimentaire (farine de Ma\u00efs, sel et colorant: Tartrazine E-102), poivre noir, thym, romarin, noix de muscade, clou de girofle, piment doux et safran (1%).<\/p>\n<p>Peut contenir des traces de <strong>SOJA<\/strong>. \"E-102: peut avoir des effets n\u00e9gatifs sur l'activit\u00e9 et l'attention des enfants\".<\/p>","protected":false},"featured_media":13648,"comment_status":"open","ping_status":"closed","template":"","meta":{"_et_pb_use_builder":"","_et_pb_old_content":"","_et_gb_content_width":""},"product_brand":[],"product_cat":[22,17,122],"product_tag":[39,35,38,70,41,36,37],"class_list":{"0":"post-8018","1":"product","2":"type-product","3":"status-publish","4":"has-post-thumbnail","6":"product_cat-sazonadores","7":"product_cat-azafran","8":"product_cat-productos-paella","9":"product_tag-arroz","10":"product_tag-azafran","11":"product_tag-colorante","12":"product_tag-conejo","13":"product_tag-gazpachos","14":"product_tag-paella","15":"product_tag-saffron","17":"first","18":"instock","19":"taxable","20":"shipping-taxable","21":"purchasable","22":"product-type-simple"},"yoast_head":"<!-- This site is optimized with the Yoast SEO plugin v27.5 - https:\/\/yoast.com\/product\/yoast-seo-wordpress\/ -->\n<title>Comprar sazonador paella con azafr\u00e1n 910g | La Barraca<\/title>\n<meta name=\"description\" content=\"Sazonador para paella con azafr\u00e1n 910g, mezcla perfecta de especias para un sabor aut\u00e9ntico. Calidad La Barraca al mejor precio.\" \/>\n<meta name=\"robots\" content=\"index, follow, max-snippet:-1, max-image-preview:large, max-video-preview:-1\" \/>\n<link rel=\"canonical\" href=\"https:\/\/labarraca1912.es\/fr\/tienda\/azafran\/sazonador-paella-con-azafran-910g\/\" \/>\n<meta property=\"og:locale\" content=\"fr_FR\" \/>\n<meta property=\"og:type\" content=\"article\" \/>\n<meta property=\"og:title\" content=\"Comprar sazonador paella con azafr\u00e1n 910g | La Barraca\" \/>\n<meta property=\"og:description\" content=\"Sazonador para paella con azafr\u00e1n 910g, mezcla perfecta de especias para un sabor aut\u00e9ntico. Calidad La Barraca al mejor precio.\" \/>\n<meta property=\"og:url\" content=\"https:\/\/labarraca1912.es\/fr\/tienda\/azafran\/sazonador-paella-con-azafran-910g\/\" \/>\n<meta property=\"og:site_name\" content=\"La Barraca\" \/>\n<meta property=\"article:modified_time\" content=\"2026-03-29T11:31:45+00:00\" \/>\n<meta property=\"og:image\" content=\"https:\/\/labarraca1912.es\/wp-content\/uploads\/sazpaellazafranbg2025.jpg\" \/>\n\t<meta property=\"og:image:width\" content=\"800\" \/>\n\t<meta property=\"og:image:height\" content=\"800\" \/>\n\t<meta property=\"og:image:type\" content=\"image\/jpeg\" \/>\n<meta name=\"twitter:card\" content=\"summary_large_image\" \/>\n<meta name=\"twitter:label1\" content=\"Dur\u00e9e de lecture estim\u00e9e\" \/>\n\t<meta name=\"twitter:data1\" content=\"1 minute\" \/>\n<script type=\"application\/ld+json\" class=\"yoast-schema-graph\">{\"@context\":\"https:\\\/\\\/schema.org\",\"@graph\":[{\"@type\":\"WebPage\",\"@id\":\"https:\\\/\\\/labarraca1912.es\\\/tienda\\\/azafran\\\/sazonador-paella-con-azafran-910g\\\/\",\"url\":\"https:\\\/\\\/labarraca1912.es\\\/tienda\\\/azafran\\\/sazonador-paella-con-azafran-910g\\\/\",\"name\":\"Comprar sazonador paella con azafr\u00e1n 910g | La Barraca\",\"isPartOf\":{\"@id\":\"https:\\\/\\\/labarraca1912.es\\\/#website\"},\"primaryImageOfPage\":{\"@id\":\"https:\\\/\\\/labarraca1912.es\\\/tienda\\\/azafran\\\/sazonador-paella-con-azafran-910g\\\/#primaryimage\"},\"image\":{\"@id\":\"https:\\\/\\\/labarraca1912.es\\\/tienda\\\/azafran\\\/sazonador-paella-con-azafran-910g\\\/#primaryimage\"},\"thumbnailUrl\":\"https:\\\/\\\/labarraca1912.es\\\/wp-content\\\/uploads\\\/sazpaellazafranbg2025.jpg\",\"datePublished\":\"2022-07-08T10:27:18+00:00\",\"dateModified\":\"2026-03-29T11:31:45+00:00\",\"description\":\"Sazonador para paella con azafr\u00e1n 910g, mezcla perfecta de especias para un sabor aut\u00e9ntico. Calidad La Barraca al mejor precio.\",\"breadcrumb\":{\"@id\":\"https:\\\/\\\/labarraca1912.es\\\/tienda\\\/azafran\\\/sazonador-paella-con-azafran-910g\\\/#breadcrumb\"},\"inLanguage\":\"fr-FR\",\"potentialAction\":[{\"@type\":\"ReadAction\",\"target\":[\"https:\\\/\\\/labarraca1912.es\\\/tienda\\\/azafran\\\/sazonador-paella-con-azafran-910g\\\/\"]}]},{\"@type\":\"ImageObject\",\"inLanguage\":\"fr-FR\",\"@id\":\"https:\\\/\\\/labarraca1912.es\\\/tienda\\\/azafran\\\/sazonador-paella-con-azafran-910g\\\/#primaryimage\",\"url\":\"https:\\\/\\\/labarraca1912.es\\\/wp-content\\\/uploads\\\/sazpaellazafranbg2025.jpg\",\"contentUrl\":\"https:\\\/\\\/labarraca1912.es\\\/wp-content\\\/uploads\\\/sazpaellazafranbg2025.jpg\",\"width\":800,\"height\":800},{\"@type\":\"BreadcrumbList\",\"@id\":\"https:\\\/\\\/labarraca1912.es\\\/tienda\\\/azafran\\\/sazonador-paella-con-azafran-910g\\\/#breadcrumb\",\"itemListElement\":[{\"@type\":\"ListItem\",\"position\":1,\"name\":\"La Barraca\",\"item\":\"https:\\\/\\\/labarraca1912.es\\\/\"},{\"@type\":\"ListItem\",\"position\":2,\"name\":\"Tienda\",\"item\":\"https:\\\/\\\/labarraca1912.es\\\/tienda\\\/\"},{\"@type\":\"ListItem\",\"position\":3,\"name\":\"Sazonador Paella con Azafr\u00e1n 910g\"}]},{\"@type\":\"WebSite\",\"@id\":\"https:\\\/\\\/labarraca1912.es\\\/#website\",\"url\":\"https:\\\/\\\/labarraca1912.es\\\/\",\"name\":\"La Barraca\",\"description\":\"La Casa del Sabor\",\"publisher\":{\"@id\":\"https:\\\/\\\/labarraca1912.es\\\/#organization\"},\"potentialAction\":[{\"@type\":\"SearchAction\",\"target\":{\"@type\":\"EntryPoint\",\"urlTemplate\":\"https:\\\/\\\/labarraca1912.es\\\/?s={search_term_string}\"},\"query-input\":{\"@type\":\"PropertyValueSpecification\",\"valueRequired\":true,\"valueName\":\"search_term_string\"}}],\"inLanguage\":\"fr-FR\"},{\"@type\":\"Organization\",\"@id\":\"https:\\\/\\\/labarraca1912.es\\\/#organization\",\"name\":\"La Barraca 1912 Alimentacion\",\"url\":\"https:\\\/\\\/labarraca1912.es\\\/\",\"logo\":{\"@type\":\"ImageObject\",\"inLanguage\":\"fr-FR\",\"@id\":\"https:\\\/\\\/labarraca1912.es\\\/#\\\/schema\\\/logo\\\/image\\\/\",\"url\":\"https:\\\/\\\/labarraca1912.es\\\/wp-content\\\/uploads\\\/2019\\\/06\\\/logo-labarraca.png\",\"contentUrl\":\"https:\\\/\\\/labarraca1912.es\\\/wp-content\\\/uploads\\\/2019\\\/06\\\/logo-labarraca.png\",\"width\":2917,\"height\":1809,\"caption\":\"La Barraca 1912 Alimentacion\"},\"image\":{\"@id\":\"https:\\\/\\\/labarraca1912.es\\\/#\\\/schema\\\/logo\\\/image\\\/\"}}]}<\/script>\n<!-- \/ Yoast SEO plugin. -->","yoast_head_json":{"title":"Comprar sazonador paella con azafr\u00e1n 910g | La Barraca","description":"Sazonador para paella con azafr\u00e1n 910g, mezcla perfecta de especias para un sabor aut\u00e9ntico. Calidad La Barraca al mejor precio.","robots":{"index":"index","follow":"follow","max-snippet":"max-snippet:-1","max-image-preview":"max-image-preview:large","max-video-preview":"max-video-preview:-1"},"canonical":"https:\/\/labarraca1912.es\/fr\/tienda\/azafran\/sazonador-paella-con-azafran-910g\/","og_locale":"fr_FR","og_type":"article","og_title":"Comprar sazonador paella con azafr\u00e1n 910g | La Barraca","og_description":"Sazonador para paella con azafr\u00e1n 910g, mezcla perfecta de especias para un sabor aut\u00e9ntico. Calidad La Barraca al mejor precio.","og_url":"https:\/\/labarraca1912.es\/fr\/tienda\/azafran\/sazonador-paella-con-azafran-910g\/","og_site_name":"La Barraca","article_modified_time":"2026-03-29T11:31:45+00:00","og_image":[{"width":800,"height":800,"url":"https:\/\/labarraca1912.es\/wp-content\/uploads\/sazpaellazafranbg2025.jpg","type":"image\/jpeg"}],"twitter_card":"summary_large_image","twitter_misc":{"Dur\u00e9e de lecture estim\u00e9e":"1 minute"},"schema":{"@context":"https:\/\/schema.org","@graph":[{"@type":"WebPage","@id":"https:\/\/labarraca1912.es\/tienda\/azafran\/sazonador-paella-con-azafran-910g\/","url":"https:\/\/labarraca1912.es\/tienda\/azafran\/sazonador-paella-con-azafran-910g\/","name":"Comprar sazonador paella con azafr\u00e1n 910g | La Barraca","isPartOf":{"@id":"https:\/\/labarraca1912.es\/#website"},"primaryImageOfPage":{"@id":"https:\/\/labarraca1912.es\/tienda\/azafran\/sazonador-paella-con-azafran-910g\/#primaryimage"},"image":{"@id":"https:\/\/labarraca1912.es\/tienda\/azafran\/sazonador-paella-con-azafran-910g\/#primaryimage"},"thumbnailUrl":"https:\/\/labarraca1912.es\/wp-content\/uploads\/sazpaellazafranbg2025.jpg","datePublished":"2022-07-08T10:27:18+00:00","dateModified":"2026-03-29T11:31:45+00:00","description":"Sazonador para paella con azafr\u00e1n 910g, mezcla perfecta de especias para un sabor aut\u00e9ntico. Calidad La Barraca al mejor precio.","breadcrumb":{"@id":"https:\/\/labarraca1912.es\/tienda\/azafran\/sazonador-paella-con-azafran-910g\/#breadcrumb"},"inLanguage":"fr-FR","potentialAction":[{"@type":"ReadAction","target":["https:\/\/labarraca1912.es\/tienda\/azafran\/sazonador-paella-con-azafran-910g\/"]}]},{"@type":"ImageObject","inLanguage":"fr-FR","@id":"https:\/\/labarraca1912.es\/tienda\/azafran\/sazonador-paella-con-azafran-910g\/#primaryimage","url":"https:\/\/labarraca1912.es\/wp-content\/uploads\/sazpaellazafranbg2025.jpg","contentUrl":"https:\/\/labarraca1912.es\/wp-content\/uploads\/sazpaellazafranbg2025.jpg","width":800,"height":800},{"@type":"BreadcrumbList","@id":"https:\/\/labarraca1912.es\/tienda\/azafran\/sazonador-paella-con-azafran-910g\/#breadcrumb","itemListElement":[{"@type":"ListItem","position":1,"name":"La Barraca","item":"https:\/\/labarraca1912.es\/"},{"@type":"ListItem","position":2,"name":"Tienda","item":"https:\/\/labarraca1912.es\/tienda\/"},{"@type":"ListItem","position":3,"name":"Sazonador Paella con Azafr\u00e1n 910g"}]},{"@type":"WebSite","@id":"https:\/\/labarraca1912.es\/#website","url":"https:\/\/labarraca1912.es\/","name":"La Barraca","description":"La Casa del Sabor","publisher":{"@id":"https:\/\/labarraca1912.es\/#organization"},"potentialAction":[{"@type":"SearchAction","target":{"@type":"EntryPoint","urlTemplate":"https:\/\/labarraca1912.es\/?s={search_term_string}"},"query-input":{"@type":"PropertyValueSpecification","valueRequired":true,"valueName":"search_term_string"}}],"inLanguage":"fr-FR"},{"@type":"Organization","@id":"https:\/\/labarraca1912.es\/#organization","name":"La Barraca 1912 Alimentacion","url":"https:\/\/labarraca1912.es\/","logo":{"@type":"ImageObject","inLanguage":"fr-FR","@id":"https:\/\/labarraca1912.es\/#\/schema\/logo\/image\/","url":"https:\/\/labarraca1912.es\/wp-content\/uploads\/2019\/06\/logo-labarraca.png","contentUrl":"https:\/\/labarraca1912.es\/wp-content\/uploads\/2019\/06\/logo-labarraca.png","width":2917,"height":1809,"caption":"La Barraca 1912 Alimentacion"},"image":{"@id":"https:\/\/labarraca1912.es\/#\/schema\/logo\/image\/"}}]}},"_links":{"self":[{"href":"https:\/\/labarraca1912.es\/fr\/wp-json\/wp\/v2\/product\/8018","targetHints":{"allow":["GET"]}}],"collection":[{"href":"https:\/\/labarraca1912.es\/fr\/wp-json\/wp\/v2\/product"}],"about":[{"href":"https:\/\/labarraca1912.es\/fr\/wp-json\/wp\/v2\/types\/product"}],"replies":[{"embeddable":true,"href":"https:\/\/labarraca1912.es\/fr\/wp-json\/wp\/v2\/comments?post=8018"}],"wp:featuredmedia":[{"embeddable":true,"href":"https:\/\/labarraca1912.es\/fr\/wp-json\/wp\/v2\/media\/13648"}],"wp:attachment":[{"href":"https:\/\/labarraca1912.es\/fr\/wp-json\/wp\/v2\/media?parent=8018"}],"wp:term":[{"taxonomy":"product_brand","embeddable":true,"href":"https:\/\/labarraca1912.es\/fr\/wp-json\/wp\/v2\/product_brand?post=8018"},{"taxonomy":"product_cat","embeddable":true,"href":"https:\/\/labarraca1912.es\/fr\/wp-json\/wp\/v2\/product_cat?post=8018"},{"taxonomy":"product_tag","embeddable":true,"href":"https:\/\/labarraca1912.es\/fr\/wp-json\/wp\/v2\/product_tag?post=8018"}],"curies":[{"name":"wp","href":"https:\/\/api.w.org\/{rel}","templated":true}]}}