{"id":8134,"date":"2022-09-20T14:30:04","date_gmt":"2022-09-20T12:30:04","guid":{"rendered":"https:\/\/labarraca1912.es\/?post_type=product&#038;p=8134"},"modified":"2026-03-27T23:51:22","modified_gmt":"2026-03-27T22:51:22","slug":"sazonador-carne","status":"publish","type":"product","link":"https:\/\/labarraca1912.es\/fr\/tienda\/sazonadores\/sazonador-carne\/","title":{"rendered":"Assaisonnement Viande"},"content":{"rendered":"<p>ASSAISONNEMENT VIANDE: Assaisonnement compos\u00e9 d'un m\u00e9lange de sel, d'\u00e9pices moulues et d'assaisonnements sp\u00e9cialement formul\u00e9s pour tous types de viandes, en rago\u00fbts, barbecues et r\u00f4tis. Dans les rago\u00fbts, on l'utilise en l'ajoutant avant la cuisson, r\u00e9duisant ainsi la teneur en sel. S'il est utilis\u00e9 dans les barbecues et les r\u00f4tis, il sera incorpor\u00e9 \u00e0 la derni\u00e8re minute.<\/p>\n<p><strong>Assaisonnement Viande: <\/strong>Utilis\u00e9 pour donner une saveur et un ar\u00f4me particuliers, id\u00e9al pour tous les types de viandes, dans les rago\u00fbts, les barbecues et les r\u00f4tis.<\/p>","protected":false},"excerpt":{"rendered":"<blockquote>\n<h2><strong>Assaisonnement Viande<\/strong><\/h2>\n<\/blockquote>\n<p><img decoding=\"async\" class=\"alignnone wp-image-10937\" src=\"https:\/\/labarraca1912.es\/wp-content\/uploads\/glutenfree.jpg\" alt=\"\" width=\"203\" height=\"35\" \/><\/p>\n<p>Assaisonnement compos\u00e9 d'un m\u00e9lange de sel, d'\u00e9pices moulues et d'assaisonnements sp\u00e9cialement formul\u00e9s pour tous types de viandes, en rago\u00fbts, barbecues et r\u00f4tis. Dans les rago\u00fbts, on l'utilise en l'ajoutant avant la cuisson, r\u00e9duisant ainsi la teneur en sel. S'il est utilis\u00e9 dans les barbecues et les r\u00f4tis, il sera incorpor\u00e9 \u00e0 la derni\u00e8re minute.<\/p>\n<p><em><strong>Ingr\u00e9dients:<\/strong><\/em> Sel, paprika, poivre, romarin, sarriette, muscade, cumin et ar\u00f4mes.<\/p>","protected":false},"featured_media":13644,"comment_status":"open","ping_status":"closed","template":"","meta":{"_et_pb_use_builder":"","_et_pb_old_content":"","_et_gb_content_width":""},"product_brand":[],"product_cat":[22],"product_tag":[170,92,169,93,119],"class_list":{"0":"post-8134","1":"product","2":"type-product","3":"status-publish","4":"has-post-thumbnail","6":"product_cat-sazonadores","7":"product_tag-amarillos","8":"product_tag-curry","9":"product_tag-pinchos","10":"product_tag-pollo","11":"product_tag-sazonador","13":"first","14":"instock","15":"taxable","16":"shipping-taxable","17":"purchasable","18":"product-type-variable"},"yoast_head":"<!-- This site is optimized with the Yoast SEO plugin v27.4 - https:\/\/yoast.com\/product\/yoast-seo-wordpress\/ -->\n<title>Comprar Sazonador Carne para asados y guisos | La Barraca<\/title>\n<meta name=\"description\" content=\"Sazonador Carne de La Barraca, mezcla de especias ideal para guisos, barbacoas y asados. Potencia el sabor de tus recetas con un toque arom\u00e1tico.\" \/>\n<meta name=\"robots\" content=\"index, follow, max-snippet:-1, max-image-preview:large, max-video-preview:-1\" \/>\n<link rel=\"canonical\" href=\"https:\/\/labarraca1912.es\/fr\/tienda\/sazonadores\/sazonador-carne\/\" \/>\n<meta property=\"og:locale\" content=\"fr_FR\" \/>\n<meta property=\"og:type\" content=\"article\" \/>\n<meta property=\"og:title\" content=\"Comprar Sazonador Carne para asados y guisos | La Barraca\" \/>\n<meta property=\"og:description\" content=\"Sazonador Carne de La Barraca, mezcla de especias ideal para guisos, barbacoas y asados. Potencia el sabor de tus recetas con un toque arom\u00e1tico.\" \/>\n<meta property=\"og:url\" content=\"https:\/\/labarraca1912.es\/fr\/tienda\/sazonadores\/sazonador-carne\/\" \/>\n<meta property=\"og:site_name\" content=\"La Barraca\" \/>\n<meta property=\"article:modified_time\" content=\"2026-03-27T22:51:22+00:00\" \/>\n<meta property=\"og:image\" content=\"https:\/\/labarraca1912.es\/wp-content\/uploads\/sazonadorcarnebh2025.jpg\" \/>\n\t<meta property=\"og:image:width\" content=\"800\" \/>\n\t<meta property=\"og:image:height\" content=\"800\" \/>\n\t<meta property=\"og:image:type\" content=\"image\/jpeg\" \/>\n<meta name=\"twitter:card\" content=\"summary_large_image\" \/>\n<meta name=\"twitter:label1\" content=\"Dur\u00e9e de lecture estim\u00e9e\" \/>\n\t<meta name=\"twitter:data1\" content=\"1 minute\" \/>\n<script type=\"application\/ld+json\" class=\"yoast-schema-graph\">{\"@context\":\"https:\\\/\\\/schema.org\",\"@graph\":[{\"@type\":\"WebPage\",\"@id\":\"https:\\\/\\\/labarraca1912.es\\\/tienda\\\/sazonadores\\\/sazonador-carne\\\/\",\"url\":\"https:\\\/\\\/labarraca1912.es\\\/tienda\\\/sazonadores\\\/sazonador-carne\\\/\",\"name\":\"Comprar Sazonador Carne para asados y guisos | La Barraca\",\"isPartOf\":{\"@id\":\"https:\\\/\\\/labarraca1912.es\\\/#website\"},\"primaryImageOfPage\":{\"@id\":\"https:\\\/\\\/labarraca1912.es\\\/tienda\\\/sazonadores\\\/sazonador-carne\\\/#primaryimage\"},\"image\":{\"@id\":\"https:\\\/\\\/labarraca1912.es\\\/tienda\\\/sazonadores\\\/sazonador-carne\\\/#primaryimage\"},\"thumbnailUrl\":\"https:\\\/\\\/labarraca1912.es\\\/wp-content\\\/uploads\\\/sazonadorcarnebh2025.jpg\",\"datePublished\":\"2022-09-20T12:30:04+00:00\",\"dateModified\":\"2026-03-27T22:51:22+00:00\",\"description\":\"Sazonador Carne de La Barraca, mezcla de especias ideal para guisos, barbacoas y asados. Potencia el sabor de tus recetas con un toque arom\u00e1tico.\",\"breadcrumb\":{\"@id\":\"https:\\\/\\\/labarraca1912.es\\\/tienda\\\/sazonadores\\\/sazonador-carne\\\/#breadcrumb\"},\"inLanguage\":\"fr-FR\",\"potentialAction\":[{\"@type\":\"ReadAction\",\"target\":[\"https:\\\/\\\/labarraca1912.es\\\/tienda\\\/sazonadores\\\/sazonador-carne\\\/\"]}]},{\"@type\":\"ImageObject\",\"inLanguage\":\"fr-FR\",\"@id\":\"https:\\\/\\\/labarraca1912.es\\\/tienda\\\/sazonadores\\\/sazonador-carne\\\/#primaryimage\",\"url\":\"https:\\\/\\\/labarraca1912.es\\\/wp-content\\\/uploads\\\/sazonadorcarnebh2025.jpg\",\"contentUrl\":\"https:\\\/\\\/labarraca1912.es\\\/wp-content\\\/uploads\\\/sazonadorcarnebh2025.jpg\",\"width\":800,\"height\":800},{\"@type\":\"BreadcrumbList\",\"@id\":\"https:\\\/\\\/labarraca1912.es\\\/tienda\\\/sazonadores\\\/sazonador-carne\\\/#breadcrumb\",\"itemListElement\":[{\"@type\":\"ListItem\",\"position\":1,\"name\":\"La Barraca\",\"item\":\"https:\\\/\\\/labarraca1912.es\\\/\"},{\"@type\":\"ListItem\",\"position\":2,\"name\":\"Tienda\",\"item\":\"https:\\\/\\\/labarraca1912.es\\\/tienda\\\/\"},{\"@type\":\"ListItem\",\"position\":3,\"name\":\"Sazonador Carne\"}]},{\"@type\":\"WebSite\",\"@id\":\"https:\\\/\\\/labarraca1912.es\\\/#website\",\"url\":\"https:\\\/\\\/labarraca1912.es\\\/\",\"name\":\"La Barraca\",\"description\":\"La Casa del Sabor\",\"publisher\":{\"@id\":\"https:\\\/\\\/labarraca1912.es\\\/#organization\"},\"potentialAction\":[{\"@type\":\"SearchAction\",\"target\":{\"@type\":\"EntryPoint\",\"urlTemplate\":\"https:\\\/\\\/labarraca1912.es\\\/?s={search_term_string}\"},\"query-input\":{\"@type\":\"PropertyValueSpecification\",\"valueRequired\":true,\"valueName\":\"search_term_string\"}}],\"inLanguage\":\"fr-FR\"},{\"@type\":\"Organization\",\"@id\":\"https:\\\/\\\/labarraca1912.es\\\/#organization\",\"name\":\"La Barraca 1912 Alimentacion\",\"url\":\"https:\\\/\\\/labarraca1912.es\\\/\",\"logo\":{\"@type\":\"ImageObject\",\"inLanguage\":\"fr-FR\",\"@id\":\"https:\\\/\\\/labarraca1912.es\\\/#\\\/schema\\\/logo\\\/image\\\/\",\"url\":\"https:\\\/\\\/labarraca1912.es\\\/wp-content\\\/uploads\\\/2019\\\/06\\\/logo-labarraca.png\",\"contentUrl\":\"https:\\\/\\\/labarraca1912.es\\\/wp-content\\\/uploads\\\/2019\\\/06\\\/logo-labarraca.png\",\"width\":2917,\"height\":1809,\"caption\":\"La Barraca 1912 Alimentacion\"},\"image\":{\"@id\":\"https:\\\/\\\/labarraca1912.es\\\/#\\\/schema\\\/logo\\\/image\\\/\"}}]}<\/script>\n<!-- \/ Yoast SEO plugin. -->","yoast_head_json":{"title":"Comprar Sazonador Carne para asados y guisos | La Barraca","description":"Sazonador Carne de La Barraca, mezcla de especias ideal para guisos, barbacoas y asados. Potencia el sabor de tus recetas con un toque arom\u00e1tico.","robots":{"index":"index","follow":"follow","max-snippet":"max-snippet:-1","max-image-preview":"max-image-preview:large","max-video-preview":"max-video-preview:-1"},"canonical":"https:\/\/labarraca1912.es\/fr\/tienda\/sazonadores\/sazonador-carne\/","og_locale":"fr_FR","og_type":"article","og_title":"Comprar Sazonador Carne para asados y guisos | La Barraca","og_description":"Sazonador Carne de La Barraca, mezcla de especias ideal para guisos, barbacoas y asados. Potencia el sabor de tus recetas con un toque arom\u00e1tico.","og_url":"https:\/\/labarraca1912.es\/fr\/tienda\/sazonadores\/sazonador-carne\/","og_site_name":"La Barraca","article_modified_time":"2026-03-27T22:51:22+00:00","og_image":[{"width":800,"height":800,"url":"https:\/\/labarraca1912.es\/wp-content\/uploads\/sazonadorcarnebh2025.jpg","type":"image\/jpeg"}],"twitter_card":"summary_large_image","twitter_misc":{"Dur\u00e9e de lecture estim\u00e9e":"1 minute"},"schema":{"@context":"https:\/\/schema.org","@graph":[{"@type":"WebPage","@id":"https:\/\/labarraca1912.es\/tienda\/sazonadores\/sazonador-carne\/","url":"https:\/\/labarraca1912.es\/tienda\/sazonadores\/sazonador-carne\/","name":"Comprar Sazonador Carne para asados y guisos | La Barraca","isPartOf":{"@id":"https:\/\/labarraca1912.es\/#website"},"primaryImageOfPage":{"@id":"https:\/\/labarraca1912.es\/tienda\/sazonadores\/sazonador-carne\/#primaryimage"},"image":{"@id":"https:\/\/labarraca1912.es\/tienda\/sazonadores\/sazonador-carne\/#primaryimage"},"thumbnailUrl":"https:\/\/labarraca1912.es\/wp-content\/uploads\/sazonadorcarnebh2025.jpg","datePublished":"2022-09-20T12:30:04+00:00","dateModified":"2026-03-27T22:51:22+00:00","description":"Sazonador Carne de La Barraca, mezcla de especias ideal para guisos, barbacoas y asados. Potencia el sabor de tus recetas con un toque arom\u00e1tico.","breadcrumb":{"@id":"https:\/\/labarraca1912.es\/tienda\/sazonadores\/sazonador-carne\/#breadcrumb"},"inLanguage":"fr-FR","potentialAction":[{"@type":"ReadAction","target":["https:\/\/labarraca1912.es\/tienda\/sazonadores\/sazonador-carne\/"]}]},{"@type":"ImageObject","inLanguage":"fr-FR","@id":"https:\/\/labarraca1912.es\/tienda\/sazonadores\/sazonador-carne\/#primaryimage","url":"https:\/\/labarraca1912.es\/wp-content\/uploads\/sazonadorcarnebh2025.jpg","contentUrl":"https:\/\/labarraca1912.es\/wp-content\/uploads\/sazonadorcarnebh2025.jpg","width":800,"height":800},{"@type":"BreadcrumbList","@id":"https:\/\/labarraca1912.es\/tienda\/sazonadores\/sazonador-carne\/#breadcrumb","itemListElement":[{"@type":"ListItem","position":1,"name":"La Barraca","item":"https:\/\/labarraca1912.es\/"},{"@type":"ListItem","position":2,"name":"Tienda","item":"https:\/\/labarraca1912.es\/tienda\/"},{"@type":"ListItem","position":3,"name":"Sazonador Carne"}]},{"@type":"WebSite","@id":"https:\/\/labarraca1912.es\/#website","url":"https:\/\/labarraca1912.es\/","name":"La Barraca","description":"La Casa del Sabor","publisher":{"@id":"https:\/\/labarraca1912.es\/#organization"},"potentialAction":[{"@type":"SearchAction","target":{"@type":"EntryPoint","urlTemplate":"https:\/\/labarraca1912.es\/?s={search_term_string}"},"query-input":{"@type":"PropertyValueSpecification","valueRequired":true,"valueName":"search_term_string"}}],"inLanguage":"fr-FR"},{"@type":"Organization","@id":"https:\/\/labarraca1912.es\/#organization","name":"La Barraca 1912 Alimentacion","url":"https:\/\/labarraca1912.es\/","logo":{"@type":"ImageObject","inLanguage":"fr-FR","@id":"https:\/\/labarraca1912.es\/#\/schema\/logo\/image\/","url":"https:\/\/labarraca1912.es\/wp-content\/uploads\/2019\/06\/logo-labarraca.png","contentUrl":"https:\/\/labarraca1912.es\/wp-content\/uploads\/2019\/06\/logo-labarraca.png","width":2917,"height":1809,"caption":"La Barraca 1912 Alimentacion"},"image":{"@id":"https:\/\/labarraca1912.es\/#\/schema\/logo\/image\/"}}]}},"_links":{"self":[{"href":"https:\/\/labarraca1912.es\/fr\/wp-json\/wp\/v2\/product\/8134","targetHints":{"allow":["GET"]}}],"collection":[{"href":"https:\/\/labarraca1912.es\/fr\/wp-json\/wp\/v2\/product"}],"about":[{"href":"https:\/\/labarraca1912.es\/fr\/wp-json\/wp\/v2\/types\/product"}],"replies":[{"embeddable":true,"href":"https:\/\/labarraca1912.es\/fr\/wp-json\/wp\/v2\/comments?post=8134"}],"wp:featuredmedia":[{"embeddable":true,"href":"https:\/\/labarraca1912.es\/fr\/wp-json\/wp\/v2\/media\/13644"}],"wp:attachment":[{"href":"https:\/\/labarraca1912.es\/fr\/wp-json\/wp\/v2\/media?parent=8134"}],"wp:term":[{"taxonomy":"product_brand","embeddable":true,"href":"https:\/\/labarraca1912.es\/fr\/wp-json\/wp\/v2\/product_brand?post=8134"},{"taxonomy":"product_cat","embeddable":true,"href":"https:\/\/labarraca1912.es\/fr\/wp-json\/wp\/v2\/product_cat?post=8134"},{"taxonomy":"product_tag","embeddable":true,"href":"https:\/\/labarraca1912.es\/fr\/wp-json\/wp\/v2\/product_tag?post=8134"}],"curies":[{"name":"wp","href":"https:\/\/api.w.org\/{rel}","templated":true}]}}