{"id":83,"date":"2019-06-26T14:33:27","date_gmt":"2019-06-26T12:33:27","guid":{"rendered":"https:\/\/labarraca1912.es\/?post_type=product&#038;p=83"},"modified":"2026-03-09T11:14:56","modified_gmt":"2026-03-09T10:14:56","slug":"gin-floral-spicy","status":"publish","type":"product","link":"https:\/\/labarraca1912.es\/fr\/tienda\/botanicos-cocteles\/gin-floral-spicy\/","title":{"rendered":"Gin Floral Spicy"},"content":{"rendered":"<p>BOTANICAL COLLECTION &#8211; FLORAL SPICY: La Barraca ha creado <strong>Botanical Collection<\/strong> afin que vous puissiez profiter de votre boisson comme vous ne l'avez jamais fait auparavant. Une s\u00e9lection de plantes cr\u00e9\u00e9es pour procurer des sensations uniques \u00e0 votre m\u00e9lange. Vous pouvez combiner nos plantes \u00e0 votre guise et savourer chaque gorg\u00e9e de votre verre.<\/p>\n<p><strong>Baies de Geni\u00e8vre<\/strong>: Les baies de geni\u00e8vre donnent \u00e0 votre verre une saveur l\u00e9g\u00e8rement am\u00e8re avec des nuances sucr\u00e9es et citronn\u00e9es. Nous conseillons normalement d'utiliser 4 \u00e0 6 baies pour chaque consommation, en pressant doucement chaque baie pour lib\u00e9rer les huiles essentielles.<\/p>\n<p><strong>Cardamome<\/strong>: La Cardamome est une graine verte \u00e0 l'ar\u00f4me prononc\u00e9, id\u00e9ale pour le Gin-Tonic. Vous pouvez rehausser la saveur en broyant la graine, mais elle perd sa touche d\u00e9corative.<\/p>\n<p><strong>Fleur d\u00b4Hibiscus<\/strong>: La Fleur d'Hibiscus donnera \u00e0 votre Gin-Tonic une couleur rouge\u00e2tre, outre sa saveur de fruits rouges et son ar\u00f4me floral.<\/p>","protected":false},"excerpt":{"rendered":"<blockquote>\n<h2><strong>Botanical Collection<\/strong> Gin Tonic<\/h2>\n<\/blockquote>\n<p>La Barraca Alimentaci\u00f3n a cr\u00e9\u00e9 la Collection Botanique, express\u00e9ment destin\u00e9e \u00e0 ceux qui ne sont pas satisfaits et souhaitent faire de leur boisson un nouveau monde de saveurs gr\u00e2ce aux plantes. C'est un cadeau parfait ou une acquisition pour votre propre consommation qui surprendra tout le monde.<\/p>\n<p>Une s\u00e9lection minutieuse de plantes, qui procureront des sensations uniques jamais ressenties dans votre verre. Soyez votre propre mixologue, utilisez nos plantes, combinez-les comme vous le souhaitez et surprenez vos invit\u00e9s avec vos cr\u00e9ations.<\/p>\n<p><em><strong>PACK COMPOS\u00c9 DE:<\/strong><\/em><\/p>\n<ul>\n<li><strong>Baies de Geni\u00e8vre 24g<\/strong>\n<ul>\n<li><em><strong>Ingr\u00e9dients:<\/strong><\/em> Baies de geni\u00e8vre.<\/li>\n<\/ul>\n<\/li>\n<li><strong>Cardamome 24g<\/strong>\n<ul>\n<li><em><strong>Ingr\u00e9dients:<\/strong><\/em> Cardamome.<\/li>\n<\/ul>\n<\/li>\n<li><strong>Fleur d\u00b4Hibiscus 8g<\/strong>\n<ul>\n<li><em><strong>Ingr\u00e9dients:<\/strong><\/em> Fleur de hibiscus. Peut contenir des traces d\u00b4 <strong>ARACHIDE<\/strong>.<\/li>\n<\/ul>\n<\/li>\n<\/ul>","protected":false},"featured_media":13523,"comment_status":"open","ping_status":"closed","template":"","meta":{"_et_pb_use_builder":"off","_et_pb_old_content":"BOTANICAL COLLECTION - FLORAL SPICY: La Barraca ha creado <strong>Botanical Collection<\/strong> para que disfrutes de tu copa como nunca lo hab\u00edas hecho. Una selecci\u00f3n de bot\u00e1nicos creada para aportar sensaciones \u00fanicas a tu combinado. Podr\u00e1s combinar nuestros bot\u00e1nicos como desees y saborear cada trago de tu copa.\r\n\r\n<strong>Bayas de Enebro<\/strong>: Las Bayas de Enebro le otorgan un sabor ligeramente amargo con matices dulces y c\u00edtricos a tu copa. Normalmente aconsejamos usar de 4 a 6 bayas para cada consumici\u00f3n, presionando cada baya suavemente para que suelte los aceites esenciales.\r\n\r\n<strong>Cardamomo<\/strong>: El Cardamomo es una semilla de color verde y aroma acentuado, ideal para el Gin-Tonic. Puedes potenciar el sabor moliendo la semilla, pero pierde su toque decorativo.\r\n\r\n<strong>Flor de Hibisco<\/strong>: La Flor de Hibisco dotar\u00e1 a tu Gin-Tonic de un color rojizo, aparte de su sabor a frutos rojos y su aroma floral.","_et_gb_content_width":""},"product_brand":[],"product_cat":[24],"product_tag":[27,28,29,30],"class_list":{"0":"post-83","1":"product","2":"type-product","3":"status-publish","4":"has-post-thumbnail","6":"product_cat-botanicos-cocteles","7":"product_tag-botanicos","8":"product_tag-cocteles","9":"product_tag-ginebra","10":"product_tag-gintonic","12":"first","13":"instock","14":"taxable","15":"shipping-taxable","16":"purchasable","17":"product-type-simple"},"yoast_head":"<!-- This site is optimized with the Yoast SEO plugin v27.4 - https:\/\/yoast.com\/product\/yoast-seo-wordpress\/ -->\n<title>Gin Floral Spicy - La Barraca<\/title>\n<meta name=\"robots\" content=\"index, follow, max-snippet:-1, max-image-preview:large, max-video-preview:-1\" \/>\n<link rel=\"canonical\" href=\"https:\/\/labarraca1912.es\/fr\/tienda\/botanicos-cocteles\/gin-floral-spicy\/\" \/>\n<meta property=\"og:locale\" content=\"fr_FR\" \/>\n<meta property=\"og:type\" content=\"article\" \/>\n<meta property=\"og:title\" content=\"Gin Floral Spicy - La Barraca\" \/>\n<meta property=\"og:description\" content=\"Botanical Collection Gin Tonic  La Barraca Alimentaci\u00f3n ha creado Botanical Collection, destinada expresamente para aquellos que no se conforman y quieren hacer de su copa un nuevo mundo de sabores gracias a los bot\u00e1nicos. Se trata de un regalo perfecto o una adquisici\u00f3n para propio consumo que sorprender\u00e1 a todos.  Una selecci\u00f3n minuciosa de bot\u00e1nicos, que aportar\u00e1n unas sensaciones \u00fanicas jam\u00e1s experimentadas en tu copa. S\u00e9 tu propio coctelero, utilizando nuestros bot\u00e1nicos, combin\u00e1ndolos como quieras y sorprende a tus invitados con tus creaciones.  PACK COMPUESTO DE:   Bayas de Enebro 24g   Ingredientes: Bayas de enebro.    Cardamomo Grano 24g   Ingredientes: Cardamomo grano.    Flor de Hibisco 8g   Ingredientes: Flor de hibisco. Puede contener trazas de CACAHUETES.\" \/>\n<meta property=\"og:url\" content=\"https:\/\/labarraca1912.es\/fr\/tienda\/botanicos-cocteles\/gin-floral-spicy\/\" \/>\n<meta property=\"og:site_name\" content=\"La Barraca\" \/>\n<meta property=\"article:modified_time\" content=\"2026-03-09T10:14:56+00:00\" \/>\n<meta property=\"og:image\" content=\"https:\/\/labarraca1912.es\/wp-content\/uploads\/floralspicy2025.jpg\" \/>\n\t<meta property=\"og:image:width\" content=\"800\" \/>\n\t<meta property=\"og:image:height\" content=\"800\" \/>\n\t<meta property=\"og:image:type\" content=\"image\/jpeg\" \/>\n<meta name=\"twitter:card\" content=\"summary_large_image\" \/>\n<meta name=\"twitter:label1\" content=\"Dur\u00e9e de lecture estim\u00e9e\" \/>\n\t<meta name=\"twitter:data1\" content=\"1 minute\" \/>\n<script type=\"application\/ld+json\" class=\"yoast-schema-graph\">{\"@context\":\"https:\\\/\\\/schema.org\",\"@graph\":[{\"@type\":\"WebPage\",\"@id\":\"https:\\\/\\\/labarraca1912.es\\\/tienda\\\/botanicos-cocteles\\\/gin-floral-spicy\\\/\",\"url\":\"https:\\\/\\\/labarraca1912.es\\\/tienda\\\/botanicos-cocteles\\\/gin-floral-spicy\\\/\",\"name\":\"Gin Floral Spicy - La Barraca\",\"isPartOf\":{\"@id\":\"https:\\\/\\\/labarraca1912.es\\\/#website\"},\"primaryImageOfPage\":{\"@id\":\"https:\\\/\\\/labarraca1912.es\\\/tienda\\\/botanicos-cocteles\\\/gin-floral-spicy\\\/#primaryimage\"},\"image\":{\"@id\":\"https:\\\/\\\/labarraca1912.es\\\/tienda\\\/botanicos-cocteles\\\/gin-floral-spicy\\\/#primaryimage\"},\"thumbnailUrl\":\"https:\\\/\\\/labarraca1912.es\\\/wp-content\\\/uploads\\\/floralspicy2025.jpg\",\"datePublished\":\"2019-06-26T12:33:27+00:00\",\"dateModified\":\"2026-03-09T10:14:56+00:00\",\"breadcrumb\":{\"@id\":\"https:\\\/\\\/labarraca1912.es\\\/tienda\\\/botanicos-cocteles\\\/gin-floral-spicy\\\/#breadcrumb\"},\"inLanguage\":\"fr-FR\",\"potentialAction\":[{\"@type\":\"ReadAction\",\"target\":[\"https:\\\/\\\/labarraca1912.es\\\/tienda\\\/botanicos-cocteles\\\/gin-floral-spicy\\\/\"]}]},{\"@type\":\"ImageObject\",\"inLanguage\":\"fr-FR\",\"@id\":\"https:\\\/\\\/labarraca1912.es\\\/tienda\\\/botanicos-cocteles\\\/gin-floral-spicy\\\/#primaryimage\",\"url\":\"https:\\\/\\\/labarraca1912.es\\\/wp-content\\\/uploads\\\/floralspicy2025.jpg\",\"contentUrl\":\"https:\\\/\\\/labarraca1912.es\\\/wp-content\\\/uploads\\\/floralspicy2025.jpg\",\"width\":800,\"height\":800},{\"@type\":\"BreadcrumbList\",\"@id\":\"https:\\\/\\\/labarraca1912.es\\\/tienda\\\/botanicos-cocteles\\\/gin-floral-spicy\\\/#breadcrumb\",\"itemListElement\":[{\"@type\":\"ListItem\",\"position\":1,\"name\":\"La Barraca\",\"item\":\"https:\\\/\\\/labarraca1912.es\\\/\"},{\"@type\":\"ListItem\",\"position\":2,\"name\":\"Tienda\",\"item\":\"https:\\\/\\\/labarraca1912.es\\\/tienda\\\/\"},{\"@type\":\"ListItem\",\"position\":3,\"name\":\"Gin Floral Spicy\"}]},{\"@type\":\"WebSite\",\"@id\":\"https:\\\/\\\/labarraca1912.es\\\/#website\",\"url\":\"https:\\\/\\\/labarraca1912.es\\\/\",\"name\":\"La Barraca\",\"description\":\"La Casa del Sabor\",\"publisher\":{\"@id\":\"https:\\\/\\\/labarraca1912.es\\\/#organization\"},\"potentialAction\":[{\"@type\":\"SearchAction\",\"target\":{\"@type\":\"EntryPoint\",\"urlTemplate\":\"https:\\\/\\\/labarraca1912.es\\\/?s={search_term_string}\"},\"query-input\":{\"@type\":\"PropertyValueSpecification\",\"valueRequired\":true,\"valueName\":\"search_term_string\"}}],\"inLanguage\":\"fr-FR\"},{\"@type\":\"Organization\",\"@id\":\"https:\\\/\\\/labarraca1912.es\\\/#organization\",\"name\":\"La Barraca 1912 Alimentacion\",\"url\":\"https:\\\/\\\/labarraca1912.es\\\/\",\"logo\":{\"@type\":\"ImageObject\",\"inLanguage\":\"fr-FR\",\"@id\":\"https:\\\/\\\/labarraca1912.es\\\/#\\\/schema\\\/logo\\\/image\\\/\",\"url\":\"https:\\\/\\\/labarraca1912.es\\\/wp-content\\\/uploads\\\/2019\\\/06\\\/logo-labarraca.png\",\"contentUrl\":\"https:\\\/\\\/labarraca1912.es\\\/wp-content\\\/uploads\\\/2019\\\/06\\\/logo-labarraca.png\",\"width\":2917,\"height\":1809,\"caption\":\"La Barraca 1912 Alimentacion\"},\"image\":{\"@id\":\"https:\\\/\\\/labarraca1912.es\\\/#\\\/schema\\\/logo\\\/image\\\/\"}}]}<\/script>\n<!-- \/ Yoast SEO plugin. -->","yoast_head_json":{"title":"Gin Floral Spicy - La Barraca","robots":{"index":"index","follow":"follow","max-snippet":"max-snippet:-1","max-image-preview":"max-image-preview:large","max-video-preview":"max-video-preview:-1"},"canonical":"https:\/\/labarraca1912.es\/fr\/tienda\/botanicos-cocteles\/gin-floral-spicy\/","og_locale":"fr_FR","og_type":"article","og_title":"Gin Floral Spicy - La Barraca","og_description":"Botanical Collection Gin Tonic  La Barraca Alimentaci\u00f3n ha creado Botanical Collection, destinada expresamente para aquellos que no se conforman y quieren hacer de su copa un nuevo mundo de sabores gracias a los bot\u00e1nicos. Se trata de un regalo perfecto o una adquisici\u00f3n para propio consumo que sorprender\u00e1 a todos.  Una selecci\u00f3n minuciosa de bot\u00e1nicos, que aportar\u00e1n unas sensaciones \u00fanicas jam\u00e1s experimentadas en tu copa. S\u00e9 tu propio coctelero, utilizando nuestros bot\u00e1nicos, combin\u00e1ndolos como quieras y sorprende a tus invitados con tus creaciones.  PACK COMPUESTO DE:   Bayas de Enebro 24g   Ingredientes: Bayas de enebro.    Cardamomo Grano 24g   Ingredientes: Cardamomo grano.    Flor de Hibisco 8g   Ingredientes: Flor de hibisco. Puede contener trazas de CACAHUETES.","og_url":"https:\/\/labarraca1912.es\/fr\/tienda\/botanicos-cocteles\/gin-floral-spicy\/","og_site_name":"La Barraca","article_modified_time":"2026-03-09T10:14:56+00:00","og_image":[{"width":800,"height":800,"url":"https:\/\/labarraca1912.es\/wp-content\/uploads\/floralspicy2025.jpg","type":"image\/jpeg"}],"twitter_card":"summary_large_image","twitter_misc":{"Dur\u00e9e de lecture estim\u00e9e":"1 minute"},"schema":{"@context":"https:\/\/schema.org","@graph":[{"@type":"WebPage","@id":"https:\/\/labarraca1912.es\/tienda\/botanicos-cocteles\/gin-floral-spicy\/","url":"https:\/\/labarraca1912.es\/tienda\/botanicos-cocteles\/gin-floral-spicy\/","name":"Gin Floral Spicy - La Barraca","isPartOf":{"@id":"https:\/\/labarraca1912.es\/#website"},"primaryImageOfPage":{"@id":"https:\/\/labarraca1912.es\/tienda\/botanicos-cocteles\/gin-floral-spicy\/#primaryimage"},"image":{"@id":"https:\/\/labarraca1912.es\/tienda\/botanicos-cocteles\/gin-floral-spicy\/#primaryimage"},"thumbnailUrl":"https:\/\/labarraca1912.es\/wp-content\/uploads\/floralspicy2025.jpg","datePublished":"2019-06-26T12:33:27+00:00","dateModified":"2026-03-09T10:14:56+00:00","breadcrumb":{"@id":"https:\/\/labarraca1912.es\/tienda\/botanicos-cocteles\/gin-floral-spicy\/#breadcrumb"},"inLanguage":"fr-FR","potentialAction":[{"@type":"ReadAction","target":["https:\/\/labarraca1912.es\/tienda\/botanicos-cocteles\/gin-floral-spicy\/"]}]},{"@type":"ImageObject","inLanguage":"fr-FR","@id":"https:\/\/labarraca1912.es\/tienda\/botanicos-cocteles\/gin-floral-spicy\/#primaryimage","url":"https:\/\/labarraca1912.es\/wp-content\/uploads\/floralspicy2025.jpg","contentUrl":"https:\/\/labarraca1912.es\/wp-content\/uploads\/floralspicy2025.jpg","width":800,"height":800},{"@type":"BreadcrumbList","@id":"https:\/\/labarraca1912.es\/tienda\/botanicos-cocteles\/gin-floral-spicy\/#breadcrumb","itemListElement":[{"@type":"ListItem","position":1,"name":"La Barraca","item":"https:\/\/labarraca1912.es\/"},{"@type":"ListItem","position":2,"name":"Tienda","item":"https:\/\/labarraca1912.es\/tienda\/"},{"@type":"ListItem","position":3,"name":"Gin Floral Spicy"}]},{"@type":"WebSite","@id":"https:\/\/labarraca1912.es\/#website","url":"https:\/\/labarraca1912.es\/","name":"La Barraca","description":"La Casa del Sabor","publisher":{"@id":"https:\/\/labarraca1912.es\/#organization"},"potentialAction":[{"@type":"SearchAction","target":{"@type":"EntryPoint","urlTemplate":"https:\/\/labarraca1912.es\/?s={search_term_string}"},"query-input":{"@type":"PropertyValueSpecification","valueRequired":true,"valueName":"search_term_string"}}],"inLanguage":"fr-FR"},{"@type":"Organization","@id":"https:\/\/labarraca1912.es\/#organization","name":"La Barraca 1912 Alimentacion","url":"https:\/\/labarraca1912.es\/","logo":{"@type":"ImageObject","inLanguage":"fr-FR","@id":"https:\/\/labarraca1912.es\/#\/schema\/logo\/image\/","url":"https:\/\/labarraca1912.es\/wp-content\/uploads\/2019\/06\/logo-labarraca.png","contentUrl":"https:\/\/labarraca1912.es\/wp-content\/uploads\/2019\/06\/logo-labarraca.png","width":2917,"height":1809,"caption":"La Barraca 1912 Alimentacion"},"image":{"@id":"https:\/\/labarraca1912.es\/#\/schema\/logo\/image\/"}}]}},"_links":{"self":[{"href":"https:\/\/labarraca1912.es\/fr\/wp-json\/wp\/v2\/product\/83","targetHints":{"allow":["GET"]}}],"collection":[{"href":"https:\/\/labarraca1912.es\/fr\/wp-json\/wp\/v2\/product"}],"about":[{"href":"https:\/\/labarraca1912.es\/fr\/wp-json\/wp\/v2\/types\/product"}],"replies":[{"embeddable":true,"href":"https:\/\/labarraca1912.es\/fr\/wp-json\/wp\/v2\/comments?post=83"}],"wp:featuredmedia":[{"embeddable":true,"href":"https:\/\/labarraca1912.es\/fr\/wp-json\/wp\/v2\/media\/13523"}],"wp:attachment":[{"href":"https:\/\/labarraca1912.es\/fr\/wp-json\/wp\/v2\/media?parent=83"}],"wp:term":[{"taxonomy":"product_brand","embeddable":true,"href":"https:\/\/labarraca1912.es\/fr\/wp-json\/wp\/v2\/product_brand?post=83"},{"taxonomy":"product_cat","embeddable":true,"href":"https:\/\/labarraca1912.es\/fr\/wp-json\/wp\/v2\/product_cat?post=83"},{"taxonomy":"product_tag","embeddable":true,"href":"https:\/\/labarraca1912.es\/fr\/wp-json\/wp\/v2\/product_tag?post=83"}],"curies":[{"name":"wp","href":"https:\/\/api.w.org\/{rel}","templated":true}]}}