{"id":8359,"date":"2022-11-22T11:03:55","date_gmt":"2022-11-22T10:03:55","guid":{"rendered":"https:\/\/labarraca1912.es\/?post_type=product&#038;p=8359"},"modified":"2026-03-09T09:06:19","modified_gmt":"2026-03-09T08:06:19","slug":"pack-regalo-3","status":"publish","type":"product","link":"https:\/\/labarraca1912.es\/fr\/tienda\/productos-complementarios\/pack-regalo-3\/","title":{"rendered":"Coffret Cadeau"},"content":{"rendered":"<p>Coffret Cadeau: La Barraca Alimentaci\u00f3n vous propose ce coffret cadeau contenant une vari\u00e9t\u00e9 d'\u00e9pices, d'assaisonnements, de safran, d'infusions et d'autres produits. Un m\u00e9lange de saveurs, d'ar\u00f4mes et d'odeurs incontournables dans une cuisine. Pack compos\u00e9 des produits suivants:<\/p>\n<p><strong>1 Bo\u00eete en M\u00e9tal Piment Doux \"Or\":<\/strong> Il s'agit d'un assaisonnement en poudre de couleur rouge et de saveur caract\u00e9ristique obtenu par s\u00e9chage et broyage de certaines vari\u00e9t\u00e9s de poivrons rouges. Il apporte une touche tr\u00e8s particuli\u00e8re aux plats auxquels il est ajout\u00e9, comme le riz, les paellas, les pommes de terre, la marinade de chorizo \u200b\u200bou le poulpe \u00e0 la galicienne.<\/p>\n<p><strong>1 Bo\u00eete en M\u00e9tal Piment Picant \"Or\":<\/strong> Il s'agit d'un assaisonnement en poudre de couleur rouge et de saveur caract\u00e9ristique obtenu par le s\u00e9chage et le broyage de certaines vari\u00e9t\u00e9s de piments rouges. Il apporte une touche tr\u00e8s particuli\u00e8re aux plats auxquels il est ajout\u00e9, comme le riz, les paellas, les pommes de terre, la marinade de chorizo \u200b\u200bou le poulpe \u00e0 la galicienne.<\/p>\n<p><strong>1 Bo\u00eete en M\u00e9tal Piment Doux Fum\u00e9:<\/strong> Il s'agit d'un assaisonnement en poudre de couleur rouge et de saveur caract\u00e9ristique obtenu par s\u00e9chage et broyage de certaines vari\u00e9t\u00e9s de poivrons rouges fum\u00e9s dans des s\u00e9choirs au feu de bois.<\/p>\n<p><strong>1 Bo\u00eete de 4 Sachets Safran Filaments et 1 Bo\u00efte de Safran Moulu:<\/strong> Le safran est l\u2019une des \u00e9pices les plus appr\u00e9ci\u00e9es et utilis\u00e9es depuis l\u2019Antiquit\u00e9, tant pour sa saveur que pour son ar\u00f4me. Utilis\u00e9 dans le riz, les paellas, les arroz a banda, les risottos, les p\u00e2tes, les soupes, les poissons, les fruits de mer, les sauces auxquelles le safran apportera un ar\u00f4me, une saveur et une couleur dor\u00e9e.<\/p>\n<p><strong>1 \u00c9tui 3 sachets Ass. Paella avec Safran:<\/strong> La combinaison de diff\u00e9rents types d'\u00e9pices, d'herbes et d'assaisonnements, qui, combin\u00e9s \u00e0 la saveur et \u00e0 l'ar\u00f4me du safran, rendent cet assaisonnement indispensable dans la pr\u00e9paration d'une paella.<\/p>\n<p><strong>1 \u00c9tui 3 sachets Ass. Paella aux Fruits de Mar avec Safran:<\/strong> Il donne une saveur id\u00e9ale \u00e0 une paella au poisson ou aux fruits de mer, bien qu'il puisse \u00e9galement \u00eatre utilis\u00e9 dans les rago\u00fbts de poisson.<\/p>\n<p><strong>1 Estuche 3 sobres Sazonador Gazpachos: <\/strong>Mezcla de diferentes tipos de hierbas para la elaboraci\u00f3n del Gazpacho Manchego,<\/p>\n<p><strong>1 PiramiT\u00e9 Th\u00e9 Vert Arabe:<\/strong> Le Th\u00e9 vert maure est l\u2019infusion la plus populaire dans les pays arabes. Ce th\u00e9 associ\u00e9 aux feuilles de menthe poivr\u00e9e fait de cette infusion l'une des plus consomm\u00e9es.<\/p>\n<p><strong>1 PiramiT\u00e9 Th\u00e9 Fruits des Bois:<\/strong> Les Fruits des Bois sont un m\u00e9lange de fruits et de baies aromatiques, associ\u00e9s pour obtenir cette infusion \u00e9quilibr\u00e9e.<\/p>\n<p><strong>1 Moulin Poivre Noir 40g:<\/strong> On l'utilise principalement dans les rago\u00fbts, ainsi que dans les viandes r\u00f4ties ou grill\u00e9es, les soupes, les marinades, les p\u00e2tes, les plats de riz.<\/p>\n<p><strong>1 Moulin Sel Rose de L\u00b4Himalaya 85g:<\/strong> Sel min\u00e9ral rose, form\u00e9 de cristaux et g\u00e9n\u00e9ralement extrait des montagnes du Pakistan. C'est un sel riche en multiples min\u00e9raux.<\/p>\n<p><strong>1 Bouteille de 100ml d'Ar\u00f4me Vanille:<\/strong> La vanille est un ar\u00f4me sophistiqu\u00e9 qui conf\u00e8re un parfum tr\u00e8s particulier aux plats, rago\u00fbts et p\u00e2tisseries auxquels elle est incorpor\u00e9e. Il est utilis\u00e9 pour aromatiser les boissons gazeuses, les glaces et les g\u00e2teaux.<\/p>\n<p><strong>Pack 3 Botaniques Floral Spicy:<\/strong> Baies de Gen\u00e9vrier, Cardamome et Fleur d'Hibiscus, une s\u00e9lection de plantes cr\u00e9\u00e9es pour procurer des sensations uniques \u00e0 votre m\u00e9lange.<\/p>\n<p><strong>Pack 3 Botaniques Vermouth:<\/strong> Anis \u00e9toil\u00e9, b\u00e2tons de cannelle et \u00e9corce d'orange, une s\u00e9lection de plantes cr\u00e9\u00e9es pour procurer des sensations uniques \u00e0 votre vermouth.<\/p>","protected":false},"excerpt":{"rendered":"<blockquote>\n<h2><strong>Coffret Cadeau<\/strong><\/h2>\n<\/blockquote>\n<p>Coffret Cadeau: La Barraca Alimentaci\u00f3n vous propose ce coffret cadeau contenant une vari\u00e9t\u00e9 d'\u00e9pices, d'assaisonnements, de safran, d'infusions et d'autres produits. Un m\u00e9lange de saveurs, d'ar\u00f4mes et d'odeurs incontournables dans une cuisine. Pack compos\u00e9 des produits suivants:<\/p>\n<p><em><strong>PACK COMPOS\u00c9 DE:<\/strong><\/em><\/p>\n<ul>\n<li><strong>1 Bo\u00eete en M\u00e9tal Piment Doux \"Or\"\u00a0<\/strong><\/li>\n<li><strong>1 Bo\u00eete en M\u00e9tal Piment Picant \"Or\"<\/strong><\/li>\n<li><strong>1 Bo\u00eete en M\u00e9tal Piment Doux Fum\u00e9<\/strong><\/li>\n<li><strong>1 Bo\u00eete de 4 Sachets Safran Filaments 0,4g<\/strong><\/li>\n<li><strong>1 Bo\u00eete de 4 Sachets Safran Moulu 0,4g<\/strong><\/li>\n<li><strong>1 \u00c9tui 3 sachets Ass. Paella avec Safran 9g<\/strong><\/li>\n<li><strong>1 \u00c9tui 3 sachets Ass. Paella aux Fruits de Mar avec Safran 9g<\/strong><\/li>\n<li><strong>1 \u00c9tui 3 sachets Ass. Gaspacho Manchego 6g<\/strong><\/li>\n<li><strong>1 PiramiT\u00e9 Th\u00e9 Vert Arabe 20g<\/strong><\/li>\n<li><strong>1 PiramiT\u00e9 Th\u00e9 Fruits des Bois 20g<\/strong><\/li>\n<li><strong>1 Moulin Poivre Noir 40g<\/strong><\/li>\n<li><strong>1 Moulin Sel Rose de L\u00b4Himalaya 85g<\/strong><\/li>\n<li><strong>1 Bouteille de 100ml d'Ar\u00f4me Vanille<\/strong><\/li>\n<li><strong>Pack 3 Botaniques Floral Spicy<\/strong><\/li>\n<li><strong>Pack 3 Botaniques Vermouth<\/strong><\/li>\n<\/ul>","protected":false},"featured_media":8360,"comment_status":"open","ping_status":"closed","template":"","meta":{"_et_pb_use_builder":"","_et_pb_old_content":"","_et_gb_content_width":""},"product_brand":[],"product_cat":[215,15],"product_tag":[39,35,58,110,45,36,40,50,53],"class_list":{"0":"post-8359","1":"product","2":"type-product","3":"status-publish","4":"has-post-thumbnail","6":"product_cat-packs-regalo","7":"product_cat-productos-complementarios","8":"product_tag-arroz","9":"product_tag-azafran","10":"product_tag-canela","11":"product_tag-cassia","12":"product_tag-infusion","13":"product_tag-paella","14":"product_tag-pimenton","15":"product_tag-pimienta","16":"product_tag-te","18":"first","19":"instock","20":"taxable","21":"shipping-taxable","22":"purchasable","23":"product-type-simple"},"yoast_head":"<!-- This site is optimized with the Yoast SEO plugin v27.5 - https:\/\/yoast.com\/product\/yoast-seo-wordpress\/ -->\n<title>PACK REGALO - La Barraca<\/title>\n<meta name=\"description\" content=\"Utilizada para salar alimentos, este tipo de sal se suele aplicar normalmente a la carne o el pescado una vez estos ya est\u00e1n listos.\" \/>\n<meta name=\"robots\" content=\"index, follow, max-snippet:-1, max-image-preview:large, max-video-preview:-1\" \/>\n<link rel=\"canonical\" href=\"https:\/\/labarraca1912.es\/fr\/tienda\/productos-complementarios\/pack-regalo-3\/\" \/>\n<meta property=\"og:locale\" content=\"fr_FR\" \/>\n<meta property=\"og:type\" content=\"article\" \/>\n<meta property=\"og:title\" content=\"PACK REGALO - La Barraca\" \/>\n<meta property=\"og:description\" content=\"Utilizada para salar alimentos, este tipo de sal se suele aplicar normalmente a la carne o el pescado una vez estos ya est\u00e1n listos.\" \/>\n<meta property=\"og:url\" content=\"https:\/\/labarraca1912.es\/fr\/tienda\/productos-complementarios\/pack-regalo-3\/\" \/>\n<meta property=\"og:site_name\" content=\"La Barraca\" \/>\n<meta property=\"article:modified_time\" content=\"2026-03-09T08:06:19+00:00\" \/>\n<meta property=\"og:image\" content=\"https:\/\/labarraca1912.es\/wp-content\/uploads\/PACKNAVIDADTO.jpg\" \/>\n\t<meta property=\"og:image:width\" content=\"800\" \/>\n\t<meta property=\"og:image:height\" content=\"800\" \/>\n\t<meta property=\"og:image:type\" content=\"image\/jpeg\" \/>\n<meta name=\"twitter:card\" content=\"summary_large_image\" \/>\n<meta name=\"twitter:label1\" content=\"Dur\u00e9e de lecture estim\u00e9e\" \/>\n\t<meta name=\"twitter:data1\" content=\"3 minutes\" \/>\n<script type=\"application\/ld+json\" class=\"yoast-schema-graph\">{\"@context\":\"https:\\\/\\\/schema.org\",\"@graph\":[{\"@type\":\"WebPage\",\"@id\":\"https:\\\/\\\/labarraca1912.es\\\/tienda\\\/productos-complementarios\\\/pack-regalo-3\\\/\",\"url\":\"https:\\\/\\\/labarraca1912.es\\\/tienda\\\/productos-complementarios\\\/pack-regalo-3\\\/\",\"name\":\"PACK REGALO - La Barraca\",\"isPartOf\":{\"@id\":\"https:\\\/\\\/labarraca1912.es\\\/#website\"},\"primaryImageOfPage\":{\"@id\":\"https:\\\/\\\/labarraca1912.es\\\/tienda\\\/productos-complementarios\\\/pack-regalo-3\\\/#primaryimage\"},\"image\":{\"@id\":\"https:\\\/\\\/labarraca1912.es\\\/tienda\\\/productos-complementarios\\\/pack-regalo-3\\\/#primaryimage\"},\"thumbnailUrl\":\"https:\\\/\\\/labarraca1912.es\\\/wp-content\\\/uploads\\\/PACKNAVIDADTO.jpg\",\"datePublished\":\"2022-11-22T10:03:55+00:00\",\"dateModified\":\"2026-03-09T08:06:19+00:00\",\"description\":\"Utilizada para salar alimentos, este tipo de sal se suele aplicar normalmente a la carne o el pescado una vez estos ya est\u00e1n listos.\",\"breadcrumb\":{\"@id\":\"https:\\\/\\\/labarraca1912.es\\\/tienda\\\/productos-complementarios\\\/pack-regalo-3\\\/#breadcrumb\"},\"inLanguage\":\"fr-FR\",\"potentialAction\":[{\"@type\":\"ReadAction\",\"target\":[\"https:\\\/\\\/labarraca1912.es\\\/tienda\\\/productos-complementarios\\\/pack-regalo-3\\\/\"]}]},{\"@type\":\"ImageObject\",\"inLanguage\":\"fr-FR\",\"@id\":\"https:\\\/\\\/labarraca1912.es\\\/tienda\\\/productos-complementarios\\\/pack-regalo-3\\\/#primaryimage\",\"url\":\"https:\\\/\\\/labarraca1912.es\\\/wp-content\\\/uploads\\\/PACKNAVIDADTO.jpg\",\"contentUrl\":\"https:\\\/\\\/labarraca1912.es\\\/wp-content\\\/uploads\\\/PACKNAVIDADTO.jpg\",\"width\":800,\"height\":800},{\"@type\":\"BreadcrumbList\",\"@id\":\"https:\\\/\\\/labarraca1912.es\\\/tienda\\\/productos-complementarios\\\/pack-regalo-3\\\/#breadcrumb\",\"itemListElement\":[{\"@type\":\"ListItem\",\"position\":1,\"name\":\"La Barraca\",\"item\":\"https:\\\/\\\/labarraca1912.es\\\/\"},{\"@type\":\"ListItem\",\"position\":2,\"name\":\"Tienda\",\"item\":\"https:\\\/\\\/labarraca1912.es\\\/tienda\\\/\"},{\"@type\":\"ListItem\",\"position\":3,\"name\":\"PACK REGALO\"}]},{\"@type\":\"WebSite\",\"@id\":\"https:\\\/\\\/labarraca1912.es\\\/#website\",\"url\":\"https:\\\/\\\/labarraca1912.es\\\/\",\"name\":\"La Barraca\",\"description\":\"La Casa del Sabor\",\"publisher\":{\"@id\":\"https:\\\/\\\/labarraca1912.es\\\/#organization\"},\"potentialAction\":[{\"@type\":\"SearchAction\",\"target\":{\"@type\":\"EntryPoint\",\"urlTemplate\":\"https:\\\/\\\/labarraca1912.es\\\/?s={search_term_string}\"},\"query-input\":{\"@type\":\"PropertyValueSpecification\",\"valueRequired\":true,\"valueName\":\"search_term_string\"}}],\"inLanguage\":\"fr-FR\"},{\"@type\":\"Organization\",\"@id\":\"https:\\\/\\\/labarraca1912.es\\\/#organization\",\"name\":\"La Barraca 1912 Alimentacion\",\"url\":\"https:\\\/\\\/labarraca1912.es\\\/\",\"logo\":{\"@type\":\"ImageObject\",\"inLanguage\":\"fr-FR\",\"@id\":\"https:\\\/\\\/labarraca1912.es\\\/#\\\/schema\\\/logo\\\/image\\\/\",\"url\":\"https:\\\/\\\/labarraca1912.es\\\/wp-content\\\/uploads\\\/2019\\\/06\\\/logo-labarraca.png\",\"contentUrl\":\"https:\\\/\\\/labarraca1912.es\\\/wp-content\\\/uploads\\\/2019\\\/06\\\/logo-labarraca.png\",\"width\":2917,\"height\":1809,\"caption\":\"La Barraca 1912 Alimentacion\"},\"image\":{\"@id\":\"https:\\\/\\\/labarraca1912.es\\\/#\\\/schema\\\/logo\\\/image\\\/\"}}]}<\/script>\n<!-- \/ Yoast SEO plugin. -->","yoast_head_json":{"title":"PACK REGALO - La Barraca","description":"Utilizada para salar alimentos, este tipo de sal se suele aplicar normalmente a la carne o el pescado una vez estos ya est\u00e1n listos.","robots":{"index":"index","follow":"follow","max-snippet":"max-snippet:-1","max-image-preview":"max-image-preview:large","max-video-preview":"max-video-preview:-1"},"canonical":"https:\/\/labarraca1912.es\/fr\/tienda\/productos-complementarios\/pack-regalo-3\/","og_locale":"fr_FR","og_type":"article","og_title":"PACK REGALO - La Barraca","og_description":"Utilizada para salar alimentos, este tipo de sal se suele aplicar normalmente a la carne o el pescado una vez estos ya est\u00e1n listos.","og_url":"https:\/\/labarraca1912.es\/fr\/tienda\/productos-complementarios\/pack-regalo-3\/","og_site_name":"La Barraca","article_modified_time":"2026-03-09T08:06:19+00:00","og_image":[{"width":800,"height":800,"url":"https:\/\/labarraca1912.es\/wp-content\/uploads\/PACKNAVIDADTO.jpg","type":"image\/jpeg"}],"twitter_card":"summary_large_image","twitter_misc":{"Dur\u00e9e de lecture estim\u00e9e":"3 minutes"},"schema":{"@context":"https:\/\/schema.org","@graph":[{"@type":"WebPage","@id":"https:\/\/labarraca1912.es\/tienda\/productos-complementarios\/pack-regalo-3\/","url":"https:\/\/labarraca1912.es\/tienda\/productos-complementarios\/pack-regalo-3\/","name":"PACK REGALO - La Barraca","isPartOf":{"@id":"https:\/\/labarraca1912.es\/#website"},"primaryImageOfPage":{"@id":"https:\/\/labarraca1912.es\/tienda\/productos-complementarios\/pack-regalo-3\/#primaryimage"},"image":{"@id":"https:\/\/labarraca1912.es\/tienda\/productos-complementarios\/pack-regalo-3\/#primaryimage"},"thumbnailUrl":"https:\/\/labarraca1912.es\/wp-content\/uploads\/PACKNAVIDADTO.jpg","datePublished":"2022-11-22T10:03:55+00:00","dateModified":"2026-03-09T08:06:19+00:00","description":"Utilizada para salar alimentos, este tipo de sal se suele aplicar normalmente a la carne o el pescado una vez estos ya est\u00e1n listos.","breadcrumb":{"@id":"https:\/\/labarraca1912.es\/tienda\/productos-complementarios\/pack-regalo-3\/#breadcrumb"},"inLanguage":"fr-FR","potentialAction":[{"@type":"ReadAction","target":["https:\/\/labarraca1912.es\/tienda\/productos-complementarios\/pack-regalo-3\/"]}]},{"@type":"ImageObject","inLanguage":"fr-FR","@id":"https:\/\/labarraca1912.es\/tienda\/productos-complementarios\/pack-regalo-3\/#primaryimage","url":"https:\/\/labarraca1912.es\/wp-content\/uploads\/PACKNAVIDADTO.jpg","contentUrl":"https:\/\/labarraca1912.es\/wp-content\/uploads\/PACKNAVIDADTO.jpg","width":800,"height":800},{"@type":"BreadcrumbList","@id":"https:\/\/labarraca1912.es\/tienda\/productos-complementarios\/pack-regalo-3\/#breadcrumb","itemListElement":[{"@type":"ListItem","position":1,"name":"La Barraca","item":"https:\/\/labarraca1912.es\/"},{"@type":"ListItem","position":2,"name":"Tienda","item":"https:\/\/labarraca1912.es\/tienda\/"},{"@type":"ListItem","position":3,"name":"PACK REGALO"}]},{"@type":"WebSite","@id":"https:\/\/labarraca1912.es\/#website","url":"https:\/\/labarraca1912.es\/","name":"La Barraca","description":"La Casa del Sabor","publisher":{"@id":"https:\/\/labarraca1912.es\/#organization"},"potentialAction":[{"@type":"SearchAction","target":{"@type":"EntryPoint","urlTemplate":"https:\/\/labarraca1912.es\/?s={search_term_string}"},"query-input":{"@type":"PropertyValueSpecification","valueRequired":true,"valueName":"search_term_string"}}],"inLanguage":"fr-FR"},{"@type":"Organization","@id":"https:\/\/labarraca1912.es\/#organization","name":"La Barraca 1912 Alimentacion","url":"https:\/\/labarraca1912.es\/","logo":{"@type":"ImageObject","inLanguage":"fr-FR","@id":"https:\/\/labarraca1912.es\/#\/schema\/logo\/image\/","url":"https:\/\/labarraca1912.es\/wp-content\/uploads\/2019\/06\/logo-labarraca.png","contentUrl":"https:\/\/labarraca1912.es\/wp-content\/uploads\/2019\/06\/logo-labarraca.png","width":2917,"height":1809,"caption":"La Barraca 1912 Alimentacion"},"image":{"@id":"https:\/\/labarraca1912.es\/#\/schema\/logo\/image\/"}}]}},"_links":{"self":[{"href":"https:\/\/labarraca1912.es\/fr\/wp-json\/wp\/v2\/product\/8359","targetHints":{"allow":["GET"]}}],"collection":[{"href":"https:\/\/labarraca1912.es\/fr\/wp-json\/wp\/v2\/product"}],"about":[{"href":"https:\/\/labarraca1912.es\/fr\/wp-json\/wp\/v2\/types\/product"}],"replies":[{"embeddable":true,"href":"https:\/\/labarraca1912.es\/fr\/wp-json\/wp\/v2\/comments?post=8359"}],"wp:featuredmedia":[{"embeddable":true,"href":"https:\/\/labarraca1912.es\/fr\/wp-json\/wp\/v2\/media\/8360"}],"wp:attachment":[{"href":"https:\/\/labarraca1912.es\/fr\/wp-json\/wp\/v2\/media?parent=8359"}],"wp:term":[{"taxonomy":"product_brand","embeddable":true,"href":"https:\/\/labarraca1912.es\/fr\/wp-json\/wp\/v2\/product_brand?post=8359"},{"taxonomy":"product_cat","embeddable":true,"href":"https:\/\/labarraca1912.es\/fr\/wp-json\/wp\/v2\/product_cat?post=8359"},{"taxonomy":"product_tag","embeddable":true,"href":"https:\/\/labarraca1912.es\/fr\/wp-json\/wp\/v2\/product_tag?post=8359"}],"curies":[{"name":"wp","href":"https:\/\/api.w.org\/{rel}","templated":true}]}}