{"id":8397,"date":"2022-11-29T11:55:09","date_gmt":"2022-11-29T10:55:09","guid":{"rendered":"https:\/\/labarraca1912.es\/?post_type=product&#038;p=8397"},"modified":"2025-03-03T10:36:04","modified_gmt":"2025-03-03T09:36:04","slug":"ramillete-de-hierbas-2ud-bandeja-20-bolsitas","status":"publish","type":"product","link":"https:\/\/labarraca1912.es\/fr\/tienda\/productos-complementarios\/ramillete-de-hierbas-2ud-bandeja-20-bolsitas\/","title":{"rendered":"2 Bouquets d\u00b4Herbes (Groupe 20 Sachets)"},"content":{"rendered":"<p>BOUQUETS D\u00b4HERBES: M\u00e9lange d'herbes aux qualit\u00e9s aromatiques. Ces herbes sont li\u00e9es entre elles, et sont ainsi ajout\u00e9es directement \u00e0 nos cr\u00e9ations.<\/p>\n<p><strong>Bouquets d\u00b4Herbes:<\/strong> Il est principalement utilis\u00e9 pour aromatiser et parfumer les rago\u00fbts, gr\u00e2ce \u00e0 l'association de quatre herbes comme le laurier, l'origan, le thym et la sarriette.<\/p>","protected":false},"excerpt":{"rendered":"<blockquote>\n<h2><strong>Bouquets d\u00b4Herbes<\/strong> 2ud<\/h2>\n<\/blockquote>\n<p>M\u00e9lange d'herbes aux qualit\u00e9s aromatiques. Ces herbes sont li\u00e9es entre elles, et sont ainsi ajout\u00e9es directement \u00e0 nos cr\u00e9ations. Il est principalement utilis\u00e9 pour aromatiser et parfumer les rago\u00fbts, gr\u00e2ce \u00e0 l'association de quatre herbes comme le laurier, l'origan, le thym et la sarriette.<\/p>\n<p><em><strong>Ingr\u00e9dients:<\/strong><\/em> Laurier, origan, thym et sarriette.<\/p>","protected":false},"featured_media":8399,"comment_status":"open","ping_status":"closed","template":"","meta":{"_et_pb_use_builder":"","_et_pb_old_content":"","_et_gb_content_width":""},"product_brand":[],"product_cat":[15],"product_tag":[105,154,268,48,267,112],"class_list":{"0":"post-8397","1":"product","2":"type-product","3":"status-publish","4":"has-post-thumbnail","6":"product_cat-productos-complementarios","7":"product_tag-guisos","8":"product_tag-hierbas","9":"product_tag-laurel","10":"product_tag-oregano","11":"product_tag-ramillete","12":"product_tag-romero","14":"first","15":"outofstock","16":"taxable","17":"shipping-taxable","18":"purchasable","19":"product-type-simple"},"yoast_head":"<!-- This site is optimized with the Yoast SEO plugin v27.5 - https:\/\/yoast.com\/product\/yoast-seo-wordpress\/ -->\n<title>Ramillete de Hierbas 2ud (Bandeja 20 Bolsitas) - La Barraca<\/title>\n<meta name=\"robots\" content=\"index, follow, max-snippet:-1, max-image-preview:large, max-video-preview:-1\" \/>\n<link rel=\"canonical\" href=\"https:\/\/labarraca1912.es\/fr\/tienda\/productos-complementarios\/ramillete-de-hierbas-2ud-bandeja-20-bolsitas\/\" \/>\n<meta property=\"og:locale\" content=\"fr_FR\" \/>\n<meta property=\"og:type\" content=\"article\" \/>\n<meta property=\"og:title\" content=\"Ramillete de Hierbas 2ud (Bandeja 20 Bolsitas) - La Barraca\" \/>\n<meta property=\"og:description\" content=\"Ramillete de Hierbas 2ud  Mezcla de hierbas con cualidades arom\u00e1ticas. Estas hierbas se encuentran atadas, y se a\u00f1aden as\u00ed directamente a nuestras creaciones. Se utiliza principalmente para aromar y dar sabor a guisos, gracias a la combinaci\u00f3n de cuatro hierbas como son el laurel, or\u00e9gano, tomillo y ajedrea.  Ingredientes: Laurel, or\u00e9gano, tomillo y ajedrea.\" \/>\n<meta property=\"og:url\" content=\"https:\/\/labarraca1912.es\/fr\/tienda\/productos-complementarios\/ramillete-de-hierbas-2ud-bandeja-20-bolsitas\/\" \/>\n<meta property=\"og:site_name\" content=\"La Barraca\" \/>\n<meta property=\"article:modified_time\" content=\"2025-03-03T09:36:04+00:00\" \/>\n<meta property=\"og:image\" content=\"https:\/\/labarraca1912.es\/wp-content\/uploads\/ramilletedehierbas.jpg\" \/>\n\t<meta property=\"og:image:width\" content=\"800\" \/>\n\t<meta property=\"og:image:height\" content=\"800\" \/>\n\t<meta property=\"og:image:type\" content=\"image\/jpeg\" \/>\n<meta name=\"twitter:card\" content=\"summary_large_image\" \/>\n<script type=\"application\/ld+json\" class=\"yoast-schema-graph\">{\"@context\":\"https:\\\/\\\/schema.org\",\"@graph\":[{\"@type\":\"WebPage\",\"@id\":\"https:\\\/\\\/labarraca1912.es\\\/tienda\\\/productos-complementarios\\\/ramillete-de-hierbas-2ud-bandeja-20-bolsitas\\\/\",\"url\":\"https:\\\/\\\/labarraca1912.es\\\/tienda\\\/productos-complementarios\\\/ramillete-de-hierbas-2ud-bandeja-20-bolsitas\\\/\",\"name\":\"Ramillete de Hierbas 2ud (Bandeja 20 Bolsitas) - La Barraca\",\"isPartOf\":{\"@id\":\"https:\\\/\\\/labarraca1912.es\\\/#website\"},\"primaryImageOfPage\":{\"@id\":\"https:\\\/\\\/labarraca1912.es\\\/tienda\\\/productos-complementarios\\\/ramillete-de-hierbas-2ud-bandeja-20-bolsitas\\\/#primaryimage\"},\"image\":{\"@id\":\"https:\\\/\\\/labarraca1912.es\\\/tienda\\\/productos-complementarios\\\/ramillete-de-hierbas-2ud-bandeja-20-bolsitas\\\/#primaryimage\"},\"thumbnailUrl\":\"https:\\\/\\\/labarraca1912.es\\\/wp-content\\\/uploads\\\/ramilletedehierbas.jpg\",\"datePublished\":\"2022-11-29T10:55:09+00:00\",\"dateModified\":\"2025-03-03T09:36:04+00:00\",\"breadcrumb\":{\"@id\":\"https:\\\/\\\/labarraca1912.es\\\/tienda\\\/productos-complementarios\\\/ramillete-de-hierbas-2ud-bandeja-20-bolsitas\\\/#breadcrumb\"},\"inLanguage\":\"fr-FR\",\"potentialAction\":[{\"@type\":\"ReadAction\",\"target\":[\"https:\\\/\\\/labarraca1912.es\\\/tienda\\\/productos-complementarios\\\/ramillete-de-hierbas-2ud-bandeja-20-bolsitas\\\/\"]}]},{\"@type\":\"ImageObject\",\"inLanguage\":\"fr-FR\",\"@id\":\"https:\\\/\\\/labarraca1912.es\\\/tienda\\\/productos-complementarios\\\/ramillete-de-hierbas-2ud-bandeja-20-bolsitas\\\/#primaryimage\",\"url\":\"https:\\\/\\\/labarraca1912.es\\\/wp-content\\\/uploads\\\/ramilletedehierbas.jpg\",\"contentUrl\":\"https:\\\/\\\/labarraca1912.es\\\/wp-content\\\/uploads\\\/ramilletedehierbas.jpg\",\"width\":800,\"height\":800},{\"@type\":\"BreadcrumbList\",\"@id\":\"https:\\\/\\\/labarraca1912.es\\\/tienda\\\/productos-complementarios\\\/ramillete-de-hierbas-2ud-bandeja-20-bolsitas\\\/#breadcrumb\",\"itemListElement\":[{\"@type\":\"ListItem\",\"position\":1,\"name\":\"La Barraca\",\"item\":\"https:\\\/\\\/labarraca1912.es\\\/\"},{\"@type\":\"ListItem\",\"position\":2,\"name\":\"Tienda\",\"item\":\"https:\\\/\\\/labarraca1912.es\\\/tienda\\\/\"},{\"@type\":\"ListItem\",\"position\":3,\"name\":\"Ramillete de Hierbas 2ud (Bandeja 20 Bolsitas)\"}]},{\"@type\":\"WebSite\",\"@id\":\"https:\\\/\\\/labarraca1912.es\\\/#website\",\"url\":\"https:\\\/\\\/labarraca1912.es\\\/\",\"name\":\"La Barraca\",\"description\":\"La Casa del Sabor\",\"publisher\":{\"@id\":\"https:\\\/\\\/labarraca1912.es\\\/#organization\"},\"potentialAction\":[{\"@type\":\"SearchAction\",\"target\":{\"@type\":\"EntryPoint\",\"urlTemplate\":\"https:\\\/\\\/labarraca1912.es\\\/?s={search_term_string}\"},\"query-input\":{\"@type\":\"PropertyValueSpecification\",\"valueRequired\":true,\"valueName\":\"search_term_string\"}}],\"inLanguage\":\"fr-FR\"},{\"@type\":\"Organization\",\"@id\":\"https:\\\/\\\/labarraca1912.es\\\/#organization\",\"name\":\"La Barraca 1912 Alimentacion\",\"url\":\"https:\\\/\\\/labarraca1912.es\\\/\",\"logo\":{\"@type\":\"ImageObject\",\"inLanguage\":\"fr-FR\",\"@id\":\"https:\\\/\\\/labarraca1912.es\\\/#\\\/schema\\\/logo\\\/image\\\/\",\"url\":\"https:\\\/\\\/labarraca1912.es\\\/wp-content\\\/uploads\\\/2019\\\/06\\\/logo-labarraca.png\",\"contentUrl\":\"https:\\\/\\\/labarraca1912.es\\\/wp-content\\\/uploads\\\/2019\\\/06\\\/logo-labarraca.png\",\"width\":2917,\"height\":1809,\"caption\":\"La Barraca 1912 Alimentacion\"},\"image\":{\"@id\":\"https:\\\/\\\/labarraca1912.es\\\/#\\\/schema\\\/logo\\\/image\\\/\"}}]}<\/script>\n<!-- \/ Yoast SEO plugin. -->","yoast_head_json":{"title":"Ramillete de Hierbas 2ud (Bandeja 20 Bolsitas) - La Barraca","robots":{"index":"index","follow":"follow","max-snippet":"max-snippet:-1","max-image-preview":"max-image-preview:large","max-video-preview":"max-video-preview:-1"},"canonical":"https:\/\/labarraca1912.es\/fr\/tienda\/productos-complementarios\/ramillete-de-hierbas-2ud-bandeja-20-bolsitas\/","og_locale":"fr_FR","og_type":"article","og_title":"Ramillete de Hierbas 2ud (Bandeja 20 Bolsitas) - La Barraca","og_description":"Ramillete de Hierbas 2ud  Mezcla de hierbas con cualidades arom\u00e1ticas. Estas hierbas se encuentran atadas, y se a\u00f1aden as\u00ed directamente a nuestras creaciones. Se utiliza principalmente para aromar y dar sabor a guisos, gracias a la combinaci\u00f3n de cuatro hierbas como son el laurel, or\u00e9gano, tomillo y ajedrea.  Ingredientes: Laurel, or\u00e9gano, tomillo y ajedrea.","og_url":"https:\/\/labarraca1912.es\/fr\/tienda\/productos-complementarios\/ramillete-de-hierbas-2ud-bandeja-20-bolsitas\/","og_site_name":"La Barraca","article_modified_time":"2025-03-03T09:36:04+00:00","og_image":[{"width":800,"height":800,"url":"https:\/\/labarraca1912.es\/wp-content\/uploads\/ramilletedehierbas.jpg","type":"image\/jpeg"}],"twitter_card":"summary_large_image","schema":{"@context":"https:\/\/schema.org","@graph":[{"@type":"WebPage","@id":"https:\/\/labarraca1912.es\/tienda\/productos-complementarios\/ramillete-de-hierbas-2ud-bandeja-20-bolsitas\/","url":"https:\/\/labarraca1912.es\/tienda\/productos-complementarios\/ramillete-de-hierbas-2ud-bandeja-20-bolsitas\/","name":"Ramillete de Hierbas 2ud (Bandeja 20 Bolsitas) - La Barraca","isPartOf":{"@id":"https:\/\/labarraca1912.es\/#website"},"primaryImageOfPage":{"@id":"https:\/\/labarraca1912.es\/tienda\/productos-complementarios\/ramillete-de-hierbas-2ud-bandeja-20-bolsitas\/#primaryimage"},"image":{"@id":"https:\/\/labarraca1912.es\/tienda\/productos-complementarios\/ramillete-de-hierbas-2ud-bandeja-20-bolsitas\/#primaryimage"},"thumbnailUrl":"https:\/\/labarraca1912.es\/wp-content\/uploads\/ramilletedehierbas.jpg","datePublished":"2022-11-29T10:55:09+00:00","dateModified":"2025-03-03T09:36:04+00:00","breadcrumb":{"@id":"https:\/\/labarraca1912.es\/tienda\/productos-complementarios\/ramillete-de-hierbas-2ud-bandeja-20-bolsitas\/#breadcrumb"},"inLanguage":"fr-FR","potentialAction":[{"@type":"ReadAction","target":["https:\/\/labarraca1912.es\/tienda\/productos-complementarios\/ramillete-de-hierbas-2ud-bandeja-20-bolsitas\/"]}]},{"@type":"ImageObject","inLanguage":"fr-FR","@id":"https:\/\/labarraca1912.es\/tienda\/productos-complementarios\/ramillete-de-hierbas-2ud-bandeja-20-bolsitas\/#primaryimage","url":"https:\/\/labarraca1912.es\/wp-content\/uploads\/ramilletedehierbas.jpg","contentUrl":"https:\/\/labarraca1912.es\/wp-content\/uploads\/ramilletedehierbas.jpg","width":800,"height":800},{"@type":"BreadcrumbList","@id":"https:\/\/labarraca1912.es\/tienda\/productos-complementarios\/ramillete-de-hierbas-2ud-bandeja-20-bolsitas\/#breadcrumb","itemListElement":[{"@type":"ListItem","position":1,"name":"La Barraca","item":"https:\/\/labarraca1912.es\/"},{"@type":"ListItem","position":2,"name":"Tienda","item":"https:\/\/labarraca1912.es\/tienda\/"},{"@type":"ListItem","position":3,"name":"Ramillete de Hierbas 2ud (Bandeja 20 Bolsitas)"}]},{"@type":"WebSite","@id":"https:\/\/labarraca1912.es\/#website","url":"https:\/\/labarraca1912.es\/","name":"La Barraca","description":"La Casa del Sabor","publisher":{"@id":"https:\/\/labarraca1912.es\/#organization"},"potentialAction":[{"@type":"SearchAction","target":{"@type":"EntryPoint","urlTemplate":"https:\/\/labarraca1912.es\/?s={search_term_string}"},"query-input":{"@type":"PropertyValueSpecification","valueRequired":true,"valueName":"search_term_string"}}],"inLanguage":"fr-FR"},{"@type":"Organization","@id":"https:\/\/labarraca1912.es\/#organization","name":"La Barraca 1912 Alimentacion","url":"https:\/\/labarraca1912.es\/","logo":{"@type":"ImageObject","inLanguage":"fr-FR","@id":"https:\/\/labarraca1912.es\/#\/schema\/logo\/image\/","url":"https:\/\/labarraca1912.es\/wp-content\/uploads\/2019\/06\/logo-labarraca.png","contentUrl":"https:\/\/labarraca1912.es\/wp-content\/uploads\/2019\/06\/logo-labarraca.png","width":2917,"height":1809,"caption":"La Barraca 1912 Alimentacion"},"image":{"@id":"https:\/\/labarraca1912.es\/#\/schema\/logo\/image\/"}}]}},"_links":{"self":[{"href":"https:\/\/labarraca1912.es\/fr\/wp-json\/wp\/v2\/product\/8397","targetHints":{"allow":["GET"]}}],"collection":[{"href":"https:\/\/labarraca1912.es\/fr\/wp-json\/wp\/v2\/product"}],"about":[{"href":"https:\/\/labarraca1912.es\/fr\/wp-json\/wp\/v2\/types\/product"}],"replies":[{"embeddable":true,"href":"https:\/\/labarraca1912.es\/fr\/wp-json\/wp\/v2\/comments?post=8397"}],"wp:featuredmedia":[{"embeddable":true,"href":"https:\/\/labarraca1912.es\/fr\/wp-json\/wp\/v2\/media\/8399"}],"wp:attachment":[{"href":"https:\/\/labarraca1912.es\/fr\/wp-json\/wp\/v2\/media?parent=8397"}],"wp:term":[{"taxonomy":"product_brand","embeddable":true,"href":"https:\/\/labarraca1912.es\/fr\/wp-json\/wp\/v2\/product_brand?post=8397"},{"taxonomy":"product_cat","embeddable":true,"href":"https:\/\/labarraca1912.es\/fr\/wp-json\/wp\/v2\/product_cat?post=8397"},{"taxonomy":"product_tag","embeddable":true,"href":"https:\/\/labarraca1912.es\/fr\/wp-json\/wp\/v2\/product_tag?post=8397"}],"curies":[{"name":"wp","href":"https:\/\/api.w.org\/{rel}","templated":true}]}}