{"id":8945,"date":"2023-03-02T12:53:43","date_gmt":"2023-03-02T11:53:43","guid":{"rendered":"https:\/\/labarraca1912.es\/?post_type=product&#038;p=8945"},"modified":"2026-03-09T09:06:40","modified_gmt":"2026-03-09T08:06:40","slug":"tri-pack-reposteria","status":"publish","type":"product","link":"https:\/\/labarraca1912.es\/fr\/tienda\/pasteleria\/tri-pack-reposteria\/","title":{"rendered":"Tri-Pack P\u00e2tisserie"},"content":{"rendered":"<p><strong>TRIPACK &#8211; REPOSTER\u00cdA:<\/strong> Produit de confiserie \u00e0 base de sucre. Id\u00e9al pour la d\u00e9coration de p\u00e2tisseries, p\u00e2tisseries et glaciers. Il s'applique directement sur le dessert \u00e0 d\u00e9corer, lui apportant une touche de couleur et am\u00e9liorant sa pr\u00e9sentation.<\/p>\n<p>PACK compos\u00e9 per:<\/p>\n<ul>\n<li><strong>\u00c9toiles Multicolores 30g<\/strong><\/li>\n<li><strong>Vermicelles de Cacao 30g<\/strong><\/li>\n<li><strong>Vermicelles Multicolores 30g<\/strong><\/li>\n<\/ul>\n<p>&nbsp;<\/p>","protected":false},"excerpt":{"rendered":"<blockquote>\n<h2><strong>Tri-Pack P\u00e2tisserie<\/strong><\/h2>\n<\/blockquote>\n<p><img decoding=\"async\" class=\"alignnone wp-image-10937\" src=\"https:\/\/labarraca1912.es\/wp-content\/uploads\/glutenfree.jpg\" alt=\"\" width=\"203\" height=\"35\" \/><\/p>\n<p>Produit de confiserie \u00e0 base de sucre. Id\u00e9al pour la d\u00e9coration de p\u00e2tisseries, p\u00e2tisseries et glaciers. Il s'applique directement sur le dessert \u00e0 d\u00e9corer, lui apportant une touche de couleur et am\u00e9liorant sa pr\u00e9sentation.<\/p>\n<p><em><strong>PACK COMPOS\u00c9 DE:<\/strong><\/em><\/p>\n<ul>\n<li><strong>Vermicelles de Cacao 30g <\/strong>\n<ul>\n<li><strong><em>Ingr\u00e9dients:<\/em> <\/strong>Sucre, poudre de cacao naturel d\u00e9graiss\u00e9 (6,5%), eau, huile de tournesol \u00e0 haute teneur en acide ol\u00e9ique, f\u00e9cule de pomme de terre et farine de riz.<\/li>\n<li><strong><em>D\u00e9claration nutritionnelle. Valeurs moyennes per 100g de produit: <\/em><\/strong>\u00c9nergie: 1756 kJ\/414 kcal. Graisses: 4g. Dont acides gras satur\u00e9s: 0,31g. Glucides: 95g. Dont sucres: 87g. Prot\u00e9ines: &lt;0,5g. Sel: 0,011g.<\/li>\n<\/ul>\n<\/li>\n<li><strong>\u00c9toiles Multicolores 30g <\/strong>\n<ul>\n<li><em><strong>Ingr\u00e9dients:<\/strong> <\/em>Sucre en poudre, huile de tournesol \u00e0 haute teneur en acide ol\u00e9ique, eau, glucose, colorants : Curcumine E-100, Acide carminique E-120 et Anthocyanine E-163.<\/li>\n<li><strong><em>D\u00e9claration nutritionnelle. Valeurs moyennes per 100g de produit: <\/em><\/strong>\u00c9nergie: 1752 kJ\/413 kcal. Graisses: 3,2g. Dont acides gras satur\u00e9s: 0,2g. Glucides: 96g. Dont sucres: 94g. Prot\u00e9ines: 0g. Sel: 0g.<\/li>\n<\/ul>\n<\/li>\n<li><strong>Vermicelles Multicolores 30g <\/strong>\n<ul>\n<li><em><strong>Ingr\u00e9dients:<\/strong> <\/em>Sucre en poudre, huile de tournesol \u00e0 haute teneur en acide ol\u00e9ique, eau, glucose, colorants : curcumine E-100 et acide carminique E-120 et spiruline.<\/li>\n<li><strong><em>D\u00e9claration nutritionnelle. Valeurs moyennes per 100g de produit: <\/em><\/strong>\u00c9nergie: 1752 kJ\/413 kcal. Graisses: 3,2g. Dont acides gras satur\u00e9s: 0,2g. Glucides: 96g. Dont sucres: 94g. Prot\u00e9ines: 0g. Sel: 0g.<\/li>\n<\/ul>\n<\/li>\n<\/ul>","protected":false},"featured_media":12116,"comment_status":"open","ping_status":"closed","template":"","meta":{"_et_pb_use_builder":"","_et_pb_old_content":"","_et_gb_content_width":""},"product_brand":[],"product_cat":[215,21],"product_tag":[269,79],"class_list":{"0":"post-8945","1":"product","2":"type-product","3":"status-publish","4":"has-post-thumbnail","6":"product_cat-packs-regalo","7":"product_cat-pasteleria","8":"product_tag-monodosis","9":"product_tag-sal","11":"first","12":"instock","13":"taxable","14":"shipping-taxable","15":"purchasable","16":"product-type-simple"},"yoast_head":"<!-- This site is optimized with the Yoast SEO plugin v27.5 - https:\/\/yoast.com\/product\/yoast-seo-wordpress\/ -->\n<title>Tri-Pack Reposter\u00eda - La Barraca<\/title>\n<meta name=\"robots\" content=\"index, follow, max-snippet:-1, max-image-preview:large, max-video-preview:-1\" \/>\n<link rel=\"canonical\" href=\"https:\/\/labarraca1912.es\/fr\/tienda\/pasteleria\/tri-pack-reposteria\/\" \/>\n<meta property=\"og:locale\" content=\"fr_FR\" \/>\n<meta property=\"og:type\" content=\"article\" \/>\n<meta property=\"og:title\" content=\"Tri-Pack Reposter\u00eda - La Barraca\" \/>\n<meta property=\"og:description\" content=\"Tri-Pack Reposter\u00eda    Producto de confiter\u00eda a base de az\u00facar. Ideal para la decoraci\u00f3n en reposter\u00eda, pasteler\u00eda y helader\u00eda. Se aplica directamente sobre el postre a decorar, d\u00e1ndole un toque de color y mejorando su presentaci\u00f3n.  PACK COMPUESTO POR:   Fideos con Cacao 30g    Ingredientes: Az\u00facar, cacao natural desgrasado en polvo (6,5%), agua, aceite de girasol alto oleico, almid\u00f3n de patata y harina de arroz.  Informaci\u00f3n Nutricional. An\u00e1lisis medio por 100g de producto: Valor Energ\u00e9tico: 1756 kJ\/414 kcal. Grasas: 4g. De las cuales saturadas: 0,31g. Hidratos de Carbono: 95g. De los cuales az\u00facares: 87g. Prote\u00ednas: &lt;0,5g. Sal: 0,011g.    Estrellas de Colores 30g    Ingredientes: Az\u00facar en polvo, aceite de girasol alto oleico, agua, glucosa, colorantes: Curcumina E-100, \u00c1cido carm\u00ednico E-120 y Antocianina E-163.  Informaci\u00f3n Nutricional. An\u00e1lisis medio por 100g de producto: Valor Energ\u00e9tico: 1752 kJ\/413 kcal. Grasas: 3,2g. De las cuales saturadas: 0,2g. Hidratos de Carbono: 96g. De los cuales az\u00facares: 94g. Prote\u00ednas: 0g. Sal: 0g.    Fideos de Colores 30g    Ingredientes: Az\u00facar en polvo, aceite de girasol alto oleico, agua, glucosa, colorantes: curcumina E-100 y \u00e1cido carm\u00ednico E-120 y espirulina.  Informaci\u00f3n Nutricional. An\u00e1lisis medio por 100g de producto: Valor Energ\u00e9tico: 1752 kJ\/413 kcal. Grasas: 3,2g. De las cuales saturadas: 0,2g. Hidratos de Carbono: 96g. De los cuales az\u00facares: 94g. Prote\u00ednas: 0g. Sal: 0g.\" \/>\n<meta property=\"og:url\" content=\"https:\/\/labarraca1912.es\/fr\/tienda\/pasteleria\/tri-pack-reposteria\/\" \/>\n<meta property=\"og:site_name\" content=\"La Barraca\" \/>\n<meta property=\"article:modified_time\" content=\"2026-03-09T08:06:40+00:00\" \/>\n<meta property=\"og:image\" content=\"https:\/\/labarraca1912.es\/wp-content\/uploads\/TRIPACK.jpg\" \/>\n\t<meta property=\"og:image:width\" content=\"500\" \/>\n\t<meta property=\"og:image:height\" content=\"500\" \/>\n\t<meta property=\"og:image:type\" content=\"image\/jpeg\" \/>\n<meta name=\"twitter:card\" content=\"summary_large_image\" \/>\n<meta name=\"twitter:label1\" content=\"Dur\u00e9e de lecture estim\u00e9e\" \/>\n\t<meta name=\"twitter:data1\" content=\"1 minute\" \/>\n<script type=\"application\/ld+json\" class=\"yoast-schema-graph\">{\"@context\":\"https:\\\/\\\/schema.org\",\"@graph\":[{\"@type\":\"WebPage\",\"@id\":\"https:\\\/\\\/labarraca1912.es\\\/tienda\\\/pasteleria\\\/tri-pack-reposteria\\\/\",\"url\":\"https:\\\/\\\/labarraca1912.es\\\/tienda\\\/pasteleria\\\/tri-pack-reposteria\\\/\",\"name\":\"Tri-Pack Reposter\u00eda - La Barraca\",\"isPartOf\":{\"@id\":\"https:\\\/\\\/labarraca1912.es\\\/#website\"},\"primaryImageOfPage\":{\"@id\":\"https:\\\/\\\/labarraca1912.es\\\/tienda\\\/pasteleria\\\/tri-pack-reposteria\\\/#primaryimage\"},\"image\":{\"@id\":\"https:\\\/\\\/labarraca1912.es\\\/tienda\\\/pasteleria\\\/tri-pack-reposteria\\\/#primaryimage\"},\"thumbnailUrl\":\"https:\\\/\\\/labarraca1912.es\\\/wp-content\\\/uploads\\\/TRIPACK.jpg\",\"datePublished\":\"2023-03-02T11:53:43+00:00\",\"dateModified\":\"2026-03-09T08:06:40+00:00\",\"breadcrumb\":{\"@id\":\"https:\\\/\\\/labarraca1912.es\\\/tienda\\\/pasteleria\\\/tri-pack-reposteria\\\/#breadcrumb\"},\"inLanguage\":\"fr-FR\",\"potentialAction\":[{\"@type\":\"ReadAction\",\"target\":[\"https:\\\/\\\/labarraca1912.es\\\/tienda\\\/pasteleria\\\/tri-pack-reposteria\\\/\"]}]},{\"@type\":\"ImageObject\",\"inLanguage\":\"fr-FR\",\"@id\":\"https:\\\/\\\/labarraca1912.es\\\/tienda\\\/pasteleria\\\/tri-pack-reposteria\\\/#primaryimage\",\"url\":\"https:\\\/\\\/labarraca1912.es\\\/wp-content\\\/uploads\\\/TRIPACK.jpg\",\"contentUrl\":\"https:\\\/\\\/labarraca1912.es\\\/wp-content\\\/uploads\\\/TRIPACK.jpg\",\"width\":500,\"height\":500},{\"@type\":\"BreadcrumbList\",\"@id\":\"https:\\\/\\\/labarraca1912.es\\\/tienda\\\/pasteleria\\\/tri-pack-reposteria\\\/#breadcrumb\",\"itemListElement\":[{\"@type\":\"ListItem\",\"position\":1,\"name\":\"La Barraca\",\"item\":\"https:\\\/\\\/labarraca1912.es\\\/\"},{\"@type\":\"ListItem\",\"position\":2,\"name\":\"Tienda\",\"item\":\"https:\\\/\\\/labarraca1912.es\\\/tienda\\\/\"},{\"@type\":\"ListItem\",\"position\":3,\"name\":\"Tri-Pack Reposter\u00eda\"}]},{\"@type\":\"WebSite\",\"@id\":\"https:\\\/\\\/labarraca1912.es\\\/#website\",\"url\":\"https:\\\/\\\/labarraca1912.es\\\/\",\"name\":\"La Barraca\",\"description\":\"La Casa del Sabor\",\"publisher\":{\"@id\":\"https:\\\/\\\/labarraca1912.es\\\/#organization\"},\"potentialAction\":[{\"@type\":\"SearchAction\",\"target\":{\"@type\":\"EntryPoint\",\"urlTemplate\":\"https:\\\/\\\/labarraca1912.es\\\/?s={search_term_string}\"},\"query-input\":{\"@type\":\"PropertyValueSpecification\",\"valueRequired\":true,\"valueName\":\"search_term_string\"}}],\"inLanguage\":\"fr-FR\"},{\"@type\":\"Organization\",\"@id\":\"https:\\\/\\\/labarraca1912.es\\\/#organization\",\"name\":\"La Barraca 1912 Alimentacion\",\"url\":\"https:\\\/\\\/labarraca1912.es\\\/\",\"logo\":{\"@type\":\"ImageObject\",\"inLanguage\":\"fr-FR\",\"@id\":\"https:\\\/\\\/labarraca1912.es\\\/#\\\/schema\\\/logo\\\/image\\\/\",\"url\":\"https:\\\/\\\/labarraca1912.es\\\/wp-content\\\/uploads\\\/2019\\\/06\\\/logo-labarraca.png\",\"contentUrl\":\"https:\\\/\\\/labarraca1912.es\\\/wp-content\\\/uploads\\\/2019\\\/06\\\/logo-labarraca.png\",\"width\":2917,\"height\":1809,\"caption\":\"La Barraca 1912 Alimentacion\"},\"image\":{\"@id\":\"https:\\\/\\\/labarraca1912.es\\\/#\\\/schema\\\/logo\\\/image\\\/\"}}]}<\/script>\n<!-- \/ Yoast SEO plugin. -->","yoast_head_json":{"title":"Tri-Pack Reposter\u00eda - La Barraca","robots":{"index":"index","follow":"follow","max-snippet":"max-snippet:-1","max-image-preview":"max-image-preview:large","max-video-preview":"max-video-preview:-1"},"canonical":"https:\/\/labarraca1912.es\/fr\/tienda\/pasteleria\/tri-pack-reposteria\/","og_locale":"fr_FR","og_type":"article","og_title":"Tri-Pack Reposter\u00eda - La Barraca","og_description":"Tri-Pack Reposter\u00eda    Producto de confiter\u00eda a base de az\u00facar. Ideal para la decoraci\u00f3n en reposter\u00eda, pasteler\u00eda y helader\u00eda. Se aplica directamente sobre el postre a decorar, d\u00e1ndole un toque de color y mejorando su presentaci\u00f3n.  PACK COMPUESTO POR:   Fideos con Cacao 30g    Ingredientes: Az\u00facar, cacao natural desgrasado en polvo (6,5%), agua, aceite de girasol alto oleico, almid\u00f3n de patata y harina de arroz.  Informaci\u00f3n Nutricional. An\u00e1lisis medio por 100g de producto: Valor Energ\u00e9tico: 1756 kJ\/414 kcal. Grasas: 4g. De las cuales saturadas: 0,31g. Hidratos de Carbono: 95g. De los cuales az\u00facares: 87g. Prote\u00ednas: &lt;0,5g. Sal: 0,011g.    Estrellas de Colores 30g    Ingredientes: Az\u00facar en polvo, aceite de girasol alto oleico, agua, glucosa, colorantes: Curcumina E-100, \u00c1cido carm\u00ednico E-120 y Antocianina E-163.  Informaci\u00f3n Nutricional. An\u00e1lisis medio por 100g de producto: Valor Energ\u00e9tico: 1752 kJ\/413 kcal. Grasas: 3,2g. De las cuales saturadas: 0,2g. Hidratos de Carbono: 96g. De los cuales az\u00facares: 94g. Prote\u00ednas: 0g. Sal: 0g.    Fideos de Colores 30g    Ingredientes: Az\u00facar en polvo, aceite de girasol alto oleico, agua, glucosa, colorantes: curcumina E-100 y \u00e1cido carm\u00ednico E-120 y espirulina.  Informaci\u00f3n Nutricional. An\u00e1lisis medio por 100g de producto: Valor Energ\u00e9tico: 1752 kJ\/413 kcal. Grasas: 3,2g. De las cuales saturadas: 0,2g. Hidratos de Carbono: 96g. De los cuales az\u00facares: 94g. Prote\u00ednas: 0g. Sal: 0g.","og_url":"https:\/\/labarraca1912.es\/fr\/tienda\/pasteleria\/tri-pack-reposteria\/","og_site_name":"La Barraca","article_modified_time":"2026-03-09T08:06:40+00:00","og_image":[{"width":500,"height":500,"url":"https:\/\/labarraca1912.es\/wp-content\/uploads\/TRIPACK.jpg","type":"image\/jpeg"}],"twitter_card":"summary_large_image","twitter_misc":{"Dur\u00e9e de lecture estim\u00e9e":"1 minute"},"schema":{"@context":"https:\/\/schema.org","@graph":[{"@type":"WebPage","@id":"https:\/\/labarraca1912.es\/tienda\/pasteleria\/tri-pack-reposteria\/","url":"https:\/\/labarraca1912.es\/tienda\/pasteleria\/tri-pack-reposteria\/","name":"Tri-Pack Reposter\u00eda - La Barraca","isPartOf":{"@id":"https:\/\/labarraca1912.es\/#website"},"primaryImageOfPage":{"@id":"https:\/\/labarraca1912.es\/tienda\/pasteleria\/tri-pack-reposteria\/#primaryimage"},"image":{"@id":"https:\/\/labarraca1912.es\/tienda\/pasteleria\/tri-pack-reposteria\/#primaryimage"},"thumbnailUrl":"https:\/\/labarraca1912.es\/wp-content\/uploads\/TRIPACK.jpg","datePublished":"2023-03-02T11:53:43+00:00","dateModified":"2026-03-09T08:06:40+00:00","breadcrumb":{"@id":"https:\/\/labarraca1912.es\/tienda\/pasteleria\/tri-pack-reposteria\/#breadcrumb"},"inLanguage":"fr-FR","potentialAction":[{"@type":"ReadAction","target":["https:\/\/labarraca1912.es\/tienda\/pasteleria\/tri-pack-reposteria\/"]}]},{"@type":"ImageObject","inLanguage":"fr-FR","@id":"https:\/\/labarraca1912.es\/tienda\/pasteleria\/tri-pack-reposteria\/#primaryimage","url":"https:\/\/labarraca1912.es\/wp-content\/uploads\/TRIPACK.jpg","contentUrl":"https:\/\/labarraca1912.es\/wp-content\/uploads\/TRIPACK.jpg","width":500,"height":500},{"@type":"BreadcrumbList","@id":"https:\/\/labarraca1912.es\/tienda\/pasteleria\/tri-pack-reposteria\/#breadcrumb","itemListElement":[{"@type":"ListItem","position":1,"name":"La Barraca","item":"https:\/\/labarraca1912.es\/"},{"@type":"ListItem","position":2,"name":"Tienda","item":"https:\/\/labarraca1912.es\/tienda\/"},{"@type":"ListItem","position":3,"name":"Tri-Pack Reposter\u00eda"}]},{"@type":"WebSite","@id":"https:\/\/labarraca1912.es\/#website","url":"https:\/\/labarraca1912.es\/","name":"La Barraca","description":"La Casa del Sabor","publisher":{"@id":"https:\/\/labarraca1912.es\/#organization"},"potentialAction":[{"@type":"SearchAction","target":{"@type":"EntryPoint","urlTemplate":"https:\/\/labarraca1912.es\/?s={search_term_string}"},"query-input":{"@type":"PropertyValueSpecification","valueRequired":true,"valueName":"search_term_string"}}],"inLanguage":"fr-FR"},{"@type":"Organization","@id":"https:\/\/labarraca1912.es\/#organization","name":"La Barraca 1912 Alimentacion","url":"https:\/\/labarraca1912.es\/","logo":{"@type":"ImageObject","inLanguage":"fr-FR","@id":"https:\/\/labarraca1912.es\/#\/schema\/logo\/image\/","url":"https:\/\/labarraca1912.es\/wp-content\/uploads\/2019\/06\/logo-labarraca.png","contentUrl":"https:\/\/labarraca1912.es\/wp-content\/uploads\/2019\/06\/logo-labarraca.png","width":2917,"height":1809,"caption":"La Barraca 1912 Alimentacion"},"image":{"@id":"https:\/\/labarraca1912.es\/#\/schema\/logo\/image\/"}}]}},"_links":{"self":[{"href":"https:\/\/labarraca1912.es\/fr\/wp-json\/wp\/v2\/product\/8945","targetHints":{"allow":["GET"]}}],"collection":[{"href":"https:\/\/labarraca1912.es\/fr\/wp-json\/wp\/v2\/product"}],"about":[{"href":"https:\/\/labarraca1912.es\/fr\/wp-json\/wp\/v2\/types\/product"}],"replies":[{"embeddable":true,"href":"https:\/\/labarraca1912.es\/fr\/wp-json\/wp\/v2\/comments?post=8945"}],"wp:featuredmedia":[{"embeddable":true,"href":"https:\/\/labarraca1912.es\/fr\/wp-json\/wp\/v2\/media\/12116"}],"wp:attachment":[{"href":"https:\/\/labarraca1912.es\/fr\/wp-json\/wp\/v2\/media?parent=8945"}],"wp:term":[{"taxonomy":"product_brand","embeddable":true,"href":"https:\/\/labarraca1912.es\/fr\/wp-json\/wp\/v2\/product_brand?post=8945"},{"taxonomy":"product_cat","embeddable":true,"href":"https:\/\/labarraca1912.es\/fr\/wp-json\/wp\/v2\/product_cat?post=8945"},{"taxonomy":"product_tag","embeddable":true,"href":"https:\/\/labarraca1912.es\/fr\/wp-json\/wp\/v2\/product_tag?post=8945"}],"curies":[{"name":"wp","href":"https:\/\/api.w.org\/{rel}","templated":true}]}}