{"id":8971,"date":"2023-03-10T08:48:47","date_gmt":"2023-03-10T07:48:47","guid":{"rendered":"https:\/\/labarraca1912.es\/?post_type=product&#038;p=8971"},"modified":"2026-03-09T09:04:09","modified_gmt":"2026-03-09T08:04:09","slug":"guindilla-en-rama-ojo-pajaro-280g","status":"publish","type":"product","link":"https:\/\/labarraca1912.es\/fr\/tienda\/especias-y-condimentos\/guindilla-en-rama-ojo-pajaro-280g\/","title":{"rendered":"Guindilla en Rama \u00abOjo P\u00e1jaro\u00bb 280g"},"content":{"rendered":"<p>GUINDILLA EN RAMA \u00abOJO P\u00c1JARO\u00bb &#8211; 280 G: Frutos enteros, desecados y extremadamente picantes del Capsicumfrutescens. Puede presentarse en rama grande, \u201cojo de p\u00e1jaro\u201d o molidas.<\/p>\n<p><strong>Piment de Cayenne:<\/strong> Utilis\u00e9e avec mod\u00e9ration, c'est une vinaigrette tr\u00e8s appr\u00e9ci\u00e9e pour les rago\u00fbts aux saveurs prononc\u00e9es. On l'utilise \u00e9galement dans la pr\u00e9paration de poissons, de sauces, de vinaigrettes ou de p\u00e2tes.<\/p>","protected":false},"excerpt":{"rendered":"<blockquote>\n<h2><strong>Guindilla en Rama \u00abOjo P\u00e1jaro\u00bb<\/strong> 280g<\/h2>\n<\/blockquote>\n<p>Fruits entiers, s\u00e9ch\u00e9s et extr\u00eamement \u00e9pic\u00e9s du Capsicumfrutescens. Il peut se pr\u00e9senter sous forme de grosse branche, en \"langue d'oiseau\" ou moulu. Utilis\u00e9e avec mod\u00e9ration, c'est une vinaigrette tr\u00e8s appr\u00e9ci\u00e9e pour les rago\u00fbts aux saveurs prononc\u00e9es. On l'utilise \u00e9galement dans la pr\u00e9paration de poissons, de sauces, de vinaigrettes ou de p\u00e2tes.<\/p>\n<p><strong><em>Ingr\u00e9dients:<\/em> <\/strong>Guindilla rama \u00abOjo p\u00e1jaro\u00bb.<\/p>","protected":false},"featured_media":10690,"comment_status":"open","ping_status":"closed","template":"","meta":{"_et_pb_use_builder":"","_et_pb_old_content":"","_et_gb_content_width":""},"product_brand":[],"product_cat":[19],"product_tag":[265,266,67,264,186,119],"class_list":{"0":"post-8971","1":"product","2":"type-product","3":"status-publish","4":"has-post-thumbnail","6":"product_cat-especias-y-condimentos","7":"product_tag-argentina","8":"product_tag-barbacoa","9":"product_tag-carne","10":"product_tag-chimichurri","11":"product_tag-salsa","12":"product_tag-sazonador","14":"first","15":"instock","16":"taxable","17":"shipping-taxable","18":"purchasable","19":"product-type-simple"},"yoast_head":"<!-- This site is optimized with the Yoast SEO plugin v27.4 - https:\/\/yoast.com\/product\/yoast-seo-wordpress\/ -->\n<title>Comprar Guindilla en Rama \u201cOjo P\u00e1jaro\u201d 280g | La Barraca<\/title>\n<meta name=\"description\" content=\"Comprar guindilla en rama \u201cOjo P\u00e1jaro\u201d 280g, frutos desecados y picantes para guisos, salsas, ali\u00f1os y pescados. A\u00f1ade sabor intenso a tus platos.\" \/>\n<meta name=\"robots\" content=\"index, follow, max-snippet:-1, max-image-preview:large, max-video-preview:-1\" \/>\n<link rel=\"canonical\" href=\"https:\/\/labarraca1912.es\/fr\/tienda\/especias-y-condimentos\/guindilla-en-rama-ojo-pajaro-280g\/\" \/>\n<meta property=\"og:locale\" content=\"fr_FR\" \/>\n<meta property=\"og:type\" content=\"article\" \/>\n<meta property=\"og:title\" content=\"Comprar Guindilla en Rama \u201cOjo P\u00e1jaro\u201d 280g | La Barraca\" \/>\n<meta property=\"og:description\" content=\"Comprar guindilla en rama \u201cOjo P\u00e1jaro\u201d 280g, frutos desecados y picantes para guisos, salsas, ali\u00f1os y pescados. A\u00f1ade sabor intenso a tus platos.\" \/>\n<meta property=\"og:url\" content=\"https:\/\/labarraca1912.es\/fr\/tienda\/especias-y-condimentos\/guindilla-en-rama-ojo-pajaro-280g\/\" \/>\n<meta property=\"og:site_name\" content=\"La Barraca\" \/>\n<meta property=\"article:modified_time\" content=\"2026-03-09T08:04:09+00:00\" \/>\n<meta property=\"og:image\" content=\"https:\/\/labarraca1912.es\/wp-content\/uploads\/guindillaojopajarogranel2024.jpg\" \/>\n\t<meta property=\"og:image:width\" content=\"800\" \/>\n\t<meta property=\"og:image:height\" content=\"800\" \/>\n\t<meta property=\"og:image:type\" content=\"image\/jpeg\" \/>\n<meta name=\"twitter:card\" content=\"summary_large_image\" \/>\n<meta name=\"twitter:label1\" content=\"Dur\u00e9e de lecture estim\u00e9e\" \/>\n\t<meta name=\"twitter:data1\" content=\"1 minute\" \/>\n<script type=\"application\/ld+json\" class=\"yoast-schema-graph\">{\"@context\":\"https:\\\/\\\/schema.org\",\"@graph\":[{\"@type\":\"WebPage\",\"@id\":\"https:\\\/\\\/labarraca1912.es\\\/tienda\\\/especias-y-condimentos\\\/guindilla-en-rama-ojo-pajaro-280g\\\/\",\"url\":\"https:\\\/\\\/labarraca1912.es\\\/tienda\\\/especias-y-condimentos\\\/guindilla-en-rama-ojo-pajaro-280g\\\/\",\"name\":\"Comprar Guindilla en Rama \u201cOjo P\u00e1jaro\u201d 280g | La Barraca\",\"isPartOf\":{\"@id\":\"https:\\\/\\\/labarraca1912.es\\\/#website\"},\"primaryImageOfPage\":{\"@id\":\"https:\\\/\\\/labarraca1912.es\\\/tienda\\\/especias-y-condimentos\\\/guindilla-en-rama-ojo-pajaro-280g\\\/#primaryimage\"},\"image\":{\"@id\":\"https:\\\/\\\/labarraca1912.es\\\/tienda\\\/especias-y-condimentos\\\/guindilla-en-rama-ojo-pajaro-280g\\\/#primaryimage\"},\"thumbnailUrl\":\"https:\\\/\\\/labarraca1912.es\\\/wp-content\\\/uploads\\\/guindillaojopajarogranel2024.jpg\",\"datePublished\":\"2023-03-10T07:48:47+00:00\",\"dateModified\":\"2026-03-09T08:04:09+00:00\",\"description\":\"Comprar guindilla en rama \u201cOjo P\u00e1jaro\u201d 280g, frutos desecados y picantes para guisos, salsas, ali\u00f1os y pescados. A\u00f1ade sabor intenso a tus platos.\",\"breadcrumb\":{\"@id\":\"https:\\\/\\\/labarraca1912.es\\\/tienda\\\/especias-y-condimentos\\\/guindilla-en-rama-ojo-pajaro-280g\\\/#breadcrumb\"},\"inLanguage\":\"fr-FR\",\"potentialAction\":[{\"@type\":\"ReadAction\",\"target\":[\"https:\\\/\\\/labarraca1912.es\\\/tienda\\\/especias-y-condimentos\\\/guindilla-en-rama-ojo-pajaro-280g\\\/\"]}]},{\"@type\":\"ImageObject\",\"inLanguage\":\"fr-FR\",\"@id\":\"https:\\\/\\\/labarraca1912.es\\\/tienda\\\/especias-y-condimentos\\\/guindilla-en-rama-ojo-pajaro-280g\\\/#primaryimage\",\"url\":\"https:\\\/\\\/labarraca1912.es\\\/wp-content\\\/uploads\\\/guindillaojopajarogranel2024.jpg\",\"contentUrl\":\"https:\\\/\\\/labarraca1912.es\\\/wp-content\\\/uploads\\\/guindillaojopajarogranel2024.jpg\",\"width\":800,\"height\":800},{\"@type\":\"BreadcrumbList\",\"@id\":\"https:\\\/\\\/labarraca1912.es\\\/tienda\\\/especias-y-condimentos\\\/guindilla-en-rama-ojo-pajaro-280g\\\/#breadcrumb\",\"itemListElement\":[{\"@type\":\"ListItem\",\"position\":1,\"name\":\"La Barraca\",\"item\":\"https:\\\/\\\/labarraca1912.es\\\/\"},{\"@type\":\"ListItem\",\"position\":2,\"name\":\"Tienda\",\"item\":\"https:\\\/\\\/labarraca1912.es\\\/tienda\\\/\"},{\"@type\":\"ListItem\",\"position\":3,\"name\":\"Guindilla en Rama \u00abOjo P\u00e1jaro\u00bb 280g\"}]},{\"@type\":\"WebSite\",\"@id\":\"https:\\\/\\\/labarraca1912.es\\\/#website\",\"url\":\"https:\\\/\\\/labarraca1912.es\\\/\",\"name\":\"La Barraca\",\"description\":\"La Casa del Sabor\",\"publisher\":{\"@id\":\"https:\\\/\\\/labarraca1912.es\\\/#organization\"},\"potentialAction\":[{\"@type\":\"SearchAction\",\"target\":{\"@type\":\"EntryPoint\",\"urlTemplate\":\"https:\\\/\\\/labarraca1912.es\\\/?s={search_term_string}\"},\"query-input\":{\"@type\":\"PropertyValueSpecification\",\"valueRequired\":true,\"valueName\":\"search_term_string\"}}],\"inLanguage\":\"fr-FR\"},{\"@type\":\"Organization\",\"@id\":\"https:\\\/\\\/labarraca1912.es\\\/#organization\",\"name\":\"La Barraca 1912 Alimentacion\",\"url\":\"https:\\\/\\\/labarraca1912.es\\\/\",\"logo\":{\"@type\":\"ImageObject\",\"inLanguage\":\"fr-FR\",\"@id\":\"https:\\\/\\\/labarraca1912.es\\\/#\\\/schema\\\/logo\\\/image\\\/\",\"url\":\"https:\\\/\\\/labarraca1912.es\\\/wp-content\\\/uploads\\\/2019\\\/06\\\/logo-labarraca.png\",\"contentUrl\":\"https:\\\/\\\/labarraca1912.es\\\/wp-content\\\/uploads\\\/2019\\\/06\\\/logo-labarraca.png\",\"width\":2917,\"height\":1809,\"caption\":\"La Barraca 1912 Alimentacion\"},\"image\":{\"@id\":\"https:\\\/\\\/labarraca1912.es\\\/#\\\/schema\\\/logo\\\/image\\\/\"}}]}<\/script>\n<!-- \/ Yoast SEO plugin. -->","yoast_head_json":{"title":"Comprar Guindilla en Rama \u201cOjo P\u00e1jaro\u201d 280g | La Barraca","description":"Comprar guindilla en rama \u201cOjo P\u00e1jaro\u201d 280g, frutos desecados y picantes para guisos, salsas, ali\u00f1os y pescados. A\u00f1ade sabor intenso a tus platos.","robots":{"index":"index","follow":"follow","max-snippet":"max-snippet:-1","max-image-preview":"max-image-preview:large","max-video-preview":"max-video-preview:-1"},"canonical":"https:\/\/labarraca1912.es\/fr\/tienda\/especias-y-condimentos\/guindilla-en-rama-ojo-pajaro-280g\/","og_locale":"fr_FR","og_type":"article","og_title":"Comprar Guindilla en Rama \u201cOjo P\u00e1jaro\u201d 280g | La Barraca","og_description":"Comprar guindilla en rama \u201cOjo P\u00e1jaro\u201d 280g, frutos desecados y picantes para guisos, salsas, ali\u00f1os y pescados. A\u00f1ade sabor intenso a tus platos.","og_url":"https:\/\/labarraca1912.es\/fr\/tienda\/especias-y-condimentos\/guindilla-en-rama-ojo-pajaro-280g\/","og_site_name":"La Barraca","article_modified_time":"2026-03-09T08:04:09+00:00","og_image":[{"width":800,"height":800,"url":"https:\/\/labarraca1912.es\/wp-content\/uploads\/guindillaojopajarogranel2024.jpg","type":"image\/jpeg"}],"twitter_card":"summary_large_image","twitter_misc":{"Dur\u00e9e de lecture estim\u00e9e":"1 minute"},"schema":{"@context":"https:\/\/schema.org","@graph":[{"@type":"WebPage","@id":"https:\/\/labarraca1912.es\/tienda\/especias-y-condimentos\/guindilla-en-rama-ojo-pajaro-280g\/","url":"https:\/\/labarraca1912.es\/tienda\/especias-y-condimentos\/guindilla-en-rama-ojo-pajaro-280g\/","name":"Comprar Guindilla en Rama \u201cOjo P\u00e1jaro\u201d 280g | La Barraca","isPartOf":{"@id":"https:\/\/labarraca1912.es\/#website"},"primaryImageOfPage":{"@id":"https:\/\/labarraca1912.es\/tienda\/especias-y-condimentos\/guindilla-en-rama-ojo-pajaro-280g\/#primaryimage"},"image":{"@id":"https:\/\/labarraca1912.es\/tienda\/especias-y-condimentos\/guindilla-en-rama-ojo-pajaro-280g\/#primaryimage"},"thumbnailUrl":"https:\/\/labarraca1912.es\/wp-content\/uploads\/guindillaojopajarogranel2024.jpg","datePublished":"2023-03-10T07:48:47+00:00","dateModified":"2026-03-09T08:04:09+00:00","description":"Comprar guindilla en rama \u201cOjo P\u00e1jaro\u201d 280g, frutos desecados y picantes para guisos, salsas, ali\u00f1os y pescados. A\u00f1ade sabor intenso a tus platos.","breadcrumb":{"@id":"https:\/\/labarraca1912.es\/tienda\/especias-y-condimentos\/guindilla-en-rama-ojo-pajaro-280g\/#breadcrumb"},"inLanguage":"fr-FR","potentialAction":[{"@type":"ReadAction","target":["https:\/\/labarraca1912.es\/tienda\/especias-y-condimentos\/guindilla-en-rama-ojo-pajaro-280g\/"]}]},{"@type":"ImageObject","inLanguage":"fr-FR","@id":"https:\/\/labarraca1912.es\/tienda\/especias-y-condimentos\/guindilla-en-rama-ojo-pajaro-280g\/#primaryimage","url":"https:\/\/labarraca1912.es\/wp-content\/uploads\/guindillaojopajarogranel2024.jpg","contentUrl":"https:\/\/labarraca1912.es\/wp-content\/uploads\/guindillaojopajarogranel2024.jpg","width":800,"height":800},{"@type":"BreadcrumbList","@id":"https:\/\/labarraca1912.es\/tienda\/especias-y-condimentos\/guindilla-en-rama-ojo-pajaro-280g\/#breadcrumb","itemListElement":[{"@type":"ListItem","position":1,"name":"La Barraca","item":"https:\/\/labarraca1912.es\/"},{"@type":"ListItem","position":2,"name":"Tienda","item":"https:\/\/labarraca1912.es\/tienda\/"},{"@type":"ListItem","position":3,"name":"Guindilla en Rama \u00abOjo P\u00e1jaro\u00bb 280g"}]},{"@type":"WebSite","@id":"https:\/\/labarraca1912.es\/#website","url":"https:\/\/labarraca1912.es\/","name":"La Barraca","description":"La Casa del Sabor","publisher":{"@id":"https:\/\/labarraca1912.es\/#organization"},"potentialAction":[{"@type":"SearchAction","target":{"@type":"EntryPoint","urlTemplate":"https:\/\/labarraca1912.es\/?s={search_term_string}"},"query-input":{"@type":"PropertyValueSpecification","valueRequired":true,"valueName":"search_term_string"}}],"inLanguage":"fr-FR"},{"@type":"Organization","@id":"https:\/\/labarraca1912.es\/#organization","name":"La Barraca 1912 Alimentacion","url":"https:\/\/labarraca1912.es\/","logo":{"@type":"ImageObject","inLanguage":"fr-FR","@id":"https:\/\/labarraca1912.es\/#\/schema\/logo\/image\/","url":"https:\/\/labarraca1912.es\/wp-content\/uploads\/2019\/06\/logo-labarraca.png","contentUrl":"https:\/\/labarraca1912.es\/wp-content\/uploads\/2019\/06\/logo-labarraca.png","width":2917,"height":1809,"caption":"La Barraca 1912 Alimentacion"},"image":{"@id":"https:\/\/labarraca1912.es\/#\/schema\/logo\/image\/"}}]}},"_links":{"self":[{"href":"https:\/\/labarraca1912.es\/fr\/wp-json\/wp\/v2\/product\/8971","targetHints":{"allow":["GET"]}}],"collection":[{"href":"https:\/\/labarraca1912.es\/fr\/wp-json\/wp\/v2\/product"}],"about":[{"href":"https:\/\/labarraca1912.es\/fr\/wp-json\/wp\/v2\/types\/product"}],"replies":[{"embeddable":true,"href":"https:\/\/labarraca1912.es\/fr\/wp-json\/wp\/v2\/comments?post=8971"}],"wp:featuredmedia":[{"embeddable":true,"href":"https:\/\/labarraca1912.es\/fr\/wp-json\/wp\/v2\/media\/10690"}],"wp:attachment":[{"href":"https:\/\/labarraca1912.es\/fr\/wp-json\/wp\/v2\/media?parent=8971"}],"wp:term":[{"taxonomy":"product_brand","embeddable":true,"href":"https:\/\/labarraca1912.es\/fr\/wp-json\/wp\/v2\/product_brand?post=8971"},{"taxonomy":"product_cat","embeddable":true,"href":"https:\/\/labarraca1912.es\/fr\/wp-json\/wp\/v2\/product_cat?post=8971"},{"taxonomy":"product_tag","embeddable":true,"href":"https:\/\/labarraca1912.es\/fr\/wp-json\/wp\/v2\/product_tag?post=8971"}],"curies":[{"name":"wp","href":"https:\/\/api.w.org\/{rel}","templated":true}]}}