{"id":95,"date":"2019-06-27T12:43:16","date_gmt":"2019-06-27T10:43:16","guid":{"rendered":"https:\/\/labarraca1912.es\/?post_type=product&#038;p=95"},"modified":"2025-09-09T08:11:21","modified_gmt":"2025-09-09T06:11:21","slug":"botanical-collection-estuche-premium","status":"publish","type":"product","link":"https:\/\/labarraca1912.es\/fr\/tienda\/botanicos-cocteles\/botanical-collection-estuche-premium\/","title":{"rendered":"\u00c9tui Premium Collection Botanique"},"content":{"rendered":"<p>BOTANICAL COLLECTION &#8211; ESTUCHE PREMIUM: La Barraca ha creado <strong>Botanical Collection<\/strong> afin que vous puissiez profiter de votre boisson comme vous ne l'avez jamais fait auparavant. Une s\u00e9lection de plantes cr\u00e9\u00e9es pour procurer des sensations uniques \u00e0 votre m\u00e9lange. Vous pouvez combiner nos plantes \u00e0 votre guise et savourer chaque gorg\u00e9e de votre verre. Ce magnifique coffret est compos\u00e9 de 8 plantes, d'une cuill\u00e8re et d'un distributeur, qui vous aideront \u00e0 pr\u00e9parer vos cocktails de mani\u00e8re plus professionnelle.<\/p>\n<p><strong>Baies de Geni\u00e8vre:<\/strong> Les baies de geni\u00e8vre donnent \u00e0 votre verre une saveur l\u00e9g\u00e8rement am\u00e8re avec des nuances sucr\u00e9es et citronn\u00e9es. Nous conseillons normalement d'utiliser 4 \u00e0 6 baies pour chaque consommation, en pressant doucement chaque baie pour lib\u00e9rer les huiles essentielles.<\/p>\n<p><strong>Cardamome<\/strong>: La Cardamome est une graine verte \u00e0 l'ar\u00f4me prononc\u00e9, id\u00e9ale pour le Gin-Tonic. Vous pouvez rehausser la saveur en broyant la graine, mais elle perd sa touche d\u00e9corative.<\/p>\n<p><strong>Fleur d\u00b4Hibiscus<\/strong>: La Fleur d'Hibiscus donnera \u00e0 votre Gin-Tonic une couleur rouge\u00e2tre, outre sa saveur de fruits rouges et son ar\u00f4me floral.<\/p>\n<p><strong>R\u00e9glisse<\/strong>: Une branche de R\u00e9glisse apportera des notes balsamiques, des ar\u00f4mes terreux et champ\u00eatres \u00e0 votre verre, ajoutez-en un morceau \u00e0 votre Gin-Tonic et sucrez-le.<\/p>\n<p><strong>P\u00e9tales de Rose<\/strong>: Il existe de nombreuses fa\u00e7ons de pr\u00e9parer un Gin-Tonic, mais l'une des plus originales et color\u00e9es est s\u00fbrement de le pr\u00e9parer avec des p\u00e9tales de rose.<\/p>\n<p><strong>B\u00e2tons de Cannelle<\/strong>: La cannelle donnera \u00e0 votre Gin-Tonic une incroyable saveur sucr\u00e9e-agrume, ajoutez-en une branche et savourez votre verre.<\/p>\n<p><strong>Poivre Rose<\/strong>: Le Poivre Rose offre un m\u00e9lange de saveurs entre gras et sucr\u00e9, avec une touche l\u00e9g\u00e8rement \u00e9pic\u00e9e. Cela ajoutera \u00e9galement une couleur rose lorsque vous presserez les baies de poivre.<\/p>\n<p><strong>Zeste de Citron<\/strong>: Lemon Zest est un classique des Gin-Tonics, gr\u00e2ce \u00e0 sa saveur acidul\u00e9e-citrique il donne au verre une saveur particuli\u00e8re.<\/p>\n<p><strong>Cuill\u00e8re:<\/strong> Utilisez cette magnifique cuill\u00e8re pour verser les plantes dans votre verre et verser le gin dessus.<\/p>\n<p><strong>Gobelet Doseur:<\/strong> Avec cet ustensile pratique vous obtiendrez la mesure exacte de gin pour votre cocktail.<\/p>","protected":false},"excerpt":{"rendered":"<blockquote>\n<h2><strong>Botanical Collection<\/strong>\u00a0\u00c9tui Premium<\/h2>\n<\/blockquote>\n<p>La Barraca Alimentaci\u00f3n a cr\u00e9\u00e9 la Collection Botanique, express\u00e9ment destin\u00e9e \u00e0 ceux qui ne sont pas satisfaits et souhaitent faire de leur boisson un nouveau monde de saveurs gr\u00e2ce aux plantes. C'est un cadeau parfait ou une acquisition pour votre propre consommation qui surprendra tout le monde.<\/p>\n<p>Une s\u00e9lection minutieuse de plantes, qui procureront des sensations uniques jamais ressenties dans votre verre. Soyez votre propre mixologue, utilisez nos plantes, combinez-les comme vous le souhaitez et surprenez vos invit\u00e9s avec vos cr\u00e9ations.<\/p>\n<p><em><strong>PACK COMPOS\u00c9 DE:<\/strong><\/em><\/p>\n<ul>\n<li><strong>Cuill\u00e8re + Gobelet Doseur<\/strong><\/li>\n<li><strong>Baies de Geni\u00e8vre 24g<\/strong>\n<ul>\n<li><em><strong>Ingr\u00e9dients:<\/strong><\/em> Baies de geni\u00e8vre.<a href=\"https:\/\/labarraca1912.es\/wp-content\/uploads\/FT-BAYAS-DE-ENEBRO.pdf\">\u00a0<\/a><\/li>\n<\/ul>\n<\/li>\n<li><strong>Cardamome 24g<\/strong>\n<ul>\n<li><em><strong>Ingr\u00e9dients:<\/strong><\/em> Cardamome.<\/li>\n<\/ul>\n<\/li>\n<li><strong>Fleur d\u00b4Hibiscus 8g<\/strong>\n<ul>\n<li><strong><em>Ingr\u00e9dients:<\/em><\/strong> Fleur de hibiscus. Peut contenir des traces d\u00b4 <strong>ARACHIDE<\/strong>.<\/li>\n<\/ul>\n<\/li>\n<li><strong>R\u00e9glisse 20g<\/strong>\n<ul>\n<li><em><strong>Ingr\u00e9dients:<\/strong><\/em> R\u00e9glisse.<\/li>\n<\/ul>\n<\/li>\n<li><strong>P\u00e9tales de Rose 4g<\/strong>\n<ul>\n<li><em><strong>Ingr\u00e9dients:<\/strong> <\/em>P\u00e9tales de rose.<\/li>\n<\/ul>\n<\/li>\n<li><strong>B\u00e2tons de Cannelle 24g<\/strong>\n<ul>\n<li><em><strong>Ingr\u00e9dients:<\/strong><\/em> B\u00e2tons de cannelle.<\/li>\n<\/ul>\n<\/li>\n<li><strong>Poivre Rose 20g<\/strong>\n<ul>\n<li><em><strong>Ingr\u00e9dients:<\/strong><\/em> Poivre rose.<\/li>\n<\/ul>\n<\/li>\n<li><strong>Zeste de Citron 18g<\/strong>\n<ul>\n<li><em><strong>Ingr\u00e9dients:<\/strong><\/em> Zeste de citron.<\/li>\n<\/ul>\n<\/li>\n<\/ul>","protected":false},"featured_media":97,"comment_status":"open","ping_status":"closed","template":"","meta":{"_et_pb_use_builder":"","_et_pb_old_content":"","_et_gb_content_width":""},"product_brand":[],"product_cat":[24,215],"product_tag":[27,28,29,30,33,34],"class_list":{"0":"post-95","1":"product","2":"type-product","3":"status-publish","4":"has-post-thumbnail","6":"product_cat-botanicos-cocteles","7":"product_cat-packs-regalo","8":"product_tag-botanicos","9":"product_tag-cocteles","10":"product_tag-ginebra","11":"product_tag-gintonic","12":"product_tag-jamaica","13":"product_tag-vermouth","15":"first","16":"outofstock","17":"taxable","18":"shipping-taxable","19":"purchasable","20":"product-type-simple"},"yoast_head":"<!-- This site is optimized with the Yoast SEO plugin v27.4 - https:\/\/yoast.com\/product\/yoast-seo-wordpress\/ -->\n<title>Botanical Collection Estuche Premium - La Barraca<\/title>\n<meta name=\"robots\" content=\"index, follow, max-snippet:-1, max-image-preview:large, max-video-preview:-1\" \/>\n<link rel=\"canonical\" href=\"https:\/\/labarraca1912.es\/fr\/tienda\/botanicos-cocteles\/botanical-collection-estuche-premium\/\" \/>\n<meta property=\"og:locale\" content=\"fr_FR\" \/>\n<meta property=\"og:type\" content=\"article\" \/>\n<meta property=\"og:title\" content=\"Botanical Collection Estuche Premium - La Barraca\" \/>\n<meta property=\"og:description\" content=\"Botanical Collection\u00a0Estuche Premium  La Barraca Alimentaci\u00f3n ha creado Botanical Collection, destinada expresamente para aquellos que no se conforman y quieren hacer de su copa un nuevo mundo de sabores gracias a los bot\u00e1nicos. Se trata de un regalo perfecto o una adquisici\u00f3n para propio consumo que sorprender\u00e1 a todos.  Una selecci\u00f3n minuciosa de bot\u00e1nicos, que aportar\u00e1n unas sensaciones \u00fanicas jam\u00e1s experimentadas en tu copa. S\u00e9 tu propio coctelero, utilizando nuestros bot\u00e1nicos, combin\u00e1ndolos como quieras y sorprende a tus invitados con tus creaciones.  PACK COMPUESTO DE:   Cuchara + Dosificador  Bayas de Enebro 24g   Ingredientes: Bayas de enebro.\u00a0    Cardamomo Grano 24g   Ingredientes: Cardamomo grano.    Flor de Hibisco 8g   Ingredientes: Flor de hibisco. Puede contener trazas de CACAHUETES.    Regaliz 20g   Ingredientes: Regaliz.    P\u00e9talos de Rosa 4g   Ingredientes: P\u00e9talos de rosa.    Canela en Rama 24g   Ingredientes: Canela en rama.    Pimienta Rosa 20g   Ingredientes: Pimienta rosa.    Corteza de Lim\u00f3n 18g   Ingredientes: Corteza de lim\u00f3n.\" \/>\n<meta property=\"og:url\" content=\"https:\/\/labarraca1912.es\/fr\/tienda\/botanicos-cocteles\/botanical-collection-estuche-premium\/\" \/>\n<meta property=\"og:site_name\" content=\"La Barraca\" \/>\n<meta property=\"article:modified_time\" content=\"2025-09-09T06:11:21+00:00\" \/>\n<meta property=\"og:image\" content=\"https:\/\/labarraca1912.es\/wp-content\/uploads\/2019\/06\/CajaPremium1.jpg\" \/>\n\t<meta property=\"og:image:width\" content=\"800\" \/>\n\t<meta property=\"og:image:height\" content=\"800\" \/>\n\t<meta property=\"og:image:type\" content=\"image\/jpeg\" \/>\n<meta name=\"twitter:card\" content=\"summary_large_image\" \/>\n<meta name=\"twitter:label1\" content=\"Dur\u00e9e de lecture estim\u00e9e\" \/>\n\t<meta name=\"twitter:data1\" content=\"2 minutes\" \/>\n<script type=\"application\/ld+json\" class=\"yoast-schema-graph\">{\"@context\":\"https:\\\/\\\/schema.org\",\"@graph\":[{\"@type\":\"WebPage\",\"@id\":\"https:\\\/\\\/labarraca1912.es\\\/tienda\\\/botanicos-cocteles\\\/botanical-collection-estuche-premium\\\/\",\"url\":\"https:\\\/\\\/labarraca1912.es\\\/tienda\\\/botanicos-cocteles\\\/botanical-collection-estuche-premium\\\/\",\"name\":\"Botanical Collection Estuche Premium - La Barraca\",\"isPartOf\":{\"@id\":\"https:\\\/\\\/labarraca1912.es\\\/#website\"},\"primaryImageOfPage\":{\"@id\":\"https:\\\/\\\/labarraca1912.es\\\/tienda\\\/botanicos-cocteles\\\/botanical-collection-estuche-premium\\\/#primaryimage\"},\"image\":{\"@id\":\"https:\\\/\\\/labarraca1912.es\\\/tienda\\\/botanicos-cocteles\\\/botanical-collection-estuche-premium\\\/#primaryimage\"},\"thumbnailUrl\":\"https:\\\/\\\/labarraca1912.es\\\/wp-content\\\/uploads\\\/2019\\\/06\\\/CajaPremium1.jpg\",\"datePublished\":\"2019-06-27T10:43:16+00:00\",\"dateModified\":\"2025-09-09T06:11:21+00:00\",\"breadcrumb\":{\"@id\":\"https:\\\/\\\/labarraca1912.es\\\/tienda\\\/botanicos-cocteles\\\/botanical-collection-estuche-premium\\\/#breadcrumb\"},\"inLanguage\":\"fr-FR\",\"potentialAction\":[{\"@type\":\"ReadAction\",\"target\":[\"https:\\\/\\\/labarraca1912.es\\\/tienda\\\/botanicos-cocteles\\\/botanical-collection-estuche-premium\\\/\"]}]},{\"@type\":\"ImageObject\",\"inLanguage\":\"fr-FR\",\"@id\":\"https:\\\/\\\/labarraca1912.es\\\/tienda\\\/botanicos-cocteles\\\/botanical-collection-estuche-premium\\\/#primaryimage\",\"url\":\"https:\\\/\\\/labarraca1912.es\\\/wp-content\\\/uploads\\\/2019\\\/06\\\/CajaPremium1.jpg\",\"contentUrl\":\"https:\\\/\\\/labarraca1912.es\\\/wp-content\\\/uploads\\\/2019\\\/06\\\/CajaPremium1.jpg\",\"width\":800,\"height\":800},{\"@type\":\"BreadcrumbList\",\"@id\":\"https:\\\/\\\/labarraca1912.es\\\/tienda\\\/botanicos-cocteles\\\/botanical-collection-estuche-premium\\\/#breadcrumb\",\"itemListElement\":[{\"@type\":\"ListItem\",\"position\":1,\"name\":\"La Barraca\",\"item\":\"https:\\\/\\\/labarraca1912.es\\\/\"},{\"@type\":\"ListItem\",\"position\":2,\"name\":\"Tienda\",\"item\":\"https:\\\/\\\/labarraca1912.es\\\/tienda\\\/\"},{\"@type\":\"ListItem\",\"position\":3,\"name\":\"Botanical Collection Estuche Premium\"}]},{\"@type\":\"WebSite\",\"@id\":\"https:\\\/\\\/labarraca1912.es\\\/#website\",\"url\":\"https:\\\/\\\/labarraca1912.es\\\/\",\"name\":\"La Barraca\",\"description\":\"La Casa del Sabor\",\"publisher\":{\"@id\":\"https:\\\/\\\/labarraca1912.es\\\/#organization\"},\"potentialAction\":[{\"@type\":\"SearchAction\",\"target\":{\"@type\":\"EntryPoint\",\"urlTemplate\":\"https:\\\/\\\/labarraca1912.es\\\/?s={search_term_string}\"},\"query-input\":{\"@type\":\"PropertyValueSpecification\",\"valueRequired\":true,\"valueName\":\"search_term_string\"}}],\"inLanguage\":\"fr-FR\"},{\"@type\":\"Organization\",\"@id\":\"https:\\\/\\\/labarraca1912.es\\\/#organization\",\"name\":\"La Barraca 1912 Alimentacion\",\"url\":\"https:\\\/\\\/labarraca1912.es\\\/\",\"logo\":{\"@type\":\"ImageObject\",\"inLanguage\":\"fr-FR\",\"@id\":\"https:\\\/\\\/labarraca1912.es\\\/#\\\/schema\\\/logo\\\/image\\\/\",\"url\":\"https:\\\/\\\/labarraca1912.es\\\/wp-content\\\/uploads\\\/2019\\\/06\\\/logo-labarraca.png\",\"contentUrl\":\"https:\\\/\\\/labarraca1912.es\\\/wp-content\\\/uploads\\\/2019\\\/06\\\/logo-labarraca.png\",\"width\":2917,\"height\":1809,\"caption\":\"La Barraca 1912 Alimentacion\"},\"image\":{\"@id\":\"https:\\\/\\\/labarraca1912.es\\\/#\\\/schema\\\/logo\\\/image\\\/\"}}]}<\/script>\n<!-- \/ Yoast SEO plugin. -->","yoast_head_json":{"title":"Botanical Collection Estuche Premium - La Barraca","robots":{"index":"index","follow":"follow","max-snippet":"max-snippet:-1","max-image-preview":"max-image-preview:large","max-video-preview":"max-video-preview:-1"},"canonical":"https:\/\/labarraca1912.es\/fr\/tienda\/botanicos-cocteles\/botanical-collection-estuche-premium\/","og_locale":"fr_FR","og_type":"article","og_title":"Botanical Collection Estuche Premium - La Barraca","og_description":"Botanical Collection\u00a0Estuche Premium  La Barraca Alimentaci\u00f3n ha creado Botanical Collection, destinada expresamente para aquellos que no se conforman y quieren hacer de su copa un nuevo mundo de sabores gracias a los bot\u00e1nicos. Se trata de un regalo perfecto o una adquisici\u00f3n para propio consumo que sorprender\u00e1 a todos.  Una selecci\u00f3n minuciosa de bot\u00e1nicos, que aportar\u00e1n unas sensaciones \u00fanicas jam\u00e1s experimentadas en tu copa. S\u00e9 tu propio coctelero, utilizando nuestros bot\u00e1nicos, combin\u00e1ndolos como quieras y sorprende a tus invitados con tus creaciones.  PACK COMPUESTO DE:   Cuchara + Dosificador  Bayas de Enebro 24g   Ingredientes: Bayas de enebro.\u00a0    Cardamomo Grano 24g   Ingredientes: Cardamomo grano.    Flor de Hibisco 8g   Ingredientes: Flor de hibisco. Puede contener trazas de CACAHUETES.    Regaliz 20g   Ingredientes: Regaliz.    P\u00e9talos de Rosa 4g   Ingredientes: P\u00e9talos de rosa.    Canela en Rama 24g   Ingredientes: Canela en rama.    Pimienta Rosa 20g   Ingredientes: Pimienta rosa.    Corteza de Lim\u00f3n 18g   Ingredientes: Corteza de lim\u00f3n.","og_url":"https:\/\/labarraca1912.es\/fr\/tienda\/botanicos-cocteles\/botanical-collection-estuche-premium\/","og_site_name":"La Barraca","article_modified_time":"2025-09-09T06:11:21+00:00","og_image":[{"width":800,"height":800,"url":"https:\/\/labarraca1912.es\/wp-content\/uploads\/2019\/06\/CajaPremium1.jpg","type":"image\/jpeg"}],"twitter_card":"summary_large_image","twitter_misc":{"Dur\u00e9e de lecture estim\u00e9e":"2 minutes"},"schema":{"@context":"https:\/\/schema.org","@graph":[{"@type":"WebPage","@id":"https:\/\/labarraca1912.es\/tienda\/botanicos-cocteles\/botanical-collection-estuche-premium\/","url":"https:\/\/labarraca1912.es\/tienda\/botanicos-cocteles\/botanical-collection-estuche-premium\/","name":"Botanical Collection Estuche Premium - La Barraca","isPartOf":{"@id":"https:\/\/labarraca1912.es\/#website"},"primaryImageOfPage":{"@id":"https:\/\/labarraca1912.es\/tienda\/botanicos-cocteles\/botanical-collection-estuche-premium\/#primaryimage"},"image":{"@id":"https:\/\/labarraca1912.es\/tienda\/botanicos-cocteles\/botanical-collection-estuche-premium\/#primaryimage"},"thumbnailUrl":"https:\/\/labarraca1912.es\/wp-content\/uploads\/2019\/06\/CajaPremium1.jpg","datePublished":"2019-06-27T10:43:16+00:00","dateModified":"2025-09-09T06:11:21+00:00","breadcrumb":{"@id":"https:\/\/labarraca1912.es\/tienda\/botanicos-cocteles\/botanical-collection-estuche-premium\/#breadcrumb"},"inLanguage":"fr-FR","potentialAction":[{"@type":"ReadAction","target":["https:\/\/labarraca1912.es\/tienda\/botanicos-cocteles\/botanical-collection-estuche-premium\/"]}]},{"@type":"ImageObject","inLanguage":"fr-FR","@id":"https:\/\/labarraca1912.es\/tienda\/botanicos-cocteles\/botanical-collection-estuche-premium\/#primaryimage","url":"https:\/\/labarraca1912.es\/wp-content\/uploads\/2019\/06\/CajaPremium1.jpg","contentUrl":"https:\/\/labarraca1912.es\/wp-content\/uploads\/2019\/06\/CajaPremium1.jpg","width":800,"height":800},{"@type":"BreadcrumbList","@id":"https:\/\/labarraca1912.es\/tienda\/botanicos-cocteles\/botanical-collection-estuche-premium\/#breadcrumb","itemListElement":[{"@type":"ListItem","position":1,"name":"La Barraca","item":"https:\/\/labarraca1912.es\/"},{"@type":"ListItem","position":2,"name":"Tienda","item":"https:\/\/labarraca1912.es\/tienda\/"},{"@type":"ListItem","position":3,"name":"Botanical Collection Estuche Premium"}]},{"@type":"WebSite","@id":"https:\/\/labarraca1912.es\/#website","url":"https:\/\/labarraca1912.es\/","name":"La Barraca","description":"La Casa del Sabor","publisher":{"@id":"https:\/\/labarraca1912.es\/#organization"},"potentialAction":[{"@type":"SearchAction","target":{"@type":"EntryPoint","urlTemplate":"https:\/\/labarraca1912.es\/?s={search_term_string}"},"query-input":{"@type":"PropertyValueSpecification","valueRequired":true,"valueName":"search_term_string"}}],"inLanguage":"fr-FR"},{"@type":"Organization","@id":"https:\/\/labarraca1912.es\/#organization","name":"La Barraca 1912 Alimentacion","url":"https:\/\/labarraca1912.es\/","logo":{"@type":"ImageObject","inLanguage":"fr-FR","@id":"https:\/\/labarraca1912.es\/#\/schema\/logo\/image\/","url":"https:\/\/labarraca1912.es\/wp-content\/uploads\/2019\/06\/logo-labarraca.png","contentUrl":"https:\/\/labarraca1912.es\/wp-content\/uploads\/2019\/06\/logo-labarraca.png","width":2917,"height":1809,"caption":"La Barraca 1912 Alimentacion"},"image":{"@id":"https:\/\/labarraca1912.es\/#\/schema\/logo\/image\/"}}]}},"_links":{"self":[{"href":"https:\/\/labarraca1912.es\/fr\/wp-json\/wp\/v2\/product\/95","targetHints":{"allow":["GET"]}}],"collection":[{"href":"https:\/\/labarraca1912.es\/fr\/wp-json\/wp\/v2\/product"}],"about":[{"href":"https:\/\/labarraca1912.es\/fr\/wp-json\/wp\/v2\/types\/product"}],"replies":[{"embeddable":true,"href":"https:\/\/labarraca1912.es\/fr\/wp-json\/wp\/v2\/comments?post=95"}],"wp:featuredmedia":[{"embeddable":true,"href":"https:\/\/labarraca1912.es\/fr\/wp-json\/wp\/v2\/media\/97"}],"wp:attachment":[{"href":"https:\/\/labarraca1912.es\/fr\/wp-json\/wp\/v2\/media?parent=95"}],"wp:term":[{"taxonomy":"product_brand","embeddable":true,"href":"https:\/\/labarraca1912.es\/fr\/wp-json\/wp\/v2\/product_brand?post=95"},{"taxonomy":"product_cat","embeddable":true,"href":"https:\/\/labarraca1912.es\/fr\/wp-json\/wp\/v2\/product_cat?post=95"},{"taxonomy":"product_tag","embeddable":true,"href":"https:\/\/labarraca1912.es\/fr\/wp-json\/wp\/v2\/product_tag?post=95"}],"curies":[{"name":"wp","href":"https:\/\/api.w.org\/{rel}","templated":true}]}}